{"id":58873,"date":"2025-09-20T12:31:45","date_gmt":"2025-09-20T09:31:45","guid":{"rendered":"https:\/\/malinashop.lt\/?post_type=product&#038;p=58873"},"modified":"2026-03-18T12:28:19","modified_gmt":"2026-03-18T09:28:19","slug":"sinoz-vaniles-kvapo-duso-gelis-sweet-vanilla-400-ml","status":"publish","type":"product","link":"https:\/\/www.malinashop.lt\/lt_lt\/shop\/sinoz-vaniles-kvapo-duso-gelis-sweet-vanilla-400-ml\/","title":{"rendered":"SINOZ vanil\u0117s kvapo du\u0161o gelis SWEET VANILLA, 400 ml"},"content":{"rendered":"<p data-start=\"434\" data-end=\"699\"><strong data-start=\"434\" data-end=\"482\">SINOZ vanil\u0117s kvapo du\u0161o gelis SWEET VANILLA<\/strong> \u2013 tai \u0161velniai valantis ir od\u0105 puosel\u0117jantis du\u0161o gelis, kuris palieka malon\u0173, ilgai i\u0161liekant\u012f vanil\u0117s aromat\u0105. \u0160is <strong data-start=\"600\" data-end=\"628\">vanil\u0117s kvapo du\u0161o gelis<\/strong> dr\u0117kina od\u0105, padeda i\u0161laikyti jos \u0161velnum\u0105 ir apsaugo nuo i\u0161saus\u0117jimo.<\/p>\n<p data-start=\"701\" data-end=\"924\">Turtinga ir \u0161velni tekst\u016bra putoja ant odos, suteikdama komforto poj\u016bt\u012f ir palikdama sald\u0173, jauk\u0173 kvap\u0105. <strong data-start=\"806\" data-end=\"823\">SWEET VANILLA<\/strong> kvapas sukuria atpalaiduojan\u010di\u0105 ir maloni\u0105 du\u0161o patirt\u012f, puikiai tinkan\u010di\u0105 tiek rytui, tiek vakarui.<\/p>\n<p data-start=\"926\" data-end=\"954\"><strong data-start=\"926\" data-end=\"954\">Pagrindiniai privalumai:<\/strong><\/p>\n<ul data-start=\"955\" data-end=\"1136\">\n<li data-start=\"955\" data-end=\"976\">\n<p data-start=\"957\" data-end=\"976\">\u0160velniai valo od\u0105<\/p>\n<\/li>\n<li data-start=\"977\" data-end=\"1001\">\n<p data-start=\"979\" data-end=\"1001\">Dr\u0117kina ir mink\u0161tina<\/p>\n<\/li>\n<li data-start=\"1002\" data-end=\"1047\">\n<p data-start=\"1004\" data-end=\"1047\">Ilgai i\u0161liekantis saldus vanil\u0117s aromatas<\/p>\n<\/li>\n<li data-start=\"1048\" data-end=\"1066\">\n<p data-start=\"1050\" data-end=\"1066\">Nesausina odos<\/p>\n<\/li>\n<li data-start=\"1067\" data-end=\"1091\">\n<p data-start=\"1069\" data-end=\"1091\">Tinka vis\u0173 tip\u0173 odai<\/p>\n<\/li>\n<li data-start=\"1092\" data-end=\"1136\">\n<p data-start=\"1094\" data-end=\"1136\">Tobulas pasirinkimas kasdieniam naudojimui<\/p>\n<\/li>\n<\/ul>\n<p data-start=\"1138\" data-end=\"1298\"><strong data-start=\"1138\" data-end=\"1153\">Naudojimas:<\/strong><br data-start=\"1153\" data-end=\"1156\" \/>U\u017etepkite norim\u0105 du\u0161o gelio kiek\u012f ant dr\u0117gnos odos, masa\u017euokite sukamaisiais judesiais, kol suputos, tada nuskalaukite dideliu kiekiu vandens.<\/p>\n<p data-start=\"1300\" data-end=\"1381\"><strong data-start=\"1300\" data-end=\"1323\">SINOZ SWEET VANILLA<\/strong> \u2013 saldi \u0161iluma ir \u0161velni odos prie\u017ei\u016bra viename produkte.<\/p>\n","protected":false},"excerpt":{"rendered":"<p data-start=\"262\" data-end=\"362\">SINOZ vanil\u0117s kvapo du\u0161o gelis \u0161velniai valo, dr\u0117kina od\u0105 ir palieka ilgai i\u0161liekant\u012f sald\u0173 aromat\u0105.<\/p>\n","protected":false},"featured_media":58876,"template":"","meta":[],"product_brand":[1354],"product_cat":[538,731],"product_tag":[1619],"class_list":{"0":"post-58873","1":"product","2":"type-product","3":"status-publish","4":"has-post-thumbnail","6":"product_brand-sinoz","7":"product_cat-kuno-prausikliai-duso-geliai","8":"product_cat-kunui","9":"product_tag-sinoz","11":"first","12":"outofstock","13":"sale","14":"taxable","15":"shipping-taxable","16":"purchasable","17":"product-type-simple"},"yoast_head":"<!-- This site is optimized with the Yoast SEO plugin v27.4 - https:\/\/yoast.com\/product\/yoast-seo-wordpress\/ -->\n<title>SINOZ vanil\u0117s kvapo du\u0161o gelis SWEET VANILLA, 400 ml - MalinaShop.lt J\u016bs\u0173 sveikatai ir gro\u017eiui.<\/title>\n<meta name=\"description\" content=\"SINOZ vanil\u0117s kvapo du\u0161o gelis \u0161velniai valo, dr\u0117kina od\u0105 ir palieka ilgai i\u0161liekant\u012f sald\u0173 aromat\u0105. SINOZ vanil\u0117s kvapo du\u0161o gelis \u0161velniai valo ir dr\u0117kina od\u0105, palikdamas ilgai i\u0161liekant\u012f sald\u0173 aromat\u0105 kasdieniam naudojimui.\" \/>\n<meta name=\"robots\" content=\"index, follow, max-snippet:-1, max-image-preview:large, max-video-preview:-1\" \/>\n<link rel=\"canonical\" href=\"https:\/\/www.malinashop.lt\/lt_lt\/shop\/sinoz-vaniles-kvapo-duso-gelis-sweet-vanilla-400-ml\/\" \/>\n<meta property=\"og:locale\" content=\"lt_LT\" \/>\n<meta property=\"og:type\" content=\"article\" \/>\n<meta property=\"og:title\" content=\"SINOZ vanil\u0117s kvapo du\u0161o gelis SWEET VANILLA, 400 ml - MalinaShop.lt J\u016bs\u0173 sveikatai ir gro\u017eiui.\" \/>\n<meta property=\"og:description\" content=\"SINOZ vanil\u0117s kvapo du\u0161o gelis \u0161velniai valo, dr\u0117kina od\u0105 ir palieka ilgai i\u0161liekant\u012f sald\u0173 aromat\u0105. SINOZ vanil\u0117s kvapo du\u0161o gelis \u0161velniai valo ir dr\u0117kina od\u0105, palikdamas ilgai i\u0161liekant\u012f sald\u0173 aromat\u0105 kasdieniam naudojimui.\" \/>\n<meta property=\"og:url\" content=\"https:\/\/www.malinashop.lt\/lt_lt\/shop\/sinoz-vaniles-kvapo-duso-gelis-sweet-vanilla-400-ml\/\" \/>\n<meta property=\"og:site_name\" content=\"MalinaShop.lt J\u016bs\u0173 sveikatai ir gro\u017eiui.\" \/>\n<meta property=\"article:modified_time\" content=\"2026-03-18T09:28:19+00:00\" \/>\n<meta property=\"og:image\" content=\"https:\/\/www.malinashop.lt\/wp-content\/uploads\/2025\/08\/SINOZ-vaniles-kvapo-duso-gelis-SWEET-VANILLA-400-ml.webp\" \/>\n\t<meta property=\"og:image:width\" content=\"768\" \/>\n\t<meta property=\"og:image:height\" content=\"768\" \/>\n\t<meta property=\"og:image:type\" content=\"image\/webp\" \/>\n<meta name=\"twitter:card\" content=\"summary_large_image\" \/>\n<script type=\"application\/ld+json\" class=\"yoast-schema-graph\">{\"@context\":\"https:\\\/\\\/schema.org\",\"@graph\":[{\"@type\":\"WebPage\",\"@id\":\"https:\\\/\\\/www.malinashop.lt\\\/shop\\\/sinoz-vaniles-kvapo-duso-gelis-sweet-vanilla-400-ml\\\/\",\"url\":\"https:\\\/\\\/www.malinashop.lt\\\/shop\\\/sinoz-vaniles-kvapo-duso-gelis-sweet-vanilla-400-ml\\\/\",\"name\":\"SINOZ vanil\u0117s kvapo du\u0161o gelis SWEET VANILLA, 400 ml - MalinaShop.lt J\u016bs\u0173 sveikatai ir gro\u017eiui.\",\"isPartOf\":{\"@id\":\"https:\\\/\\\/www.malinashop.lt\\\/#website\"},\"primaryImageOfPage\":{\"@id\":\"https:\\\/\\\/www.malinashop.lt\\\/shop\\\/sinoz-vaniles-kvapo-duso-gelis-sweet-vanilla-400-ml\\\/#primaryimage\"},\"image\":{\"@id\":\"https:\\\/\\\/www.malinashop.lt\\\/shop\\\/sinoz-vaniles-kvapo-duso-gelis-sweet-vanilla-400-ml\\\/#primaryimage\"},\"thumbnailUrl\":\"https:\\\/\\\/www.malinashop.lt\\\/wp-content\\\/uploads\\\/2025\\\/08\\\/SINOZ-vaniles-kvapo-duso-gelis-SWEET-VANILLA-400-ml.webp\",\"datePublished\":\"2025-09-20T09:31:45+00:00\",\"dateModified\":\"2026-03-18T09:28:19+00:00\",\"description\":\"SINOZ vanil\u0117s kvapo du\u0161o gelis \u0161velniai valo, dr\u0117kina od\u0105 ir palieka ilgai i\u0161liekant\u012f sald\u0173 aromat\u0105. SINOZ vanil\u0117s kvapo du\u0161o gelis \u0161velniai valo ir dr\u0117kina od\u0105, palikdamas ilgai i\u0161liekant\u012f sald\u0173 aromat\u0105 kasdieniam naudojimui.\",\"breadcrumb\":{\"@id\":\"https:\\\/\\\/www.malinashop.lt\\\/shop\\\/sinoz-vaniles-kvapo-duso-gelis-sweet-vanilla-400-ml\\\/#breadcrumb\"},\"inLanguage\":\"lt-LT\",\"potentialAction\":[{\"@type\":\"ReadAction\",\"target\":[\"https:\\\/\\\/www.malinashop.lt\\\/shop\\\/sinoz-vaniles-kvapo-duso-gelis-sweet-vanilla-400-ml\\\/\"]}]},{\"@type\":\"ImageObject\",\"inLanguage\":\"lt-LT\",\"@id\":\"https:\\\/\\\/www.malinashop.lt\\\/shop\\\/sinoz-vaniles-kvapo-duso-gelis-sweet-vanilla-400-ml\\\/#primaryimage\",\"url\":\"https:\\\/\\\/www.malinashop.lt\\\/wp-content\\\/uploads\\\/2025\\\/08\\\/SINOZ-vaniles-kvapo-duso-gelis-SWEET-VANILLA-400-ml.webp\",\"contentUrl\":\"https:\\\/\\\/www.malinashop.lt\\\/wp-content\\\/uploads\\\/2025\\\/08\\\/SINOZ-vaniles-kvapo-duso-gelis-SWEET-VANILLA-400-ml.webp\",\"width\":768,\"height\":768},{\"@type\":\"BreadcrumbList\",\"@id\":\"https:\\\/\\\/www.malinashop.lt\\\/shop\\\/sinoz-vaniles-kvapo-duso-gelis-sweet-vanilla-400-ml\\\/#breadcrumb\",\"itemListElement\":[{\"@type\":\"ListItem\",\"position\":1,\"name\":\"Pagrindinis\",\"item\":\"https:\\\/\\\/www.malinashop.lt\\\/\"},{\"@type\":\"ListItem\",\"position\":2,\"name\":\"Parduotuv\u0117\",\"item\":\"https:\\\/\\\/www.malinashop.lt\\\/en\\\/parduotuve\\\/\"},{\"@type\":\"ListItem\",\"position\":3,\"name\":\"SINOZ vanil\u0117s kvapo du\u0161o gelis SWEET VANILLA, 400 ml\"}]},{\"@type\":\"WebSite\",\"@id\":\"https:\\\/\\\/www.malinashop.lt\\\/#website\",\"url\":\"https:\\\/\\\/www.malinashop.lt\\\/\",\"name\":\"COM Group Ecommerce\",\"description\":\"MalinaShop.lt - Gro\u017eio ir sveikatos produktai i\u0161 patikim\u0173 preki\u0173 \u017eenkl\u0173. Atraskite auk\u0161tos kokyb\u0117s kosmetik\u0105 u\u017e puiki\u0105 kain\u0105.\",\"publisher\":{\"@id\":\"https:\\\/\\\/www.malinashop.lt\\\/#organization\"},\"potentialAction\":[{\"@type\":\"SearchAction\",\"target\":{\"@type\":\"EntryPoint\",\"urlTemplate\":\"https:\\\/\\\/www.malinashop.lt\\\/?s={search_term_string}\"},\"query-input\":{\"@type\":\"PropertyValueSpecification\",\"valueRequired\":true,\"valueName\":\"search_term_string\"}}],\"inLanguage\":\"lt-LT\"},{\"@type\":\"Organization\",\"@id\":\"https:\\\/\\\/www.malinashop.lt\\\/#organization\",\"name\":\"COM Group Ecommerce\",\"url\":\"https:\\\/\\\/www.malinashop.lt\\\/\",\"logo\":{\"@type\":\"ImageObject\",\"inLanguage\":\"lt-LT\",\"@id\":\"https:\\\/\\\/www.malinashop.lt\\\/#\\\/schema\\\/logo\\\/image\\\/\",\"url\":\"https:\\\/\\\/www.malinashop.lt\\\/wp-content\\\/uploads\\\/2024\\\/08\\\/462559670_3787732518133670_9795632669273463_n-e1731525914575.png\",\"contentUrl\":\"https:\\\/\\\/www.malinashop.lt\\\/wp-content\\\/uploads\\\/2024\\\/08\\\/462559670_3787732518133670_9795632669273463_n-e1731525914575.png\",\"width\":180,\"height\":60,\"caption\":\"COM Group Ecommerce\"},\"image\":{\"@id\":\"https:\\\/\\\/www.malinashop.lt\\\/#\\\/schema\\\/logo\\\/image\\\/\"}}]}<\/script>\n<!-- \/ Yoast SEO plugin. -->","yoast_head_json":{"title":"SINOZ vanil\u0117s kvapo du\u0161o gelis SWEET VANILLA, 400 ml - MalinaShop.lt J\u016bs\u0173 sveikatai ir gro\u017eiui.","description":"SINOZ vanil\u0117s kvapo du\u0161o gelis \u0161velniai valo, dr\u0117kina od\u0105 ir palieka ilgai i\u0161liekant\u012f sald\u0173 aromat\u0105. SINOZ vanil\u0117s kvapo du\u0161o gelis \u0161velniai valo ir dr\u0117kina od\u0105, palikdamas ilgai i\u0161liekant\u012f sald\u0173 aromat\u0105 kasdieniam naudojimui.","robots":{"index":"index","follow":"follow","max-snippet":"max-snippet:-1","max-image-preview":"max-image-preview:large","max-video-preview":"max-video-preview:-1"},"canonical":"https:\/\/www.malinashop.lt\/lt_lt\/shop\/sinoz-vaniles-kvapo-duso-gelis-sweet-vanilla-400-ml\/","og_locale":"lt_LT","og_type":"article","og_title":"SINOZ vanil\u0117s kvapo du\u0161o gelis SWEET VANILLA, 400 ml - MalinaShop.lt J\u016bs\u0173 sveikatai ir gro\u017eiui.","og_description":"SINOZ vanil\u0117s kvapo du\u0161o gelis \u0161velniai valo, dr\u0117kina od\u0105 ir palieka ilgai i\u0161liekant\u012f sald\u0173 aromat\u0105. SINOZ vanil\u0117s kvapo du\u0161o gelis \u0161velniai valo ir dr\u0117kina od\u0105, palikdamas ilgai i\u0161liekant\u012f sald\u0173 aromat\u0105 kasdieniam naudojimui.","og_url":"https:\/\/www.malinashop.lt\/lt_lt\/shop\/sinoz-vaniles-kvapo-duso-gelis-sweet-vanilla-400-ml\/","og_site_name":"MalinaShop.lt J\u016bs\u0173 sveikatai ir gro\u017eiui.","article_modified_time":"2026-03-18T09:28:19+00:00","og_image":[{"width":768,"height":768,"url":"https:\/\/www.malinashop.lt\/wp-content\/uploads\/2025\/08\/SINOZ-vaniles-kvapo-duso-gelis-SWEET-VANILLA-400-ml.webp","type":"image\/webp"}],"twitter_card":"summary_large_image","schema":{"@context":"https:\/\/schema.org","@graph":[{"@type":"WebPage","@id":"https:\/\/www.malinashop.lt\/shop\/sinoz-vaniles-kvapo-duso-gelis-sweet-vanilla-400-ml\/","url":"https:\/\/www.malinashop.lt\/shop\/sinoz-vaniles-kvapo-duso-gelis-sweet-vanilla-400-ml\/","name":"SINOZ vanil\u0117s kvapo du\u0161o gelis SWEET VANILLA, 400 ml - MalinaShop.lt J\u016bs\u0173 sveikatai ir gro\u017eiui.","isPartOf":{"@id":"https:\/\/www.malinashop.lt\/#website"},"primaryImageOfPage":{"@id":"https:\/\/www.malinashop.lt\/shop\/sinoz-vaniles-kvapo-duso-gelis-sweet-vanilla-400-ml\/#primaryimage"},"image":{"@id":"https:\/\/www.malinashop.lt\/shop\/sinoz-vaniles-kvapo-duso-gelis-sweet-vanilla-400-ml\/#primaryimage"},"thumbnailUrl":"https:\/\/www.malinashop.lt\/wp-content\/uploads\/2025\/08\/SINOZ-vaniles-kvapo-duso-gelis-SWEET-VANILLA-400-ml.webp","datePublished":"2025-09-20T09:31:45+00:00","dateModified":"2026-03-18T09:28:19+00:00","description":"SINOZ vanil\u0117s kvapo du\u0161o gelis \u0161velniai valo, dr\u0117kina od\u0105 ir palieka ilgai i\u0161liekant\u012f sald\u0173 aromat\u0105. SINOZ vanil\u0117s kvapo du\u0161o gelis \u0161velniai valo ir dr\u0117kina od\u0105, palikdamas ilgai i\u0161liekant\u012f sald\u0173 aromat\u0105 kasdieniam naudojimui.","breadcrumb":{"@id":"https:\/\/www.malinashop.lt\/shop\/sinoz-vaniles-kvapo-duso-gelis-sweet-vanilla-400-ml\/#breadcrumb"},"inLanguage":"lt-LT","potentialAction":[{"@type":"ReadAction","target":["https:\/\/www.malinashop.lt\/shop\/sinoz-vaniles-kvapo-duso-gelis-sweet-vanilla-400-ml\/"]}]},{"@type":"ImageObject","inLanguage":"lt-LT","@id":"https:\/\/www.malinashop.lt\/shop\/sinoz-vaniles-kvapo-duso-gelis-sweet-vanilla-400-ml\/#primaryimage","url":"https:\/\/www.malinashop.lt\/wp-content\/uploads\/2025\/08\/SINOZ-vaniles-kvapo-duso-gelis-SWEET-VANILLA-400-ml.webp","contentUrl":"https:\/\/www.malinashop.lt\/wp-content\/uploads\/2025\/08\/SINOZ-vaniles-kvapo-duso-gelis-SWEET-VANILLA-400-ml.webp","width":768,"height":768},{"@type":"BreadcrumbList","@id":"https:\/\/www.malinashop.lt\/shop\/sinoz-vaniles-kvapo-duso-gelis-sweet-vanilla-400-ml\/#breadcrumb","itemListElement":[{"@type":"ListItem","position":1,"name":"Pagrindinis","item":"https:\/\/www.malinashop.lt\/"},{"@type":"ListItem","position":2,"name":"Parduotuv\u0117","item":"https:\/\/www.malinashop.lt\/en\/parduotuve\/"},{"@type":"ListItem","position":3,"name":"SINOZ vanil\u0117s kvapo du\u0161o gelis SWEET VANILLA, 400 ml"}]},{"@type":"WebSite","@id":"https:\/\/www.malinashop.lt\/#website","url":"https:\/\/www.malinashop.lt\/","name":"COM Group Ecommerce","description":"MalinaShop.lt - Gro\u017eio ir sveikatos produktai i\u0161 patikim\u0173 preki\u0173 \u017eenkl\u0173. Atraskite auk\u0161tos kokyb\u0117s kosmetik\u0105 u\u017e puiki\u0105 kain\u0105.","publisher":{"@id":"https:\/\/www.malinashop.lt\/#organization"},"potentialAction":[{"@type":"SearchAction","target":{"@type":"EntryPoint","urlTemplate":"https:\/\/www.malinashop.lt\/?s={search_term_string}"},"query-input":{"@type":"PropertyValueSpecification","valueRequired":true,"valueName":"search_term_string"}}],"inLanguage":"lt-LT"},{"@type":"Organization","@id":"https:\/\/www.malinashop.lt\/#organization","name":"COM Group Ecommerce","url":"https:\/\/www.malinashop.lt\/","logo":{"@type":"ImageObject","inLanguage":"lt-LT","@id":"https:\/\/www.malinashop.lt\/#\/schema\/logo\/image\/","url":"https:\/\/www.malinashop.lt\/wp-content\/uploads\/2024\/08\/462559670_3787732518133670_9795632669273463_n-e1731525914575.png","contentUrl":"https:\/\/www.malinashop.lt\/wp-content\/uploads\/2024\/08\/462559670_3787732518133670_9795632669273463_n-e1731525914575.png","width":180,"height":60,"caption":"COM Group Ecommerce"},"image":{"@id":"https:\/\/www.malinashop.lt\/#\/schema\/logo\/image\/"}}]}},"jetpack_sharing_enabled":true,"_links":{"self":[{"href":"https:\/\/www.malinashop.lt\/lt_lt\/wp-json\/wp\/v2\/product\/58873","targetHints":{"allow":["GET"]}}],"collection":[{"href":"https:\/\/www.malinashop.lt\/lt_lt\/wp-json\/wp\/v2\/product"}],"about":[{"href":"https:\/\/www.malinashop.lt\/lt_lt\/wp-json\/wp\/v2\/types\/product"}],"version-history":[{"count":3,"href":"https:\/\/www.malinashop.lt\/lt_lt\/wp-json\/wp\/v2\/product\/58873\/revisions"}],"predecessor-version":[{"id":58878,"href":"https:\/\/www.malinashop.lt\/lt_lt\/wp-json\/wp\/v2\/product\/58873\/revisions\/58878"}],"wp:featuredmedia":[{"embeddable":true,"href":"https:\/\/www.malinashop.lt\/lt_lt\/wp-json\/wp\/v2\/media\/58876"}],"wp:attachment":[{"href":"https:\/\/www.malinashop.lt\/lt_lt\/wp-json\/wp\/v2\/media?parent=58873"}],"wp:term":[{"taxonomy":"product_brand","embeddable":true,"href":"https:\/\/www.malinashop.lt\/lt_lt\/wp-json\/wp\/v2\/product_brand?post=58873"},{"taxonomy":"product_cat","embeddable":true,"href":"https:\/\/www.malinashop.lt\/lt_lt\/wp-json\/wp\/v2\/product_cat?post=58873"},{"taxonomy":"product_tag","embeddable":true,"href":"https:\/\/www.malinashop.lt\/lt_lt\/wp-json\/wp\/v2\/product_tag?post=58873"}],"curies":[{"name":"wp","href":"https:\/\/api.w.org\/{rel}","templated":true}]}}