{"id":58864,"date":"2025-10-20T11:47:59","date_gmt":"2025-10-20T08:47:59","guid":{"rendered":"https:\/\/malinashop.lt\/?post_type=product&#038;p=58864"},"modified":"2026-03-18T12:28:09","modified_gmt":"2026-03-18T09:28:09","slug":"sinoz-drekinamasis-veido-kremas-hydro-intense-moisturizing-face-cream-50-ml","status":"publish","type":"product","link":"https:\/\/www.malinashop.lt\/lt_lt\/shop\/sinoz-drekinamasis-veido-kremas-hydro-intense-moisturizing-face-cream-50-ml\/","title":{"rendered":"SINOZ dr\u0117kinamasis veido kremas HYDRO INTENSE MOISTURIZING FACE CREAM, 50 ml"},"content":{"rendered":"<p data-start=\"560\" data-end=\"910\"><strong data-start=\"560\" data-end=\"633\">SINOZ dr\u0117kinamasis veido kremas HYDRO INTENSE MOISTURIZING FACE CREAM<\/strong> \u2013 tai intensyviai veikiantis kremas, kuris suteikia ilgalaik\u012f dr\u0117kinim\u0105 ir padeda odai i\u0161likti \u0161velniai, elastingai ir \u0161vytin\u010diai. \u0160is <strong data-start=\"769\" data-end=\"798\">dr\u0117kinamasis veido kremas<\/strong> praturtintas galingais ingredientais: <strong data-start=\"837\" data-end=\"909\">hialurono r\u016bg\u0161timi, niacinamidu, pantenoliu, ceramidais ir peptidais<\/strong>.<\/p>\n<p data-start=\"912\" data-end=\"1321\"><strong data-start=\"912\" data-end=\"933\">Hialurono r\u016bg\u0161tis<\/strong> i\u0161laiko dr\u0117gm\u0119 giliausiuose odos sluoksniuose ir suteikia putlumo efekt\u0105.<br data-start=\"1007\" data-end=\"1010\" \/><strong data-start=\"1010\" data-end=\"1041\">Niacinamidas (vitaminas B3)<\/strong> sulygina odos ton\u0105, ma\u017eina poras ir gerina tekst\u016br\u0105.<br data-start=\"1094\" data-end=\"1097\" \/><strong data-start=\"1097\" data-end=\"1129\">Pantenolis (Provitaminas B5)<\/strong> ramina, atkuria ir ma\u017eina sudirgim\u0105.<br data-start=\"1166\" data-end=\"1169\" \/><strong data-start=\"1169\" data-end=\"1182\">Ceramidai<\/strong> stiprina odos apsaugin\u012f barjer\u0105 ir saugo nuo dr\u0117gm\u0117s praradimo.<br data-start=\"1246\" data-end=\"1249\" \/><strong data-start=\"1249\" data-end=\"1261\">Peptidai<\/strong> skatina odos atsinaujinim\u0105 ir palaiko jaunatvi\u0161k\u0105 i\u0161vaizd\u0105.<\/p>\n<p data-start=\"1323\" data-end=\"1583\">\u0160is <strong data-start=\"1327\" data-end=\"1356\">dr\u0117kinamasis veido kremas<\/strong> suteikia <strong data-start=\"1366\" data-end=\"1404\">iki 72 valand\u0173 intensyv\u0173 dr\u0117kinim\u0105<\/strong>, tod\u0117l oda atrodo gyvybinga ir sveika vis\u0105 dien\u0105. Lengva tekst\u016bra greitai \u012fsigeria, nepalieka riebumo ir puikiai tinka vis\u0173 tip\u0173 odai \u2013 ypa\u010d sausai, dehidratuotai ir pavargusiai.<\/p>\n<p data-start=\"1585\" data-end=\"1613\"><strong data-start=\"1585\" data-end=\"1613\">Pagrindiniai privalumai:<\/strong><\/p>\n<ul data-start=\"1614\" data-end=\"1934\">\n<li data-start=\"1614\" data-end=\"1642\">\n<p data-start=\"1616\" data-end=\"1642\">Iki <strong data-start=\"1620\" data-end=\"1642\">72 val. dr\u0117kinimas<\/strong><\/p>\n<\/li>\n<li data-start=\"1643\" data-end=\"1677\">\n<p data-start=\"1645\" data-end=\"1677\">Atkuria ir stiprina odos barjer\u0105<\/p>\n<\/li>\n<li data-start=\"1678\" data-end=\"1751\">\n<p data-start=\"1680\" data-end=\"1751\">Su hialurono r\u016bg\u0161timi, niacinamidu, pantenoliu, ceramidais ir peptidais<\/p>\n<\/li>\n<li data-start=\"1752\" data-end=\"1792\">\n<p data-start=\"1754\" data-end=\"1792\">Suteikia odai \u0161vyt\u0117jimo ir elastingumo<\/p>\n<\/li>\n<li data-start=\"1793\" data-end=\"1833\">\n<p data-start=\"1795\" data-end=\"1833\">Ma\u017eina sausum\u0105, tempim\u0105 ir papilk\u0117jim\u0105<\/p>\n<\/li>\n<li data-start=\"1834\" data-end=\"1866\">\n<p data-start=\"1836\" data-end=\"1866\">Pagerina odos tekst\u016br\u0105 ir ton\u0105<\/p>\n<\/li>\n<li data-start=\"1867\" data-end=\"1904\">\n<p data-start=\"1869\" data-end=\"1904\">Lengva, greitai \u012fsigerianti formul\u0117<\/p>\n<\/li>\n<li data-start=\"1905\" data-end=\"1934\">\n<p data-start=\"1907\" data-end=\"1934\">Tinka kasdieniam naudojimui<\/p>\n<\/li>\n<\/ul>\n<p data-start=\"1936\" data-end=\"2048\">\u0160is <strong data-start=\"1940\" data-end=\"1969\">dr\u0117kinamasis veido kremas<\/strong> \u2013 idealus sprendimas norint intensyviai dr\u0117kintos, sveikos ir \u0161vytin\u010dios odos.<\/p>\n<p data-start=\"2050\" data-end=\"2173\"><strong data-start=\"2050\" data-end=\"2065\">Naudojimas:<\/strong><br data-start=\"2065\" data-end=\"2068\" \/>\u0160velniai \u012fmasa\u017euokite krem\u0105 sukamaisiais judesiais ant \u0161varios veido odos. Galima naudoti ryte ir vakare.<\/p>\n<p data-start=\"2175\" data-end=\"2297\"><strong data-start=\"2175\" data-end=\"2222\">SINOZ HYDRO INTENSE MOISTURIZING FACE CREAM<\/strong> \u2013 giliai dr\u0117kinanti prie\u017ei\u016bra, kuri suteikia odai gyvybingumo ir komforto.<\/p>\n","protected":false},"excerpt":{"rendered":"<p>SINOZ dr\u0117kinamasis veido kremas su hialuronu ir niacinamidu dr\u0117kina 72 val., stiprina odos barjer\u0105 ir suteikia \u0161vyt\u0117jimo.<\/p>\n","protected":false},"featured_media":58865,"template":"","meta":[],"product_brand":[1354],"product_cat":[187,728],"product_tag":[1619],"class_list":{"0":"post-58864","1":"product","2":"type-product","3":"status-publish","4":"has-post-thumbnail","6":"product_brand-sinoz","7":"product_cat-veido-kremai","8":"product_cat-veidui","9":"product_tag-sinoz","11":"first","12":"outofstock","13":"sale","14":"taxable","15":"shipping-taxable","16":"purchasable","17":"product-type-simple"},"yoast_head":"<!-- This site is optimized with the Yoast SEO plugin v27.4 - https:\/\/yoast.com\/product\/yoast-seo-wordpress\/ -->\n<title>SINOZ dr\u0117kinamasis veido kremas HYDRO INTENSE MOISTURIZING FACE CREAM, 50 ml - MalinaShop.lt J\u016bs\u0173 sveikatai ir gro\u017eiui.<\/title>\n<meta name=\"description\" content=\"SINOZ dr\u0117kinamasis veido kremas su hialuronu ir niacinamidu dr\u0117kina 72 val., stiprina odos barjer\u0105 ir suteikia \u0161vyt\u0117jimo. SINOZ spalv\u0105 koreguojantis atstatomasis veido kremas su CICA ma\u017eina paraudimus, sulygina odos ton\u0105, stiprina barjer\u0105 ir suteikia \u0161vyt\u0117jimo.\" \/>\n<meta name=\"robots\" content=\"index, follow, max-snippet:-1, max-image-preview:large, max-video-preview:-1\" \/>\n<link rel=\"canonical\" href=\"https:\/\/www.malinashop.lt\/lt_lt\/shop\/sinoz-drekinamasis-veido-kremas-hydro-intense-moisturizing-face-cream-50-ml\/\" \/>\n<meta property=\"og:locale\" content=\"lt_LT\" \/>\n<meta property=\"og:type\" content=\"article\" \/>\n<meta property=\"og:title\" content=\"SINOZ dr\u0117kinamasis veido kremas HYDRO INTENSE MOISTURIZING FACE CREAM, 50 ml - MalinaShop.lt J\u016bs\u0173 sveikatai ir gro\u017eiui.\" \/>\n<meta property=\"og:description\" content=\"SINOZ dr\u0117kinamasis veido kremas su hialuronu ir niacinamidu dr\u0117kina 72 val., stiprina odos barjer\u0105 ir suteikia \u0161vyt\u0117jimo. SINOZ spalv\u0105 koreguojantis atstatomasis veido kremas su CICA ma\u017eina paraudimus, sulygina odos ton\u0105, stiprina barjer\u0105 ir suteikia \u0161vyt\u0117jimo.\" \/>\n<meta property=\"og:url\" content=\"https:\/\/www.malinashop.lt\/lt_lt\/shop\/sinoz-drekinamasis-veido-kremas-hydro-intense-moisturizing-face-cream-50-ml\/\" \/>\n<meta property=\"og:site_name\" content=\"MalinaShop.lt J\u016bs\u0173 sveikatai ir gro\u017eiui.\" \/>\n<meta property=\"article:modified_time\" content=\"2026-03-18T09:28:09+00:00\" \/>\n<meta property=\"og:image\" content=\"https:\/\/www.malinashop.lt\/wp-content\/uploads\/2025\/10\/SINOZ-drekinamasis-veido-kremas-HYDRO-INTENSE-MOISTURIZING-FACE-CREAM-50-ml.webp\" \/>\n\t<meta property=\"og:image:width\" content=\"768\" \/>\n\t<meta property=\"og:image:height\" content=\"768\" \/>\n\t<meta property=\"og:image:type\" content=\"image\/webp\" \/>\n<meta name=\"twitter:card\" content=\"summary_large_image\" \/>\n<script type=\"application\/ld+json\" class=\"yoast-schema-graph\">{\"@context\":\"https:\\\/\\\/schema.org\",\"@graph\":[{\"@type\":\"WebPage\",\"@id\":\"https:\\\/\\\/www.malinashop.lt\\\/lt_lt\\\/shop\\\/sinoz-drekinamasis-veido-kremas-hydro-intense-moisturizing-face-cream-50-ml\\\/\",\"url\":\"https:\\\/\\\/www.malinashop.lt\\\/lt_lt\\\/shop\\\/sinoz-drekinamasis-veido-kremas-hydro-intense-moisturizing-face-cream-50-ml\\\/\",\"name\":\"SINOZ dr\u0117kinamasis veido kremas HYDRO INTENSE MOISTURIZING FACE CREAM, 50 ml - MalinaShop.lt J\u016bs\u0173 sveikatai ir gro\u017eiui.\",\"isPartOf\":{\"@id\":\"https:\\\/\\\/www.malinashop.lt\\\/en\\\/#website\"},\"primaryImageOfPage\":{\"@id\":\"https:\\\/\\\/www.malinashop.lt\\\/lt_lt\\\/shop\\\/sinoz-drekinamasis-veido-kremas-hydro-intense-moisturizing-face-cream-50-ml\\\/#primaryimage\"},\"image\":{\"@id\":\"https:\\\/\\\/www.malinashop.lt\\\/lt_lt\\\/shop\\\/sinoz-drekinamasis-veido-kremas-hydro-intense-moisturizing-face-cream-50-ml\\\/#primaryimage\"},\"thumbnailUrl\":\"https:\\\/\\\/www.malinashop.lt\\\/wp-content\\\/uploads\\\/2025\\\/10\\\/SINOZ-drekinamasis-veido-kremas-HYDRO-INTENSE-MOISTURIZING-FACE-CREAM-50-ml.webp\",\"datePublished\":\"2025-10-20T08:47:59+00:00\",\"dateModified\":\"2026-03-18T09:28:09+00:00\",\"description\":\"SINOZ dr\u0117kinamasis veido kremas su hialuronu ir niacinamidu dr\u0117kina 72 val., stiprina odos barjer\u0105 ir suteikia \u0161vyt\u0117jimo. SINOZ spalv\u0105 koreguojantis atstatomasis veido kremas su CICA ma\u017eina paraudimus, sulygina odos ton\u0105, stiprina barjer\u0105 ir suteikia \u0161vyt\u0117jimo.\",\"breadcrumb\":{\"@id\":\"https:\\\/\\\/www.malinashop.lt\\\/lt_lt\\\/shop\\\/sinoz-drekinamasis-veido-kremas-hydro-intense-moisturizing-face-cream-50-ml\\\/#breadcrumb\"},\"inLanguage\":\"lt-LT\",\"potentialAction\":[{\"@type\":\"ReadAction\",\"target\":[\"https:\\\/\\\/www.malinashop.lt\\\/lt_lt\\\/shop\\\/sinoz-drekinamasis-veido-kremas-hydro-intense-moisturizing-face-cream-50-ml\\\/\"]}]},{\"@type\":\"ImageObject\",\"inLanguage\":\"lt-LT\",\"@id\":\"https:\\\/\\\/www.malinashop.lt\\\/lt_lt\\\/shop\\\/sinoz-drekinamasis-veido-kremas-hydro-intense-moisturizing-face-cream-50-ml\\\/#primaryimage\",\"url\":\"https:\\\/\\\/www.malinashop.lt\\\/wp-content\\\/uploads\\\/2025\\\/10\\\/SINOZ-drekinamasis-veido-kremas-HYDRO-INTENSE-MOISTURIZING-FACE-CREAM-50-ml.webp\",\"contentUrl\":\"https:\\\/\\\/www.malinashop.lt\\\/wp-content\\\/uploads\\\/2025\\\/10\\\/SINOZ-drekinamasis-veido-kremas-HYDRO-INTENSE-MOISTURIZING-FACE-CREAM-50-ml.webp\",\"width\":768,\"height\":768},{\"@type\":\"BreadcrumbList\",\"@id\":\"https:\\\/\\\/www.malinashop.lt\\\/lt_lt\\\/shop\\\/sinoz-drekinamasis-veido-kremas-hydro-intense-moisturizing-face-cream-50-ml\\\/#breadcrumb\",\"itemListElement\":[{\"@type\":\"ListItem\",\"position\":1,\"name\":\"Home\",\"item\":\"https:\\\/\\\/www.malinashop.lt\\\/en\\\/\"},{\"@type\":\"ListItem\",\"position\":2,\"name\":\"Parduotuv\u0117\",\"item\":\"https:\\\/\\\/www.malinashop.lt\\\/en\\\/parduotuve\\\/\"},{\"@type\":\"ListItem\",\"position\":3,\"name\":\"SINOZ dr\u0117kinamasis veido kremas HYDRO INTENSE MOISTURIZING FACE CREAM, 50 ml\"}]},{\"@type\":\"WebSite\",\"@id\":\"https:\\\/\\\/www.malinashop.lt\\\/en\\\/#website\",\"url\":\"https:\\\/\\\/www.malinashop.lt\\\/en\\\/\",\"name\":\"COM Group Ecommerce\",\"description\":\"MalinaShop.lt - Gro\u017eio ir sveikatos produktai i\u0161 patikim\u0173 preki\u0173 \u017eenkl\u0173. Atraskite auk\u0161tos kokyb\u0117s kosmetik\u0105 u\u017e puiki\u0105 kain\u0105.\",\"publisher\":{\"@id\":\"https:\\\/\\\/www.malinashop.lt\\\/en\\\/#organization\"},\"potentialAction\":[{\"@type\":\"SearchAction\",\"target\":{\"@type\":\"EntryPoint\",\"urlTemplate\":\"https:\\\/\\\/www.malinashop.lt\\\/en\\\/?s={search_term_string}\"},\"query-input\":{\"@type\":\"PropertyValueSpecification\",\"valueRequired\":true,\"valueName\":\"search_term_string\"}}],\"inLanguage\":\"lt-LT\"},{\"@type\":\"Organization\",\"@id\":\"https:\\\/\\\/www.malinashop.lt\\\/en\\\/#organization\",\"name\":\"COM Group Ecommerce\",\"url\":\"https:\\\/\\\/www.malinashop.lt\\\/en\\\/\",\"logo\":{\"@type\":\"ImageObject\",\"inLanguage\":\"lt-LT\",\"@id\":\"https:\\\/\\\/www.malinashop.lt\\\/en\\\/#\\\/schema\\\/logo\\\/image\\\/\",\"url\":\"https:\\\/\\\/www.malinashop.lt\\\/wp-content\\\/uploads\\\/2024\\\/08\\\/462559670_3787732518133670_9795632669273463_n-e1731525914575.png\",\"contentUrl\":\"https:\\\/\\\/www.malinashop.lt\\\/wp-content\\\/uploads\\\/2024\\\/08\\\/462559670_3787732518133670_9795632669273463_n-e1731525914575.png\",\"width\":180,\"height\":60,\"caption\":\"COM Group Ecommerce\"},\"image\":{\"@id\":\"https:\\\/\\\/www.malinashop.lt\\\/en\\\/#\\\/schema\\\/logo\\\/image\\\/\"}}]}<\/script>\n<!-- \/ Yoast SEO plugin. -->","yoast_head_json":{"title":"SINOZ dr\u0117kinamasis veido kremas HYDRO INTENSE MOISTURIZING FACE CREAM, 50 ml - MalinaShop.lt J\u016bs\u0173 sveikatai ir gro\u017eiui.","description":"SINOZ dr\u0117kinamasis veido kremas su hialuronu ir niacinamidu dr\u0117kina 72 val., stiprina odos barjer\u0105 ir suteikia \u0161vyt\u0117jimo. SINOZ spalv\u0105 koreguojantis atstatomasis veido kremas su CICA ma\u017eina paraudimus, sulygina odos ton\u0105, stiprina barjer\u0105 ir suteikia \u0161vyt\u0117jimo.","robots":{"index":"index","follow":"follow","max-snippet":"max-snippet:-1","max-image-preview":"max-image-preview:large","max-video-preview":"max-video-preview:-1"},"canonical":"https:\/\/www.malinashop.lt\/lt_lt\/shop\/sinoz-drekinamasis-veido-kremas-hydro-intense-moisturizing-face-cream-50-ml\/","og_locale":"lt_LT","og_type":"article","og_title":"SINOZ dr\u0117kinamasis veido kremas HYDRO INTENSE MOISTURIZING FACE CREAM, 50 ml - MalinaShop.lt J\u016bs\u0173 sveikatai ir gro\u017eiui.","og_description":"SINOZ dr\u0117kinamasis veido kremas su hialuronu ir niacinamidu dr\u0117kina 72 val., stiprina odos barjer\u0105 ir suteikia \u0161vyt\u0117jimo. SINOZ spalv\u0105 koreguojantis atstatomasis veido kremas su CICA ma\u017eina paraudimus, sulygina odos ton\u0105, stiprina barjer\u0105 ir suteikia \u0161vyt\u0117jimo.","og_url":"https:\/\/www.malinashop.lt\/lt_lt\/shop\/sinoz-drekinamasis-veido-kremas-hydro-intense-moisturizing-face-cream-50-ml\/","og_site_name":"MalinaShop.lt J\u016bs\u0173 sveikatai ir gro\u017eiui.","article_modified_time":"2026-03-18T09:28:09+00:00","og_image":[{"width":768,"height":768,"url":"https:\/\/www.malinashop.lt\/wp-content\/uploads\/2025\/10\/SINOZ-drekinamasis-veido-kremas-HYDRO-INTENSE-MOISTURIZING-FACE-CREAM-50-ml.webp","type":"image\/webp"}],"twitter_card":"summary_large_image","schema":{"@context":"https:\/\/schema.org","@graph":[{"@type":"WebPage","@id":"https:\/\/www.malinashop.lt\/lt_lt\/shop\/sinoz-drekinamasis-veido-kremas-hydro-intense-moisturizing-face-cream-50-ml\/","url":"https:\/\/www.malinashop.lt\/lt_lt\/shop\/sinoz-drekinamasis-veido-kremas-hydro-intense-moisturizing-face-cream-50-ml\/","name":"SINOZ dr\u0117kinamasis veido kremas HYDRO INTENSE MOISTURIZING FACE CREAM, 50 ml - MalinaShop.lt J\u016bs\u0173 sveikatai ir gro\u017eiui.","isPartOf":{"@id":"https:\/\/www.malinashop.lt\/en\/#website"},"primaryImageOfPage":{"@id":"https:\/\/www.malinashop.lt\/lt_lt\/shop\/sinoz-drekinamasis-veido-kremas-hydro-intense-moisturizing-face-cream-50-ml\/#primaryimage"},"image":{"@id":"https:\/\/www.malinashop.lt\/lt_lt\/shop\/sinoz-drekinamasis-veido-kremas-hydro-intense-moisturizing-face-cream-50-ml\/#primaryimage"},"thumbnailUrl":"https:\/\/www.malinashop.lt\/wp-content\/uploads\/2025\/10\/SINOZ-drekinamasis-veido-kremas-HYDRO-INTENSE-MOISTURIZING-FACE-CREAM-50-ml.webp","datePublished":"2025-10-20T08:47:59+00:00","dateModified":"2026-03-18T09:28:09+00:00","description":"SINOZ dr\u0117kinamasis veido kremas su hialuronu ir niacinamidu dr\u0117kina 72 val., stiprina odos barjer\u0105 ir suteikia \u0161vyt\u0117jimo. SINOZ spalv\u0105 koreguojantis atstatomasis veido kremas su CICA ma\u017eina paraudimus, sulygina odos ton\u0105, stiprina barjer\u0105 ir suteikia \u0161vyt\u0117jimo.","breadcrumb":{"@id":"https:\/\/www.malinashop.lt\/lt_lt\/shop\/sinoz-drekinamasis-veido-kremas-hydro-intense-moisturizing-face-cream-50-ml\/#breadcrumb"},"inLanguage":"lt-LT","potentialAction":[{"@type":"ReadAction","target":["https:\/\/www.malinashop.lt\/lt_lt\/shop\/sinoz-drekinamasis-veido-kremas-hydro-intense-moisturizing-face-cream-50-ml\/"]}]},{"@type":"ImageObject","inLanguage":"lt-LT","@id":"https:\/\/www.malinashop.lt\/lt_lt\/shop\/sinoz-drekinamasis-veido-kremas-hydro-intense-moisturizing-face-cream-50-ml\/#primaryimage","url":"https:\/\/www.malinashop.lt\/wp-content\/uploads\/2025\/10\/SINOZ-drekinamasis-veido-kremas-HYDRO-INTENSE-MOISTURIZING-FACE-CREAM-50-ml.webp","contentUrl":"https:\/\/www.malinashop.lt\/wp-content\/uploads\/2025\/10\/SINOZ-drekinamasis-veido-kremas-HYDRO-INTENSE-MOISTURIZING-FACE-CREAM-50-ml.webp","width":768,"height":768},{"@type":"BreadcrumbList","@id":"https:\/\/www.malinashop.lt\/lt_lt\/shop\/sinoz-drekinamasis-veido-kremas-hydro-intense-moisturizing-face-cream-50-ml\/#breadcrumb","itemListElement":[{"@type":"ListItem","position":1,"name":"Home","item":"https:\/\/www.malinashop.lt\/en\/"},{"@type":"ListItem","position":2,"name":"Parduotuv\u0117","item":"https:\/\/www.malinashop.lt\/en\/parduotuve\/"},{"@type":"ListItem","position":3,"name":"SINOZ dr\u0117kinamasis veido kremas HYDRO INTENSE MOISTURIZING FACE CREAM, 50 ml"}]},{"@type":"WebSite","@id":"https:\/\/www.malinashop.lt\/en\/#website","url":"https:\/\/www.malinashop.lt\/en\/","name":"COM Group Ecommerce","description":"MalinaShop.lt - Gro\u017eio ir sveikatos produktai i\u0161 patikim\u0173 preki\u0173 \u017eenkl\u0173. Atraskite auk\u0161tos kokyb\u0117s kosmetik\u0105 u\u017e puiki\u0105 kain\u0105.","publisher":{"@id":"https:\/\/www.malinashop.lt\/en\/#organization"},"potentialAction":[{"@type":"SearchAction","target":{"@type":"EntryPoint","urlTemplate":"https:\/\/www.malinashop.lt\/en\/?s={search_term_string}"},"query-input":{"@type":"PropertyValueSpecification","valueRequired":true,"valueName":"search_term_string"}}],"inLanguage":"lt-LT"},{"@type":"Organization","@id":"https:\/\/www.malinashop.lt\/en\/#organization","name":"COM Group Ecommerce","url":"https:\/\/www.malinashop.lt\/en\/","logo":{"@type":"ImageObject","inLanguage":"lt-LT","@id":"https:\/\/www.malinashop.lt\/en\/#\/schema\/logo\/image\/","url":"https:\/\/www.malinashop.lt\/wp-content\/uploads\/2024\/08\/462559670_3787732518133670_9795632669273463_n-e1731525914575.png","contentUrl":"https:\/\/www.malinashop.lt\/wp-content\/uploads\/2024\/08\/462559670_3787732518133670_9795632669273463_n-e1731525914575.png","width":180,"height":60,"caption":"COM Group Ecommerce"},"image":{"@id":"https:\/\/www.malinashop.lt\/en\/#\/schema\/logo\/image\/"}}]}},"jetpack_sharing_enabled":true,"_links":{"self":[{"href":"https:\/\/www.malinashop.lt\/lt_lt\/wp-json\/wp\/v2\/product\/58864","targetHints":{"allow":["GET"]}}],"collection":[{"href":"https:\/\/www.malinashop.lt\/lt_lt\/wp-json\/wp\/v2\/product"}],"about":[{"href":"https:\/\/www.malinashop.lt\/lt_lt\/wp-json\/wp\/v2\/types\/product"}],"version-history":[{"count":1,"href":"https:\/\/www.malinashop.lt\/lt_lt\/wp-json\/wp\/v2\/product\/58864\/revisions"}],"predecessor-version":[{"id":58866,"href":"https:\/\/www.malinashop.lt\/lt_lt\/wp-json\/wp\/v2\/product\/58864\/revisions\/58866"}],"wp:featuredmedia":[{"embeddable":true,"href":"https:\/\/www.malinashop.lt\/lt_lt\/wp-json\/wp\/v2\/media\/58865"}],"wp:attachment":[{"href":"https:\/\/www.malinashop.lt\/lt_lt\/wp-json\/wp\/v2\/media?parent=58864"}],"wp:term":[{"taxonomy":"product_brand","embeddable":true,"href":"https:\/\/www.malinashop.lt\/lt_lt\/wp-json\/wp\/v2\/product_brand?post=58864"},{"taxonomy":"product_cat","embeddable":true,"href":"https:\/\/www.malinashop.lt\/lt_lt\/wp-json\/wp\/v2\/product_cat?post=58864"},{"taxonomy":"product_tag","embeddable":true,"href":"https:\/\/www.malinashop.lt\/lt_lt\/wp-json\/wp\/v2\/product_tag?post=58864"}],"curies":[{"name":"wp","href":"https:\/\/api.w.org\/{rel}","templated":true}]}}