{"id":58858,"date":"2025-11-10T11:14:57","date_gmt":"2025-11-10T08:14:57","guid":{"rendered":"https:\/\/malinashop.lt\/?post_type=product&#038;p=58858"},"modified":"2026-03-18T12:27:54","modified_gmt":"2026-03-18T09:27:54","slug":"sinoz-atstatomasis-veido-kremas-su-cica-pure-cica-ultra-repair-cream-50-ml","status":"publish","type":"product","link":"https:\/\/www.malinashop.lt\/lt_lt\/shop\/sinoz-atstatomasis-veido-kremas-su-cica-pure-cica-ultra-repair-cream-50-ml\/","title":{"rendered":"SINOZ atstatomasis veido kremas su CICA PURE CICA ULTRA REPAIR CREAM, 50 ml"},"content":{"rendered":"<p data-start=\"530\" data-end=\"854\"><strong data-start=\"530\" data-end=\"602\">SINOZ atstatomasis veido kremas su CICA PURE CICA ULTRA REPAIR CREAM<\/strong> \u2013 tai intensyviai atkuriantis kremas, sukurtas jautriai, pa\u017eeistai ir sudirgusiai odai. \u0160is <strong data-start=\"695\" data-end=\"732\">atstatomasis veido kremas su CICA<\/strong> praturtintas Centella Asiatica (CICA) ir Aloe Vera ekstraktais, kurie ramina, ma\u017eina paraudimus ir padeda odai atsigauti.<\/p>\n<p data-start=\"856\" data-end=\"1146\">CICA skatina <strong data-start=\"869\" data-end=\"888\">kolageno gamyb\u0105<\/strong>, tod\u0117l oda tampa elastingesn\u0117, lygesn\u0117 ir jaunatvi\u0161kesn\u0117. Ji taip pat <strong data-start=\"959\" data-end=\"994\">stiprina odos apsaugin\u012f barjer\u0105<\/strong>, didina atsparum\u0105 i\u0161oriniams veiksniams ir padeda i\u0161laikyti dr\u0117gm\u0119. Aloe Vera intensyviai <strong data-start=\"1085\" data-end=\"1107\">dr\u0117kina ir maitina<\/strong>, suteikia komforto jausm\u0105 ir \u0161velnumo.<\/p>\n<p data-start=\"1148\" data-end=\"1369\">D\u0117l <strong data-start=\"1152\" data-end=\"1173\">lengvos tekst\u016bros<\/strong> kremas greitai \u012fsigeria, nepalieka riebumo ir suteikia odai skaistumo bei nat\u016bral\u0173 \u0161vyt\u0117jim\u0105. <strong data-start=\"1268\" data-end=\"1305\">Atstatomasis veido kremas su CICA<\/strong> puikiai tinka jautriai, sudirgusiai, sausai ar spuoguotai odai.<\/p>\n<p data-start=\"1371\" data-end=\"1421\"><strong data-start=\"1371\" data-end=\"1421\">SINOZ PURE CICA ULTRA REPAIR CREAM privalumai:<\/strong><\/p>\n<ul data-start=\"1422\" data-end=\"1708\">\n<li data-start=\"1422\" data-end=\"1458\">\n<p data-start=\"1424\" data-end=\"1458\">Atstato ir ramina sudirgusi\u0105 od\u0105<\/p>\n<\/li>\n<li data-start=\"1459\" data-end=\"1494\">\n<p data-start=\"1461\" data-end=\"1494\">Stiprina odos apsaugin\u012f barjer\u0105<\/p>\n<\/li>\n<li data-start=\"1495\" data-end=\"1524\">\n<p data-start=\"1497\" data-end=\"1524\">Dr\u0117kina ir ma\u017eina sausum\u0105<\/p>\n<\/li>\n<li data-start=\"1525\" data-end=\"1560\">\n<p data-start=\"1527\" data-end=\"1560\">Skaistina ir suteikia \u0161vyt\u0117jimo<\/p>\n<\/li>\n<li data-start=\"1561\" data-end=\"1589\">\n<p data-start=\"1563\" data-end=\"1589\">Skatina kolageno sintez\u0119<\/p>\n<\/li>\n<li data-start=\"1590\" data-end=\"1631\">\n<p data-start=\"1592\" data-end=\"1631\">Ma\u017eina paraudimus, randelius ir d\u0117mes<\/p>\n<\/li>\n<li data-start=\"1632\" data-end=\"1670\">\n<p data-start=\"1634\" data-end=\"1670\">Tinka jautriai ir probleminei odai<\/p>\n<\/li>\n<li data-start=\"1671\" data-end=\"1708\">\n<p data-start=\"1673\" data-end=\"1708\">Lengva, greitai \u012fsigerianti formul\u0117<\/p>\n<\/li>\n<\/ul>\n<p data-start=\"1710\" data-end=\"1833\"><strong data-start=\"1710\" data-end=\"1725\">Naudojimas:<\/strong><br data-start=\"1725\" data-end=\"1728\" \/>\u0160velniai \u012fmasa\u017euokite krem\u0105 sukamaisiais judesiais ant \u0161varios veido odos. Galima naudoti ryte ir vakare.<\/p>\n<p data-start=\"1835\" data-end=\"1960\"><strong data-start=\"1835\" data-end=\"1878\">SINOZ atstatomasis veido kremas su CICA<\/strong> \u2013 tobulas pasirinkimas norint sveikesn\u0117s, stipresn\u0117s ir spindin\u010dios odos kasdien.<\/p>\n","protected":false},"excerpt":{"rendered":"<p>SINOZ atstatomasis veido kremas su CICA dr\u0117kina, ramina od\u0105, stiprina odos barjer\u0105 ir suteikia sveik\u0105 \u0161vyt\u0117jim\u0105.<\/p>\n","protected":false},"featured_media":58859,"template":"","meta":[],"product_brand":[1354],"product_cat":[187,728],"product_tag":[1619],"class_list":{"0":"post-58858","1":"product","2":"type-product","3":"status-publish","4":"has-post-thumbnail","6":"product_brand-sinoz","7":"product_cat-veido-kremai","8":"product_cat-veidui","9":"product_tag-sinoz","11":"first","12":"instock","13":"sale","14":"featured","15":"taxable","16":"shipping-taxable","17":"purchasable","18":"product-type-simple"},"yoast_head":"<!-- This site is optimized with the Yoast SEO plugin v27.4 - https:\/\/yoast.com\/product\/yoast-seo-wordpress\/ -->\n<title>SINOZ atstatomasis veido kremas su CICA PURE CICA ULTRA REPAIR CREAM, 50 ml - MalinaShop.lt J\u016bs\u0173 sveikatai ir gro\u017eiui.<\/title>\n<meta name=\"description\" content=\"SINOZ atstatomasis veido kremas su CICA dr\u0117kina, ramina od\u0105, stiprina odos barjer\u0105 ir suteikia sveik\u0105 \u0161vyt\u0117jim\u0105. SINOZ atstatomasis veido kremas su CICA dr\u0117kina, ramina, stiprina odos barjer\u0105 ir suteikia nat\u016bral\u0173 \u0161vyt\u0117jim\u0105 jautriai ar pa\u017eeistai odai.\" \/>\n<meta name=\"robots\" content=\"index, follow, max-snippet:-1, max-image-preview:large, max-video-preview:-1\" \/>\n<link rel=\"canonical\" href=\"https:\/\/www.malinashop.lt\/lt_lt\/shop\/sinoz-atstatomasis-veido-kremas-su-cica-pure-cica-ultra-repair-cream-50-ml\/\" \/>\n<meta property=\"og:locale\" content=\"lt_LT\" \/>\n<meta property=\"og:type\" content=\"article\" \/>\n<meta property=\"og:title\" content=\"SINOZ atstatomasis veido kremas su CICA PURE CICA ULTRA REPAIR CREAM, 50 ml - MalinaShop.lt J\u016bs\u0173 sveikatai ir gro\u017eiui.\" \/>\n<meta property=\"og:description\" content=\"SINOZ atstatomasis veido kremas su CICA dr\u0117kina, ramina od\u0105, stiprina odos barjer\u0105 ir suteikia sveik\u0105 \u0161vyt\u0117jim\u0105. SINOZ atstatomasis veido kremas su CICA dr\u0117kina, ramina, stiprina odos barjer\u0105 ir suteikia nat\u016bral\u0173 \u0161vyt\u0117jim\u0105 jautriai ar pa\u017eeistai odai.\" \/>\n<meta property=\"og:url\" content=\"https:\/\/www.malinashop.lt\/lt_lt\/shop\/sinoz-atstatomasis-veido-kremas-su-cica-pure-cica-ultra-repair-cream-50-ml\/\" \/>\n<meta property=\"og:site_name\" content=\"MalinaShop.lt J\u016bs\u0173 sveikatai ir gro\u017eiui.\" \/>\n<meta property=\"article:modified_time\" content=\"2026-03-18T09:27:54+00:00\" \/>\n<meta property=\"og:image\" content=\"https:\/\/www.malinashop.lt\/wp-content\/uploads\/2025\/10\/SINOZ-atstatomasis-veido-kremas-su-CICA-PURE-CICA-ULTRA-REPAIR-CREAM-50-ml.webp\" \/>\n\t<meta property=\"og:image:width\" content=\"768\" \/>\n\t<meta property=\"og:image:height\" content=\"768\" \/>\n\t<meta property=\"og:image:type\" content=\"image\/webp\" \/>\n<meta name=\"twitter:card\" content=\"summary_large_image\" \/>\n<script type=\"application\/ld+json\" class=\"yoast-schema-graph\">{\"@context\":\"https:\\\/\\\/schema.org\",\"@graph\":[{\"@type\":\"WebPage\",\"@id\":\"https:\\\/\\\/www.malinashop.lt\\\/en\\\/shop\\\/sinoz-atstatomasis-veido-kremas-su-cica-pure-cica-ultra-repair-cream-50-ml\\\/\",\"url\":\"https:\\\/\\\/www.malinashop.lt\\\/en\\\/shop\\\/sinoz-atstatomasis-veido-kremas-su-cica-pure-cica-ultra-repair-cream-50-ml\\\/\",\"name\":\"SINOZ atstatomasis veido kremas su CICA PURE CICA ULTRA REPAIR CREAM, 50 ml - MalinaShop.lt J\u016bs\u0173 sveikatai ir gro\u017eiui.\",\"isPartOf\":{\"@id\":\"https:\\\/\\\/www.malinashop.lt\\\/en\\\/#website\"},\"primaryImageOfPage\":{\"@id\":\"https:\\\/\\\/www.malinashop.lt\\\/en\\\/shop\\\/sinoz-atstatomasis-veido-kremas-su-cica-pure-cica-ultra-repair-cream-50-ml\\\/#primaryimage\"},\"image\":{\"@id\":\"https:\\\/\\\/www.malinashop.lt\\\/en\\\/shop\\\/sinoz-atstatomasis-veido-kremas-su-cica-pure-cica-ultra-repair-cream-50-ml\\\/#primaryimage\"},\"thumbnailUrl\":\"https:\\\/\\\/www.malinashop.lt\\\/wp-content\\\/uploads\\\/2025\\\/10\\\/SINOZ-atstatomasis-veido-kremas-su-CICA-PURE-CICA-ULTRA-REPAIR-CREAM-50-ml.webp\",\"datePublished\":\"2025-11-10T08:14:57+00:00\",\"dateModified\":\"2026-03-18T09:27:54+00:00\",\"description\":\"SINOZ atstatomasis veido kremas su CICA dr\u0117kina, ramina od\u0105, stiprina odos barjer\u0105 ir suteikia sveik\u0105 \u0161vyt\u0117jim\u0105. SINOZ atstatomasis veido kremas su CICA dr\u0117kina, ramina, stiprina odos barjer\u0105 ir suteikia nat\u016bral\u0173 \u0161vyt\u0117jim\u0105 jautriai ar pa\u017eeistai odai.\",\"breadcrumb\":{\"@id\":\"https:\\\/\\\/www.malinashop.lt\\\/en\\\/shop\\\/sinoz-atstatomasis-veido-kremas-su-cica-pure-cica-ultra-repair-cream-50-ml\\\/#breadcrumb\"},\"inLanguage\":\"lt-LT\",\"potentialAction\":[{\"@type\":\"ReadAction\",\"target\":[\"https:\\\/\\\/www.malinashop.lt\\\/en\\\/shop\\\/sinoz-atstatomasis-veido-kremas-su-cica-pure-cica-ultra-repair-cream-50-ml\\\/\"]}]},{\"@type\":\"ImageObject\",\"inLanguage\":\"lt-LT\",\"@id\":\"https:\\\/\\\/www.malinashop.lt\\\/en\\\/shop\\\/sinoz-atstatomasis-veido-kremas-su-cica-pure-cica-ultra-repair-cream-50-ml\\\/#primaryimage\",\"url\":\"https:\\\/\\\/www.malinashop.lt\\\/wp-content\\\/uploads\\\/2025\\\/10\\\/SINOZ-atstatomasis-veido-kremas-su-CICA-PURE-CICA-ULTRA-REPAIR-CREAM-50-ml.webp\",\"contentUrl\":\"https:\\\/\\\/www.malinashop.lt\\\/wp-content\\\/uploads\\\/2025\\\/10\\\/SINOZ-atstatomasis-veido-kremas-su-CICA-PURE-CICA-ULTRA-REPAIR-CREAM-50-ml.webp\",\"width\":768,\"height\":768},{\"@type\":\"BreadcrumbList\",\"@id\":\"https:\\\/\\\/www.malinashop.lt\\\/en\\\/shop\\\/sinoz-atstatomasis-veido-kremas-su-cica-pure-cica-ultra-repair-cream-50-ml\\\/#breadcrumb\",\"itemListElement\":[{\"@type\":\"ListItem\",\"position\":1,\"name\":\"Home\",\"item\":\"https:\\\/\\\/www.malinashop.lt\\\/en\\\/\"},{\"@type\":\"ListItem\",\"position\":2,\"name\":\"Parduotuv\u0117\",\"item\":\"https:\\\/\\\/www.malinashop.lt\\\/en\\\/parduotuve\\\/\"},{\"@type\":\"ListItem\",\"position\":3,\"name\":\"SINOZ atstatomasis veido kremas su CICA PURE CICA ULTRA REPAIR CREAM, 50 ml\"}]},{\"@type\":\"WebSite\",\"@id\":\"https:\\\/\\\/www.malinashop.lt\\\/en\\\/#website\",\"url\":\"https:\\\/\\\/www.malinashop.lt\\\/en\\\/\",\"name\":\"COM Group Ecommerce\",\"description\":\"MalinaShop.lt - Gro\u017eio ir sveikatos produktai i\u0161 patikim\u0173 preki\u0173 \u017eenkl\u0173. Atraskite auk\u0161tos kokyb\u0117s kosmetik\u0105 u\u017e puiki\u0105 kain\u0105.\",\"publisher\":{\"@id\":\"https:\\\/\\\/www.malinashop.lt\\\/en\\\/#organization\"},\"potentialAction\":[{\"@type\":\"SearchAction\",\"target\":{\"@type\":\"EntryPoint\",\"urlTemplate\":\"https:\\\/\\\/www.malinashop.lt\\\/en\\\/?s={search_term_string}\"},\"query-input\":{\"@type\":\"PropertyValueSpecification\",\"valueRequired\":true,\"valueName\":\"search_term_string\"}}],\"inLanguage\":\"lt-LT\"},{\"@type\":\"Organization\",\"@id\":\"https:\\\/\\\/www.malinashop.lt\\\/en\\\/#organization\",\"name\":\"COM Group Ecommerce\",\"url\":\"https:\\\/\\\/www.malinashop.lt\\\/en\\\/\",\"logo\":{\"@type\":\"ImageObject\",\"inLanguage\":\"lt-LT\",\"@id\":\"https:\\\/\\\/www.malinashop.lt\\\/en\\\/#\\\/schema\\\/logo\\\/image\\\/\",\"url\":\"https:\\\/\\\/www.malinashop.lt\\\/wp-content\\\/uploads\\\/2024\\\/08\\\/462559670_3787732518133670_9795632669273463_n-e1731525914575.png\",\"contentUrl\":\"https:\\\/\\\/www.malinashop.lt\\\/wp-content\\\/uploads\\\/2024\\\/08\\\/462559670_3787732518133670_9795632669273463_n-e1731525914575.png\",\"width\":180,\"height\":60,\"caption\":\"COM Group Ecommerce\"},\"image\":{\"@id\":\"https:\\\/\\\/www.malinashop.lt\\\/en\\\/#\\\/schema\\\/logo\\\/image\\\/\"}}]}<\/script>\n<!-- \/ Yoast SEO plugin. -->","yoast_head_json":{"title":"SINOZ atstatomasis veido kremas su CICA PURE CICA ULTRA REPAIR CREAM, 50 ml - MalinaShop.lt J\u016bs\u0173 sveikatai ir gro\u017eiui.","description":"SINOZ atstatomasis veido kremas su CICA dr\u0117kina, ramina od\u0105, stiprina odos barjer\u0105 ir suteikia sveik\u0105 \u0161vyt\u0117jim\u0105. SINOZ atstatomasis veido kremas su CICA dr\u0117kina, ramina, stiprina odos barjer\u0105 ir suteikia nat\u016bral\u0173 \u0161vyt\u0117jim\u0105 jautriai ar pa\u017eeistai odai.","robots":{"index":"index","follow":"follow","max-snippet":"max-snippet:-1","max-image-preview":"max-image-preview:large","max-video-preview":"max-video-preview:-1"},"canonical":"https:\/\/www.malinashop.lt\/lt_lt\/shop\/sinoz-atstatomasis-veido-kremas-su-cica-pure-cica-ultra-repair-cream-50-ml\/","og_locale":"lt_LT","og_type":"article","og_title":"SINOZ atstatomasis veido kremas su CICA PURE CICA ULTRA REPAIR CREAM, 50 ml - MalinaShop.lt J\u016bs\u0173 sveikatai ir gro\u017eiui.","og_description":"SINOZ atstatomasis veido kremas su CICA dr\u0117kina, ramina od\u0105, stiprina odos barjer\u0105 ir suteikia sveik\u0105 \u0161vyt\u0117jim\u0105. SINOZ atstatomasis veido kremas su CICA dr\u0117kina, ramina, stiprina odos barjer\u0105 ir suteikia nat\u016bral\u0173 \u0161vyt\u0117jim\u0105 jautriai ar pa\u017eeistai odai.","og_url":"https:\/\/www.malinashop.lt\/lt_lt\/shop\/sinoz-atstatomasis-veido-kremas-su-cica-pure-cica-ultra-repair-cream-50-ml\/","og_site_name":"MalinaShop.lt J\u016bs\u0173 sveikatai ir gro\u017eiui.","article_modified_time":"2026-03-18T09:27:54+00:00","og_image":[{"width":768,"height":768,"url":"https:\/\/www.malinashop.lt\/wp-content\/uploads\/2025\/10\/SINOZ-atstatomasis-veido-kremas-su-CICA-PURE-CICA-ULTRA-REPAIR-CREAM-50-ml.webp","type":"image\/webp"}],"twitter_card":"summary_large_image","schema":{"@context":"https:\/\/schema.org","@graph":[{"@type":"WebPage","@id":"https:\/\/www.malinashop.lt\/en\/shop\/sinoz-atstatomasis-veido-kremas-su-cica-pure-cica-ultra-repair-cream-50-ml\/","url":"https:\/\/www.malinashop.lt\/en\/shop\/sinoz-atstatomasis-veido-kremas-su-cica-pure-cica-ultra-repair-cream-50-ml\/","name":"SINOZ atstatomasis veido kremas su CICA PURE CICA ULTRA REPAIR CREAM, 50 ml - MalinaShop.lt J\u016bs\u0173 sveikatai ir gro\u017eiui.","isPartOf":{"@id":"https:\/\/www.malinashop.lt\/en\/#website"},"primaryImageOfPage":{"@id":"https:\/\/www.malinashop.lt\/en\/shop\/sinoz-atstatomasis-veido-kremas-su-cica-pure-cica-ultra-repair-cream-50-ml\/#primaryimage"},"image":{"@id":"https:\/\/www.malinashop.lt\/en\/shop\/sinoz-atstatomasis-veido-kremas-su-cica-pure-cica-ultra-repair-cream-50-ml\/#primaryimage"},"thumbnailUrl":"https:\/\/www.malinashop.lt\/wp-content\/uploads\/2025\/10\/SINOZ-atstatomasis-veido-kremas-su-CICA-PURE-CICA-ULTRA-REPAIR-CREAM-50-ml.webp","datePublished":"2025-11-10T08:14:57+00:00","dateModified":"2026-03-18T09:27:54+00:00","description":"SINOZ atstatomasis veido kremas su CICA dr\u0117kina, ramina od\u0105, stiprina odos barjer\u0105 ir suteikia sveik\u0105 \u0161vyt\u0117jim\u0105. SINOZ atstatomasis veido kremas su CICA dr\u0117kina, ramina, stiprina odos barjer\u0105 ir suteikia nat\u016bral\u0173 \u0161vyt\u0117jim\u0105 jautriai ar pa\u017eeistai odai.","breadcrumb":{"@id":"https:\/\/www.malinashop.lt\/en\/shop\/sinoz-atstatomasis-veido-kremas-su-cica-pure-cica-ultra-repair-cream-50-ml\/#breadcrumb"},"inLanguage":"lt-LT","potentialAction":[{"@type":"ReadAction","target":["https:\/\/www.malinashop.lt\/en\/shop\/sinoz-atstatomasis-veido-kremas-su-cica-pure-cica-ultra-repair-cream-50-ml\/"]}]},{"@type":"ImageObject","inLanguage":"lt-LT","@id":"https:\/\/www.malinashop.lt\/en\/shop\/sinoz-atstatomasis-veido-kremas-su-cica-pure-cica-ultra-repair-cream-50-ml\/#primaryimage","url":"https:\/\/www.malinashop.lt\/wp-content\/uploads\/2025\/10\/SINOZ-atstatomasis-veido-kremas-su-CICA-PURE-CICA-ULTRA-REPAIR-CREAM-50-ml.webp","contentUrl":"https:\/\/www.malinashop.lt\/wp-content\/uploads\/2025\/10\/SINOZ-atstatomasis-veido-kremas-su-CICA-PURE-CICA-ULTRA-REPAIR-CREAM-50-ml.webp","width":768,"height":768},{"@type":"BreadcrumbList","@id":"https:\/\/www.malinashop.lt\/en\/shop\/sinoz-atstatomasis-veido-kremas-su-cica-pure-cica-ultra-repair-cream-50-ml\/#breadcrumb","itemListElement":[{"@type":"ListItem","position":1,"name":"Home","item":"https:\/\/www.malinashop.lt\/en\/"},{"@type":"ListItem","position":2,"name":"Parduotuv\u0117","item":"https:\/\/www.malinashop.lt\/en\/parduotuve\/"},{"@type":"ListItem","position":3,"name":"SINOZ atstatomasis veido kremas su CICA PURE CICA ULTRA REPAIR CREAM, 50 ml"}]},{"@type":"WebSite","@id":"https:\/\/www.malinashop.lt\/en\/#website","url":"https:\/\/www.malinashop.lt\/en\/","name":"COM Group Ecommerce","description":"MalinaShop.lt - Gro\u017eio ir sveikatos produktai i\u0161 patikim\u0173 preki\u0173 \u017eenkl\u0173. Atraskite auk\u0161tos kokyb\u0117s kosmetik\u0105 u\u017e puiki\u0105 kain\u0105.","publisher":{"@id":"https:\/\/www.malinashop.lt\/en\/#organization"},"potentialAction":[{"@type":"SearchAction","target":{"@type":"EntryPoint","urlTemplate":"https:\/\/www.malinashop.lt\/en\/?s={search_term_string}"},"query-input":{"@type":"PropertyValueSpecification","valueRequired":true,"valueName":"search_term_string"}}],"inLanguage":"lt-LT"},{"@type":"Organization","@id":"https:\/\/www.malinashop.lt\/en\/#organization","name":"COM Group Ecommerce","url":"https:\/\/www.malinashop.lt\/en\/","logo":{"@type":"ImageObject","inLanguage":"lt-LT","@id":"https:\/\/www.malinashop.lt\/en\/#\/schema\/logo\/image\/","url":"https:\/\/www.malinashop.lt\/wp-content\/uploads\/2024\/08\/462559670_3787732518133670_9795632669273463_n-e1731525914575.png","contentUrl":"https:\/\/www.malinashop.lt\/wp-content\/uploads\/2024\/08\/462559670_3787732518133670_9795632669273463_n-e1731525914575.png","width":180,"height":60,"caption":"COM Group Ecommerce"},"image":{"@id":"https:\/\/www.malinashop.lt\/en\/#\/schema\/logo\/image\/"}}]}},"jetpack_sharing_enabled":true,"_links":{"self":[{"href":"https:\/\/www.malinashop.lt\/lt_lt\/wp-json\/wp\/v2\/product\/58858","targetHints":{"allow":["GET"]}}],"collection":[{"href":"https:\/\/www.malinashop.lt\/lt_lt\/wp-json\/wp\/v2\/product"}],"about":[{"href":"https:\/\/www.malinashop.lt\/lt_lt\/wp-json\/wp\/v2\/types\/product"}],"version-history":[{"count":1,"href":"https:\/\/www.malinashop.lt\/lt_lt\/wp-json\/wp\/v2\/product\/58858\/revisions"}],"predecessor-version":[{"id":58860,"href":"https:\/\/www.malinashop.lt\/lt_lt\/wp-json\/wp\/v2\/product\/58858\/revisions\/58860"}],"wp:featuredmedia":[{"embeddable":true,"href":"https:\/\/www.malinashop.lt\/lt_lt\/wp-json\/wp\/v2\/media\/58859"}],"wp:attachment":[{"href":"https:\/\/www.malinashop.lt\/lt_lt\/wp-json\/wp\/v2\/media?parent=58858"}],"wp:term":[{"taxonomy":"product_brand","embeddable":true,"href":"https:\/\/www.malinashop.lt\/lt_lt\/wp-json\/wp\/v2\/product_brand?post=58858"},{"taxonomy":"product_cat","embeddable":true,"href":"https:\/\/www.malinashop.lt\/lt_lt\/wp-json\/wp\/v2\/product_cat?post=58858"},{"taxonomy":"product_tag","embeddable":true,"href":"https:\/\/www.malinashop.lt\/lt_lt\/wp-json\/wp\/v2\/product_tag?post=58858"}],"curies":[{"name":"wp","href":"https:\/\/api.w.org\/{rel}","templated":true}]}}