{"id":58842,"date":"2025-10-20T11:27:10","date_gmt":"2025-10-20T08:27:10","guid":{"rendered":"https:\/\/malinashop.lt\/?post_type=product&#038;p=58842"},"modified":"2026-03-18T12:28:11","modified_gmt":"2026-03-18T09:28:11","slug":"sinoz-tonuojantis-veido-fluidas-nuo-saules-spf50-tinted-tone-up-fluid-50ml","status":"publish","type":"product","link":"https:\/\/www.malinashop.lt\/lt_lt\/shop\/sinoz-tonuojantis-veido-fluidas-nuo-saules-spf50-tinted-tone-up-fluid-50ml\/","title":{"rendered":"SINOZ tonuojantis veido fluidas nuo saul\u0117s SPF50+ TINTED TONE UP FLUID, 50ml"},"content":{"rendered":"<p data-start=\"408\" data-end=\"730\"><strong data-start=\"441\" data-end=\"547\">SINOZ tonuojantis apsauginis veido fluidas nuo saul\u0117s su SPF50+ TINTED TONE UP FLUID SUNSCREEN SPF 50+<\/strong> \u2013 tai daugiafunkcis fluidas, kuris ne tik apsaugo od\u0105 nuo saul\u0117s, bet ir suteikia jai nat\u016braliai tolyg\u0173, \u0161viesesn\u012f bei gaiv\u0173 atspalv\u012f.<\/p>\n<p data-start=\"684\" data-end=\"900\">Unikali <strong data-start=\"692\" data-end=\"724\">tonuojanti \u201etone-up\u201c formul\u0117<\/strong> \u0161velniai pakoreguoja odos spalv\u0105, paslepia papilk\u0117jim\u0105, paraudimus ar smulkius netolygumus. Oda atrodo <strong data-start=\"828\" data-end=\"867\">skaistesn\u0117, sudr\u0117kinta ir gyvybinga<\/strong>, tarsi su lengvu makia\u017eo filtru.<\/p>\n<p data-start=\"902\" data-end=\"1092\">SPF50+ <strong data-start=\"909\" data-end=\"948\">hibridiniai ir mineraliniai filtrai<\/strong> suteikia maksimali\u0105 UVA\/UVB apsaug\u0105, padeda <strong data-start=\"993\" data-end=\"1036\">u\u017ekirsti keli\u0105 tamsi\u0173 d\u0117mi\u0173 atsiradimui<\/strong> ir saugo od\u0105 nuo <strong data-start=\"1054\" data-end=\"1091\">fotosen\u0117jimo ir aplinkos veiksni\u0173<\/strong>.<\/p>\n<p data-start=\"1094\" data-end=\"1118\">Lengva, skysta tekst\u016bra:<\/p>\n<ul data-start=\"1119\" data-end=\"1272\">\n<li data-start=\"1119\" data-end=\"1138\">\n<p data-start=\"1121\" data-end=\"1138\">Greitai \u012fsigeria,<\/p>\n<\/li>\n<li data-start=\"1139\" data-end=\"1158\">\n<p data-start=\"1141\" data-end=\"1158\">Neapsunkina odos,<\/p>\n<\/li>\n<li data-start=\"1159\" data-end=\"1180\">\n<p data-start=\"1161\" data-end=\"1180\"><strong data-start=\"1161\" data-end=\"1179\">Neu\u017ekem\u0161a por\u0173<\/strong>,<\/p>\n<\/li>\n<li data-start=\"1181\" data-end=\"1203\">\n<p data-start=\"1183\" data-end=\"1203\"><strong data-start=\"1183\" data-end=\"1202\">Nei\u0161balina odos<\/strong>,<\/p>\n<\/li>\n<li data-start=\"1204\" data-end=\"1272\">\n<p data-start=\"1206\" data-end=\"1272\">Nesuteikia riebumo poj\u016b\u010dio \u2013 idealiai tinka kasdieniam naudojimui.<\/p>\n<\/li>\n<\/ul>\n<p data-start=\"1274\" data-end=\"1323\"><strong data-start=\"1274\" data-end=\"1323\">SINOZ TINTED TONE UP FLUID SPF50+ privalumai:<\/strong><\/p>\n<ul data-start=\"1324\" data-end=\"1632\">\n<li data-start=\"1324\" data-end=\"1355\">\n<p data-start=\"1326\" data-end=\"1355\">SPF50+ auk\u0161ta UVA\/UVB apsauga<\/p>\n<\/li>\n<li data-start=\"1356\" data-end=\"1395\">\n<p data-start=\"1358\" data-end=\"1395\">Tinuoja ir <strong data-start=\"1369\" data-end=\"1395\">sulygina odos atspalv\u012f<\/strong><\/p>\n<\/li>\n<li data-start=\"1396\" data-end=\"1436\">\n<p data-start=\"1398\" data-end=\"1436\">Dr\u0117kina ir suteikia nat\u016bral\u0173 \u0161vyt\u0117jim\u0105<\/p>\n<\/li>\n<li data-start=\"1437\" data-end=\"1479\">\n<p data-start=\"1439\" data-end=\"1479\">Slopina <strong data-start=\"1447\" data-end=\"1468\">pigmentini\u0173 d\u0117mi\u0173<\/strong> atsiradim\u0105<\/p>\n<\/li>\n<li data-start=\"1480\" data-end=\"1531\">\n<p data-start=\"1482\" data-end=\"1531\">Apsaugo nuo <strong data-start=\"1494\" data-end=\"1531\">fotosen\u0117jimo ir laisv\u0173j\u0173 radikal\u0173<\/strong><\/p>\n<\/li>\n<li data-start=\"1532\" data-end=\"1581\">\n<p data-start=\"1534\" data-end=\"1581\">Lengva, neriebi tekst\u016bra \u2013 tinka vis\u0173 tip\u0173 odai<\/p>\n<\/li>\n<li data-start=\"1582\" data-end=\"1632\">\n<p data-start=\"1584\" data-end=\"1632\">Galima naudoti <strong data-start=\"1599\" data-end=\"1632\">vietoj makia\u017eo arba kaip baz\u0119<\/strong><\/p>\n<\/li>\n<\/ul>\n<p data-start=\"1634\" data-end=\"1728\">Puikus pasirinkimas tiems, kurie nori <strong data-start=\"1672\" data-end=\"1727\">apsaugos, spindesio ir lengvo tono viename produkte<\/strong>.<\/p>\n<p data-start=\"1730\" data-end=\"1915\"><strong data-start=\"1730\" data-end=\"1745\">Naudojimas:<\/strong><br data-start=\"1745\" data-end=\"1748\" \/>Prie\u0161 naudojim\u0105 suplakite. Tolygiai tepkite ant veido, kaklo ir paaki\u0173 srities 15\u201320 min. prie\u0161 saul\u0119. B\u016bnant saul\u0117je ilgiau \u2013 pakartoti kas 2 valandas ir po maudyni\u0173.<\/p>\n<p data-start=\"1917\" data-end=\"2034\"><strong data-start=\"1917\" data-end=\"1964\">SINOZ TINTED TONE UP FLUID SUNSCREEN SPF50+<\/strong> \u2013 tolygus odos tonas, dr\u0117kinimas ir maksimali apsauga vienu \u017eingsniu.<\/p>\n","protected":false},"excerpt":{"rendered":"<p>SINOZ TINTED TONE UP FLUID SPF50+ \u2013 tonuojantis veido fluidas nuo saul\u0117s, suvienodinantis odos atspalv\u012f, dr\u0117kinantis ir apsaugantis nuo UVA\/UVB spinduli\u0173.<\/p>\n","protected":false},"featured_media":58843,"template":"","meta":[],"product_brand":[1354],"product_cat":[772,731],"product_tag":[1619],"class_list":{"0":"post-58842","1":"product","2":"type-product","3":"status-publish","4":"has-post-thumbnail","6":"product_brand-sinoz","7":"product_cat-apsauga-nuo-saules","8":"product_cat-kunui","9":"product_tag-sinoz","11":"first","12":"instock","13":"sale","14":"taxable","15":"shipping-taxable","16":"purchasable","17":"product-type-simple"},"yoast_head":"<!-- This site is optimized with the Yoast SEO plugin v27.4 - https:\/\/yoast.com\/product\/yoast-seo-wordpress\/ -->\n<title>SINOZ tonuojantis veido fluidas nuo saul\u0117s SPF50+ TINTED TONE UP FLUID, 50ml - MalinaShop.lt J\u016bs\u0173 sveikatai ir gro\u017eiui.<\/title>\n<meta name=\"description\" content=\"SINOZ TINTED TONE UP FLUID SPF50+ \u2013 tonuojantis veido fluidas nuo saul\u0117s, suvienodinantis odos atspalv\u012f, dr\u0117kinantis ir apsaugantis nuo UVA\/UVB spinduli\u0173. SINOZ tonuojantis veido fluidas SPF50+ TINTED TONE UP suvienodina odos atspalv\u012f, dr\u0117kina ir apsaugo nuo UVA\/UVB spinduli\u0173.\" \/>\n<meta name=\"robots\" content=\"index, follow, max-snippet:-1, max-image-preview:large, max-video-preview:-1\" \/>\n<link rel=\"canonical\" href=\"https:\/\/www.malinashop.lt\/lt_lt\/shop\/sinoz-tonuojantis-veido-fluidas-nuo-saules-spf50-tinted-tone-up-fluid-50ml\/\" \/>\n<meta property=\"og:locale\" content=\"lt_LT\" \/>\n<meta property=\"og:type\" content=\"article\" \/>\n<meta property=\"og:title\" content=\"SINOZ tonuojantis veido fluidas nuo saul\u0117s SPF50+ TINTED TONE UP FLUID, 50ml - MalinaShop.lt J\u016bs\u0173 sveikatai ir gro\u017eiui.\" \/>\n<meta property=\"og:description\" content=\"SINOZ TINTED TONE UP FLUID SPF50+ \u2013 tonuojantis veido fluidas nuo saul\u0117s, suvienodinantis odos atspalv\u012f, dr\u0117kinantis ir apsaugantis nuo UVA\/UVB spinduli\u0173. SINOZ tonuojantis veido fluidas SPF50+ TINTED TONE UP suvienodina odos atspalv\u012f, dr\u0117kina ir apsaugo nuo UVA\/UVB spinduli\u0173.\" \/>\n<meta property=\"og:url\" content=\"https:\/\/www.malinashop.lt\/lt_lt\/shop\/sinoz-tonuojantis-veido-fluidas-nuo-saules-spf50-tinted-tone-up-fluid-50ml\/\" \/>\n<meta property=\"og:site_name\" content=\"MalinaShop.lt J\u016bs\u0173 sveikatai ir gro\u017eiui.\" \/>\n<meta property=\"article:modified_time\" content=\"2026-03-18T09:28:11+00:00\" \/>\n<meta property=\"og:image\" content=\"https:\/\/www.malinashop.lt\/wp-content\/uploads\/2025\/10\/SINOZ-tonuojantis-veido-fluidas-nuo-saules-SPF50-TINTED-TONE-UP-FLUID-50ml.webp\" \/>\n\t<meta property=\"og:image:width\" content=\"768\" \/>\n\t<meta property=\"og:image:height\" content=\"768\" \/>\n\t<meta property=\"og:image:type\" content=\"image\/webp\" \/>\n<meta name=\"twitter:card\" content=\"summary_large_image\" \/>\n<script type=\"application\/ld+json\" class=\"yoast-schema-graph\">{\"@context\":\"https:\\\/\\\/schema.org\",\"@graph\":[{\"@type\":\"WebPage\",\"@id\":\"https:\\\/\\\/www.malinashop.lt\\\/en\\\/shop\\\/sinoz-tonuojantis-veido-fluidas-nuo-saules-spf50-tinted-tone-up-fluid-50ml\\\/\",\"url\":\"https:\\\/\\\/www.malinashop.lt\\\/en\\\/shop\\\/sinoz-tonuojantis-veido-fluidas-nuo-saules-spf50-tinted-tone-up-fluid-50ml\\\/\",\"name\":\"SINOZ tonuojantis veido fluidas nuo saul\u0117s SPF50+ TINTED TONE UP FLUID, 50ml - MalinaShop.lt J\u016bs\u0173 sveikatai ir gro\u017eiui.\",\"isPartOf\":{\"@id\":\"https:\\\/\\\/www.malinashop.lt\\\/#website\"},\"primaryImageOfPage\":{\"@id\":\"https:\\\/\\\/www.malinashop.lt\\\/en\\\/shop\\\/sinoz-tonuojantis-veido-fluidas-nuo-saules-spf50-tinted-tone-up-fluid-50ml\\\/#primaryimage\"},\"image\":{\"@id\":\"https:\\\/\\\/www.malinashop.lt\\\/en\\\/shop\\\/sinoz-tonuojantis-veido-fluidas-nuo-saules-spf50-tinted-tone-up-fluid-50ml\\\/#primaryimage\"},\"thumbnailUrl\":\"https:\\\/\\\/www.malinashop.lt\\\/wp-content\\\/uploads\\\/2025\\\/10\\\/SINOZ-tonuojantis-veido-fluidas-nuo-saules-SPF50-TINTED-TONE-UP-FLUID-50ml.webp\",\"datePublished\":\"2025-10-20T08:27:10+00:00\",\"dateModified\":\"2026-03-18T09:28:11+00:00\",\"description\":\"SINOZ TINTED TONE UP FLUID SPF50+ \u2013 tonuojantis veido fluidas nuo saul\u0117s, suvienodinantis odos atspalv\u012f, dr\u0117kinantis ir apsaugantis nuo UVA\\\/UVB spinduli\u0173. SINOZ tonuojantis veido fluidas SPF50+ TINTED TONE UP suvienodina odos atspalv\u012f, dr\u0117kina ir apsaugo nuo UVA\\\/UVB spinduli\u0173.\",\"breadcrumb\":{\"@id\":\"https:\\\/\\\/www.malinashop.lt\\\/en\\\/shop\\\/sinoz-tonuojantis-veido-fluidas-nuo-saules-spf50-tinted-tone-up-fluid-50ml\\\/#breadcrumb\"},\"inLanguage\":\"lt-LT\",\"potentialAction\":[{\"@type\":\"ReadAction\",\"target\":[\"https:\\\/\\\/www.malinashop.lt\\\/en\\\/shop\\\/sinoz-tonuojantis-veido-fluidas-nuo-saules-spf50-tinted-tone-up-fluid-50ml\\\/\"]}]},{\"@type\":\"ImageObject\",\"inLanguage\":\"lt-LT\",\"@id\":\"https:\\\/\\\/www.malinashop.lt\\\/en\\\/shop\\\/sinoz-tonuojantis-veido-fluidas-nuo-saules-spf50-tinted-tone-up-fluid-50ml\\\/#primaryimage\",\"url\":\"https:\\\/\\\/www.malinashop.lt\\\/wp-content\\\/uploads\\\/2025\\\/10\\\/SINOZ-tonuojantis-veido-fluidas-nuo-saules-SPF50-TINTED-TONE-UP-FLUID-50ml.webp\",\"contentUrl\":\"https:\\\/\\\/www.malinashop.lt\\\/wp-content\\\/uploads\\\/2025\\\/10\\\/SINOZ-tonuojantis-veido-fluidas-nuo-saules-SPF50-TINTED-TONE-UP-FLUID-50ml.webp\",\"width\":768,\"height\":768},{\"@type\":\"BreadcrumbList\",\"@id\":\"https:\\\/\\\/www.malinashop.lt\\\/en\\\/shop\\\/sinoz-tonuojantis-veido-fluidas-nuo-saules-spf50-tinted-tone-up-fluid-50ml\\\/#breadcrumb\",\"itemListElement\":[{\"@type\":\"ListItem\",\"position\":1,\"name\":\"Pagrindinis\",\"item\":\"https:\\\/\\\/www.malinashop.lt\\\/\"},{\"@type\":\"ListItem\",\"position\":2,\"name\":\"Parduotuv\u0117\",\"item\":\"https:\\\/\\\/www.malinashop.lt\\\/en\\\/parduotuve\\\/\"},{\"@type\":\"ListItem\",\"position\":3,\"name\":\"SINOZ tonuojantis veido fluidas nuo saul\u0117s SPF50+ TINTED TONE UP FLUID, 50ml\"}]},{\"@type\":\"WebSite\",\"@id\":\"https:\\\/\\\/www.malinashop.lt\\\/#website\",\"url\":\"https:\\\/\\\/www.malinashop.lt\\\/\",\"name\":\"COM Group Ecommerce\",\"description\":\"MalinaShop.lt - Gro\u017eio ir sveikatos produktai i\u0161 patikim\u0173 preki\u0173 \u017eenkl\u0173. Atraskite auk\u0161tos kokyb\u0117s kosmetik\u0105 u\u017e puiki\u0105 kain\u0105.\",\"publisher\":{\"@id\":\"https:\\\/\\\/www.malinashop.lt\\\/#organization\"},\"potentialAction\":[{\"@type\":\"SearchAction\",\"target\":{\"@type\":\"EntryPoint\",\"urlTemplate\":\"https:\\\/\\\/www.malinashop.lt\\\/?s={search_term_string}\"},\"query-input\":{\"@type\":\"PropertyValueSpecification\",\"valueRequired\":true,\"valueName\":\"search_term_string\"}}],\"inLanguage\":\"lt-LT\"},{\"@type\":\"Organization\",\"@id\":\"https:\\\/\\\/www.malinashop.lt\\\/#organization\",\"name\":\"COM Group Ecommerce\",\"url\":\"https:\\\/\\\/www.malinashop.lt\\\/\",\"logo\":{\"@type\":\"ImageObject\",\"inLanguage\":\"lt-LT\",\"@id\":\"https:\\\/\\\/www.malinashop.lt\\\/#\\\/schema\\\/logo\\\/image\\\/\",\"url\":\"https:\\\/\\\/www.malinashop.lt\\\/wp-content\\\/uploads\\\/2024\\\/08\\\/462559670_3787732518133670_9795632669273463_n-e1731525914575.png\",\"contentUrl\":\"https:\\\/\\\/www.malinashop.lt\\\/wp-content\\\/uploads\\\/2024\\\/08\\\/462559670_3787732518133670_9795632669273463_n-e1731525914575.png\",\"width\":180,\"height\":60,\"caption\":\"COM Group Ecommerce\"},\"image\":{\"@id\":\"https:\\\/\\\/www.malinashop.lt\\\/#\\\/schema\\\/logo\\\/image\\\/\"}}]}<\/script>\n<!-- \/ Yoast SEO plugin. -->","yoast_head_json":{"title":"SINOZ tonuojantis veido fluidas nuo saul\u0117s SPF50+ TINTED TONE UP FLUID, 50ml - MalinaShop.lt J\u016bs\u0173 sveikatai ir gro\u017eiui.","description":"SINOZ TINTED TONE UP FLUID SPF50+ \u2013 tonuojantis veido fluidas nuo saul\u0117s, suvienodinantis odos atspalv\u012f, dr\u0117kinantis ir apsaugantis nuo UVA\/UVB spinduli\u0173. SINOZ tonuojantis veido fluidas SPF50+ TINTED TONE UP suvienodina odos atspalv\u012f, dr\u0117kina ir apsaugo nuo UVA\/UVB spinduli\u0173.","robots":{"index":"index","follow":"follow","max-snippet":"max-snippet:-1","max-image-preview":"max-image-preview:large","max-video-preview":"max-video-preview:-1"},"canonical":"https:\/\/www.malinashop.lt\/lt_lt\/shop\/sinoz-tonuojantis-veido-fluidas-nuo-saules-spf50-tinted-tone-up-fluid-50ml\/","og_locale":"lt_LT","og_type":"article","og_title":"SINOZ tonuojantis veido fluidas nuo saul\u0117s SPF50+ TINTED TONE UP FLUID, 50ml - MalinaShop.lt J\u016bs\u0173 sveikatai ir gro\u017eiui.","og_description":"SINOZ TINTED TONE UP FLUID SPF50+ \u2013 tonuojantis veido fluidas nuo saul\u0117s, suvienodinantis odos atspalv\u012f, dr\u0117kinantis ir apsaugantis nuo UVA\/UVB spinduli\u0173. SINOZ tonuojantis veido fluidas SPF50+ TINTED TONE UP suvienodina odos atspalv\u012f, dr\u0117kina ir apsaugo nuo UVA\/UVB spinduli\u0173.","og_url":"https:\/\/www.malinashop.lt\/lt_lt\/shop\/sinoz-tonuojantis-veido-fluidas-nuo-saules-spf50-tinted-tone-up-fluid-50ml\/","og_site_name":"MalinaShop.lt J\u016bs\u0173 sveikatai ir gro\u017eiui.","article_modified_time":"2026-03-18T09:28:11+00:00","og_image":[{"width":768,"height":768,"url":"https:\/\/www.malinashop.lt\/wp-content\/uploads\/2025\/10\/SINOZ-tonuojantis-veido-fluidas-nuo-saules-SPF50-TINTED-TONE-UP-FLUID-50ml.webp","type":"image\/webp"}],"twitter_card":"summary_large_image","schema":{"@context":"https:\/\/schema.org","@graph":[{"@type":"WebPage","@id":"https:\/\/www.malinashop.lt\/en\/shop\/sinoz-tonuojantis-veido-fluidas-nuo-saules-spf50-tinted-tone-up-fluid-50ml\/","url":"https:\/\/www.malinashop.lt\/en\/shop\/sinoz-tonuojantis-veido-fluidas-nuo-saules-spf50-tinted-tone-up-fluid-50ml\/","name":"SINOZ tonuojantis veido fluidas nuo saul\u0117s SPF50+ TINTED TONE UP FLUID, 50ml - MalinaShop.lt J\u016bs\u0173 sveikatai ir gro\u017eiui.","isPartOf":{"@id":"https:\/\/www.malinashop.lt\/#website"},"primaryImageOfPage":{"@id":"https:\/\/www.malinashop.lt\/en\/shop\/sinoz-tonuojantis-veido-fluidas-nuo-saules-spf50-tinted-tone-up-fluid-50ml\/#primaryimage"},"image":{"@id":"https:\/\/www.malinashop.lt\/en\/shop\/sinoz-tonuojantis-veido-fluidas-nuo-saules-spf50-tinted-tone-up-fluid-50ml\/#primaryimage"},"thumbnailUrl":"https:\/\/www.malinashop.lt\/wp-content\/uploads\/2025\/10\/SINOZ-tonuojantis-veido-fluidas-nuo-saules-SPF50-TINTED-TONE-UP-FLUID-50ml.webp","datePublished":"2025-10-20T08:27:10+00:00","dateModified":"2026-03-18T09:28:11+00:00","description":"SINOZ TINTED TONE UP FLUID SPF50+ \u2013 tonuojantis veido fluidas nuo saul\u0117s, suvienodinantis odos atspalv\u012f, dr\u0117kinantis ir apsaugantis nuo UVA\/UVB spinduli\u0173. SINOZ tonuojantis veido fluidas SPF50+ TINTED TONE UP suvienodina odos atspalv\u012f, dr\u0117kina ir apsaugo nuo UVA\/UVB spinduli\u0173.","breadcrumb":{"@id":"https:\/\/www.malinashop.lt\/en\/shop\/sinoz-tonuojantis-veido-fluidas-nuo-saules-spf50-tinted-tone-up-fluid-50ml\/#breadcrumb"},"inLanguage":"lt-LT","potentialAction":[{"@type":"ReadAction","target":["https:\/\/www.malinashop.lt\/en\/shop\/sinoz-tonuojantis-veido-fluidas-nuo-saules-spf50-tinted-tone-up-fluid-50ml\/"]}]},{"@type":"ImageObject","inLanguage":"lt-LT","@id":"https:\/\/www.malinashop.lt\/en\/shop\/sinoz-tonuojantis-veido-fluidas-nuo-saules-spf50-tinted-tone-up-fluid-50ml\/#primaryimage","url":"https:\/\/www.malinashop.lt\/wp-content\/uploads\/2025\/10\/SINOZ-tonuojantis-veido-fluidas-nuo-saules-SPF50-TINTED-TONE-UP-FLUID-50ml.webp","contentUrl":"https:\/\/www.malinashop.lt\/wp-content\/uploads\/2025\/10\/SINOZ-tonuojantis-veido-fluidas-nuo-saules-SPF50-TINTED-TONE-UP-FLUID-50ml.webp","width":768,"height":768},{"@type":"BreadcrumbList","@id":"https:\/\/www.malinashop.lt\/en\/shop\/sinoz-tonuojantis-veido-fluidas-nuo-saules-spf50-tinted-tone-up-fluid-50ml\/#breadcrumb","itemListElement":[{"@type":"ListItem","position":1,"name":"Pagrindinis","item":"https:\/\/www.malinashop.lt\/"},{"@type":"ListItem","position":2,"name":"Parduotuv\u0117","item":"https:\/\/www.malinashop.lt\/en\/parduotuve\/"},{"@type":"ListItem","position":3,"name":"SINOZ tonuojantis veido fluidas nuo saul\u0117s SPF50+ TINTED TONE UP FLUID, 50ml"}]},{"@type":"WebSite","@id":"https:\/\/www.malinashop.lt\/#website","url":"https:\/\/www.malinashop.lt\/","name":"COM Group Ecommerce","description":"MalinaShop.lt - Gro\u017eio ir sveikatos produktai i\u0161 patikim\u0173 preki\u0173 \u017eenkl\u0173. Atraskite auk\u0161tos kokyb\u0117s kosmetik\u0105 u\u017e puiki\u0105 kain\u0105.","publisher":{"@id":"https:\/\/www.malinashop.lt\/#organization"},"potentialAction":[{"@type":"SearchAction","target":{"@type":"EntryPoint","urlTemplate":"https:\/\/www.malinashop.lt\/?s={search_term_string}"},"query-input":{"@type":"PropertyValueSpecification","valueRequired":true,"valueName":"search_term_string"}}],"inLanguage":"lt-LT"},{"@type":"Organization","@id":"https:\/\/www.malinashop.lt\/#organization","name":"COM Group Ecommerce","url":"https:\/\/www.malinashop.lt\/","logo":{"@type":"ImageObject","inLanguage":"lt-LT","@id":"https:\/\/www.malinashop.lt\/#\/schema\/logo\/image\/","url":"https:\/\/www.malinashop.lt\/wp-content\/uploads\/2024\/08\/462559670_3787732518133670_9795632669273463_n-e1731525914575.png","contentUrl":"https:\/\/www.malinashop.lt\/wp-content\/uploads\/2024\/08\/462559670_3787732518133670_9795632669273463_n-e1731525914575.png","width":180,"height":60,"caption":"COM Group Ecommerce"},"image":{"@id":"https:\/\/www.malinashop.lt\/#\/schema\/logo\/image\/"}}]}},"jetpack_sharing_enabled":true,"_links":{"self":[{"href":"https:\/\/www.malinashop.lt\/lt_lt\/wp-json\/wp\/v2\/product\/58842","targetHints":{"allow":["GET"]}}],"collection":[{"href":"https:\/\/www.malinashop.lt\/lt_lt\/wp-json\/wp\/v2\/product"}],"about":[{"href":"https:\/\/www.malinashop.lt\/lt_lt\/wp-json\/wp\/v2\/types\/product"}],"version-history":[{"count":2,"href":"https:\/\/www.malinashop.lt\/lt_lt\/wp-json\/wp\/v2\/product\/58842\/revisions"}],"predecessor-version":[{"id":58848,"href":"https:\/\/www.malinashop.lt\/lt_lt\/wp-json\/wp\/v2\/product\/58842\/revisions\/58848"}],"wp:featuredmedia":[{"embeddable":true,"href":"https:\/\/www.malinashop.lt\/lt_lt\/wp-json\/wp\/v2\/media\/58843"}],"wp:attachment":[{"href":"https:\/\/www.malinashop.lt\/lt_lt\/wp-json\/wp\/v2\/media?parent=58842"}],"wp:term":[{"taxonomy":"product_brand","embeddable":true,"href":"https:\/\/www.malinashop.lt\/lt_lt\/wp-json\/wp\/v2\/product_brand?post=58842"},{"taxonomy":"product_cat","embeddable":true,"href":"https:\/\/www.malinashop.lt\/lt_lt\/wp-json\/wp\/v2\/product_cat?post=58842"},{"taxonomy":"product_tag","embeddable":true,"href":"https:\/\/www.malinashop.lt\/lt_lt\/wp-json\/wp\/v2\/product_tag?post=58842"}],"curies":[{"name":"wp","href":"https:\/\/api.w.org\/{rel}","templated":true}]}}