{"id":58832,"date":"2025-10-20T11:21:21","date_gmt":"2025-10-20T08:21:21","guid":{"rendered":"https:\/\/malinashop.lt\/?post_type=product&#038;p=58832"},"modified":"2026-03-18T12:28:12","modified_gmt":"2026-03-18T09:28:12","slug":"sinoz-veido-kremas-nuo-saules-riebiai-ir-i-spuogus-linkusiai-odai-spf50-sebum-balance-50ml","status":"publish","type":"product","link":"https:\/\/www.malinashop.lt\/lt_lt\/shop\/sinoz-veido-kremas-nuo-saules-riebiai-ir-i-spuogus-linkusiai-odai-spf50-sebum-balance-50ml\/","title":{"rendered":"SINOZ veido kremas nuo saul\u0117s riebiai ir \u012f spuogus linkusiai odai SPF50+ SEBUM BALANCE, 50ml"},"content":{"rendered":"<p data-start=\"408\" data-end=\"730\"><strong data-start=\"432\" data-end=\"529\">SINOZ apsauginis veido fluidas nuo saul\u0117s su SPF50+ DAILY SUN PROTECT FLUID SUNSCREEN SPF 50+<\/strong> \u2013 tai itin lengvos tekst\u016bros, kasdieniam naudojimui sukurtas fluidas, u\u017etikrinantis <strong data-start=\"614\" data-end=\"646\">auk\u0161to lygio UVA\/UVB apsaug\u0105<\/strong> ir padedantis apsaugoti od\u0105 nuo <strong data-start=\"679\" data-end=\"729\">fotosen\u0117jimo, pigmentacijos ir aplinkos tar\u0161os<\/strong>.<\/p>\n<p data-start=\"457\" data-end=\"770\"><strong data-start=\"481\" data-end=\"609\">SINOZ apsauginis veido kremas nuo saul\u0117s riebiai ir \u012f spuogus linkusiai odai su SPF50+ SEBUM BALANCE FLUID SUNSCREEN SPF 50+<\/strong> \u2013 tai specialiai riebiai, mi\u0161riai ir akn\u0117s pa\u017eeistai odai sukurtas kremas, kuris u\u017etikrina auk\u0161t\u0105 apsaug\u0105 nuo saul\u0117s ir padeda palaikyti odos \u0161var\u0105 bei balans\u0105.<\/p>\n<p data-start=\"772\" data-end=\"1088\">Formul\u0117je naudojami <strong data-start=\"792\" data-end=\"831\">modern\u016bs ir mineraliniai UV filtrai<\/strong>, kurie apsaugo nuo <strong data-start=\"851\" data-end=\"872\">UVA\/UVB spinduli\u0173<\/strong>, fotosen\u0117jimo ir pigmentini\u0173 d\u0117mi\u0173.<br data-start=\"908\" data-end=\"911\" \/>Lengva, <strong data-start=\"919\" data-end=\"948\">neriebi fluidin\u0117 tekst\u016bra<\/strong> greitai \u012fsigeria, nepalieka lipnumo ar balt\u0173 \u017eymi\u0173 ir suteikia <strong data-start=\"1012\" data-end=\"1029\">matin\u012f efekt\u0105<\/strong>, tod\u0117l idealiai tinka riebiai ir \u012f spuogus linkusiai odai.<\/p>\n<p data-start=\"1090\" data-end=\"1161\">Kremas praturtintas <strong data-start=\"1110\" data-end=\"1152\">specialiomis veikliosiomis med\u017eiagomis<\/strong>, kurios:<\/p>\n<ul data-start=\"1162\" data-end=\"1318\">\n<li data-start=\"1162\" data-end=\"1202\">\n<p data-start=\"1164\" data-end=\"1202\">Padeda suma\u017einti <strong data-start=\"1181\" data-end=\"1202\">riebal\u0173 pertekli\u0173<\/strong><\/p>\n<\/li>\n<li data-start=\"1203\" data-end=\"1237\">\n<p data-start=\"1205\" data-end=\"1237\">Apsaugo nuo <strong data-start=\"1217\" data-end=\"1237\">por\u0173 u\u017esikim\u0161imo<\/strong><\/p>\n<\/li>\n<li data-start=\"1238\" data-end=\"1280\">\n<p data-start=\"1240\" data-end=\"1280\">Ma\u017eina <strong data-start=\"1247\" data-end=\"1280\">spuog\u0173 ir u\u017edegim\u0173 atsiradim\u0105<\/strong><\/p>\n<\/li>\n<li data-start=\"1281\" data-end=\"1318\">\n<p data-start=\"1283\" data-end=\"1318\">I\u0161laiko <strong data-start=\"1291\" data-end=\"1318\">odos balans\u0105 vis\u0105 dien\u0105<\/strong><\/p>\n<\/li>\n<\/ul>\n<p data-start=\"1320\" data-end=\"1362\"><strong data-start=\"1320\" data-end=\"1362\">SINOZ SEBUM BALANCE SPF50+ privalumai:<\/strong><\/p>\n<ul data-start=\"1363\" data-end=\"1687\">\n<li data-start=\"1363\" data-end=\"1414\">\n<p data-start=\"1365\" data-end=\"1414\">Sukurtas ypa\u010d <strong data-start=\"1379\" data-end=\"1414\">riebiai ir akn\u0117s linkusiai odai<\/strong><\/p>\n<\/li>\n<li data-start=\"1415\" data-end=\"1450\">\n<p data-start=\"1417\" data-end=\"1450\">SPF50+ <strong data-start=\"1424\" data-end=\"1450\">auk\u0161ta UVA\/UVB apsauga<\/strong><\/p>\n<\/li>\n<li data-start=\"1451\" data-end=\"1489\">\n<p data-start=\"1453\" data-end=\"1489\">Kontroliuoja <strong data-start=\"1466\" data-end=\"1489\">riebal\u0173 i\u0161siskyrim\u0105<\/strong><\/p>\n<\/li>\n<li data-start=\"1490\" data-end=\"1527\">\n<p data-start=\"1492\" data-end=\"1527\">Ma\u017eina <strong data-start=\"1499\" data-end=\"1527\">spuog\u0173 susidarymo rizik\u0105<\/strong><\/p>\n<\/li>\n<li data-start=\"1528\" data-end=\"1566\">\n<p data-start=\"1530\" data-end=\"1566\">Neu\u017ekem\u0161a por\u0173 (<strong data-start=\"1546\" data-end=\"1565\">non-comedogenic<\/strong>)<\/p>\n<\/li>\n<li data-start=\"1567\" data-end=\"1618\">\n<p data-start=\"1569\" data-end=\"1618\">Greitai \u012fsigeria, <strong data-start=\"1587\" data-end=\"1618\">be riebumo ir balt\u0173 liku\u010di\u0173<\/strong><\/p>\n<\/li>\n<li data-start=\"1619\" data-end=\"1664\">\n<p data-start=\"1621\" data-end=\"1664\">Lengva fluidin\u0117 tekst\u016bra \u2013 tinka po makia\u017eu<\/p>\n<\/li>\n<li data-start=\"1665\" data-end=\"1687\">\n<p data-start=\"1667\" data-end=\"1687\">Kasdienis naudojimas<\/p>\n<\/li>\n<\/ul>\n<p data-start=\"1689\" data-end=\"1799\">Tai idealus pasirinkimas tiems, kurie nori apsaugoti od\u0105 nuo saul\u0117s, bet vengia sunki\u0173, poras kem\u0161an\u010di\u0173 krem\u0173.<\/p>\n<p data-start=\"1801\" data-end=\"1966\"><strong data-start=\"1801\" data-end=\"1816\">Naudojimas:<\/strong><br data-start=\"1816\" data-end=\"1819\" \/>Gerai suplakite. Tepkite ant veido, kaklo ir paaki\u0173 srities 15\u201320 min. prie\u0161 saul\u0119. Ilgai b\u016bnant saul\u0117je \u2013 pakartoti kas 2 valandas ir po maudyni\u0173.<\/p>\n<p data-start=\"1968\" data-end=\"2078\"><strong data-start=\"1968\" data-end=\"2014\">SINOZ SEBUM BALANCE FLUID SUNSCREEN SPF50+<\/strong> \u2013 apsauga, matinis efektas ir spuog\u0173 kontrol\u0117 viename produkte.<\/p>\n","protected":false},"excerpt":{"rendered":"<p>SINOZ SEBUM BALANCE FLUID SPF50+ \u2013 apsauginis veido kremas nuo saul\u0117s riebiai ir \u012f spuogus linkusiai odai, subalansuojantis riebal\u0173 pertekli\u0173 ir saugantis nuo UV spinduli\u0173.<\/p>\n","protected":false},"featured_media":58833,"template":"","meta":[],"product_brand":[1354],"product_cat":[772,731],"product_tag":[1619],"class_list":{"0":"post-58832","1":"product","2":"type-product","3":"status-publish","4":"has-post-thumbnail","6":"product_brand-sinoz","7":"product_cat-apsauga-nuo-saules","8":"product_cat-kunui","9":"product_tag-sinoz","11":"first","12":"instock","13":"sale","14":"taxable","15":"shipping-taxable","16":"purchasable","17":"product-type-simple"},"yoast_head":"<!-- This site is optimized with the Yoast SEO plugin v27.4 - https:\/\/yoast.com\/product\/yoast-seo-wordpress\/ -->\n<title>SINOZ veido kremas nuo saul\u0117s riebiai ir \u012f spuogus linkusiai odai SPF50+ SEBUM BALANCE, 50ml - MalinaShop.lt J\u016bs\u0173 sveikatai ir gro\u017eiui.<\/title>\n<meta name=\"description\" content=\"SINOZ SEBUM BALANCE FLUID SPF50+ \u2013 apsauginis veido kremas nuo saul\u0117s riebiai ir \u012f spuogus linkusiai odai, subalansuojantis riebal\u0173 pertekli\u0173 ir saugantis nuo UV spinduli\u0173.SINOZ veido kremas nuo saul\u0117s SPF50+ SEBUM BALANCE riebiai ir \u012f spuogus linkusiai odai subalansuoja riebalus ir apsaugo nuo UVA\/UVB.\" \/>\n<meta name=\"robots\" content=\"index, follow, max-snippet:-1, max-image-preview:large, max-video-preview:-1\" \/>\n<link rel=\"canonical\" href=\"https:\/\/www.malinashop.lt\/lt_lt\/shop\/sinoz-veido-kremas-nuo-saules-riebiai-ir-i-spuogus-linkusiai-odai-spf50-sebum-balance-50ml\/\" \/>\n<meta property=\"og:locale\" content=\"lt_LT\" \/>\n<meta property=\"og:type\" content=\"article\" \/>\n<meta property=\"og:title\" content=\"SINOZ veido kremas nuo saul\u0117s riebiai ir \u012f spuogus linkusiai odai SPF50+ SEBUM BALANCE, 50ml - MalinaShop.lt J\u016bs\u0173 sveikatai ir gro\u017eiui.\" \/>\n<meta property=\"og:description\" content=\"SINOZ SEBUM BALANCE FLUID SPF50+ \u2013 apsauginis veido kremas nuo saul\u0117s riebiai ir \u012f spuogus linkusiai odai, subalansuojantis riebal\u0173 pertekli\u0173 ir saugantis nuo UV spinduli\u0173.SINOZ veido kremas nuo saul\u0117s SPF50+ SEBUM BALANCE riebiai ir \u012f spuogus linkusiai odai subalansuoja riebalus ir apsaugo nuo UVA\/UVB.\" \/>\n<meta property=\"og:url\" content=\"https:\/\/www.malinashop.lt\/lt_lt\/shop\/sinoz-veido-kremas-nuo-saules-riebiai-ir-i-spuogus-linkusiai-odai-spf50-sebum-balance-50ml\/\" \/>\n<meta property=\"og:site_name\" content=\"MalinaShop.lt J\u016bs\u0173 sveikatai ir gro\u017eiui.\" \/>\n<meta property=\"article:modified_time\" content=\"2026-03-18T09:28:12+00:00\" \/>\n<meta property=\"og:image\" content=\"https:\/\/www.malinashop.lt\/wp-content\/uploads\/2025\/10\/SINOZ-veido-kremas-nuo-saules-riebiai-ir-i-spuogus-linkusiai-odai-SPF50-SEBUM-BALANCE-50ml.webp\" \/>\n\t<meta property=\"og:image:width\" content=\"768\" \/>\n\t<meta property=\"og:image:height\" content=\"768\" \/>\n\t<meta property=\"og:image:type\" content=\"image\/webp\" \/>\n<meta name=\"twitter:card\" content=\"summary_large_image\" \/>\n<script type=\"application\/ld+json\" class=\"yoast-schema-graph\">{\"@context\":\"https:\\\/\\\/schema.org\",\"@graph\":[{\"@type\":\"WebPage\",\"@id\":\"https:\\\/\\\/www.malinashop.lt\\\/shop\\\/sinoz-veido-kremas-nuo-saules-riebiai-ir-i-spuogus-linkusiai-odai-spf50-sebum-balance-50ml\\\/\",\"url\":\"https:\\\/\\\/www.malinashop.lt\\\/shop\\\/sinoz-veido-kremas-nuo-saules-riebiai-ir-i-spuogus-linkusiai-odai-spf50-sebum-balance-50ml\\\/\",\"name\":\"SINOZ veido kremas nuo saul\u0117s riebiai ir \u012f spuogus linkusiai odai SPF50+ SEBUM BALANCE, 50ml - MalinaShop.lt J\u016bs\u0173 sveikatai ir gro\u017eiui.\",\"isPartOf\":{\"@id\":\"https:\\\/\\\/www.malinashop.lt\\\/#website\"},\"primaryImageOfPage\":{\"@id\":\"https:\\\/\\\/www.malinashop.lt\\\/shop\\\/sinoz-veido-kremas-nuo-saules-riebiai-ir-i-spuogus-linkusiai-odai-spf50-sebum-balance-50ml\\\/#primaryimage\"},\"image\":{\"@id\":\"https:\\\/\\\/www.malinashop.lt\\\/shop\\\/sinoz-veido-kremas-nuo-saules-riebiai-ir-i-spuogus-linkusiai-odai-spf50-sebum-balance-50ml\\\/#primaryimage\"},\"thumbnailUrl\":\"https:\\\/\\\/www.malinashop.lt\\\/wp-content\\\/uploads\\\/2025\\\/10\\\/SINOZ-veido-kremas-nuo-saules-riebiai-ir-i-spuogus-linkusiai-odai-SPF50-SEBUM-BALANCE-50ml.webp\",\"datePublished\":\"2025-10-20T08:21:21+00:00\",\"dateModified\":\"2026-03-18T09:28:12+00:00\",\"description\":\"SINOZ SEBUM BALANCE FLUID SPF50+ \u2013 apsauginis veido kremas nuo saul\u0117s riebiai ir \u012f spuogus linkusiai odai, subalansuojantis riebal\u0173 pertekli\u0173 ir saugantis nuo UV spinduli\u0173.SINOZ veido kremas nuo saul\u0117s SPF50+ SEBUM BALANCE riebiai ir \u012f spuogus linkusiai odai subalansuoja riebalus ir apsaugo nuo UVA\\\/UVB.\",\"breadcrumb\":{\"@id\":\"https:\\\/\\\/www.malinashop.lt\\\/shop\\\/sinoz-veido-kremas-nuo-saules-riebiai-ir-i-spuogus-linkusiai-odai-spf50-sebum-balance-50ml\\\/#breadcrumb\"},\"inLanguage\":\"lt-LT\",\"potentialAction\":[{\"@type\":\"ReadAction\",\"target\":[\"https:\\\/\\\/www.malinashop.lt\\\/shop\\\/sinoz-veido-kremas-nuo-saules-riebiai-ir-i-spuogus-linkusiai-odai-spf50-sebum-balance-50ml\\\/\"]}]},{\"@type\":\"ImageObject\",\"inLanguage\":\"lt-LT\",\"@id\":\"https:\\\/\\\/www.malinashop.lt\\\/shop\\\/sinoz-veido-kremas-nuo-saules-riebiai-ir-i-spuogus-linkusiai-odai-spf50-sebum-balance-50ml\\\/#primaryimage\",\"url\":\"https:\\\/\\\/www.malinashop.lt\\\/wp-content\\\/uploads\\\/2025\\\/10\\\/SINOZ-veido-kremas-nuo-saules-riebiai-ir-i-spuogus-linkusiai-odai-SPF50-SEBUM-BALANCE-50ml.webp\",\"contentUrl\":\"https:\\\/\\\/www.malinashop.lt\\\/wp-content\\\/uploads\\\/2025\\\/10\\\/SINOZ-veido-kremas-nuo-saules-riebiai-ir-i-spuogus-linkusiai-odai-SPF50-SEBUM-BALANCE-50ml.webp\",\"width\":768,\"height\":768},{\"@type\":\"BreadcrumbList\",\"@id\":\"https:\\\/\\\/www.malinashop.lt\\\/shop\\\/sinoz-veido-kremas-nuo-saules-riebiai-ir-i-spuogus-linkusiai-odai-spf50-sebum-balance-50ml\\\/#breadcrumb\",\"itemListElement\":[{\"@type\":\"ListItem\",\"position\":1,\"name\":\"Pagrindinis\",\"item\":\"https:\\\/\\\/www.malinashop.lt\\\/\"},{\"@type\":\"ListItem\",\"position\":2,\"name\":\"Parduotuv\u0117\",\"item\":\"https:\\\/\\\/www.malinashop.lt\\\/en\\\/parduotuve\\\/\"},{\"@type\":\"ListItem\",\"position\":3,\"name\":\"SINOZ veido kremas nuo saul\u0117s riebiai ir \u012f spuogus linkusiai odai SPF50+ SEBUM BALANCE, 50ml\"}]},{\"@type\":\"WebSite\",\"@id\":\"https:\\\/\\\/www.malinashop.lt\\\/#website\",\"url\":\"https:\\\/\\\/www.malinashop.lt\\\/\",\"name\":\"COM Group Ecommerce\",\"description\":\"MalinaShop.lt - Gro\u017eio ir sveikatos produktai i\u0161 patikim\u0173 preki\u0173 \u017eenkl\u0173. Atraskite auk\u0161tos kokyb\u0117s kosmetik\u0105 u\u017e puiki\u0105 kain\u0105.\",\"publisher\":{\"@id\":\"https:\\\/\\\/www.malinashop.lt\\\/#organization\"},\"potentialAction\":[{\"@type\":\"SearchAction\",\"target\":{\"@type\":\"EntryPoint\",\"urlTemplate\":\"https:\\\/\\\/www.malinashop.lt\\\/?s={search_term_string}\"},\"query-input\":{\"@type\":\"PropertyValueSpecification\",\"valueRequired\":true,\"valueName\":\"search_term_string\"}}],\"inLanguage\":\"lt-LT\"},{\"@type\":\"Organization\",\"@id\":\"https:\\\/\\\/www.malinashop.lt\\\/#organization\",\"name\":\"COM Group Ecommerce\",\"url\":\"https:\\\/\\\/www.malinashop.lt\\\/\",\"logo\":{\"@type\":\"ImageObject\",\"inLanguage\":\"lt-LT\",\"@id\":\"https:\\\/\\\/www.malinashop.lt\\\/#\\\/schema\\\/logo\\\/image\\\/\",\"url\":\"https:\\\/\\\/www.malinashop.lt\\\/wp-content\\\/uploads\\\/2024\\\/08\\\/462559670_3787732518133670_9795632669273463_n-e1731525914575.png\",\"contentUrl\":\"https:\\\/\\\/www.malinashop.lt\\\/wp-content\\\/uploads\\\/2024\\\/08\\\/462559670_3787732518133670_9795632669273463_n-e1731525914575.png\",\"width\":180,\"height\":60,\"caption\":\"COM Group Ecommerce\"},\"image\":{\"@id\":\"https:\\\/\\\/www.malinashop.lt\\\/#\\\/schema\\\/logo\\\/image\\\/\"}}]}<\/script>\n<!-- \/ Yoast SEO plugin. -->","yoast_head_json":{"title":"SINOZ veido kremas nuo saul\u0117s riebiai ir \u012f spuogus linkusiai odai SPF50+ SEBUM BALANCE, 50ml - MalinaShop.lt J\u016bs\u0173 sveikatai ir gro\u017eiui.","description":"SINOZ SEBUM BALANCE FLUID SPF50+ \u2013 apsauginis veido kremas nuo saul\u0117s riebiai ir \u012f spuogus linkusiai odai, subalansuojantis riebal\u0173 pertekli\u0173 ir saugantis nuo UV spinduli\u0173.SINOZ veido kremas nuo saul\u0117s SPF50+ SEBUM BALANCE riebiai ir \u012f spuogus linkusiai odai subalansuoja riebalus ir apsaugo nuo UVA\/UVB.","robots":{"index":"index","follow":"follow","max-snippet":"max-snippet:-1","max-image-preview":"max-image-preview:large","max-video-preview":"max-video-preview:-1"},"canonical":"https:\/\/www.malinashop.lt\/lt_lt\/shop\/sinoz-veido-kremas-nuo-saules-riebiai-ir-i-spuogus-linkusiai-odai-spf50-sebum-balance-50ml\/","og_locale":"lt_LT","og_type":"article","og_title":"SINOZ veido kremas nuo saul\u0117s riebiai ir \u012f spuogus linkusiai odai SPF50+ SEBUM BALANCE, 50ml - MalinaShop.lt J\u016bs\u0173 sveikatai ir gro\u017eiui.","og_description":"SINOZ SEBUM BALANCE FLUID SPF50+ \u2013 apsauginis veido kremas nuo saul\u0117s riebiai ir \u012f spuogus linkusiai odai, subalansuojantis riebal\u0173 pertekli\u0173 ir saugantis nuo UV spinduli\u0173.SINOZ veido kremas nuo saul\u0117s SPF50+ SEBUM BALANCE riebiai ir \u012f spuogus linkusiai odai subalansuoja riebalus ir apsaugo nuo UVA\/UVB.","og_url":"https:\/\/www.malinashop.lt\/lt_lt\/shop\/sinoz-veido-kremas-nuo-saules-riebiai-ir-i-spuogus-linkusiai-odai-spf50-sebum-balance-50ml\/","og_site_name":"MalinaShop.lt J\u016bs\u0173 sveikatai ir gro\u017eiui.","article_modified_time":"2026-03-18T09:28:12+00:00","og_image":[{"width":768,"height":768,"url":"https:\/\/www.malinashop.lt\/wp-content\/uploads\/2025\/10\/SINOZ-veido-kremas-nuo-saules-riebiai-ir-i-spuogus-linkusiai-odai-SPF50-SEBUM-BALANCE-50ml.webp","type":"image\/webp"}],"twitter_card":"summary_large_image","schema":{"@context":"https:\/\/schema.org","@graph":[{"@type":"WebPage","@id":"https:\/\/www.malinashop.lt\/shop\/sinoz-veido-kremas-nuo-saules-riebiai-ir-i-spuogus-linkusiai-odai-spf50-sebum-balance-50ml\/","url":"https:\/\/www.malinashop.lt\/shop\/sinoz-veido-kremas-nuo-saules-riebiai-ir-i-spuogus-linkusiai-odai-spf50-sebum-balance-50ml\/","name":"SINOZ veido kremas nuo saul\u0117s riebiai ir \u012f spuogus linkusiai odai SPF50+ SEBUM BALANCE, 50ml - MalinaShop.lt J\u016bs\u0173 sveikatai ir gro\u017eiui.","isPartOf":{"@id":"https:\/\/www.malinashop.lt\/#website"},"primaryImageOfPage":{"@id":"https:\/\/www.malinashop.lt\/shop\/sinoz-veido-kremas-nuo-saules-riebiai-ir-i-spuogus-linkusiai-odai-spf50-sebum-balance-50ml\/#primaryimage"},"image":{"@id":"https:\/\/www.malinashop.lt\/shop\/sinoz-veido-kremas-nuo-saules-riebiai-ir-i-spuogus-linkusiai-odai-spf50-sebum-balance-50ml\/#primaryimage"},"thumbnailUrl":"https:\/\/www.malinashop.lt\/wp-content\/uploads\/2025\/10\/SINOZ-veido-kremas-nuo-saules-riebiai-ir-i-spuogus-linkusiai-odai-SPF50-SEBUM-BALANCE-50ml.webp","datePublished":"2025-10-20T08:21:21+00:00","dateModified":"2026-03-18T09:28:12+00:00","description":"SINOZ SEBUM BALANCE FLUID SPF50+ \u2013 apsauginis veido kremas nuo saul\u0117s riebiai ir \u012f spuogus linkusiai odai, subalansuojantis riebal\u0173 pertekli\u0173 ir saugantis nuo UV spinduli\u0173.SINOZ veido kremas nuo saul\u0117s SPF50+ SEBUM BALANCE riebiai ir \u012f spuogus linkusiai odai subalansuoja riebalus ir apsaugo nuo UVA\/UVB.","breadcrumb":{"@id":"https:\/\/www.malinashop.lt\/shop\/sinoz-veido-kremas-nuo-saules-riebiai-ir-i-spuogus-linkusiai-odai-spf50-sebum-balance-50ml\/#breadcrumb"},"inLanguage":"lt-LT","potentialAction":[{"@type":"ReadAction","target":["https:\/\/www.malinashop.lt\/shop\/sinoz-veido-kremas-nuo-saules-riebiai-ir-i-spuogus-linkusiai-odai-spf50-sebum-balance-50ml\/"]}]},{"@type":"ImageObject","inLanguage":"lt-LT","@id":"https:\/\/www.malinashop.lt\/shop\/sinoz-veido-kremas-nuo-saules-riebiai-ir-i-spuogus-linkusiai-odai-spf50-sebum-balance-50ml\/#primaryimage","url":"https:\/\/www.malinashop.lt\/wp-content\/uploads\/2025\/10\/SINOZ-veido-kremas-nuo-saules-riebiai-ir-i-spuogus-linkusiai-odai-SPF50-SEBUM-BALANCE-50ml.webp","contentUrl":"https:\/\/www.malinashop.lt\/wp-content\/uploads\/2025\/10\/SINOZ-veido-kremas-nuo-saules-riebiai-ir-i-spuogus-linkusiai-odai-SPF50-SEBUM-BALANCE-50ml.webp","width":768,"height":768},{"@type":"BreadcrumbList","@id":"https:\/\/www.malinashop.lt\/shop\/sinoz-veido-kremas-nuo-saules-riebiai-ir-i-spuogus-linkusiai-odai-spf50-sebum-balance-50ml\/#breadcrumb","itemListElement":[{"@type":"ListItem","position":1,"name":"Pagrindinis","item":"https:\/\/www.malinashop.lt\/"},{"@type":"ListItem","position":2,"name":"Parduotuv\u0117","item":"https:\/\/www.malinashop.lt\/en\/parduotuve\/"},{"@type":"ListItem","position":3,"name":"SINOZ veido kremas nuo saul\u0117s riebiai ir \u012f spuogus linkusiai odai SPF50+ SEBUM BALANCE, 50ml"}]},{"@type":"WebSite","@id":"https:\/\/www.malinashop.lt\/#website","url":"https:\/\/www.malinashop.lt\/","name":"COM Group Ecommerce","description":"MalinaShop.lt - Gro\u017eio ir sveikatos produktai i\u0161 patikim\u0173 preki\u0173 \u017eenkl\u0173. Atraskite auk\u0161tos kokyb\u0117s kosmetik\u0105 u\u017e puiki\u0105 kain\u0105.","publisher":{"@id":"https:\/\/www.malinashop.lt\/#organization"},"potentialAction":[{"@type":"SearchAction","target":{"@type":"EntryPoint","urlTemplate":"https:\/\/www.malinashop.lt\/?s={search_term_string}"},"query-input":{"@type":"PropertyValueSpecification","valueRequired":true,"valueName":"search_term_string"}}],"inLanguage":"lt-LT"},{"@type":"Organization","@id":"https:\/\/www.malinashop.lt\/#organization","name":"COM Group Ecommerce","url":"https:\/\/www.malinashop.lt\/","logo":{"@type":"ImageObject","inLanguage":"lt-LT","@id":"https:\/\/www.malinashop.lt\/#\/schema\/logo\/image\/","url":"https:\/\/www.malinashop.lt\/wp-content\/uploads\/2024\/08\/462559670_3787732518133670_9795632669273463_n-e1731525914575.png","contentUrl":"https:\/\/www.malinashop.lt\/wp-content\/uploads\/2024\/08\/462559670_3787732518133670_9795632669273463_n-e1731525914575.png","width":180,"height":60,"caption":"COM Group Ecommerce"},"image":{"@id":"https:\/\/www.malinashop.lt\/#\/schema\/logo\/image\/"}}]}},"jetpack_sharing_enabled":true,"_links":{"self":[{"href":"https:\/\/www.malinashop.lt\/lt_lt\/wp-json\/wp\/v2\/product\/58832","targetHints":{"allow":["GET"]}}],"collection":[{"href":"https:\/\/www.malinashop.lt\/lt_lt\/wp-json\/wp\/v2\/product"}],"about":[{"href":"https:\/\/www.malinashop.lt\/lt_lt\/wp-json\/wp\/v2\/types\/product"}],"version-history":[{"count":1,"href":"https:\/\/www.malinashop.lt\/lt_lt\/wp-json\/wp\/v2\/product\/58832\/revisions"}],"predecessor-version":[{"id":58834,"href":"https:\/\/www.malinashop.lt\/lt_lt\/wp-json\/wp\/v2\/product\/58832\/revisions\/58834"}],"wp:featuredmedia":[{"embeddable":true,"href":"https:\/\/www.malinashop.lt\/lt_lt\/wp-json\/wp\/v2\/media\/58833"}],"wp:attachment":[{"href":"https:\/\/www.malinashop.lt\/lt_lt\/wp-json\/wp\/v2\/media?parent=58832"}],"wp:term":[{"taxonomy":"product_brand","embeddable":true,"href":"https:\/\/www.malinashop.lt\/lt_lt\/wp-json\/wp\/v2\/product_brand?post=58832"},{"taxonomy":"product_cat","embeddable":true,"href":"https:\/\/www.malinashop.lt\/lt_lt\/wp-json\/wp\/v2\/product_cat?post=58832"},{"taxonomy":"product_tag","embeddable":true,"href":"https:\/\/www.malinashop.lt\/lt_lt\/wp-json\/wp\/v2\/product_tag?post=58832"}],"curies":[{"name":"wp","href":"https:\/\/api.w.org\/{rel}","templated":true}]}}