{"id":58823,"date":"2025-10-20T11:15:12","date_gmt":"2025-10-20T08:15:12","guid":{"rendered":"https:\/\/malinashop.lt\/?post_type=product&#038;p=58823"},"modified":"2026-03-18T12:28:14","modified_gmt":"2026-03-18T09:28:14","slug":"sinoz-apsauginis-veido-kremas-nuo-saules-riebiai-odai-spf50-sunscreen-for-oily-skin-50ml","status":"publish","type":"product","link":"https:\/\/www.malinashop.lt\/lt_lt\/shop\/sinoz-apsauginis-veido-kremas-nuo-saules-riebiai-odai-spf50-sunscreen-for-oily-skin-50ml\/","title":{"rendered":"SINOZ apsauginis veido kremas nuo saul\u0117s riebiai odai SPF50+ SUNSCREEN FOR OILY SKIN, 50ml"},"content":{"rendered":"<p data-start=\"454\" data-end=\"722\"><strong data-start=\"478\" data-end=\"577\">SINOZ apsauginis veido kremas nuo saul\u0117s riebiai odai su SPF50+ SUNSCREEN FOR OILY SKIN SPF 50+<\/strong> \u2013 tai specialiai riebiai ir mi\u0161riai odai sukurtas kremas, kuris apsaugo nuo saul\u0117s spinduli\u0173 ir tuo pa\u010diu padeda i\u0161laikyti odos riebal\u0173 balans\u0105.<\/p>\n<p data-start=\"724\" data-end=\"940\">Jo <strong data-start=\"727\" data-end=\"763\">lengva, vandens pagrindo formul\u0117<\/strong> greitai \u012fsigeria, nepalieka riebumo ar lipnumo poj\u016b\u010dio ir nesukelia blizgesio. Kremas <strong data-start=\"850\" data-end=\"893\">padeda kontroliuoti riebal\u0173 i\u0161siskyrim\u0105<\/strong>, tod\u0117l oda i\u0161lieka matin\u0117 ir gaivi vis\u0105 dien\u0105.<\/p>\n<p data-start=\"942\" data-end=\"1182\"><strong data-start=\"942\" data-end=\"960\">SPF50+ apsauga<\/strong> apsaugo nuo kenksming\u0173 UVA\/UVB spinduli\u0173, kurie sukelia odos sen\u0117jim\u0105, pigmentines d\u0117mes ir pa\u017eeidimus. Be to, kremas <strong data-start=\"1079\" data-end=\"1114\">stiprina odos apsaugin\u012f barjer\u0105<\/strong>, tod\u0117l ji tampa atsparesn\u0117 i\u0161oriniams veiksniams ir dehidratacijai.<\/p>\n<p data-start=\"1184\" data-end=\"1237\"><strong data-start=\"1184\" data-end=\"1237\">SINOZ SUNSCREEN FOR OILY SKIN SPF 50+ privalumai:<\/strong><\/p>\n<ul data-start=\"1238\" data-end=\"1536\">\n<li data-start=\"1238\" data-end=\"1276\">\n<p data-start=\"1240\" data-end=\"1276\">Sukurtas <strong data-start=\"1249\" data-end=\"1276\">riebiai ir mi\u0161riai odai<\/strong><\/p>\n<\/li>\n<li data-start=\"1277\" data-end=\"1315\">\n<p data-start=\"1279\" data-end=\"1315\">Subalansuoja <strong data-start=\"1292\" data-end=\"1315\">riebal\u0173 i\u0161siskyrim\u0105<\/strong><\/p>\n<\/li>\n<li data-start=\"1316\" data-end=\"1356\">\n<p data-start=\"1318\" data-end=\"1356\">Apsaugo nuo <strong data-start=\"1330\" data-end=\"1356\">UV spinduli\u0173 (SPF 50+)<\/strong><\/p>\n<\/li>\n<li data-start=\"1357\" data-end=\"1373\">\n<p data-start=\"1359\" data-end=\"1373\">Neu\u017ekem\u0161a por\u0173<\/p>\n<\/li>\n<li data-start=\"1374\" data-end=\"1431\">\n<p data-start=\"1376\" data-end=\"1431\"><strong data-start=\"1376\" data-end=\"1396\">Vandens pagrindu<\/strong> \u2013 labai lengvas, greitai susigeria<\/p>\n<\/li>\n<li data-start=\"1432\" data-end=\"1456\">\n<p data-start=\"1434\" data-end=\"1456\"><strong data-start=\"1434\" data-end=\"1456\">Atsparus vandeniui<\/strong><\/p>\n<\/li>\n<li data-start=\"1457\" data-end=\"1496\">\n<p data-start=\"1459\" data-end=\"1496\">Nesukelia blizgesio, tinka po makia\u017eu<\/p>\n<\/li>\n<li data-start=\"1497\" data-end=\"1536\">\n<p data-start=\"1499\" data-end=\"1536\">Kasdien\u0117 apsauga visiems met\u0173 laikams<\/p>\n<\/li>\n<\/ul>\n<p data-start=\"1538\" data-end=\"1629\">Tinka naudoti ryte prie\u0161 makia\u017e\u0105 ar vien\u0105, kaip paskutin\u012f \u017eingsn\u012f odos prie\u017ei\u016bros rutinoje.<\/p>\n<p data-start=\"1631\" data-end=\"1806\"><strong data-start=\"1631\" data-end=\"1646\">Naudojimas:<\/strong><br data-start=\"1646\" data-end=\"1649\" \/>Gerai suplakite. Tolygiai tepkite ant veido, kaklo ir paaki\u0173 15\u201320 min. prie\u0161 saul\u0117s poveik\u012f. Ilgai b\u016bnant saul\u0117je \u2013 pakartoti kas 2 valandas ir po maudyni\u0173.<\/p>\n<p data-start=\"1808\" data-end=\"1965\"><strong data-start=\"1808\" data-end=\"1849\">SINOZ SUNSCREEN FOR OILY SKIN SPF 50+<\/strong> \u2013 idealus pasirinkimas riebiai odai, norint apsaugoti, subalansuoti ir i\u0161laikyti matin\u012f efekt\u0105 be odos apsunkinimo.<\/p>\n","protected":false},"excerpt":{"rendered":"<p>SINOZ SUNSCREEN FOR OILY SKIN SPF50+ \u2013 lengvas vandens pagrindo veido kremas nuo saul\u0117s riebiai odai, subalansuojantis riebal\u0173 i\u0161siskyrim\u0105 ir apsaugantis nuo UV spinduli\u0173.<\/p>\n","protected":false},"featured_media":58824,"template":"","meta":[],"product_brand":[1354],"product_cat":[772,731],"product_tag":[1619],"class_list":{"0":"post-58823","1":"product","2":"type-product","3":"status-publish","4":"has-post-thumbnail","6":"product_brand-sinoz","7":"product_cat-apsauga-nuo-saules","8":"product_cat-kunui","9":"product_tag-sinoz","11":"first","12":"instock","13":"sale","14":"taxable","15":"shipping-taxable","16":"purchasable","17":"product-type-simple"},"yoast_head":"<!-- This site is optimized with the Yoast SEO plugin v27.4 - https:\/\/yoast.com\/product\/yoast-seo-wordpress\/ -->\n<title>SINOZ apsauginis veido kremas nuo saul\u0117s riebiai odai SPF50+ SUNSCREEN FOR OILY SKIN, 50ml - MalinaShop.lt J\u016bs\u0173 sveikatai ir gro\u017eiui.<\/title>\n<meta name=\"description\" content=\"SINOZ SUNSCREEN FOR OILY SKIN SPF50+ \u2013 lengvas vandens pagrindo veido kremas nuo saul\u0117s riebiai odai, subalansuojantis riebal\u0173 i\u0161siskyrim\u0105 ir apsaugantis nuo UV spinduli\u0173.SINOZ apsauginis veido kremas nuo saul\u0117s riebiai odai SPF50+ SUNSCREEN FOR OILY SKIN subalansuoja riebalus ir apsaugo nuo UV spinduli\u0173.\" \/>\n<meta name=\"robots\" content=\"index, follow, max-snippet:-1, max-image-preview:large, max-video-preview:-1\" \/>\n<link rel=\"canonical\" href=\"https:\/\/www.malinashop.lt\/lt_lt\/shop\/sinoz-apsauginis-veido-kremas-nuo-saules-riebiai-odai-spf50-sunscreen-for-oily-skin-50ml\/\" \/>\n<meta property=\"og:locale\" content=\"lt_LT\" \/>\n<meta property=\"og:type\" content=\"article\" \/>\n<meta property=\"og:title\" content=\"SINOZ apsauginis veido kremas nuo saul\u0117s riebiai odai SPF50+ SUNSCREEN FOR OILY SKIN, 50ml - MalinaShop.lt J\u016bs\u0173 sveikatai ir gro\u017eiui.\" \/>\n<meta property=\"og:description\" content=\"SINOZ SUNSCREEN FOR OILY SKIN SPF50+ \u2013 lengvas vandens pagrindo veido kremas nuo saul\u0117s riebiai odai, subalansuojantis riebal\u0173 i\u0161siskyrim\u0105 ir apsaugantis nuo UV spinduli\u0173.SINOZ apsauginis veido kremas nuo saul\u0117s riebiai odai SPF50+ SUNSCREEN FOR OILY SKIN subalansuoja riebalus ir apsaugo nuo UV spinduli\u0173.\" \/>\n<meta property=\"og:url\" content=\"https:\/\/www.malinashop.lt\/lt_lt\/shop\/sinoz-apsauginis-veido-kremas-nuo-saules-riebiai-odai-spf50-sunscreen-for-oily-skin-50ml\/\" \/>\n<meta property=\"og:site_name\" content=\"MalinaShop.lt J\u016bs\u0173 sveikatai ir gro\u017eiui.\" \/>\n<meta property=\"article:modified_time\" content=\"2026-03-18T09:28:14+00:00\" \/>\n<meta property=\"og:image\" content=\"https:\/\/www.malinashop.lt\/wp-content\/uploads\/2025\/10\/SINOZ-apsauginis-veido-kremas-nuo-saules-riebiai-odai-SPF50-SUNSCREEN-FOR-OILY-SKIN-50ml.webp\" \/>\n\t<meta property=\"og:image:width\" content=\"768\" \/>\n\t<meta property=\"og:image:height\" content=\"768\" \/>\n\t<meta property=\"og:image:type\" content=\"image\/webp\" \/>\n<meta name=\"twitter:card\" content=\"summary_large_image\" \/>\n<script type=\"application\/ld+json\" class=\"yoast-schema-graph\">{\"@context\":\"https:\\\/\\\/schema.org\",\"@graph\":[{\"@type\":\"WebPage\",\"@id\":\"https:\\\/\\\/www.malinashop.lt\\\/en\\\/shop\\\/sinoz-apsauginis-veido-kremas-nuo-saules-riebiai-odai-spf50-sunscreen-for-oily-skin-50ml\\\/\",\"url\":\"https:\\\/\\\/www.malinashop.lt\\\/en\\\/shop\\\/sinoz-apsauginis-veido-kremas-nuo-saules-riebiai-odai-spf50-sunscreen-for-oily-skin-50ml\\\/\",\"name\":\"SINOZ apsauginis veido kremas nuo saul\u0117s riebiai odai SPF50+ SUNSCREEN FOR OILY SKIN, 50ml - MalinaShop.lt J\u016bs\u0173 sveikatai ir gro\u017eiui.\",\"isPartOf\":{\"@id\":\"https:\\\/\\\/www.malinashop.lt\\\/#website\"},\"primaryImageOfPage\":{\"@id\":\"https:\\\/\\\/www.malinashop.lt\\\/en\\\/shop\\\/sinoz-apsauginis-veido-kremas-nuo-saules-riebiai-odai-spf50-sunscreen-for-oily-skin-50ml\\\/#primaryimage\"},\"image\":{\"@id\":\"https:\\\/\\\/www.malinashop.lt\\\/en\\\/shop\\\/sinoz-apsauginis-veido-kremas-nuo-saules-riebiai-odai-spf50-sunscreen-for-oily-skin-50ml\\\/#primaryimage\"},\"thumbnailUrl\":\"https:\\\/\\\/www.malinashop.lt\\\/wp-content\\\/uploads\\\/2025\\\/10\\\/SINOZ-apsauginis-veido-kremas-nuo-saules-riebiai-odai-SPF50-SUNSCREEN-FOR-OILY-SKIN-50ml.webp\",\"datePublished\":\"2025-10-20T08:15:12+00:00\",\"dateModified\":\"2026-03-18T09:28:14+00:00\",\"description\":\"SINOZ SUNSCREEN FOR OILY SKIN SPF50+ \u2013 lengvas vandens pagrindo veido kremas nuo saul\u0117s riebiai odai, subalansuojantis riebal\u0173 i\u0161siskyrim\u0105 ir apsaugantis nuo UV spinduli\u0173.SINOZ apsauginis veido kremas nuo saul\u0117s riebiai odai SPF50+ SUNSCREEN FOR OILY SKIN subalansuoja riebalus ir apsaugo nuo UV spinduli\u0173.\",\"breadcrumb\":{\"@id\":\"https:\\\/\\\/www.malinashop.lt\\\/en\\\/shop\\\/sinoz-apsauginis-veido-kremas-nuo-saules-riebiai-odai-spf50-sunscreen-for-oily-skin-50ml\\\/#breadcrumb\"},\"inLanguage\":\"lt-LT\",\"potentialAction\":[{\"@type\":\"ReadAction\",\"target\":[\"https:\\\/\\\/www.malinashop.lt\\\/en\\\/shop\\\/sinoz-apsauginis-veido-kremas-nuo-saules-riebiai-odai-spf50-sunscreen-for-oily-skin-50ml\\\/\"]}]},{\"@type\":\"ImageObject\",\"inLanguage\":\"lt-LT\",\"@id\":\"https:\\\/\\\/www.malinashop.lt\\\/en\\\/shop\\\/sinoz-apsauginis-veido-kremas-nuo-saules-riebiai-odai-spf50-sunscreen-for-oily-skin-50ml\\\/#primaryimage\",\"url\":\"https:\\\/\\\/www.malinashop.lt\\\/wp-content\\\/uploads\\\/2025\\\/10\\\/SINOZ-apsauginis-veido-kremas-nuo-saules-riebiai-odai-SPF50-SUNSCREEN-FOR-OILY-SKIN-50ml.webp\",\"contentUrl\":\"https:\\\/\\\/www.malinashop.lt\\\/wp-content\\\/uploads\\\/2025\\\/10\\\/SINOZ-apsauginis-veido-kremas-nuo-saules-riebiai-odai-SPF50-SUNSCREEN-FOR-OILY-SKIN-50ml.webp\",\"width\":768,\"height\":768},{\"@type\":\"BreadcrumbList\",\"@id\":\"https:\\\/\\\/www.malinashop.lt\\\/en\\\/shop\\\/sinoz-apsauginis-veido-kremas-nuo-saules-riebiai-odai-spf50-sunscreen-for-oily-skin-50ml\\\/#breadcrumb\",\"itemListElement\":[{\"@type\":\"ListItem\",\"position\":1,\"name\":\"Pagrindinis\",\"item\":\"https:\\\/\\\/www.malinashop.lt\\\/\"},{\"@type\":\"ListItem\",\"position\":2,\"name\":\"Parduotuv\u0117\",\"item\":\"https:\\\/\\\/www.malinashop.lt\\\/en\\\/parduotuve\\\/\"},{\"@type\":\"ListItem\",\"position\":3,\"name\":\"SINOZ apsauginis veido kremas nuo saul\u0117s riebiai odai SPF50+ SUNSCREEN FOR OILY SKIN, 50ml\"}]},{\"@type\":\"WebSite\",\"@id\":\"https:\\\/\\\/www.malinashop.lt\\\/#website\",\"url\":\"https:\\\/\\\/www.malinashop.lt\\\/\",\"name\":\"COM Group Ecommerce\",\"description\":\"MalinaShop.lt - Gro\u017eio ir sveikatos produktai i\u0161 patikim\u0173 preki\u0173 \u017eenkl\u0173. Atraskite auk\u0161tos kokyb\u0117s kosmetik\u0105 u\u017e puiki\u0105 kain\u0105.\",\"publisher\":{\"@id\":\"https:\\\/\\\/www.malinashop.lt\\\/#organization\"},\"potentialAction\":[{\"@type\":\"SearchAction\",\"target\":{\"@type\":\"EntryPoint\",\"urlTemplate\":\"https:\\\/\\\/www.malinashop.lt\\\/?s={search_term_string}\"},\"query-input\":{\"@type\":\"PropertyValueSpecification\",\"valueRequired\":true,\"valueName\":\"search_term_string\"}}],\"inLanguage\":\"lt-LT\"},{\"@type\":\"Organization\",\"@id\":\"https:\\\/\\\/www.malinashop.lt\\\/#organization\",\"name\":\"COM Group Ecommerce\",\"url\":\"https:\\\/\\\/www.malinashop.lt\\\/\",\"logo\":{\"@type\":\"ImageObject\",\"inLanguage\":\"lt-LT\",\"@id\":\"https:\\\/\\\/www.malinashop.lt\\\/#\\\/schema\\\/logo\\\/image\\\/\",\"url\":\"https:\\\/\\\/www.malinashop.lt\\\/wp-content\\\/uploads\\\/2024\\\/08\\\/462559670_3787732518133670_9795632669273463_n-e1731525914575.png\",\"contentUrl\":\"https:\\\/\\\/www.malinashop.lt\\\/wp-content\\\/uploads\\\/2024\\\/08\\\/462559670_3787732518133670_9795632669273463_n-e1731525914575.png\",\"width\":180,\"height\":60,\"caption\":\"COM Group Ecommerce\"},\"image\":{\"@id\":\"https:\\\/\\\/www.malinashop.lt\\\/#\\\/schema\\\/logo\\\/image\\\/\"}}]}<\/script>\n<!-- \/ Yoast SEO plugin. -->","yoast_head_json":{"title":"SINOZ apsauginis veido kremas nuo saul\u0117s riebiai odai SPF50+ SUNSCREEN FOR OILY SKIN, 50ml - MalinaShop.lt J\u016bs\u0173 sveikatai ir gro\u017eiui.","description":"SINOZ SUNSCREEN FOR OILY SKIN SPF50+ \u2013 lengvas vandens pagrindo veido kremas nuo saul\u0117s riebiai odai, subalansuojantis riebal\u0173 i\u0161siskyrim\u0105 ir apsaugantis nuo UV spinduli\u0173.SINOZ apsauginis veido kremas nuo saul\u0117s riebiai odai SPF50+ SUNSCREEN FOR OILY SKIN subalansuoja riebalus ir apsaugo nuo UV spinduli\u0173.","robots":{"index":"index","follow":"follow","max-snippet":"max-snippet:-1","max-image-preview":"max-image-preview:large","max-video-preview":"max-video-preview:-1"},"canonical":"https:\/\/www.malinashop.lt\/lt_lt\/shop\/sinoz-apsauginis-veido-kremas-nuo-saules-riebiai-odai-spf50-sunscreen-for-oily-skin-50ml\/","og_locale":"lt_LT","og_type":"article","og_title":"SINOZ apsauginis veido kremas nuo saul\u0117s riebiai odai SPF50+ SUNSCREEN FOR OILY SKIN, 50ml - MalinaShop.lt J\u016bs\u0173 sveikatai ir gro\u017eiui.","og_description":"SINOZ SUNSCREEN FOR OILY SKIN SPF50+ \u2013 lengvas vandens pagrindo veido kremas nuo saul\u0117s riebiai odai, subalansuojantis riebal\u0173 i\u0161siskyrim\u0105 ir apsaugantis nuo UV spinduli\u0173.SINOZ apsauginis veido kremas nuo saul\u0117s riebiai odai SPF50+ SUNSCREEN FOR OILY SKIN subalansuoja riebalus ir apsaugo nuo UV spinduli\u0173.","og_url":"https:\/\/www.malinashop.lt\/lt_lt\/shop\/sinoz-apsauginis-veido-kremas-nuo-saules-riebiai-odai-spf50-sunscreen-for-oily-skin-50ml\/","og_site_name":"MalinaShop.lt J\u016bs\u0173 sveikatai ir gro\u017eiui.","article_modified_time":"2026-03-18T09:28:14+00:00","og_image":[{"width":768,"height":768,"url":"https:\/\/www.malinashop.lt\/wp-content\/uploads\/2025\/10\/SINOZ-apsauginis-veido-kremas-nuo-saules-riebiai-odai-SPF50-SUNSCREEN-FOR-OILY-SKIN-50ml.webp","type":"image\/webp"}],"twitter_card":"summary_large_image","schema":{"@context":"https:\/\/schema.org","@graph":[{"@type":"WebPage","@id":"https:\/\/www.malinashop.lt\/en\/shop\/sinoz-apsauginis-veido-kremas-nuo-saules-riebiai-odai-spf50-sunscreen-for-oily-skin-50ml\/","url":"https:\/\/www.malinashop.lt\/en\/shop\/sinoz-apsauginis-veido-kremas-nuo-saules-riebiai-odai-spf50-sunscreen-for-oily-skin-50ml\/","name":"SINOZ apsauginis veido kremas nuo saul\u0117s riebiai odai SPF50+ SUNSCREEN FOR OILY SKIN, 50ml - MalinaShop.lt J\u016bs\u0173 sveikatai ir gro\u017eiui.","isPartOf":{"@id":"https:\/\/www.malinashop.lt\/#website"},"primaryImageOfPage":{"@id":"https:\/\/www.malinashop.lt\/en\/shop\/sinoz-apsauginis-veido-kremas-nuo-saules-riebiai-odai-spf50-sunscreen-for-oily-skin-50ml\/#primaryimage"},"image":{"@id":"https:\/\/www.malinashop.lt\/en\/shop\/sinoz-apsauginis-veido-kremas-nuo-saules-riebiai-odai-spf50-sunscreen-for-oily-skin-50ml\/#primaryimage"},"thumbnailUrl":"https:\/\/www.malinashop.lt\/wp-content\/uploads\/2025\/10\/SINOZ-apsauginis-veido-kremas-nuo-saules-riebiai-odai-SPF50-SUNSCREEN-FOR-OILY-SKIN-50ml.webp","datePublished":"2025-10-20T08:15:12+00:00","dateModified":"2026-03-18T09:28:14+00:00","description":"SINOZ SUNSCREEN FOR OILY SKIN SPF50+ \u2013 lengvas vandens pagrindo veido kremas nuo saul\u0117s riebiai odai, subalansuojantis riebal\u0173 i\u0161siskyrim\u0105 ir apsaugantis nuo UV spinduli\u0173.SINOZ apsauginis veido kremas nuo saul\u0117s riebiai odai SPF50+ SUNSCREEN FOR OILY SKIN subalansuoja riebalus ir apsaugo nuo UV spinduli\u0173.","breadcrumb":{"@id":"https:\/\/www.malinashop.lt\/en\/shop\/sinoz-apsauginis-veido-kremas-nuo-saules-riebiai-odai-spf50-sunscreen-for-oily-skin-50ml\/#breadcrumb"},"inLanguage":"lt-LT","potentialAction":[{"@type":"ReadAction","target":["https:\/\/www.malinashop.lt\/en\/shop\/sinoz-apsauginis-veido-kremas-nuo-saules-riebiai-odai-spf50-sunscreen-for-oily-skin-50ml\/"]}]},{"@type":"ImageObject","inLanguage":"lt-LT","@id":"https:\/\/www.malinashop.lt\/en\/shop\/sinoz-apsauginis-veido-kremas-nuo-saules-riebiai-odai-spf50-sunscreen-for-oily-skin-50ml\/#primaryimage","url":"https:\/\/www.malinashop.lt\/wp-content\/uploads\/2025\/10\/SINOZ-apsauginis-veido-kremas-nuo-saules-riebiai-odai-SPF50-SUNSCREEN-FOR-OILY-SKIN-50ml.webp","contentUrl":"https:\/\/www.malinashop.lt\/wp-content\/uploads\/2025\/10\/SINOZ-apsauginis-veido-kremas-nuo-saules-riebiai-odai-SPF50-SUNSCREEN-FOR-OILY-SKIN-50ml.webp","width":768,"height":768},{"@type":"BreadcrumbList","@id":"https:\/\/www.malinashop.lt\/en\/shop\/sinoz-apsauginis-veido-kremas-nuo-saules-riebiai-odai-spf50-sunscreen-for-oily-skin-50ml\/#breadcrumb","itemListElement":[{"@type":"ListItem","position":1,"name":"Pagrindinis","item":"https:\/\/www.malinashop.lt\/"},{"@type":"ListItem","position":2,"name":"Parduotuv\u0117","item":"https:\/\/www.malinashop.lt\/en\/parduotuve\/"},{"@type":"ListItem","position":3,"name":"SINOZ apsauginis veido kremas nuo saul\u0117s riebiai odai SPF50+ SUNSCREEN FOR OILY SKIN, 50ml"}]},{"@type":"WebSite","@id":"https:\/\/www.malinashop.lt\/#website","url":"https:\/\/www.malinashop.lt\/","name":"COM Group Ecommerce","description":"MalinaShop.lt - Gro\u017eio ir sveikatos produktai i\u0161 patikim\u0173 preki\u0173 \u017eenkl\u0173. Atraskite auk\u0161tos kokyb\u0117s kosmetik\u0105 u\u017e puiki\u0105 kain\u0105.","publisher":{"@id":"https:\/\/www.malinashop.lt\/#organization"},"potentialAction":[{"@type":"SearchAction","target":{"@type":"EntryPoint","urlTemplate":"https:\/\/www.malinashop.lt\/?s={search_term_string}"},"query-input":{"@type":"PropertyValueSpecification","valueRequired":true,"valueName":"search_term_string"}}],"inLanguage":"lt-LT"},{"@type":"Organization","@id":"https:\/\/www.malinashop.lt\/#organization","name":"COM Group Ecommerce","url":"https:\/\/www.malinashop.lt\/","logo":{"@type":"ImageObject","inLanguage":"lt-LT","@id":"https:\/\/www.malinashop.lt\/#\/schema\/logo\/image\/","url":"https:\/\/www.malinashop.lt\/wp-content\/uploads\/2024\/08\/462559670_3787732518133670_9795632669273463_n-e1731525914575.png","contentUrl":"https:\/\/www.malinashop.lt\/wp-content\/uploads\/2024\/08\/462559670_3787732518133670_9795632669273463_n-e1731525914575.png","width":180,"height":60,"caption":"COM Group Ecommerce"},"image":{"@id":"https:\/\/www.malinashop.lt\/#\/schema\/logo\/image\/"}}]}},"jetpack_sharing_enabled":true,"_links":{"self":[{"href":"https:\/\/www.malinashop.lt\/lt_lt\/wp-json\/wp\/v2\/product\/58823","targetHints":{"allow":["GET"]}}],"collection":[{"href":"https:\/\/www.malinashop.lt\/lt_lt\/wp-json\/wp\/v2\/product"}],"about":[{"href":"https:\/\/www.malinashop.lt\/lt_lt\/wp-json\/wp\/v2\/types\/product"}],"version-history":[{"count":1,"href":"https:\/\/www.malinashop.lt\/lt_lt\/wp-json\/wp\/v2\/product\/58823\/revisions"}],"predecessor-version":[{"id":58825,"href":"https:\/\/www.malinashop.lt\/lt_lt\/wp-json\/wp\/v2\/product\/58823\/revisions\/58825"}],"wp:featuredmedia":[{"embeddable":true,"href":"https:\/\/www.malinashop.lt\/lt_lt\/wp-json\/wp\/v2\/media\/58824"}],"wp:attachment":[{"href":"https:\/\/www.malinashop.lt\/lt_lt\/wp-json\/wp\/v2\/media?parent=58823"}],"wp:term":[{"taxonomy":"product_brand","embeddable":true,"href":"https:\/\/www.malinashop.lt\/lt_lt\/wp-json\/wp\/v2\/product_brand?post=58823"},{"taxonomy":"product_cat","embeddable":true,"href":"https:\/\/www.malinashop.lt\/lt_lt\/wp-json\/wp\/v2\/product_cat?post=58823"},{"taxonomy":"product_tag","embeddable":true,"href":"https:\/\/www.malinashop.lt\/lt_lt\/wp-json\/wp\/v2\/product_tag?post=58823"}],"curies":[{"name":"wp","href":"https:\/\/api.w.org\/{rel}","templated":true}]}}