{"id":58813,"date":"2025-09-20T11:03:42","date_gmt":"2025-09-20T08:03:42","guid":{"rendered":"https:\/\/malinashop.lt\/?post_type=product&#038;p=58813"},"modified":"2026-03-18T12:28:20","modified_gmt":"2026-03-18T09:28:20","slug":"sinoz-the-bath-factory-drekinamasis-braskiu-kvapo-ranku-muilas-putos-strawberry-passion-300ml","status":"publish","type":"product","link":"https:\/\/www.malinashop.lt\/lt_lt\/shop\/sinoz-the-bath-factory-drekinamasis-braskiu-kvapo-ranku-muilas-putos-strawberry-passion-300ml\/","title":{"rendered":"SINOZ THE BATH FACTORY dr\u0117kinamasis bra\u0161ki\u0173 kvapo rank\u0173 muilas\u2013putos STRAWBERRY PASSION 300ml"},"content":{"rendered":"<p data-start=\"585\" data-end=\"902\"><strong data-start=\"609\" data-end=\"700\">SINOZ THE BATH FACTORY dr\u0117kinamasis bra\u0161ki\u0173 kvapo rank\u0173 muilas\u2013putos STRAWBERRY PASSION<\/strong> \u2013 tai putojantis rank\u0173 muilas, kuris sujungia gaiv\u0173 bra\u0161ki\u0173 aromat\u0105 ir intensyv\u0173 dr\u0117kinim\u0105. Jo \u0161velni formul\u0117 efektyviai valo rankas, <strong data-start=\"835\" data-end=\"901\">nepa\u017eeisdama odos barjero ir i\u0161laikydama nat\u016brali\u0105 pusiausvyr\u0105<\/strong>.<\/p>\n<p data-start=\"904\" data-end=\"1194\">Sud\u0117tyje esantis <strong data-start=\"921\" data-end=\"953\">provitaminas B5 (pantenolis)<\/strong> dr\u0117kina ir mink\u0161tina od\u0105, o <strong data-start=\"982\" data-end=\"1004\">bra\u0161ki\u0173 ekstraktas<\/strong> pasi\u017eymi antioksidacin\u0117mis savyb\u0117mis, padedan\u010diomis apsaugoti od\u0105 nuo aplinkos poveikio.<br data-start=\"1093\" data-end=\"1096\" \/>Lengva put\u0173 tekst\u016bra maloniai slysta per od\u0105, <strong data-start=\"1142\" data-end=\"1193\">lengvai nusiplauna ir nepalieka sausumo poj\u016b\u010dio<\/strong>.<\/p>\n<p data-start=\"1196\" data-end=\"1264\"><strong data-start=\"1196\" data-end=\"1264\">SINOZ THE BATH FACTORY STRAWBERRY PASSION muilo\u2013put\u0173 privalumai:<\/strong><\/p>\n<ul data-start=\"1265\" data-end=\"1494\">\n<li data-start=\"1265\" data-end=\"1304\">\n<p data-start=\"1267\" data-end=\"1304\">\u0160velniai, bet efektyviai valo rankas;<\/p>\n<\/li>\n<li data-start=\"1305\" data-end=\"1332\">\n<p data-start=\"1307\" data-end=\"1332\">Dr\u0117kina ir mink\u0161tina od\u0105;<\/p>\n<\/li>\n<li data-start=\"1333\" data-end=\"1363\">\n<p data-start=\"1335\" data-end=\"1363\">Tinka net <strong data-start=\"1345\" data-end=\"1362\">jautriai odai<\/strong>;<\/p>\n<\/li>\n<li data-start=\"1364\" data-end=\"1393\">\n<p data-start=\"1366\" data-end=\"1393\">Ma\u017eina sausum\u0105 ir \u012ftempim\u0105;<\/p>\n<\/li>\n<li data-start=\"1394\" data-end=\"1440\">\n<p data-start=\"1396\" data-end=\"1440\">Malonus, energizuojantis <strong data-start=\"1421\" data-end=\"1439\">bra\u0161ki\u0173 kvapas<\/strong>;<\/p>\n<\/li>\n<li data-start=\"1441\" data-end=\"1494\">\n<p data-start=\"1443\" data-end=\"1494\">Putojanti tekst\u016bra lengvai naudojama ir ekonomi\u0161ka.<\/p>\n<\/li>\n<\/ul>\n<p data-start=\"1496\" data-end=\"1649\"><strong data-start=\"1496\" data-end=\"1511\">Naudojimas:<\/strong><br data-start=\"1511\" data-end=\"1514\" \/>Sudr\u0117kinkite rankas, u\u017epilkite nedidel\u012f kiek\u012f muilo\u2013put\u0173, \u012fmasa\u017euokite tarp pir\u0161t\u0173 ir ant rank\u0173 nugar\u0117l\u0117s, po to nuskalaukite vandeniu.<\/p>\n<p data-start=\"1651\" data-end=\"1833\"><strong data-start=\"1651\" data-end=\"1742\">SINOZ THE BATH FACTORY dr\u0117kinamasis bra\u0161ki\u0173 kvapo rank\u0173 muilas\u2013putos STRAWBERRY PASSION<\/strong> \u2013 tai kasdien\u0117 rank\u0173 prie\u017ei\u016bra, kuri suteikia \u0161varos, dr\u0117kinimo ir saldaus aromato poj\u016bt\u012f.<\/p>\n","protected":false},"excerpt":{"rendered":"<p>SINOZ THE BATH FACTORY dr\u0117kinamasis bra\u0161ki\u0173 kvapo rank\u0173 muilas\u2013putos STRAWBERRY PASSION \u0161velniai valo, dr\u0117kina ir apsaugo net jautri\u0105 od\u0105.<\/p>\n","protected":false},"featured_media":58814,"template":"","meta":[],"product_brand":[1354],"product_cat":[731,540],"product_tag":[1619],"class_list":{"0":"post-58813","1":"product","2":"type-product","3":"status-publish","4":"has-post-thumbnail","6":"product_brand-sinoz","7":"product_cat-kunui","8":"product_cat-ranku-prieziura-muilai-ranku-kremai","9":"product_tag-sinoz","11":"first","12":"outofstock","13":"sale","14":"taxable","15":"shipping-taxable","16":"purchasable","17":"product-type-simple"},"yoast_head":"<!-- This site is optimized with the Yoast SEO plugin v27.4 - https:\/\/yoast.com\/product\/yoast-seo-wordpress\/ -->\n<title>SINOZ THE BATH FACTORY dr\u0117kinamasis bra\u0161ki\u0173 kvapo rank\u0173 muilas\u2013putos STRAWBERRY PASSION 300ml - MalinaShop.lt J\u016bs\u0173 sveikatai ir gro\u017eiui.<\/title>\n<meta name=\"description\" content=\"SINOZ THE BATH FACTORY dr\u0117kinamasis bra\u0161ki\u0173 kvapo rank\u0173 muilas\u2013putos STRAWBERRY PASSION \u0161velniai valo, dr\u0117kina ir apsaugo net jautri\u0105 od\u0105.SINOZ THE BATH FACTORY dr\u0117kinamasis bra\u0161ki\u0173 kvapo rank\u0173 muilas\u2013putos STRAWBERRY PASSION \u0161velniai valo, dr\u0117kina ir puosel\u0117ja od\u0105.\" \/>\n<meta name=\"robots\" content=\"index, follow, max-snippet:-1, max-image-preview:large, max-video-preview:-1\" \/>\n<link rel=\"canonical\" href=\"https:\/\/www.malinashop.lt\/lt_lt\/shop\/sinoz-the-bath-factory-drekinamasis-braskiu-kvapo-ranku-muilas-putos-strawberry-passion-300ml\/\" \/>\n<meta property=\"og:locale\" content=\"lt_LT\" \/>\n<meta property=\"og:type\" content=\"article\" \/>\n<meta property=\"og:title\" content=\"SINOZ THE BATH FACTORY dr\u0117kinamasis bra\u0161ki\u0173 kvapo rank\u0173 muilas\u2013putos STRAWBERRY PASSION 300ml - MalinaShop.lt J\u016bs\u0173 sveikatai ir gro\u017eiui.\" \/>\n<meta property=\"og:description\" content=\"SINOZ THE BATH FACTORY dr\u0117kinamasis bra\u0161ki\u0173 kvapo rank\u0173 muilas\u2013putos STRAWBERRY PASSION \u0161velniai valo, dr\u0117kina ir apsaugo net jautri\u0105 od\u0105.SINOZ THE BATH FACTORY dr\u0117kinamasis bra\u0161ki\u0173 kvapo rank\u0173 muilas\u2013putos STRAWBERRY PASSION \u0161velniai valo, dr\u0117kina ir puosel\u0117ja od\u0105.\" \/>\n<meta property=\"og:url\" content=\"https:\/\/www.malinashop.lt\/lt_lt\/shop\/sinoz-the-bath-factory-drekinamasis-braskiu-kvapo-ranku-muilas-putos-strawberry-passion-300ml\/\" \/>\n<meta property=\"og:site_name\" content=\"MalinaShop.lt J\u016bs\u0173 sveikatai ir gro\u017eiui.\" \/>\n<meta property=\"article:modified_time\" content=\"2026-03-18T09:28:20+00:00\" \/>\n<meta property=\"og:image\" content=\"https:\/\/www.malinashop.lt\/wp-content\/uploads\/2025\/10\/SINOZ-THE-BATH-FACTORY-drekinamasis-braskiu-kvapo-ranku-muilas\u2013putos-STRAWBERRY-PASSION-300ml1.webp\" \/>\n\t<meta property=\"og:image:width\" content=\"1000\" \/>\n\t<meta property=\"og:image:height\" content=\"1000\" \/>\n\t<meta property=\"og:image:type\" content=\"image\/webp\" \/>\n<meta name=\"twitter:card\" content=\"summary_large_image\" \/>\n<script type=\"application\/ld+json\" class=\"yoast-schema-graph\">{\"@context\":\"https:\\\/\\\/schema.org\",\"@graph\":[{\"@type\":\"WebPage\",\"@id\":\"https:\\\/\\\/www.malinashop.lt\\\/lt_lt\\\/shop\\\/sinoz-the-bath-factory-drekinamasis-braskiu-kvapo-ranku-muilas-putos-strawberry-passion-300ml\\\/\",\"url\":\"https:\\\/\\\/www.malinashop.lt\\\/lt_lt\\\/shop\\\/sinoz-the-bath-factory-drekinamasis-braskiu-kvapo-ranku-muilas-putos-strawberry-passion-300ml\\\/\",\"name\":\"SINOZ THE BATH FACTORY dr\u0117kinamasis bra\u0161ki\u0173 kvapo rank\u0173 muilas\u2013putos STRAWBERRY PASSION 300ml - MalinaShop.lt J\u016bs\u0173 sveikatai ir gro\u017eiui.\",\"isPartOf\":{\"@id\":\"https:\\\/\\\/www.malinashop.lt\\\/en\\\/#website\"},\"primaryImageOfPage\":{\"@id\":\"https:\\\/\\\/www.malinashop.lt\\\/lt_lt\\\/shop\\\/sinoz-the-bath-factory-drekinamasis-braskiu-kvapo-ranku-muilas-putos-strawberry-passion-300ml\\\/#primaryimage\"},\"image\":{\"@id\":\"https:\\\/\\\/www.malinashop.lt\\\/lt_lt\\\/shop\\\/sinoz-the-bath-factory-drekinamasis-braskiu-kvapo-ranku-muilas-putos-strawberry-passion-300ml\\\/#primaryimage\"},\"thumbnailUrl\":\"https:\\\/\\\/www.malinashop.lt\\\/wp-content\\\/uploads\\\/2025\\\/10\\\/SINOZ-THE-BATH-FACTORY-drekinamasis-braskiu-kvapo-ranku-muilas\u2013putos-STRAWBERRY-PASSION-300ml1.webp\",\"datePublished\":\"2025-09-20T08:03:42+00:00\",\"dateModified\":\"2026-03-18T09:28:20+00:00\",\"description\":\"SINOZ THE BATH FACTORY dr\u0117kinamasis bra\u0161ki\u0173 kvapo rank\u0173 muilas\u2013putos STRAWBERRY PASSION \u0161velniai valo, dr\u0117kina ir apsaugo net jautri\u0105 od\u0105.SINOZ THE BATH FACTORY dr\u0117kinamasis bra\u0161ki\u0173 kvapo rank\u0173 muilas\u2013putos STRAWBERRY PASSION \u0161velniai valo, dr\u0117kina ir puosel\u0117ja od\u0105.\",\"breadcrumb\":{\"@id\":\"https:\\\/\\\/www.malinashop.lt\\\/lt_lt\\\/shop\\\/sinoz-the-bath-factory-drekinamasis-braskiu-kvapo-ranku-muilas-putos-strawberry-passion-300ml\\\/#breadcrumb\"},\"inLanguage\":\"lt-LT\",\"potentialAction\":[{\"@type\":\"ReadAction\",\"target\":[\"https:\\\/\\\/www.malinashop.lt\\\/lt_lt\\\/shop\\\/sinoz-the-bath-factory-drekinamasis-braskiu-kvapo-ranku-muilas-putos-strawberry-passion-300ml\\\/\"]}]},{\"@type\":\"ImageObject\",\"inLanguage\":\"lt-LT\",\"@id\":\"https:\\\/\\\/www.malinashop.lt\\\/lt_lt\\\/shop\\\/sinoz-the-bath-factory-drekinamasis-braskiu-kvapo-ranku-muilas-putos-strawberry-passion-300ml\\\/#primaryimage\",\"url\":\"https:\\\/\\\/www.malinashop.lt\\\/wp-content\\\/uploads\\\/2025\\\/10\\\/SINOZ-THE-BATH-FACTORY-drekinamasis-braskiu-kvapo-ranku-muilas\u2013putos-STRAWBERRY-PASSION-300ml1.webp\",\"contentUrl\":\"https:\\\/\\\/www.malinashop.lt\\\/wp-content\\\/uploads\\\/2025\\\/10\\\/SINOZ-THE-BATH-FACTORY-drekinamasis-braskiu-kvapo-ranku-muilas\u2013putos-STRAWBERRY-PASSION-300ml1.webp\",\"width\":1000,\"height\":1000},{\"@type\":\"BreadcrumbList\",\"@id\":\"https:\\\/\\\/www.malinashop.lt\\\/lt_lt\\\/shop\\\/sinoz-the-bath-factory-drekinamasis-braskiu-kvapo-ranku-muilas-putos-strawberry-passion-300ml\\\/#breadcrumb\",\"itemListElement\":[{\"@type\":\"ListItem\",\"position\":1,\"name\":\"Home\",\"item\":\"https:\\\/\\\/www.malinashop.lt\\\/en\\\/\"},{\"@type\":\"ListItem\",\"position\":2,\"name\":\"Parduotuv\u0117\",\"item\":\"https:\\\/\\\/www.malinashop.lt\\\/en\\\/parduotuve\\\/\"},{\"@type\":\"ListItem\",\"position\":3,\"name\":\"SINOZ THE BATH FACTORY dr\u0117kinamasis bra\u0161ki\u0173 kvapo rank\u0173 muilas\u2013putos STRAWBERRY PASSION 300ml\"}]},{\"@type\":\"WebSite\",\"@id\":\"https:\\\/\\\/www.malinashop.lt\\\/en\\\/#website\",\"url\":\"https:\\\/\\\/www.malinashop.lt\\\/en\\\/\",\"name\":\"COM Group Ecommerce\",\"description\":\"MalinaShop.lt - Gro\u017eio ir sveikatos produktai i\u0161 patikim\u0173 preki\u0173 \u017eenkl\u0173. Atraskite auk\u0161tos kokyb\u0117s kosmetik\u0105 u\u017e puiki\u0105 kain\u0105.\",\"publisher\":{\"@id\":\"https:\\\/\\\/www.malinashop.lt\\\/en\\\/#organization\"},\"potentialAction\":[{\"@type\":\"SearchAction\",\"target\":{\"@type\":\"EntryPoint\",\"urlTemplate\":\"https:\\\/\\\/www.malinashop.lt\\\/en\\\/?s={search_term_string}\"},\"query-input\":{\"@type\":\"PropertyValueSpecification\",\"valueRequired\":true,\"valueName\":\"search_term_string\"}}],\"inLanguage\":\"lt-LT\"},{\"@type\":\"Organization\",\"@id\":\"https:\\\/\\\/www.malinashop.lt\\\/en\\\/#organization\",\"name\":\"COM Group Ecommerce\",\"url\":\"https:\\\/\\\/www.malinashop.lt\\\/en\\\/\",\"logo\":{\"@type\":\"ImageObject\",\"inLanguage\":\"lt-LT\",\"@id\":\"https:\\\/\\\/www.malinashop.lt\\\/en\\\/#\\\/schema\\\/logo\\\/image\\\/\",\"url\":\"https:\\\/\\\/www.malinashop.lt\\\/wp-content\\\/uploads\\\/2024\\\/08\\\/462559670_3787732518133670_9795632669273463_n-e1731525914575.png\",\"contentUrl\":\"https:\\\/\\\/www.malinashop.lt\\\/wp-content\\\/uploads\\\/2024\\\/08\\\/462559670_3787732518133670_9795632669273463_n-e1731525914575.png\",\"width\":180,\"height\":60,\"caption\":\"COM Group Ecommerce\"},\"image\":{\"@id\":\"https:\\\/\\\/www.malinashop.lt\\\/en\\\/#\\\/schema\\\/logo\\\/image\\\/\"}}]}<\/script>\n<!-- \/ Yoast SEO plugin. -->","yoast_head_json":{"title":"SINOZ THE BATH FACTORY dr\u0117kinamasis bra\u0161ki\u0173 kvapo rank\u0173 muilas\u2013putos STRAWBERRY PASSION 300ml - MalinaShop.lt J\u016bs\u0173 sveikatai ir gro\u017eiui.","description":"SINOZ THE BATH FACTORY dr\u0117kinamasis bra\u0161ki\u0173 kvapo rank\u0173 muilas\u2013putos STRAWBERRY PASSION \u0161velniai valo, dr\u0117kina ir apsaugo net jautri\u0105 od\u0105.SINOZ THE BATH FACTORY dr\u0117kinamasis bra\u0161ki\u0173 kvapo rank\u0173 muilas\u2013putos STRAWBERRY PASSION \u0161velniai valo, dr\u0117kina ir puosel\u0117ja od\u0105.","robots":{"index":"index","follow":"follow","max-snippet":"max-snippet:-1","max-image-preview":"max-image-preview:large","max-video-preview":"max-video-preview:-1"},"canonical":"https:\/\/www.malinashop.lt\/lt_lt\/shop\/sinoz-the-bath-factory-drekinamasis-braskiu-kvapo-ranku-muilas-putos-strawberry-passion-300ml\/","og_locale":"lt_LT","og_type":"article","og_title":"SINOZ THE BATH FACTORY dr\u0117kinamasis bra\u0161ki\u0173 kvapo rank\u0173 muilas\u2013putos STRAWBERRY PASSION 300ml - MalinaShop.lt J\u016bs\u0173 sveikatai ir gro\u017eiui.","og_description":"SINOZ THE BATH FACTORY dr\u0117kinamasis bra\u0161ki\u0173 kvapo rank\u0173 muilas\u2013putos STRAWBERRY PASSION \u0161velniai valo, dr\u0117kina ir apsaugo net jautri\u0105 od\u0105.SINOZ THE BATH FACTORY dr\u0117kinamasis bra\u0161ki\u0173 kvapo rank\u0173 muilas\u2013putos STRAWBERRY PASSION \u0161velniai valo, dr\u0117kina ir puosel\u0117ja od\u0105.","og_url":"https:\/\/www.malinashop.lt\/lt_lt\/shop\/sinoz-the-bath-factory-drekinamasis-braskiu-kvapo-ranku-muilas-putos-strawberry-passion-300ml\/","og_site_name":"MalinaShop.lt J\u016bs\u0173 sveikatai ir gro\u017eiui.","article_modified_time":"2026-03-18T09:28:20+00:00","og_image":[{"width":1000,"height":1000,"url":"https:\/\/www.malinashop.lt\/wp-content\/uploads\/2025\/10\/SINOZ-THE-BATH-FACTORY-drekinamasis-braskiu-kvapo-ranku-muilas\u2013putos-STRAWBERRY-PASSION-300ml1.webp","type":"image\/webp"}],"twitter_card":"summary_large_image","schema":{"@context":"https:\/\/schema.org","@graph":[{"@type":"WebPage","@id":"https:\/\/www.malinashop.lt\/lt_lt\/shop\/sinoz-the-bath-factory-drekinamasis-braskiu-kvapo-ranku-muilas-putos-strawberry-passion-300ml\/","url":"https:\/\/www.malinashop.lt\/lt_lt\/shop\/sinoz-the-bath-factory-drekinamasis-braskiu-kvapo-ranku-muilas-putos-strawberry-passion-300ml\/","name":"SINOZ THE BATH FACTORY dr\u0117kinamasis bra\u0161ki\u0173 kvapo rank\u0173 muilas\u2013putos STRAWBERRY PASSION 300ml - MalinaShop.lt J\u016bs\u0173 sveikatai ir gro\u017eiui.","isPartOf":{"@id":"https:\/\/www.malinashop.lt\/en\/#website"},"primaryImageOfPage":{"@id":"https:\/\/www.malinashop.lt\/lt_lt\/shop\/sinoz-the-bath-factory-drekinamasis-braskiu-kvapo-ranku-muilas-putos-strawberry-passion-300ml\/#primaryimage"},"image":{"@id":"https:\/\/www.malinashop.lt\/lt_lt\/shop\/sinoz-the-bath-factory-drekinamasis-braskiu-kvapo-ranku-muilas-putos-strawberry-passion-300ml\/#primaryimage"},"thumbnailUrl":"https:\/\/www.malinashop.lt\/wp-content\/uploads\/2025\/10\/SINOZ-THE-BATH-FACTORY-drekinamasis-braskiu-kvapo-ranku-muilas\u2013putos-STRAWBERRY-PASSION-300ml1.webp","datePublished":"2025-09-20T08:03:42+00:00","dateModified":"2026-03-18T09:28:20+00:00","description":"SINOZ THE BATH FACTORY dr\u0117kinamasis bra\u0161ki\u0173 kvapo rank\u0173 muilas\u2013putos STRAWBERRY PASSION \u0161velniai valo, dr\u0117kina ir apsaugo net jautri\u0105 od\u0105.SINOZ THE BATH FACTORY dr\u0117kinamasis bra\u0161ki\u0173 kvapo rank\u0173 muilas\u2013putos STRAWBERRY PASSION \u0161velniai valo, dr\u0117kina ir puosel\u0117ja od\u0105.","breadcrumb":{"@id":"https:\/\/www.malinashop.lt\/lt_lt\/shop\/sinoz-the-bath-factory-drekinamasis-braskiu-kvapo-ranku-muilas-putos-strawberry-passion-300ml\/#breadcrumb"},"inLanguage":"lt-LT","potentialAction":[{"@type":"ReadAction","target":["https:\/\/www.malinashop.lt\/lt_lt\/shop\/sinoz-the-bath-factory-drekinamasis-braskiu-kvapo-ranku-muilas-putos-strawberry-passion-300ml\/"]}]},{"@type":"ImageObject","inLanguage":"lt-LT","@id":"https:\/\/www.malinashop.lt\/lt_lt\/shop\/sinoz-the-bath-factory-drekinamasis-braskiu-kvapo-ranku-muilas-putos-strawberry-passion-300ml\/#primaryimage","url":"https:\/\/www.malinashop.lt\/wp-content\/uploads\/2025\/10\/SINOZ-THE-BATH-FACTORY-drekinamasis-braskiu-kvapo-ranku-muilas\u2013putos-STRAWBERRY-PASSION-300ml1.webp","contentUrl":"https:\/\/www.malinashop.lt\/wp-content\/uploads\/2025\/10\/SINOZ-THE-BATH-FACTORY-drekinamasis-braskiu-kvapo-ranku-muilas\u2013putos-STRAWBERRY-PASSION-300ml1.webp","width":1000,"height":1000},{"@type":"BreadcrumbList","@id":"https:\/\/www.malinashop.lt\/lt_lt\/shop\/sinoz-the-bath-factory-drekinamasis-braskiu-kvapo-ranku-muilas-putos-strawberry-passion-300ml\/#breadcrumb","itemListElement":[{"@type":"ListItem","position":1,"name":"Home","item":"https:\/\/www.malinashop.lt\/en\/"},{"@type":"ListItem","position":2,"name":"Parduotuv\u0117","item":"https:\/\/www.malinashop.lt\/en\/parduotuve\/"},{"@type":"ListItem","position":3,"name":"SINOZ THE BATH FACTORY dr\u0117kinamasis bra\u0161ki\u0173 kvapo rank\u0173 muilas\u2013putos STRAWBERRY PASSION 300ml"}]},{"@type":"WebSite","@id":"https:\/\/www.malinashop.lt\/en\/#website","url":"https:\/\/www.malinashop.lt\/en\/","name":"COM Group Ecommerce","description":"MalinaShop.lt - Gro\u017eio ir sveikatos produktai i\u0161 patikim\u0173 preki\u0173 \u017eenkl\u0173. Atraskite auk\u0161tos kokyb\u0117s kosmetik\u0105 u\u017e puiki\u0105 kain\u0105.","publisher":{"@id":"https:\/\/www.malinashop.lt\/en\/#organization"},"potentialAction":[{"@type":"SearchAction","target":{"@type":"EntryPoint","urlTemplate":"https:\/\/www.malinashop.lt\/en\/?s={search_term_string}"},"query-input":{"@type":"PropertyValueSpecification","valueRequired":true,"valueName":"search_term_string"}}],"inLanguage":"lt-LT"},{"@type":"Organization","@id":"https:\/\/www.malinashop.lt\/en\/#organization","name":"COM Group Ecommerce","url":"https:\/\/www.malinashop.lt\/en\/","logo":{"@type":"ImageObject","inLanguage":"lt-LT","@id":"https:\/\/www.malinashop.lt\/en\/#\/schema\/logo\/image\/","url":"https:\/\/www.malinashop.lt\/wp-content\/uploads\/2024\/08\/462559670_3787732518133670_9795632669273463_n-e1731525914575.png","contentUrl":"https:\/\/www.malinashop.lt\/wp-content\/uploads\/2024\/08\/462559670_3787732518133670_9795632669273463_n-e1731525914575.png","width":180,"height":60,"caption":"COM Group Ecommerce"},"image":{"@id":"https:\/\/www.malinashop.lt\/en\/#\/schema\/logo\/image\/"}}]}},"jetpack_sharing_enabled":true,"_links":{"self":[{"href":"https:\/\/www.malinashop.lt\/lt_lt\/wp-json\/wp\/v2\/product\/58813","targetHints":{"allow":["GET"]}}],"collection":[{"href":"https:\/\/www.malinashop.lt\/lt_lt\/wp-json\/wp\/v2\/product"}],"about":[{"href":"https:\/\/www.malinashop.lt\/lt_lt\/wp-json\/wp\/v2\/types\/product"}],"version-history":[{"count":1,"href":"https:\/\/www.malinashop.lt\/lt_lt\/wp-json\/wp\/v2\/product\/58813\/revisions"}],"predecessor-version":[{"id":58816,"href":"https:\/\/www.malinashop.lt\/lt_lt\/wp-json\/wp\/v2\/product\/58813\/revisions\/58816"}],"wp:featuredmedia":[{"embeddable":true,"href":"https:\/\/www.malinashop.lt\/lt_lt\/wp-json\/wp\/v2\/media\/58814"}],"wp:attachment":[{"href":"https:\/\/www.malinashop.lt\/lt_lt\/wp-json\/wp\/v2\/media?parent=58813"}],"wp:term":[{"taxonomy":"product_brand","embeddable":true,"href":"https:\/\/www.malinashop.lt\/lt_lt\/wp-json\/wp\/v2\/product_brand?post=58813"},{"taxonomy":"product_cat","embeddable":true,"href":"https:\/\/www.malinashop.lt\/lt_lt\/wp-json\/wp\/v2\/product_cat?post=58813"},{"taxonomy":"product_tag","embeddable":true,"href":"https:\/\/www.malinashop.lt\/lt_lt\/wp-json\/wp\/v2\/product_tag?post=58813"}],"curies":[{"name":"wp","href":"https:\/\/api.w.org\/{rel}","templated":true}]}}