{"id":58606,"date":"2025-10-09T20:06:49","date_gmt":"2025-10-09T17:06:49","guid":{"rendered":"https:\/\/malinashop.lt\/?post_type=product&#038;p=58606"},"modified":"2026-04-08T13:26:38","modified_gmt":"2026-04-08T10:26:38","slug":"laiseven-svytejimo-suteikianti-kuno-ir-plauku-dulksna-radiance-body-hair-mist-200-ml","status":"publish","type":"product","link":"https:\/\/www.malinashop.lt\/lt_lt\/shop\/laiseven-svytejimo-suteikianti-kuno-ir-plauku-dulksna-radiance-body-hair-mist-200-ml\/","title":{"rendered":"LAISEVEN \u0161vyt\u0117jimo suteikianti k\u016bno ir plauk\u0173 dulksna RADIANCE BODY &#038; HAIR MIST, 200 ml"},"content":{"rendered":"<p data-start=\"482\" data-end=\"787\"><strong data-start=\"506\" data-end=\"589\">LAISEVEN \u0161vyt\u0117jimo suteikianti k\u016bno ir plauk\u0173 dulksna RADIANCE BODY &amp; HAIR MIST<\/strong> \u2013 tai universalus ir daugiafunkcis produktas, skirtas tiek odos, tiek plauk\u0173 prie\u017ei\u016brai. Sukurta remiantis LAISEVEN k\u016bno losjono formule, \u0161i dulksna dr\u0117kina, maitina ir suteikia subtil\u0173 spindes\u012f.<\/p>\n<p data-start=\"789\" data-end=\"1035\">Naudojant ant odos, dulksna veikia kaip <strong data-start=\"829\" data-end=\"854\">dr\u0117kinamasis losjonas<\/strong>, paliekantis \u0161velni\u0105, pamaitint\u0105 ir nat\u016braliai \u0161vytin\u010di\u0105 od\u0105. Formul\u0117je esantys <strong data-start=\"935\" data-end=\"983\">greitai \u012fsigeriantys augaliniai ingredientai<\/strong> u\u017etikrina intensyv\u0173 dr\u0117kinim\u0105 be riebumo poj\u016b\u010dio.<\/p>\n<p data-start=\"1037\" data-end=\"1250\">Naudojant ant plauk\u0173, <strong data-start=\"1059\" data-end=\"1088\">RADIANCE BODY &amp; HAIR MIST<\/strong> suteikia \u0161velnumo, gyvybingumo ir lengvo blizgesio, neapsunkindama plauk\u0173. Ji palengvina i\u0161\u0161ukavim\u0105 ir atgaivina \u0161ukuosen\u0105, suteikdama sveiko \u017evilgesio efekt\u0105.<\/p>\n<p data-start=\"1252\" data-end=\"1466\">\u0160i dulksna \u2013 tai <strong data-start=\"1269\" data-end=\"1297\">lengvas, kasdienis b\u016bdas<\/strong> pasir\u016bpinti savo oda ir plaukais vienu \u017eingsniu. Puikiai tinka naudoti bet kuriuo dienos metu, kai norisi atgaivinti od\u0105, papildomai sudr\u0117kinti ar suteikti \u0161vyt\u0117jimo.<\/p>\n<p data-start=\"1468\" data-end=\"1689\"><strong data-start=\"1468\" data-end=\"1483\">Naudojimas:<\/strong><br data-start=\"1483\" data-end=\"1486\" \/>Prie\u0161 naudojim\u0105 suplakite. Purk\u0161kite ant odos 20\u201330 cm atstumu ir \u0161velniai \u012fmasa\u017euokite. Plaukams purk\u0161kite nuo vidurio iki galiuk\u0173, ant saus\u0173 arba dr\u0117gn\u0173 plauk\u0173. Galima naudoti kelis kartus per dien\u0105.<\/p>\n<p data-start=\"1691\" data-end=\"1834\"><strong data-start=\"1691\" data-end=\"1729\">LAISEVEN RADIANCE BODY &amp; HAIR MIST<\/strong> \u2013 tai \u0161vyt\u0117jimo, gaivumo ir dr\u0117gm\u0117s kupina priemon\u0117, kuri vienu metu puosel\u0117ja tiek od\u0105, tiek plaukus.<\/p>\n","protected":false},"excerpt":{"rendered":"<p>LAISEVEN RADIANCE BODY &amp; HAIR MIST \u2013 lengva k\u016bno ir plauk\u0173 dulksna, suteikianti dr\u0117gm\u0117s, \u0161vyt\u0117jimo ir gaivumo efekt\u0105 visai dienai.<\/p>\n","protected":false},"featured_media":58607,"template":"","meta":[],"product_brand":[539],"product_cat":[542,731,711,518,515,562],"product_tag":[1631],"class_list":{"0":"post-58606","1":"product","2":"type-product","3":"status-publish","4":"has-post-thumbnail","6":"product_brand-laiseven","7":"product_cat-kuno-dulksna-purskikliai","8":"product_cat-kunui","9":"product_cat-plaukams","10":"product_cat-plauku-lakai-putos-vaskas-ir-kitos-priemones","11":"product_cat-plauku-purskikliai","12":"product_cat-sandelio-valymas","13":"product_tag-laiseven","15":"first","16":"instock","17":"sale","18":"taxable","19":"shipping-taxable","20":"purchasable","21":"product-type-simple"},"yoast_head":"<!-- This site is optimized with the Yoast SEO plugin v27.4 - https:\/\/yoast.com\/product\/yoast-seo-wordpress\/ -->\n<title>LAISEVEN \u0161vyt\u0117jimo suteikianti k\u016bno ir plauk\u0173 dulksna RADIANCE BODY &amp; HAIR MIST, 200 ml - MalinaShop.lt J\u016bs\u0173 sveikatai ir gro\u017eiui.<\/title>\n<meta name=\"description\" content=\"LAISEVEN RADIANCE BODY &amp; HAIR MIST \u2013 lengva k\u016bno ir plauk\u0173 dulksna, suteikianti dr\u0117gm\u0117s, \u0161vyt\u0117jimo ir gaivumo efekt\u0105 visai dienai. LAISEVEN RADIANCE dulksna \u2013 dr\u0117kina, \u0161velnina ir suteikia \u0161vyt\u0117jimo tiek odai, tiek plaukams be apsunkinimo.\" \/>\n<meta name=\"robots\" content=\"index, follow, max-snippet:-1, max-image-preview:large, max-video-preview:-1\" \/>\n<link rel=\"canonical\" href=\"https:\/\/www.malinashop.lt\/lt_lt\/shop\/laiseven-svytejimo-suteikianti-kuno-ir-plauku-dulksna-radiance-body-hair-mist-200-ml\/\" \/>\n<meta property=\"og:locale\" content=\"lt_LT\" \/>\n<meta property=\"og:type\" content=\"article\" \/>\n<meta property=\"og:title\" content=\"LAISEVEN \u0161vyt\u0117jimo suteikianti k\u016bno ir plauk\u0173 dulksna RADIANCE BODY &amp; HAIR MIST, 200 ml - MalinaShop.lt J\u016bs\u0173 sveikatai ir gro\u017eiui.\" \/>\n<meta property=\"og:description\" content=\"LAISEVEN RADIANCE BODY &amp; HAIR MIST \u2013 lengva k\u016bno ir plauk\u0173 dulksna, suteikianti dr\u0117gm\u0117s, \u0161vyt\u0117jimo ir gaivumo efekt\u0105 visai dienai. LAISEVEN RADIANCE dulksna \u2013 dr\u0117kina, \u0161velnina ir suteikia \u0161vyt\u0117jimo tiek odai, tiek plaukams be apsunkinimo.\" \/>\n<meta property=\"og:url\" content=\"https:\/\/www.malinashop.lt\/lt_lt\/shop\/laiseven-svytejimo-suteikianti-kuno-ir-plauku-dulksna-radiance-body-hair-mist-200-ml\/\" \/>\n<meta property=\"og:site_name\" content=\"MalinaShop.lt J\u016bs\u0173 sveikatai ir gro\u017eiui.\" \/>\n<meta property=\"article:modified_time\" content=\"2026-04-08T10:26:38+00:00\" \/>\n<meta property=\"og:image\" content=\"https:\/\/www.malinashop.lt\/wp-content\/uploads\/2025\/10\/LAISEVEN-svytejimo-suteikianti-kuno-ir-plauku-dulksna-RADIANCE-BODY-HAIR-MIST-200-ml.webp\" \/>\n\t<meta property=\"og:image:width\" content=\"768\" \/>\n\t<meta property=\"og:image:height\" content=\"768\" \/>\n\t<meta property=\"og:image:type\" content=\"image\/webp\" \/>\n<meta name=\"twitter:card\" content=\"summary_large_image\" \/>\n<script type=\"application\/ld+json\" class=\"yoast-schema-graph\">{\"@context\":\"https:\\\/\\\/schema.org\",\"@graph\":[{\"@type\":\"WebPage\",\"@id\":\"https:\\\/\\\/www.malinashop.lt\\\/lt_lt\\\/shop\\\/laiseven-svytejimo-suteikianti-kuno-ir-plauku-dulksna-radiance-body-hair-mist-200-ml\\\/\",\"url\":\"https:\\\/\\\/www.malinashop.lt\\\/lt_lt\\\/shop\\\/laiseven-svytejimo-suteikianti-kuno-ir-plauku-dulksna-radiance-body-hair-mist-200-ml\\\/\",\"name\":\"LAISEVEN \u0161vyt\u0117jimo suteikianti k\u016bno ir plauk\u0173 dulksna RADIANCE BODY & HAIR MIST, 200 ml - MalinaShop.lt J\u016bs\u0173 sveikatai ir gro\u017eiui.\",\"isPartOf\":{\"@id\":\"https:\\\/\\\/www.malinashop.lt\\\/#website\"},\"primaryImageOfPage\":{\"@id\":\"https:\\\/\\\/www.malinashop.lt\\\/lt_lt\\\/shop\\\/laiseven-svytejimo-suteikianti-kuno-ir-plauku-dulksna-radiance-body-hair-mist-200-ml\\\/#primaryimage\"},\"image\":{\"@id\":\"https:\\\/\\\/www.malinashop.lt\\\/lt_lt\\\/shop\\\/laiseven-svytejimo-suteikianti-kuno-ir-plauku-dulksna-radiance-body-hair-mist-200-ml\\\/#primaryimage\"},\"thumbnailUrl\":\"https:\\\/\\\/www.malinashop.lt\\\/wp-content\\\/uploads\\\/2025\\\/10\\\/LAISEVEN-svytejimo-suteikianti-kuno-ir-plauku-dulksna-RADIANCE-BODY-HAIR-MIST-200-ml.webp\",\"datePublished\":\"2025-10-09T17:06:49+00:00\",\"dateModified\":\"2026-04-08T10:26:38+00:00\",\"description\":\"LAISEVEN RADIANCE BODY &amp; HAIR MIST \u2013 lengva k\u016bno ir plauk\u0173 dulksna, suteikianti dr\u0117gm\u0117s, \u0161vyt\u0117jimo ir gaivumo efekt\u0105 visai dienai. LAISEVEN RADIANCE dulksna \u2013 dr\u0117kina, \u0161velnina ir suteikia \u0161vyt\u0117jimo tiek odai, tiek plaukams be apsunkinimo.\",\"breadcrumb\":{\"@id\":\"https:\\\/\\\/www.malinashop.lt\\\/lt_lt\\\/shop\\\/laiseven-svytejimo-suteikianti-kuno-ir-plauku-dulksna-radiance-body-hair-mist-200-ml\\\/#breadcrumb\"},\"inLanguage\":\"lt-LT\",\"potentialAction\":[{\"@type\":\"ReadAction\",\"target\":[\"https:\\\/\\\/www.malinashop.lt\\\/lt_lt\\\/shop\\\/laiseven-svytejimo-suteikianti-kuno-ir-plauku-dulksna-radiance-body-hair-mist-200-ml\\\/\"]}]},{\"@type\":\"ImageObject\",\"inLanguage\":\"lt-LT\",\"@id\":\"https:\\\/\\\/www.malinashop.lt\\\/lt_lt\\\/shop\\\/laiseven-svytejimo-suteikianti-kuno-ir-plauku-dulksna-radiance-body-hair-mist-200-ml\\\/#primaryimage\",\"url\":\"https:\\\/\\\/www.malinashop.lt\\\/wp-content\\\/uploads\\\/2025\\\/10\\\/LAISEVEN-svytejimo-suteikianti-kuno-ir-plauku-dulksna-RADIANCE-BODY-HAIR-MIST-200-ml.webp\",\"contentUrl\":\"https:\\\/\\\/www.malinashop.lt\\\/wp-content\\\/uploads\\\/2025\\\/10\\\/LAISEVEN-svytejimo-suteikianti-kuno-ir-plauku-dulksna-RADIANCE-BODY-HAIR-MIST-200-ml.webp\",\"width\":768,\"height\":768},{\"@type\":\"BreadcrumbList\",\"@id\":\"https:\\\/\\\/www.malinashop.lt\\\/lt_lt\\\/shop\\\/laiseven-svytejimo-suteikianti-kuno-ir-plauku-dulksna-radiance-body-hair-mist-200-ml\\\/#breadcrumb\",\"itemListElement\":[{\"@type\":\"ListItem\",\"position\":1,\"name\":\"Pagrindinis\",\"item\":\"https:\\\/\\\/www.malinashop.lt\\\/\"},{\"@type\":\"ListItem\",\"position\":2,\"name\":\"Parduotuv\u0117\",\"item\":\"https:\\\/\\\/www.malinashop.lt\\\/en\\\/parduotuve\\\/\"},{\"@type\":\"ListItem\",\"position\":3,\"name\":\"LAISEVEN \u0161vyt\u0117jimo suteikianti k\u016bno ir plauk\u0173 dulksna RADIANCE BODY &#038; HAIR MIST, 200 ml\"}]},{\"@type\":\"WebSite\",\"@id\":\"https:\\\/\\\/www.malinashop.lt\\\/#website\",\"url\":\"https:\\\/\\\/www.malinashop.lt\\\/\",\"name\":\"COM Group Ecommerce\",\"description\":\"MalinaShop.lt - Gro\u017eio ir sveikatos produktai i\u0161 patikim\u0173 preki\u0173 \u017eenkl\u0173. Atraskite auk\u0161tos kokyb\u0117s kosmetik\u0105 u\u017e puiki\u0105 kain\u0105.\",\"publisher\":{\"@id\":\"https:\\\/\\\/www.malinashop.lt\\\/#organization\"},\"potentialAction\":[{\"@type\":\"SearchAction\",\"target\":{\"@type\":\"EntryPoint\",\"urlTemplate\":\"https:\\\/\\\/www.malinashop.lt\\\/?s={search_term_string}\"},\"query-input\":{\"@type\":\"PropertyValueSpecification\",\"valueRequired\":true,\"valueName\":\"search_term_string\"}}],\"inLanguage\":\"lt-LT\"},{\"@type\":\"Organization\",\"@id\":\"https:\\\/\\\/www.malinashop.lt\\\/#organization\",\"name\":\"COM Group Ecommerce\",\"url\":\"https:\\\/\\\/www.malinashop.lt\\\/\",\"logo\":{\"@type\":\"ImageObject\",\"inLanguage\":\"lt-LT\",\"@id\":\"https:\\\/\\\/www.malinashop.lt\\\/#\\\/schema\\\/logo\\\/image\\\/\",\"url\":\"https:\\\/\\\/www.malinashop.lt\\\/wp-content\\\/uploads\\\/2024\\\/08\\\/462559670_3787732518133670_9795632669273463_n-e1731525914575.png\",\"contentUrl\":\"https:\\\/\\\/www.malinashop.lt\\\/wp-content\\\/uploads\\\/2024\\\/08\\\/462559670_3787732518133670_9795632669273463_n-e1731525914575.png\",\"width\":180,\"height\":60,\"caption\":\"COM Group Ecommerce\"},\"image\":{\"@id\":\"https:\\\/\\\/www.malinashop.lt\\\/#\\\/schema\\\/logo\\\/image\\\/\"}}]}<\/script>\n<!-- \/ Yoast SEO plugin. -->","yoast_head_json":{"title":"LAISEVEN \u0161vyt\u0117jimo suteikianti k\u016bno ir plauk\u0173 dulksna RADIANCE BODY & HAIR MIST, 200 ml - MalinaShop.lt J\u016bs\u0173 sveikatai ir gro\u017eiui.","description":"LAISEVEN RADIANCE BODY &amp; HAIR MIST \u2013 lengva k\u016bno ir plauk\u0173 dulksna, suteikianti dr\u0117gm\u0117s, \u0161vyt\u0117jimo ir gaivumo efekt\u0105 visai dienai. LAISEVEN RADIANCE dulksna \u2013 dr\u0117kina, \u0161velnina ir suteikia \u0161vyt\u0117jimo tiek odai, tiek plaukams be apsunkinimo.","robots":{"index":"index","follow":"follow","max-snippet":"max-snippet:-1","max-image-preview":"max-image-preview:large","max-video-preview":"max-video-preview:-1"},"canonical":"https:\/\/www.malinashop.lt\/lt_lt\/shop\/laiseven-svytejimo-suteikianti-kuno-ir-plauku-dulksna-radiance-body-hair-mist-200-ml\/","og_locale":"lt_LT","og_type":"article","og_title":"LAISEVEN \u0161vyt\u0117jimo suteikianti k\u016bno ir plauk\u0173 dulksna RADIANCE BODY & HAIR MIST, 200 ml - MalinaShop.lt J\u016bs\u0173 sveikatai ir gro\u017eiui.","og_description":"LAISEVEN RADIANCE BODY &amp; HAIR MIST \u2013 lengva k\u016bno ir plauk\u0173 dulksna, suteikianti dr\u0117gm\u0117s, \u0161vyt\u0117jimo ir gaivumo efekt\u0105 visai dienai. LAISEVEN RADIANCE dulksna \u2013 dr\u0117kina, \u0161velnina ir suteikia \u0161vyt\u0117jimo tiek odai, tiek plaukams be apsunkinimo.","og_url":"https:\/\/www.malinashop.lt\/lt_lt\/shop\/laiseven-svytejimo-suteikianti-kuno-ir-plauku-dulksna-radiance-body-hair-mist-200-ml\/","og_site_name":"MalinaShop.lt J\u016bs\u0173 sveikatai ir gro\u017eiui.","article_modified_time":"2026-04-08T10:26:38+00:00","og_image":[{"width":768,"height":768,"url":"https:\/\/www.malinashop.lt\/wp-content\/uploads\/2025\/10\/LAISEVEN-svytejimo-suteikianti-kuno-ir-plauku-dulksna-RADIANCE-BODY-HAIR-MIST-200-ml.webp","type":"image\/webp"}],"twitter_card":"summary_large_image","schema":{"@context":"https:\/\/schema.org","@graph":[{"@type":"WebPage","@id":"https:\/\/www.malinashop.lt\/lt_lt\/shop\/laiseven-svytejimo-suteikianti-kuno-ir-plauku-dulksna-radiance-body-hair-mist-200-ml\/","url":"https:\/\/www.malinashop.lt\/lt_lt\/shop\/laiseven-svytejimo-suteikianti-kuno-ir-plauku-dulksna-radiance-body-hair-mist-200-ml\/","name":"LAISEVEN \u0161vyt\u0117jimo suteikianti k\u016bno ir plauk\u0173 dulksna RADIANCE BODY & HAIR MIST, 200 ml - MalinaShop.lt J\u016bs\u0173 sveikatai ir gro\u017eiui.","isPartOf":{"@id":"https:\/\/www.malinashop.lt\/#website"},"primaryImageOfPage":{"@id":"https:\/\/www.malinashop.lt\/lt_lt\/shop\/laiseven-svytejimo-suteikianti-kuno-ir-plauku-dulksna-radiance-body-hair-mist-200-ml\/#primaryimage"},"image":{"@id":"https:\/\/www.malinashop.lt\/lt_lt\/shop\/laiseven-svytejimo-suteikianti-kuno-ir-plauku-dulksna-radiance-body-hair-mist-200-ml\/#primaryimage"},"thumbnailUrl":"https:\/\/www.malinashop.lt\/wp-content\/uploads\/2025\/10\/LAISEVEN-svytejimo-suteikianti-kuno-ir-plauku-dulksna-RADIANCE-BODY-HAIR-MIST-200-ml.webp","datePublished":"2025-10-09T17:06:49+00:00","dateModified":"2026-04-08T10:26:38+00:00","description":"LAISEVEN RADIANCE BODY &amp; HAIR MIST \u2013 lengva k\u016bno ir plauk\u0173 dulksna, suteikianti dr\u0117gm\u0117s, \u0161vyt\u0117jimo ir gaivumo efekt\u0105 visai dienai. LAISEVEN RADIANCE dulksna \u2013 dr\u0117kina, \u0161velnina ir suteikia \u0161vyt\u0117jimo tiek odai, tiek plaukams be apsunkinimo.","breadcrumb":{"@id":"https:\/\/www.malinashop.lt\/lt_lt\/shop\/laiseven-svytejimo-suteikianti-kuno-ir-plauku-dulksna-radiance-body-hair-mist-200-ml\/#breadcrumb"},"inLanguage":"lt-LT","potentialAction":[{"@type":"ReadAction","target":["https:\/\/www.malinashop.lt\/lt_lt\/shop\/laiseven-svytejimo-suteikianti-kuno-ir-plauku-dulksna-radiance-body-hair-mist-200-ml\/"]}]},{"@type":"ImageObject","inLanguage":"lt-LT","@id":"https:\/\/www.malinashop.lt\/lt_lt\/shop\/laiseven-svytejimo-suteikianti-kuno-ir-plauku-dulksna-radiance-body-hair-mist-200-ml\/#primaryimage","url":"https:\/\/www.malinashop.lt\/wp-content\/uploads\/2025\/10\/LAISEVEN-svytejimo-suteikianti-kuno-ir-plauku-dulksna-RADIANCE-BODY-HAIR-MIST-200-ml.webp","contentUrl":"https:\/\/www.malinashop.lt\/wp-content\/uploads\/2025\/10\/LAISEVEN-svytejimo-suteikianti-kuno-ir-plauku-dulksna-RADIANCE-BODY-HAIR-MIST-200-ml.webp","width":768,"height":768},{"@type":"BreadcrumbList","@id":"https:\/\/www.malinashop.lt\/lt_lt\/shop\/laiseven-svytejimo-suteikianti-kuno-ir-plauku-dulksna-radiance-body-hair-mist-200-ml\/#breadcrumb","itemListElement":[{"@type":"ListItem","position":1,"name":"Pagrindinis","item":"https:\/\/www.malinashop.lt\/"},{"@type":"ListItem","position":2,"name":"Parduotuv\u0117","item":"https:\/\/www.malinashop.lt\/en\/parduotuve\/"},{"@type":"ListItem","position":3,"name":"LAISEVEN \u0161vyt\u0117jimo suteikianti k\u016bno ir plauk\u0173 dulksna RADIANCE BODY &#038; HAIR MIST, 200 ml"}]},{"@type":"WebSite","@id":"https:\/\/www.malinashop.lt\/#website","url":"https:\/\/www.malinashop.lt\/","name":"COM Group Ecommerce","description":"MalinaShop.lt - Gro\u017eio ir sveikatos produktai i\u0161 patikim\u0173 preki\u0173 \u017eenkl\u0173. Atraskite auk\u0161tos kokyb\u0117s kosmetik\u0105 u\u017e puiki\u0105 kain\u0105.","publisher":{"@id":"https:\/\/www.malinashop.lt\/#organization"},"potentialAction":[{"@type":"SearchAction","target":{"@type":"EntryPoint","urlTemplate":"https:\/\/www.malinashop.lt\/?s={search_term_string}"},"query-input":{"@type":"PropertyValueSpecification","valueRequired":true,"valueName":"search_term_string"}}],"inLanguage":"lt-LT"},{"@type":"Organization","@id":"https:\/\/www.malinashop.lt\/#organization","name":"COM Group Ecommerce","url":"https:\/\/www.malinashop.lt\/","logo":{"@type":"ImageObject","inLanguage":"lt-LT","@id":"https:\/\/www.malinashop.lt\/#\/schema\/logo\/image\/","url":"https:\/\/www.malinashop.lt\/wp-content\/uploads\/2024\/08\/462559670_3787732518133670_9795632669273463_n-e1731525914575.png","contentUrl":"https:\/\/www.malinashop.lt\/wp-content\/uploads\/2024\/08\/462559670_3787732518133670_9795632669273463_n-e1731525914575.png","width":180,"height":60,"caption":"COM Group Ecommerce"},"image":{"@id":"https:\/\/www.malinashop.lt\/#\/schema\/logo\/image\/"}}]}},"jetpack_sharing_enabled":true,"_links":{"self":[{"href":"https:\/\/www.malinashop.lt\/lt_lt\/wp-json\/wp\/v2\/product\/58606","targetHints":{"allow":["GET"]}}],"collection":[{"href":"https:\/\/www.malinashop.lt\/lt_lt\/wp-json\/wp\/v2\/product"}],"about":[{"href":"https:\/\/www.malinashop.lt\/lt_lt\/wp-json\/wp\/v2\/types\/product"}],"version-history":[{"count":1,"href":"https:\/\/www.malinashop.lt\/lt_lt\/wp-json\/wp\/v2\/product\/58606\/revisions"}],"predecessor-version":[{"id":58608,"href":"https:\/\/www.malinashop.lt\/lt_lt\/wp-json\/wp\/v2\/product\/58606\/revisions\/58608"}],"wp:featuredmedia":[{"embeddable":true,"href":"https:\/\/www.malinashop.lt\/lt_lt\/wp-json\/wp\/v2\/media\/58607"}],"wp:attachment":[{"href":"https:\/\/www.malinashop.lt\/lt_lt\/wp-json\/wp\/v2\/media?parent=58606"}],"wp:term":[{"taxonomy":"product_brand","embeddable":true,"href":"https:\/\/www.malinashop.lt\/lt_lt\/wp-json\/wp\/v2\/product_brand?post=58606"},{"taxonomy":"product_cat","embeddable":true,"href":"https:\/\/www.malinashop.lt\/lt_lt\/wp-json\/wp\/v2\/product_cat?post=58606"},{"taxonomy":"product_tag","embeddable":true,"href":"https:\/\/www.malinashop.lt\/lt_lt\/wp-json\/wp\/v2\/product_tag?post=58606"}],"curies":[{"name":"wp","href":"https:\/\/api.w.org\/{rel}","templated":true}]}}