{"id":58566,"date":"2025-10-09T18:58:39","date_gmt":"2025-10-09T15:58:39","guid":{"rendered":"https:\/\/malinashop.lt\/?post_type=product&#038;p=58566"},"modified":"2026-03-18T12:42:39","modified_gmt":"2026-03-18T09:42:39","slug":"myhairvitamins-kosmetine-cosmetic-bag-1-vnt","status":"publish","type":"product","link":"https:\/\/www.malinashop.lt\/lt_lt\/shop\/myhairvitamins-kosmetine-cosmetic-bag-1-vnt\/","title":{"rendered":"MYHAIRVITAMINS kosmetin\u0117 COSMETIC BAG, 1 vnt"},"content":{"rendered":"<p data-start=\"403\" data-end=\"674\">MYHAIRVITAMINS kosmetin\u0117 COSMETIC BAG \u2013 tai eleganti\u0161ka ir funkcionali kosmetin\u0117, sukurta tiems, kurie vertina tvark\u0105 ir stili\u0173. D\u0117l savo <strong data-start=\"565\" data-end=\"611\">kompakti\u0161ko dyd\u017eio ir universalaus dizaino<\/strong> ji puikiai tinka kasdieniam naudojimui, kelion\u0117ms ar darbui.<\/p>\n<p data-start=\"676\" data-end=\"974\">Pagaminta i\u0161 <strong data-start=\"689\" data-end=\"730\">kokybi\u0161kos, lengvai valomos med\u017eiagos<\/strong>, tod\u0117l J\u016bs\u0173 kosmetikos priemon\u0117s visuomet bus saugios ir tvarkingai sud\u0117tos.<br data-start=\"807\" data-end=\"810\" \/>Kosmetin\u0117 <strong data-start=\"820\" data-end=\"851\">MYHAIRVITAMINS COSMETIC BAG<\/strong> turi pakankamai vietos tiek makia\u017eo produktams, tiek \u0161epet\u0117liams, plauk\u0173 prie\u017ei\u016bros priemon\u0117ms ar smulkiems aksesuarams.<\/p>\n<p data-start=\"976\" data-end=\"1117\">\u0160i kosmetin\u0117 \u2013 puikus pasirinkimas tiems, kurie m\u0117gsta, kad viskas b\u016bt\u0173 po ranka ir stilingai organizuota.<br data-start=\"1082\" data-end=\"1085\" \/><strong data-start=\"1085\" data-end=\"1098\">Matmenys:<\/strong> 22 \u00d7 8 \u00d7 12,5 cm<\/p>\n","protected":false},"excerpt":{"rendered":"<p>MYHAIRVITAMINS kosmetin\u0117 COSMETIC BAG \u2013 stilinga ir prakti\u0161ka kosmetin\u0117, skirta patogiam gro\u017eio priemoni\u0173 laikymui namuose ar kelion\u0117je.<\/p>\n","protected":false},"featured_media":58567,"template":"","meta":[],"product_brand":[1305],"product_cat":[102],"product_tag":[1639],"class_list":{"0":"post-58566","1":"product","2":"type-product","3":"status-publish","4":"has-post-thumbnail","6":"product_brand-myhairvitamins","7":"product_cat-dekoratyvine-kosmetika","8":"product_tag-myhairvitamins","10":"first","11":"instock","12":"sale","13":"taxable","14":"shipping-taxable","15":"purchasable","16":"product-type-simple"},"yoast_head":"<!-- This site is optimized with the Yoast SEO plugin v27.4 - https:\/\/yoast.com\/product\/yoast-seo-wordpress\/ -->\n<title>MYHAIRVITAMINS kosmetin\u0117 COSMETIC BAG, 1 vnt - MalinaShop.lt J\u016bs\u0173 sveikatai ir gro\u017eiui.<\/title>\n<meta name=\"description\" content=\"MYHAIRVITAMINS kosmetin\u0117 COSMETIC BAG \u2013 stilinga ir prakti\u0161ka kosmetin\u0117, skirta patogiam gro\u017eio priemoni\u0173 laikymui namuose ar kelion\u0117je. Stilinga ir prakti\u0161ka MYHAIRVITAMINS COSMETIC BAG \u2013 puikiai tinka kosmetikai, \u0161epet\u0117liams ar kelion\u0117ms.\" \/>\n<meta name=\"robots\" content=\"index, follow, max-snippet:-1, max-image-preview:large, max-video-preview:-1\" \/>\n<link rel=\"canonical\" href=\"https:\/\/www.malinashop.lt\/lt_lt\/shop\/myhairvitamins-kosmetine-cosmetic-bag-1-vnt\/\" \/>\n<meta property=\"og:locale\" content=\"lt_LT\" \/>\n<meta property=\"og:type\" content=\"article\" \/>\n<meta property=\"og:title\" content=\"MYHAIRVITAMINS kosmetin\u0117 COSMETIC BAG, 1 vnt - MalinaShop.lt J\u016bs\u0173 sveikatai ir gro\u017eiui.\" \/>\n<meta property=\"og:description\" content=\"MYHAIRVITAMINS kosmetin\u0117 COSMETIC BAG \u2013 stilinga ir prakti\u0161ka kosmetin\u0117, skirta patogiam gro\u017eio priemoni\u0173 laikymui namuose ar kelion\u0117je. Stilinga ir prakti\u0161ka MYHAIRVITAMINS COSMETIC BAG \u2013 puikiai tinka kosmetikai, \u0161epet\u0117liams ar kelion\u0117ms.\" \/>\n<meta property=\"og:url\" content=\"https:\/\/www.malinashop.lt\/lt_lt\/shop\/myhairvitamins-kosmetine-cosmetic-bag-1-vnt\/\" \/>\n<meta property=\"og:site_name\" content=\"MalinaShop.lt J\u016bs\u0173 sveikatai ir gro\u017eiui.\" \/>\n<meta property=\"article:modified_time\" content=\"2026-03-18T09:42:39+00:00\" \/>\n<meta property=\"og:image\" content=\"https:\/\/www.malinashop.lt\/wp-content\/uploads\/2025\/10\/MYHAIRVITAMINS-kosmetine-COSMETIC-BAG-1-vnt1.jpg\" \/>\n\t<meta property=\"og:image:width\" content=\"1000\" \/>\n\t<meta property=\"og:image:height\" content=\"1000\" \/>\n\t<meta property=\"og:image:type\" content=\"image\/jpeg\" \/>\n<meta name=\"twitter:card\" content=\"summary_large_image\" \/>\n<script type=\"application\/ld+json\" class=\"yoast-schema-graph\">{\"@context\":\"https:\\\/\\\/schema.org\",\"@graph\":[{\"@type\":\"WebPage\",\"@id\":\"https:\\\/\\\/www.malinashop.lt\\\/lt_lt\\\/shop\\\/myhairvitamins-kosmetine-cosmetic-bag-1-vnt\\\/\",\"url\":\"https:\\\/\\\/www.malinashop.lt\\\/lt_lt\\\/shop\\\/myhairvitamins-kosmetine-cosmetic-bag-1-vnt\\\/\",\"name\":\"MYHAIRVITAMINS kosmetin\u0117 COSMETIC BAG, 1 vnt - MalinaShop.lt J\u016bs\u0173 sveikatai ir gro\u017eiui.\",\"isPartOf\":{\"@id\":\"https:\\\/\\\/www.malinashop.lt\\\/#website\"},\"primaryImageOfPage\":{\"@id\":\"https:\\\/\\\/www.malinashop.lt\\\/lt_lt\\\/shop\\\/myhairvitamins-kosmetine-cosmetic-bag-1-vnt\\\/#primaryimage\"},\"image\":{\"@id\":\"https:\\\/\\\/www.malinashop.lt\\\/lt_lt\\\/shop\\\/myhairvitamins-kosmetine-cosmetic-bag-1-vnt\\\/#primaryimage\"},\"thumbnailUrl\":\"https:\\\/\\\/www.malinashop.lt\\\/wp-content\\\/uploads\\\/2025\\\/10\\\/MYHAIRVITAMINS-kosmetine-COSMETIC-BAG-1-vnt1.jpg\",\"datePublished\":\"2025-10-09T15:58:39+00:00\",\"dateModified\":\"2026-03-18T09:42:39+00:00\",\"description\":\"MYHAIRVITAMINS kosmetin\u0117 COSMETIC BAG \u2013 stilinga ir prakti\u0161ka kosmetin\u0117, skirta patogiam gro\u017eio priemoni\u0173 laikymui namuose ar kelion\u0117je. Stilinga ir prakti\u0161ka MYHAIRVITAMINS COSMETIC BAG \u2013 puikiai tinka kosmetikai, \u0161epet\u0117liams ar kelion\u0117ms.\",\"breadcrumb\":{\"@id\":\"https:\\\/\\\/www.malinashop.lt\\\/lt_lt\\\/shop\\\/myhairvitamins-kosmetine-cosmetic-bag-1-vnt\\\/#breadcrumb\"},\"inLanguage\":\"lt-LT\",\"potentialAction\":[{\"@type\":\"ReadAction\",\"target\":[\"https:\\\/\\\/www.malinashop.lt\\\/lt_lt\\\/shop\\\/myhairvitamins-kosmetine-cosmetic-bag-1-vnt\\\/\"]}]},{\"@type\":\"ImageObject\",\"inLanguage\":\"lt-LT\",\"@id\":\"https:\\\/\\\/www.malinashop.lt\\\/lt_lt\\\/shop\\\/myhairvitamins-kosmetine-cosmetic-bag-1-vnt\\\/#primaryimage\",\"url\":\"https:\\\/\\\/www.malinashop.lt\\\/wp-content\\\/uploads\\\/2025\\\/10\\\/MYHAIRVITAMINS-kosmetine-COSMETIC-BAG-1-vnt1.jpg\",\"contentUrl\":\"https:\\\/\\\/www.malinashop.lt\\\/wp-content\\\/uploads\\\/2025\\\/10\\\/MYHAIRVITAMINS-kosmetine-COSMETIC-BAG-1-vnt1.jpg\",\"width\":1000,\"height\":1000},{\"@type\":\"BreadcrumbList\",\"@id\":\"https:\\\/\\\/www.malinashop.lt\\\/lt_lt\\\/shop\\\/myhairvitamins-kosmetine-cosmetic-bag-1-vnt\\\/#breadcrumb\",\"itemListElement\":[{\"@type\":\"ListItem\",\"position\":1,\"name\":\"Pagrindinis\",\"item\":\"https:\\\/\\\/www.malinashop.lt\\\/\"},{\"@type\":\"ListItem\",\"position\":2,\"name\":\"Parduotuv\u0117\",\"item\":\"https:\\\/\\\/www.malinashop.lt\\\/en\\\/parduotuve\\\/\"},{\"@type\":\"ListItem\",\"position\":3,\"name\":\"MYHAIRVITAMINS kosmetin\u0117 COSMETIC BAG, 1 vnt\"}]},{\"@type\":\"WebSite\",\"@id\":\"https:\\\/\\\/www.malinashop.lt\\\/#website\",\"url\":\"https:\\\/\\\/www.malinashop.lt\\\/\",\"name\":\"COM Group Ecommerce\",\"description\":\"MalinaShop.lt - Gro\u017eio ir sveikatos produktai i\u0161 patikim\u0173 preki\u0173 \u017eenkl\u0173. Atraskite auk\u0161tos kokyb\u0117s kosmetik\u0105 u\u017e puiki\u0105 kain\u0105.\",\"publisher\":{\"@id\":\"https:\\\/\\\/www.malinashop.lt\\\/#organization\"},\"potentialAction\":[{\"@type\":\"SearchAction\",\"target\":{\"@type\":\"EntryPoint\",\"urlTemplate\":\"https:\\\/\\\/www.malinashop.lt\\\/?s={search_term_string}\"},\"query-input\":{\"@type\":\"PropertyValueSpecification\",\"valueRequired\":true,\"valueName\":\"search_term_string\"}}],\"inLanguage\":\"lt-LT\"},{\"@type\":\"Organization\",\"@id\":\"https:\\\/\\\/www.malinashop.lt\\\/#organization\",\"name\":\"COM Group Ecommerce\",\"url\":\"https:\\\/\\\/www.malinashop.lt\\\/\",\"logo\":{\"@type\":\"ImageObject\",\"inLanguage\":\"lt-LT\",\"@id\":\"https:\\\/\\\/www.malinashop.lt\\\/#\\\/schema\\\/logo\\\/image\\\/\",\"url\":\"https:\\\/\\\/www.malinashop.lt\\\/wp-content\\\/uploads\\\/2024\\\/08\\\/462559670_3787732518133670_9795632669273463_n-e1731525914575.png\",\"contentUrl\":\"https:\\\/\\\/www.malinashop.lt\\\/wp-content\\\/uploads\\\/2024\\\/08\\\/462559670_3787732518133670_9795632669273463_n-e1731525914575.png\",\"width\":180,\"height\":60,\"caption\":\"COM Group Ecommerce\"},\"image\":{\"@id\":\"https:\\\/\\\/www.malinashop.lt\\\/#\\\/schema\\\/logo\\\/image\\\/\"}}]}<\/script>\n<!-- \/ Yoast SEO plugin. -->","yoast_head_json":{"title":"MYHAIRVITAMINS kosmetin\u0117 COSMETIC BAG, 1 vnt - MalinaShop.lt J\u016bs\u0173 sveikatai ir gro\u017eiui.","description":"MYHAIRVITAMINS kosmetin\u0117 COSMETIC BAG \u2013 stilinga ir prakti\u0161ka kosmetin\u0117, skirta patogiam gro\u017eio priemoni\u0173 laikymui namuose ar kelion\u0117je. Stilinga ir prakti\u0161ka MYHAIRVITAMINS COSMETIC BAG \u2013 puikiai tinka kosmetikai, \u0161epet\u0117liams ar kelion\u0117ms.","robots":{"index":"index","follow":"follow","max-snippet":"max-snippet:-1","max-image-preview":"max-image-preview:large","max-video-preview":"max-video-preview:-1"},"canonical":"https:\/\/www.malinashop.lt\/lt_lt\/shop\/myhairvitamins-kosmetine-cosmetic-bag-1-vnt\/","og_locale":"lt_LT","og_type":"article","og_title":"MYHAIRVITAMINS kosmetin\u0117 COSMETIC BAG, 1 vnt - MalinaShop.lt J\u016bs\u0173 sveikatai ir gro\u017eiui.","og_description":"MYHAIRVITAMINS kosmetin\u0117 COSMETIC BAG \u2013 stilinga ir prakti\u0161ka kosmetin\u0117, skirta patogiam gro\u017eio priemoni\u0173 laikymui namuose ar kelion\u0117je. Stilinga ir prakti\u0161ka MYHAIRVITAMINS COSMETIC BAG \u2013 puikiai tinka kosmetikai, \u0161epet\u0117liams ar kelion\u0117ms.","og_url":"https:\/\/www.malinashop.lt\/lt_lt\/shop\/myhairvitamins-kosmetine-cosmetic-bag-1-vnt\/","og_site_name":"MalinaShop.lt J\u016bs\u0173 sveikatai ir gro\u017eiui.","article_modified_time":"2026-03-18T09:42:39+00:00","og_image":[{"width":1000,"height":1000,"url":"https:\/\/www.malinashop.lt\/wp-content\/uploads\/2025\/10\/MYHAIRVITAMINS-kosmetine-COSMETIC-BAG-1-vnt1.jpg","type":"image\/jpeg"}],"twitter_card":"summary_large_image","schema":{"@context":"https:\/\/schema.org","@graph":[{"@type":"WebPage","@id":"https:\/\/www.malinashop.lt\/lt_lt\/shop\/myhairvitamins-kosmetine-cosmetic-bag-1-vnt\/","url":"https:\/\/www.malinashop.lt\/lt_lt\/shop\/myhairvitamins-kosmetine-cosmetic-bag-1-vnt\/","name":"MYHAIRVITAMINS kosmetin\u0117 COSMETIC BAG, 1 vnt - MalinaShop.lt J\u016bs\u0173 sveikatai ir gro\u017eiui.","isPartOf":{"@id":"https:\/\/www.malinashop.lt\/#website"},"primaryImageOfPage":{"@id":"https:\/\/www.malinashop.lt\/lt_lt\/shop\/myhairvitamins-kosmetine-cosmetic-bag-1-vnt\/#primaryimage"},"image":{"@id":"https:\/\/www.malinashop.lt\/lt_lt\/shop\/myhairvitamins-kosmetine-cosmetic-bag-1-vnt\/#primaryimage"},"thumbnailUrl":"https:\/\/www.malinashop.lt\/wp-content\/uploads\/2025\/10\/MYHAIRVITAMINS-kosmetine-COSMETIC-BAG-1-vnt1.jpg","datePublished":"2025-10-09T15:58:39+00:00","dateModified":"2026-03-18T09:42:39+00:00","description":"MYHAIRVITAMINS kosmetin\u0117 COSMETIC BAG \u2013 stilinga ir prakti\u0161ka kosmetin\u0117, skirta patogiam gro\u017eio priemoni\u0173 laikymui namuose ar kelion\u0117je. Stilinga ir prakti\u0161ka MYHAIRVITAMINS COSMETIC BAG \u2013 puikiai tinka kosmetikai, \u0161epet\u0117liams ar kelion\u0117ms.","breadcrumb":{"@id":"https:\/\/www.malinashop.lt\/lt_lt\/shop\/myhairvitamins-kosmetine-cosmetic-bag-1-vnt\/#breadcrumb"},"inLanguage":"lt-LT","potentialAction":[{"@type":"ReadAction","target":["https:\/\/www.malinashop.lt\/lt_lt\/shop\/myhairvitamins-kosmetine-cosmetic-bag-1-vnt\/"]}]},{"@type":"ImageObject","inLanguage":"lt-LT","@id":"https:\/\/www.malinashop.lt\/lt_lt\/shop\/myhairvitamins-kosmetine-cosmetic-bag-1-vnt\/#primaryimage","url":"https:\/\/www.malinashop.lt\/wp-content\/uploads\/2025\/10\/MYHAIRVITAMINS-kosmetine-COSMETIC-BAG-1-vnt1.jpg","contentUrl":"https:\/\/www.malinashop.lt\/wp-content\/uploads\/2025\/10\/MYHAIRVITAMINS-kosmetine-COSMETIC-BAG-1-vnt1.jpg","width":1000,"height":1000},{"@type":"BreadcrumbList","@id":"https:\/\/www.malinashop.lt\/lt_lt\/shop\/myhairvitamins-kosmetine-cosmetic-bag-1-vnt\/#breadcrumb","itemListElement":[{"@type":"ListItem","position":1,"name":"Pagrindinis","item":"https:\/\/www.malinashop.lt\/"},{"@type":"ListItem","position":2,"name":"Parduotuv\u0117","item":"https:\/\/www.malinashop.lt\/en\/parduotuve\/"},{"@type":"ListItem","position":3,"name":"MYHAIRVITAMINS kosmetin\u0117 COSMETIC BAG, 1 vnt"}]},{"@type":"WebSite","@id":"https:\/\/www.malinashop.lt\/#website","url":"https:\/\/www.malinashop.lt\/","name":"COM Group Ecommerce","description":"MalinaShop.lt - Gro\u017eio ir sveikatos produktai i\u0161 patikim\u0173 preki\u0173 \u017eenkl\u0173. Atraskite auk\u0161tos kokyb\u0117s kosmetik\u0105 u\u017e puiki\u0105 kain\u0105.","publisher":{"@id":"https:\/\/www.malinashop.lt\/#organization"},"potentialAction":[{"@type":"SearchAction","target":{"@type":"EntryPoint","urlTemplate":"https:\/\/www.malinashop.lt\/?s={search_term_string}"},"query-input":{"@type":"PropertyValueSpecification","valueRequired":true,"valueName":"search_term_string"}}],"inLanguage":"lt-LT"},{"@type":"Organization","@id":"https:\/\/www.malinashop.lt\/#organization","name":"COM Group Ecommerce","url":"https:\/\/www.malinashop.lt\/","logo":{"@type":"ImageObject","inLanguage":"lt-LT","@id":"https:\/\/www.malinashop.lt\/#\/schema\/logo\/image\/","url":"https:\/\/www.malinashop.lt\/wp-content\/uploads\/2024\/08\/462559670_3787732518133670_9795632669273463_n-e1731525914575.png","contentUrl":"https:\/\/www.malinashop.lt\/wp-content\/uploads\/2024\/08\/462559670_3787732518133670_9795632669273463_n-e1731525914575.png","width":180,"height":60,"caption":"COM Group Ecommerce"},"image":{"@id":"https:\/\/www.malinashop.lt\/#\/schema\/logo\/image\/"}}]}},"jetpack_sharing_enabled":true,"_links":{"self":[{"href":"https:\/\/www.malinashop.lt\/lt_lt\/wp-json\/wp\/v2\/product\/58566","targetHints":{"allow":["GET"]}}],"collection":[{"href":"https:\/\/www.malinashop.lt\/lt_lt\/wp-json\/wp\/v2\/product"}],"about":[{"href":"https:\/\/www.malinashop.lt\/lt_lt\/wp-json\/wp\/v2\/types\/product"}],"version-history":[{"count":1,"href":"https:\/\/www.malinashop.lt\/lt_lt\/wp-json\/wp\/v2\/product\/58566\/revisions"}],"predecessor-version":[{"id":58569,"href":"https:\/\/www.malinashop.lt\/lt_lt\/wp-json\/wp\/v2\/product\/58566\/revisions\/58569"}],"wp:featuredmedia":[{"embeddable":true,"href":"https:\/\/www.malinashop.lt\/lt_lt\/wp-json\/wp\/v2\/media\/58567"}],"wp:attachment":[{"href":"https:\/\/www.malinashop.lt\/lt_lt\/wp-json\/wp\/v2\/media?parent=58566"}],"wp:term":[{"taxonomy":"product_brand","embeddable":true,"href":"https:\/\/www.malinashop.lt\/lt_lt\/wp-json\/wp\/v2\/product_brand?post=58566"},{"taxonomy":"product_cat","embeddable":true,"href":"https:\/\/www.malinashop.lt\/lt_lt\/wp-json\/wp\/v2\/product_cat?post=58566"},{"taxonomy":"product_tag","embeddable":true,"href":"https:\/\/www.malinashop.lt\/lt_lt\/wp-json\/wp\/v2\/product_tag?post=58566"}],"curies":[{"name":"wp","href":"https:\/\/api.w.org\/{rel}","templated":true}]}}