{"id":58401,"date":"2025-11-06T13:48:24","date_gmt":"2025-11-06T10:48:24","guid":{"rendered":"https:\/\/malinashop.lt\/?post_type=product&#038;p=58401"},"modified":"2025-11-29T13:36:14","modified_gmt":"2025-11-29T10:36:14","slug":"upgrade-bioinfrared-2-large-infraraudonuju-spinduliu-plauku-tiesintuvas","status":"publish","type":"product","link":"https:\/\/www.malinashop.lt\/lt_lt\/shop\/upgrade-bioinfrared-2-large-infraraudonuju-spinduliu-plauku-tiesintuvas\/","title":{"rendered":"UPGRADE Bioinfrared 2 Large infraraudon\u0173j\u0173 spinduli\u0173 plauk\u0173 tiesintuvas"},"content":{"rendered":"<p data-start=\"195\" data-end=\"573\"><strong data-start=\"212\" data-end=\"243\">UPGRADE Bioinfrared 2 Large<\/strong> \u2013 tai naujos kartos plauk\u0173 tiesintuvas, sukurtas profesionaliam naudojimui ir kasdieninei prie\u017ei\u016brai. Naudodamas infraraudon\u0173j\u0173 spinduli\u0173 \u0161ilum\u0105, prietaisas giliai \u012fsiskverbia \u012f plauko vid\u0173, apsaugodamas i\u0161orin\u012f sluoksn\u012f. Tokiu b\u016bdu plaukai i\u0161lieka <strong data-start=\"493\" data-end=\"527\">glotn\u016bs, \u0161veln\u016bs ir spindintys<\/strong>, net jei jie yra da\u017eyti, ploni ar pa\u017eeisti.<\/p>\n<p data-start=\"575\" data-end=\"727\">\u0160is modelis leid\u017eia pasiekti nepriekai\u0161ting\u0105 rezultat\u0105 naudojant ypa\u010d \u017eem\u0105 temperat\u016br\u0105, tod\u0117l laikomas vienu saugiausi\u0173 pasirinkim\u0173 plauk\u0173 formavimui.<\/p>\n<p data-start=\"729\" data-end=\"753\"><strong data-start=\"729\" data-end=\"751\">Technin\u0117s savyb\u0117s:<\/strong><\/p>\n<ul data-start=\"754\" data-end=\"1288\">\n<li data-start=\"754\" data-end=\"851\">\n<p data-start=\"756\" data-end=\"851\"><strong data-start=\"756\" data-end=\"797\">Temperat\u016bros reguliavimas (130\u2013230\u00b0C)<\/strong>:<br data-start=\"798\" data-end=\"801\" \/>\u2022 130\u00b0C \u2013 proced\u016broms<br data-start=\"824\" data-end=\"827\" \/>\u2022 180\u00b0C \u2013 formavimui<\/p>\n<\/li>\n<li data-start=\"852\" data-end=\"913\">\n<p data-start=\"854\" data-end=\"913\"><strong data-start=\"854\" data-end=\"878\">Skaitmeninis ekranas<\/strong> \u2013 tikslus temperat\u016bros valdymas.<\/p>\n<\/li>\n<li data-start=\"914\" data-end=\"1009\">\n<p data-start=\"916\" data-end=\"1009\"><strong data-start=\"916\" data-end=\"973\">Titano plok\u0161tel\u0117s su turmalino keramika (50 \u00d7 110 mm)<\/strong> \u2013 tolygus \u0161ilumos pasiskirstymas.<\/p>\n<\/li>\n<li data-start=\"1010\" data-end=\"1078\">\n<p data-start=\"1012\" data-end=\"1078\"><strong data-start=\"1012\" data-end=\"1033\">Dviguba MCH var\u017ea<\/strong> \u2013 pastovi temperat\u016bra viso naudojimo metu.<\/p>\n<\/li>\n<li data-start=\"1079\" data-end=\"1138\">\n<p data-start=\"1081\" data-end=\"1138\"><strong data-start=\"1081\" data-end=\"1109\">Automatinis i\u0161sijungimas<\/strong> po 1 valandos nenaudojimo.<\/p>\n<\/li>\n<li data-start=\"1139\" data-end=\"1203\">\n<p data-start=\"1141\" data-end=\"1203\"><strong data-start=\"1141\" data-end=\"1163\">Prabangus dizainas<\/strong> \u2013 satino danga, reljefinis logotipas.<\/p>\n<\/li>\n<li data-start=\"1204\" data-end=\"1288\">\n<p data-start=\"1206\" data-end=\"1288\"><strong data-start=\"1206\" data-end=\"1219\">Patogumas<\/strong> \u2013 kar\u0161\u010diui atsparus \u201eCoverUp\u201c dangtelis ir d\u0117klas transportavimui.<\/p>\n<\/li>\n<\/ul>\n<p data-start=\"1290\" data-end=\"1417\"><strong data-start=\"1290\" data-end=\"1313\">UPGRADE Bioinfrared<\/strong> \u2013 daugiau nei tiesintuvas. Tai inovatyvus \u012frankis, u\u017etikrinantis gro\u017e\u012f ir plauk\u0173 sveikat\u0105 vienu metu.<\/p>\n","protected":false},"excerpt":{"rendered":"<p data-start=\"207\" data-end=\"587\"><strong data-start=\"224\" data-end=\"256\">Naujasis UPGRADE Bioinfrared<\/strong> \u2013 tai ne tik tiesintuvas, bet ir profesionali plauk\u0173 prie\u017ei\u016bros priemon\u0117. Dvigubas <strong data-start=\"340\" data-end=\"379\">bioinfraraudon\u0173j\u0173 spinduli\u0173 srautas<\/strong> kartu su <strong data-start=\"389\" data-end=\"406\">jonizatoriumi<\/strong> u\u017etikrina glotnius, \u0161velnius, \u017evilgan\u010dius ir sveikiau atrodan\u010dius plaukus. \u0160is inovatyvus \u012frankis leid\u017eia ne tik tiesinti, bet ir padidinti plauk\u0173 proced\u016br\u0173 \u012fsig\u0117rimo efektyvum\u0105.<\/p>\n<p data-start=\"589\" data-end=\"619\"><strong data-start=\"589\" data-end=\"617\">Pagrindiniai privalumai:<\/strong><\/p>\n<ul data-start=\"620\" data-end=\"984\">\n<li data-start=\"620\" data-end=\"745\">\n<p data-start=\"622\" data-end=\"745\"><strong data-start=\"622\" data-end=\"649\">2 technologijos viename<\/strong> \u2013 Bio-infrared + jonizatorius. U\u017edaro kutikul\u0119, ma\u017eina \u0161iau\u0161im\u0105si, suteikia dvigub\u0105 blizges\u012f.<\/p>\n<\/li>\n<li data-start=\"746\" data-end=\"873\">\n<p data-start=\"748\" data-end=\"873\"><strong data-start=\"748\" data-end=\"766\">2x efektyvumas<\/strong> \u2013 dviguba infraraudon\u0173j\u0173 spinduli\u0173 srov\u0117 giliai \u012fsiskverbia \u012f plauko vid\u0173, u\u017etikrina maksimali\u0105 apsaug\u0105.<\/p>\n<\/li>\n<li data-start=\"874\" data-end=\"984\">\n<p data-start=\"876\" data-end=\"984\"><strong data-start=\"876\" data-end=\"891\">2 funkcijos<\/strong> \u2013 glotninimas ir proced\u016br\u0173 \u012fsig\u0117rimo stiprinimas su kar\u0161\u010diui atspariu \u201eCoverUp\u201c dangteliu.<\/p>\n<\/li>\n<\/ul>\n<p data-start=\"986\" data-end=\"1090\"><strong data-start=\"986\" data-end=\"1009\">UPGRADE Bioinfrared<\/strong> \u2013 nauja technologij\u0173 karta, kuri plauk\u0173 formavim\u0105 paver\u010dia prie\u017ei\u016bros ritualu.<\/p>\n","protected":false},"featured_media":58407,"template":"","meta":[],"product_brand":[1195],"product_cat":[1147],"product_tag":[],"class_list":{"0":"post-58401","1":"product","2":"type-product","3":"status-publish","4":"has-post-thumbnail","6":"product_brand-upgrade","7":"product_cat-plauku-prietaisai","9":"first","10":"outofstock","11":"taxable","12":"shipping-taxable","13":"purchasable","14":"product-type-simple"},"yoast_head":"<!-- This site is optimized with the Yoast SEO plugin v27.4 - https:\/\/yoast.com\/product\/yoast-seo-wordpress\/ -->\n<title>Terminis infraraudon\u0173j\u0173 spinduli\u0173 \u0161epetys<\/title>\n<meta name=\"description\" content=\"UPGRADE Bioinfrared 2 Large tiesintuvas u\u017etikrina glotnius, sveikus ir nat\u016braliai spindin\u010dius plaukus.\" \/>\n<meta name=\"robots\" content=\"index, follow, max-snippet:-1, max-image-preview:large, max-video-preview:-1\" \/>\n<link rel=\"canonical\" href=\"https:\/\/www.malinashop.lt\/lt_lt\/shop\/upgrade-bioinfrared-2-large-infraraudonuju-spinduliu-plauku-tiesintuvas\/\" \/>\n<meta property=\"og:locale\" content=\"lt_LT\" \/>\n<meta property=\"og:type\" content=\"article\" \/>\n<meta property=\"og:title\" content=\"Terminis infraraudon\u0173j\u0173 spinduli\u0173 \u0161epetys\" \/>\n<meta property=\"og:description\" content=\"UPGRADE Bioinfrared 2 Large tiesintuvas u\u017etikrina glotnius, sveikus ir nat\u016braliai spindin\u010dius plaukus.\" \/>\n<meta property=\"og:url\" content=\"https:\/\/www.malinashop.lt\/lt_lt\/shop\/upgrade-bioinfrared-2-large-infraraudonuju-spinduliu-plauku-tiesintuvas\/\" \/>\n<meta property=\"og:site_name\" content=\"MalinaShop.lt J\u016bs\u0173 sveikatai ir gro\u017eiui.\" \/>\n<meta property=\"article:modified_time\" content=\"2025-11-29T10:36:14+00:00\" \/>\n<meta property=\"og:image\" content=\"https:\/\/www.malinashop.lt\/wp-content\/uploads\/2025\/10\/UPGRADE-Bioinfrared-2-Large-infraraudonuju-spinduliu-plauku-tiesintuvas.webp\" \/>\n\t<meta property=\"og:image:width\" content=\"768\" \/>\n\t<meta property=\"og:image:height\" content=\"768\" \/>\n\t<meta property=\"og:image:type\" content=\"image\/webp\" \/>\n<meta name=\"twitter:card\" content=\"summary_large_image\" \/>\n<script type=\"application\/ld+json\" class=\"yoast-schema-graph\">{\"@context\":\"https:\\\/\\\/schema.org\",\"@graph\":[{\"@type\":\"WebPage\",\"@id\":\"https:\\\/\\\/www.malinashop.lt\\\/lt_lt\\\/shop\\\/upgrade-bioinfrared-2-large-infraraudonuju-spinduliu-plauku-tiesintuvas\\\/\",\"url\":\"https:\\\/\\\/www.malinashop.lt\\\/lt_lt\\\/shop\\\/upgrade-bioinfrared-2-large-infraraudonuju-spinduliu-plauku-tiesintuvas\\\/\",\"name\":\"Terminis infraraudon\u0173j\u0173 spinduli\u0173 \u0161epetys\",\"isPartOf\":{\"@id\":\"https:\\\/\\\/www.malinashop.lt\\\/#website\"},\"primaryImageOfPage\":{\"@id\":\"https:\\\/\\\/www.malinashop.lt\\\/lt_lt\\\/shop\\\/upgrade-bioinfrared-2-large-infraraudonuju-spinduliu-plauku-tiesintuvas\\\/#primaryimage\"},\"image\":{\"@id\":\"https:\\\/\\\/www.malinashop.lt\\\/lt_lt\\\/shop\\\/upgrade-bioinfrared-2-large-infraraudonuju-spinduliu-plauku-tiesintuvas\\\/#primaryimage\"},\"thumbnailUrl\":\"https:\\\/\\\/www.malinashop.lt\\\/wp-content\\\/uploads\\\/2025\\\/10\\\/UPGRADE-Bioinfrared-2-Large-infraraudonuju-spinduliu-plauku-tiesintuvas.webp\",\"datePublished\":\"2025-11-06T10:48:24+00:00\",\"dateModified\":\"2025-11-29T10:36:14+00:00\",\"description\":\"UPGRADE Bioinfrared 2 Large tiesintuvas u\u017etikrina glotnius, sveikus ir nat\u016braliai spindin\u010dius plaukus.\",\"breadcrumb\":{\"@id\":\"https:\\\/\\\/www.malinashop.lt\\\/lt_lt\\\/shop\\\/upgrade-bioinfrared-2-large-infraraudonuju-spinduliu-plauku-tiesintuvas\\\/#breadcrumb\"},\"inLanguage\":\"lt-LT\",\"potentialAction\":[{\"@type\":\"ReadAction\",\"target\":[\"https:\\\/\\\/www.malinashop.lt\\\/lt_lt\\\/shop\\\/upgrade-bioinfrared-2-large-infraraudonuju-spinduliu-plauku-tiesintuvas\\\/\"]}]},{\"@type\":\"ImageObject\",\"inLanguage\":\"lt-LT\",\"@id\":\"https:\\\/\\\/www.malinashop.lt\\\/lt_lt\\\/shop\\\/upgrade-bioinfrared-2-large-infraraudonuju-spinduliu-plauku-tiesintuvas\\\/#primaryimage\",\"url\":\"https:\\\/\\\/www.malinashop.lt\\\/wp-content\\\/uploads\\\/2025\\\/10\\\/UPGRADE-Bioinfrared-2-Large-infraraudonuju-spinduliu-plauku-tiesintuvas.webp\",\"contentUrl\":\"https:\\\/\\\/www.malinashop.lt\\\/wp-content\\\/uploads\\\/2025\\\/10\\\/UPGRADE-Bioinfrared-2-Large-infraraudonuju-spinduliu-plauku-tiesintuvas.webp\",\"width\":768,\"height\":768},{\"@type\":\"BreadcrumbList\",\"@id\":\"https:\\\/\\\/www.malinashop.lt\\\/lt_lt\\\/shop\\\/upgrade-bioinfrared-2-large-infraraudonuju-spinduliu-plauku-tiesintuvas\\\/#breadcrumb\",\"itemListElement\":[{\"@type\":\"ListItem\",\"position\":1,\"name\":\"Pagrindinis\",\"item\":\"https:\\\/\\\/www.malinashop.lt\\\/\"},{\"@type\":\"ListItem\",\"position\":2,\"name\":\"Parduotuv\u0117\",\"item\":\"https:\\\/\\\/www.malinashop.lt\\\/en\\\/parduotuve\\\/\"},{\"@type\":\"ListItem\",\"position\":3,\"name\":\"UPGRADE Bioinfrared 2 Large infraraudon\u0173j\u0173 spinduli\u0173 plauk\u0173 tiesintuvas\"}]},{\"@type\":\"WebSite\",\"@id\":\"https:\\\/\\\/www.malinashop.lt\\\/#website\",\"url\":\"https:\\\/\\\/www.malinashop.lt\\\/\",\"name\":\"COM Group Ecommerce\",\"description\":\"MalinaShop.lt - Gro\u017eio ir sveikatos produktai i\u0161 patikim\u0173 preki\u0173 \u017eenkl\u0173. Atraskite auk\u0161tos kokyb\u0117s kosmetik\u0105 u\u017e puiki\u0105 kain\u0105.\",\"publisher\":{\"@id\":\"https:\\\/\\\/www.malinashop.lt\\\/#organization\"},\"potentialAction\":[{\"@type\":\"SearchAction\",\"target\":{\"@type\":\"EntryPoint\",\"urlTemplate\":\"https:\\\/\\\/www.malinashop.lt\\\/?s={search_term_string}\"},\"query-input\":{\"@type\":\"PropertyValueSpecification\",\"valueRequired\":true,\"valueName\":\"search_term_string\"}}],\"inLanguage\":\"lt-LT\"},{\"@type\":\"Organization\",\"@id\":\"https:\\\/\\\/www.malinashop.lt\\\/#organization\",\"name\":\"COM Group Ecommerce\",\"url\":\"https:\\\/\\\/www.malinashop.lt\\\/\",\"logo\":{\"@type\":\"ImageObject\",\"inLanguage\":\"lt-LT\",\"@id\":\"https:\\\/\\\/www.malinashop.lt\\\/#\\\/schema\\\/logo\\\/image\\\/\",\"url\":\"https:\\\/\\\/www.malinashop.lt\\\/wp-content\\\/uploads\\\/2024\\\/08\\\/462559670_3787732518133670_9795632669273463_n-e1731525914575.png\",\"contentUrl\":\"https:\\\/\\\/www.malinashop.lt\\\/wp-content\\\/uploads\\\/2024\\\/08\\\/462559670_3787732518133670_9795632669273463_n-e1731525914575.png\",\"width\":180,\"height\":60,\"caption\":\"COM Group Ecommerce\"},\"image\":{\"@id\":\"https:\\\/\\\/www.malinashop.lt\\\/#\\\/schema\\\/logo\\\/image\\\/\"}}]}<\/script>\n<!-- \/ Yoast SEO plugin. -->","yoast_head_json":{"title":"Terminis infraraudon\u0173j\u0173 spinduli\u0173 \u0161epetys","description":"UPGRADE Bioinfrared 2 Large tiesintuvas u\u017etikrina glotnius, sveikus ir nat\u016braliai spindin\u010dius plaukus.","robots":{"index":"index","follow":"follow","max-snippet":"max-snippet:-1","max-image-preview":"max-image-preview:large","max-video-preview":"max-video-preview:-1"},"canonical":"https:\/\/www.malinashop.lt\/lt_lt\/shop\/upgrade-bioinfrared-2-large-infraraudonuju-spinduliu-plauku-tiesintuvas\/","og_locale":"lt_LT","og_type":"article","og_title":"Terminis infraraudon\u0173j\u0173 spinduli\u0173 \u0161epetys","og_description":"UPGRADE Bioinfrared 2 Large tiesintuvas u\u017etikrina glotnius, sveikus ir nat\u016braliai spindin\u010dius plaukus.","og_url":"https:\/\/www.malinashop.lt\/lt_lt\/shop\/upgrade-bioinfrared-2-large-infraraudonuju-spinduliu-plauku-tiesintuvas\/","og_site_name":"MalinaShop.lt J\u016bs\u0173 sveikatai ir gro\u017eiui.","article_modified_time":"2025-11-29T10:36:14+00:00","og_image":[{"width":768,"height":768,"url":"https:\/\/www.malinashop.lt\/wp-content\/uploads\/2025\/10\/UPGRADE-Bioinfrared-2-Large-infraraudonuju-spinduliu-plauku-tiesintuvas.webp","type":"image\/webp"}],"twitter_card":"summary_large_image","schema":{"@context":"https:\/\/schema.org","@graph":[{"@type":"WebPage","@id":"https:\/\/www.malinashop.lt\/lt_lt\/shop\/upgrade-bioinfrared-2-large-infraraudonuju-spinduliu-plauku-tiesintuvas\/","url":"https:\/\/www.malinashop.lt\/lt_lt\/shop\/upgrade-bioinfrared-2-large-infraraudonuju-spinduliu-plauku-tiesintuvas\/","name":"Terminis infraraudon\u0173j\u0173 spinduli\u0173 \u0161epetys","isPartOf":{"@id":"https:\/\/www.malinashop.lt\/#website"},"primaryImageOfPage":{"@id":"https:\/\/www.malinashop.lt\/lt_lt\/shop\/upgrade-bioinfrared-2-large-infraraudonuju-spinduliu-plauku-tiesintuvas\/#primaryimage"},"image":{"@id":"https:\/\/www.malinashop.lt\/lt_lt\/shop\/upgrade-bioinfrared-2-large-infraraudonuju-spinduliu-plauku-tiesintuvas\/#primaryimage"},"thumbnailUrl":"https:\/\/www.malinashop.lt\/wp-content\/uploads\/2025\/10\/UPGRADE-Bioinfrared-2-Large-infraraudonuju-spinduliu-plauku-tiesintuvas.webp","datePublished":"2025-11-06T10:48:24+00:00","dateModified":"2025-11-29T10:36:14+00:00","description":"UPGRADE Bioinfrared 2 Large tiesintuvas u\u017etikrina glotnius, sveikus ir nat\u016braliai spindin\u010dius plaukus.","breadcrumb":{"@id":"https:\/\/www.malinashop.lt\/lt_lt\/shop\/upgrade-bioinfrared-2-large-infraraudonuju-spinduliu-plauku-tiesintuvas\/#breadcrumb"},"inLanguage":"lt-LT","potentialAction":[{"@type":"ReadAction","target":["https:\/\/www.malinashop.lt\/lt_lt\/shop\/upgrade-bioinfrared-2-large-infraraudonuju-spinduliu-plauku-tiesintuvas\/"]}]},{"@type":"ImageObject","inLanguage":"lt-LT","@id":"https:\/\/www.malinashop.lt\/lt_lt\/shop\/upgrade-bioinfrared-2-large-infraraudonuju-spinduliu-plauku-tiesintuvas\/#primaryimage","url":"https:\/\/www.malinashop.lt\/wp-content\/uploads\/2025\/10\/UPGRADE-Bioinfrared-2-Large-infraraudonuju-spinduliu-plauku-tiesintuvas.webp","contentUrl":"https:\/\/www.malinashop.lt\/wp-content\/uploads\/2025\/10\/UPGRADE-Bioinfrared-2-Large-infraraudonuju-spinduliu-plauku-tiesintuvas.webp","width":768,"height":768},{"@type":"BreadcrumbList","@id":"https:\/\/www.malinashop.lt\/lt_lt\/shop\/upgrade-bioinfrared-2-large-infraraudonuju-spinduliu-plauku-tiesintuvas\/#breadcrumb","itemListElement":[{"@type":"ListItem","position":1,"name":"Pagrindinis","item":"https:\/\/www.malinashop.lt\/"},{"@type":"ListItem","position":2,"name":"Parduotuv\u0117","item":"https:\/\/www.malinashop.lt\/en\/parduotuve\/"},{"@type":"ListItem","position":3,"name":"UPGRADE Bioinfrared 2 Large infraraudon\u0173j\u0173 spinduli\u0173 plauk\u0173 tiesintuvas"}]},{"@type":"WebSite","@id":"https:\/\/www.malinashop.lt\/#website","url":"https:\/\/www.malinashop.lt\/","name":"COM Group Ecommerce","description":"MalinaShop.lt - Gro\u017eio ir sveikatos produktai i\u0161 patikim\u0173 preki\u0173 \u017eenkl\u0173. Atraskite auk\u0161tos kokyb\u0117s kosmetik\u0105 u\u017e puiki\u0105 kain\u0105.","publisher":{"@id":"https:\/\/www.malinashop.lt\/#organization"},"potentialAction":[{"@type":"SearchAction","target":{"@type":"EntryPoint","urlTemplate":"https:\/\/www.malinashop.lt\/?s={search_term_string}"},"query-input":{"@type":"PropertyValueSpecification","valueRequired":true,"valueName":"search_term_string"}}],"inLanguage":"lt-LT"},{"@type":"Organization","@id":"https:\/\/www.malinashop.lt\/#organization","name":"COM Group Ecommerce","url":"https:\/\/www.malinashop.lt\/","logo":{"@type":"ImageObject","inLanguage":"lt-LT","@id":"https:\/\/www.malinashop.lt\/#\/schema\/logo\/image\/","url":"https:\/\/www.malinashop.lt\/wp-content\/uploads\/2024\/08\/462559670_3787732518133670_9795632669273463_n-e1731525914575.png","contentUrl":"https:\/\/www.malinashop.lt\/wp-content\/uploads\/2024\/08\/462559670_3787732518133670_9795632669273463_n-e1731525914575.png","width":180,"height":60,"caption":"COM Group Ecommerce"},"image":{"@id":"https:\/\/www.malinashop.lt\/#\/schema\/logo\/image\/"}}]}},"jetpack_sharing_enabled":true,"_links":{"self":[{"href":"https:\/\/www.malinashop.lt\/lt_lt\/wp-json\/wp\/v2\/product\/58401","targetHints":{"allow":["GET"]}}],"collection":[{"href":"https:\/\/www.malinashop.lt\/lt_lt\/wp-json\/wp\/v2\/product"}],"about":[{"href":"https:\/\/www.malinashop.lt\/lt_lt\/wp-json\/wp\/v2\/types\/product"}],"version-history":[{"count":1,"href":"https:\/\/www.malinashop.lt\/lt_lt\/wp-json\/wp\/v2\/product\/58401\/revisions"}],"predecessor-version":[{"id":58409,"href":"https:\/\/www.malinashop.lt\/lt_lt\/wp-json\/wp\/v2\/product\/58401\/revisions\/58409"}],"wp:featuredmedia":[{"embeddable":true,"href":"https:\/\/www.malinashop.lt\/lt_lt\/wp-json\/wp\/v2\/media\/58407"}],"wp:attachment":[{"href":"https:\/\/www.malinashop.lt\/lt_lt\/wp-json\/wp\/v2\/media?parent=58401"}],"wp:term":[{"taxonomy":"product_brand","embeddable":true,"href":"https:\/\/www.malinashop.lt\/lt_lt\/wp-json\/wp\/v2\/product_brand?post=58401"},{"taxonomy":"product_cat","embeddable":true,"href":"https:\/\/www.malinashop.lt\/lt_lt\/wp-json\/wp\/v2\/product_cat?post=58401"},{"taxonomy":"product_tag","embeddable":true,"href":"https:\/\/www.malinashop.lt\/lt_lt\/wp-json\/wp\/v2\/product_tag?post=58401"}],"curies":[{"name":"wp","href":"https:\/\/api.w.org\/{rel}","templated":true}]}}