{"id":58374,"date":"2025-10-29T09:12:00","date_gmt":"2025-10-29T06:12:00","guid":{"rendered":"https:\/\/malinashop.lt\/?post_type=product&#038;p=58374"},"modified":"2026-04-14T09:07:18","modified_gmt":"2026-04-14T06:07:18","slug":"roomoi-namu-kvapu-rinkinys-vin-noble-su-difuzoriumi-ir-purskiamu-kvapu-500ml-200ml","status":"publish","type":"product","link":"https:\/\/www.malinashop.lt\/lt_lt\/shop\/roomoi-namu-kvapu-rinkinys-vin-noble-su-difuzoriumi-ir-purskiamu-kvapu-500ml-200ml\/","title":{"rendered":"ROOMOI nam\u0173 kvap\u0173 rinkinys VIN NOBLE su difuzoriumi ir pur\u0161kiamu kvapu, 500ml + 200ml"},"content":{"rendered":"<p data-start=\"335\" data-end=\"663\"><strong data-start=\"335\" data-end=\"355\">ROOMOI Vin Noble<\/strong> \u2013 tai <strong data-start=\"362\" data-end=\"409\">prabangus ir rafinuotas nam\u0173 kvap\u0173 rinkinys<\/strong>, kvie\u010diantis pasinerti \u012f <strong data-start=\"435\" data-end=\"465\">\u017eydin\u010dio vynuogyno aromat\u0105<\/strong>, kuriame darniai susilieja <strong data-start=\"493\" data-end=\"530\">vaisi\u0173 gaiva ir \u0161ilti \u017eem\u0117s tonai<\/strong>. \u0160is aromatas pripildo erdv\u0119 <strong data-start=\"560\" data-end=\"607\">jaukumo, prabangos ir subtilios elegancijos<\/strong>, paversdamas kasdienyb\u0119 i\u0161skirtine poj\u016b\u010di\u0173 patirtimi.<\/p>\n<p data-start=\"665\" data-end=\"902\">Kvapo prad\u017eioje atsiskleid\u017eia <strong data-start=\"695\" data-end=\"732\">apelsino, na\u0161lait\u0117s ir magnolijos<\/strong> natos, suteikian\u010dios \u0161velnios gaivos. Jas papildo <strong data-start=\"783\" data-end=\"809\">slyv\u0173, bra\u0161ki\u0173 ir uog\u0173<\/strong> saldumas, o <strong data-start=\"822\" data-end=\"850\">sausos medienos ir ber\u017eo<\/strong> pagrindas sukuria ilgai i\u0161liekant\u012f, sodr\u0173 \u0161leif\u0105.<\/p>\n<p data-start=\"904\" data-end=\"1053\">Tai aromatas, kuris tarsi <strong data-start=\"930\" data-end=\"981\">sujungia gamtos harmonij\u0105 ir prabangos estetik\u0105<\/strong>, tod\u0117l puikiai tinka tiek nam\u0173 jaukumui, tiek kaip i\u0161skirtin\u0117 dovana.<\/p>\n<hr data-start=\"1055\" data-end=\"1058\" \/>\n<h4 data-start=\"1060\" data-end=\"1082\"><strong data-start=\"1064\" data-end=\"1080\">Kvapo natos:<\/strong><\/h4>\n<ul data-start=\"1083\" data-end=\"1212\">\n<li data-start=\"1083\" data-end=\"1133\">\n<p data-start=\"1085\" data-end=\"1133\"><strong data-start=\"1085\" data-end=\"1100\">Vir\u0161utin\u0117s:<\/strong> apelsinas, na\u0161lait\u0117, magnolija<\/p>\n<\/li>\n<li data-start=\"1134\" data-end=\"1173\">\n<p data-start=\"1136\" data-end=\"1173\"><strong data-start=\"1136\" data-end=\"1150\">Vidurin\u0117s:<\/strong> slyva, bra\u0161k\u0117, uogos<\/p>\n<\/li>\n<li data-start=\"1174\" data-end=\"1212\">\n<p data-start=\"1176\" data-end=\"1212\"><strong data-start=\"1176\" data-end=\"1188\">Bazin\u0117s:<\/strong> sausa mediena, ber\u017eas<\/p>\n<\/li>\n<\/ul>\n<hr data-start=\"1214\" data-end=\"1217\" \/>\n<h4 data-start=\"1219\" data-end=\"1246\"><strong data-start=\"1223\" data-end=\"1244\">Rinkinio sud\u0117tis:<\/strong><\/h4>\n<ul data-start=\"1247\" data-end=\"1347\">\n<li data-start=\"1247\" data-end=\"1283\">\n<p data-start=\"1249\" data-end=\"1283\">Nam\u0173 kvap\u0173 difuzorius <strong data-start=\"1271\" data-end=\"1281\">500 ml<\/strong><\/p>\n<\/li>\n<li data-start=\"1284\" data-end=\"1316\">\n<p data-start=\"1286\" data-end=\"1316\">Pur\u0161kiamas kvapas <strong data-start=\"1304\" data-end=\"1314\">200 ml<\/strong><\/p>\n<\/li>\n<li data-start=\"1317\" data-end=\"1347\">\n<p data-start=\"1319\" data-end=\"1347\">Ekologi\u0161kos kvap\u0173 lazdel\u0117s<\/p>\n<\/li>\n<\/ul>\n<hr data-start=\"1349\" data-end=\"1352\" \/>\n<h4 data-start=\"1354\" data-end=\"1374\"><strong data-start=\"1358\" data-end=\"1372\">Apra\u0161ymas:<\/strong><\/h4>\n<p data-start=\"1375\" data-end=\"1648\">Stilingas <strong data-start=\"1385\" data-end=\"1409\">juodo d\u016bminio stiklo<\/strong> buteliuk\u0173 dizainas tampa subtilia <strong data-start=\"1444\" data-end=\"1464\">interjero detale<\/strong>, o aromatas skleid\u017eiasi palaipsniui ir i\u0161lieka itin ilgai. <strong data-start=\"1524\" data-end=\"1545\">Pur\u0161kiamas kvapas<\/strong> pritaikytas naudoti <strong data-start=\"1566\" data-end=\"1600\">namuose, biure ar automobilyje<\/strong>, suteikdamas aplinkai jaukumo ir rafinuotumo.<\/p>\n<p data-start=\"1650\" data-end=\"1906\"><strong data-start=\"1650\" data-end=\"1691\">ROOMOI nam\u0173 kvapai gaminami Italijoje<\/strong>, naudojant auk\u0161tos kokyb\u0117s ingredientus ir modernias technologijas, kurios u\u017etikrina <strong data-start=\"1777\" data-end=\"1819\">intensyv\u0173 bei ilgalaik\u012f kvapo sklidim\u0105<\/strong>. Supakuota \u012f <strong data-start=\"1833\" data-end=\"1855\">eleganti\u0161k\u0105 d\u0117\u017eut\u0119<\/strong> \u2013 tai puiki dovana arba prabangus malonumas sau.<\/p>\n<h4 data-path-to-node=\"2\"><b data-path-to-node=\"2\" data-index-in-node=\"0\">Naudojimas ir savyb\u0117s<\/b><\/h4>\n<p data-path-to-node=\"3\"><b data-path-to-node=\"3\" data-index-in-node=\"0\">ROOMOI<\/b> nam\u0173 kvapai sukurti tam, kad skleist\u0173si tolygiai ir i\u0161likt\u0173 ilgai. Intensyvi kvap\u0173 kompozicija suteikia \u0161velnios prabangos poj\u016bt\u012f, o kruop\u0161\u010diai parinktos natos paver\u010dia aromat\u0105 ramiu, ta\u010diau nepaprastai sodriu. Pagamintas Italijoje, \u0161is kvapas pasi\u017eymi auk\u0161\u010diausia kokybe, aromato stabilumu ir ilgaam\u017ei\u0161kumu, tod\u0117l j\u016bs\u0173 namai visada skleis i\u0161skirtin\u0119 \u0161ilum\u0105 ir elegancij\u0105.<\/p>\n<p data-path-to-node=\"4\"><b data-path-to-node=\"4\" data-index-in-node=\"0\">I\u0161laikymas ir praktiniai patarimai:<\/b> Gamintojas nurodo, kad <b data-path-to-node=\"4\" data-index-in-node=\"59\">500 ml<\/b> talpos difuzorius vidutini\u0161kai tarnauja <b data-path-to-node=\"4\" data-index-in-node=\"106\">3\u20134 m\u0117nesius<\/b>. Ta\u010diau svarbu atkreipti d\u0117mes\u012f, kad kvapas gali i\u0161garuoti grei\u010diau d\u0117l \u0161i\u0173 prie\u017eas\u010di\u0173:<\/p>\n<ul data-path-to-node=\"5\">\n<li>\n<p data-path-to-node=\"5,0,0\"><b data-path-to-node=\"5,0,0\" data-index-in-node=\"0\">Patalpos dydis:<\/b> Didesn\u0117je erdv\u0117je skystis garuoja intensyviau.<\/p>\n<\/li>\n<li>\n<p data-path-to-node=\"5,1,0\"><b data-path-to-node=\"5,1,0\" data-index-in-node=\"0\">Aplinkos veiksniai:<\/b> Tiesioginiai saul\u0117s spinduliai, dr\u0117gm\u0117, skersv\u0117jis ar \u0161alia esantys \u0161ilumos \u0161altiniai pagreitina garavimo proces\u0105.<\/p>\n<\/li>\n<li>\n<p data-path-to-node=\"5,2,0\"><b data-path-to-node=\"5,2,0\" data-index-in-node=\"0\">Lazdeli\u0173 kiekis:<\/b> Kuo daugiau lazdeli\u0173 naudojate, tuo intensyviau sklis kvapas, ta\u010diau skystis i\u0161garuos grei\u010diau.<\/p>\n<\/li>\n<\/ul>\n<p data-path-to-node=\"6\"><b data-path-to-node=\"6\" data-index-in-node=\"0\">Svarbi informacija d\u0117l nauj\u0173 rinkini\u0173:<\/b> Atkreipiame d\u0117mes\u012f, kad naujuose rinkiniuose (<b data-path-to-node=\"6\" data-index-in-node=\"85\">500 ml + 200 ml<\/b> bei <b data-path-to-node=\"6\" data-index-in-node=\"105\">200 ml + 100 ml<\/b>) naudojamos <b data-path-to-node=\"6\" data-index-in-node=\"133\">atnaujinto tipo lazdel\u0117s<\/b>. Jos pasi\u017eymi dar efektyvesne sklaida, tod\u0117l rekomenduojame <b data-path-to-node=\"6\" data-index-in-node=\"218\">naudoti ma\u017eesn\u012f kiek\u012f lazdeli\u0173<\/b>. Reguliuodami j\u0173 kiek\u012f, lengvai rasite ideal\u0173 balans\u0105 tarp norimo aromato stiprumo ir produkto ilgaam\u017ei\u0161kumo.<\/p>\n","protected":false},"excerpt":{"rendered":"<p data-start=\"130\" data-end=\"301\"><strong data-start=\"130\" data-end=\"150\">ROOMOI Vin Noble<\/strong> \u2013 gurmani\u0161kas nam\u0173 kvap\u0173 rinkinys, \u012fkv\u0117ptas \u017eydin\u010dio vynuogyno. \u0160ilti, sultingi vaisi\u0173 tonai ir \u017eem\u0117s akordai sukuria eleganti\u0161k\u0105, jauki\u0105 atmosfer\u0105.<\/p>\n","protected":false},"featured_media":58375,"template":"","meta":[],"product_brand":[552],"product_cat":[1140,573,1395],"product_tag":[1153],"class_list":{"0":"post-58374","1":"product","2":"type-product","3":"status-publish","4":"has-post-thumbnail","6":"product_brand-roomoi","7":"product_cat-namu-kvapai","8":"product_cat-namu-kvapai-2","9":"product_cat-rinkiniai","10":"product_tag-roomoi","12":"first","13":"instock","14":"sale","15":"taxable","16":"shipping-taxable","17":"purchasable","18":"product-type-simple"},"yoast_head":"<!-- This site is optimized with the Yoast SEO plugin v27.4 - https:\/\/yoast.com\/product\/yoast-seo-wordpress\/ -->\n<title>ROOMOI nam\u0173 kvap\u0173 rinkinys VIN NOBLE su difuzoriumi ir pur\u0161kiamu kvapu, 500ml + 200ml - MalinaShop.lt J\u016bs\u0173 sveikatai ir gro\u017eiui.<\/title>\n<meta name=\"description\" content=\"ROOMOI Vin Noble \u2013 prabangus itali\u0161kas nam\u0173 kvap\u0173 rinkinys su \u017eydin\u010dio vynuogyno aromatu. Jaukumas, elegancija ir ilgaam\u017eis kvapas j\u016bs\u0173 erdvei.\" \/>\n<meta name=\"robots\" content=\"index, follow, max-snippet:-1, max-image-preview:large, max-video-preview:-1\" \/>\n<link rel=\"canonical\" href=\"https:\/\/www.malinashop.lt\/lt_lt\/shop\/roomoi-namu-kvapu-rinkinys-vin-noble-su-difuzoriumi-ir-purskiamu-kvapu-500ml-200ml\/\" \/>\n<meta property=\"og:locale\" content=\"lt_LT\" \/>\n<meta property=\"og:type\" content=\"article\" \/>\n<meta property=\"og:title\" content=\"ROOMOI nam\u0173 kvap\u0173 rinkinys VIN NOBLE su difuzoriumi ir pur\u0161kiamu kvapu, 500ml + 200ml - MalinaShop.lt J\u016bs\u0173 sveikatai ir gro\u017eiui.\" \/>\n<meta property=\"og:description\" content=\"ROOMOI Vin Noble \u2013 prabangus itali\u0161kas nam\u0173 kvap\u0173 rinkinys su \u017eydin\u010dio vynuogyno aromatu. Jaukumas, elegancija ir ilgaam\u017eis kvapas j\u016bs\u0173 erdvei.\" \/>\n<meta property=\"og:url\" content=\"https:\/\/www.malinashop.lt\/lt_lt\/shop\/roomoi-namu-kvapu-rinkinys-vin-noble-su-difuzoriumi-ir-purskiamu-kvapu-500ml-200ml\/\" \/>\n<meta property=\"og:site_name\" content=\"MalinaShop.lt J\u016bs\u0173 sveikatai ir gro\u017eiui.\" \/>\n<meta property=\"article:modified_time\" content=\"2026-04-14T06:07:18+00:00\" \/>\n<meta property=\"og:image\" content=\"https:\/\/www.malinashop.lt\/wp-content\/uploads\/2025\/10\/ROOMOI-namu-kvapu-rinkinys-VIN-NOBLE-su-difuzoriumi-ir-purskiamu-kvapu-500ml-200ml.webp\" \/>\n\t<meta property=\"og:image:width\" content=\"768\" \/>\n\t<meta property=\"og:image:height\" content=\"768\" \/>\n\t<meta property=\"og:image:type\" content=\"image\/webp\" \/>\n<meta name=\"twitter:card\" content=\"summary_large_image\" \/>\n<script type=\"application\/ld+json\" class=\"yoast-schema-graph\">{\"@context\":\"https:\\\/\\\/schema.org\",\"@graph\":[{\"@type\":\"WebPage\",\"@id\":\"https:\\\/\\\/www.malinashop.lt\\\/lt_lt\\\/shop\\\/roomoi-namu-kvapu-rinkinys-vin-noble-su-difuzoriumi-ir-purskiamu-kvapu-500ml-200ml\\\/\",\"url\":\"https:\\\/\\\/www.malinashop.lt\\\/lt_lt\\\/shop\\\/roomoi-namu-kvapu-rinkinys-vin-noble-su-difuzoriumi-ir-purskiamu-kvapu-500ml-200ml\\\/\",\"name\":\"ROOMOI nam\u0173 kvap\u0173 rinkinys VIN NOBLE su difuzoriumi ir pur\u0161kiamu kvapu, 500ml + 200ml - MalinaShop.lt J\u016bs\u0173 sveikatai ir gro\u017eiui.\",\"isPartOf\":{\"@id\":\"https:\\\/\\\/www.malinashop.lt\\\/#website\"},\"primaryImageOfPage\":{\"@id\":\"https:\\\/\\\/www.malinashop.lt\\\/lt_lt\\\/shop\\\/roomoi-namu-kvapu-rinkinys-vin-noble-su-difuzoriumi-ir-purskiamu-kvapu-500ml-200ml\\\/#primaryimage\"},\"image\":{\"@id\":\"https:\\\/\\\/www.malinashop.lt\\\/lt_lt\\\/shop\\\/roomoi-namu-kvapu-rinkinys-vin-noble-su-difuzoriumi-ir-purskiamu-kvapu-500ml-200ml\\\/#primaryimage\"},\"thumbnailUrl\":\"https:\\\/\\\/www.malinashop.lt\\\/wp-content\\\/uploads\\\/2025\\\/10\\\/ROOMOI-namu-kvapu-rinkinys-VIN-NOBLE-su-difuzoriumi-ir-purskiamu-kvapu-500ml-200ml.webp\",\"datePublished\":\"2025-10-29T06:12:00+00:00\",\"dateModified\":\"2026-04-14T06:07:18+00:00\",\"description\":\"ROOMOI Vin Noble \u2013 prabangus itali\u0161kas nam\u0173 kvap\u0173 rinkinys su \u017eydin\u010dio vynuogyno aromatu. Jaukumas, elegancija ir ilgaam\u017eis kvapas j\u016bs\u0173 erdvei.\",\"breadcrumb\":{\"@id\":\"https:\\\/\\\/www.malinashop.lt\\\/lt_lt\\\/shop\\\/roomoi-namu-kvapu-rinkinys-vin-noble-su-difuzoriumi-ir-purskiamu-kvapu-500ml-200ml\\\/#breadcrumb\"},\"inLanguage\":\"lt-LT\",\"potentialAction\":[{\"@type\":\"ReadAction\",\"target\":[\"https:\\\/\\\/www.malinashop.lt\\\/lt_lt\\\/shop\\\/roomoi-namu-kvapu-rinkinys-vin-noble-su-difuzoriumi-ir-purskiamu-kvapu-500ml-200ml\\\/\"]}]},{\"@type\":\"ImageObject\",\"inLanguage\":\"lt-LT\",\"@id\":\"https:\\\/\\\/www.malinashop.lt\\\/lt_lt\\\/shop\\\/roomoi-namu-kvapu-rinkinys-vin-noble-su-difuzoriumi-ir-purskiamu-kvapu-500ml-200ml\\\/#primaryimage\",\"url\":\"https:\\\/\\\/www.malinashop.lt\\\/wp-content\\\/uploads\\\/2025\\\/10\\\/ROOMOI-namu-kvapu-rinkinys-VIN-NOBLE-su-difuzoriumi-ir-purskiamu-kvapu-500ml-200ml.webp\",\"contentUrl\":\"https:\\\/\\\/www.malinashop.lt\\\/wp-content\\\/uploads\\\/2025\\\/10\\\/ROOMOI-namu-kvapu-rinkinys-VIN-NOBLE-su-difuzoriumi-ir-purskiamu-kvapu-500ml-200ml.webp\",\"width\":768,\"height\":768},{\"@type\":\"BreadcrumbList\",\"@id\":\"https:\\\/\\\/www.malinashop.lt\\\/lt_lt\\\/shop\\\/roomoi-namu-kvapu-rinkinys-vin-noble-su-difuzoriumi-ir-purskiamu-kvapu-500ml-200ml\\\/#breadcrumb\",\"itemListElement\":[{\"@type\":\"ListItem\",\"position\":1,\"name\":\"Pagrindinis\",\"item\":\"https:\\\/\\\/www.malinashop.lt\\\/\"},{\"@type\":\"ListItem\",\"position\":2,\"name\":\"Parduotuv\u0117\",\"item\":\"https:\\\/\\\/www.malinashop.lt\\\/en\\\/parduotuve\\\/\"},{\"@type\":\"ListItem\",\"position\":3,\"name\":\"ROOMOI nam\u0173 kvap\u0173 rinkinys VIN NOBLE su difuzoriumi ir pur\u0161kiamu kvapu, 500ml + 200ml\"}]},{\"@type\":\"WebSite\",\"@id\":\"https:\\\/\\\/www.malinashop.lt\\\/#website\",\"url\":\"https:\\\/\\\/www.malinashop.lt\\\/\",\"name\":\"COM Group Ecommerce\",\"description\":\"MalinaShop.lt - Gro\u017eio ir sveikatos produktai i\u0161 patikim\u0173 preki\u0173 \u017eenkl\u0173. Atraskite auk\u0161tos kokyb\u0117s kosmetik\u0105 u\u017e puiki\u0105 kain\u0105.\",\"publisher\":{\"@id\":\"https:\\\/\\\/www.malinashop.lt\\\/#organization\"},\"potentialAction\":[{\"@type\":\"SearchAction\",\"target\":{\"@type\":\"EntryPoint\",\"urlTemplate\":\"https:\\\/\\\/www.malinashop.lt\\\/?s={search_term_string}\"},\"query-input\":{\"@type\":\"PropertyValueSpecification\",\"valueRequired\":true,\"valueName\":\"search_term_string\"}}],\"inLanguage\":\"lt-LT\"},{\"@type\":\"Organization\",\"@id\":\"https:\\\/\\\/www.malinashop.lt\\\/#organization\",\"name\":\"COM Group Ecommerce\",\"url\":\"https:\\\/\\\/www.malinashop.lt\\\/\",\"logo\":{\"@type\":\"ImageObject\",\"inLanguage\":\"lt-LT\",\"@id\":\"https:\\\/\\\/www.malinashop.lt\\\/#\\\/schema\\\/logo\\\/image\\\/\",\"url\":\"https:\\\/\\\/www.malinashop.lt\\\/wp-content\\\/uploads\\\/2024\\\/08\\\/462559670_3787732518133670_9795632669273463_n-e1731525914575.png\",\"contentUrl\":\"https:\\\/\\\/www.malinashop.lt\\\/wp-content\\\/uploads\\\/2024\\\/08\\\/462559670_3787732518133670_9795632669273463_n-e1731525914575.png\",\"width\":180,\"height\":60,\"caption\":\"COM Group Ecommerce\"},\"image\":{\"@id\":\"https:\\\/\\\/www.malinashop.lt\\\/#\\\/schema\\\/logo\\\/image\\\/\"}}]}<\/script>\n<!-- \/ Yoast SEO plugin. -->","yoast_head_json":{"title":"ROOMOI nam\u0173 kvap\u0173 rinkinys VIN NOBLE su difuzoriumi ir pur\u0161kiamu kvapu, 500ml + 200ml - MalinaShop.lt J\u016bs\u0173 sveikatai ir gro\u017eiui.","description":"ROOMOI Vin Noble \u2013 prabangus itali\u0161kas nam\u0173 kvap\u0173 rinkinys su \u017eydin\u010dio vynuogyno aromatu. Jaukumas, elegancija ir ilgaam\u017eis kvapas j\u016bs\u0173 erdvei.","robots":{"index":"index","follow":"follow","max-snippet":"max-snippet:-1","max-image-preview":"max-image-preview:large","max-video-preview":"max-video-preview:-1"},"canonical":"https:\/\/www.malinashop.lt\/lt_lt\/shop\/roomoi-namu-kvapu-rinkinys-vin-noble-su-difuzoriumi-ir-purskiamu-kvapu-500ml-200ml\/","og_locale":"lt_LT","og_type":"article","og_title":"ROOMOI nam\u0173 kvap\u0173 rinkinys VIN NOBLE su difuzoriumi ir pur\u0161kiamu kvapu, 500ml + 200ml - MalinaShop.lt J\u016bs\u0173 sveikatai ir gro\u017eiui.","og_description":"ROOMOI Vin Noble \u2013 prabangus itali\u0161kas nam\u0173 kvap\u0173 rinkinys su \u017eydin\u010dio vynuogyno aromatu. Jaukumas, elegancija ir ilgaam\u017eis kvapas j\u016bs\u0173 erdvei.","og_url":"https:\/\/www.malinashop.lt\/lt_lt\/shop\/roomoi-namu-kvapu-rinkinys-vin-noble-su-difuzoriumi-ir-purskiamu-kvapu-500ml-200ml\/","og_site_name":"MalinaShop.lt J\u016bs\u0173 sveikatai ir gro\u017eiui.","article_modified_time":"2026-04-14T06:07:18+00:00","og_image":[{"width":768,"height":768,"url":"https:\/\/www.malinashop.lt\/wp-content\/uploads\/2025\/10\/ROOMOI-namu-kvapu-rinkinys-VIN-NOBLE-su-difuzoriumi-ir-purskiamu-kvapu-500ml-200ml.webp","type":"image\/webp"}],"twitter_card":"summary_large_image","schema":{"@context":"https:\/\/schema.org","@graph":[{"@type":"WebPage","@id":"https:\/\/www.malinashop.lt\/lt_lt\/shop\/roomoi-namu-kvapu-rinkinys-vin-noble-su-difuzoriumi-ir-purskiamu-kvapu-500ml-200ml\/","url":"https:\/\/www.malinashop.lt\/lt_lt\/shop\/roomoi-namu-kvapu-rinkinys-vin-noble-su-difuzoriumi-ir-purskiamu-kvapu-500ml-200ml\/","name":"ROOMOI nam\u0173 kvap\u0173 rinkinys VIN NOBLE su difuzoriumi ir pur\u0161kiamu kvapu, 500ml + 200ml - MalinaShop.lt J\u016bs\u0173 sveikatai ir gro\u017eiui.","isPartOf":{"@id":"https:\/\/www.malinashop.lt\/#website"},"primaryImageOfPage":{"@id":"https:\/\/www.malinashop.lt\/lt_lt\/shop\/roomoi-namu-kvapu-rinkinys-vin-noble-su-difuzoriumi-ir-purskiamu-kvapu-500ml-200ml\/#primaryimage"},"image":{"@id":"https:\/\/www.malinashop.lt\/lt_lt\/shop\/roomoi-namu-kvapu-rinkinys-vin-noble-su-difuzoriumi-ir-purskiamu-kvapu-500ml-200ml\/#primaryimage"},"thumbnailUrl":"https:\/\/www.malinashop.lt\/wp-content\/uploads\/2025\/10\/ROOMOI-namu-kvapu-rinkinys-VIN-NOBLE-su-difuzoriumi-ir-purskiamu-kvapu-500ml-200ml.webp","datePublished":"2025-10-29T06:12:00+00:00","dateModified":"2026-04-14T06:07:18+00:00","description":"ROOMOI Vin Noble \u2013 prabangus itali\u0161kas nam\u0173 kvap\u0173 rinkinys su \u017eydin\u010dio vynuogyno aromatu. Jaukumas, elegancija ir ilgaam\u017eis kvapas j\u016bs\u0173 erdvei.","breadcrumb":{"@id":"https:\/\/www.malinashop.lt\/lt_lt\/shop\/roomoi-namu-kvapu-rinkinys-vin-noble-su-difuzoriumi-ir-purskiamu-kvapu-500ml-200ml\/#breadcrumb"},"inLanguage":"lt-LT","potentialAction":[{"@type":"ReadAction","target":["https:\/\/www.malinashop.lt\/lt_lt\/shop\/roomoi-namu-kvapu-rinkinys-vin-noble-su-difuzoriumi-ir-purskiamu-kvapu-500ml-200ml\/"]}]},{"@type":"ImageObject","inLanguage":"lt-LT","@id":"https:\/\/www.malinashop.lt\/lt_lt\/shop\/roomoi-namu-kvapu-rinkinys-vin-noble-su-difuzoriumi-ir-purskiamu-kvapu-500ml-200ml\/#primaryimage","url":"https:\/\/www.malinashop.lt\/wp-content\/uploads\/2025\/10\/ROOMOI-namu-kvapu-rinkinys-VIN-NOBLE-su-difuzoriumi-ir-purskiamu-kvapu-500ml-200ml.webp","contentUrl":"https:\/\/www.malinashop.lt\/wp-content\/uploads\/2025\/10\/ROOMOI-namu-kvapu-rinkinys-VIN-NOBLE-su-difuzoriumi-ir-purskiamu-kvapu-500ml-200ml.webp","width":768,"height":768},{"@type":"BreadcrumbList","@id":"https:\/\/www.malinashop.lt\/lt_lt\/shop\/roomoi-namu-kvapu-rinkinys-vin-noble-su-difuzoriumi-ir-purskiamu-kvapu-500ml-200ml\/#breadcrumb","itemListElement":[{"@type":"ListItem","position":1,"name":"Pagrindinis","item":"https:\/\/www.malinashop.lt\/"},{"@type":"ListItem","position":2,"name":"Parduotuv\u0117","item":"https:\/\/www.malinashop.lt\/en\/parduotuve\/"},{"@type":"ListItem","position":3,"name":"ROOMOI nam\u0173 kvap\u0173 rinkinys VIN NOBLE su difuzoriumi ir pur\u0161kiamu kvapu, 500ml + 200ml"}]},{"@type":"WebSite","@id":"https:\/\/www.malinashop.lt\/#website","url":"https:\/\/www.malinashop.lt\/","name":"COM Group Ecommerce","description":"MalinaShop.lt - Gro\u017eio ir sveikatos produktai i\u0161 patikim\u0173 preki\u0173 \u017eenkl\u0173. Atraskite auk\u0161tos kokyb\u0117s kosmetik\u0105 u\u017e puiki\u0105 kain\u0105.","publisher":{"@id":"https:\/\/www.malinashop.lt\/#organization"},"potentialAction":[{"@type":"SearchAction","target":{"@type":"EntryPoint","urlTemplate":"https:\/\/www.malinashop.lt\/?s={search_term_string}"},"query-input":{"@type":"PropertyValueSpecification","valueRequired":true,"valueName":"search_term_string"}}],"inLanguage":"lt-LT"},{"@type":"Organization","@id":"https:\/\/www.malinashop.lt\/#organization","name":"COM Group Ecommerce","url":"https:\/\/www.malinashop.lt\/","logo":{"@type":"ImageObject","inLanguage":"lt-LT","@id":"https:\/\/www.malinashop.lt\/#\/schema\/logo\/image\/","url":"https:\/\/www.malinashop.lt\/wp-content\/uploads\/2024\/08\/462559670_3787732518133670_9795632669273463_n-e1731525914575.png","contentUrl":"https:\/\/www.malinashop.lt\/wp-content\/uploads\/2024\/08\/462559670_3787732518133670_9795632669273463_n-e1731525914575.png","width":180,"height":60,"caption":"COM Group Ecommerce"},"image":{"@id":"https:\/\/www.malinashop.lt\/#\/schema\/logo\/image\/"}}]}},"jetpack_sharing_enabled":true,"_links":{"self":[{"href":"https:\/\/www.malinashop.lt\/lt_lt\/wp-json\/wp\/v2\/product\/58374","targetHints":{"allow":["GET"]}}],"collection":[{"href":"https:\/\/www.malinashop.lt\/lt_lt\/wp-json\/wp\/v2\/product"}],"about":[{"href":"https:\/\/www.malinashop.lt\/lt_lt\/wp-json\/wp\/v2\/types\/product"}],"version-history":[{"count":4,"href":"https:\/\/www.malinashop.lt\/lt_lt\/wp-json\/wp\/v2\/product\/58374\/revisions"}],"predecessor-version":[{"id":75775,"href":"https:\/\/www.malinashop.lt\/lt_lt\/wp-json\/wp\/v2\/product\/58374\/revisions\/75775"}],"wp:featuredmedia":[{"embeddable":true,"href":"https:\/\/www.malinashop.lt\/lt_lt\/wp-json\/wp\/v2\/media\/58375"}],"wp:attachment":[{"href":"https:\/\/www.malinashop.lt\/lt_lt\/wp-json\/wp\/v2\/media?parent=58374"}],"wp:term":[{"taxonomy":"product_brand","embeddable":true,"href":"https:\/\/www.malinashop.lt\/lt_lt\/wp-json\/wp\/v2\/product_brand?post=58374"},{"taxonomy":"product_cat","embeddable":true,"href":"https:\/\/www.malinashop.lt\/lt_lt\/wp-json\/wp\/v2\/product_cat?post=58374"},{"taxonomy":"product_tag","embeddable":true,"href":"https:\/\/www.malinashop.lt\/lt_lt\/wp-json\/wp\/v2\/product_tag?post=58374"}],"curies":[{"name":"wp","href":"https:\/\/api.w.org\/{rel}","templated":true}]}}