{"id":58087,"date":"2025-09-13T10:18:09","date_gmt":"2025-09-13T07:18:09","guid":{"rendered":"https:\/\/malinashop.lt\/?post_type=product&#038;p=58087"},"modified":"2026-04-08T15:06:59","modified_gmt":"2026-04-08T12:06:59","slug":"petite-maison-drekinamasis-plauku-serumas-su-kokosu-pienu-svelnumui-ir-blizgesiui-coconut-milk-100-ml","status":"publish","type":"product","link":"https:\/\/www.malinashop.lt\/lt_lt\/shop\/petite-maison-drekinamasis-plauku-serumas-su-kokosu-pienu-svelnumui-ir-blizgesiui-coconut-milk-100-ml\/","title":{"rendered":"PETITE MAISON dr\u0117kinamasis plauk\u0173 serumas su kokos\u0173 pienu \u0161velnumui ir blizgesiui COCONUT MILK, 100 ml"},"content":{"rendered":"<p data-start=\"239\" data-end=\"476\">PETITE MAISON <strong data-start=\"270\" data-end=\"286\">COCONUT MILK<\/strong> dr\u0117kinantis plauk\u0173 serumas suteikia plaukams \u0161ilkinio \u0161velnumo, blizgesio ir gyvybingumo. Formul\u0117 su <strong data-start=\"388\" data-end=\"408\">kokos\u0173 ekstraktu<\/strong> intensyviai dr\u0117kina bei padeda subalansuoti plauk\u0173 riebal\u0173 kiek\u012f.<\/p>\n<p data-start=\"478\" data-end=\"733\">Unikali <strong data-start=\"486\" data-end=\"516\">vandens pagrindo strukt\u016bra<\/strong> neapsunkina plauk\u0173, tod\u0117l jie i\u0161lieka pur\u016bs, lengvi ir spindintys. Sud\u0117tyje esantis <strong data-start=\"601\" data-end=\"650\">hialurono r\u016bg\u0161ties ir aminor\u016bg\u0161\u010di\u0173 kompleksas<\/strong> palaiko plauk\u0173 dr\u0117gm\u0117s balans\u0105, saugo nuo i\u0161saus\u0117jimo bei glotnina j\u0173 strukt\u016br\u0105.<\/p>\n<p data-start=\"735\" data-end=\"849\">Reguliarus naudojimas padeda atkurti plauk\u0173 elastingum\u0105, ma\u017eina \u0161iau\u0161im\u0105si ir suteikia sveikos i\u0161vaizdos efekt\u0105.<\/p>\n<p data-start=\"851\" data-end=\"966\"><strong data-start=\"851\" data-end=\"866\">Naudojimas:<\/strong><br data-start=\"866\" data-end=\"869\" \/>Nedidel\u012f kiek\u012f serumo \u012fmasa\u017euokite \u012f delnus ir tolygiai paskirstykite ant plauk\u0173. Nenuplaukite.<\/p>\n<p data-start=\"968\" data-end=\"1118\"><strong data-start=\"968\" data-end=\"982\">\u012esp\u0117jimai:<\/strong> Tik i\u0161oriniam naudojimui. Vengti patekimo \u012f akis. Laikyti vaikams nepasiekiamoje vietoje. Pasteb\u0117jus dirginim\u0105 \u2013 nutraukti naudojim\u0105.<\/p>\n","protected":false},"excerpt":{"rendered":"<p>PETITE MAISON COCONUT MILK dr\u0117kinantis plauk\u0173 serumas suteikia plaukams \u0161ilkinio \u0161velnumo, blizgesio ir gyvybingumo. Formul\u0117 su kokos\u0173 ekstraktu intensyviai dr\u0117kina bei padeda&hellip;<\/p>\n","protected":false},"featured_media":58088,"template":"","meta":[],"product_brand":[554],"product_cat":[711,516,562,553],"product_tag":[1159],"class_list":{"0":"post-58087","1":"product","2":"type-product","3":"status-publish","4":"has-post-thumbnail","6":"product_brand-petite-maison","7":"product_cat-plaukams","8":"product_cat-plauku-aliejai-serumai-pilingas","9":"product_cat-sandelio-valymas","10":"product_cat-veido-kaukes","11":"product_tag-petite-maison","13":"first","14":"outofstock","15":"sale","16":"taxable","17":"shipping-taxable","18":"purchasable","19":"product-type-simple"},"yoast_head":"<!-- This site is optimized with the Yoast SEO plugin v27.4 - https:\/\/yoast.com\/product\/yoast-seo-wordpress\/ -->\n<title>PETITE MAISON dr\u0117kinamasis plauk\u0173 serumas su kokos\u0173 pienu \u0161velnumui ir blizgesiui COCONUT MILK, 100 ml - MalinaShop.lt J\u016bs\u0173 sveikatai ir gro\u017eiui.<\/title>\n<meta name=\"description\" content=\"Plauk\u0173 serumas su kokos\u0173 pienu dr\u0117kina, glotnina ir suteikia \u0161velnumo bei blizgesio, neapsunkindamas plauk\u0173.\" \/>\n<meta name=\"robots\" content=\"index, follow, max-snippet:-1, max-image-preview:large, max-video-preview:-1\" \/>\n<link rel=\"canonical\" href=\"https:\/\/www.malinashop.lt\/lt_lt\/shop\/petite-maison-drekinamasis-plauku-serumas-su-kokosu-pienu-svelnumui-ir-blizgesiui-coconut-milk-100-ml\/\" \/>\n<meta property=\"og:locale\" content=\"lt_LT\" \/>\n<meta property=\"og:type\" content=\"article\" \/>\n<meta property=\"og:title\" content=\"PETITE MAISON dr\u0117kinamasis plauk\u0173 serumas su kokos\u0173 pienu \u0161velnumui ir blizgesiui COCONUT MILK, 100 ml - MalinaShop.lt J\u016bs\u0173 sveikatai ir gro\u017eiui.\" \/>\n<meta property=\"og:description\" content=\"Plauk\u0173 serumas su kokos\u0173 pienu dr\u0117kina, glotnina ir suteikia \u0161velnumo bei blizgesio, neapsunkindamas plauk\u0173.\" \/>\n<meta property=\"og:url\" content=\"https:\/\/www.malinashop.lt\/lt_lt\/shop\/petite-maison-drekinamasis-plauku-serumas-su-kokosu-pienu-svelnumui-ir-blizgesiui-coconut-milk-100-ml\/\" \/>\n<meta property=\"og:site_name\" content=\"MalinaShop.lt J\u016bs\u0173 sveikatai ir gro\u017eiui.\" \/>\n<meta property=\"article:modified_time\" content=\"2026-04-08T12:06:59+00:00\" \/>\n<meta property=\"og:image\" content=\"https:\/\/www.malinashop.lt\/wp-content\/uploads\/2025\/09\/PETITE-MAISON-drekinamasis-plauku-serumas-su-kokosu-pienu-svelnumui-ir-blizgesiui-COCONUT-MILK-100-ml.webp\" \/>\n\t<meta property=\"og:image:width\" content=\"768\" \/>\n\t<meta property=\"og:image:height\" content=\"768\" \/>\n\t<meta property=\"og:image:type\" content=\"image\/webp\" \/>\n<meta name=\"twitter:card\" content=\"summary_large_image\" \/>\n<script type=\"application\/ld+json\" class=\"yoast-schema-graph\">{\"@context\":\"https:\\\/\\\/schema.org\",\"@graph\":[{\"@type\":\"WebPage\",\"@id\":\"https:\\\/\\\/www.malinashop.lt\\\/en\\\/shop\\\/petite-maison-drekinamasis-plauku-serumas-su-kokosu-pienu-svelnumui-ir-blizgesiui-coconut-milk-100-ml\\\/\",\"url\":\"https:\\\/\\\/www.malinashop.lt\\\/en\\\/shop\\\/petite-maison-drekinamasis-plauku-serumas-su-kokosu-pienu-svelnumui-ir-blizgesiui-coconut-milk-100-ml\\\/\",\"name\":\"PETITE MAISON dr\u0117kinamasis plauk\u0173 serumas su kokos\u0173 pienu \u0161velnumui ir blizgesiui COCONUT MILK, 100 ml - MalinaShop.lt J\u016bs\u0173 sveikatai ir gro\u017eiui.\",\"isPartOf\":{\"@id\":\"https:\\\/\\\/www.malinashop.lt\\\/en\\\/#website\"},\"primaryImageOfPage\":{\"@id\":\"https:\\\/\\\/www.malinashop.lt\\\/en\\\/shop\\\/petite-maison-drekinamasis-plauku-serumas-su-kokosu-pienu-svelnumui-ir-blizgesiui-coconut-milk-100-ml\\\/#primaryimage\"},\"image\":{\"@id\":\"https:\\\/\\\/www.malinashop.lt\\\/en\\\/shop\\\/petite-maison-drekinamasis-plauku-serumas-su-kokosu-pienu-svelnumui-ir-blizgesiui-coconut-milk-100-ml\\\/#primaryimage\"},\"thumbnailUrl\":\"https:\\\/\\\/www.malinashop.lt\\\/wp-content\\\/uploads\\\/2025\\\/09\\\/PETITE-MAISON-drekinamasis-plauku-serumas-su-kokosu-pienu-svelnumui-ir-blizgesiui-COCONUT-MILK-100-ml.webp\",\"datePublished\":\"2025-09-13T07:18:09+00:00\",\"dateModified\":\"2026-04-08T12:06:59+00:00\",\"description\":\"Plauk\u0173 serumas su kokos\u0173 pienu dr\u0117kina, glotnina ir suteikia \u0161velnumo bei blizgesio, neapsunkindamas plauk\u0173.\",\"breadcrumb\":{\"@id\":\"https:\\\/\\\/www.malinashop.lt\\\/en\\\/shop\\\/petite-maison-drekinamasis-plauku-serumas-su-kokosu-pienu-svelnumui-ir-blizgesiui-coconut-milk-100-ml\\\/#breadcrumb\"},\"inLanguage\":\"lt-LT\",\"potentialAction\":[{\"@type\":\"ReadAction\",\"target\":[\"https:\\\/\\\/www.malinashop.lt\\\/en\\\/shop\\\/petite-maison-drekinamasis-plauku-serumas-su-kokosu-pienu-svelnumui-ir-blizgesiui-coconut-milk-100-ml\\\/\"]}]},{\"@type\":\"ImageObject\",\"inLanguage\":\"lt-LT\",\"@id\":\"https:\\\/\\\/www.malinashop.lt\\\/en\\\/shop\\\/petite-maison-drekinamasis-plauku-serumas-su-kokosu-pienu-svelnumui-ir-blizgesiui-coconut-milk-100-ml\\\/#primaryimage\",\"url\":\"https:\\\/\\\/www.malinashop.lt\\\/wp-content\\\/uploads\\\/2025\\\/09\\\/PETITE-MAISON-drekinamasis-plauku-serumas-su-kokosu-pienu-svelnumui-ir-blizgesiui-COCONUT-MILK-100-ml.webp\",\"contentUrl\":\"https:\\\/\\\/www.malinashop.lt\\\/wp-content\\\/uploads\\\/2025\\\/09\\\/PETITE-MAISON-drekinamasis-plauku-serumas-su-kokosu-pienu-svelnumui-ir-blizgesiui-COCONUT-MILK-100-ml.webp\",\"width\":768,\"height\":768},{\"@type\":\"BreadcrumbList\",\"@id\":\"https:\\\/\\\/www.malinashop.lt\\\/en\\\/shop\\\/petite-maison-drekinamasis-plauku-serumas-su-kokosu-pienu-svelnumui-ir-blizgesiui-coconut-milk-100-ml\\\/#breadcrumb\",\"itemListElement\":[{\"@type\":\"ListItem\",\"position\":1,\"name\":\"Home\",\"item\":\"https:\\\/\\\/www.malinashop.lt\\\/en\\\/\"},{\"@type\":\"ListItem\",\"position\":2,\"name\":\"Parduotuv\u0117\",\"item\":\"https:\\\/\\\/www.malinashop.lt\\\/en\\\/parduotuve\\\/\"},{\"@type\":\"ListItem\",\"position\":3,\"name\":\"PETITE MAISON dr\u0117kinamasis plauk\u0173 serumas su kokos\u0173 pienu \u0161velnumui ir blizgesiui COCONUT MILK, 100 ml\"}]},{\"@type\":\"WebSite\",\"@id\":\"https:\\\/\\\/www.malinashop.lt\\\/en\\\/#website\",\"url\":\"https:\\\/\\\/www.malinashop.lt\\\/en\\\/\",\"name\":\"COM Group Ecommerce\",\"description\":\"MalinaShop.lt - Gro\u017eio ir sveikatos produktai i\u0161 patikim\u0173 preki\u0173 \u017eenkl\u0173. Atraskite auk\u0161tos kokyb\u0117s kosmetik\u0105 u\u017e puiki\u0105 kain\u0105.\",\"publisher\":{\"@id\":\"https:\\\/\\\/www.malinashop.lt\\\/en\\\/#organization\"},\"potentialAction\":[{\"@type\":\"SearchAction\",\"target\":{\"@type\":\"EntryPoint\",\"urlTemplate\":\"https:\\\/\\\/www.malinashop.lt\\\/en\\\/?s={search_term_string}\"},\"query-input\":{\"@type\":\"PropertyValueSpecification\",\"valueRequired\":true,\"valueName\":\"search_term_string\"}}],\"inLanguage\":\"lt-LT\"},{\"@type\":\"Organization\",\"@id\":\"https:\\\/\\\/www.malinashop.lt\\\/en\\\/#organization\",\"name\":\"COM Group Ecommerce\",\"url\":\"https:\\\/\\\/www.malinashop.lt\\\/en\\\/\",\"logo\":{\"@type\":\"ImageObject\",\"inLanguage\":\"lt-LT\",\"@id\":\"https:\\\/\\\/www.malinashop.lt\\\/en\\\/#\\\/schema\\\/logo\\\/image\\\/\",\"url\":\"https:\\\/\\\/www.malinashop.lt\\\/wp-content\\\/uploads\\\/2024\\\/08\\\/462559670_3787732518133670_9795632669273463_n-e1731525914575.png\",\"contentUrl\":\"https:\\\/\\\/www.malinashop.lt\\\/wp-content\\\/uploads\\\/2024\\\/08\\\/462559670_3787732518133670_9795632669273463_n-e1731525914575.png\",\"width\":180,\"height\":60,\"caption\":\"COM Group Ecommerce\"},\"image\":{\"@id\":\"https:\\\/\\\/www.malinashop.lt\\\/en\\\/#\\\/schema\\\/logo\\\/image\\\/\"}}]}<\/script>\n<!-- \/ Yoast SEO plugin. -->","yoast_head_json":{"title":"PETITE MAISON dr\u0117kinamasis plauk\u0173 serumas su kokos\u0173 pienu \u0161velnumui ir blizgesiui COCONUT MILK, 100 ml - MalinaShop.lt J\u016bs\u0173 sveikatai ir gro\u017eiui.","description":"Plauk\u0173 serumas su kokos\u0173 pienu dr\u0117kina, glotnina ir suteikia \u0161velnumo bei blizgesio, neapsunkindamas plauk\u0173.","robots":{"index":"index","follow":"follow","max-snippet":"max-snippet:-1","max-image-preview":"max-image-preview:large","max-video-preview":"max-video-preview:-1"},"canonical":"https:\/\/www.malinashop.lt\/lt_lt\/shop\/petite-maison-drekinamasis-plauku-serumas-su-kokosu-pienu-svelnumui-ir-blizgesiui-coconut-milk-100-ml\/","og_locale":"lt_LT","og_type":"article","og_title":"PETITE MAISON dr\u0117kinamasis plauk\u0173 serumas su kokos\u0173 pienu \u0161velnumui ir blizgesiui COCONUT MILK, 100 ml - MalinaShop.lt J\u016bs\u0173 sveikatai ir gro\u017eiui.","og_description":"Plauk\u0173 serumas su kokos\u0173 pienu dr\u0117kina, glotnina ir suteikia \u0161velnumo bei blizgesio, neapsunkindamas plauk\u0173.","og_url":"https:\/\/www.malinashop.lt\/lt_lt\/shop\/petite-maison-drekinamasis-plauku-serumas-su-kokosu-pienu-svelnumui-ir-blizgesiui-coconut-milk-100-ml\/","og_site_name":"MalinaShop.lt J\u016bs\u0173 sveikatai ir gro\u017eiui.","article_modified_time":"2026-04-08T12:06:59+00:00","og_image":[{"width":768,"height":768,"url":"https:\/\/www.malinashop.lt\/wp-content\/uploads\/2025\/09\/PETITE-MAISON-drekinamasis-plauku-serumas-su-kokosu-pienu-svelnumui-ir-blizgesiui-COCONUT-MILK-100-ml.webp","type":"image\/webp"}],"twitter_card":"summary_large_image","schema":{"@context":"https:\/\/schema.org","@graph":[{"@type":"WebPage","@id":"https:\/\/www.malinashop.lt\/en\/shop\/petite-maison-drekinamasis-plauku-serumas-su-kokosu-pienu-svelnumui-ir-blizgesiui-coconut-milk-100-ml\/","url":"https:\/\/www.malinashop.lt\/en\/shop\/petite-maison-drekinamasis-plauku-serumas-su-kokosu-pienu-svelnumui-ir-blizgesiui-coconut-milk-100-ml\/","name":"PETITE MAISON dr\u0117kinamasis plauk\u0173 serumas su kokos\u0173 pienu \u0161velnumui ir blizgesiui COCONUT MILK, 100 ml - MalinaShop.lt J\u016bs\u0173 sveikatai ir gro\u017eiui.","isPartOf":{"@id":"https:\/\/www.malinashop.lt\/en\/#website"},"primaryImageOfPage":{"@id":"https:\/\/www.malinashop.lt\/en\/shop\/petite-maison-drekinamasis-plauku-serumas-su-kokosu-pienu-svelnumui-ir-blizgesiui-coconut-milk-100-ml\/#primaryimage"},"image":{"@id":"https:\/\/www.malinashop.lt\/en\/shop\/petite-maison-drekinamasis-plauku-serumas-su-kokosu-pienu-svelnumui-ir-blizgesiui-coconut-milk-100-ml\/#primaryimage"},"thumbnailUrl":"https:\/\/www.malinashop.lt\/wp-content\/uploads\/2025\/09\/PETITE-MAISON-drekinamasis-plauku-serumas-su-kokosu-pienu-svelnumui-ir-blizgesiui-COCONUT-MILK-100-ml.webp","datePublished":"2025-09-13T07:18:09+00:00","dateModified":"2026-04-08T12:06:59+00:00","description":"Plauk\u0173 serumas su kokos\u0173 pienu dr\u0117kina, glotnina ir suteikia \u0161velnumo bei blizgesio, neapsunkindamas plauk\u0173.","breadcrumb":{"@id":"https:\/\/www.malinashop.lt\/en\/shop\/petite-maison-drekinamasis-plauku-serumas-su-kokosu-pienu-svelnumui-ir-blizgesiui-coconut-milk-100-ml\/#breadcrumb"},"inLanguage":"lt-LT","potentialAction":[{"@type":"ReadAction","target":["https:\/\/www.malinashop.lt\/en\/shop\/petite-maison-drekinamasis-plauku-serumas-su-kokosu-pienu-svelnumui-ir-blizgesiui-coconut-milk-100-ml\/"]}]},{"@type":"ImageObject","inLanguage":"lt-LT","@id":"https:\/\/www.malinashop.lt\/en\/shop\/petite-maison-drekinamasis-plauku-serumas-su-kokosu-pienu-svelnumui-ir-blizgesiui-coconut-milk-100-ml\/#primaryimage","url":"https:\/\/www.malinashop.lt\/wp-content\/uploads\/2025\/09\/PETITE-MAISON-drekinamasis-plauku-serumas-su-kokosu-pienu-svelnumui-ir-blizgesiui-COCONUT-MILK-100-ml.webp","contentUrl":"https:\/\/www.malinashop.lt\/wp-content\/uploads\/2025\/09\/PETITE-MAISON-drekinamasis-plauku-serumas-su-kokosu-pienu-svelnumui-ir-blizgesiui-COCONUT-MILK-100-ml.webp","width":768,"height":768},{"@type":"BreadcrumbList","@id":"https:\/\/www.malinashop.lt\/en\/shop\/petite-maison-drekinamasis-plauku-serumas-su-kokosu-pienu-svelnumui-ir-blizgesiui-coconut-milk-100-ml\/#breadcrumb","itemListElement":[{"@type":"ListItem","position":1,"name":"Home","item":"https:\/\/www.malinashop.lt\/en\/"},{"@type":"ListItem","position":2,"name":"Parduotuv\u0117","item":"https:\/\/www.malinashop.lt\/en\/parduotuve\/"},{"@type":"ListItem","position":3,"name":"PETITE MAISON dr\u0117kinamasis plauk\u0173 serumas su kokos\u0173 pienu \u0161velnumui ir blizgesiui COCONUT MILK, 100 ml"}]},{"@type":"WebSite","@id":"https:\/\/www.malinashop.lt\/en\/#website","url":"https:\/\/www.malinashop.lt\/en\/","name":"COM Group Ecommerce","description":"MalinaShop.lt - Gro\u017eio ir sveikatos produktai i\u0161 patikim\u0173 preki\u0173 \u017eenkl\u0173. Atraskite auk\u0161tos kokyb\u0117s kosmetik\u0105 u\u017e puiki\u0105 kain\u0105.","publisher":{"@id":"https:\/\/www.malinashop.lt\/en\/#organization"},"potentialAction":[{"@type":"SearchAction","target":{"@type":"EntryPoint","urlTemplate":"https:\/\/www.malinashop.lt\/en\/?s={search_term_string}"},"query-input":{"@type":"PropertyValueSpecification","valueRequired":true,"valueName":"search_term_string"}}],"inLanguage":"lt-LT"},{"@type":"Organization","@id":"https:\/\/www.malinashop.lt\/en\/#organization","name":"COM Group Ecommerce","url":"https:\/\/www.malinashop.lt\/en\/","logo":{"@type":"ImageObject","inLanguage":"lt-LT","@id":"https:\/\/www.malinashop.lt\/en\/#\/schema\/logo\/image\/","url":"https:\/\/www.malinashop.lt\/wp-content\/uploads\/2024\/08\/462559670_3787732518133670_9795632669273463_n-e1731525914575.png","contentUrl":"https:\/\/www.malinashop.lt\/wp-content\/uploads\/2024\/08\/462559670_3787732518133670_9795632669273463_n-e1731525914575.png","width":180,"height":60,"caption":"COM Group Ecommerce"},"image":{"@id":"https:\/\/www.malinashop.lt\/en\/#\/schema\/logo\/image\/"}}]}},"jetpack_sharing_enabled":true,"_links":{"self":[{"href":"https:\/\/www.malinashop.lt\/lt_lt\/wp-json\/wp\/v2\/product\/58087","targetHints":{"allow":["GET"]}}],"collection":[{"href":"https:\/\/www.malinashop.lt\/lt_lt\/wp-json\/wp\/v2\/product"}],"about":[{"href":"https:\/\/www.malinashop.lt\/lt_lt\/wp-json\/wp\/v2\/types\/product"}],"version-history":[{"count":1,"href":"https:\/\/www.malinashop.lt\/lt_lt\/wp-json\/wp\/v2\/product\/58087\/revisions"}],"predecessor-version":[{"id":58089,"href":"https:\/\/www.malinashop.lt\/lt_lt\/wp-json\/wp\/v2\/product\/58087\/revisions\/58089"}],"wp:featuredmedia":[{"embeddable":true,"href":"https:\/\/www.malinashop.lt\/lt_lt\/wp-json\/wp\/v2\/media\/58088"}],"wp:attachment":[{"href":"https:\/\/www.malinashop.lt\/lt_lt\/wp-json\/wp\/v2\/media?parent=58087"}],"wp:term":[{"taxonomy":"product_brand","embeddable":true,"href":"https:\/\/www.malinashop.lt\/lt_lt\/wp-json\/wp\/v2\/product_brand?post=58087"},{"taxonomy":"product_cat","embeddable":true,"href":"https:\/\/www.malinashop.lt\/lt_lt\/wp-json\/wp\/v2\/product_cat?post=58087"},{"taxonomy":"product_tag","embeddable":true,"href":"https:\/\/www.malinashop.lt\/lt_lt\/wp-json\/wp\/v2\/product_tag?post=58087"}],"curies":[{"name":"wp","href":"https:\/\/api.w.org\/{rel}","templated":true}]}}