{"id":58063,"date":"2025-09-11T22:51:13","date_gmt":"2025-09-11T19:51:13","guid":{"rendered":"https:\/\/malinashop.lt\/?post_type=product&#038;p=58063"},"modified":"2026-02-10T13:27:11","modified_gmt":"2026-02-10T10:27:11","slug":"mjcare-drekinanti-ranku-kauke-pirstines-maitinanciai-ir-svelniai-odai-premium-hand-care-pack-22-g","status":"publish","type":"product","link":"https:\/\/www.malinashop.lt\/lt_lt\/shop\/mjcare-drekinanti-ranku-kauke-pirstines-maitinanciai-ir-svelniai-odai-premium-hand-care-pack-22-g\/","title":{"rendered":"MJCARE dr\u0117kinanti rank\u0173 kauk\u0117\u2013pir\u0161tin\u0117s maitinan\u010diai ir \u0161velniai odai PREMIUM HAND CARE PACK, 22 g"},"content":{"rendered":"<p data-start=\"232\" data-end=\"521\">MJCARE <strong data-start=\"256\" data-end=\"282\">PREMIUM HAND CARE PACK<\/strong> \u2013 dr\u0117kinanti rank\u0173 kauk\u0117\u2013pir\u0161tin\u0117s, sukurtos intensyviai puosel\u0117ti i\u0161saus\u0117jusi\u0105, sudirgusi\u0105 ar pavargusi\u0105 od\u0105. Jos formul\u0117 giliai maitina, dr\u0117kina ir apsaugo rankas nuo kenksming\u0173 i\u0161orini\u0173 veiksni\u0173, palikdama jas \u0161velnias ir elastingas.<\/p>\n<p data-start=\"523\" data-end=\"564\"><strong data-start=\"523\" data-end=\"562\">Pagrindiniai ingredientai ir nauda:<\/strong><\/p>\n<ul data-start=\"565\" data-end=\"950\">\n<li data-start=\"565\" data-end=\"667\">\n<p data-start=\"567\" data-end=\"667\"><strong data-start=\"567\" data-end=\"599\">Centella Asiatica ekstraktas<\/strong> \u2013 atkuria odos strukt\u016br\u0105, ramina, ma\u017eina paraudim\u0105 ir sudirgimus.<\/p>\n<\/li>\n<li data-start=\"668\" data-end=\"768\">\n<p data-start=\"670\" data-end=\"768\"><strong data-start=\"670\" data-end=\"692\">B grup\u0117s vitaminai<\/strong> \u2013 skatina regeneracij\u0105, gerina kraujotak\u0105 ir saugo nuo dr\u0117gm\u0117s praradimo.<\/p>\n<\/li>\n<li data-start=\"769\" data-end=\"868\">\n<p data-start=\"771\" data-end=\"868\"><strong data-start=\"771\" data-end=\"792\">Hialurono r\u016bg\u0161tis<\/strong> \u2013 intensyviai dr\u0117kina ir maitina, suteikia odai glotnumo bei elastingumo.<\/p>\n<\/li>\n<li data-start=\"869\" data-end=\"950\">\n<p data-start=\"871\" data-end=\"950\"><strong data-start=\"871\" data-end=\"894\">Taukmed\u017eio sviestas<\/strong> \u2013 ramina, maitina ir saugo rank\u0173 od\u0105 nuo i\u0161saus\u0117jimo.<\/p>\n<\/li>\n<\/ul>\n<p data-start=\"952\" data-end=\"969\"><strong data-start=\"952\" data-end=\"967\">Naudojimas:<\/strong><\/p>\n<ol data-start=\"970\" data-end=\"1117\">\n<li data-start=\"970\" data-end=\"1025\">\n<p data-start=\"973\" data-end=\"1025\">U\u017emaukite kauk\u0119\u2013pir\u0161tines ant \u0161vari\u0173, saus\u0173 rank\u0173.<\/p>\n<\/li>\n<li data-start=\"1026\" data-end=\"1051\">\n<p data-start=\"1029\" data-end=\"1051\">Laikykite 20\u201330 min.<\/p>\n<\/li>\n<li data-start=\"1052\" data-end=\"1117\">\n<p data-start=\"1055\" data-end=\"1117\">Nu\u0117mus, \u012fmasa\u017euokite likus\u012f serum\u0105 \u012f od\u0105. Nuplauti nereikia.<\/p>\n<\/li>\n<\/ol>\n<p data-start=\"1119\" data-end=\"1344\"><strong data-start=\"1119\" data-end=\"1133\">\u012esp\u0117jimai:<\/strong> Tik i\u0161oriniam naudojimui. Laikyti vaikams nepasiekiamoje vietoje. Nenanaudoti ant pa\u017eeistos ar sudirgusios odos. Pasteb\u0117jus dirginim\u0105 ar b\u0117rim\u0105 \u2013 nutraukti naudojim\u0105. Saugoti nuo tiesiogini\u0173 saul\u0117s spinduli\u0173.<\/p>\n","protected":false},"excerpt":{"rendered":"<p>MJCARE PREMIUM HAND CARE PACK \u2013 dr\u0117kinanti rank\u0173 kauk\u0117\u2013pir\u0161tin\u0117s, sukurtos intensyviai puosel\u0117ti i\u0161saus\u0117jusi\u0105, sudirgusi\u0105 ar pavargusi\u0105 od\u0105. Jos formul\u0117 giliai maitina, dr\u0117kina&hellip;<\/p>\n","protected":false},"featured_media":58064,"template":"","meta":[],"product_brand":[1150],"product_cat":[731],"product_tag":[1634],"class_list":{"0":"post-58063","1":"product","2":"type-product","3":"status-publish","4":"has-post-thumbnail","6":"product_brand-mjcare","7":"product_cat-kunui","8":"product_tag-mjcare","10":"first","11":"instock","12":"sale","13":"featured","14":"taxable","15":"shipping-taxable","16":"purchasable","17":"product-type-simple"},"yoast_head":"<!-- This site is optimized with the Yoast SEO plugin v27.4 - https:\/\/yoast.com\/product\/yoast-seo-wordpress\/ -->\n<title>MJCARE dr\u0117kinanti rank\u0173 kauk\u0117\u2013pir\u0161tin\u0117s maitinan\u010diai ir \u0161velniai odai PREMIUM HAND CARE PACK, 22 g - MalinaShop.lt J\u016bs\u0173 sveikatai ir gro\u017eiui.<\/title>\n<meta name=\"description\" content=\"Dr\u0117kinanti rank\u0173 kauk\u0117\u2013pir\u0161tin\u0117s maitina, ramina ir atkuria od\u0105, suteikdamos \u0161velnumo ir elastingumo vos po vieno naudojimo.\" \/>\n<meta name=\"robots\" content=\"index, follow, max-snippet:-1, max-image-preview:large, max-video-preview:-1\" \/>\n<link rel=\"canonical\" href=\"https:\/\/www.malinashop.lt\/lt_lt\/shop\/mjcare-drekinanti-ranku-kauke-pirstines-maitinanciai-ir-svelniai-odai-premium-hand-care-pack-22-g\/\" \/>\n<meta property=\"og:locale\" content=\"lt_LT\" \/>\n<meta property=\"og:type\" content=\"article\" \/>\n<meta property=\"og:title\" content=\"MJCARE dr\u0117kinanti rank\u0173 kauk\u0117\u2013pir\u0161tin\u0117s maitinan\u010diai ir \u0161velniai odai PREMIUM HAND CARE PACK, 22 g - MalinaShop.lt J\u016bs\u0173 sveikatai ir gro\u017eiui.\" \/>\n<meta property=\"og:description\" content=\"Dr\u0117kinanti rank\u0173 kauk\u0117\u2013pir\u0161tin\u0117s maitina, ramina ir atkuria od\u0105, suteikdamos \u0161velnumo ir elastingumo vos po vieno naudojimo.\" \/>\n<meta property=\"og:url\" content=\"https:\/\/www.malinashop.lt\/lt_lt\/shop\/mjcare-drekinanti-ranku-kauke-pirstines-maitinanciai-ir-svelniai-odai-premium-hand-care-pack-22-g\/\" \/>\n<meta property=\"og:site_name\" content=\"MalinaShop.lt J\u016bs\u0173 sveikatai ir gro\u017eiui.\" \/>\n<meta property=\"article:modified_time\" content=\"2026-02-10T10:27:11+00:00\" \/>\n<meta property=\"og:image\" content=\"https:\/\/www.malinashop.lt\/wp-content\/uploads\/2025\/09\/MJCARE-drekinanti-ranku-kauke\u2013pirstines-maitinanciai-ir-svelniai-odai-PREMIUM-HAND-CARE-PACK-22-g.webp\" \/>\n\t<meta property=\"og:image:width\" content=\"768\" \/>\n\t<meta property=\"og:image:height\" content=\"768\" \/>\n\t<meta property=\"og:image:type\" content=\"image\/webp\" \/>\n<meta name=\"twitter:card\" content=\"summary_large_image\" \/>\n<script type=\"application\/ld+json\" class=\"yoast-schema-graph\">{\"@context\":\"https:\\\/\\\/schema.org\",\"@graph\":[{\"@type\":\"WebPage\",\"@id\":\"https:\\\/\\\/www.malinashop.lt\\\/shop\\\/mjcare-drekinanti-ranku-kauke-pirstines-maitinanciai-ir-svelniai-odai-premium-hand-care-pack-22-g\\\/\",\"url\":\"https:\\\/\\\/www.malinashop.lt\\\/shop\\\/mjcare-drekinanti-ranku-kauke-pirstines-maitinanciai-ir-svelniai-odai-premium-hand-care-pack-22-g\\\/\",\"name\":\"MJCARE dr\u0117kinanti rank\u0173 kauk\u0117\u2013pir\u0161tin\u0117s maitinan\u010diai ir \u0161velniai odai PREMIUM HAND CARE PACK, 22 g - MalinaShop.lt J\u016bs\u0173 sveikatai ir gro\u017eiui.\",\"isPartOf\":{\"@id\":\"https:\\\/\\\/www.malinashop.lt\\\/#website\"},\"primaryImageOfPage\":{\"@id\":\"https:\\\/\\\/www.malinashop.lt\\\/shop\\\/mjcare-drekinanti-ranku-kauke-pirstines-maitinanciai-ir-svelniai-odai-premium-hand-care-pack-22-g\\\/#primaryimage\"},\"image\":{\"@id\":\"https:\\\/\\\/www.malinashop.lt\\\/shop\\\/mjcare-drekinanti-ranku-kauke-pirstines-maitinanciai-ir-svelniai-odai-premium-hand-care-pack-22-g\\\/#primaryimage\"},\"thumbnailUrl\":\"https:\\\/\\\/www.malinashop.lt\\\/wp-content\\\/uploads\\\/2025\\\/09\\\/MJCARE-drekinanti-ranku-kauke\u2013pirstines-maitinanciai-ir-svelniai-odai-PREMIUM-HAND-CARE-PACK-22-g.webp\",\"datePublished\":\"2025-09-11T19:51:13+00:00\",\"dateModified\":\"2026-02-10T10:27:11+00:00\",\"description\":\"Dr\u0117kinanti rank\u0173 kauk\u0117\u2013pir\u0161tin\u0117s maitina, ramina ir atkuria od\u0105, suteikdamos \u0161velnumo ir elastingumo vos po vieno naudojimo.\",\"breadcrumb\":{\"@id\":\"https:\\\/\\\/www.malinashop.lt\\\/shop\\\/mjcare-drekinanti-ranku-kauke-pirstines-maitinanciai-ir-svelniai-odai-premium-hand-care-pack-22-g\\\/#breadcrumb\"},\"inLanguage\":\"lt-LT\",\"potentialAction\":[{\"@type\":\"ReadAction\",\"target\":[\"https:\\\/\\\/www.malinashop.lt\\\/shop\\\/mjcare-drekinanti-ranku-kauke-pirstines-maitinanciai-ir-svelniai-odai-premium-hand-care-pack-22-g\\\/\"]}]},{\"@type\":\"ImageObject\",\"inLanguage\":\"lt-LT\",\"@id\":\"https:\\\/\\\/www.malinashop.lt\\\/shop\\\/mjcare-drekinanti-ranku-kauke-pirstines-maitinanciai-ir-svelniai-odai-premium-hand-care-pack-22-g\\\/#primaryimage\",\"url\":\"https:\\\/\\\/www.malinashop.lt\\\/wp-content\\\/uploads\\\/2025\\\/09\\\/MJCARE-drekinanti-ranku-kauke\u2013pirstines-maitinanciai-ir-svelniai-odai-PREMIUM-HAND-CARE-PACK-22-g.webp\",\"contentUrl\":\"https:\\\/\\\/www.malinashop.lt\\\/wp-content\\\/uploads\\\/2025\\\/09\\\/MJCARE-drekinanti-ranku-kauke\u2013pirstines-maitinanciai-ir-svelniai-odai-PREMIUM-HAND-CARE-PACK-22-g.webp\",\"width\":768,\"height\":768},{\"@type\":\"BreadcrumbList\",\"@id\":\"https:\\\/\\\/www.malinashop.lt\\\/shop\\\/mjcare-drekinanti-ranku-kauke-pirstines-maitinanciai-ir-svelniai-odai-premium-hand-care-pack-22-g\\\/#breadcrumb\",\"itemListElement\":[{\"@type\":\"ListItem\",\"position\":1,\"name\":\"Pagrindinis\",\"item\":\"https:\\\/\\\/www.malinashop.lt\\\/\"},{\"@type\":\"ListItem\",\"position\":2,\"name\":\"Parduotuv\u0117\",\"item\":\"https:\\\/\\\/www.malinashop.lt\\\/en\\\/parduotuve\\\/\"},{\"@type\":\"ListItem\",\"position\":3,\"name\":\"MJCARE dr\u0117kinanti rank\u0173 kauk\u0117\u2013pir\u0161tin\u0117s maitinan\u010diai ir \u0161velniai odai PREMIUM HAND CARE PACK, 22 g\"}]},{\"@type\":\"WebSite\",\"@id\":\"https:\\\/\\\/www.malinashop.lt\\\/#website\",\"url\":\"https:\\\/\\\/www.malinashop.lt\\\/\",\"name\":\"COM Group Ecommerce\",\"description\":\"MalinaShop.lt - Gro\u017eio ir sveikatos produktai i\u0161 patikim\u0173 preki\u0173 \u017eenkl\u0173. Atraskite auk\u0161tos kokyb\u0117s kosmetik\u0105 u\u017e puiki\u0105 kain\u0105.\",\"publisher\":{\"@id\":\"https:\\\/\\\/www.malinashop.lt\\\/#organization\"},\"potentialAction\":[{\"@type\":\"SearchAction\",\"target\":{\"@type\":\"EntryPoint\",\"urlTemplate\":\"https:\\\/\\\/www.malinashop.lt\\\/?s={search_term_string}\"},\"query-input\":{\"@type\":\"PropertyValueSpecification\",\"valueRequired\":true,\"valueName\":\"search_term_string\"}}],\"inLanguage\":\"lt-LT\"},{\"@type\":\"Organization\",\"@id\":\"https:\\\/\\\/www.malinashop.lt\\\/#organization\",\"name\":\"COM Group Ecommerce\",\"url\":\"https:\\\/\\\/www.malinashop.lt\\\/\",\"logo\":{\"@type\":\"ImageObject\",\"inLanguage\":\"lt-LT\",\"@id\":\"https:\\\/\\\/www.malinashop.lt\\\/#\\\/schema\\\/logo\\\/image\\\/\",\"url\":\"https:\\\/\\\/www.malinashop.lt\\\/wp-content\\\/uploads\\\/2024\\\/08\\\/462559670_3787732518133670_9795632669273463_n-e1731525914575.png\",\"contentUrl\":\"https:\\\/\\\/www.malinashop.lt\\\/wp-content\\\/uploads\\\/2024\\\/08\\\/462559670_3787732518133670_9795632669273463_n-e1731525914575.png\",\"width\":180,\"height\":60,\"caption\":\"COM Group Ecommerce\"},\"image\":{\"@id\":\"https:\\\/\\\/www.malinashop.lt\\\/#\\\/schema\\\/logo\\\/image\\\/\"}}]}<\/script>\n<!-- \/ Yoast SEO plugin. -->","yoast_head_json":{"title":"MJCARE dr\u0117kinanti rank\u0173 kauk\u0117\u2013pir\u0161tin\u0117s maitinan\u010diai ir \u0161velniai odai PREMIUM HAND CARE PACK, 22 g - MalinaShop.lt J\u016bs\u0173 sveikatai ir gro\u017eiui.","description":"Dr\u0117kinanti rank\u0173 kauk\u0117\u2013pir\u0161tin\u0117s maitina, ramina ir atkuria od\u0105, suteikdamos \u0161velnumo ir elastingumo vos po vieno naudojimo.","robots":{"index":"index","follow":"follow","max-snippet":"max-snippet:-1","max-image-preview":"max-image-preview:large","max-video-preview":"max-video-preview:-1"},"canonical":"https:\/\/www.malinashop.lt\/lt_lt\/shop\/mjcare-drekinanti-ranku-kauke-pirstines-maitinanciai-ir-svelniai-odai-premium-hand-care-pack-22-g\/","og_locale":"lt_LT","og_type":"article","og_title":"MJCARE dr\u0117kinanti rank\u0173 kauk\u0117\u2013pir\u0161tin\u0117s maitinan\u010diai ir \u0161velniai odai PREMIUM HAND CARE PACK, 22 g - MalinaShop.lt J\u016bs\u0173 sveikatai ir gro\u017eiui.","og_description":"Dr\u0117kinanti rank\u0173 kauk\u0117\u2013pir\u0161tin\u0117s maitina, ramina ir atkuria od\u0105, suteikdamos \u0161velnumo ir elastingumo vos po vieno naudojimo.","og_url":"https:\/\/www.malinashop.lt\/lt_lt\/shop\/mjcare-drekinanti-ranku-kauke-pirstines-maitinanciai-ir-svelniai-odai-premium-hand-care-pack-22-g\/","og_site_name":"MalinaShop.lt J\u016bs\u0173 sveikatai ir gro\u017eiui.","article_modified_time":"2026-02-10T10:27:11+00:00","og_image":[{"width":768,"height":768,"url":"https:\/\/www.malinashop.lt\/wp-content\/uploads\/2025\/09\/MJCARE-drekinanti-ranku-kauke\u2013pirstines-maitinanciai-ir-svelniai-odai-PREMIUM-HAND-CARE-PACK-22-g.webp","type":"image\/webp"}],"twitter_card":"summary_large_image","schema":{"@context":"https:\/\/schema.org","@graph":[{"@type":"WebPage","@id":"https:\/\/www.malinashop.lt\/shop\/mjcare-drekinanti-ranku-kauke-pirstines-maitinanciai-ir-svelniai-odai-premium-hand-care-pack-22-g\/","url":"https:\/\/www.malinashop.lt\/shop\/mjcare-drekinanti-ranku-kauke-pirstines-maitinanciai-ir-svelniai-odai-premium-hand-care-pack-22-g\/","name":"MJCARE dr\u0117kinanti rank\u0173 kauk\u0117\u2013pir\u0161tin\u0117s maitinan\u010diai ir \u0161velniai odai PREMIUM HAND CARE PACK, 22 g - MalinaShop.lt J\u016bs\u0173 sveikatai ir gro\u017eiui.","isPartOf":{"@id":"https:\/\/www.malinashop.lt\/#website"},"primaryImageOfPage":{"@id":"https:\/\/www.malinashop.lt\/shop\/mjcare-drekinanti-ranku-kauke-pirstines-maitinanciai-ir-svelniai-odai-premium-hand-care-pack-22-g\/#primaryimage"},"image":{"@id":"https:\/\/www.malinashop.lt\/shop\/mjcare-drekinanti-ranku-kauke-pirstines-maitinanciai-ir-svelniai-odai-premium-hand-care-pack-22-g\/#primaryimage"},"thumbnailUrl":"https:\/\/www.malinashop.lt\/wp-content\/uploads\/2025\/09\/MJCARE-drekinanti-ranku-kauke\u2013pirstines-maitinanciai-ir-svelniai-odai-PREMIUM-HAND-CARE-PACK-22-g.webp","datePublished":"2025-09-11T19:51:13+00:00","dateModified":"2026-02-10T10:27:11+00:00","description":"Dr\u0117kinanti rank\u0173 kauk\u0117\u2013pir\u0161tin\u0117s maitina, ramina ir atkuria od\u0105, suteikdamos \u0161velnumo ir elastingumo vos po vieno naudojimo.","breadcrumb":{"@id":"https:\/\/www.malinashop.lt\/shop\/mjcare-drekinanti-ranku-kauke-pirstines-maitinanciai-ir-svelniai-odai-premium-hand-care-pack-22-g\/#breadcrumb"},"inLanguage":"lt-LT","potentialAction":[{"@type":"ReadAction","target":["https:\/\/www.malinashop.lt\/shop\/mjcare-drekinanti-ranku-kauke-pirstines-maitinanciai-ir-svelniai-odai-premium-hand-care-pack-22-g\/"]}]},{"@type":"ImageObject","inLanguage":"lt-LT","@id":"https:\/\/www.malinashop.lt\/shop\/mjcare-drekinanti-ranku-kauke-pirstines-maitinanciai-ir-svelniai-odai-premium-hand-care-pack-22-g\/#primaryimage","url":"https:\/\/www.malinashop.lt\/wp-content\/uploads\/2025\/09\/MJCARE-drekinanti-ranku-kauke\u2013pirstines-maitinanciai-ir-svelniai-odai-PREMIUM-HAND-CARE-PACK-22-g.webp","contentUrl":"https:\/\/www.malinashop.lt\/wp-content\/uploads\/2025\/09\/MJCARE-drekinanti-ranku-kauke\u2013pirstines-maitinanciai-ir-svelniai-odai-PREMIUM-HAND-CARE-PACK-22-g.webp","width":768,"height":768},{"@type":"BreadcrumbList","@id":"https:\/\/www.malinashop.lt\/shop\/mjcare-drekinanti-ranku-kauke-pirstines-maitinanciai-ir-svelniai-odai-premium-hand-care-pack-22-g\/#breadcrumb","itemListElement":[{"@type":"ListItem","position":1,"name":"Pagrindinis","item":"https:\/\/www.malinashop.lt\/"},{"@type":"ListItem","position":2,"name":"Parduotuv\u0117","item":"https:\/\/www.malinashop.lt\/en\/parduotuve\/"},{"@type":"ListItem","position":3,"name":"MJCARE dr\u0117kinanti rank\u0173 kauk\u0117\u2013pir\u0161tin\u0117s maitinan\u010diai ir \u0161velniai odai PREMIUM HAND CARE PACK, 22 g"}]},{"@type":"WebSite","@id":"https:\/\/www.malinashop.lt\/#website","url":"https:\/\/www.malinashop.lt\/","name":"COM Group Ecommerce","description":"MalinaShop.lt - Gro\u017eio ir sveikatos produktai i\u0161 patikim\u0173 preki\u0173 \u017eenkl\u0173. Atraskite auk\u0161tos kokyb\u0117s kosmetik\u0105 u\u017e puiki\u0105 kain\u0105.","publisher":{"@id":"https:\/\/www.malinashop.lt\/#organization"},"potentialAction":[{"@type":"SearchAction","target":{"@type":"EntryPoint","urlTemplate":"https:\/\/www.malinashop.lt\/?s={search_term_string}"},"query-input":{"@type":"PropertyValueSpecification","valueRequired":true,"valueName":"search_term_string"}}],"inLanguage":"lt-LT"},{"@type":"Organization","@id":"https:\/\/www.malinashop.lt\/#organization","name":"COM Group Ecommerce","url":"https:\/\/www.malinashop.lt\/","logo":{"@type":"ImageObject","inLanguage":"lt-LT","@id":"https:\/\/www.malinashop.lt\/#\/schema\/logo\/image\/","url":"https:\/\/www.malinashop.lt\/wp-content\/uploads\/2024\/08\/462559670_3787732518133670_9795632669273463_n-e1731525914575.png","contentUrl":"https:\/\/www.malinashop.lt\/wp-content\/uploads\/2024\/08\/462559670_3787732518133670_9795632669273463_n-e1731525914575.png","width":180,"height":60,"caption":"COM Group Ecommerce"},"image":{"@id":"https:\/\/www.malinashop.lt\/#\/schema\/logo\/image\/"}}]}},"jetpack_sharing_enabled":true,"_links":{"self":[{"href":"https:\/\/www.malinashop.lt\/lt_lt\/wp-json\/wp\/v2\/product\/58063","targetHints":{"allow":["GET"]}}],"collection":[{"href":"https:\/\/www.malinashop.lt\/lt_lt\/wp-json\/wp\/v2\/product"}],"about":[{"href":"https:\/\/www.malinashop.lt\/lt_lt\/wp-json\/wp\/v2\/types\/product"}],"version-history":[{"count":1,"href":"https:\/\/www.malinashop.lt\/lt_lt\/wp-json\/wp\/v2\/product\/58063\/revisions"}],"predecessor-version":[{"id":58065,"href":"https:\/\/www.malinashop.lt\/lt_lt\/wp-json\/wp\/v2\/product\/58063\/revisions\/58065"}],"wp:featuredmedia":[{"embeddable":true,"href":"https:\/\/www.malinashop.lt\/lt_lt\/wp-json\/wp\/v2\/media\/58064"}],"wp:attachment":[{"href":"https:\/\/www.malinashop.lt\/lt_lt\/wp-json\/wp\/v2\/media?parent=58063"}],"wp:term":[{"taxonomy":"product_brand","embeddable":true,"href":"https:\/\/www.malinashop.lt\/lt_lt\/wp-json\/wp\/v2\/product_brand?post=58063"},{"taxonomy":"product_cat","embeddable":true,"href":"https:\/\/www.malinashop.lt\/lt_lt\/wp-json\/wp\/v2\/product_cat?post=58063"},{"taxonomy":"product_tag","embeddable":true,"href":"https:\/\/www.malinashop.lt\/lt_lt\/wp-json\/wp\/v2\/product_tag?post=58063"}],"curies":[{"name":"wp","href":"https:\/\/api.w.org\/{rel}","templated":true}]}}