{"id":58047,"date":"2025-09-11T22:08:32","date_gmt":"2025-09-11T19:08:32","guid":{"rendered":"https:\/\/malinashop.lt\/?post_type=product&#038;p=58047"},"modified":"2026-02-10T13:10:15","modified_gmt":"2026-02-10T10:10:15","slug":"skin-planet-lakstine-veido-kauke-su-kolagenu-drekinimui-ir-tonizavimui-collagen-power-lifting-mask-26-g","status":"publish","type":"product","link":"https:\/\/www.malinashop.lt\/lt_lt\/shop\/skin-planet-lakstine-veido-kauke-su-kolagenu-drekinimui-ir-tonizavimui-collagen-power-lifting-mask-26-g\/","title":{"rendered":"SKIN PLANET lak\u0161tin\u0117 veido kauk\u0117 su kolagenu dr\u0117kinimui ir tonizavimui COLLAGEN POWER LIFTING MASK, 26 g"},"content":{"rendered":"<p data-start=\"271\" data-end=\"526\">SKIN PLANET lak\u0161tin\u0117 veido kauk\u0117 su kolagenu <strong data-start=\"333\" data-end=\"364\">COLLAGEN POWER LIFTING MASK<\/strong> intensyviai dr\u0117kina ir tonizuoja od\u0105, suteikdama jai elastingumo bei gyvybingumo. Pagaminta i\u0161 100 % nat\u016bralios medviln\u0117s, ji yra \u0161velni ir draugi\u0161ka aplinkai.<\/p>\n<p data-start=\"528\" data-end=\"536\">Kauk\u0117:<\/p>\n<ul data-start=\"537\" data-end=\"712\">\n<li data-start=\"537\" data-end=\"571\">\n<p data-start=\"539\" data-end=\"571\">giliai maitina ir dr\u0117kina od\u0105,<\/p>\n<\/li>\n<li data-start=\"572\" data-end=\"613\">\n<p data-start=\"574\" data-end=\"613\">padeda i\u0161lyginti smulkias rauk\u0161leles,<\/p>\n<\/li>\n<li data-start=\"614\" data-end=\"655\">\n<p data-start=\"616\" data-end=\"655\">didina odos stangrum\u0105 ir elastingum\u0105,<\/p>\n<\/li>\n<li data-start=\"656\" data-end=\"712\">\n<p data-start=\"658\" data-end=\"712\">stiprina odos strukt\u016br\u0105 bei regeneracinius procesus.<\/p>\n<\/li>\n<\/ul>\n<p data-start=\"714\" data-end=\"731\"><strong data-start=\"714\" data-end=\"729\">Naudojimas:<\/strong><\/p>\n<ol data-start=\"732\" data-end=\"979\">\n<li data-start=\"732\" data-end=\"819\">\n<p data-start=\"735\" data-end=\"819\">Prie\u0161 atidarydami pakuot\u0119, patrinkite delnais, kad serumas tolygiai pasiskirstyt\u0173.<\/p>\n<\/li>\n<li data-start=\"820\" data-end=\"871\">\n<p data-start=\"823\" data-end=\"871\">U\u017etepkite kauk\u0119 ant \u0161varios, nusausintos odos.<\/p>\n<\/li>\n<li data-start=\"872\" data-end=\"899\">\n<p data-start=\"875\" data-end=\"899\">Palaikykite 10\u201315 min.<\/p>\n<\/li>\n<li data-start=\"900\" data-end=\"979\">\n<p data-start=\"903\" data-end=\"979\">Nu\u0117m\u0119 kauk\u0119, \u0161velniai \u012fmasa\u017euokite likus\u012f serum\u0105 \u012f od\u0105. Nuplauti nereikia.<\/p>\n<\/li>\n<\/ol>\n<p data-start=\"981\" data-end=\"1225\"><strong data-start=\"981\" data-end=\"995\">\u012esp\u0117jimai:<\/strong> Tik i\u0161oriniam naudojimui. Laikyti vaikams nepasiekiamoje vietoje. Nenaudoti ant pa\u017eeistos ar sudirgusios odos. Pasteb\u0117jus b\u0117rim\u0105 ar dirginim\u0105, naudoti nutraukti. Vengti patekimo \u012f akis. Saugoti nuo tiesiogini\u0173 saul\u0117s spinduli\u0173.<\/p>\n<p class=\"\" data-start=\"1245\" data-end=\"1501\">\n","protected":false},"excerpt":{"rendered":"<p>SKIN PLANET lak\u0161tin\u0117 veido kauk\u0117 su kolagenu COLLAGEN POWER LIFTING MASK intensyviai dr\u0117kina ir tonizuoja od\u0105, suteikdama jai elastingumo bei gyvybingumo. Pagaminta&hellip;<\/p>\n","protected":false},"featured_media":58048,"template":"","meta":[],"product_brand":[1320],"product_cat":[1136,728],"product_tag":[1621],"class_list":{"0":"post-58047","1":"product","2":"type-product","3":"status-publish","4":"has-post-thumbnail","6":"product_brand-skin-planet","7":"product_cat-lakstines-veido-kaukes","8":"product_cat-veidui","9":"product_tag-skin-planet","11":"first","12":"instock","13":"sale","14":"taxable","15":"shipping-taxable","16":"purchasable","17":"product-type-simple"},"yoast_head":"<!-- This site is optimized with the Yoast SEO plugin v27.4 - https:\/\/yoast.com\/product\/yoast-seo-wordpress\/ -->\n<title>SKIN PLANET lak\u0161tin\u0117 veido kauk\u0117 su kolagenu dr\u0117kinimui ir tonizavimui COLLAGEN POWER LIFTING MASK, 26 g - MalinaShop.lt J\u016bs\u0173 sveikatai ir gro\u017eiui.<\/title>\n<meta name=\"description\" content=\"Kolageno lak\u0161tin\u0117 veido kauk\u0117 intensyviai dr\u0117kina, tonizuoja ir stangrina od\u0105, suteikdama jai elastingumo.\" \/>\n<meta name=\"robots\" content=\"index, follow, max-snippet:-1, max-image-preview:large, max-video-preview:-1\" \/>\n<link rel=\"canonical\" href=\"https:\/\/www.malinashop.lt\/lt_lt\/shop\/skin-planet-lakstine-veido-kauke-su-kolagenu-drekinimui-ir-tonizavimui-collagen-power-lifting-mask-26-g\/\" \/>\n<meta property=\"og:locale\" content=\"lt_LT\" \/>\n<meta property=\"og:type\" content=\"article\" \/>\n<meta property=\"og:title\" content=\"SKIN PLANET lak\u0161tin\u0117 veido kauk\u0117 su kolagenu dr\u0117kinimui ir tonizavimui COLLAGEN POWER LIFTING MASK, 26 g - MalinaShop.lt J\u016bs\u0173 sveikatai ir gro\u017eiui.\" \/>\n<meta property=\"og:description\" content=\"Kolageno lak\u0161tin\u0117 veido kauk\u0117 intensyviai dr\u0117kina, tonizuoja ir stangrina od\u0105, suteikdama jai elastingumo.\" \/>\n<meta property=\"og:url\" content=\"https:\/\/www.malinashop.lt\/lt_lt\/shop\/skin-planet-lakstine-veido-kauke-su-kolagenu-drekinimui-ir-tonizavimui-collagen-power-lifting-mask-26-g\/\" \/>\n<meta property=\"og:site_name\" content=\"MalinaShop.lt J\u016bs\u0173 sveikatai ir gro\u017eiui.\" \/>\n<meta property=\"article:modified_time\" content=\"2026-02-10T10:10:15+00:00\" \/>\n<meta property=\"og:image\" content=\"https:\/\/www.malinashop.lt\/wp-content\/uploads\/2025\/09\/SKIN-PLANET-kolageno-lakstine-veido-kauke-drekinimui-ir-stangrumui-COLLAGEN-POWER-LIFTING-MASK-26-g.webp\" \/>\n\t<meta property=\"og:image:width\" content=\"768\" \/>\n\t<meta property=\"og:image:height\" content=\"768\" \/>\n\t<meta property=\"og:image:type\" content=\"image\/webp\" \/>\n<meta name=\"twitter:card\" content=\"summary_large_image\" \/>\n<script type=\"application\/ld+json\" class=\"yoast-schema-graph\">{\"@context\":\"https:\\\/\\\/schema.org\",\"@graph\":[{\"@type\":\"WebPage\",\"@id\":\"https:\\\/\\\/www.malinashop.lt\\\/lt_lt\\\/shop\\\/skin-planet-lakstine-veido-kauke-su-kolagenu-drekinimui-ir-tonizavimui-collagen-power-lifting-mask-26-g\\\/\",\"url\":\"https:\\\/\\\/www.malinashop.lt\\\/lt_lt\\\/shop\\\/skin-planet-lakstine-veido-kauke-su-kolagenu-drekinimui-ir-tonizavimui-collagen-power-lifting-mask-26-g\\\/\",\"name\":\"SKIN PLANET lak\u0161tin\u0117 veido kauk\u0117 su kolagenu dr\u0117kinimui ir tonizavimui COLLAGEN POWER LIFTING MASK, 26 g - MalinaShop.lt J\u016bs\u0173 sveikatai ir gro\u017eiui.\",\"isPartOf\":{\"@id\":\"https:\\\/\\\/www.malinashop.lt\\\/#website\"},\"primaryImageOfPage\":{\"@id\":\"https:\\\/\\\/www.malinashop.lt\\\/lt_lt\\\/shop\\\/skin-planet-lakstine-veido-kauke-su-kolagenu-drekinimui-ir-tonizavimui-collagen-power-lifting-mask-26-g\\\/#primaryimage\"},\"image\":{\"@id\":\"https:\\\/\\\/www.malinashop.lt\\\/lt_lt\\\/shop\\\/skin-planet-lakstine-veido-kauke-su-kolagenu-drekinimui-ir-tonizavimui-collagen-power-lifting-mask-26-g\\\/#primaryimage\"},\"thumbnailUrl\":\"https:\\\/\\\/www.malinashop.lt\\\/wp-content\\\/uploads\\\/2025\\\/09\\\/SKIN-PLANET-kolageno-lakstine-veido-kauke-drekinimui-ir-stangrumui-COLLAGEN-POWER-LIFTING-MASK-26-g.webp\",\"datePublished\":\"2025-09-11T19:08:32+00:00\",\"dateModified\":\"2026-02-10T10:10:15+00:00\",\"description\":\"Kolageno lak\u0161tin\u0117 veido kauk\u0117 intensyviai dr\u0117kina, tonizuoja ir stangrina od\u0105, suteikdama jai elastingumo.\",\"breadcrumb\":{\"@id\":\"https:\\\/\\\/www.malinashop.lt\\\/lt_lt\\\/shop\\\/skin-planet-lakstine-veido-kauke-su-kolagenu-drekinimui-ir-tonizavimui-collagen-power-lifting-mask-26-g\\\/#breadcrumb\"},\"inLanguage\":\"lt-LT\",\"potentialAction\":[{\"@type\":\"ReadAction\",\"target\":[\"https:\\\/\\\/www.malinashop.lt\\\/lt_lt\\\/shop\\\/skin-planet-lakstine-veido-kauke-su-kolagenu-drekinimui-ir-tonizavimui-collagen-power-lifting-mask-26-g\\\/\"]}]},{\"@type\":\"ImageObject\",\"inLanguage\":\"lt-LT\",\"@id\":\"https:\\\/\\\/www.malinashop.lt\\\/lt_lt\\\/shop\\\/skin-planet-lakstine-veido-kauke-su-kolagenu-drekinimui-ir-tonizavimui-collagen-power-lifting-mask-26-g\\\/#primaryimage\",\"url\":\"https:\\\/\\\/www.malinashop.lt\\\/wp-content\\\/uploads\\\/2025\\\/09\\\/SKIN-PLANET-kolageno-lakstine-veido-kauke-drekinimui-ir-stangrumui-COLLAGEN-POWER-LIFTING-MASK-26-g.webp\",\"contentUrl\":\"https:\\\/\\\/www.malinashop.lt\\\/wp-content\\\/uploads\\\/2025\\\/09\\\/SKIN-PLANET-kolageno-lakstine-veido-kauke-drekinimui-ir-stangrumui-COLLAGEN-POWER-LIFTING-MASK-26-g.webp\",\"width\":768,\"height\":768},{\"@type\":\"BreadcrumbList\",\"@id\":\"https:\\\/\\\/www.malinashop.lt\\\/lt_lt\\\/shop\\\/skin-planet-lakstine-veido-kauke-su-kolagenu-drekinimui-ir-tonizavimui-collagen-power-lifting-mask-26-g\\\/#breadcrumb\",\"itemListElement\":[{\"@type\":\"ListItem\",\"position\":1,\"name\":\"Pagrindinis\",\"item\":\"https:\\\/\\\/www.malinashop.lt\\\/\"},{\"@type\":\"ListItem\",\"position\":2,\"name\":\"Parduotuv\u0117\",\"item\":\"https:\\\/\\\/www.malinashop.lt\\\/en\\\/parduotuve\\\/\"},{\"@type\":\"ListItem\",\"position\":3,\"name\":\"SKIN PLANET lak\u0161tin\u0117 veido kauk\u0117 su kolagenu dr\u0117kinimui ir tonizavimui COLLAGEN POWER LIFTING MASK, 26 g\"}]},{\"@type\":\"WebSite\",\"@id\":\"https:\\\/\\\/www.malinashop.lt\\\/#website\",\"url\":\"https:\\\/\\\/www.malinashop.lt\\\/\",\"name\":\"COM Group Ecommerce\",\"description\":\"MalinaShop.lt - Gro\u017eio ir sveikatos produktai i\u0161 patikim\u0173 preki\u0173 \u017eenkl\u0173. Atraskite auk\u0161tos kokyb\u0117s kosmetik\u0105 u\u017e puiki\u0105 kain\u0105.\",\"publisher\":{\"@id\":\"https:\\\/\\\/www.malinashop.lt\\\/#organization\"},\"potentialAction\":[{\"@type\":\"SearchAction\",\"target\":{\"@type\":\"EntryPoint\",\"urlTemplate\":\"https:\\\/\\\/www.malinashop.lt\\\/?s={search_term_string}\"},\"query-input\":{\"@type\":\"PropertyValueSpecification\",\"valueRequired\":true,\"valueName\":\"search_term_string\"}}],\"inLanguage\":\"lt-LT\"},{\"@type\":\"Organization\",\"@id\":\"https:\\\/\\\/www.malinashop.lt\\\/#organization\",\"name\":\"COM Group Ecommerce\",\"url\":\"https:\\\/\\\/www.malinashop.lt\\\/\",\"logo\":{\"@type\":\"ImageObject\",\"inLanguage\":\"lt-LT\",\"@id\":\"https:\\\/\\\/www.malinashop.lt\\\/#\\\/schema\\\/logo\\\/image\\\/\",\"url\":\"https:\\\/\\\/www.malinashop.lt\\\/wp-content\\\/uploads\\\/2024\\\/08\\\/462559670_3787732518133670_9795632669273463_n-e1731525914575.png\",\"contentUrl\":\"https:\\\/\\\/www.malinashop.lt\\\/wp-content\\\/uploads\\\/2024\\\/08\\\/462559670_3787732518133670_9795632669273463_n-e1731525914575.png\",\"width\":180,\"height\":60,\"caption\":\"COM Group Ecommerce\"},\"image\":{\"@id\":\"https:\\\/\\\/www.malinashop.lt\\\/#\\\/schema\\\/logo\\\/image\\\/\"}}]}<\/script>\n<!-- \/ Yoast SEO plugin. -->","yoast_head_json":{"title":"SKIN PLANET lak\u0161tin\u0117 veido kauk\u0117 su kolagenu dr\u0117kinimui ir tonizavimui COLLAGEN POWER LIFTING MASK, 26 g - MalinaShop.lt J\u016bs\u0173 sveikatai ir gro\u017eiui.","description":"Kolageno lak\u0161tin\u0117 veido kauk\u0117 intensyviai dr\u0117kina, tonizuoja ir stangrina od\u0105, suteikdama jai elastingumo.","robots":{"index":"index","follow":"follow","max-snippet":"max-snippet:-1","max-image-preview":"max-image-preview:large","max-video-preview":"max-video-preview:-1"},"canonical":"https:\/\/www.malinashop.lt\/lt_lt\/shop\/skin-planet-lakstine-veido-kauke-su-kolagenu-drekinimui-ir-tonizavimui-collagen-power-lifting-mask-26-g\/","og_locale":"lt_LT","og_type":"article","og_title":"SKIN PLANET lak\u0161tin\u0117 veido kauk\u0117 su kolagenu dr\u0117kinimui ir tonizavimui COLLAGEN POWER LIFTING MASK, 26 g - MalinaShop.lt J\u016bs\u0173 sveikatai ir gro\u017eiui.","og_description":"Kolageno lak\u0161tin\u0117 veido kauk\u0117 intensyviai dr\u0117kina, tonizuoja ir stangrina od\u0105, suteikdama jai elastingumo.","og_url":"https:\/\/www.malinashop.lt\/lt_lt\/shop\/skin-planet-lakstine-veido-kauke-su-kolagenu-drekinimui-ir-tonizavimui-collagen-power-lifting-mask-26-g\/","og_site_name":"MalinaShop.lt J\u016bs\u0173 sveikatai ir gro\u017eiui.","article_modified_time":"2026-02-10T10:10:15+00:00","og_image":[{"width":768,"height":768,"url":"https:\/\/www.malinashop.lt\/wp-content\/uploads\/2025\/09\/SKIN-PLANET-kolageno-lakstine-veido-kauke-drekinimui-ir-stangrumui-COLLAGEN-POWER-LIFTING-MASK-26-g.webp","type":"image\/webp"}],"twitter_card":"summary_large_image","schema":{"@context":"https:\/\/schema.org","@graph":[{"@type":"WebPage","@id":"https:\/\/www.malinashop.lt\/lt_lt\/shop\/skin-planet-lakstine-veido-kauke-su-kolagenu-drekinimui-ir-tonizavimui-collagen-power-lifting-mask-26-g\/","url":"https:\/\/www.malinashop.lt\/lt_lt\/shop\/skin-planet-lakstine-veido-kauke-su-kolagenu-drekinimui-ir-tonizavimui-collagen-power-lifting-mask-26-g\/","name":"SKIN PLANET lak\u0161tin\u0117 veido kauk\u0117 su kolagenu dr\u0117kinimui ir tonizavimui COLLAGEN POWER LIFTING MASK, 26 g - MalinaShop.lt J\u016bs\u0173 sveikatai ir gro\u017eiui.","isPartOf":{"@id":"https:\/\/www.malinashop.lt\/#website"},"primaryImageOfPage":{"@id":"https:\/\/www.malinashop.lt\/lt_lt\/shop\/skin-planet-lakstine-veido-kauke-su-kolagenu-drekinimui-ir-tonizavimui-collagen-power-lifting-mask-26-g\/#primaryimage"},"image":{"@id":"https:\/\/www.malinashop.lt\/lt_lt\/shop\/skin-planet-lakstine-veido-kauke-su-kolagenu-drekinimui-ir-tonizavimui-collagen-power-lifting-mask-26-g\/#primaryimage"},"thumbnailUrl":"https:\/\/www.malinashop.lt\/wp-content\/uploads\/2025\/09\/SKIN-PLANET-kolageno-lakstine-veido-kauke-drekinimui-ir-stangrumui-COLLAGEN-POWER-LIFTING-MASK-26-g.webp","datePublished":"2025-09-11T19:08:32+00:00","dateModified":"2026-02-10T10:10:15+00:00","description":"Kolageno lak\u0161tin\u0117 veido kauk\u0117 intensyviai dr\u0117kina, tonizuoja ir stangrina od\u0105, suteikdama jai elastingumo.","breadcrumb":{"@id":"https:\/\/www.malinashop.lt\/lt_lt\/shop\/skin-planet-lakstine-veido-kauke-su-kolagenu-drekinimui-ir-tonizavimui-collagen-power-lifting-mask-26-g\/#breadcrumb"},"inLanguage":"lt-LT","potentialAction":[{"@type":"ReadAction","target":["https:\/\/www.malinashop.lt\/lt_lt\/shop\/skin-planet-lakstine-veido-kauke-su-kolagenu-drekinimui-ir-tonizavimui-collagen-power-lifting-mask-26-g\/"]}]},{"@type":"ImageObject","inLanguage":"lt-LT","@id":"https:\/\/www.malinashop.lt\/lt_lt\/shop\/skin-planet-lakstine-veido-kauke-su-kolagenu-drekinimui-ir-tonizavimui-collagen-power-lifting-mask-26-g\/#primaryimage","url":"https:\/\/www.malinashop.lt\/wp-content\/uploads\/2025\/09\/SKIN-PLANET-kolageno-lakstine-veido-kauke-drekinimui-ir-stangrumui-COLLAGEN-POWER-LIFTING-MASK-26-g.webp","contentUrl":"https:\/\/www.malinashop.lt\/wp-content\/uploads\/2025\/09\/SKIN-PLANET-kolageno-lakstine-veido-kauke-drekinimui-ir-stangrumui-COLLAGEN-POWER-LIFTING-MASK-26-g.webp","width":768,"height":768},{"@type":"BreadcrumbList","@id":"https:\/\/www.malinashop.lt\/lt_lt\/shop\/skin-planet-lakstine-veido-kauke-su-kolagenu-drekinimui-ir-tonizavimui-collagen-power-lifting-mask-26-g\/#breadcrumb","itemListElement":[{"@type":"ListItem","position":1,"name":"Pagrindinis","item":"https:\/\/www.malinashop.lt\/"},{"@type":"ListItem","position":2,"name":"Parduotuv\u0117","item":"https:\/\/www.malinashop.lt\/en\/parduotuve\/"},{"@type":"ListItem","position":3,"name":"SKIN PLANET lak\u0161tin\u0117 veido kauk\u0117 su kolagenu dr\u0117kinimui ir tonizavimui COLLAGEN POWER LIFTING MASK, 26 g"}]},{"@type":"WebSite","@id":"https:\/\/www.malinashop.lt\/#website","url":"https:\/\/www.malinashop.lt\/","name":"COM Group Ecommerce","description":"MalinaShop.lt - Gro\u017eio ir sveikatos produktai i\u0161 patikim\u0173 preki\u0173 \u017eenkl\u0173. Atraskite auk\u0161tos kokyb\u0117s kosmetik\u0105 u\u017e puiki\u0105 kain\u0105.","publisher":{"@id":"https:\/\/www.malinashop.lt\/#organization"},"potentialAction":[{"@type":"SearchAction","target":{"@type":"EntryPoint","urlTemplate":"https:\/\/www.malinashop.lt\/?s={search_term_string}"},"query-input":{"@type":"PropertyValueSpecification","valueRequired":true,"valueName":"search_term_string"}}],"inLanguage":"lt-LT"},{"@type":"Organization","@id":"https:\/\/www.malinashop.lt\/#organization","name":"COM Group Ecommerce","url":"https:\/\/www.malinashop.lt\/","logo":{"@type":"ImageObject","inLanguage":"lt-LT","@id":"https:\/\/www.malinashop.lt\/#\/schema\/logo\/image\/","url":"https:\/\/www.malinashop.lt\/wp-content\/uploads\/2024\/08\/462559670_3787732518133670_9795632669273463_n-e1731525914575.png","contentUrl":"https:\/\/www.malinashop.lt\/wp-content\/uploads\/2024\/08\/462559670_3787732518133670_9795632669273463_n-e1731525914575.png","width":180,"height":60,"caption":"COM Group Ecommerce"},"image":{"@id":"https:\/\/www.malinashop.lt\/#\/schema\/logo\/image\/"}}]}},"jetpack_sharing_enabled":true,"_links":{"self":[{"href":"https:\/\/www.malinashop.lt\/lt_lt\/wp-json\/wp\/v2\/product\/58047","targetHints":{"allow":["GET"]}}],"collection":[{"href":"https:\/\/www.malinashop.lt\/lt_lt\/wp-json\/wp\/v2\/product"}],"about":[{"href":"https:\/\/www.malinashop.lt\/lt_lt\/wp-json\/wp\/v2\/types\/product"}],"version-history":[{"count":1,"href":"https:\/\/www.malinashop.lt\/lt_lt\/wp-json\/wp\/v2\/product\/58047\/revisions"}],"predecessor-version":[{"id":58049,"href":"https:\/\/www.malinashop.lt\/lt_lt\/wp-json\/wp\/v2\/product\/58047\/revisions\/58049"}],"wp:featuredmedia":[{"embeddable":true,"href":"https:\/\/www.malinashop.lt\/lt_lt\/wp-json\/wp\/v2\/media\/58048"}],"wp:attachment":[{"href":"https:\/\/www.malinashop.lt\/lt_lt\/wp-json\/wp\/v2\/media?parent=58047"}],"wp:term":[{"taxonomy":"product_brand","embeddable":true,"href":"https:\/\/www.malinashop.lt\/lt_lt\/wp-json\/wp\/v2\/product_brand?post=58047"},{"taxonomy":"product_cat","embeddable":true,"href":"https:\/\/www.malinashop.lt\/lt_lt\/wp-json\/wp\/v2\/product_cat?post=58047"},{"taxonomy":"product_tag","embeddable":true,"href":"https:\/\/www.malinashop.lt\/lt_lt\/wp-json\/wp\/v2\/product_tag?post=58047"}],"curies":[{"name":"wp","href":"https:\/\/api.w.org\/{rel}","templated":true}]}}