{"id":56999,"date":"2025-08-16T01:27:41","date_gmt":"2025-08-15T22:27:41","guid":{"rendered":"https:\/\/malinashop.lt\/?post_type=product&#038;p=56999"},"modified":"2026-04-08T00:26:19","modified_gmt":"2026-04-07T21:26:19","slug":"carenel-berry-intensyviai-drekinanti-naktine-lupu-kauke-23g","status":"publish","type":"product","link":"https:\/\/www.malinashop.lt\/lt_lt\/shop\/carenel-berry-intensyviai-drekinanti-naktine-lupu-kauke-23g\/","title":{"rendered":"Carenel Berry \u2013 intensyviai dr\u0117kinanti naktin\u0117 l\u016bp\u0173 kauk\u0117, 23g"},"content":{"rendered":"<p data-start=\"0\" data-end=\"43\"><strong data-start=\"0\" data-end=\"43\">Preki\u0173 i\u0161siuntimas per 1\u20133 darbo dienas<\/strong><\/p>\n<p data-start=\"45\" data-end=\"141\"><strong data-start=\"45\" data-end=\"141\">CARENEL Berry Night Lip Mask \u2013 intensyviai dr\u0117kinanti naktin\u0117 l\u016bp\u0173 kauk\u0117 su uog\u0173 ekstraktais<\/strong><\/p>\n<p data-start=\"143\" data-end=\"558\">Carenel naktin\u0117 l\u016bp\u0173 kauk\u0117 \u2013 tai intensyviai dr\u0117kinanti ir atkuriamoji priemon\u0117, sukurta i\u0161saus\u0117jusioms l\u016bpoms. D\u0117l turtingos sud\u0117ties su vitaminu C, nat\u016braliu bi\u010di\u0173 va\u0161ku, alyvuogi\u0173 ir makadamij\u0173 aliejais, taip pat gausybe uog\u0173 bei augalini\u0173 ekstrakt\u0173, \u0161i kauk\u0117 efektyviai maitina, mink\u0161tina, suteikia putlumo ir nat\u016bral\u0173 blizges\u012f. Tinka naudoti tiek kaip naktin\u0117 kauk\u0117, tiek kaip kasdienis balzamas dienos metu.<\/p>\n<p data-start=\"560\" data-end=\"793\"><strong data-start=\"560\" data-end=\"574\">Privalumai<\/strong><br data-start=\"574\" data-end=\"577\" \/>\u2013 Maitina, mink\u0161tina ir atkuria l\u016bp\u0173 od\u0105<br data-start=\"617\" data-end=\"620\" \/>\u2013 Saugi naudoti net ir jautriai odai<br data-start=\"656\" data-end=\"659\" \/>\u2013 Malonaus nat\u016bralaus uog\u0173 aromato<br data-start=\"693\" data-end=\"696\" \/>\u2013 Tinka naudoti dien\u0105 kaip l\u016bp\u0173 balzamas<br data-start=\"736\" data-end=\"739\" \/>\u2013 Patogi naudoti priemon\u0117 tiek namuose, tiek kelion\u0117je<\/p>\n<p data-start=\"795\" data-end=\"1081\"><strong data-start=\"795\" data-end=\"821\">Aktyvieji ingredientai<\/strong><br data-start=\"821\" data-end=\"824\" \/>Bi\u010di\u0173 va\u0161kas, alyvuogi\u0173 aliejus, makadamij\u0173 aliejus, levand\u0173 aliejus, er\u0161k\u0117tro\u017ei\u0173, ramuni\u0173, peonij\u0173, kamelij\u0173, balt\u0173j\u0173 lelij\u0173, lotoso \u017eied\u0173 ekstraktai, bra\u0161ki\u0173, avie\u010di\u0173, granat\u0173 ekstraktai, matsutake gryb\u0173, \u017een\u0161enio, moring\u0173, kinini\u0173 citrinvy\u010di\u0173 ekstraktai.<\/p>\n<p data-start=\"1083\" data-end=\"2095\"><strong data-start=\"1083\" data-end=\"1101\">Sud\u0117tis (INCI)<\/strong><br data-start=\"1101\" data-end=\"1104\" \/><em data-start=\"1104\" data-end=\"2095\">Polyisobutene, Mineral Oil, Petrolatum, Diisostearyl Malate, Bees Wax, Euphorbia Cerifera (Candelilla) Wax, Hydrogenated Styrene\/Isoprene Copolymer, Ceresin, Sorbitan Sesquioleate, Caprylyl Glycol, Fragrance, Titanium Dioxide, Polyglyceryl-2 Triisostearate, Synthetic Fluorphlogopite, 1,2-Hexanediol, Tocopheryl Acetate, CI 19140, CI 15850, Tin Oxide, Water, Olea Europaea (Olive) Fruit Oil, Butylene Glycol, Macadamia Integrifolia Seed Oil, Tocopherol, Lavandula Angustifolia (Lavender) Flower Extract, Rosa Canina Flower Extract, Chamomilla Recutita (Matricaria) Flower Extract, Paeonia Officinalis Flower Extract, Rosa Centifolia Flower Extract, Camellia Japonica Flower Extract, Lilium Tigrinum Extract, Rubus Idaeus (Raspberry) Fruit Extract, Fragaria Chiloensis (Strawberry) Fruit Extract, Punica Granatum Fruit Extract, Tricholoma Matsutake Extract, Nelumbo Nucifera Flower Extract, Schizandra Chinensis Fruit Extract, Panax Ginseng Root Extract, Moringa Pterygosperma Seed Extract.<\/em><\/p>\n<p data-start=\"2097\" data-end=\"2169\"><em data-start=\"2097\" data-end=\"2169\">Produkto sud\u0117tis gali kisti. Visada vadovaukit\u0117s etikete ant pakuot\u0117s.<\/em><\/p>\n<p data-start=\"2171\" data-end=\"2367\"><strong data-start=\"2171\" data-end=\"2185\">Naudojimas<\/strong><br data-start=\"2185\" data-end=\"2188\" \/>Vakare gausiai u\u017etepkite kauk\u0119 ant saus\u0173 l\u016bp\u0173 ir palikite veikti per nakt\u012f. Ryt\u0105 nuvalykite liku\u010dius. Dienos metu naudokite kaip l\u016bp\u0173 balzam\u0105, kai jau\u010diate sausum\u0105 ar diskomfort\u0105.<\/p>\n<p data-start=\"2369\" data-end=\"2558\"><strong data-start=\"2369\" data-end=\"2382\">\u012esp\u0117jimai<\/strong><br data-start=\"2382\" data-end=\"2385\" \/>Tinka vis\u0173 tip\u0173 odai. Esant \u017eaizdoms, egzemai ar dermatitui \u2013 naudoti nerekomenduojama. Jei atsiranda sudirgimas, nutraukite naudojim\u0105 ir, jei reikia, kreipkit\u0117s \u012f gydytoj\u0105.<\/p>\n<p data-start=\"2560\" data-end=\"2592\">\ud83d\udccd <strong data-start=\"2563\" data-end=\"2592\">Pagaminta: Piet\u0173 Kor\u0117joje<\/strong><\/p>\n","protected":false},"excerpt":{"rendered":"<p data-start=\"514\" data-end=\"650\">Uog\u0173 aromato naktin\u0117 l\u016bp\u0173 kauk\u0117 intensyviai maitina, \u0161velniai nu\u0161vei\u010dia ir dr\u0117kina l\u016bpas. Ryte jos atrodo putlios, mink\u0161tos ir \u0161ilkin\u0117s.<\/p>\n","protected":false},"featured_media":57003,"template":"","meta":[],"product_brand":[1353],"product_cat":[708,1352,562],"product_tag":[1596],"class_list":{"0":"post-56999","1":"product","2":"type-product","3":"status-publish","4":"has-post-thumbnail","6":"product_brand-carenel","7":"product_cat-lupoms","8":"product_cat-lupu-kaukes","9":"product_cat-sandelio-valymas","10":"product_tag-carenel","12":"first","13":"instock","14":"sale","15":"featured","16":"taxable","17":"shipping-taxable","18":"purchasable","19":"product-type-simple"},"yoast_head":"<!-- This site is optimized with the Yoast SEO plugin v27.4 - https:\/\/yoast.com\/product\/yoast-seo-wordpress\/ -->\n<title>Carenel Berry \u2013 intensyviai dr\u0117kinanti naktin\u0117 l\u016bp\u0173 kauk\u0117, 23g - MalinaShop.lt J\u016bs\u0173 sveikatai ir gro\u017eiui.<\/title>\n<meta name=\"description\" content=\"Uog\u0173 aromato naktin\u0117 l\u016bp\u0173 kauk\u0117 intensyviai maitina, \u0161velniai nu\u0161vei\u010dia ir dr\u0117kina l\u016bpas. Ryte jos atrodo putlios, mink\u0161tos ir \u0161ilkin\u0117s. Naktin\u0117 l\u016bp\u0173 kauk\u0117 su uog\u0173 ekstraktais \u2013 intensyvi dr\u0117gm\u0117, putlumas ir mink\u0161tumas sausoms l\u016bpoms nakt\u012f ir dien\u0105.\" \/>\n<meta name=\"robots\" content=\"index, follow, max-snippet:-1, max-image-preview:large, max-video-preview:-1\" \/>\n<link rel=\"canonical\" href=\"https:\/\/www.malinashop.lt\/lt_lt\/shop\/carenel-berry-intensyviai-drekinanti-naktine-lupu-kauke-23g\/\" \/>\n<meta property=\"og:locale\" content=\"lt_LT\" \/>\n<meta property=\"og:type\" content=\"article\" \/>\n<meta property=\"og:title\" content=\"Carenel Berry \u2013 intensyviai dr\u0117kinanti naktin\u0117 l\u016bp\u0173 kauk\u0117, 23g - MalinaShop.lt J\u016bs\u0173 sveikatai ir gro\u017eiui.\" \/>\n<meta property=\"og:description\" content=\"Uog\u0173 aromato naktin\u0117 l\u016bp\u0173 kauk\u0117 intensyviai maitina, \u0161velniai nu\u0161vei\u010dia ir dr\u0117kina l\u016bpas. Ryte jos atrodo putlios, mink\u0161tos ir \u0161ilkin\u0117s. Naktin\u0117 l\u016bp\u0173 kauk\u0117 su uog\u0173 ekstraktais \u2013 intensyvi dr\u0117gm\u0117, putlumas ir mink\u0161tumas sausoms l\u016bpoms nakt\u012f ir dien\u0105.\" \/>\n<meta property=\"og:url\" content=\"https:\/\/www.malinashop.lt\/lt_lt\/shop\/carenel-berry-intensyviai-drekinanti-naktine-lupu-kauke-23g\/\" \/>\n<meta property=\"og:site_name\" content=\"MalinaShop.lt J\u016bs\u0173 sveikatai ir gro\u017eiui.\" \/>\n<meta property=\"article:modified_time\" content=\"2026-04-07T21:26:19+00:00\" \/>\n<meta property=\"og:image\" content=\"https:\/\/www.malinashop.lt\/wp-content\/uploads\/2025\/06\/Carenel-Berry-\u2013-intensyviai-drekinanti-naktine-lupu-kauke-23g.webp\" \/>\n\t<meta property=\"og:image:width\" content=\"768\" \/>\n\t<meta property=\"og:image:height\" content=\"768\" \/>\n\t<meta property=\"og:image:type\" content=\"image\/webp\" \/>\n<meta name=\"twitter:card\" content=\"summary_large_image\" \/>\n<script type=\"application\/ld+json\" class=\"yoast-schema-graph\">{\"@context\":\"https:\\\/\\\/schema.org\",\"@graph\":[{\"@type\":\"WebPage\",\"@id\":\"https:\\\/\\\/www.malinashop.lt\\\/en\\\/shop\\\/carenel-berry-intensyviai-drekinanti-naktine-lupu-kauke-23g\\\/\",\"url\":\"https:\\\/\\\/www.malinashop.lt\\\/en\\\/shop\\\/carenel-berry-intensyviai-drekinanti-naktine-lupu-kauke-23g\\\/\",\"name\":\"Carenel Berry \u2013 intensyviai dr\u0117kinanti naktin\u0117 l\u016bp\u0173 kauk\u0117, 23g - MalinaShop.lt J\u016bs\u0173 sveikatai ir gro\u017eiui.\",\"isPartOf\":{\"@id\":\"https:\\\/\\\/www.malinashop.lt\\\/en\\\/#website\"},\"primaryImageOfPage\":{\"@id\":\"https:\\\/\\\/www.malinashop.lt\\\/en\\\/shop\\\/carenel-berry-intensyviai-drekinanti-naktine-lupu-kauke-23g\\\/#primaryimage\"},\"image\":{\"@id\":\"https:\\\/\\\/www.malinashop.lt\\\/en\\\/shop\\\/carenel-berry-intensyviai-drekinanti-naktine-lupu-kauke-23g\\\/#primaryimage\"},\"thumbnailUrl\":\"https:\\\/\\\/www.malinashop.lt\\\/wp-content\\\/uploads\\\/2025\\\/06\\\/Carenel-Berry-\u2013-intensyviai-drekinanti-naktine-lupu-kauke-23g.webp\",\"datePublished\":\"2025-08-15T22:27:41+00:00\",\"dateModified\":\"2026-04-07T21:26:19+00:00\",\"description\":\"Uog\u0173 aromato naktin\u0117 l\u016bp\u0173 kauk\u0117 intensyviai maitina, \u0161velniai nu\u0161vei\u010dia ir dr\u0117kina l\u016bpas. Ryte jos atrodo putlios, mink\u0161tos ir \u0161ilkin\u0117s. Naktin\u0117 l\u016bp\u0173 kauk\u0117 su uog\u0173 ekstraktais \u2013 intensyvi dr\u0117gm\u0117, putlumas ir mink\u0161tumas sausoms l\u016bpoms nakt\u012f ir dien\u0105.\",\"breadcrumb\":{\"@id\":\"https:\\\/\\\/www.malinashop.lt\\\/en\\\/shop\\\/carenel-berry-intensyviai-drekinanti-naktine-lupu-kauke-23g\\\/#breadcrumb\"},\"inLanguage\":\"lt-LT\",\"potentialAction\":[{\"@type\":\"ReadAction\",\"target\":[\"https:\\\/\\\/www.malinashop.lt\\\/en\\\/shop\\\/carenel-berry-intensyviai-drekinanti-naktine-lupu-kauke-23g\\\/\"]}]},{\"@type\":\"ImageObject\",\"inLanguage\":\"lt-LT\",\"@id\":\"https:\\\/\\\/www.malinashop.lt\\\/en\\\/shop\\\/carenel-berry-intensyviai-drekinanti-naktine-lupu-kauke-23g\\\/#primaryimage\",\"url\":\"https:\\\/\\\/www.malinashop.lt\\\/wp-content\\\/uploads\\\/2025\\\/06\\\/Carenel-Berry-\u2013-intensyviai-drekinanti-naktine-lupu-kauke-23g.webp\",\"contentUrl\":\"https:\\\/\\\/www.malinashop.lt\\\/wp-content\\\/uploads\\\/2025\\\/06\\\/Carenel-Berry-\u2013-intensyviai-drekinanti-naktine-lupu-kauke-23g.webp\",\"width\":768,\"height\":768},{\"@type\":\"BreadcrumbList\",\"@id\":\"https:\\\/\\\/www.malinashop.lt\\\/en\\\/shop\\\/carenel-berry-intensyviai-drekinanti-naktine-lupu-kauke-23g\\\/#breadcrumb\",\"itemListElement\":[{\"@type\":\"ListItem\",\"position\":1,\"name\":\"Home\",\"item\":\"https:\\\/\\\/www.malinashop.lt\\\/en\\\/\"},{\"@type\":\"ListItem\",\"position\":2,\"name\":\"Parduotuv\u0117\",\"item\":\"https:\\\/\\\/www.malinashop.lt\\\/en\\\/parduotuve\\\/\"},{\"@type\":\"ListItem\",\"position\":3,\"name\":\"Carenel Berry \u2013 intensyviai dr\u0117kinanti naktin\u0117 l\u016bp\u0173 kauk\u0117, 23g\"}]},{\"@type\":\"WebSite\",\"@id\":\"https:\\\/\\\/www.malinashop.lt\\\/en\\\/#website\",\"url\":\"https:\\\/\\\/www.malinashop.lt\\\/en\\\/\",\"name\":\"COM Group Ecommerce\",\"description\":\"MalinaShop.lt - Gro\u017eio ir sveikatos produktai i\u0161 patikim\u0173 preki\u0173 \u017eenkl\u0173. Atraskite auk\u0161tos kokyb\u0117s kosmetik\u0105 u\u017e puiki\u0105 kain\u0105.\",\"publisher\":{\"@id\":\"https:\\\/\\\/www.malinashop.lt\\\/en\\\/#organization\"},\"potentialAction\":[{\"@type\":\"SearchAction\",\"target\":{\"@type\":\"EntryPoint\",\"urlTemplate\":\"https:\\\/\\\/www.malinashop.lt\\\/en\\\/?s={search_term_string}\"},\"query-input\":{\"@type\":\"PropertyValueSpecification\",\"valueRequired\":true,\"valueName\":\"search_term_string\"}}],\"inLanguage\":\"lt-LT\"},{\"@type\":\"Organization\",\"@id\":\"https:\\\/\\\/www.malinashop.lt\\\/en\\\/#organization\",\"name\":\"COM Group Ecommerce\",\"url\":\"https:\\\/\\\/www.malinashop.lt\\\/en\\\/\",\"logo\":{\"@type\":\"ImageObject\",\"inLanguage\":\"lt-LT\",\"@id\":\"https:\\\/\\\/www.malinashop.lt\\\/en\\\/#\\\/schema\\\/logo\\\/image\\\/\",\"url\":\"https:\\\/\\\/www.malinashop.lt\\\/wp-content\\\/uploads\\\/2024\\\/08\\\/462559670_3787732518133670_9795632669273463_n-e1731525914575.png\",\"contentUrl\":\"https:\\\/\\\/www.malinashop.lt\\\/wp-content\\\/uploads\\\/2024\\\/08\\\/462559670_3787732518133670_9795632669273463_n-e1731525914575.png\",\"width\":180,\"height\":60,\"caption\":\"COM Group Ecommerce\"},\"image\":{\"@id\":\"https:\\\/\\\/www.malinashop.lt\\\/en\\\/#\\\/schema\\\/logo\\\/image\\\/\"}}]}<\/script>\n<!-- \/ Yoast SEO plugin. -->","yoast_head_json":{"title":"Carenel Berry \u2013 intensyviai dr\u0117kinanti naktin\u0117 l\u016bp\u0173 kauk\u0117, 23g - MalinaShop.lt J\u016bs\u0173 sveikatai ir gro\u017eiui.","description":"Uog\u0173 aromato naktin\u0117 l\u016bp\u0173 kauk\u0117 intensyviai maitina, \u0161velniai nu\u0161vei\u010dia ir dr\u0117kina l\u016bpas. Ryte jos atrodo putlios, mink\u0161tos ir \u0161ilkin\u0117s. Naktin\u0117 l\u016bp\u0173 kauk\u0117 su uog\u0173 ekstraktais \u2013 intensyvi dr\u0117gm\u0117, putlumas ir mink\u0161tumas sausoms l\u016bpoms nakt\u012f ir dien\u0105.","robots":{"index":"index","follow":"follow","max-snippet":"max-snippet:-1","max-image-preview":"max-image-preview:large","max-video-preview":"max-video-preview:-1"},"canonical":"https:\/\/www.malinashop.lt\/lt_lt\/shop\/carenel-berry-intensyviai-drekinanti-naktine-lupu-kauke-23g\/","og_locale":"lt_LT","og_type":"article","og_title":"Carenel Berry \u2013 intensyviai dr\u0117kinanti naktin\u0117 l\u016bp\u0173 kauk\u0117, 23g - MalinaShop.lt J\u016bs\u0173 sveikatai ir gro\u017eiui.","og_description":"Uog\u0173 aromato naktin\u0117 l\u016bp\u0173 kauk\u0117 intensyviai maitina, \u0161velniai nu\u0161vei\u010dia ir dr\u0117kina l\u016bpas. Ryte jos atrodo putlios, mink\u0161tos ir \u0161ilkin\u0117s. Naktin\u0117 l\u016bp\u0173 kauk\u0117 su uog\u0173 ekstraktais \u2013 intensyvi dr\u0117gm\u0117, putlumas ir mink\u0161tumas sausoms l\u016bpoms nakt\u012f ir dien\u0105.","og_url":"https:\/\/www.malinashop.lt\/lt_lt\/shop\/carenel-berry-intensyviai-drekinanti-naktine-lupu-kauke-23g\/","og_site_name":"MalinaShop.lt J\u016bs\u0173 sveikatai ir gro\u017eiui.","article_modified_time":"2026-04-07T21:26:19+00:00","og_image":[{"width":768,"height":768,"url":"https:\/\/www.malinashop.lt\/wp-content\/uploads\/2025\/06\/Carenel-Berry-\u2013-intensyviai-drekinanti-naktine-lupu-kauke-23g.webp","type":"image\/webp"}],"twitter_card":"summary_large_image","schema":{"@context":"https:\/\/schema.org","@graph":[{"@type":"WebPage","@id":"https:\/\/www.malinashop.lt\/en\/shop\/carenel-berry-intensyviai-drekinanti-naktine-lupu-kauke-23g\/","url":"https:\/\/www.malinashop.lt\/en\/shop\/carenel-berry-intensyviai-drekinanti-naktine-lupu-kauke-23g\/","name":"Carenel Berry \u2013 intensyviai dr\u0117kinanti naktin\u0117 l\u016bp\u0173 kauk\u0117, 23g - MalinaShop.lt J\u016bs\u0173 sveikatai ir gro\u017eiui.","isPartOf":{"@id":"https:\/\/www.malinashop.lt\/en\/#website"},"primaryImageOfPage":{"@id":"https:\/\/www.malinashop.lt\/en\/shop\/carenel-berry-intensyviai-drekinanti-naktine-lupu-kauke-23g\/#primaryimage"},"image":{"@id":"https:\/\/www.malinashop.lt\/en\/shop\/carenel-berry-intensyviai-drekinanti-naktine-lupu-kauke-23g\/#primaryimage"},"thumbnailUrl":"https:\/\/www.malinashop.lt\/wp-content\/uploads\/2025\/06\/Carenel-Berry-\u2013-intensyviai-drekinanti-naktine-lupu-kauke-23g.webp","datePublished":"2025-08-15T22:27:41+00:00","dateModified":"2026-04-07T21:26:19+00:00","description":"Uog\u0173 aromato naktin\u0117 l\u016bp\u0173 kauk\u0117 intensyviai maitina, \u0161velniai nu\u0161vei\u010dia ir dr\u0117kina l\u016bpas. Ryte jos atrodo putlios, mink\u0161tos ir \u0161ilkin\u0117s. Naktin\u0117 l\u016bp\u0173 kauk\u0117 su uog\u0173 ekstraktais \u2013 intensyvi dr\u0117gm\u0117, putlumas ir mink\u0161tumas sausoms l\u016bpoms nakt\u012f ir dien\u0105.","breadcrumb":{"@id":"https:\/\/www.malinashop.lt\/en\/shop\/carenel-berry-intensyviai-drekinanti-naktine-lupu-kauke-23g\/#breadcrumb"},"inLanguage":"lt-LT","potentialAction":[{"@type":"ReadAction","target":["https:\/\/www.malinashop.lt\/en\/shop\/carenel-berry-intensyviai-drekinanti-naktine-lupu-kauke-23g\/"]}]},{"@type":"ImageObject","inLanguage":"lt-LT","@id":"https:\/\/www.malinashop.lt\/en\/shop\/carenel-berry-intensyviai-drekinanti-naktine-lupu-kauke-23g\/#primaryimage","url":"https:\/\/www.malinashop.lt\/wp-content\/uploads\/2025\/06\/Carenel-Berry-\u2013-intensyviai-drekinanti-naktine-lupu-kauke-23g.webp","contentUrl":"https:\/\/www.malinashop.lt\/wp-content\/uploads\/2025\/06\/Carenel-Berry-\u2013-intensyviai-drekinanti-naktine-lupu-kauke-23g.webp","width":768,"height":768},{"@type":"BreadcrumbList","@id":"https:\/\/www.malinashop.lt\/en\/shop\/carenel-berry-intensyviai-drekinanti-naktine-lupu-kauke-23g\/#breadcrumb","itemListElement":[{"@type":"ListItem","position":1,"name":"Home","item":"https:\/\/www.malinashop.lt\/en\/"},{"@type":"ListItem","position":2,"name":"Parduotuv\u0117","item":"https:\/\/www.malinashop.lt\/en\/parduotuve\/"},{"@type":"ListItem","position":3,"name":"Carenel Berry \u2013 intensyviai dr\u0117kinanti naktin\u0117 l\u016bp\u0173 kauk\u0117, 23g"}]},{"@type":"WebSite","@id":"https:\/\/www.malinashop.lt\/en\/#website","url":"https:\/\/www.malinashop.lt\/en\/","name":"COM Group Ecommerce","description":"MalinaShop.lt - Gro\u017eio ir sveikatos produktai i\u0161 patikim\u0173 preki\u0173 \u017eenkl\u0173. Atraskite auk\u0161tos kokyb\u0117s kosmetik\u0105 u\u017e puiki\u0105 kain\u0105.","publisher":{"@id":"https:\/\/www.malinashop.lt\/en\/#organization"},"potentialAction":[{"@type":"SearchAction","target":{"@type":"EntryPoint","urlTemplate":"https:\/\/www.malinashop.lt\/en\/?s={search_term_string}"},"query-input":{"@type":"PropertyValueSpecification","valueRequired":true,"valueName":"search_term_string"}}],"inLanguage":"lt-LT"},{"@type":"Organization","@id":"https:\/\/www.malinashop.lt\/en\/#organization","name":"COM Group Ecommerce","url":"https:\/\/www.malinashop.lt\/en\/","logo":{"@type":"ImageObject","inLanguage":"lt-LT","@id":"https:\/\/www.malinashop.lt\/en\/#\/schema\/logo\/image\/","url":"https:\/\/www.malinashop.lt\/wp-content\/uploads\/2024\/08\/462559670_3787732518133670_9795632669273463_n-e1731525914575.png","contentUrl":"https:\/\/www.malinashop.lt\/wp-content\/uploads\/2024\/08\/462559670_3787732518133670_9795632669273463_n-e1731525914575.png","width":180,"height":60,"caption":"COM Group Ecommerce"},"image":{"@id":"https:\/\/www.malinashop.lt\/en\/#\/schema\/logo\/image\/"}}]}},"jetpack_sharing_enabled":true,"_links":{"self":[{"href":"https:\/\/www.malinashop.lt\/lt_lt\/wp-json\/wp\/v2\/product\/56999","targetHints":{"allow":["GET"]}}],"collection":[{"href":"https:\/\/www.malinashop.lt\/lt_lt\/wp-json\/wp\/v2\/product"}],"about":[{"href":"https:\/\/www.malinashop.lt\/lt_lt\/wp-json\/wp\/v2\/types\/product"}],"version-history":[{"count":1,"href":"https:\/\/www.malinashop.lt\/lt_lt\/wp-json\/wp\/v2\/product\/56999\/revisions"}],"predecessor-version":[{"id":57004,"href":"https:\/\/www.malinashop.lt\/lt_lt\/wp-json\/wp\/v2\/product\/56999\/revisions\/57004"}],"wp:featuredmedia":[{"embeddable":true,"href":"https:\/\/www.malinashop.lt\/lt_lt\/wp-json\/wp\/v2\/media\/57003"}],"wp:attachment":[{"href":"https:\/\/www.malinashop.lt\/lt_lt\/wp-json\/wp\/v2\/media?parent=56999"}],"wp:term":[{"taxonomy":"product_brand","embeddable":true,"href":"https:\/\/www.malinashop.lt\/lt_lt\/wp-json\/wp\/v2\/product_brand?post=56999"},{"taxonomy":"product_cat","embeddable":true,"href":"https:\/\/www.malinashop.lt\/lt_lt\/wp-json\/wp\/v2\/product_cat?post=56999"},{"taxonomy":"product_tag","embeddable":true,"href":"https:\/\/www.malinashop.lt\/lt_lt\/wp-json\/wp\/v2\/product_tag?post=56999"}],"curies":[{"name":"wp","href":"https:\/\/api.w.org\/{rel}","templated":true}]}}