{"id":56993,"date":"2025-06-16T01:26:54","date_gmt":"2025-06-15T22:26:54","guid":{"rendered":"https:\/\/malinashop.lt\/?post_type=product&#038;p=56993"},"modified":"2026-04-08T00:26:20","modified_gmt":"2026-04-07T21:26:20","slug":"carenel-pomegranate-naktine-lupu-kauke-23g","status":"publish","type":"product","link":"https:\/\/www.malinashop.lt\/lt_lt\/shop\/carenel-pomegranate-naktine-lupu-kauke-23g\/","title":{"rendered":"Carenel Pomegranate naktin\u0117 l\u016bp\u0173 kauk\u0117, 23g"},"content":{"rendered":"<p data-start=\"114\" data-end=\"157\"><strong data-start=\"114\" data-end=\"157\">Preki\u0173 i\u0161siuntimas per 1\u20133 darbo dienas<\/strong><\/p>\n<p data-start=\"159\" data-end=\"215\"><strong data-start=\"159\" data-end=\"215\">Naktin\u0117 l\u016bp\u0173 kauk\u0117 su granat\u0173 ir bra\u0161ki\u0173 ekstraktais<\/strong><\/p>\n<p data-start=\"217\" data-end=\"638\">Maitinanti naktin\u0117 l\u016bp\u0173 kauk\u0117, kuri ne tik intensyviai dr\u0117kina, bet ir suteikia l\u016bpoms nat\u016bralaus putlumo bei \u0161velnumo. Idealiai tinka naudoti per nakt\u012f, o dienos metu gali b\u016bti naudojama kaip atkuriamasis l\u016bp\u0173 balzamas. Sud\u0117tyje esantys aktyvieji komponentai \u2013 vitaminas C, granat\u0173, bra\u0161ki\u0173, \u017een\u0161enio ekstraktai ir bi\u010di\u0173 va\u0161kas \u2013 pasir\u016bpina i\u0161saus\u0117jusi\u0173 l\u016bp\u0173 atstatymu, maitina ir suteikia apsaug\u0105 nuo i\u0161orini\u0173 veiksni\u0173.<\/p>\n<p data-start=\"640\" data-end=\"658\"><strong data-start=\"643\" data-end=\"657\">Privalumai<\/strong>:<\/p>\n<ul data-start=\"659\" data-end=\"811\">\n<li data-start=\"659\" data-end=\"702\">\n<p data-start=\"661\" data-end=\"702\">Intensyviai dr\u0117kina ir mink\u0161tina l\u016bp\u0173 od\u0105<\/p>\n<\/li>\n<li data-start=\"703\" data-end=\"740\">\n<p data-start=\"705\" data-end=\"740\">Suteikia \u0161velnumo ir putlumo poj\u016bt\u012f<\/p>\n<\/li>\n<li data-start=\"741\" data-end=\"773\">\n<p data-start=\"743\" data-end=\"773\">Saugi naudoti ir jautriai odai<\/p>\n<\/li>\n<li data-start=\"774\" data-end=\"811\">\n<p data-start=\"776\" data-end=\"811\">Malonaus nat\u016bralaus granat\u0173 aromato<\/p>\n<\/li>\n<\/ul>\n<p data-start=\"813\" data-end=\"1037\"><strong data-start=\"816\" data-end=\"842\">Aktyvieji ingredientai<\/strong>:<br data-start=\"843\" data-end=\"846\" \/>Bi\u010di\u0173 va\u0161kas, bra\u0161ki\u0173 ekstraktas, granat\u0173 ekstraktas, matsuke gryb\u0173 ekstraktas, balt\u0173j\u0173 lelij\u0173 ekstraktas, kinini\u0173 citrinvy\u010di\u0173 ekstraktas, \u017een\u0161enio \u0161akn\u0173 ekstraktas, moring\u0173 s\u0117kl\u0173 ekstraktas.<\/p>\n<p data-start=\"1039\" data-end=\"1682\"><strong data-start=\"1042\" data-end=\"1060\">Sud\u0117tis (INCI)<\/strong>:<br data-start=\"1061\" data-end=\"1064\" \/><em data-start=\"1064\" data-end=\"1682\">Polyisobutene, Mineral Oil, Petrolatum, Diisostearyl Malate, Bees Wax, Euphorbia Cerifera (Candelilla) Wax, Hydrogenated Styrene\/Isoprene Copolymer, Ceresin, Sorbitan Sesquioleate, Polyglyceryl-2 Triisostearate, Caprylyl Glycol, CI 15985, 1,2-Hexanediol, Tocopheryl Acetate, Limonene, CI 15850, Linalool, Citral, Geraniol, Amyl Cinnamal, Citronellol, Water, Butylene Glycol, Fragaria Chiloensis (Strawberry) Fruit Extract, Punica Granatum Fruit Extract, Tricholoma Matsutake Extract, Nelumbo Nucifera Flower Extract, Schizandra Chinensis Fruit Extract, Panax Ginseng Root Extract, Moringa Pterygosperma Seed Extract.<\/em><\/p>\n<p data-start=\"1684\" data-end=\"1758\"><em data-start=\"1684\" data-end=\"1758\">Produkto sud\u0117tis gali keistis. Visada vadovaukit\u0117s etikete ant pakuot\u0117s.<\/em><\/p>\n<p data-start=\"1760\" data-end=\"1953\">\ud83c\udf19 <strong data-start=\"1763\" data-end=\"1777\">Naudojimas<\/strong>:<br data-start=\"1778\" data-end=\"1781\" \/>Vakare tepkite l\u016bpas gausiu kiekiu priemon\u0117s \u2013 nakties metu aktyv\u016bs ingredientai intensyviai veikia. Dien\u0105 naudokite kaip balzam\u0105, kai jau\u010diate l\u016bp\u0173 sausum\u0105 ar diskomfort\u0105.<\/p>\n<p data-start=\"1955\" data-end=\"2161\">\u26a0\ufe0f <strong data-start=\"1958\" data-end=\"1971\">\u012esp\u0117jimai<\/strong>:<br data-start=\"1972\" data-end=\"1975\" \/>Tinka vis\u0173 tip\u0173 odai, ta\u010diau esant \u017eaizdoms, egzemai ar dermatitui \u2013 naudoti nerekomenduojama. Jei jau\u010diate sudirgim\u0105 ar alergin\u0119 reakcij\u0105, nutraukite naudojim\u0105 ir kreipkit\u0117s \u012f gydytoj\u0105.<\/p>\n<p data-start=\"2163\" data-end=\"2195\">\ud83d\udccd <strong data-start=\"2166\" data-end=\"2195\">Pagaminta: Piet\u0173 Kor\u0117joje<\/strong><\/p>\n","protected":false},"excerpt":{"rendered":"<p data-start=\"518\" data-end=\"701\">Maitinanti naktin\u0117 l\u016bp\u0173 kauk\u0117 su granat\u0173 ekstraktu intensyviai dr\u0117kina, \u0161velnina ir padeda pa\u0161alinti sausas odos l\u0105steles. Ryte l\u016bpos tampa mink\u0161tos, putlesn\u0117s ir \u0161velnios lyg \u0161ilkas.<\/p>\n","protected":false},"featured_media":56997,"template":"","meta":[],"product_brand":[1353],"product_cat":[708,1352,562],"product_tag":[1596],"class_list":{"0":"post-56993","1":"product","2":"type-product","3":"status-publish","4":"has-post-thumbnail","6":"product_brand-carenel","7":"product_cat-lupoms","8":"product_cat-lupu-kaukes","9":"product_cat-sandelio-valymas","10":"product_tag-carenel","12":"first","13":"instock","14":"sale","15":"featured","16":"taxable","17":"shipping-taxable","18":"purchasable","19":"product-type-simple"},"yoast_head":"<!-- This site is optimized with the Yoast SEO plugin v27.4 - https:\/\/yoast.com\/product\/yoast-seo-wordpress\/ -->\n<title>Carenel Pomegranate naktin\u0117 l\u016bp\u0173 kauk\u0117, 23g - MalinaShop.lt J\u016bs\u0173 sveikatai ir gro\u017eiui.<\/title>\n<meta name=\"description\" content=\"Maitinanti naktin\u0117 l\u016bp\u0173 kauk\u0117 su granat\u0173 ekstraktu intensyviai dr\u0117kina, \u0161velnina ir padeda pa\u0161alinti sausas odos l\u0105steles. Ryte l\u016bpos tampa mink\u0161tos, putlesn\u0117s ir \u0161velnios lyg \u0161ilkas. L\u016bp\u0173 kauk\u0117 su granat\u0173 ir bra\u0161ki\u0173 ekstraktais \u2013 dr\u0117kina, maitina, suteikia putlumo ir \u0161velnumo nakties metu.\" \/>\n<meta name=\"robots\" content=\"index, follow, max-snippet:-1, max-image-preview:large, max-video-preview:-1\" \/>\n<link rel=\"canonical\" href=\"https:\/\/www.malinashop.lt\/lt_lt\/shop\/carenel-pomegranate-naktine-lupu-kauke-23g\/\" \/>\n<meta property=\"og:locale\" content=\"lt_LT\" \/>\n<meta property=\"og:type\" content=\"article\" \/>\n<meta property=\"og:title\" content=\"Carenel Pomegranate naktin\u0117 l\u016bp\u0173 kauk\u0117, 23g - MalinaShop.lt J\u016bs\u0173 sveikatai ir gro\u017eiui.\" \/>\n<meta property=\"og:description\" content=\"Maitinanti naktin\u0117 l\u016bp\u0173 kauk\u0117 su granat\u0173 ekstraktu intensyviai dr\u0117kina, \u0161velnina ir padeda pa\u0161alinti sausas odos l\u0105steles. Ryte l\u016bpos tampa mink\u0161tos, putlesn\u0117s ir \u0161velnios lyg \u0161ilkas. L\u016bp\u0173 kauk\u0117 su granat\u0173 ir bra\u0161ki\u0173 ekstraktais \u2013 dr\u0117kina, maitina, suteikia putlumo ir \u0161velnumo nakties metu.\" \/>\n<meta property=\"og:url\" content=\"https:\/\/www.malinashop.lt\/lt_lt\/shop\/carenel-pomegranate-naktine-lupu-kauke-23g\/\" \/>\n<meta property=\"og:site_name\" content=\"MalinaShop.lt J\u016bs\u0173 sveikatai ir gro\u017eiui.\" \/>\n<meta property=\"article:modified_time\" content=\"2026-04-07T21:26:20+00:00\" \/>\n<meta property=\"og:image\" content=\"https:\/\/www.malinashop.lt\/wp-content\/uploads\/2025\/06\/Carenel-Pomegranate-naktine-lupu-kauke-23g.webp\" \/>\n\t<meta property=\"og:image:width\" content=\"768\" \/>\n\t<meta property=\"og:image:height\" content=\"768\" \/>\n\t<meta property=\"og:image:type\" content=\"image\/webp\" \/>\n<meta name=\"twitter:card\" content=\"summary_large_image\" \/>\n<script type=\"application\/ld+json\" class=\"yoast-schema-graph\">{\"@context\":\"https:\\\/\\\/schema.org\",\"@graph\":[{\"@type\":\"WebPage\",\"@id\":\"https:\\\/\\\/www.malinashop.lt\\\/lt_lt\\\/shop\\\/carenel-pomegranate-naktine-lupu-kauke-23g\\\/\",\"url\":\"https:\\\/\\\/www.malinashop.lt\\\/lt_lt\\\/shop\\\/carenel-pomegranate-naktine-lupu-kauke-23g\\\/\",\"name\":\"Carenel Pomegranate naktin\u0117 l\u016bp\u0173 kauk\u0117, 23g - MalinaShop.lt J\u016bs\u0173 sveikatai ir gro\u017eiui.\",\"isPartOf\":{\"@id\":\"https:\\\/\\\/www.malinashop.lt\\\/en\\\/#website\"},\"primaryImageOfPage\":{\"@id\":\"https:\\\/\\\/www.malinashop.lt\\\/lt_lt\\\/shop\\\/carenel-pomegranate-naktine-lupu-kauke-23g\\\/#primaryimage\"},\"image\":{\"@id\":\"https:\\\/\\\/www.malinashop.lt\\\/lt_lt\\\/shop\\\/carenel-pomegranate-naktine-lupu-kauke-23g\\\/#primaryimage\"},\"thumbnailUrl\":\"https:\\\/\\\/www.malinashop.lt\\\/wp-content\\\/uploads\\\/2025\\\/06\\\/Carenel-Pomegranate-naktine-lupu-kauke-23g.webp\",\"datePublished\":\"2025-06-15T22:26:54+00:00\",\"dateModified\":\"2026-04-07T21:26:20+00:00\",\"description\":\"Maitinanti naktin\u0117 l\u016bp\u0173 kauk\u0117 su granat\u0173 ekstraktu intensyviai dr\u0117kina, \u0161velnina ir padeda pa\u0161alinti sausas odos l\u0105steles. Ryte l\u016bpos tampa mink\u0161tos, putlesn\u0117s ir \u0161velnios lyg \u0161ilkas. L\u016bp\u0173 kauk\u0117 su granat\u0173 ir bra\u0161ki\u0173 ekstraktais \u2013 dr\u0117kina, maitina, suteikia putlumo ir \u0161velnumo nakties metu.\",\"breadcrumb\":{\"@id\":\"https:\\\/\\\/www.malinashop.lt\\\/lt_lt\\\/shop\\\/carenel-pomegranate-naktine-lupu-kauke-23g\\\/#breadcrumb\"},\"inLanguage\":\"lt-LT\",\"potentialAction\":[{\"@type\":\"ReadAction\",\"target\":[\"https:\\\/\\\/www.malinashop.lt\\\/lt_lt\\\/shop\\\/carenel-pomegranate-naktine-lupu-kauke-23g\\\/\"]}]},{\"@type\":\"ImageObject\",\"inLanguage\":\"lt-LT\",\"@id\":\"https:\\\/\\\/www.malinashop.lt\\\/lt_lt\\\/shop\\\/carenel-pomegranate-naktine-lupu-kauke-23g\\\/#primaryimage\",\"url\":\"https:\\\/\\\/www.malinashop.lt\\\/wp-content\\\/uploads\\\/2025\\\/06\\\/Carenel-Pomegranate-naktine-lupu-kauke-23g.webp\",\"contentUrl\":\"https:\\\/\\\/www.malinashop.lt\\\/wp-content\\\/uploads\\\/2025\\\/06\\\/Carenel-Pomegranate-naktine-lupu-kauke-23g.webp\",\"width\":768,\"height\":768},{\"@type\":\"BreadcrumbList\",\"@id\":\"https:\\\/\\\/www.malinashop.lt\\\/lt_lt\\\/shop\\\/carenel-pomegranate-naktine-lupu-kauke-23g\\\/#breadcrumb\",\"itemListElement\":[{\"@type\":\"ListItem\",\"position\":1,\"name\":\"Home\",\"item\":\"https:\\\/\\\/www.malinashop.lt\\\/en\\\/\"},{\"@type\":\"ListItem\",\"position\":2,\"name\":\"Parduotuv\u0117\",\"item\":\"https:\\\/\\\/www.malinashop.lt\\\/en\\\/parduotuve\\\/\"},{\"@type\":\"ListItem\",\"position\":3,\"name\":\"Carenel Pomegranate naktin\u0117 l\u016bp\u0173 kauk\u0117, 23g\"}]},{\"@type\":\"WebSite\",\"@id\":\"https:\\\/\\\/www.malinashop.lt\\\/en\\\/#website\",\"url\":\"https:\\\/\\\/www.malinashop.lt\\\/en\\\/\",\"name\":\"COM Group Ecommerce\",\"description\":\"MalinaShop.lt - Gro\u017eio ir sveikatos produktai i\u0161 patikim\u0173 preki\u0173 \u017eenkl\u0173. Atraskite auk\u0161tos kokyb\u0117s kosmetik\u0105 u\u017e puiki\u0105 kain\u0105.\",\"publisher\":{\"@id\":\"https:\\\/\\\/www.malinashop.lt\\\/en\\\/#organization\"},\"potentialAction\":[{\"@type\":\"SearchAction\",\"target\":{\"@type\":\"EntryPoint\",\"urlTemplate\":\"https:\\\/\\\/www.malinashop.lt\\\/en\\\/?s={search_term_string}\"},\"query-input\":{\"@type\":\"PropertyValueSpecification\",\"valueRequired\":true,\"valueName\":\"search_term_string\"}}],\"inLanguage\":\"lt-LT\"},{\"@type\":\"Organization\",\"@id\":\"https:\\\/\\\/www.malinashop.lt\\\/en\\\/#organization\",\"name\":\"COM Group Ecommerce\",\"url\":\"https:\\\/\\\/www.malinashop.lt\\\/en\\\/\",\"logo\":{\"@type\":\"ImageObject\",\"inLanguage\":\"lt-LT\",\"@id\":\"https:\\\/\\\/www.malinashop.lt\\\/en\\\/#\\\/schema\\\/logo\\\/image\\\/\",\"url\":\"https:\\\/\\\/www.malinashop.lt\\\/wp-content\\\/uploads\\\/2024\\\/08\\\/462559670_3787732518133670_9795632669273463_n-e1731525914575.png\",\"contentUrl\":\"https:\\\/\\\/www.malinashop.lt\\\/wp-content\\\/uploads\\\/2024\\\/08\\\/462559670_3787732518133670_9795632669273463_n-e1731525914575.png\",\"width\":180,\"height\":60,\"caption\":\"COM Group Ecommerce\"},\"image\":{\"@id\":\"https:\\\/\\\/www.malinashop.lt\\\/en\\\/#\\\/schema\\\/logo\\\/image\\\/\"}}]}<\/script>\n<!-- \/ Yoast SEO plugin. -->","yoast_head_json":{"title":"Carenel Pomegranate naktin\u0117 l\u016bp\u0173 kauk\u0117, 23g - MalinaShop.lt J\u016bs\u0173 sveikatai ir gro\u017eiui.","description":"Maitinanti naktin\u0117 l\u016bp\u0173 kauk\u0117 su granat\u0173 ekstraktu intensyviai dr\u0117kina, \u0161velnina ir padeda pa\u0161alinti sausas odos l\u0105steles. Ryte l\u016bpos tampa mink\u0161tos, putlesn\u0117s ir \u0161velnios lyg \u0161ilkas. L\u016bp\u0173 kauk\u0117 su granat\u0173 ir bra\u0161ki\u0173 ekstraktais \u2013 dr\u0117kina, maitina, suteikia putlumo ir \u0161velnumo nakties metu.","robots":{"index":"index","follow":"follow","max-snippet":"max-snippet:-1","max-image-preview":"max-image-preview:large","max-video-preview":"max-video-preview:-1"},"canonical":"https:\/\/www.malinashop.lt\/lt_lt\/shop\/carenel-pomegranate-naktine-lupu-kauke-23g\/","og_locale":"lt_LT","og_type":"article","og_title":"Carenel Pomegranate naktin\u0117 l\u016bp\u0173 kauk\u0117, 23g - MalinaShop.lt J\u016bs\u0173 sveikatai ir gro\u017eiui.","og_description":"Maitinanti naktin\u0117 l\u016bp\u0173 kauk\u0117 su granat\u0173 ekstraktu intensyviai dr\u0117kina, \u0161velnina ir padeda pa\u0161alinti sausas odos l\u0105steles. Ryte l\u016bpos tampa mink\u0161tos, putlesn\u0117s ir \u0161velnios lyg \u0161ilkas. L\u016bp\u0173 kauk\u0117 su granat\u0173 ir bra\u0161ki\u0173 ekstraktais \u2013 dr\u0117kina, maitina, suteikia putlumo ir \u0161velnumo nakties metu.","og_url":"https:\/\/www.malinashop.lt\/lt_lt\/shop\/carenel-pomegranate-naktine-lupu-kauke-23g\/","og_site_name":"MalinaShop.lt J\u016bs\u0173 sveikatai ir gro\u017eiui.","article_modified_time":"2026-04-07T21:26:20+00:00","og_image":[{"width":768,"height":768,"url":"https:\/\/www.malinashop.lt\/wp-content\/uploads\/2025\/06\/Carenel-Pomegranate-naktine-lupu-kauke-23g.webp","type":"image\/webp"}],"twitter_card":"summary_large_image","schema":{"@context":"https:\/\/schema.org","@graph":[{"@type":"WebPage","@id":"https:\/\/www.malinashop.lt\/lt_lt\/shop\/carenel-pomegranate-naktine-lupu-kauke-23g\/","url":"https:\/\/www.malinashop.lt\/lt_lt\/shop\/carenel-pomegranate-naktine-lupu-kauke-23g\/","name":"Carenel Pomegranate naktin\u0117 l\u016bp\u0173 kauk\u0117, 23g - MalinaShop.lt J\u016bs\u0173 sveikatai ir gro\u017eiui.","isPartOf":{"@id":"https:\/\/www.malinashop.lt\/en\/#website"},"primaryImageOfPage":{"@id":"https:\/\/www.malinashop.lt\/lt_lt\/shop\/carenel-pomegranate-naktine-lupu-kauke-23g\/#primaryimage"},"image":{"@id":"https:\/\/www.malinashop.lt\/lt_lt\/shop\/carenel-pomegranate-naktine-lupu-kauke-23g\/#primaryimage"},"thumbnailUrl":"https:\/\/www.malinashop.lt\/wp-content\/uploads\/2025\/06\/Carenel-Pomegranate-naktine-lupu-kauke-23g.webp","datePublished":"2025-06-15T22:26:54+00:00","dateModified":"2026-04-07T21:26:20+00:00","description":"Maitinanti naktin\u0117 l\u016bp\u0173 kauk\u0117 su granat\u0173 ekstraktu intensyviai dr\u0117kina, \u0161velnina ir padeda pa\u0161alinti sausas odos l\u0105steles. Ryte l\u016bpos tampa mink\u0161tos, putlesn\u0117s ir \u0161velnios lyg \u0161ilkas. L\u016bp\u0173 kauk\u0117 su granat\u0173 ir bra\u0161ki\u0173 ekstraktais \u2013 dr\u0117kina, maitina, suteikia putlumo ir \u0161velnumo nakties metu.","breadcrumb":{"@id":"https:\/\/www.malinashop.lt\/lt_lt\/shop\/carenel-pomegranate-naktine-lupu-kauke-23g\/#breadcrumb"},"inLanguage":"lt-LT","potentialAction":[{"@type":"ReadAction","target":["https:\/\/www.malinashop.lt\/lt_lt\/shop\/carenel-pomegranate-naktine-lupu-kauke-23g\/"]}]},{"@type":"ImageObject","inLanguage":"lt-LT","@id":"https:\/\/www.malinashop.lt\/lt_lt\/shop\/carenel-pomegranate-naktine-lupu-kauke-23g\/#primaryimage","url":"https:\/\/www.malinashop.lt\/wp-content\/uploads\/2025\/06\/Carenel-Pomegranate-naktine-lupu-kauke-23g.webp","contentUrl":"https:\/\/www.malinashop.lt\/wp-content\/uploads\/2025\/06\/Carenel-Pomegranate-naktine-lupu-kauke-23g.webp","width":768,"height":768},{"@type":"BreadcrumbList","@id":"https:\/\/www.malinashop.lt\/lt_lt\/shop\/carenel-pomegranate-naktine-lupu-kauke-23g\/#breadcrumb","itemListElement":[{"@type":"ListItem","position":1,"name":"Home","item":"https:\/\/www.malinashop.lt\/en\/"},{"@type":"ListItem","position":2,"name":"Parduotuv\u0117","item":"https:\/\/www.malinashop.lt\/en\/parduotuve\/"},{"@type":"ListItem","position":3,"name":"Carenel Pomegranate naktin\u0117 l\u016bp\u0173 kauk\u0117, 23g"}]},{"@type":"WebSite","@id":"https:\/\/www.malinashop.lt\/en\/#website","url":"https:\/\/www.malinashop.lt\/en\/","name":"COM Group Ecommerce","description":"MalinaShop.lt - Gro\u017eio ir sveikatos produktai i\u0161 patikim\u0173 preki\u0173 \u017eenkl\u0173. Atraskite auk\u0161tos kokyb\u0117s kosmetik\u0105 u\u017e puiki\u0105 kain\u0105.","publisher":{"@id":"https:\/\/www.malinashop.lt\/en\/#organization"},"potentialAction":[{"@type":"SearchAction","target":{"@type":"EntryPoint","urlTemplate":"https:\/\/www.malinashop.lt\/en\/?s={search_term_string}"},"query-input":{"@type":"PropertyValueSpecification","valueRequired":true,"valueName":"search_term_string"}}],"inLanguage":"lt-LT"},{"@type":"Organization","@id":"https:\/\/www.malinashop.lt\/en\/#organization","name":"COM Group Ecommerce","url":"https:\/\/www.malinashop.lt\/en\/","logo":{"@type":"ImageObject","inLanguage":"lt-LT","@id":"https:\/\/www.malinashop.lt\/en\/#\/schema\/logo\/image\/","url":"https:\/\/www.malinashop.lt\/wp-content\/uploads\/2024\/08\/462559670_3787732518133670_9795632669273463_n-e1731525914575.png","contentUrl":"https:\/\/www.malinashop.lt\/wp-content\/uploads\/2024\/08\/462559670_3787732518133670_9795632669273463_n-e1731525914575.png","width":180,"height":60,"caption":"COM Group Ecommerce"},"image":{"@id":"https:\/\/www.malinashop.lt\/en\/#\/schema\/logo\/image\/"}}]}},"jetpack_sharing_enabled":true,"_links":{"self":[{"href":"https:\/\/www.malinashop.lt\/lt_lt\/wp-json\/wp\/v2\/product\/56993","targetHints":{"allow":["GET"]}}],"collection":[{"href":"https:\/\/www.malinashop.lt\/lt_lt\/wp-json\/wp\/v2\/product"}],"about":[{"href":"https:\/\/www.malinashop.lt\/lt_lt\/wp-json\/wp\/v2\/types\/product"}],"version-history":[{"count":1,"href":"https:\/\/www.malinashop.lt\/lt_lt\/wp-json\/wp\/v2\/product\/56993\/revisions"}],"predecessor-version":[{"id":56998,"href":"https:\/\/www.malinashop.lt\/lt_lt\/wp-json\/wp\/v2\/product\/56993\/revisions\/56998"}],"wp:featuredmedia":[{"embeddable":true,"href":"https:\/\/www.malinashop.lt\/lt_lt\/wp-json\/wp\/v2\/media\/56997"}],"wp:attachment":[{"href":"https:\/\/www.malinashop.lt\/lt_lt\/wp-json\/wp\/v2\/media?parent=56993"}],"wp:term":[{"taxonomy":"product_brand","embeddable":true,"href":"https:\/\/www.malinashop.lt\/lt_lt\/wp-json\/wp\/v2\/product_brand?post=56993"},{"taxonomy":"product_cat","embeddable":true,"href":"https:\/\/www.malinashop.lt\/lt_lt\/wp-json\/wp\/v2\/product_cat?post=56993"},{"taxonomy":"product_tag","embeddable":true,"href":"https:\/\/www.malinashop.lt\/lt_lt\/wp-json\/wp\/v2\/product_tag?post=56993"}],"curies":[{"name":"wp","href":"https:\/\/api.w.org\/{rel}","templated":true}]}}