{"id":56887,"date":"2025-06-15T22:06:38","date_gmt":"2025-06-15T19:06:38","guid":{"rendered":"https:\/\/malinashop.lt\/?post_type=product&#038;p=56887"},"modified":"2026-04-08T00:49:53","modified_gmt":"2026-04-07T21:49:53","slug":"simply-when-camellia-veganiska-stangrinanti-veido-kauke-1vnt","status":"publish","type":"product","link":"https:\/\/www.malinashop.lt\/lt_lt\/shop\/simply-when-camellia-veganiska-stangrinanti-veido-kauke-1vnt\/","title":{"rendered":"Simply When\u00ae Camellia vegani\u0161ka stangrinanti veido kauk\u0117, 1vnt."},"content":{"rendered":"<p data-start=\"0\" data-end=\"43\"><strong data-start=\"0\" data-end=\"43\">Preki\u0173 i\u0161siuntimas per 1\u20133 darbo dienas<\/strong><\/p>\n<p data-start=\"45\" data-end=\"142\"><strong data-start=\"45\" data-end=\"142\">Vegani\u0161ka veido kauk\u0117 su japoni\u0161kos kamelijos ekstraktu \u2013 odos elastingumui ir jaunatvi\u0161kumui<\/strong><\/p>\n<p data-start=\"144\" data-end=\"334\">\u0160i veido kauk\u0117 intensyviai maitina, gerina odos elastingum\u0105 ir padeda suma\u017einti smulkias rauk\u0161leles. Tobulas pasirinkimas brandesnei ar pavargusiai odai, kuriai reikia atgaivos ir spindesio.<\/p>\n<p data-start=\"336\" data-end=\"367\"><strong data-start=\"339\" data-end=\"367\">Pagrindiniai privalumai:<\/strong><\/p>\n<ul data-start=\"368\" data-end=\"647\">\n<li data-start=\"368\" data-end=\"420\">\n<p data-start=\"370\" data-end=\"420\">100 % <strong data-start=\"376\" data-end=\"390\">vegani\u0161kas<\/strong> ir <strong data-start=\"394\" data-end=\"409\">ekologi\u0161kas<\/strong> produktas.<\/p>\n<\/li>\n<li data-start=\"421\" data-end=\"507\">\n<p data-start=\"423\" data-end=\"507\">Sukurta i\u0161 \u201eBamboo-Lyocell Vegan\u201c lak\u0161to \u2013 \u0161velnaus, itin gerai sugerian\u010dio audinio.<\/p>\n<\/li>\n<li data-start=\"508\" data-end=\"647\">\n<p data-start=\"510\" data-end=\"647\">Praturtinta <strong data-start=\"522\" data-end=\"546\">japoni\u0161kos kamelijos<\/strong> \u017eied\u0173 ir s\u0117kl\u0173 ekstraktais, turtingais antioksidantais, fitoskvalenu, vitaminais ir omega r\u016bg\u0161timis.<\/p>\n<\/li>\n<\/ul>\n<p data-start=\"649\" data-end=\"679\"><strong data-start=\"652\" data-end=\"679\">Aktyvieji ingredientai:<\/strong><\/p>\n<ul data-start=\"680\" data-end=\"913\">\n<li data-start=\"680\" data-end=\"735\">\n<p data-start=\"682\" data-end=\"735\"><strong data-start=\"682\" data-end=\"711\">Granat\u0173 vaisi\u0173 ekstraktas<\/strong> \u2013 gaivina ir tonizuoja.<\/p>\n<\/li>\n<li data-start=\"736\" data-end=\"806\">\n<p data-start=\"738\" data-end=\"806\"><strong data-start=\"738\" data-end=\"777\">Tikrojo \u017een\u0161enio \u0161aknies ekstraktas<\/strong> \u2013 skatina odos regeneracij\u0105.<\/p>\n<\/li>\n<li data-start=\"807\" data-end=\"913\">\n<p data-start=\"809\" data-end=\"913\"><strong data-start=\"809\" data-end=\"830\">\u017daliosios arbatos<\/strong> ir <strong data-start=\"834\" data-end=\"860\">mork\u0173 \u0161akn\u0173 ekstraktai<\/strong> \u2013 pasi\u017eymi apsaugin\u0117mis, mink\u0161tinan\u010diomis savyb\u0117mis.<\/p>\n<\/li>\n<\/ul>\n<p data-start=\"915\" data-end=\"933\"><strong data-start=\"918\" data-end=\"933\">Naudojimas:<\/strong><\/p>\n<ol data-start=\"934\" data-end=\"1086\">\n<li data-start=\"934\" data-end=\"970\">\n<p data-start=\"937\" data-end=\"970\">Nuvalykite ir nusausinkite veid\u0105.<\/p>\n<\/li>\n<li data-start=\"971\" data-end=\"1018\">\n<p data-start=\"974\" data-end=\"1018\">I\u0161skleiskite kauk\u0119 ir u\u017ed\u0117kite j\u0105 ant veido.<\/p>\n<\/li>\n<li data-start=\"1019\" data-end=\"1086\">\n<p data-start=\"1022\" data-end=\"1086\">Laikykite 20 min. ir tuomet \u0161velniai \u012fmasa\u017euokite likus\u012f serum\u0105.<\/p>\n<\/li>\n<\/ol>\n<p data-start=\"1088\" data-end=\"1275\">\u26a0\ufe0f <strong data-start=\"1091\" data-end=\"1105\">\u012esp\u0117jimai:<\/strong><br \/>\nNaudoti tik i\u0161ori\u0161kai. Venkite kontakto su akimis ir pa\u017eeista oda. Esant alerginei reakcijai, nutraukite naudojim\u0105. Po naudojimo saugokit\u0117s tiesiogini\u0173 saul\u0117s spinduli\u0173.<\/p>\n<p data-start=\"1277\" data-end=\"1356\">\ud83d\udce6 <strong data-start=\"1280\" data-end=\"1293\">Laikymas:<\/strong><br \/>\nLaikyti v\u0117sioje, sausoje vietoje, atokiai nuo saul\u0117s ir vaik\u0173.<\/p>\n<p data-start=\"1358\" data-end=\"1474\">\ud83c\uddf0\ud83c\uddf7 <strong data-start=\"1363\" data-end=\"1392\">Pagaminta Piet\u0173 Kor\u0117joje.<\/strong><br data-start=\"1392\" data-end=\"1395\" \/>Vegani\u0161ka \/ Dermatologi\u0161kai patikrinta \/ Hipoalergi\u0161ka \/ Nebandyta su gyv\u016bnais.<\/p>\n","protected":false},"excerpt":{"rendered":"<article class=\"text-token-text-primary w-full\" dir=\"auto\" data-testid=\"conversation-turn-60\" data-scroll-anchor=\"true\">\n<div class=\"text-base my-auto mx-auto py-5 [--thread-content-margin:--spacing(4)] @[37rem]:[--thread-content-margin:--spacing(6)] @[72rem]:[--thread-content-margin:--spacing(16)] px-(--thread-content-margin)\">\n<div class=\"[--thread-content-max-width:32rem] @[34rem]:[--thread-content-max-width:40rem] @[64rem]:[--thread-content-max-width:48rem] mx-auto flex max-w-(--thread-content-max-width) flex-1 text-base gap-4 md:gap-5 lg:gap-6 group\/turn-messages focus-visible:outline-hidden\">\n<div class=\"group\/conversation-turn relative flex w-full min-w-0 flex-col agent-turn\">\n<div class=\"relative flex-col gap-1 md:gap-3\">\n<div class=\"flex max-w-full flex-col grow\">\n<div class=\"min-h-8 text-message relative flex w-full flex-col items-end gap-2 text-start break-words whitespace-normal [.text-message+&amp;]:mt-5\" dir=\"auto\" data-message-author-role=\"assistant\" data-message-id=\"589fe88d-4868-4166-a8f8-a90b18c71d84\" data-message-model-slug=\"gpt-4o\">\n<div class=\"flex w-full flex-col gap-1 empty:hidden first:pt-[3px]\">\n<div class=\"markdown prose dark:prose-invert w-full break-words light\">\n<article class=\"text-token-text-primary w-full\" dir=\"auto\" data-testid=\"conversation-turn-64\" data-scroll-anchor=\"true\">\n<div class=\"text-base my-auto mx-auto py-5 [--thread-content-margin:--spacing(4)] @[37rem]:[--thread-content-margin:--spacing(6)] @[72rem]:[--thread-content-margin:--spacing(16)] px-(--thread-content-margin)\">\n<div class=\"[--thread-content-max-width:32rem] @[34rem]:[--thread-content-max-width:40rem] @[64rem]:[--thread-content-max-width:48rem] mx-auto flex max-w-(--thread-content-max-width) flex-1 text-base gap-4 md:gap-5 lg:gap-6 group\/turn-messages focus-visible:outline-hidden\">\n<div class=\"group\/conversation-turn relative flex w-full min-w-0 flex-col agent-turn\">\n<div class=\"relative flex-col gap-1 md:gap-3\">\n<div class=\"flex max-w-full flex-col grow\">\n<div class=\"min-h-8 text-message relative flex w-full flex-col items-end gap-2 text-start break-words whitespace-normal [.text-message+&amp;]:mt-5\" dir=\"auto\" data-message-author-role=\"assistant\" data-message-id=\"699e12ca-a8a9-4876-bb46-a364a3a7704b\" data-message-model-slug=\"gpt-4o\">\n<div class=\"flex w-full flex-col gap-1 empty:hidden first:pt-[3px]\">\n<div class=\"markdown prose dark:prose-invert w-full break-words light\">\n<p data-start=\"549\" data-end=\"740\">Vegani\u0161ka lak\u0161tin\u0117 veido kauk\u0117 su granat\u0173 ir japoni\u0161kos kamelijos \u017eied\u0173 ekstraktais padeda sustangrinti, pamaitinti ir atgaivinti od\u0105. Oda tampa \u0161velnesn\u0117, elastingesn\u0117 ir vizualiai jaunesn\u0117.<\/p>\n<\/div>\n<\/div>\n<\/div>\n<\/div>\n<div class=\"flex min-h-[46px] justify-start\">\n<div class=\"touch:-me-2 touch:-ms-3.5 -ms-2.5 -me-1 flex flex-wrap items-center gap-y-4 p-1 select-none touch:w-[calc(100%+--spacing(3.5))] -mt-1 w-[calc(100%+--spacing(2.5))] duration-[1.5s] focus-within:transition-none hover:transition-none pointer-events-none [mask-image:linear-gradient(to_right,black_33%,transparent_66%)] [mask-size:300%_100%] [mask-position:100%_0%] motion-safe:transition-[mask-position] group-hover\/turn-messages:pointer-events-auto group-hover\/turn-messages:[mask-position:0_0] group-focus-within\/turn-messages:pointer-events-auto group-focus-within\/turn-messages:[mask-position:0_0] has-data-[state=open]:pointer-events-auto has-data-[state=open]:[mask-position:0_0]\">\n<div class=\"flex items-center\"><\/div>\n<\/div>\n<\/div>\n<div class=\"mt-3 w-full empty:hidden\">\n<div class=\"text-center\"><\/div>\n<\/div>\n<\/div>\n<div class=\"absolute\">\n<div class=\"flex items-center justify-center\"><\/div>\n<\/div>\n<\/div>\n<\/div>\n<\/div>\n<\/article>\n<div class=\"pointer-events-none h-px w-px\" aria-hidden=\"true\" data-edge=\"true\"><\/div>\n<\/div>\n<\/div>\n<\/div>\n<\/div>\n<div class=\"flex min-h-[46px] justify-start\">\n<div class=\"touch:-me-2 touch:-ms-3.5 -ms-2.5 -me-1 flex flex-wrap items-center gap-y-4 p-1 select-none touch:w-[calc(100%+--spacing(3.5))] -mt-1 w-[calc(100%+--spacing(2.5))] duration-[1.5s] focus-within:transition-none hover:transition-none pointer-events-none [mask-image:linear-gradient(to_right,black_33%,transparent_66%)] [mask-size:300%_100%] [mask-position:100%_0%] motion-safe:transition-[mask-position] group-hover\/turn-messages:pointer-events-auto group-hover\/turn-messages:[mask-position:0_0] group-focus-within\/turn-messages:pointer-events-auto group-focus-within\/turn-messages:[mask-position:0_0] has-data-[state=open]:pointer-events-auto has-data-[state=open]:[mask-position:0_0]\">\n<p>&nbsp;<\/p>\n<div class=\"flex items-center\"><\/div>\n<\/div>\n<\/div>\n<div class=\"mt-3 w-full empty:hidden\">\n<div class=\"text-center\"><\/div>\n<\/div>\n<\/div>\n<div class=\"absolute\">\n<div class=\"flex items-center justify-center\"><\/div>\n<\/div>\n<\/div>\n<\/div>\n<\/div>\n<\/article>\n<div class=\"pointer-events-none h-px w-px\" aria-hidden=\"true\" data-edge=\"true\"><\/div>\n","protected":false},"featured_media":56889,"template":"","meta":[],"product_brand":[1348],"product_cat":[1136,562,827,728],"product_tag":[1629],"class_list":{"0":"post-56887","1":"product","2":"type-product","3":"status-publish","4":"has-post-thumbnail","6":"product_brand-when","7":"product_cat-lakstines-veido-kaukes","8":"product_cat-sandelio-valymas","9":"product_cat-veido-prieziuros-priemoniu-rinkiniai","10":"product_cat-veidui","11":"product_tag-when","13":"first","14":"instock","15":"sale","16":"taxable","17":"shipping-taxable","18":"purchasable","19":"product-type-simple"},"yoast_head":"<!-- This site is optimized with the Yoast SEO plugin v27.3 - https:\/\/yoast.com\/product\/yoast-seo-wordpress\/ -->\n<title>Simply When\u00ae Camellia vegani\u0161ka stangrinanti veido kauk\u0117, 1vnt. - MalinaShop.lt J\u016bs\u0173 sveikatai ir gro\u017eiui.<\/title>\n<meta name=\"description\" content=\"Vegani\u0161ka lak\u0161tin\u0117 veido kauk\u0117 su granat\u0173 ir japoni\u0161kos kamelijos \u017eied\u0173 ekstraktais padeda sustangrinti, pamaitinti ir atgaivinti od\u0105. Oda tampa \u0161velnesn\u0117, elastingesn\u0117 ir vizualiai jaunesn\u0117.                              &nbsp; Veido kauk\u0117 su kamelija ir granatais maitina, lygina rauk\u0161leles ir stiprina odos elastingum\u0105.\" \/>\n<meta name=\"robots\" content=\"index, follow, max-snippet:-1, max-image-preview:large, max-video-preview:-1\" \/>\n<link rel=\"canonical\" href=\"https:\/\/www.malinashop.lt\/lt_lt\/shop\/simply-when-camellia-veganiska-stangrinanti-veido-kauke-1vnt\/\" \/>\n<meta property=\"og:locale\" content=\"lt_LT\" \/>\n<meta property=\"og:type\" content=\"article\" \/>\n<meta property=\"og:title\" content=\"Simply When\u00ae Camellia vegani\u0161ka stangrinanti veido kauk\u0117, 1vnt. - MalinaShop.lt J\u016bs\u0173 sveikatai ir gro\u017eiui.\" \/>\n<meta property=\"og:description\" content=\"Vegani\u0161ka lak\u0161tin\u0117 veido kauk\u0117 su granat\u0173 ir japoni\u0161kos kamelijos \u017eied\u0173 ekstraktais padeda sustangrinti, pamaitinti ir atgaivinti od\u0105. Oda tampa \u0161velnesn\u0117, elastingesn\u0117 ir vizualiai jaunesn\u0117.                              &nbsp; Veido kauk\u0117 su kamelija ir granatais maitina, lygina rauk\u0161leles ir stiprina odos elastingum\u0105.\" \/>\n<meta property=\"og:url\" content=\"https:\/\/www.malinashop.lt\/lt_lt\/shop\/simply-when-camellia-veganiska-stangrinanti-veido-kauke-1vnt\/\" \/>\n<meta property=\"og:site_name\" content=\"MalinaShop.lt J\u016bs\u0173 sveikatai ir gro\u017eiui.\" \/>\n<meta property=\"article:modified_time\" content=\"2026-04-07T21:49:53+00:00\" \/>\n<meta property=\"og:image\" content=\"https:\/\/www.malinashop.lt\/wp-content\/uploads\/2025\/06\/Simply-When\u00ae-Camellia-veganiska-stangrinanti-veido-kauke-1vnt.webp\" \/>\n\t<meta property=\"og:image:width\" content=\"768\" \/>\n\t<meta property=\"og:image:height\" content=\"768\" \/>\n\t<meta property=\"og:image:type\" content=\"image\/webp\" \/>\n<meta name=\"twitter:card\" content=\"summary_large_image\" \/>\n<script type=\"application\/ld+json\" class=\"yoast-schema-graph\">{\"@context\":\"https:\\\/\\\/schema.org\",\"@graph\":[{\"@type\":\"WebPage\",\"@id\":\"https:\\\/\\\/www.malinashop.lt\\\/lt_lt\\\/shop\\\/simply-when-camellia-veganiska-stangrinanti-veido-kauke-1vnt\\\/\",\"url\":\"https:\\\/\\\/www.malinashop.lt\\\/lt_lt\\\/shop\\\/simply-when-camellia-veganiska-stangrinanti-veido-kauke-1vnt\\\/\",\"name\":\"Simply When\u00ae Camellia vegani\u0161ka stangrinanti veido kauk\u0117, 1vnt. - MalinaShop.lt J\u016bs\u0173 sveikatai ir gro\u017eiui.\",\"isPartOf\":{\"@id\":\"https:\\\/\\\/www.malinashop.lt\\\/en\\\/#website\"},\"primaryImageOfPage\":{\"@id\":\"https:\\\/\\\/www.malinashop.lt\\\/lt_lt\\\/shop\\\/simply-when-camellia-veganiska-stangrinanti-veido-kauke-1vnt\\\/#primaryimage\"},\"image\":{\"@id\":\"https:\\\/\\\/www.malinashop.lt\\\/lt_lt\\\/shop\\\/simply-when-camellia-veganiska-stangrinanti-veido-kauke-1vnt\\\/#primaryimage\"},\"thumbnailUrl\":\"https:\\\/\\\/www.malinashop.lt\\\/wp-content\\\/uploads\\\/2025\\\/06\\\/Simply-When\u00ae-Camellia-veganiska-stangrinanti-veido-kauke-1vnt.webp\",\"datePublished\":\"2025-06-15T19:06:38+00:00\",\"dateModified\":\"2026-04-07T21:49:53+00:00\",\"description\":\"Vegani\u0161ka lak\u0161tin\u0117 veido kauk\u0117 su granat\u0173 ir japoni\u0161kos kamelijos \u017eied\u0173 ekstraktais padeda sustangrinti, pamaitinti ir atgaivinti od\u0105. Oda tampa \u0161velnesn\u0117, elastingesn\u0117 ir vizualiai jaunesn\u0117. &nbsp; Veido kauk\u0117 su kamelija ir granatais maitina, lygina rauk\u0161leles ir stiprina odos elastingum\u0105.\",\"breadcrumb\":{\"@id\":\"https:\\\/\\\/www.malinashop.lt\\\/lt_lt\\\/shop\\\/simply-when-camellia-veganiska-stangrinanti-veido-kauke-1vnt\\\/#breadcrumb\"},\"inLanguage\":\"lt-LT\",\"potentialAction\":[{\"@type\":\"ReadAction\",\"target\":[\"https:\\\/\\\/www.malinashop.lt\\\/lt_lt\\\/shop\\\/simply-when-camellia-veganiska-stangrinanti-veido-kauke-1vnt\\\/\"]}]},{\"@type\":\"ImageObject\",\"inLanguage\":\"lt-LT\",\"@id\":\"https:\\\/\\\/www.malinashop.lt\\\/lt_lt\\\/shop\\\/simply-when-camellia-veganiska-stangrinanti-veido-kauke-1vnt\\\/#primaryimage\",\"url\":\"https:\\\/\\\/www.malinashop.lt\\\/wp-content\\\/uploads\\\/2025\\\/06\\\/Simply-When\u00ae-Camellia-veganiska-stangrinanti-veido-kauke-1vnt.webp\",\"contentUrl\":\"https:\\\/\\\/www.malinashop.lt\\\/wp-content\\\/uploads\\\/2025\\\/06\\\/Simply-When\u00ae-Camellia-veganiska-stangrinanti-veido-kauke-1vnt.webp\",\"width\":768,\"height\":768},{\"@type\":\"BreadcrumbList\",\"@id\":\"https:\\\/\\\/www.malinashop.lt\\\/lt_lt\\\/shop\\\/simply-when-camellia-veganiska-stangrinanti-veido-kauke-1vnt\\\/#breadcrumb\",\"itemListElement\":[{\"@type\":\"ListItem\",\"position\":1,\"name\":\"Home\",\"item\":\"https:\\\/\\\/www.malinashop.lt\\\/en\\\/\"},{\"@type\":\"ListItem\",\"position\":2,\"name\":\"Parduotuv\u0117\",\"item\":\"https:\\\/\\\/www.malinashop.lt\\\/en\\\/parduotuve\\\/\"},{\"@type\":\"ListItem\",\"position\":3,\"name\":\"Simply When\u00ae Camellia vegani\u0161ka stangrinanti veido kauk\u0117, 1vnt.\"}]},{\"@type\":\"WebSite\",\"@id\":\"https:\\\/\\\/www.malinashop.lt\\\/en\\\/#website\",\"url\":\"https:\\\/\\\/www.malinashop.lt\\\/en\\\/\",\"name\":\"COM Group Ecommerce\",\"description\":\"MalinaShop.lt - Gro\u017eio ir sveikatos produktai i\u0161 patikim\u0173 preki\u0173 \u017eenkl\u0173. Atraskite auk\u0161tos kokyb\u0117s kosmetik\u0105 u\u017e puiki\u0105 kain\u0105.\",\"publisher\":{\"@id\":\"https:\\\/\\\/www.malinashop.lt\\\/en\\\/#organization\"},\"potentialAction\":[{\"@type\":\"SearchAction\",\"target\":{\"@type\":\"EntryPoint\",\"urlTemplate\":\"https:\\\/\\\/www.malinashop.lt\\\/en\\\/?s={search_term_string}\"},\"query-input\":{\"@type\":\"PropertyValueSpecification\",\"valueRequired\":true,\"valueName\":\"search_term_string\"}}],\"inLanguage\":\"lt-LT\"},{\"@type\":\"Organization\",\"@id\":\"https:\\\/\\\/www.malinashop.lt\\\/en\\\/#organization\",\"name\":\"COM Group Ecommerce\",\"url\":\"https:\\\/\\\/www.malinashop.lt\\\/en\\\/\",\"logo\":{\"@type\":\"ImageObject\",\"inLanguage\":\"lt-LT\",\"@id\":\"https:\\\/\\\/www.malinashop.lt\\\/en\\\/#\\\/schema\\\/logo\\\/image\\\/\",\"url\":\"https:\\\/\\\/www.malinashop.lt\\\/wp-content\\\/uploads\\\/2024\\\/08\\\/462559670_3787732518133670_9795632669273463_n-e1731525914575.png\",\"contentUrl\":\"https:\\\/\\\/www.malinashop.lt\\\/wp-content\\\/uploads\\\/2024\\\/08\\\/462559670_3787732518133670_9795632669273463_n-e1731525914575.png\",\"width\":180,\"height\":60,\"caption\":\"COM Group Ecommerce\"},\"image\":{\"@id\":\"https:\\\/\\\/www.malinashop.lt\\\/en\\\/#\\\/schema\\\/logo\\\/image\\\/\"}}]}<\/script>\n<!-- \/ Yoast SEO plugin. -->","yoast_head_json":{"title":"Simply When\u00ae Camellia vegani\u0161ka stangrinanti veido kauk\u0117, 1vnt. - MalinaShop.lt J\u016bs\u0173 sveikatai ir gro\u017eiui.","description":"Vegani\u0161ka lak\u0161tin\u0117 veido kauk\u0117 su granat\u0173 ir japoni\u0161kos kamelijos \u017eied\u0173 ekstraktais padeda sustangrinti, pamaitinti ir atgaivinti od\u0105. Oda tampa \u0161velnesn\u0117, elastingesn\u0117 ir vizualiai jaunesn\u0117.                              &nbsp; Veido kauk\u0117 su kamelija ir granatais maitina, lygina rauk\u0161leles ir stiprina odos elastingum\u0105.","robots":{"index":"index","follow":"follow","max-snippet":"max-snippet:-1","max-image-preview":"max-image-preview:large","max-video-preview":"max-video-preview:-1"},"canonical":"https:\/\/www.malinashop.lt\/lt_lt\/shop\/simply-when-camellia-veganiska-stangrinanti-veido-kauke-1vnt\/","og_locale":"lt_LT","og_type":"article","og_title":"Simply When\u00ae Camellia vegani\u0161ka stangrinanti veido kauk\u0117, 1vnt. - MalinaShop.lt J\u016bs\u0173 sveikatai ir gro\u017eiui.","og_description":"Vegani\u0161ka lak\u0161tin\u0117 veido kauk\u0117 su granat\u0173 ir japoni\u0161kos kamelijos \u017eied\u0173 ekstraktais padeda sustangrinti, pamaitinti ir atgaivinti od\u0105. Oda tampa \u0161velnesn\u0117, elastingesn\u0117 ir vizualiai jaunesn\u0117.                              &nbsp; Veido kauk\u0117 su kamelija ir granatais maitina, lygina rauk\u0161leles ir stiprina odos elastingum\u0105.","og_url":"https:\/\/www.malinashop.lt\/lt_lt\/shop\/simply-when-camellia-veganiska-stangrinanti-veido-kauke-1vnt\/","og_site_name":"MalinaShop.lt J\u016bs\u0173 sveikatai ir gro\u017eiui.","article_modified_time":"2026-04-07T21:49:53+00:00","og_image":[{"width":768,"height":768,"url":"https:\/\/www.malinashop.lt\/wp-content\/uploads\/2025\/06\/Simply-When\u00ae-Camellia-veganiska-stangrinanti-veido-kauke-1vnt.webp","type":"image\/webp"}],"twitter_card":"summary_large_image","schema":{"@context":"https:\/\/schema.org","@graph":[{"@type":"WebPage","@id":"https:\/\/www.malinashop.lt\/lt_lt\/shop\/simply-when-camellia-veganiska-stangrinanti-veido-kauke-1vnt\/","url":"https:\/\/www.malinashop.lt\/lt_lt\/shop\/simply-when-camellia-veganiska-stangrinanti-veido-kauke-1vnt\/","name":"Simply When\u00ae Camellia vegani\u0161ka stangrinanti veido kauk\u0117, 1vnt. - MalinaShop.lt J\u016bs\u0173 sveikatai ir gro\u017eiui.","isPartOf":{"@id":"https:\/\/www.malinashop.lt\/en\/#website"},"primaryImageOfPage":{"@id":"https:\/\/www.malinashop.lt\/lt_lt\/shop\/simply-when-camellia-veganiska-stangrinanti-veido-kauke-1vnt\/#primaryimage"},"image":{"@id":"https:\/\/www.malinashop.lt\/lt_lt\/shop\/simply-when-camellia-veganiska-stangrinanti-veido-kauke-1vnt\/#primaryimage"},"thumbnailUrl":"https:\/\/www.malinashop.lt\/wp-content\/uploads\/2025\/06\/Simply-When\u00ae-Camellia-veganiska-stangrinanti-veido-kauke-1vnt.webp","datePublished":"2025-06-15T19:06:38+00:00","dateModified":"2026-04-07T21:49:53+00:00","description":"Vegani\u0161ka lak\u0161tin\u0117 veido kauk\u0117 su granat\u0173 ir japoni\u0161kos kamelijos \u017eied\u0173 ekstraktais padeda sustangrinti, pamaitinti ir atgaivinti od\u0105. Oda tampa \u0161velnesn\u0117, elastingesn\u0117 ir vizualiai jaunesn\u0117. &nbsp; Veido kauk\u0117 su kamelija ir granatais maitina, lygina rauk\u0161leles ir stiprina odos elastingum\u0105.","breadcrumb":{"@id":"https:\/\/www.malinashop.lt\/lt_lt\/shop\/simply-when-camellia-veganiska-stangrinanti-veido-kauke-1vnt\/#breadcrumb"},"inLanguage":"lt-LT","potentialAction":[{"@type":"ReadAction","target":["https:\/\/www.malinashop.lt\/lt_lt\/shop\/simply-when-camellia-veganiska-stangrinanti-veido-kauke-1vnt\/"]}]},{"@type":"ImageObject","inLanguage":"lt-LT","@id":"https:\/\/www.malinashop.lt\/lt_lt\/shop\/simply-when-camellia-veganiska-stangrinanti-veido-kauke-1vnt\/#primaryimage","url":"https:\/\/www.malinashop.lt\/wp-content\/uploads\/2025\/06\/Simply-When\u00ae-Camellia-veganiska-stangrinanti-veido-kauke-1vnt.webp","contentUrl":"https:\/\/www.malinashop.lt\/wp-content\/uploads\/2025\/06\/Simply-When\u00ae-Camellia-veganiska-stangrinanti-veido-kauke-1vnt.webp","width":768,"height":768},{"@type":"BreadcrumbList","@id":"https:\/\/www.malinashop.lt\/lt_lt\/shop\/simply-when-camellia-veganiska-stangrinanti-veido-kauke-1vnt\/#breadcrumb","itemListElement":[{"@type":"ListItem","position":1,"name":"Home","item":"https:\/\/www.malinashop.lt\/en\/"},{"@type":"ListItem","position":2,"name":"Parduotuv\u0117","item":"https:\/\/www.malinashop.lt\/en\/parduotuve\/"},{"@type":"ListItem","position":3,"name":"Simply When\u00ae Camellia vegani\u0161ka stangrinanti veido kauk\u0117, 1vnt."}]},{"@type":"WebSite","@id":"https:\/\/www.malinashop.lt\/en\/#website","url":"https:\/\/www.malinashop.lt\/en\/","name":"COM Group Ecommerce","description":"MalinaShop.lt - Gro\u017eio ir sveikatos produktai i\u0161 patikim\u0173 preki\u0173 \u017eenkl\u0173. Atraskite auk\u0161tos kokyb\u0117s kosmetik\u0105 u\u017e puiki\u0105 kain\u0105.","publisher":{"@id":"https:\/\/www.malinashop.lt\/en\/#organization"},"potentialAction":[{"@type":"SearchAction","target":{"@type":"EntryPoint","urlTemplate":"https:\/\/www.malinashop.lt\/en\/?s={search_term_string}"},"query-input":{"@type":"PropertyValueSpecification","valueRequired":true,"valueName":"search_term_string"}}],"inLanguage":"lt-LT"},{"@type":"Organization","@id":"https:\/\/www.malinashop.lt\/en\/#organization","name":"COM Group Ecommerce","url":"https:\/\/www.malinashop.lt\/en\/","logo":{"@type":"ImageObject","inLanguage":"lt-LT","@id":"https:\/\/www.malinashop.lt\/en\/#\/schema\/logo\/image\/","url":"https:\/\/www.malinashop.lt\/wp-content\/uploads\/2024\/08\/462559670_3787732518133670_9795632669273463_n-e1731525914575.png","contentUrl":"https:\/\/www.malinashop.lt\/wp-content\/uploads\/2024\/08\/462559670_3787732518133670_9795632669273463_n-e1731525914575.png","width":180,"height":60,"caption":"COM Group Ecommerce"},"image":{"@id":"https:\/\/www.malinashop.lt\/en\/#\/schema\/logo\/image\/"}}]}},"jetpack_sharing_enabled":true,"_links":{"self":[{"href":"https:\/\/www.malinashop.lt\/lt_lt\/wp-json\/wp\/v2\/product\/56887","targetHints":{"allow":["GET"]}}],"collection":[{"href":"https:\/\/www.malinashop.lt\/lt_lt\/wp-json\/wp\/v2\/product"}],"about":[{"href":"https:\/\/www.malinashop.lt\/lt_lt\/wp-json\/wp\/v2\/types\/product"}],"version-history":[{"count":2,"href":"https:\/\/www.malinashop.lt\/lt_lt\/wp-json\/wp\/v2\/product\/56887\/revisions"}],"predecessor-version":[{"id":57957,"href":"https:\/\/www.malinashop.lt\/lt_lt\/wp-json\/wp\/v2\/product\/56887\/revisions\/57957"}],"wp:featuredmedia":[{"embeddable":true,"href":"https:\/\/www.malinashop.lt\/lt_lt\/wp-json\/wp\/v2\/media\/56889"}],"wp:attachment":[{"href":"https:\/\/www.malinashop.lt\/lt_lt\/wp-json\/wp\/v2\/media?parent=56887"}],"wp:term":[{"taxonomy":"product_brand","embeddable":true,"href":"https:\/\/www.malinashop.lt\/lt_lt\/wp-json\/wp\/v2\/product_brand?post=56887"},{"taxonomy":"product_cat","embeddable":true,"href":"https:\/\/www.malinashop.lt\/lt_lt\/wp-json\/wp\/v2\/product_cat?post=56887"},{"taxonomy":"product_tag","embeddable":true,"href":"https:\/\/www.malinashop.lt\/lt_lt\/wp-json\/wp\/v2\/product_tag?post=56887"}],"curies":[{"name":"wp","href":"https:\/\/api.w.org\/{rel}","templated":true}]}}