{"id":56871,"date":"2025-06-15T21:55:53","date_gmt":"2025-06-15T18:55:53","guid":{"rendered":"https:\/\/malinashop.lt\/?post_type=product&#038;p=56871"},"modified":"2026-04-08T00:49:54","modified_gmt":"2026-04-07T21:49:54","slug":"simply-when-future-fresh-pleiskanojima-mazinanti-medvilnine-veido-kauke-1vnt","status":"publish","type":"product","link":"https:\/\/www.malinashop.lt\/lt_lt\/shop\/simply-when-future-fresh-pleiskanojima-mazinanti-medvilnine-veido-kauke-1vnt\/","title":{"rendered":"Simply When\u00ae Future Fresh pleiskanojim\u0105 ma\u017einanti medvilnin\u0117 veido kauk\u0117, 1vnt."},"content":{"rendered":"<p data-start=\"0\" data-end=\"43\"><strong data-start=\"0\" data-end=\"43\">Preki\u0173 i\u0161siuntimas per 1\u20133 darbo dienas<\/strong><\/p>\n<p data-start=\"45\" data-end=\"134\"><strong data-start=\"45\" data-end=\"134\">WHEN veido kauk\u0117 su medetk\u0173 ir medaus ekstraktais \u2013 raminanti, dr\u0117kinanti, atkurianti<\/strong><\/p>\n<p data-start=\"136\" data-end=\"395\">\u0160i \u0161velni, kv\u0117puojanti veido kauk\u0117 pagaminta i\u0161 aplinkai draugi\u0161ko Linter Bemliese\u2122 audinio, kuris puikiai priglunda prie odos, sugeria ir efektyviai perduoda veikli\u0105sias med\u017eiagas. Medvilninis lak\u0161tas yra biologi\u0161kai skaidomas, \u0161velnus net jautriausiai odai.<\/p>\n<p data-start=\"397\" data-end=\"633\">Dr\u0117kinan\u010dioje esencijoje gausu od\u0105 puosel\u0117jan\u010di\u0173 ingredient\u0173 \u2013 vaistini\u0173 medetk\u0173 \u017eied\u0173 ir medaus ekstraktai ramina bei ma\u017eina pleiskanojim\u0105, hialurono r\u016bg\u0161tis intensyviai dr\u0117kina, o augaliniai ekstraktai stiprina odos apsaugin\u012f barjer\u0105.<\/p>\n<p data-start=\"635\" data-end=\"666\"><strong data-start=\"638\" data-end=\"666\">Pagrindiniai privalumai:<\/strong><\/p>\n<ul data-start=\"667\" data-end=\"956\">\n<li data-start=\"667\" data-end=\"776\">\n<p data-start=\"669\" data-end=\"776\"><strong data-start=\"669\" data-end=\"693\">Raminantis poveikis:<\/strong> medetk\u0173 ir arnikos \u017eied\u0173 ekstraktai slopina sudirgimus ir skatina odos atsik\u016brim\u0105.<\/p>\n<\/li>\n<li data-start=\"777\" data-end=\"867\">\n<p data-start=\"779\" data-end=\"867\"><strong data-start=\"779\" data-end=\"804\">Ma\u017eina pleiskanojim\u0105:<\/strong> medus ir alantoinas \u0161velnina od\u0105 ir skatina jos atsinaujinim\u0105.<\/p>\n<\/li>\n<li data-start=\"868\" data-end=\"956\">\n<p data-start=\"870\" data-end=\"956\"><strong data-start=\"870\" data-end=\"891\">Gilus dr\u0117kinimas:<\/strong> hialurono r\u016bg\u0161tis padeda i\u0161laikyti odos elastingum\u0105 ir komfort\u0105.<\/p>\n<\/li>\n<\/ul>\n<p data-start=\"958\" data-end=\"976\"><strong data-start=\"961\" data-end=\"976\">Naudojimas:<\/strong><\/p>\n<ol data-start=\"977\" data-end=\"1135\">\n<li data-start=\"977\" data-end=\"1013\">\n<p data-start=\"980\" data-end=\"1013\">Nuvalykite ir nusausinkite veid\u0105.<\/p>\n<\/li>\n<li data-start=\"1014\" data-end=\"1058\">\n<p data-start=\"1017\" data-end=\"1058\">I\u0161skleiskite kauk\u0119 ir u\u017ed\u0117kite ant veido.<\/p>\n<\/li>\n<li data-start=\"1059\" data-end=\"1135\">\n<p data-start=\"1062\" data-end=\"1135\">Palikite 10\u201320 min., tuomet nuimkite ir \u012fmasa\u017euokite likus\u012f serum\u0105 \u012f od\u0105.<\/p>\n<\/li>\n<\/ol>\n<p data-start=\"1137\" data-end=\"1154\">\u26a0\ufe0f <strong data-start=\"1140\" data-end=\"1154\">\u012esp\u0117jimai:<\/strong><\/p>\n<ul data-start=\"1155\" data-end=\"1311\">\n<li data-start=\"1155\" data-end=\"1182\">\n<p data-start=\"1157\" data-end=\"1182\">Tik i\u0161oriniam naudojimui.<\/p>\n<\/li>\n<li data-start=\"1183\" data-end=\"1212\">\n<p data-start=\"1185\" data-end=\"1212\">Venkite kontakto su akimis.<\/p>\n<\/li>\n<li data-start=\"1213\" data-end=\"1259\">\n<p data-start=\"1215\" data-end=\"1259\">Nenaudoti ant pa\u017eeistos ar sudirgusios odos.<\/p>\n<\/li>\n<li data-start=\"1260\" data-end=\"1311\">\n<p data-start=\"1262\" data-end=\"1311\">Alergin\u0117s reakcijos atveju \u2013 nutraukti naudojim\u0105.<\/p>\n<\/li>\n<\/ul>\n<p data-start=\"1313\" data-end=\"1426\">\ud83d\udce6 <strong data-start=\"1316\" data-end=\"1336\">Laikymo s\u0105lygos:<\/strong><br \/>\nLaikyti v\u0117sioje, sausoje vietoje, vengti tiesiogini\u0173 saul\u0117s spinduli\u0173. Saugoti nuo vaik\u0173.<\/p>\n<p data-start=\"1428\" data-end=\"1894\"><strong data-start=\"1431\" data-end=\"1450\">Sud\u0117tis (INCI):<\/strong><br data-start=\"1450\" data-end=\"1453\" \/>Aqua, Glycerin, Glycereth-26, Phenoxyethanol, Betaine Salicylate, Polysorbate 20, Arginine, Carbomer, Butylene Glycol, <em data-start=\"1572\" data-end=\"1595\">Calendula Officinalis<\/em> Flower Extract, <em data-start=\"1612\" data-end=\"1619\">Honey<\/em> Extract, Allantoin, Disodium EDTA, Ethylhexylglycerin, Sodium Hyaluronate, <em data-start=\"1695\" data-end=\"1717\">Achillea Millefolium<\/em> Extract, <em data-start=\"1727\" data-end=\"1749\">Artemisia Absinthium<\/em> Extract, <em data-start=\"1759\" data-end=\"1775\">Arnica Montana<\/em> Flower Extract, <em data-start=\"1792\" data-end=\"1808\">Gentiana Lutea<\/em> Root Extract, <em data-start=\"1823\" data-end=\"1839\">Illicium Verum<\/em> (Anise) Fruit Extract, Acrylic Acid, Parfum, Limonene.<\/p>\n<p data-start=\"1896\" data-end=\"2001\">WHEN \u2013 dermatologi\u0161kai patikrinta, hipoalergi\u0161ka, netestuota su gyv\u016bnais.<br data-start=\"1969\" data-end=\"1972\" \/><strong data-start=\"1972\" data-end=\"2001\">Pagaminta Piet\u0173 Kor\u0117joje.<\/strong><\/p>\n","protected":false},"excerpt":{"rendered":"<article class=\"text-token-text-primary w-full\" dir=\"auto\" data-testid=\"conversation-turn-60\" data-scroll-anchor=\"true\">\n<div class=\"text-base my-auto mx-auto py-5 [--thread-content-margin:--spacing(4)] @[37rem]:[--thread-content-margin:--spacing(6)] @[72rem]:[--thread-content-margin:--spacing(16)] px-(--thread-content-margin)\">\n<div class=\"[--thread-content-max-width:32rem] @[34rem]:[--thread-content-max-width:40rem] @[64rem]:[--thread-content-max-width:48rem] mx-auto flex max-w-(--thread-content-max-width) flex-1 text-base gap-4 md:gap-5 lg:gap-6 group\/turn-messages focus-visible:outline-hidden\">\n<div class=\"group\/conversation-turn relative flex w-full min-w-0 flex-col agent-turn\">\n<div class=\"relative flex-col gap-1 md:gap-3\">\n<div class=\"flex max-w-full flex-col grow\">\n<div class=\"min-h-8 text-message relative flex w-full flex-col items-end gap-2 text-start break-words whitespace-normal [.text-message+&amp;]:mt-5\" dir=\"auto\" data-message-author-role=\"assistant\" data-message-id=\"589fe88d-4868-4166-a8f8-a90b18c71d84\" data-message-model-slug=\"gpt-4o\">\n<div class=\"flex w-full flex-col gap-1 empty:hidden first:pt-[3px]\">\n<div class=\"markdown prose dark:prose-invert w-full break-words light\">\n<article class=\"text-token-text-primary w-full\" dir=\"auto\" data-testid=\"conversation-turn-64\" data-scroll-anchor=\"true\">\n<div class=\"text-base my-auto mx-auto py-5 [--thread-content-margin:--spacing(4)] @[37rem]:[--thread-content-margin:--spacing(6)] @[72rem]:[--thread-content-margin:--spacing(16)] px-(--thread-content-margin)\">\n<div class=\"[--thread-content-max-width:32rem] @[34rem]:[--thread-content-max-width:40rem] @[64rem]:[--thread-content-max-width:48rem] mx-auto flex max-w-(--thread-content-max-width) flex-1 text-base gap-4 md:gap-5 lg:gap-6 group\/turn-messages focus-visible:outline-hidden\">\n<div class=\"group\/conversation-turn relative flex w-full min-w-0 flex-col agent-turn\">\n<div class=\"relative flex-col gap-1 md:gap-3\">\n<div class=\"flex max-w-full flex-col grow\">\n<div class=\"min-h-8 text-message relative flex w-full flex-col items-end gap-2 text-start break-words whitespace-normal [.text-message+&amp;]:mt-5\" dir=\"auto\" data-message-author-role=\"assistant\" data-message-id=\"699e12ca-a8a9-4876-bb46-a364a3a7704b\" data-message-model-slug=\"gpt-4o\">\n<div class=\"flex w-full flex-col gap-1 empty:hidden first:pt-[3px]\">\n<div class=\"markdown prose dark:prose-invert w-full break-words light\">\n<p data-start=\"530\" data-end=\"711\">\u0160velni 100 % medviln\u0117s lak\u0161tin\u0117 kauk\u0117 su medaus ekstraktu ir betaino salicilatu padeda pa\u0161alinti \u0161iurk\u0161tum\u0105, suma\u017einti pleiskanojim\u0105 ir \u0161velniai atnaujinti odos pavir\u0161i\u0173. Tinka sausai, linkusiai \u012f \u0161erpetojim\u0105 odai.<\/p>\n<\/div>\n<\/div>\n<\/div>\n<\/div>\n<div class=\"flex min-h-[46px] justify-start\">\n<div class=\"touch:-me-2 touch:-ms-3.5 -ms-2.5 -me-1 flex flex-wrap items-center gap-y-4 p-1 select-none touch:w-[calc(100%+--spacing(3.5))] -mt-1 w-[calc(100%+--spacing(2.5))] duration-[1.5s] focus-within:transition-none hover:transition-none pointer-events-none [mask-image:linear-gradient(to_right,black_33%,transparent_66%)] [mask-size:300%_100%] [mask-position:100%_0%] motion-safe:transition-[mask-position] group-hover\/turn-messages:pointer-events-auto group-hover\/turn-messages:[mask-position:0_0] group-focus-within\/turn-messages:pointer-events-auto group-focus-within\/turn-messages:[mask-position:0_0] has-data-[state=open]:pointer-events-auto has-data-[state=open]:[mask-position:0_0]\">\n<div class=\"flex items-center\"><\/div>\n<\/div>\n<\/div>\n<div class=\"mt-3 w-full empty:hidden\">\n<div class=\"text-center\"><\/div>\n<\/div>\n<\/div>\n<div class=\"absolute\">\n<div class=\"flex items-center justify-center\"><\/div>\n<\/div>\n<\/div>\n<\/div>\n<\/div>\n<\/article>\n<div class=\"pointer-events-none h-px w-px\" aria-hidden=\"true\" data-edge=\"true\"><\/div>\n<\/div>\n<\/div>\n<\/div>\n<\/div>\n<div class=\"flex min-h-[46px] justify-start\">\n<div class=\"touch:-me-2 touch:-ms-3.5 -ms-2.5 -me-1 flex flex-wrap items-center gap-y-4 p-1 select-none touch:w-[calc(100%+--spacing(3.5))] -mt-1 w-[calc(100%+--spacing(2.5))] duration-[1.5s] focus-within:transition-none hover:transition-none pointer-events-none [mask-image:linear-gradient(to_right,black_33%,transparent_66%)] [mask-size:300%_100%] [mask-position:100%_0%] motion-safe:transition-[mask-position] group-hover\/turn-messages:pointer-events-auto group-hover\/turn-messages:[mask-position:0_0] group-focus-within\/turn-messages:pointer-events-auto group-focus-within\/turn-messages:[mask-position:0_0] has-data-[state=open]:pointer-events-auto has-data-[state=open]:[mask-position:0_0]\">\n<p>&nbsp;<\/p>\n<div class=\"flex items-center\"><\/div>\n<\/div>\n<\/div>\n<div class=\"mt-3 w-full empty:hidden\">\n<div class=\"text-center\"><\/div>\n<\/div>\n<\/div>\n<div class=\"absolute\">\n<div class=\"flex items-center justify-center\"><\/div>\n<\/div>\n<\/div>\n<\/div>\n<\/div>\n<\/article>\n<div class=\"pointer-events-none h-px w-px\" aria-hidden=\"true\" data-edge=\"true\"><\/div>\n","protected":false},"featured_media":56873,"template":"","meta":[],"product_brand":[1348],"product_cat":[1136,562,827,728],"product_tag":[1629],"class_list":{"0":"post-56871","1":"product","2":"type-product","3":"status-publish","4":"has-post-thumbnail","6":"product_brand-when","7":"product_cat-lakstines-veido-kaukes","8":"product_cat-sandelio-valymas","9":"product_cat-veido-prieziuros-priemoniu-rinkiniai","10":"product_cat-veidui","11":"product_tag-when","13":"first","14":"instock","15":"sale","16":"taxable","17":"shipping-taxable","18":"purchasable","19":"product-type-simple"},"yoast_head":"<!-- This site is optimized with the Yoast SEO plugin v27.4 - https:\/\/yoast.com\/product\/yoast-seo-wordpress\/ -->\n<title>Simply When\u00ae Future Fresh pleiskanojim\u0105 ma\u017einanti medvilnin\u0117 veido kauk\u0117, 1vnt. - MalinaShop.lt J\u016bs\u0173 sveikatai ir gro\u017eiui.<\/title>\n<meta name=\"description\" content=\"\u0160velni 100 % medviln\u0117s lak\u0161tin\u0117 kauk\u0117 su medaus ekstraktu ir betaino salicilatu padeda pa\u0161alinti \u0161iurk\u0161tum\u0105, suma\u017einti pleiskanojim\u0105 ir \u0161velniai atnaujinti odos pavir\u0161i\u0173. Tinka sausai, linkusiai \u012f \u0161erpetojim\u0105 odai.                              &nbsp; Veido kauk\u0117 su medetkomis ir medumi \u2013 \u0161velnina, dr\u0117kina ir ramina pleiskanojan\u010di\u0105 od\u0105.\" \/>\n<meta name=\"robots\" content=\"index, follow, max-snippet:-1, max-image-preview:large, max-video-preview:-1\" \/>\n<link rel=\"canonical\" href=\"https:\/\/www.malinashop.lt\/lt_lt\/shop\/simply-when-future-fresh-pleiskanojima-mazinanti-medvilnine-veido-kauke-1vnt\/\" \/>\n<meta property=\"og:locale\" content=\"lt_LT\" \/>\n<meta property=\"og:type\" content=\"article\" \/>\n<meta property=\"og:title\" content=\"Simply When\u00ae Future Fresh pleiskanojim\u0105 ma\u017einanti medvilnin\u0117 veido kauk\u0117, 1vnt. - MalinaShop.lt J\u016bs\u0173 sveikatai ir gro\u017eiui.\" \/>\n<meta property=\"og:description\" content=\"\u0160velni 100 % medviln\u0117s lak\u0161tin\u0117 kauk\u0117 su medaus ekstraktu ir betaino salicilatu padeda pa\u0161alinti \u0161iurk\u0161tum\u0105, suma\u017einti pleiskanojim\u0105 ir \u0161velniai atnaujinti odos pavir\u0161i\u0173. Tinka sausai, linkusiai \u012f \u0161erpetojim\u0105 odai.                              &nbsp; Veido kauk\u0117 su medetkomis ir medumi \u2013 \u0161velnina, dr\u0117kina ir ramina pleiskanojan\u010di\u0105 od\u0105.\" \/>\n<meta property=\"og:url\" content=\"https:\/\/www.malinashop.lt\/lt_lt\/shop\/simply-when-future-fresh-pleiskanojima-mazinanti-medvilnine-veido-kauke-1vnt\/\" \/>\n<meta property=\"og:site_name\" content=\"MalinaShop.lt J\u016bs\u0173 sveikatai ir gro\u017eiui.\" \/>\n<meta property=\"article:modified_time\" content=\"2026-04-07T21:49:54+00:00\" \/>\n<meta property=\"og:image\" content=\"https:\/\/www.malinashop.lt\/wp-content\/uploads\/2025\/06\/Simply-When\u00ae-Future-Fresh-pleiskanojima-mazinanti-medvilnine-veido-kauke-1vnt.webp\" \/>\n\t<meta property=\"og:image:width\" content=\"768\" \/>\n\t<meta property=\"og:image:height\" content=\"768\" \/>\n\t<meta property=\"og:image:type\" content=\"image\/webp\" \/>\n<meta name=\"twitter:card\" content=\"summary_large_image\" \/>\n<script type=\"application\/ld+json\" class=\"yoast-schema-graph\">{\"@context\":\"https:\\\/\\\/schema.org\",\"@graph\":[{\"@type\":\"WebPage\",\"@id\":\"https:\\\/\\\/www.malinashop.lt\\\/lt_lt\\\/shop\\\/simply-when-future-fresh-pleiskanojima-mazinanti-medvilnine-veido-kauke-1vnt\\\/\",\"url\":\"https:\\\/\\\/www.malinashop.lt\\\/lt_lt\\\/shop\\\/simply-when-future-fresh-pleiskanojima-mazinanti-medvilnine-veido-kauke-1vnt\\\/\",\"name\":\"Simply When\u00ae Future Fresh pleiskanojim\u0105 ma\u017einanti medvilnin\u0117 veido kauk\u0117, 1vnt. - MalinaShop.lt J\u016bs\u0173 sveikatai ir gro\u017eiui.\",\"isPartOf\":{\"@id\":\"https:\\\/\\\/www.malinashop.lt\\\/en\\\/#website\"},\"primaryImageOfPage\":{\"@id\":\"https:\\\/\\\/www.malinashop.lt\\\/lt_lt\\\/shop\\\/simply-when-future-fresh-pleiskanojima-mazinanti-medvilnine-veido-kauke-1vnt\\\/#primaryimage\"},\"image\":{\"@id\":\"https:\\\/\\\/www.malinashop.lt\\\/lt_lt\\\/shop\\\/simply-when-future-fresh-pleiskanojima-mazinanti-medvilnine-veido-kauke-1vnt\\\/#primaryimage\"},\"thumbnailUrl\":\"https:\\\/\\\/www.malinashop.lt\\\/wp-content\\\/uploads\\\/2025\\\/06\\\/Simply-When\u00ae-Future-Fresh-pleiskanojima-mazinanti-medvilnine-veido-kauke-1vnt.webp\",\"datePublished\":\"2025-06-15T18:55:53+00:00\",\"dateModified\":\"2026-04-07T21:49:54+00:00\",\"description\":\"\u0160velni 100 % medviln\u0117s lak\u0161tin\u0117 kauk\u0117 su medaus ekstraktu ir betaino salicilatu padeda pa\u0161alinti \u0161iurk\u0161tum\u0105, suma\u017einti pleiskanojim\u0105 ir \u0161velniai atnaujinti odos pavir\u0161i\u0173. Tinka sausai, linkusiai \u012f \u0161erpetojim\u0105 odai. &nbsp; Veido kauk\u0117 su medetkomis ir medumi \u2013 \u0161velnina, dr\u0117kina ir ramina pleiskanojan\u010di\u0105 od\u0105.\",\"breadcrumb\":{\"@id\":\"https:\\\/\\\/www.malinashop.lt\\\/lt_lt\\\/shop\\\/simply-when-future-fresh-pleiskanojima-mazinanti-medvilnine-veido-kauke-1vnt\\\/#breadcrumb\"},\"inLanguage\":\"lt-LT\",\"potentialAction\":[{\"@type\":\"ReadAction\",\"target\":[\"https:\\\/\\\/www.malinashop.lt\\\/lt_lt\\\/shop\\\/simply-when-future-fresh-pleiskanojima-mazinanti-medvilnine-veido-kauke-1vnt\\\/\"]}]},{\"@type\":\"ImageObject\",\"inLanguage\":\"lt-LT\",\"@id\":\"https:\\\/\\\/www.malinashop.lt\\\/lt_lt\\\/shop\\\/simply-when-future-fresh-pleiskanojima-mazinanti-medvilnine-veido-kauke-1vnt\\\/#primaryimage\",\"url\":\"https:\\\/\\\/www.malinashop.lt\\\/wp-content\\\/uploads\\\/2025\\\/06\\\/Simply-When\u00ae-Future-Fresh-pleiskanojima-mazinanti-medvilnine-veido-kauke-1vnt.webp\",\"contentUrl\":\"https:\\\/\\\/www.malinashop.lt\\\/wp-content\\\/uploads\\\/2025\\\/06\\\/Simply-When\u00ae-Future-Fresh-pleiskanojima-mazinanti-medvilnine-veido-kauke-1vnt.webp\",\"width\":768,\"height\":768},{\"@type\":\"BreadcrumbList\",\"@id\":\"https:\\\/\\\/www.malinashop.lt\\\/lt_lt\\\/shop\\\/simply-when-future-fresh-pleiskanojima-mazinanti-medvilnine-veido-kauke-1vnt\\\/#breadcrumb\",\"itemListElement\":[{\"@type\":\"ListItem\",\"position\":1,\"name\":\"Home\",\"item\":\"https:\\\/\\\/www.malinashop.lt\\\/en\\\/\"},{\"@type\":\"ListItem\",\"position\":2,\"name\":\"Parduotuv\u0117\",\"item\":\"https:\\\/\\\/www.malinashop.lt\\\/en\\\/parduotuve\\\/\"},{\"@type\":\"ListItem\",\"position\":3,\"name\":\"Simply When\u00ae Future Fresh pleiskanojim\u0105 ma\u017einanti medvilnin\u0117 veido kauk\u0117, 1vnt.\"}]},{\"@type\":\"WebSite\",\"@id\":\"https:\\\/\\\/www.malinashop.lt\\\/en\\\/#website\",\"url\":\"https:\\\/\\\/www.malinashop.lt\\\/en\\\/\",\"name\":\"COM Group Ecommerce\",\"description\":\"MalinaShop.lt - Gro\u017eio ir sveikatos produktai i\u0161 patikim\u0173 preki\u0173 \u017eenkl\u0173. Atraskite auk\u0161tos kokyb\u0117s kosmetik\u0105 u\u017e puiki\u0105 kain\u0105.\",\"publisher\":{\"@id\":\"https:\\\/\\\/www.malinashop.lt\\\/en\\\/#organization\"},\"potentialAction\":[{\"@type\":\"SearchAction\",\"target\":{\"@type\":\"EntryPoint\",\"urlTemplate\":\"https:\\\/\\\/www.malinashop.lt\\\/en\\\/?s={search_term_string}\"},\"query-input\":{\"@type\":\"PropertyValueSpecification\",\"valueRequired\":true,\"valueName\":\"search_term_string\"}}],\"inLanguage\":\"lt-LT\"},{\"@type\":\"Organization\",\"@id\":\"https:\\\/\\\/www.malinashop.lt\\\/en\\\/#organization\",\"name\":\"COM Group Ecommerce\",\"url\":\"https:\\\/\\\/www.malinashop.lt\\\/en\\\/\",\"logo\":{\"@type\":\"ImageObject\",\"inLanguage\":\"lt-LT\",\"@id\":\"https:\\\/\\\/www.malinashop.lt\\\/en\\\/#\\\/schema\\\/logo\\\/image\\\/\",\"url\":\"https:\\\/\\\/www.malinashop.lt\\\/wp-content\\\/uploads\\\/2024\\\/08\\\/462559670_3787732518133670_9795632669273463_n-e1731525914575.png\",\"contentUrl\":\"https:\\\/\\\/www.malinashop.lt\\\/wp-content\\\/uploads\\\/2024\\\/08\\\/462559670_3787732518133670_9795632669273463_n-e1731525914575.png\",\"width\":180,\"height\":60,\"caption\":\"COM Group Ecommerce\"},\"image\":{\"@id\":\"https:\\\/\\\/www.malinashop.lt\\\/en\\\/#\\\/schema\\\/logo\\\/image\\\/\"}}]}<\/script>\n<!-- \/ Yoast SEO plugin. -->","yoast_head_json":{"title":"Simply When\u00ae Future Fresh pleiskanojim\u0105 ma\u017einanti medvilnin\u0117 veido kauk\u0117, 1vnt. - MalinaShop.lt J\u016bs\u0173 sveikatai ir gro\u017eiui.","description":"\u0160velni 100 % medviln\u0117s lak\u0161tin\u0117 kauk\u0117 su medaus ekstraktu ir betaino salicilatu padeda pa\u0161alinti \u0161iurk\u0161tum\u0105, suma\u017einti pleiskanojim\u0105 ir \u0161velniai atnaujinti odos pavir\u0161i\u0173. Tinka sausai, linkusiai \u012f \u0161erpetojim\u0105 odai.                              &nbsp; Veido kauk\u0117 su medetkomis ir medumi \u2013 \u0161velnina, dr\u0117kina ir ramina pleiskanojan\u010di\u0105 od\u0105.","robots":{"index":"index","follow":"follow","max-snippet":"max-snippet:-1","max-image-preview":"max-image-preview:large","max-video-preview":"max-video-preview:-1"},"canonical":"https:\/\/www.malinashop.lt\/lt_lt\/shop\/simply-when-future-fresh-pleiskanojima-mazinanti-medvilnine-veido-kauke-1vnt\/","og_locale":"lt_LT","og_type":"article","og_title":"Simply When\u00ae Future Fresh pleiskanojim\u0105 ma\u017einanti medvilnin\u0117 veido kauk\u0117, 1vnt. - MalinaShop.lt J\u016bs\u0173 sveikatai ir gro\u017eiui.","og_description":"\u0160velni 100 % medviln\u0117s lak\u0161tin\u0117 kauk\u0117 su medaus ekstraktu ir betaino salicilatu padeda pa\u0161alinti \u0161iurk\u0161tum\u0105, suma\u017einti pleiskanojim\u0105 ir \u0161velniai atnaujinti odos pavir\u0161i\u0173. Tinka sausai, linkusiai \u012f \u0161erpetojim\u0105 odai.                              &nbsp; Veido kauk\u0117 su medetkomis ir medumi \u2013 \u0161velnina, dr\u0117kina ir ramina pleiskanojan\u010di\u0105 od\u0105.","og_url":"https:\/\/www.malinashop.lt\/lt_lt\/shop\/simply-when-future-fresh-pleiskanojima-mazinanti-medvilnine-veido-kauke-1vnt\/","og_site_name":"MalinaShop.lt J\u016bs\u0173 sveikatai ir gro\u017eiui.","article_modified_time":"2026-04-07T21:49:54+00:00","og_image":[{"width":768,"height":768,"url":"https:\/\/www.malinashop.lt\/wp-content\/uploads\/2025\/06\/Simply-When\u00ae-Future-Fresh-pleiskanojima-mazinanti-medvilnine-veido-kauke-1vnt.webp","type":"image\/webp"}],"twitter_card":"summary_large_image","schema":{"@context":"https:\/\/schema.org","@graph":[{"@type":"WebPage","@id":"https:\/\/www.malinashop.lt\/lt_lt\/shop\/simply-when-future-fresh-pleiskanojima-mazinanti-medvilnine-veido-kauke-1vnt\/","url":"https:\/\/www.malinashop.lt\/lt_lt\/shop\/simply-when-future-fresh-pleiskanojima-mazinanti-medvilnine-veido-kauke-1vnt\/","name":"Simply When\u00ae Future Fresh pleiskanojim\u0105 ma\u017einanti medvilnin\u0117 veido kauk\u0117, 1vnt. - MalinaShop.lt J\u016bs\u0173 sveikatai ir gro\u017eiui.","isPartOf":{"@id":"https:\/\/www.malinashop.lt\/en\/#website"},"primaryImageOfPage":{"@id":"https:\/\/www.malinashop.lt\/lt_lt\/shop\/simply-when-future-fresh-pleiskanojima-mazinanti-medvilnine-veido-kauke-1vnt\/#primaryimage"},"image":{"@id":"https:\/\/www.malinashop.lt\/lt_lt\/shop\/simply-when-future-fresh-pleiskanojima-mazinanti-medvilnine-veido-kauke-1vnt\/#primaryimage"},"thumbnailUrl":"https:\/\/www.malinashop.lt\/wp-content\/uploads\/2025\/06\/Simply-When\u00ae-Future-Fresh-pleiskanojima-mazinanti-medvilnine-veido-kauke-1vnt.webp","datePublished":"2025-06-15T18:55:53+00:00","dateModified":"2026-04-07T21:49:54+00:00","description":"\u0160velni 100 % medviln\u0117s lak\u0161tin\u0117 kauk\u0117 su medaus ekstraktu ir betaino salicilatu padeda pa\u0161alinti \u0161iurk\u0161tum\u0105, suma\u017einti pleiskanojim\u0105 ir \u0161velniai atnaujinti odos pavir\u0161i\u0173. Tinka sausai, linkusiai \u012f \u0161erpetojim\u0105 odai. &nbsp; Veido kauk\u0117 su medetkomis ir medumi \u2013 \u0161velnina, dr\u0117kina ir ramina pleiskanojan\u010di\u0105 od\u0105.","breadcrumb":{"@id":"https:\/\/www.malinashop.lt\/lt_lt\/shop\/simply-when-future-fresh-pleiskanojima-mazinanti-medvilnine-veido-kauke-1vnt\/#breadcrumb"},"inLanguage":"lt-LT","potentialAction":[{"@type":"ReadAction","target":["https:\/\/www.malinashop.lt\/lt_lt\/shop\/simply-when-future-fresh-pleiskanojima-mazinanti-medvilnine-veido-kauke-1vnt\/"]}]},{"@type":"ImageObject","inLanguage":"lt-LT","@id":"https:\/\/www.malinashop.lt\/lt_lt\/shop\/simply-when-future-fresh-pleiskanojima-mazinanti-medvilnine-veido-kauke-1vnt\/#primaryimage","url":"https:\/\/www.malinashop.lt\/wp-content\/uploads\/2025\/06\/Simply-When\u00ae-Future-Fresh-pleiskanojima-mazinanti-medvilnine-veido-kauke-1vnt.webp","contentUrl":"https:\/\/www.malinashop.lt\/wp-content\/uploads\/2025\/06\/Simply-When\u00ae-Future-Fresh-pleiskanojima-mazinanti-medvilnine-veido-kauke-1vnt.webp","width":768,"height":768},{"@type":"BreadcrumbList","@id":"https:\/\/www.malinashop.lt\/lt_lt\/shop\/simply-when-future-fresh-pleiskanojima-mazinanti-medvilnine-veido-kauke-1vnt\/#breadcrumb","itemListElement":[{"@type":"ListItem","position":1,"name":"Home","item":"https:\/\/www.malinashop.lt\/en\/"},{"@type":"ListItem","position":2,"name":"Parduotuv\u0117","item":"https:\/\/www.malinashop.lt\/en\/parduotuve\/"},{"@type":"ListItem","position":3,"name":"Simply When\u00ae Future Fresh pleiskanojim\u0105 ma\u017einanti medvilnin\u0117 veido kauk\u0117, 1vnt."}]},{"@type":"WebSite","@id":"https:\/\/www.malinashop.lt\/en\/#website","url":"https:\/\/www.malinashop.lt\/en\/","name":"COM Group Ecommerce","description":"MalinaShop.lt - Gro\u017eio ir sveikatos produktai i\u0161 patikim\u0173 preki\u0173 \u017eenkl\u0173. Atraskite auk\u0161tos kokyb\u0117s kosmetik\u0105 u\u017e puiki\u0105 kain\u0105.","publisher":{"@id":"https:\/\/www.malinashop.lt\/en\/#organization"},"potentialAction":[{"@type":"SearchAction","target":{"@type":"EntryPoint","urlTemplate":"https:\/\/www.malinashop.lt\/en\/?s={search_term_string}"},"query-input":{"@type":"PropertyValueSpecification","valueRequired":true,"valueName":"search_term_string"}}],"inLanguage":"lt-LT"},{"@type":"Organization","@id":"https:\/\/www.malinashop.lt\/en\/#organization","name":"COM Group Ecommerce","url":"https:\/\/www.malinashop.lt\/en\/","logo":{"@type":"ImageObject","inLanguage":"lt-LT","@id":"https:\/\/www.malinashop.lt\/en\/#\/schema\/logo\/image\/","url":"https:\/\/www.malinashop.lt\/wp-content\/uploads\/2024\/08\/462559670_3787732518133670_9795632669273463_n-e1731525914575.png","contentUrl":"https:\/\/www.malinashop.lt\/wp-content\/uploads\/2024\/08\/462559670_3787732518133670_9795632669273463_n-e1731525914575.png","width":180,"height":60,"caption":"COM Group Ecommerce"},"image":{"@id":"https:\/\/www.malinashop.lt\/en\/#\/schema\/logo\/image\/"}}]}},"jetpack_sharing_enabled":true,"_links":{"self":[{"href":"https:\/\/www.malinashop.lt\/lt_lt\/wp-json\/wp\/v2\/product\/56871","targetHints":{"allow":["GET"]}}],"collection":[{"href":"https:\/\/www.malinashop.lt\/lt_lt\/wp-json\/wp\/v2\/product"}],"about":[{"href":"https:\/\/www.malinashop.lt\/lt_lt\/wp-json\/wp\/v2\/types\/product"}],"version-history":[{"count":2,"href":"https:\/\/www.malinashop.lt\/lt_lt\/wp-json\/wp\/v2\/product\/56871\/revisions"}],"predecessor-version":[{"id":57953,"href":"https:\/\/www.malinashop.lt\/lt_lt\/wp-json\/wp\/v2\/product\/56871\/revisions\/57953"}],"wp:featuredmedia":[{"embeddable":true,"href":"https:\/\/www.malinashop.lt\/lt_lt\/wp-json\/wp\/v2\/media\/56873"}],"wp:attachment":[{"href":"https:\/\/www.malinashop.lt\/lt_lt\/wp-json\/wp\/v2\/media?parent=56871"}],"wp:term":[{"taxonomy":"product_brand","embeddable":true,"href":"https:\/\/www.malinashop.lt\/lt_lt\/wp-json\/wp\/v2\/product_brand?post=56871"},{"taxonomy":"product_cat","embeddable":true,"href":"https:\/\/www.malinashop.lt\/lt_lt\/wp-json\/wp\/v2\/product_cat?post=56871"},{"taxonomy":"product_tag","embeddable":true,"href":"https:\/\/www.malinashop.lt\/lt_lt\/wp-json\/wp\/v2\/product_tag?post=56871"}],"curies":[{"name":"wp","href":"https:\/\/api.w.org\/{rel}","templated":true}]}}