{"id":56855,"date":"2025-06-15T21:34:12","date_gmt":"2025-06-15T18:34:12","guid":{"rendered":"https:\/\/malinashop.lt\/?post_type=product&#038;p=56855"},"modified":"2026-04-08T00:49:55","modified_gmt":"2026-04-07T21:49:55","slug":"simply-when-cosmic-calm-raminanti-medvilnes-veido-kauke-1vnt","status":"publish","type":"product","link":"https:\/\/www.malinashop.lt\/lt_lt\/shop\/simply-when-cosmic-calm-raminanti-medvilnes-veido-kauke-1vnt\/","title":{"rendered":"Simply When\u00ae Cosmic Calm raminanti medviln\u0117s veido kauk\u0117, 1vnt."},"content":{"rendered":"<p data-start=\"0\" data-end=\"43\"><strong data-start=\"0\" data-end=\"43\">Preki\u0173 i\u0161siuntimas per 1\u20133 darbo dienas<\/strong><\/p>\n<p data-start=\"45\" data-end=\"140\"><strong data-start=\"45\" data-end=\"140\">WHEN medvilnin\u0117 veido kauk\u0117 su hialuronu ir arnikos ekstraktu \u2013 \u0161velni dr\u0117gm\u0117 jautriai odai<\/strong><\/p>\n<p data-start=\"142\" data-end=\"463\">\u0160i lengva ir kv\u0117puojanti veido kauk\u0117 sukurta i\u0161 itin mink\u0161tos, ekologi\u0161kos medviln\u0117s Linter Bemliese\u2122 \u2013 med\u017eiagos, pasi\u017eymin\u010dios i\u0161skirtiniu \u0161velnumu ir geb\u0117jimu optimaliai perduoti odai naudingas med\u017eiagas. Jos audinys pagamintas i\u0161 100 % biologi\u0161kai skaid\u017ei\u0173 pluo\u0161t\u0173, tod\u0117l yra ne tik \u0161velnus, bet ir draugi\u0161kas gamtai.<\/p>\n<p data-start=\"465\" data-end=\"706\">Formul\u0117je \u2013 hialurono r\u016bg\u0161tis, augal\u0173 ekstraktai ir nat\u016bral\u016bs aliejai, kurie giliai dr\u0117kina, ramina bei padeda atkurti pavargusi\u0105, jautri\u0105 ar sudirgusi\u0105 od\u0105. Kauk\u0117 tinka vis\u0173 tip\u0173 odai, ypa\u010d rekomenduojama jautriai ar linkusiai \u012f sudirgimus.<\/p>\n<p data-start=\"708\" data-end=\"739\"><strong data-start=\"711\" data-end=\"739\">Pagrindiniai privalumai:<\/strong><\/p>\n<ul data-start=\"740\" data-end=\"1126\">\n<li data-start=\"740\" data-end=\"824\">\n<p data-start=\"742\" data-end=\"824\"><strong data-start=\"742\" data-end=\"763\">Intensyvi dr\u0117gm\u0117:<\/strong> hialurono r\u016bg\u0161tis giliai dr\u0117kina, saugo od\u0105 nuo i\u0161saus\u0117jimo.<\/p>\n<\/li>\n<li data-start=\"825\" data-end=\"929\">\n<p data-start=\"827\" data-end=\"929\"><strong data-start=\"827\" data-end=\"848\">Odos nuraminimas:<\/strong> arnikos, medetk\u0173, krauja\u017eol\u0117s ir k\u0117\u010dio ekstraktai ramina ir atstato jautri\u0105 od\u0105.<\/p>\n<\/li>\n<li data-start=\"930\" data-end=\"1037\">\n<p data-start=\"932\" data-end=\"1037\"><strong data-start=\"932\" data-end=\"960\">Antibakterinis poveikis:<\/strong> arbatmed\u017eio aliejus ir any\u017ei\u0173 ekstraktas padeda palaikyti \u0161vari\u0105 odos b\u016bkl\u0119.<\/p>\n<\/li>\n<li data-start=\"1038\" data-end=\"1126\">\n<p data-start=\"1040\" data-end=\"1126\"><strong data-start=\"1040\" data-end=\"1058\">Tvari sud\u0117tis:<\/strong> Bemliese\u2122 audinys yra biologi\u0161kai skaidomas ir draugi\u0161kas aplinkai.<\/p>\n<\/li>\n<\/ul>\n<p data-start=\"1128\" data-end=\"1146\"><strong data-start=\"1131\" data-end=\"1146\">Naudojimas:<\/strong><\/p>\n<ol data-start=\"1147\" data-end=\"1342\">\n<li data-start=\"1147\" data-end=\"1183\">\n<p data-start=\"1150\" data-end=\"1183\">Nuvalykite ir nusausinkite veid\u0105.<\/p>\n<\/li>\n<li data-start=\"1184\" data-end=\"1231\">\n<p data-start=\"1187\" data-end=\"1231\">I\u0161skleiskite kauk\u0119 ir u\u017ed\u0117kite j\u0105 ant veido.<\/p>\n<\/li>\n<li data-start=\"1232\" data-end=\"1279\">\n<p data-start=\"1235\" data-end=\"1279\">Kruop\u0161\u010diai i\u0161lyginkite, kad gerai priglust\u0173.<\/p>\n<\/li>\n<li data-start=\"1280\" data-end=\"1342\">\n<p data-start=\"1283\" data-end=\"1342\">Po 10\u201320 min. nuimkite, o likus\u012f serum\u0105 \u012fmasa\u017euokite \u012f od\u0105.<\/p>\n<\/li>\n<\/ol>\n<p data-start=\"1344\" data-end=\"1361\">\u26a0\ufe0f <strong data-start=\"1347\" data-end=\"1361\">\u012esp\u0117jimai:<\/strong><\/p>\n<ul data-start=\"1362\" data-end=\"1551\">\n<li data-start=\"1362\" data-end=\"1414\">\n<p data-start=\"1364\" data-end=\"1414\">Naudoti tik i\u0161ori\u0161kai, venkite kontakto su akimis.<\/p>\n<\/li>\n<li data-start=\"1415\" data-end=\"1473\">\n<p data-start=\"1417\" data-end=\"1473\">Nenaudoti ant pa\u017eeistos, nudegintos ar sudirgusios odos.<\/p>\n<\/li>\n<li data-start=\"1474\" data-end=\"1551\">\n<p data-start=\"1476\" data-end=\"1551\">Jei atsiranda dirginimas, nutraukite naudojim\u0105 ir kreipkit\u0117s \u012f dermatolog\u0105.<\/p>\n<\/li>\n<\/ul>\n<p data-start=\"1553\" data-end=\"1685\">\ud83d\udce6 <strong data-start=\"1556\" data-end=\"1569\">Laikymas:<\/strong><br \/>\nLaikyti v\u0117sioje, sausoje vietoje, saugoti nuo tiesiogini\u0173 saul\u0117s spinduli\u0173. Laikyti vaikams nepasiekiamoje vietoje.<\/p>\n<p data-start=\"1687\" data-end=\"2056\"><strong data-start=\"1690\" data-end=\"1709\">Sud\u0117tis (INCI):<\/strong><br data-start=\"1709\" data-end=\"1712\" \/>Aqua, Glycerin, Butylene Glycol, Sodium Hyaluronate, Melaleuca Alternifolia Leaf Oil, Illicium Verum Fruit Extract, Calendula Officinalis Flower Extract, Gentiana Lutea Root Extract, Achillea Millefolium Extract, Artemisia Absinthium Extract, Arnica Montana Flower Extract, Phenoxyethanol, Carbomer, Allantoin, Arginine, Parfum, Limonene ir kt.<\/p>\n<p data-start=\"2058\" data-end=\"2203\">WHEN medvilnin\u0117s kauk\u0117s \u2013 tai dermatologi\u0161kai patikrinti, hipoalergi\u0161ki produktai be paraben\u0173 ir bandym\u0173 su gyv\u016bnais.<br data-start=\"2175\" data-end=\"2178\" \/>Pagaminta Piet\u0173 Kor\u0117joje.<\/p>\n","protected":false},"excerpt":{"rendered":"<article class=\"text-token-text-primary w-full\" dir=\"auto\" data-testid=\"conversation-turn-60\" data-scroll-anchor=\"true\">\n<div class=\"text-base my-auto mx-auto py-5 [--thread-content-margin:--spacing(4)] @[37rem]:[--thread-content-margin:--spacing(6)] @[72rem]:[--thread-content-margin:--spacing(16)] px-(--thread-content-margin)\">\n<div class=\"[--thread-content-max-width:32rem] @[34rem]:[--thread-content-max-width:40rem] @[64rem]:[--thread-content-max-width:48rem] mx-auto flex max-w-(--thread-content-max-width) flex-1 text-base gap-4 md:gap-5 lg:gap-6 group\/turn-messages focus-visible:outline-hidden\">\n<div class=\"group\/conversation-turn relative flex w-full min-w-0 flex-col agent-turn\">\n<div class=\"relative flex-col gap-1 md:gap-3\">\n<div class=\"flex max-w-full flex-col grow\">\n<div class=\"min-h-8 text-message relative flex w-full flex-col items-end gap-2 text-start break-words whitespace-normal [.text-message+&amp;]:mt-5\" dir=\"auto\" data-message-author-role=\"assistant\" data-message-id=\"589fe88d-4868-4166-a8f8-a90b18c71d84\" data-message-model-slug=\"gpt-4o\">\n<div class=\"flex w-full flex-col gap-1 empty:hidden first:pt-[3px]\">\n<div class=\"markdown prose dark:prose-invert w-full break-words light\">\n<article class=\"text-token-text-primary w-full\" dir=\"auto\" data-testid=\"conversation-turn-64\" data-scroll-anchor=\"true\">\n<div class=\"text-base my-auto mx-auto py-5 [--thread-content-margin:--spacing(4)] @[37rem]:[--thread-content-margin:--spacing(6)] @[72rem]:[--thread-content-margin:--spacing(16)] px-(--thread-content-margin)\">\n<div class=\"[--thread-content-max-width:32rem] @[34rem]:[--thread-content-max-width:40rem] @[64rem]:[--thread-content-max-width:48rem] mx-auto flex max-w-(--thread-content-max-width) flex-1 text-base gap-4 md:gap-5 lg:gap-6 group\/turn-messages focus-visible:outline-hidden\">\n<div class=\"group\/conversation-turn relative flex w-full min-w-0 flex-col agent-turn\">\n<div class=\"relative flex-col gap-1 md:gap-3\">\n<div class=\"flex max-w-full flex-col grow\">\n<div class=\"min-h-8 text-message relative flex w-full flex-col items-end gap-2 text-start break-words whitespace-normal [.text-message+&amp;]:mt-5\" dir=\"auto\" data-message-author-role=\"assistant\" data-message-id=\"699e12ca-a8a9-4876-bb46-a364a3a7704b\" data-message-model-slug=\"gpt-4o\">\n<div class=\"flex w-full flex-col gap-1 empty:hidden first:pt-[3px]\">\n<div class=\"markdown prose dark:prose-invert w-full break-words light\">\n<p data-start=\"562\" data-end=\"768\">Lak\u0161tin\u0117 veido kauk\u0117 i\u0161 itin \u0161velnaus 100 % medviln\u0117s pluo\u0161to Bemliese\u2122 yra prisotinta arbatmed\u017eio aliejaus, medetk\u0173 ir arnikos ekstrakt\u0173. Padeda nuraminti, valyti ir subalansuoti jautri\u0105 ar sudirgusi\u0105 od\u0105.<\/p>\n<\/div>\n<\/div>\n<\/div>\n<\/div>\n<div class=\"flex min-h-[46px] justify-start\">\n<div class=\"touch:-me-2 touch:-ms-3.5 -ms-2.5 -me-1 flex flex-wrap items-center gap-y-4 p-1 select-none touch:w-[calc(100%+--spacing(3.5))] -mt-1 w-[calc(100%+--spacing(2.5))] duration-[1.5s] focus-within:transition-none hover:transition-none pointer-events-none [mask-image:linear-gradient(to_right,black_33%,transparent_66%)] [mask-size:300%_100%] [mask-position:100%_0%] motion-safe:transition-[mask-position] group-hover\/turn-messages:pointer-events-auto group-hover\/turn-messages:[mask-position:0_0] group-focus-within\/turn-messages:pointer-events-auto group-focus-within\/turn-messages:[mask-position:0_0] has-data-[state=open]:pointer-events-auto has-data-[state=open]:[mask-position:0_0]\">\n<div class=\"flex items-center\"><\/div>\n<\/div>\n<\/div>\n<div class=\"mt-3 w-full empty:hidden\">\n<div class=\"text-center\"><\/div>\n<\/div>\n<\/div>\n<div class=\"absolute\">\n<div class=\"flex items-center justify-center\"><\/div>\n<\/div>\n<\/div>\n<\/div>\n<\/div>\n<\/article>\n<div class=\"pointer-events-none h-px w-px\" aria-hidden=\"true\" data-edge=\"true\"><\/div>\n<\/div>\n<\/div>\n<\/div>\n<\/div>\n<div class=\"flex min-h-[46px] justify-start\">\n<div class=\"touch:-me-2 touch:-ms-3.5 -ms-2.5 -me-1 flex flex-wrap items-center gap-y-4 p-1 select-none touch:w-[calc(100%+--spacing(3.5))] -mt-1 w-[calc(100%+--spacing(2.5))] duration-[1.5s] focus-within:transition-none hover:transition-none pointer-events-none [mask-image:linear-gradient(to_right,black_33%,transparent_66%)] [mask-size:300%_100%] [mask-position:100%_0%] motion-safe:transition-[mask-position] group-hover\/turn-messages:pointer-events-auto group-hover\/turn-messages:[mask-position:0_0] group-focus-within\/turn-messages:pointer-events-auto group-focus-within\/turn-messages:[mask-position:0_0] has-data-[state=open]:pointer-events-auto has-data-[state=open]:[mask-position:0_0]\">\n<p>&nbsp;<\/p>\n<div class=\"flex items-center\"><\/div>\n<\/div>\n<\/div>\n<div class=\"mt-3 w-full empty:hidden\">\n<div class=\"text-center\"><\/div>\n<\/div>\n<\/div>\n<div class=\"absolute\">\n<div class=\"flex items-center justify-center\"><\/div>\n<\/div>\n<\/div>\n<\/div>\n<\/div>\n<\/article>\n<div class=\"pointer-events-none h-px w-px\" aria-hidden=\"true\" data-edge=\"true\"><\/div>\n","protected":false},"featured_media":56856,"template":"","meta":[],"product_brand":[1348],"product_cat":[1136,562,827,728],"product_tag":[1629],"class_list":{"0":"post-56855","1":"product","2":"type-product","3":"status-publish","4":"has-post-thumbnail","6":"product_brand-when","7":"product_cat-lakstines-veido-kaukes","8":"product_cat-sandelio-valymas","9":"product_cat-veido-prieziuros-priemoniu-rinkiniai","10":"product_cat-veidui","11":"product_tag-when","13":"first","14":"instock","15":"sale","16":"taxable","17":"shipping-taxable","18":"purchasable","19":"product-type-simple"},"yoast_head":"<!-- This site is optimized with the Yoast SEO plugin v27.4 - https:\/\/yoast.com\/product\/yoast-seo-wordpress\/ -->\n<title>Simply When\u00ae Cosmic Calm raminanti medviln\u0117s veido kauk\u0117, 1vnt. - MalinaShop.lt J\u016bs\u0173 sveikatai ir gro\u017eiui.<\/title>\n<meta name=\"description\" content=\"Lak\u0161tin\u0117 veido kauk\u0117 i\u0161 itin \u0161velnaus 100 % medviln\u0117s pluo\u0161to Bemliese\u2122 yra prisotinta arbatmed\u017eio aliejaus, medetk\u0173 ir arnikos ekstrakt\u0173. Padeda nuraminti, valyti ir subalansuoti jautri\u0105 ar sudirgusi\u0105 od\u0105.                              &nbsp; Kv\u0117puojanti veido kauk\u0117 su hialuronu ir arnika \u2013 dr\u0117kina, ramina ir tinka jautriai odai.\" \/>\n<meta name=\"robots\" content=\"index, follow, max-snippet:-1, max-image-preview:large, max-video-preview:-1\" \/>\n<link rel=\"canonical\" href=\"https:\/\/www.malinashop.lt\/lt_lt\/shop\/simply-when-cosmic-calm-raminanti-medvilnes-veido-kauke-1vnt\/\" \/>\n<meta property=\"og:locale\" content=\"lt_LT\" \/>\n<meta property=\"og:type\" content=\"article\" \/>\n<meta property=\"og:title\" content=\"Simply When\u00ae Cosmic Calm raminanti medviln\u0117s veido kauk\u0117, 1vnt. - MalinaShop.lt J\u016bs\u0173 sveikatai ir gro\u017eiui.\" \/>\n<meta property=\"og:description\" content=\"Lak\u0161tin\u0117 veido kauk\u0117 i\u0161 itin \u0161velnaus 100 % medviln\u0117s pluo\u0161to Bemliese\u2122 yra prisotinta arbatmed\u017eio aliejaus, medetk\u0173 ir arnikos ekstrakt\u0173. Padeda nuraminti, valyti ir subalansuoti jautri\u0105 ar sudirgusi\u0105 od\u0105.                              &nbsp; Kv\u0117puojanti veido kauk\u0117 su hialuronu ir arnika \u2013 dr\u0117kina, ramina ir tinka jautriai odai.\" \/>\n<meta property=\"og:url\" content=\"https:\/\/www.malinashop.lt\/lt_lt\/shop\/simply-when-cosmic-calm-raminanti-medvilnes-veido-kauke-1vnt\/\" \/>\n<meta property=\"og:site_name\" content=\"MalinaShop.lt J\u016bs\u0173 sveikatai ir gro\u017eiui.\" \/>\n<meta property=\"article:modified_time\" content=\"2026-04-07T21:49:55+00:00\" \/>\n<meta property=\"og:image\" content=\"https:\/\/www.malinashop.lt\/wp-content\/uploads\/2025\/06\/Simply-When\u00ae-Cosmic-Calm-raminanti-medvilnes-veido-kauke-1vnt.webp\" \/>\n\t<meta property=\"og:image:width\" content=\"768\" \/>\n\t<meta property=\"og:image:height\" content=\"768\" \/>\n\t<meta property=\"og:image:type\" content=\"image\/webp\" \/>\n<meta name=\"twitter:card\" content=\"summary_large_image\" \/>\n<script type=\"application\/ld+json\" class=\"yoast-schema-graph\">{\"@context\":\"https:\\\/\\\/schema.org\",\"@graph\":[{\"@type\":\"WebPage\",\"@id\":\"https:\\\/\\\/www.malinashop.lt\\\/lt_lt\\\/shop\\\/simply-when-cosmic-calm-raminanti-medvilnes-veido-kauke-1vnt\\\/\",\"url\":\"https:\\\/\\\/www.malinashop.lt\\\/lt_lt\\\/shop\\\/simply-when-cosmic-calm-raminanti-medvilnes-veido-kauke-1vnt\\\/\",\"name\":\"Simply When\u00ae Cosmic Calm raminanti medviln\u0117s veido kauk\u0117, 1vnt. - MalinaShop.lt J\u016bs\u0173 sveikatai ir gro\u017eiui.\",\"isPartOf\":{\"@id\":\"https:\\\/\\\/www.malinashop.lt\\\/en\\\/#website\"},\"primaryImageOfPage\":{\"@id\":\"https:\\\/\\\/www.malinashop.lt\\\/lt_lt\\\/shop\\\/simply-when-cosmic-calm-raminanti-medvilnes-veido-kauke-1vnt\\\/#primaryimage\"},\"image\":{\"@id\":\"https:\\\/\\\/www.malinashop.lt\\\/lt_lt\\\/shop\\\/simply-when-cosmic-calm-raminanti-medvilnes-veido-kauke-1vnt\\\/#primaryimage\"},\"thumbnailUrl\":\"https:\\\/\\\/www.malinashop.lt\\\/wp-content\\\/uploads\\\/2025\\\/06\\\/Simply-When\u00ae-Cosmic-Calm-raminanti-medvilnes-veido-kauke-1vnt.webp\",\"datePublished\":\"2025-06-15T18:34:12+00:00\",\"dateModified\":\"2026-04-07T21:49:55+00:00\",\"description\":\"Lak\u0161tin\u0117 veido kauk\u0117 i\u0161 itin \u0161velnaus 100 % medviln\u0117s pluo\u0161to Bemliese\u2122 yra prisotinta arbatmed\u017eio aliejaus, medetk\u0173 ir arnikos ekstrakt\u0173. Padeda nuraminti, valyti ir subalansuoti jautri\u0105 ar sudirgusi\u0105 od\u0105. &nbsp; Kv\u0117puojanti veido kauk\u0117 su hialuronu ir arnika \u2013 dr\u0117kina, ramina ir tinka jautriai odai.\",\"breadcrumb\":{\"@id\":\"https:\\\/\\\/www.malinashop.lt\\\/lt_lt\\\/shop\\\/simply-when-cosmic-calm-raminanti-medvilnes-veido-kauke-1vnt\\\/#breadcrumb\"},\"inLanguage\":\"lt-LT\",\"potentialAction\":[{\"@type\":\"ReadAction\",\"target\":[\"https:\\\/\\\/www.malinashop.lt\\\/lt_lt\\\/shop\\\/simply-when-cosmic-calm-raminanti-medvilnes-veido-kauke-1vnt\\\/\"]}]},{\"@type\":\"ImageObject\",\"inLanguage\":\"lt-LT\",\"@id\":\"https:\\\/\\\/www.malinashop.lt\\\/lt_lt\\\/shop\\\/simply-when-cosmic-calm-raminanti-medvilnes-veido-kauke-1vnt\\\/#primaryimage\",\"url\":\"https:\\\/\\\/www.malinashop.lt\\\/wp-content\\\/uploads\\\/2025\\\/06\\\/Simply-When\u00ae-Cosmic-Calm-raminanti-medvilnes-veido-kauke-1vnt.webp\",\"contentUrl\":\"https:\\\/\\\/www.malinashop.lt\\\/wp-content\\\/uploads\\\/2025\\\/06\\\/Simply-When\u00ae-Cosmic-Calm-raminanti-medvilnes-veido-kauke-1vnt.webp\",\"width\":768,\"height\":768},{\"@type\":\"BreadcrumbList\",\"@id\":\"https:\\\/\\\/www.malinashop.lt\\\/lt_lt\\\/shop\\\/simply-when-cosmic-calm-raminanti-medvilnes-veido-kauke-1vnt\\\/#breadcrumb\",\"itemListElement\":[{\"@type\":\"ListItem\",\"position\":1,\"name\":\"Home\",\"item\":\"https:\\\/\\\/www.malinashop.lt\\\/en\\\/\"},{\"@type\":\"ListItem\",\"position\":2,\"name\":\"Parduotuv\u0117\",\"item\":\"https:\\\/\\\/www.malinashop.lt\\\/en\\\/parduotuve\\\/\"},{\"@type\":\"ListItem\",\"position\":3,\"name\":\"Simply When\u00ae Cosmic Calm raminanti medviln\u0117s veido kauk\u0117, 1vnt.\"}]},{\"@type\":\"WebSite\",\"@id\":\"https:\\\/\\\/www.malinashop.lt\\\/en\\\/#website\",\"url\":\"https:\\\/\\\/www.malinashop.lt\\\/en\\\/\",\"name\":\"COM Group Ecommerce\",\"description\":\"MalinaShop.lt - Gro\u017eio ir sveikatos produktai i\u0161 patikim\u0173 preki\u0173 \u017eenkl\u0173. Atraskite auk\u0161tos kokyb\u0117s kosmetik\u0105 u\u017e puiki\u0105 kain\u0105.\",\"publisher\":{\"@id\":\"https:\\\/\\\/www.malinashop.lt\\\/en\\\/#organization\"},\"potentialAction\":[{\"@type\":\"SearchAction\",\"target\":{\"@type\":\"EntryPoint\",\"urlTemplate\":\"https:\\\/\\\/www.malinashop.lt\\\/en\\\/?s={search_term_string}\"},\"query-input\":{\"@type\":\"PropertyValueSpecification\",\"valueRequired\":true,\"valueName\":\"search_term_string\"}}],\"inLanguage\":\"lt-LT\"},{\"@type\":\"Organization\",\"@id\":\"https:\\\/\\\/www.malinashop.lt\\\/en\\\/#organization\",\"name\":\"COM Group Ecommerce\",\"url\":\"https:\\\/\\\/www.malinashop.lt\\\/en\\\/\",\"logo\":{\"@type\":\"ImageObject\",\"inLanguage\":\"lt-LT\",\"@id\":\"https:\\\/\\\/www.malinashop.lt\\\/en\\\/#\\\/schema\\\/logo\\\/image\\\/\",\"url\":\"https:\\\/\\\/www.malinashop.lt\\\/wp-content\\\/uploads\\\/2024\\\/08\\\/462559670_3787732518133670_9795632669273463_n-e1731525914575.png\",\"contentUrl\":\"https:\\\/\\\/www.malinashop.lt\\\/wp-content\\\/uploads\\\/2024\\\/08\\\/462559670_3787732518133670_9795632669273463_n-e1731525914575.png\",\"width\":180,\"height\":60,\"caption\":\"COM Group Ecommerce\"},\"image\":{\"@id\":\"https:\\\/\\\/www.malinashop.lt\\\/en\\\/#\\\/schema\\\/logo\\\/image\\\/\"}}]}<\/script>\n<!-- \/ Yoast SEO plugin. -->","yoast_head_json":{"title":"Simply When\u00ae Cosmic Calm raminanti medviln\u0117s veido kauk\u0117, 1vnt. - MalinaShop.lt J\u016bs\u0173 sveikatai ir gro\u017eiui.","description":"Lak\u0161tin\u0117 veido kauk\u0117 i\u0161 itin \u0161velnaus 100 % medviln\u0117s pluo\u0161to Bemliese\u2122 yra prisotinta arbatmed\u017eio aliejaus, medetk\u0173 ir arnikos ekstrakt\u0173. Padeda nuraminti, valyti ir subalansuoti jautri\u0105 ar sudirgusi\u0105 od\u0105.                              &nbsp; Kv\u0117puojanti veido kauk\u0117 su hialuronu ir arnika \u2013 dr\u0117kina, ramina ir tinka jautriai odai.","robots":{"index":"index","follow":"follow","max-snippet":"max-snippet:-1","max-image-preview":"max-image-preview:large","max-video-preview":"max-video-preview:-1"},"canonical":"https:\/\/www.malinashop.lt\/lt_lt\/shop\/simply-when-cosmic-calm-raminanti-medvilnes-veido-kauke-1vnt\/","og_locale":"lt_LT","og_type":"article","og_title":"Simply When\u00ae Cosmic Calm raminanti medviln\u0117s veido kauk\u0117, 1vnt. - MalinaShop.lt J\u016bs\u0173 sveikatai ir gro\u017eiui.","og_description":"Lak\u0161tin\u0117 veido kauk\u0117 i\u0161 itin \u0161velnaus 100 % medviln\u0117s pluo\u0161to Bemliese\u2122 yra prisotinta arbatmed\u017eio aliejaus, medetk\u0173 ir arnikos ekstrakt\u0173. Padeda nuraminti, valyti ir subalansuoti jautri\u0105 ar sudirgusi\u0105 od\u0105.                              &nbsp; Kv\u0117puojanti veido kauk\u0117 su hialuronu ir arnika \u2013 dr\u0117kina, ramina ir tinka jautriai odai.","og_url":"https:\/\/www.malinashop.lt\/lt_lt\/shop\/simply-when-cosmic-calm-raminanti-medvilnes-veido-kauke-1vnt\/","og_site_name":"MalinaShop.lt J\u016bs\u0173 sveikatai ir gro\u017eiui.","article_modified_time":"2026-04-07T21:49:55+00:00","og_image":[{"width":768,"height":768,"url":"https:\/\/www.malinashop.lt\/wp-content\/uploads\/2025\/06\/Simply-When\u00ae-Cosmic-Calm-raminanti-medvilnes-veido-kauke-1vnt.webp","type":"image\/webp"}],"twitter_card":"summary_large_image","schema":{"@context":"https:\/\/schema.org","@graph":[{"@type":"WebPage","@id":"https:\/\/www.malinashop.lt\/lt_lt\/shop\/simply-when-cosmic-calm-raminanti-medvilnes-veido-kauke-1vnt\/","url":"https:\/\/www.malinashop.lt\/lt_lt\/shop\/simply-when-cosmic-calm-raminanti-medvilnes-veido-kauke-1vnt\/","name":"Simply When\u00ae Cosmic Calm raminanti medviln\u0117s veido kauk\u0117, 1vnt. - MalinaShop.lt J\u016bs\u0173 sveikatai ir gro\u017eiui.","isPartOf":{"@id":"https:\/\/www.malinashop.lt\/en\/#website"},"primaryImageOfPage":{"@id":"https:\/\/www.malinashop.lt\/lt_lt\/shop\/simply-when-cosmic-calm-raminanti-medvilnes-veido-kauke-1vnt\/#primaryimage"},"image":{"@id":"https:\/\/www.malinashop.lt\/lt_lt\/shop\/simply-when-cosmic-calm-raminanti-medvilnes-veido-kauke-1vnt\/#primaryimage"},"thumbnailUrl":"https:\/\/www.malinashop.lt\/wp-content\/uploads\/2025\/06\/Simply-When\u00ae-Cosmic-Calm-raminanti-medvilnes-veido-kauke-1vnt.webp","datePublished":"2025-06-15T18:34:12+00:00","dateModified":"2026-04-07T21:49:55+00:00","description":"Lak\u0161tin\u0117 veido kauk\u0117 i\u0161 itin \u0161velnaus 100 % medviln\u0117s pluo\u0161to Bemliese\u2122 yra prisotinta arbatmed\u017eio aliejaus, medetk\u0173 ir arnikos ekstrakt\u0173. Padeda nuraminti, valyti ir subalansuoti jautri\u0105 ar sudirgusi\u0105 od\u0105. &nbsp; Kv\u0117puojanti veido kauk\u0117 su hialuronu ir arnika \u2013 dr\u0117kina, ramina ir tinka jautriai odai.","breadcrumb":{"@id":"https:\/\/www.malinashop.lt\/lt_lt\/shop\/simply-when-cosmic-calm-raminanti-medvilnes-veido-kauke-1vnt\/#breadcrumb"},"inLanguage":"lt-LT","potentialAction":[{"@type":"ReadAction","target":["https:\/\/www.malinashop.lt\/lt_lt\/shop\/simply-when-cosmic-calm-raminanti-medvilnes-veido-kauke-1vnt\/"]}]},{"@type":"ImageObject","inLanguage":"lt-LT","@id":"https:\/\/www.malinashop.lt\/lt_lt\/shop\/simply-when-cosmic-calm-raminanti-medvilnes-veido-kauke-1vnt\/#primaryimage","url":"https:\/\/www.malinashop.lt\/wp-content\/uploads\/2025\/06\/Simply-When\u00ae-Cosmic-Calm-raminanti-medvilnes-veido-kauke-1vnt.webp","contentUrl":"https:\/\/www.malinashop.lt\/wp-content\/uploads\/2025\/06\/Simply-When\u00ae-Cosmic-Calm-raminanti-medvilnes-veido-kauke-1vnt.webp","width":768,"height":768},{"@type":"BreadcrumbList","@id":"https:\/\/www.malinashop.lt\/lt_lt\/shop\/simply-when-cosmic-calm-raminanti-medvilnes-veido-kauke-1vnt\/#breadcrumb","itemListElement":[{"@type":"ListItem","position":1,"name":"Home","item":"https:\/\/www.malinashop.lt\/en\/"},{"@type":"ListItem","position":2,"name":"Parduotuv\u0117","item":"https:\/\/www.malinashop.lt\/en\/parduotuve\/"},{"@type":"ListItem","position":3,"name":"Simply When\u00ae Cosmic Calm raminanti medviln\u0117s veido kauk\u0117, 1vnt."}]},{"@type":"WebSite","@id":"https:\/\/www.malinashop.lt\/en\/#website","url":"https:\/\/www.malinashop.lt\/en\/","name":"COM Group Ecommerce","description":"MalinaShop.lt - Gro\u017eio ir sveikatos produktai i\u0161 patikim\u0173 preki\u0173 \u017eenkl\u0173. Atraskite auk\u0161tos kokyb\u0117s kosmetik\u0105 u\u017e puiki\u0105 kain\u0105.","publisher":{"@id":"https:\/\/www.malinashop.lt\/en\/#organization"},"potentialAction":[{"@type":"SearchAction","target":{"@type":"EntryPoint","urlTemplate":"https:\/\/www.malinashop.lt\/en\/?s={search_term_string}"},"query-input":{"@type":"PropertyValueSpecification","valueRequired":true,"valueName":"search_term_string"}}],"inLanguage":"lt-LT"},{"@type":"Organization","@id":"https:\/\/www.malinashop.lt\/en\/#organization","name":"COM Group Ecommerce","url":"https:\/\/www.malinashop.lt\/en\/","logo":{"@type":"ImageObject","inLanguage":"lt-LT","@id":"https:\/\/www.malinashop.lt\/en\/#\/schema\/logo\/image\/","url":"https:\/\/www.malinashop.lt\/wp-content\/uploads\/2024\/08\/462559670_3787732518133670_9795632669273463_n-e1731525914575.png","contentUrl":"https:\/\/www.malinashop.lt\/wp-content\/uploads\/2024\/08\/462559670_3787732518133670_9795632669273463_n-e1731525914575.png","width":180,"height":60,"caption":"COM Group Ecommerce"},"image":{"@id":"https:\/\/www.malinashop.lt\/en\/#\/schema\/logo\/image\/"}}]}},"jetpack_sharing_enabled":true,"_links":{"self":[{"href":"https:\/\/www.malinashop.lt\/lt_lt\/wp-json\/wp\/v2\/product\/56855","targetHints":{"allow":["GET"]}}],"collection":[{"href":"https:\/\/www.malinashop.lt\/lt_lt\/wp-json\/wp\/v2\/product"}],"about":[{"href":"https:\/\/www.malinashop.lt\/lt_lt\/wp-json\/wp\/v2\/types\/product"}],"version-history":[{"count":2,"href":"https:\/\/www.malinashop.lt\/lt_lt\/wp-json\/wp\/v2\/product\/56855\/revisions"}],"predecessor-version":[{"id":57955,"href":"https:\/\/www.malinashop.lt\/lt_lt\/wp-json\/wp\/v2\/product\/56855\/revisions\/57955"}],"wp:featuredmedia":[{"embeddable":true,"href":"https:\/\/www.malinashop.lt\/lt_lt\/wp-json\/wp\/v2\/media\/56856"}],"wp:attachment":[{"href":"https:\/\/www.malinashop.lt\/lt_lt\/wp-json\/wp\/v2\/media?parent=56855"}],"wp:term":[{"taxonomy":"product_brand","embeddable":true,"href":"https:\/\/www.malinashop.lt\/lt_lt\/wp-json\/wp\/v2\/product_brand?post=56855"},{"taxonomy":"product_cat","embeddable":true,"href":"https:\/\/www.malinashop.lt\/lt_lt\/wp-json\/wp\/v2\/product_cat?post=56855"},{"taxonomy":"product_tag","embeddable":true,"href":"https:\/\/www.malinashop.lt\/lt_lt\/wp-json\/wp\/v2\/product_tag?post=56855"}],"curies":[{"name":"wp","href":"https:\/\/api.w.org\/{rel}","templated":true}]}}