{"id":56839,"date":"2025-06-15T21:19:13","date_gmt":"2025-06-15T18:19:13","guid":{"rendered":"https:\/\/malinashop.lt\/?post_type=product&#038;p=56839"},"modified":"2026-04-08T00:49:55","modified_gmt":"2026-04-07T21:49:55","slug":"when-1000-pm-priesrauksline-veido-kauke-su-kolagenu-1vnt","status":"publish","type":"product","link":"https:\/\/www.malinashop.lt\/lt_lt\/shop\/when-1000-pm-priesrauksline-veido-kauke-su-kolagenu-1vnt\/","title":{"rendered":"When\u00ae 10:00 PM \u2013 prie\u0161rauk\u0161lin\u0117 veido kauk\u0117 su kolagenu, 1vnt."},"content":{"rendered":"<p data-start=\"0\" data-end=\"43\"><strong data-start=\"0\" data-end=\"43\">Preki\u0173 i\u0161siuntimas per 1\u20133 darbo dienas<\/strong><\/p>\n<p data-start=\"45\" data-end=\"164\"><strong data-start=\"45\" data-end=\"164\">WHEN bioceliuliozin\u0117 veido kauk\u0117 su arb\u016bz\u0173 ekstraktu, hialuronu ir kolagenu \u2013 intensyvi dr\u0117gm\u0117 ir odos atgaivinimas<\/strong><\/p>\n<p data-start=\"166\" data-end=\"467\">\u0160i WHEN bioceliuliozin\u0117 veido kauk\u0117 sukurta intensyviam odos dr\u0117kinimui, atgaivinimui ir stangrinimui. Jos formul\u0117 praturtinta hialurono r\u016bg\u0161timi, arb\u016bz\u0173 vaisi\u0173 ekstraktu, hidrolizuotu kolagenu ir bambuk\u0173 bei \u017een\u0161enio ekstraktais, kurie giliai dr\u0117kina, stiprina odos barjer\u0105 ir suteikia jai \u0161vyt\u0117jimo.<\/p>\n<p data-start=\"469\" data-end=\"642\">Bioceliulioz\u0117, pagaminta i\u0161 fermentuoto kokos\u0173 vandens, yra 100 % nat\u016brali, hipoalergi\u0161ka, \u0161velni odai ir leid\u017eia veikliosioms med\u017eiagoms pasiekti gilesnius odos sluoksnius.<\/p>\n<p data-start=\"644\" data-end=\"675\"><strong data-start=\"647\" data-end=\"675\">Pagrindiniai privalumai:<\/strong><\/p>\n<ul data-start=\"676\" data-end=\"1063\">\n<li data-start=\"676\" data-end=\"794\">\n<p data-start=\"678\" data-end=\"794\"><strong data-start=\"678\" data-end=\"704\">Intensyvus dr\u0117kinimas:<\/strong> hialurono r\u016bg\u0161tis ir arb\u016bz\u0173 ekstraktas akimirksniu atgaivina ir dr\u0117kina i\u0161saus\u0117jusi\u0105 od\u0105.<\/p>\n<\/li>\n<li data-start=\"795\" data-end=\"882\">\n<p data-start=\"797\" data-end=\"882\"><strong data-start=\"797\" data-end=\"814\">Stangrinimas:<\/strong> kolagenas ir \u017een\u0161enio ekstraktas padeda pagerinti odos elastingum\u0105.<\/p>\n<\/li>\n<li data-start=\"883\" data-end=\"983\">\n<p data-start=\"885\" data-end=\"983\"><strong data-start=\"885\" data-end=\"911\">Apsauga ir maitinimas:<\/strong> greipfrut\u0173 s\u0117kl\u0173 ir bambuk\u0173 ekstraktai stiprina odos apsaugin\u012f barjer\u0105.<\/p>\n<\/li>\n<li data-start=\"984\" data-end=\"1063\">\n<p data-start=\"986\" data-end=\"1063\"><strong data-start=\"986\" data-end=\"1003\">\u0160vytinti oda:<\/strong> koloidin\u0117 platina suteikia odai skaistumo ir jaunatvi\u0161kumo.<\/p>\n<\/li>\n<\/ul>\n<p data-start=\"1065\" data-end=\"1083\"><strong data-start=\"1068\" data-end=\"1083\">Naudojimas:<\/strong><\/p>\n<ol data-start=\"1084\" data-end=\"1369\">\n<li data-start=\"1084\" data-end=\"1120\">\n<p data-start=\"1087\" data-end=\"1120\">Nuvalykite ir nusausinkite veid\u0105.<\/p>\n<\/li>\n<li data-start=\"1121\" data-end=\"1236\">\n<p data-start=\"1124\" data-end=\"1236\">I\u0161skleiskite kauk\u0119 \u2013 nuimkite apsauginius sluoksnius (pl\u0117vel\u0119 ir popieri\u0173), naudokite tik bioceliulioz\u0117s lak\u0161t\u0105.<\/p>\n<\/li>\n<li data-start=\"1237\" data-end=\"1302\">\n<p data-start=\"1240\" data-end=\"1302\">U\u017etepkite ant veido ir priglauskite, kad gerai prisitvirtint\u0173.<\/p>\n<\/li>\n<li data-start=\"1303\" data-end=\"1369\">\n<p data-start=\"1306\" data-end=\"1369\">Po 30 minu\u010di\u0173 nuimkite kauk\u0119, likus\u012f serum\u0105 \u012fmasa\u017euokite \u012f od\u0105.<\/p>\n<\/li>\n<\/ol>\n<p data-start=\"1371\" data-end=\"1388\">\u26a0\ufe0f <strong data-start=\"1374\" data-end=\"1388\">\u012esp\u0117jimai:<\/strong><\/p>\n<ul data-start=\"1389\" data-end=\"1570\">\n<li data-start=\"1389\" data-end=\"1438\">\n<p data-start=\"1391\" data-end=\"1438\">Venkite patekimo \u012f akis, naudoti tik i\u0161ori\u0161kai.<\/p>\n<\/li>\n<li data-start=\"1439\" data-end=\"1485\">\n<p data-start=\"1441\" data-end=\"1485\">Nenaudoti ant pa\u017eeistos ar sudirgusios odos.<\/p>\n<\/li>\n<li data-start=\"1486\" data-end=\"1570\">\n<p data-start=\"1488\" data-end=\"1570\">Jeigu pasirei\u0161kia dirginimas \u2013 nutraukite naudojim\u0105 ir pasitarkite su specialistu.<\/p>\n<\/li>\n<\/ul>\n<p data-start=\"1572\" data-end=\"1704\">\ud83d\udce6 <strong data-start=\"1575\" data-end=\"1588\">Laikymas:<\/strong><br \/>\nLaikyti v\u0117sioje, sausoje vietoje, saugoti nuo tiesiogini\u0173 saul\u0117s spinduli\u0173. Laikyti vaikams nepasiekiamoje vietoje.<\/p>\n<p data-start=\"1706\" data-end=\"2020\"><strong data-start=\"1709\" data-end=\"1728\">Sud\u0117tis (INCI):<\/strong><br data-start=\"1728\" data-end=\"1731\" \/>Aqua, Glycerin, Butylene Glycol, Sodium Hyaluronate, Bambusa Textilis Stem Extract, Citrus Grandis Seed Extract, Pinus Palustris Leaf Extract, Hydrolyzed Collagen, Citrullus Lanatus Fruit Extract, Colloidal Platinum, Panax Ginseng Extract, Phenoxyethanol, Parfum, Limonene, Linalool ir kt.<\/p>\n<p data-start=\"2022\" data-end=\"2165\">WHEN kauk\u0117s \u2013 tai dermatologi\u0161kai patikrinti, hipoalergi\u0161ki produktai, be paraben\u0173, ftalat\u0173 ir bandym\u0173 su gyv\u016bnais.<br data-start=\"2137\" data-end=\"2140\" \/>Pagaminta Piet\u0173 Kor\u0117joje.<\/p>\n","protected":false},"excerpt":{"rendered":"<article class=\"text-token-text-primary w-full\" dir=\"auto\" data-testid=\"conversation-turn-60\" data-scroll-anchor=\"true\">\n<div class=\"text-base my-auto mx-auto py-5 [--thread-content-margin:--spacing(4)] @[37rem]:[--thread-content-margin:--spacing(6)] @[72rem]:[--thread-content-margin:--spacing(16)] px-(--thread-content-margin)\">\n<div class=\"[--thread-content-max-width:32rem] @[34rem]:[--thread-content-max-width:40rem] @[64rem]:[--thread-content-max-width:48rem] mx-auto flex max-w-(--thread-content-max-width) flex-1 text-base gap-4 md:gap-5 lg:gap-6 group\/turn-messages focus-visible:outline-hidden\">\n<div class=\"group\/conversation-turn relative flex w-full min-w-0 flex-col agent-turn\">\n<div class=\"relative flex-col gap-1 md:gap-3\">\n<div class=\"flex max-w-full flex-col grow\">\n<div class=\"min-h-8 text-message relative flex w-full flex-col items-end gap-2 text-start break-words whitespace-normal [.text-message+&amp;]:mt-5\" dir=\"auto\" data-message-author-role=\"assistant\" data-message-id=\"589fe88d-4868-4166-a8f8-a90b18c71d84\" data-message-model-slug=\"gpt-4o\">\n<div class=\"flex w-full flex-col gap-1 empty:hidden first:pt-[3px]\">\n<div class=\"markdown prose dark:prose-invert w-full break-words light\">\n<article class=\"text-token-text-primary w-full\" dir=\"auto\" data-testid=\"conversation-turn-64\" data-scroll-anchor=\"true\">\n<div class=\"text-base my-auto mx-auto py-5 [--thread-content-margin:--spacing(4)] @[37rem]:[--thread-content-margin:--spacing(6)] @[72rem]:[--thread-content-margin:--spacing(16)] px-(--thread-content-margin)\">\n<div class=\"[--thread-content-max-width:32rem] @[34rem]:[--thread-content-max-width:40rem] @[64rem]:[--thread-content-max-width:48rem] mx-auto flex max-w-(--thread-content-max-width) flex-1 text-base gap-4 md:gap-5 lg:gap-6 group\/turn-messages focus-visible:outline-hidden\">\n<div class=\"group\/conversation-turn relative flex w-full min-w-0 flex-col agent-turn\">\n<div class=\"relative flex-col gap-1 md:gap-3\">\n<div class=\"flex max-w-full flex-col grow\">\n<div class=\"min-h-8 text-message relative flex w-full flex-col items-end gap-2 text-start break-words whitespace-normal [.text-message+&amp;]:mt-5\" dir=\"auto\" data-message-author-role=\"assistant\" data-message-id=\"699e12ca-a8a9-4876-bb46-a364a3a7704b\" data-message-model-slug=\"gpt-4o\">\n<div class=\"flex w-full flex-col gap-1 empty:hidden first:pt-[3px]\">\n<div class=\"markdown prose dark:prose-invert w-full break-words light\">\n<p data-start=\"507\" data-end=\"699\">Prie\u0161rauk\u0161lin\u0117 veido kauk\u0117 su kolagenu ir arb\u016bzo ekstraktu padeda atkurti odos stangrum\u0105, elastingum\u0105 ir dr\u0117gm\u0117s balans\u0105. Rekomenduojama brand\u017eiai ar pavargusiai odai.<\/p>\n<\/div>\n<\/div>\n<\/div>\n<\/div>\n<div class=\"flex min-h-[46px] justify-start\">\n<div class=\"touch:-me-2 touch:-ms-3.5 -ms-2.5 -me-1 flex flex-wrap items-center gap-y-4 p-1 select-none touch:w-[calc(100%+--spacing(3.5))] -mt-1 w-[calc(100%+--spacing(2.5))] duration-[1.5s] focus-within:transition-none hover:transition-none pointer-events-none [mask-image:linear-gradient(to_right,black_33%,transparent_66%)] [mask-size:300%_100%] [mask-position:100%_0%] motion-safe:transition-[mask-position] group-hover\/turn-messages:pointer-events-auto group-hover\/turn-messages:[mask-position:0_0] group-focus-within\/turn-messages:pointer-events-auto group-focus-within\/turn-messages:[mask-position:0_0] has-data-[state=open]:pointer-events-auto has-data-[state=open]:[mask-position:0_0]\">\n<div class=\"flex items-center\"><\/div>\n<\/div>\n<\/div>\n<div class=\"mt-3 w-full empty:hidden\">\n<div class=\"text-center\"><\/div>\n<\/div>\n<\/div>\n<div class=\"absolute\">\n<div class=\"flex items-center justify-center\"><\/div>\n<\/div>\n<\/div>\n<\/div>\n<\/div>\n<\/article>\n<div class=\"pointer-events-none h-px w-px\" aria-hidden=\"true\" data-edge=\"true\"><\/div>\n<\/div>\n<\/div>\n<\/div>\n<\/div>\n<div class=\"flex min-h-[46px] justify-start\">\n<div class=\"touch:-me-2 touch:-ms-3.5 -ms-2.5 -me-1 flex flex-wrap items-center gap-y-4 p-1 select-none touch:w-[calc(100%+--spacing(3.5))] -mt-1 w-[calc(100%+--spacing(2.5))] duration-[1.5s] focus-within:transition-none hover:transition-none pointer-events-none [mask-image:linear-gradient(to_right,black_33%,transparent_66%)] [mask-size:300%_100%] [mask-position:100%_0%] motion-safe:transition-[mask-position] group-hover\/turn-messages:pointer-events-auto group-hover\/turn-messages:[mask-position:0_0] group-focus-within\/turn-messages:pointer-events-auto group-focus-within\/turn-messages:[mask-position:0_0] has-data-[state=open]:pointer-events-auto has-data-[state=open]:[mask-position:0_0]\">\n<p>&nbsp;<\/p>\n<div class=\"flex items-center\"><\/div>\n<\/div>\n<\/div>\n<div class=\"mt-3 w-full empty:hidden\">\n<div class=\"text-center\"><\/div>\n<\/div>\n<\/div>\n<div class=\"absolute\">\n<div class=\"flex items-center justify-center\"><\/div>\n<\/div>\n<\/div>\n<\/div>\n<\/div>\n<\/article>\n<div class=\"pointer-events-none h-px w-px\" aria-hidden=\"true\" data-edge=\"true\"><\/div>\n","protected":false},"featured_media":56841,"template":"","meta":[],"product_brand":[1348],"product_cat":[1136,562,827,728],"product_tag":[1629],"class_list":{"0":"post-56839","1":"product","2":"type-product","3":"status-publish","4":"has-post-thumbnail","6":"product_brand-when","7":"product_cat-lakstines-veido-kaukes","8":"product_cat-sandelio-valymas","9":"product_cat-veido-prieziuros-priemoniu-rinkiniai","10":"product_cat-veidui","11":"product_tag-when","13":"first","14":"instock","15":"sale","16":"taxable","17":"shipping-taxable","18":"purchasable","19":"product-type-simple"},"yoast_head":"<!-- This site is optimized with the Yoast SEO plugin v27.4 - https:\/\/yoast.com\/product\/yoast-seo-wordpress\/ -->\n<title>When\u00ae 10:00 PM \u2013 prie\u0161rauk\u0161lin\u0117 veido kauk\u0117 su kolagenu, 1vnt. - MalinaShop.lt J\u016bs\u0173 sveikatai ir gro\u017eiui.<\/title>\n<meta name=\"description\" content=\"Prie\u0161rauk\u0161lin\u0117 veido kauk\u0117 su kolagenu ir arb\u016bzo ekstraktu padeda atkurti odos stangrum\u0105, elastingum\u0105 ir dr\u0117gm\u0117s balans\u0105. Rekomenduojama brand\u017eiai ar pavargusiai odai.                              &nbsp;Veido kauk\u0117 su arb\u016bz\u0173 ekstraktu, hialuronu ir kolagenu \u2013 intensyvus dr\u0117kinimas, elastingumas ir gaivus odos \u0161vyt\u0117jimas.\" \/>\n<meta name=\"robots\" content=\"index, follow, max-snippet:-1, max-image-preview:large, max-video-preview:-1\" \/>\n<link rel=\"canonical\" href=\"https:\/\/www.malinashop.lt\/lt_lt\/shop\/when-1000-pm-priesrauksline-veido-kauke-su-kolagenu-1vnt\/\" \/>\n<meta property=\"og:locale\" content=\"lt_LT\" \/>\n<meta property=\"og:type\" content=\"article\" \/>\n<meta property=\"og:title\" content=\"When\u00ae 10:00 PM \u2013 prie\u0161rauk\u0161lin\u0117 veido kauk\u0117 su kolagenu, 1vnt. - MalinaShop.lt J\u016bs\u0173 sveikatai ir gro\u017eiui.\" \/>\n<meta property=\"og:description\" content=\"Prie\u0161rauk\u0161lin\u0117 veido kauk\u0117 su kolagenu ir arb\u016bzo ekstraktu padeda atkurti odos stangrum\u0105, elastingum\u0105 ir dr\u0117gm\u0117s balans\u0105. Rekomenduojama brand\u017eiai ar pavargusiai odai.                              &nbsp;Veido kauk\u0117 su arb\u016bz\u0173 ekstraktu, hialuronu ir kolagenu \u2013 intensyvus dr\u0117kinimas, elastingumas ir gaivus odos \u0161vyt\u0117jimas.\" \/>\n<meta property=\"og:url\" content=\"https:\/\/www.malinashop.lt\/lt_lt\/shop\/when-1000-pm-priesrauksline-veido-kauke-su-kolagenu-1vnt\/\" \/>\n<meta property=\"og:site_name\" content=\"MalinaShop.lt J\u016bs\u0173 sveikatai ir gro\u017eiui.\" \/>\n<meta property=\"article:modified_time\" content=\"2026-04-07T21:49:55+00:00\" \/>\n<meta property=\"og:image\" content=\"https:\/\/www.malinashop.lt\/wp-content\/uploads\/2025\/06\/When\u00ae-PM-\u2013-priesrauksline-veido-kauke-su-kolagenu-1vnt.webp\" \/>\n\t<meta property=\"og:image:width\" content=\"768\" \/>\n\t<meta property=\"og:image:height\" content=\"768\" \/>\n\t<meta property=\"og:image:type\" content=\"image\/webp\" \/>\n<meta name=\"twitter:card\" content=\"summary_large_image\" \/>\n<script type=\"application\/ld+json\" class=\"yoast-schema-graph\">{\"@context\":\"https:\\\/\\\/schema.org\",\"@graph\":[{\"@type\":\"WebPage\",\"@id\":\"https:\\\/\\\/www.malinashop.lt\\\/lt_lt\\\/shop\\\/when-1000-pm-priesrauksline-veido-kauke-su-kolagenu-1vnt\\\/\",\"url\":\"https:\\\/\\\/www.malinashop.lt\\\/lt_lt\\\/shop\\\/when-1000-pm-priesrauksline-veido-kauke-su-kolagenu-1vnt\\\/\",\"name\":\"When\u00ae 10:00 PM \u2013 prie\u0161rauk\u0161lin\u0117 veido kauk\u0117 su kolagenu, 1vnt. - MalinaShop.lt J\u016bs\u0173 sveikatai ir gro\u017eiui.\",\"isPartOf\":{\"@id\":\"https:\\\/\\\/www.malinashop.lt\\\/en\\\/#website\"},\"primaryImageOfPage\":{\"@id\":\"https:\\\/\\\/www.malinashop.lt\\\/lt_lt\\\/shop\\\/when-1000-pm-priesrauksline-veido-kauke-su-kolagenu-1vnt\\\/#primaryimage\"},\"image\":{\"@id\":\"https:\\\/\\\/www.malinashop.lt\\\/lt_lt\\\/shop\\\/when-1000-pm-priesrauksline-veido-kauke-su-kolagenu-1vnt\\\/#primaryimage\"},\"thumbnailUrl\":\"https:\\\/\\\/www.malinashop.lt\\\/wp-content\\\/uploads\\\/2025\\\/06\\\/When\u00ae-PM-\u2013-priesrauksline-veido-kauke-su-kolagenu-1vnt.webp\",\"datePublished\":\"2025-06-15T18:19:13+00:00\",\"dateModified\":\"2026-04-07T21:49:55+00:00\",\"description\":\"Prie\u0161rauk\u0161lin\u0117 veido kauk\u0117 su kolagenu ir arb\u016bzo ekstraktu padeda atkurti odos stangrum\u0105, elastingum\u0105 ir dr\u0117gm\u0117s balans\u0105. Rekomenduojama brand\u017eiai ar pavargusiai odai. &nbsp;Veido kauk\u0117 su arb\u016bz\u0173 ekstraktu, hialuronu ir kolagenu \u2013 intensyvus dr\u0117kinimas, elastingumas ir gaivus odos \u0161vyt\u0117jimas.\",\"breadcrumb\":{\"@id\":\"https:\\\/\\\/www.malinashop.lt\\\/lt_lt\\\/shop\\\/when-1000-pm-priesrauksline-veido-kauke-su-kolagenu-1vnt\\\/#breadcrumb\"},\"inLanguage\":\"lt-LT\",\"potentialAction\":[{\"@type\":\"ReadAction\",\"target\":[\"https:\\\/\\\/www.malinashop.lt\\\/lt_lt\\\/shop\\\/when-1000-pm-priesrauksline-veido-kauke-su-kolagenu-1vnt\\\/\"]}]},{\"@type\":\"ImageObject\",\"inLanguage\":\"lt-LT\",\"@id\":\"https:\\\/\\\/www.malinashop.lt\\\/lt_lt\\\/shop\\\/when-1000-pm-priesrauksline-veido-kauke-su-kolagenu-1vnt\\\/#primaryimage\",\"url\":\"https:\\\/\\\/www.malinashop.lt\\\/wp-content\\\/uploads\\\/2025\\\/06\\\/When\u00ae-PM-\u2013-priesrauksline-veido-kauke-su-kolagenu-1vnt.webp\",\"contentUrl\":\"https:\\\/\\\/www.malinashop.lt\\\/wp-content\\\/uploads\\\/2025\\\/06\\\/When\u00ae-PM-\u2013-priesrauksline-veido-kauke-su-kolagenu-1vnt.webp\",\"width\":768,\"height\":768},{\"@type\":\"BreadcrumbList\",\"@id\":\"https:\\\/\\\/www.malinashop.lt\\\/lt_lt\\\/shop\\\/when-1000-pm-priesrauksline-veido-kauke-su-kolagenu-1vnt\\\/#breadcrumb\",\"itemListElement\":[{\"@type\":\"ListItem\",\"position\":1,\"name\":\"Home\",\"item\":\"https:\\\/\\\/www.malinashop.lt\\\/en\\\/\"},{\"@type\":\"ListItem\",\"position\":2,\"name\":\"Parduotuv\u0117\",\"item\":\"https:\\\/\\\/www.malinashop.lt\\\/en\\\/parduotuve\\\/\"},{\"@type\":\"ListItem\",\"position\":3,\"name\":\"When\u00ae 10:00 PM \u2013 prie\u0161rauk\u0161lin\u0117 veido kauk\u0117 su kolagenu, 1vnt.\"}]},{\"@type\":\"WebSite\",\"@id\":\"https:\\\/\\\/www.malinashop.lt\\\/en\\\/#website\",\"url\":\"https:\\\/\\\/www.malinashop.lt\\\/en\\\/\",\"name\":\"COM Group Ecommerce\",\"description\":\"MalinaShop.lt - Gro\u017eio ir sveikatos produktai i\u0161 patikim\u0173 preki\u0173 \u017eenkl\u0173. Atraskite auk\u0161tos kokyb\u0117s kosmetik\u0105 u\u017e puiki\u0105 kain\u0105.\",\"publisher\":{\"@id\":\"https:\\\/\\\/www.malinashop.lt\\\/en\\\/#organization\"},\"potentialAction\":[{\"@type\":\"SearchAction\",\"target\":{\"@type\":\"EntryPoint\",\"urlTemplate\":\"https:\\\/\\\/www.malinashop.lt\\\/en\\\/?s={search_term_string}\"},\"query-input\":{\"@type\":\"PropertyValueSpecification\",\"valueRequired\":true,\"valueName\":\"search_term_string\"}}],\"inLanguage\":\"lt-LT\"},{\"@type\":\"Organization\",\"@id\":\"https:\\\/\\\/www.malinashop.lt\\\/en\\\/#organization\",\"name\":\"COM Group Ecommerce\",\"url\":\"https:\\\/\\\/www.malinashop.lt\\\/en\\\/\",\"logo\":{\"@type\":\"ImageObject\",\"inLanguage\":\"lt-LT\",\"@id\":\"https:\\\/\\\/www.malinashop.lt\\\/en\\\/#\\\/schema\\\/logo\\\/image\\\/\",\"url\":\"https:\\\/\\\/www.malinashop.lt\\\/wp-content\\\/uploads\\\/2024\\\/08\\\/462559670_3787732518133670_9795632669273463_n-e1731525914575.png\",\"contentUrl\":\"https:\\\/\\\/www.malinashop.lt\\\/wp-content\\\/uploads\\\/2024\\\/08\\\/462559670_3787732518133670_9795632669273463_n-e1731525914575.png\",\"width\":180,\"height\":60,\"caption\":\"COM Group Ecommerce\"},\"image\":{\"@id\":\"https:\\\/\\\/www.malinashop.lt\\\/en\\\/#\\\/schema\\\/logo\\\/image\\\/\"}}]}<\/script>\n<!-- \/ Yoast SEO plugin. -->","yoast_head_json":{"title":"When\u00ae 10:00 PM \u2013 prie\u0161rauk\u0161lin\u0117 veido kauk\u0117 su kolagenu, 1vnt. - MalinaShop.lt J\u016bs\u0173 sveikatai ir gro\u017eiui.","description":"Prie\u0161rauk\u0161lin\u0117 veido kauk\u0117 su kolagenu ir arb\u016bzo ekstraktu padeda atkurti odos stangrum\u0105, elastingum\u0105 ir dr\u0117gm\u0117s balans\u0105. Rekomenduojama brand\u017eiai ar pavargusiai odai.                              &nbsp;Veido kauk\u0117 su arb\u016bz\u0173 ekstraktu, hialuronu ir kolagenu \u2013 intensyvus dr\u0117kinimas, elastingumas ir gaivus odos \u0161vyt\u0117jimas.","robots":{"index":"index","follow":"follow","max-snippet":"max-snippet:-1","max-image-preview":"max-image-preview:large","max-video-preview":"max-video-preview:-1"},"canonical":"https:\/\/www.malinashop.lt\/lt_lt\/shop\/when-1000-pm-priesrauksline-veido-kauke-su-kolagenu-1vnt\/","og_locale":"lt_LT","og_type":"article","og_title":"When\u00ae 10:00 PM \u2013 prie\u0161rauk\u0161lin\u0117 veido kauk\u0117 su kolagenu, 1vnt. - MalinaShop.lt J\u016bs\u0173 sveikatai ir gro\u017eiui.","og_description":"Prie\u0161rauk\u0161lin\u0117 veido kauk\u0117 su kolagenu ir arb\u016bzo ekstraktu padeda atkurti odos stangrum\u0105, elastingum\u0105 ir dr\u0117gm\u0117s balans\u0105. Rekomenduojama brand\u017eiai ar pavargusiai odai.                              &nbsp;Veido kauk\u0117 su arb\u016bz\u0173 ekstraktu, hialuronu ir kolagenu \u2013 intensyvus dr\u0117kinimas, elastingumas ir gaivus odos \u0161vyt\u0117jimas.","og_url":"https:\/\/www.malinashop.lt\/lt_lt\/shop\/when-1000-pm-priesrauksline-veido-kauke-su-kolagenu-1vnt\/","og_site_name":"MalinaShop.lt J\u016bs\u0173 sveikatai ir gro\u017eiui.","article_modified_time":"2026-04-07T21:49:55+00:00","og_image":[{"width":768,"height":768,"url":"https:\/\/www.malinashop.lt\/wp-content\/uploads\/2025\/06\/When\u00ae-PM-\u2013-priesrauksline-veido-kauke-su-kolagenu-1vnt.webp","type":"image\/webp"}],"twitter_card":"summary_large_image","schema":{"@context":"https:\/\/schema.org","@graph":[{"@type":"WebPage","@id":"https:\/\/www.malinashop.lt\/lt_lt\/shop\/when-1000-pm-priesrauksline-veido-kauke-su-kolagenu-1vnt\/","url":"https:\/\/www.malinashop.lt\/lt_lt\/shop\/when-1000-pm-priesrauksline-veido-kauke-su-kolagenu-1vnt\/","name":"When\u00ae 10:00 PM \u2013 prie\u0161rauk\u0161lin\u0117 veido kauk\u0117 su kolagenu, 1vnt. - MalinaShop.lt J\u016bs\u0173 sveikatai ir gro\u017eiui.","isPartOf":{"@id":"https:\/\/www.malinashop.lt\/en\/#website"},"primaryImageOfPage":{"@id":"https:\/\/www.malinashop.lt\/lt_lt\/shop\/when-1000-pm-priesrauksline-veido-kauke-su-kolagenu-1vnt\/#primaryimage"},"image":{"@id":"https:\/\/www.malinashop.lt\/lt_lt\/shop\/when-1000-pm-priesrauksline-veido-kauke-su-kolagenu-1vnt\/#primaryimage"},"thumbnailUrl":"https:\/\/www.malinashop.lt\/wp-content\/uploads\/2025\/06\/When\u00ae-PM-\u2013-priesrauksline-veido-kauke-su-kolagenu-1vnt.webp","datePublished":"2025-06-15T18:19:13+00:00","dateModified":"2026-04-07T21:49:55+00:00","description":"Prie\u0161rauk\u0161lin\u0117 veido kauk\u0117 su kolagenu ir arb\u016bzo ekstraktu padeda atkurti odos stangrum\u0105, elastingum\u0105 ir dr\u0117gm\u0117s balans\u0105. Rekomenduojama brand\u017eiai ar pavargusiai odai. &nbsp;Veido kauk\u0117 su arb\u016bz\u0173 ekstraktu, hialuronu ir kolagenu \u2013 intensyvus dr\u0117kinimas, elastingumas ir gaivus odos \u0161vyt\u0117jimas.","breadcrumb":{"@id":"https:\/\/www.malinashop.lt\/lt_lt\/shop\/when-1000-pm-priesrauksline-veido-kauke-su-kolagenu-1vnt\/#breadcrumb"},"inLanguage":"lt-LT","potentialAction":[{"@type":"ReadAction","target":["https:\/\/www.malinashop.lt\/lt_lt\/shop\/when-1000-pm-priesrauksline-veido-kauke-su-kolagenu-1vnt\/"]}]},{"@type":"ImageObject","inLanguage":"lt-LT","@id":"https:\/\/www.malinashop.lt\/lt_lt\/shop\/when-1000-pm-priesrauksline-veido-kauke-su-kolagenu-1vnt\/#primaryimage","url":"https:\/\/www.malinashop.lt\/wp-content\/uploads\/2025\/06\/When\u00ae-PM-\u2013-priesrauksline-veido-kauke-su-kolagenu-1vnt.webp","contentUrl":"https:\/\/www.malinashop.lt\/wp-content\/uploads\/2025\/06\/When\u00ae-PM-\u2013-priesrauksline-veido-kauke-su-kolagenu-1vnt.webp","width":768,"height":768},{"@type":"BreadcrumbList","@id":"https:\/\/www.malinashop.lt\/lt_lt\/shop\/when-1000-pm-priesrauksline-veido-kauke-su-kolagenu-1vnt\/#breadcrumb","itemListElement":[{"@type":"ListItem","position":1,"name":"Home","item":"https:\/\/www.malinashop.lt\/en\/"},{"@type":"ListItem","position":2,"name":"Parduotuv\u0117","item":"https:\/\/www.malinashop.lt\/en\/parduotuve\/"},{"@type":"ListItem","position":3,"name":"When\u00ae 10:00 PM \u2013 prie\u0161rauk\u0161lin\u0117 veido kauk\u0117 su kolagenu, 1vnt."}]},{"@type":"WebSite","@id":"https:\/\/www.malinashop.lt\/en\/#website","url":"https:\/\/www.malinashop.lt\/en\/","name":"COM Group Ecommerce","description":"MalinaShop.lt - Gro\u017eio ir sveikatos produktai i\u0161 patikim\u0173 preki\u0173 \u017eenkl\u0173. Atraskite auk\u0161tos kokyb\u0117s kosmetik\u0105 u\u017e puiki\u0105 kain\u0105.","publisher":{"@id":"https:\/\/www.malinashop.lt\/en\/#organization"},"potentialAction":[{"@type":"SearchAction","target":{"@type":"EntryPoint","urlTemplate":"https:\/\/www.malinashop.lt\/en\/?s={search_term_string}"},"query-input":{"@type":"PropertyValueSpecification","valueRequired":true,"valueName":"search_term_string"}}],"inLanguage":"lt-LT"},{"@type":"Organization","@id":"https:\/\/www.malinashop.lt\/en\/#organization","name":"COM Group Ecommerce","url":"https:\/\/www.malinashop.lt\/en\/","logo":{"@type":"ImageObject","inLanguage":"lt-LT","@id":"https:\/\/www.malinashop.lt\/en\/#\/schema\/logo\/image\/","url":"https:\/\/www.malinashop.lt\/wp-content\/uploads\/2024\/08\/462559670_3787732518133670_9795632669273463_n-e1731525914575.png","contentUrl":"https:\/\/www.malinashop.lt\/wp-content\/uploads\/2024\/08\/462559670_3787732518133670_9795632669273463_n-e1731525914575.png","width":180,"height":60,"caption":"COM Group Ecommerce"},"image":{"@id":"https:\/\/www.malinashop.lt\/en\/#\/schema\/logo\/image\/"}}]}},"jetpack_sharing_enabled":true,"_links":{"self":[{"href":"https:\/\/www.malinashop.lt\/lt_lt\/wp-json\/wp\/v2\/product\/56839","targetHints":{"allow":["GET"]}}],"collection":[{"href":"https:\/\/www.malinashop.lt\/lt_lt\/wp-json\/wp\/v2\/product"}],"about":[{"href":"https:\/\/www.malinashop.lt\/lt_lt\/wp-json\/wp\/v2\/types\/product"}],"version-history":[{"count":2,"href":"https:\/\/www.malinashop.lt\/lt_lt\/wp-json\/wp\/v2\/product\/56839\/revisions"}],"predecessor-version":[{"id":57944,"href":"https:\/\/www.malinashop.lt\/lt_lt\/wp-json\/wp\/v2\/product\/56839\/revisions\/57944"}],"wp:featuredmedia":[{"embeddable":true,"href":"https:\/\/www.malinashop.lt\/lt_lt\/wp-json\/wp\/v2\/media\/56841"}],"wp:attachment":[{"href":"https:\/\/www.malinashop.lt\/lt_lt\/wp-json\/wp\/v2\/media?parent=56839"}],"wp:term":[{"taxonomy":"product_brand","embeddable":true,"href":"https:\/\/www.malinashop.lt\/lt_lt\/wp-json\/wp\/v2\/product_brand?post=56839"},{"taxonomy":"product_cat","embeddable":true,"href":"https:\/\/www.malinashop.lt\/lt_lt\/wp-json\/wp\/v2\/product_cat?post=56839"},{"taxonomy":"product_tag","embeddable":true,"href":"https:\/\/www.malinashop.lt\/lt_lt\/wp-json\/wp\/v2\/product_tag?post=56839"}],"curies":[{"name":"wp","href":"https:\/\/api.w.org\/{rel}","templated":true}]}}