{"id":56835,"date":"2025-06-15T21:15:44","date_gmt":"2025-06-15T18:15:44","guid":{"rendered":"https:\/\/malinashop.lt\/?post_type=product&#038;p=56835"},"modified":"2026-04-08T00:49:56","modified_gmt":"2026-04-07T21:49:56","slug":"when-travelmate-intensyviai-gaivinanti-bioceliuliozine-kauke-veidui-1vnt","status":"publish","type":"product","link":"https:\/\/www.malinashop.lt\/lt_lt\/shop\/when-travelmate-intensyviai-gaivinanti-bioceliuliozine-kauke-veidui-1vnt\/","title":{"rendered":"When\u00ae Travelmate \u2013 intensyviai gaivinanti bioceliuliozin\u0117 kauk\u0117 veidui, 1vnt."},"content":{"rendered":"<p data-start=\"0\" data-end=\"43\"><strong data-start=\"0\" data-end=\"43\">Preki\u0173 i\u0161siuntimas per 1\u20133 darbo dienas<\/strong><\/p>\n<p data-start=\"45\" data-end=\"171\"><strong data-start=\"45\" data-end=\"171\">WHEN bioceliuliozin\u0117 veido kauk\u0117 su ramun\u0117l\u0117mis ir \u0160veicarijos Alpi\u0173 \u017eolel\u0117mis \u2013 jautrios odos nuraminimui ir atgaivinimui<\/strong><\/p>\n<p data-start=\"173\" data-end=\"421\">\u0160i WHEN bioceliuliozin\u0117 veido kauk\u0117 sukurta specialiai jautriai, sudirgusiai ar stres\u0105 patirian\u010diai odai. Sud\u0117tyje esantys ramun\u0117li\u0173 \u017eied\u0173 vanduo, \u0160veicarijos Alpi\u0173 \u017eoleli\u0173 kompleksas, bambuk\u0173 ir \u017een\u0161enio ekstraktai ramina, atkuria ir dr\u0117kina od\u0105.<\/p>\n<p data-start=\"423\" data-end=\"596\">Kauk\u0117s pagrindas \u2013 100 % nat\u016brali, i\u0161 fermentuoto kokos\u0173 vandens pagaminta bioceliulioz\u0117, pasi\u017eymi ypatingu \u0161velnumu ir leid\u017eia aktyviosioms med\u017eiagoms prasiskverbti giliau.<\/p>\n<p data-start=\"598\" data-end=\"629\"><strong data-start=\"601\" data-end=\"629\">Pagrindiniai privalumai:<\/strong><\/p>\n<ul data-start=\"630\" data-end=\"1072\">\n<li data-start=\"630\" data-end=\"731\">\n<p data-start=\"632\" data-end=\"731\"><strong data-start=\"632\" data-end=\"661\">Nuramina ir subalansuoja:<\/strong> ramun\u0117li\u0173 ir arnikos ekstraktai ma\u017eina paraudim\u0105, mal\u0161ina sudirgimus.<\/p>\n<\/li>\n<li data-start=\"732\" data-end=\"843\">\n<p data-start=\"734\" data-end=\"843\"><strong data-start=\"734\" data-end=\"755\">Gilus dr\u0117kinimas:<\/strong> hialurono r\u016bg\u0161tis, \u017een\u0161enio \u0161aknies ir bambuk\u0173 ekstraktai palaiko odos dr\u0117gm\u0117s balans\u0105.<\/p>\n<\/li>\n<li data-start=\"844\" data-end=\"978\">\n<p data-start=\"846\" data-end=\"978\"><strong data-start=\"846\" data-end=\"872\">Stiprina odos apsaug\u0105:<\/strong> \u0160veicarijos Alpi\u0173 \u017eolel\u0117s kartu su gencijonu ir krauja\u017eole skatina odos atsistatym\u0105 ir nat\u016bral\u0173 spindes\u012f.<\/p>\n<\/li>\n<li data-start=\"979\" data-end=\"1072\">\n<p data-start=\"981\" data-end=\"1072\"><strong data-start=\"981\" data-end=\"1006\">Hipoalergin\u0117 formul\u0117:<\/strong> tinkama net jautriausiai odai, be paraben\u0173 ir dirbtini\u0173 da\u017eikli\u0173.<\/p>\n<\/li>\n<\/ul>\n<p data-start=\"1074\" data-end=\"1092\"><strong data-start=\"1077\" data-end=\"1092\">Naudojimas:<\/strong><\/p>\n<ol data-start=\"1093\" data-end=\"1385\">\n<li data-start=\"1093\" data-end=\"1137\">\n<p data-start=\"1096\" data-end=\"1137\">\u0160variai nuvalykite ir nusausinkite veid\u0105.<\/p>\n<\/li>\n<li data-start=\"1138\" data-end=\"1243\">\n<p data-start=\"1141\" data-end=\"1243\">I\u0161skleiskite pakuot\u0117s turin\u012f \u2013 nuimkite apsauginius sluoksnius ir naudokite tik bioceliulioz\u0117s lak\u0161t\u0105.<\/p>\n<\/li>\n<li data-start=\"1244\" data-end=\"1309\">\n<p data-start=\"1247\" data-end=\"1309\">U\u017ed\u0117kite ant veido ir prispauskite, kad kauk\u0117 gerai priglust\u0173.<\/p>\n<\/li>\n<li data-start=\"1310\" data-end=\"1385\">\n<p data-start=\"1313\" data-end=\"1385\">Po 30 min. nuimkite ir likus\u012f serum\u0105 \u012fmasa\u017euokite \u012f veido bei kaklo od\u0105.<\/p>\n<\/li>\n<\/ol>\n<p data-start=\"1387\" data-end=\"1404\">\u26a0\ufe0f <strong data-start=\"1390\" data-end=\"1404\">\u012esp\u0117jimai:<\/strong><\/p>\n<ul data-start=\"1405\" data-end=\"1577\">\n<li data-start=\"1405\" data-end=\"1449\">\n<p data-start=\"1407\" data-end=\"1449\">Venkite kontakto su akimis ir gleivin\u0117mis.<\/p>\n<\/li>\n<li data-start=\"1450\" data-end=\"1496\">\n<p data-start=\"1452\" data-end=\"1496\">Nenaudoti ant pa\u017eeistos ar sudirgusios odos.<\/p>\n<\/li>\n<li data-start=\"1497\" data-end=\"1577\">\n<p data-start=\"1499\" data-end=\"1577\">Jei pasirei\u0161kia sudirgimas \u2013 nutraukite naudojim\u0105 ir kreipkit\u0117s \u012f specialist\u0105.<\/p>\n<\/li>\n<\/ul>\n<p data-start=\"1579\" data-end=\"1693\">\ud83d\udce6 <strong data-start=\"1582\" data-end=\"1595\">Laikymas:<\/strong><br \/>\nLaikyti sausoje, v\u0117sioje vietoje, saugoti nuo saul\u0117s spinduli\u0173 ir vaikams nepasiekiamoje vietoje.<\/p>\n<p data-start=\"1695\" data-end=\"2008\"><strong data-start=\"1698\" data-end=\"1717\">Sud\u0117tis (INCI):<\/strong><br data-start=\"1717\" data-end=\"1720\" \/>Aqua, Chamomilla Recutita Flower Water, Bambusa Textilis Stem Extract, Citrus Grandis Seed Extract, Sodium Hyaluronate, Arnica Montana Flower Extract, Artemisia Absinthium Extract, Achillea Millefolium Extract, Gentiana Lutea Root Extract, Colloidal Platinum, Panax Ginseng Extract ir kt.<\/p>\n<p data-start=\"2010\" data-end=\"2148\">WHEN veido kauk\u0117 \u2013 dermatologi\u0161kai patikrinta, hipoalergi\u0161ka, be triklozano ir ftalat\u0173, nebandyta su gyv\u016bnais.<br data-start=\"2120\" data-end=\"2123\" \/>Pagaminta Piet\u0173 Kor\u0117joje.<\/p>\n","protected":false},"excerpt":{"rendered":"<article class=\"text-token-text-primary w-full\" dir=\"auto\" data-testid=\"conversation-turn-60\" data-scroll-anchor=\"true\">\n<div class=\"text-base my-auto mx-auto py-5 [--thread-content-margin:--spacing(4)] @[37rem]:[--thread-content-margin:--spacing(6)] @[72rem]:[--thread-content-margin:--spacing(16)] px-(--thread-content-margin)\">\n<div class=\"[--thread-content-max-width:32rem] @[34rem]:[--thread-content-max-width:40rem] @[64rem]:[--thread-content-max-width:48rem] mx-auto flex max-w-(--thread-content-max-width) flex-1 text-base gap-4 md:gap-5 lg:gap-6 group\/turn-messages focus-visible:outline-hidden\">\n<div class=\"group\/conversation-turn relative flex w-full min-w-0 flex-col agent-turn\">\n<div class=\"relative flex-col gap-1 md:gap-3\">\n<div class=\"flex max-w-full flex-col grow\">\n<div class=\"min-h-8 text-message relative flex w-full flex-col items-end gap-2 text-start break-words whitespace-normal [.text-message+&amp;]:mt-5\" dir=\"auto\" data-message-author-role=\"assistant\" data-message-id=\"589fe88d-4868-4166-a8f8-a90b18c71d84\" data-message-model-slug=\"gpt-4o\">\n<div class=\"flex w-full flex-col gap-1 empty:hidden first:pt-[3px]\">\n<div class=\"markdown prose dark:prose-invert w-full break-words light\">\n<article class=\"text-token-text-primary w-full\" dir=\"auto\" data-testid=\"conversation-turn-64\" data-scroll-anchor=\"true\">\n<div class=\"text-base my-auto mx-auto py-5 [--thread-content-margin:--spacing(4)] @[37rem]:[--thread-content-margin:--spacing(6)] @[72rem]:[--thread-content-margin:--spacing(16)] px-(--thread-content-margin)\">\n<div class=\"[--thread-content-max-width:32rem] @[34rem]:[--thread-content-max-width:40rem] @[64rem]:[--thread-content-max-width:48rem] mx-auto flex max-w-(--thread-content-max-width) flex-1 text-base gap-4 md:gap-5 lg:gap-6 group\/turn-messages focus-visible:outline-hidden\">\n<div class=\"group\/conversation-turn relative flex w-full min-w-0 flex-col agent-turn\">\n<div class=\"relative flex-col gap-1 md:gap-3\">\n<div class=\"flex max-w-full flex-col grow\">\n<div class=\"min-h-8 text-message relative flex w-full flex-col items-end gap-2 text-start break-words whitespace-normal [.text-message+&amp;]:mt-5\" dir=\"auto\" data-message-author-role=\"assistant\" data-message-id=\"699e12ca-a8a9-4876-bb46-a364a3a7704b\" data-message-model-slug=\"gpt-4o\">\n<div class=\"flex w-full flex-col gap-1 empty:hidden first:pt-[3px]\">\n<div class=\"markdown prose dark:prose-invert w-full break-words light\">\n<p data-start=\"507\" data-end=\"699\">Veido kauk\u0117 su ramun\u0117li\u0173 vandeniu ir Alpi\u0173 \u017eoleli\u0173 ekstraktais padeda nuraminti, intensyviai sudr\u0117kinti ir atgaivinti aplinkos veiksni\u0173 paveikt\u0105 od\u0105. Puikiai tinka po saul\u0117s, v\u0117jo ar kelioni\u0173.<\/p>\n<\/div>\n<\/div>\n<\/div>\n<\/div>\n<div class=\"flex min-h-[46px] justify-start\">\n<div class=\"touch:-me-2 touch:-ms-3.5 -ms-2.5 -me-1 flex flex-wrap items-center gap-y-4 p-1 select-none touch:w-[calc(100%+--spacing(3.5))] -mt-1 w-[calc(100%+--spacing(2.5))] duration-[1.5s] focus-within:transition-none hover:transition-none pointer-events-none [mask-image:linear-gradient(to_right,black_33%,transparent_66%)] [mask-size:300%_100%] [mask-position:100%_0%] motion-safe:transition-[mask-position] group-hover\/turn-messages:pointer-events-auto group-hover\/turn-messages:[mask-position:0_0] group-focus-within\/turn-messages:pointer-events-auto group-focus-within\/turn-messages:[mask-position:0_0] has-data-[state=open]:pointer-events-auto has-data-[state=open]:[mask-position:0_0]\">\n<div class=\"flex items-center\"><\/div>\n<\/div>\n<\/div>\n<div class=\"mt-3 w-full empty:hidden\">\n<div class=\"text-center\"><\/div>\n<\/div>\n<\/div>\n<div class=\"absolute\">\n<div class=\"flex items-center justify-center\"><\/div>\n<\/div>\n<\/div>\n<\/div>\n<\/div>\n<\/article>\n<div class=\"pointer-events-none h-px w-px\" aria-hidden=\"true\" data-edge=\"true\"><\/div>\n<\/div>\n<\/div>\n<\/div>\n<\/div>\n<div class=\"flex min-h-[46px] justify-start\">\n<div class=\"touch:-me-2 touch:-ms-3.5 -ms-2.5 -me-1 flex flex-wrap items-center gap-y-4 p-1 select-none touch:w-[calc(100%+--spacing(3.5))] -mt-1 w-[calc(100%+--spacing(2.5))] duration-[1.5s] focus-within:transition-none hover:transition-none pointer-events-none [mask-image:linear-gradient(to_right,black_33%,transparent_66%)] [mask-size:300%_100%] [mask-position:100%_0%] motion-safe:transition-[mask-position] group-hover\/turn-messages:pointer-events-auto group-hover\/turn-messages:[mask-position:0_0] group-focus-within\/turn-messages:pointer-events-auto group-focus-within\/turn-messages:[mask-position:0_0] has-data-[state=open]:pointer-events-auto has-data-[state=open]:[mask-position:0_0]\">\n<p>&nbsp;<\/p>\n<div class=\"flex items-center\"><\/div>\n<\/div>\n<\/div>\n<div class=\"mt-3 w-full empty:hidden\">\n<div class=\"text-center\"><\/div>\n<\/div>\n<\/div>\n<div class=\"absolute\">\n<div class=\"flex items-center justify-center\"><\/div>\n<\/div>\n<\/div>\n<\/div>\n<\/div>\n<\/article>\n<div class=\"pointer-events-none h-px w-px\" aria-hidden=\"true\" data-edge=\"true\"><\/div>\n","protected":false},"featured_media":56837,"template":"","meta":[],"product_brand":[1348],"product_cat":[1136,562,827,728],"product_tag":[1629],"class_list":{"0":"post-56835","1":"product","2":"type-product","3":"status-publish","4":"has-post-thumbnail","6":"product_brand-when","7":"product_cat-lakstines-veido-kaukes","8":"product_cat-sandelio-valymas","9":"product_cat-veido-prieziuros-priemoniu-rinkiniai","10":"product_cat-veidui","11":"product_tag-when","13":"first","14":"instock","15":"sale","16":"taxable","17":"shipping-taxable","18":"purchasable","19":"product-type-simple"},"yoast_head":"<!-- This site is optimized with the Yoast SEO plugin v27.3 - https:\/\/yoast.com\/product\/yoast-seo-wordpress\/ -->\n<title>When\u00ae Travelmate \u2013 intensyviai gaivinanti bioceliuliozin\u0117 kauk\u0117 veidui, 1vnt. - MalinaShop.lt J\u016bs\u0173 sveikatai ir gro\u017eiui.<\/title>\n<meta name=\"description\" content=\"Veido kauk\u0117 su ramun\u0117li\u0173 vandeniu ir Alpi\u0173 \u017eoleli\u0173 ekstraktais padeda nuraminti, intensyviai sudr\u0117kinti ir atgaivinti aplinkos veiksni\u0173 paveikt\u0105 od\u0105. Puikiai tinka po saul\u0117s, v\u0117jo ar kelioni\u0173.                              &nbsp; WHEN veido kauk\u0117 su ramun\u0117l\u0117mis ir Alpi\u0173 \u017eolel\u0117mis \u2013 jautrios odos nuraminimui ir intensyviam dr\u0117kinimui.\" \/>\n<meta name=\"robots\" content=\"index, follow, max-snippet:-1, max-image-preview:large, max-video-preview:-1\" \/>\n<link rel=\"canonical\" href=\"https:\/\/www.malinashop.lt\/lt_lt\/shop\/when-travelmate-intensyviai-gaivinanti-bioceliuliozine-kauke-veidui-1vnt\/\" \/>\n<meta property=\"og:locale\" content=\"lt_LT\" \/>\n<meta property=\"og:type\" content=\"article\" \/>\n<meta property=\"og:title\" content=\"When\u00ae Travelmate \u2013 intensyviai gaivinanti bioceliuliozin\u0117 kauk\u0117 veidui, 1vnt. - MalinaShop.lt J\u016bs\u0173 sveikatai ir gro\u017eiui.\" \/>\n<meta property=\"og:description\" content=\"Veido kauk\u0117 su ramun\u0117li\u0173 vandeniu ir Alpi\u0173 \u017eoleli\u0173 ekstraktais padeda nuraminti, intensyviai sudr\u0117kinti ir atgaivinti aplinkos veiksni\u0173 paveikt\u0105 od\u0105. Puikiai tinka po saul\u0117s, v\u0117jo ar kelioni\u0173.                              &nbsp; WHEN veido kauk\u0117 su ramun\u0117l\u0117mis ir Alpi\u0173 \u017eolel\u0117mis \u2013 jautrios odos nuraminimui ir intensyviam dr\u0117kinimui.\" \/>\n<meta property=\"og:url\" content=\"https:\/\/www.malinashop.lt\/lt_lt\/shop\/when-travelmate-intensyviai-gaivinanti-bioceliuliozine-kauke-veidui-1vnt\/\" \/>\n<meta property=\"og:site_name\" content=\"MalinaShop.lt J\u016bs\u0173 sveikatai ir gro\u017eiui.\" \/>\n<meta property=\"article:modified_time\" content=\"2026-04-07T21:49:56+00:00\" \/>\n<meta property=\"og:image\" content=\"https:\/\/www.malinashop.lt\/wp-content\/uploads\/2025\/06\/When\u00ae-Travelmate-\u2013-intensyviai-gaivinanti-bioceliuliozine-kauke-veidui-1vnt.webp\" \/>\n\t<meta property=\"og:image:width\" content=\"768\" \/>\n\t<meta property=\"og:image:height\" content=\"768\" \/>\n\t<meta property=\"og:image:type\" content=\"image\/webp\" \/>\n<meta name=\"twitter:card\" content=\"summary_large_image\" \/>\n<script type=\"application\/ld+json\" class=\"yoast-schema-graph\">{\"@context\":\"https:\\\/\\\/schema.org\",\"@graph\":[{\"@type\":\"WebPage\",\"@id\":\"https:\\\/\\\/www.malinashop.lt\\\/lt_lt\\\/shop\\\/when-travelmate-intensyviai-gaivinanti-bioceliuliozine-kauke-veidui-1vnt\\\/\",\"url\":\"https:\\\/\\\/www.malinashop.lt\\\/lt_lt\\\/shop\\\/when-travelmate-intensyviai-gaivinanti-bioceliuliozine-kauke-veidui-1vnt\\\/\",\"name\":\"When\u00ae Travelmate \u2013 intensyviai gaivinanti bioceliuliozin\u0117 kauk\u0117 veidui, 1vnt. - MalinaShop.lt J\u016bs\u0173 sveikatai ir gro\u017eiui.\",\"isPartOf\":{\"@id\":\"https:\\\/\\\/www.malinashop.lt\\\/en\\\/#website\"},\"primaryImageOfPage\":{\"@id\":\"https:\\\/\\\/www.malinashop.lt\\\/lt_lt\\\/shop\\\/when-travelmate-intensyviai-gaivinanti-bioceliuliozine-kauke-veidui-1vnt\\\/#primaryimage\"},\"image\":{\"@id\":\"https:\\\/\\\/www.malinashop.lt\\\/lt_lt\\\/shop\\\/when-travelmate-intensyviai-gaivinanti-bioceliuliozine-kauke-veidui-1vnt\\\/#primaryimage\"},\"thumbnailUrl\":\"https:\\\/\\\/www.malinashop.lt\\\/wp-content\\\/uploads\\\/2025\\\/06\\\/When\u00ae-Travelmate-\u2013-intensyviai-gaivinanti-bioceliuliozine-kauke-veidui-1vnt.webp\",\"datePublished\":\"2025-06-15T18:15:44+00:00\",\"dateModified\":\"2026-04-07T21:49:56+00:00\",\"description\":\"Veido kauk\u0117 su ramun\u0117li\u0173 vandeniu ir Alpi\u0173 \u017eoleli\u0173 ekstraktais padeda nuraminti, intensyviai sudr\u0117kinti ir atgaivinti aplinkos veiksni\u0173 paveikt\u0105 od\u0105. Puikiai tinka po saul\u0117s, v\u0117jo ar kelioni\u0173. &nbsp; WHEN veido kauk\u0117 su ramun\u0117l\u0117mis ir Alpi\u0173 \u017eolel\u0117mis \u2013 jautrios odos nuraminimui ir intensyviam dr\u0117kinimui.\",\"breadcrumb\":{\"@id\":\"https:\\\/\\\/www.malinashop.lt\\\/lt_lt\\\/shop\\\/when-travelmate-intensyviai-gaivinanti-bioceliuliozine-kauke-veidui-1vnt\\\/#breadcrumb\"},\"inLanguage\":\"lt-LT\",\"potentialAction\":[{\"@type\":\"ReadAction\",\"target\":[\"https:\\\/\\\/www.malinashop.lt\\\/lt_lt\\\/shop\\\/when-travelmate-intensyviai-gaivinanti-bioceliuliozine-kauke-veidui-1vnt\\\/\"]}]},{\"@type\":\"ImageObject\",\"inLanguage\":\"lt-LT\",\"@id\":\"https:\\\/\\\/www.malinashop.lt\\\/lt_lt\\\/shop\\\/when-travelmate-intensyviai-gaivinanti-bioceliuliozine-kauke-veidui-1vnt\\\/#primaryimage\",\"url\":\"https:\\\/\\\/www.malinashop.lt\\\/wp-content\\\/uploads\\\/2025\\\/06\\\/When\u00ae-Travelmate-\u2013-intensyviai-gaivinanti-bioceliuliozine-kauke-veidui-1vnt.webp\",\"contentUrl\":\"https:\\\/\\\/www.malinashop.lt\\\/wp-content\\\/uploads\\\/2025\\\/06\\\/When\u00ae-Travelmate-\u2013-intensyviai-gaivinanti-bioceliuliozine-kauke-veidui-1vnt.webp\",\"width\":768,\"height\":768},{\"@type\":\"BreadcrumbList\",\"@id\":\"https:\\\/\\\/www.malinashop.lt\\\/lt_lt\\\/shop\\\/when-travelmate-intensyviai-gaivinanti-bioceliuliozine-kauke-veidui-1vnt\\\/#breadcrumb\",\"itemListElement\":[{\"@type\":\"ListItem\",\"position\":1,\"name\":\"Home\",\"item\":\"https:\\\/\\\/www.malinashop.lt\\\/en\\\/\"},{\"@type\":\"ListItem\",\"position\":2,\"name\":\"Parduotuv\u0117\",\"item\":\"https:\\\/\\\/www.malinashop.lt\\\/en\\\/parduotuve\\\/\"},{\"@type\":\"ListItem\",\"position\":3,\"name\":\"When\u00ae Travelmate \u2013 intensyviai gaivinanti bioceliuliozin\u0117 kauk\u0117 veidui, 1vnt.\"}]},{\"@type\":\"WebSite\",\"@id\":\"https:\\\/\\\/www.malinashop.lt\\\/en\\\/#website\",\"url\":\"https:\\\/\\\/www.malinashop.lt\\\/en\\\/\",\"name\":\"COM Group Ecommerce\",\"description\":\"MalinaShop.lt - Gro\u017eio ir sveikatos produktai i\u0161 patikim\u0173 preki\u0173 \u017eenkl\u0173. Atraskite auk\u0161tos kokyb\u0117s kosmetik\u0105 u\u017e puiki\u0105 kain\u0105.\",\"publisher\":{\"@id\":\"https:\\\/\\\/www.malinashop.lt\\\/en\\\/#organization\"},\"potentialAction\":[{\"@type\":\"SearchAction\",\"target\":{\"@type\":\"EntryPoint\",\"urlTemplate\":\"https:\\\/\\\/www.malinashop.lt\\\/en\\\/?s={search_term_string}\"},\"query-input\":{\"@type\":\"PropertyValueSpecification\",\"valueRequired\":true,\"valueName\":\"search_term_string\"}}],\"inLanguage\":\"lt-LT\"},{\"@type\":\"Organization\",\"@id\":\"https:\\\/\\\/www.malinashop.lt\\\/en\\\/#organization\",\"name\":\"COM Group Ecommerce\",\"url\":\"https:\\\/\\\/www.malinashop.lt\\\/en\\\/\",\"logo\":{\"@type\":\"ImageObject\",\"inLanguage\":\"lt-LT\",\"@id\":\"https:\\\/\\\/www.malinashop.lt\\\/en\\\/#\\\/schema\\\/logo\\\/image\\\/\",\"url\":\"https:\\\/\\\/www.malinashop.lt\\\/wp-content\\\/uploads\\\/2024\\\/08\\\/462559670_3787732518133670_9795632669273463_n-e1731525914575.png\",\"contentUrl\":\"https:\\\/\\\/www.malinashop.lt\\\/wp-content\\\/uploads\\\/2024\\\/08\\\/462559670_3787732518133670_9795632669273463_n-e1731525914575.png\",\"width\":180,\"height\":60,\"caption\":\"COM Group Ecommerce\"},\"image\":{\"@id\":\"https:\\\/\\\/www.malinashop.lt\\\/en\\\/#\\\/schema\\\/logo\\\/image\\\/\"}}]}<\/script>\n<!-- \/ Yoast SEO plugin. -->","yoast_head_json":{"title":"When\u00ae Travelmate \u2013 intensyviai gaivinanti bioceliuliozin\u0117 kauk\u0117 veidui, 1vnt. - MalinaShop.lt J\u016bs\u0173 sveikatai ir gro\u017eiui.","description":"Veido kauk\u0117 su ramun\u0117li\u0173 vandeniu ir Alpi\u0173 \u017eoleli\u0173 ekstraktais padeda nuraminti, intensyviai sudr\u0117kinti ir atgaivinti aplinkos veiksni\u0173 paveikt\u0105 od\u0105. Puikiai tinka po saul\u0117s, v\u0117jo ar kelioni\u0173.                              &nbsp; WHEN veido kauk\u0117 su ramun\u0117l\u0117mis ir Alpi\u0173 \u017eolel\u0117mis \u2013 jautrios odos nuraminimui ir intensyviam dr\u0117kinimui.","robots":{"index":"index","follow":"follow","max-snippet":"max-snippet:-1","max-image-preview":"max-image-preview:large","max-video-preview":"max-video-preview:-1"},"canonical":"https:\/\/www.malinashop.lt\/lt_lt\/shop\/when-travelmate-intensyviai-gaivinanti-bioceliuliozine-kauke-veidui-1vnt\/","og_locale":"lt_LT","og_type":"article","og_title":"When\u00ae Travelmate \u2013 intensyviai gaivinanti bioceliuliozin\u0117 kauk\u0117 veidui, 1vnt. - MalinaShop.lt J\u016bs\u0173 sveikatai ir gro\u017eiui.","og_description":"Veido kauk\u0117 su ramun\u0117li\u0173 vandeniu ir Alpi\u0173 \u017eoleli\u0173 ekstraktais padeda nuraminti, intensyviai sudr\u0117kinti ir atgaivinti aplinkos veiksni\u0173 paveikt\u0105 od\u0105. Puikiai tinka po saul\u0117s, v\u0117jo ar kelioni\u0173.                              &nbsp; WHEN veido kauk\u0117 su ramun\u0117l\u0117mis ir Alpi\u0173 \u017eolel\u0117mis \u2013 jautrios odos nuraminimui ir intensyviam dr\u0117kinimui.","og_url":"https:\/\/www.malinashop.lt\/lt_lt\/shop\/when-travelmate-intensyviai-gaivinanti-bioceliuliozine-kauke-veidui-1vnt\/","og_site_name":"MalinaShop.lt J\u016bs\u0173 sveikatai ir gro\u017eiui.","article_modified_time":"2026-04-07T21:49:56+00:00","og_image":[{"width":768,"height":768,"url":"https:\/\/www.malinashop.lt\/wp-content\/uploads\/2025\/06\/When\u00ae-Travelmate-\u2013-intensyviai-gaivinanti-bioceliuliozine-kauke-veidui-1vnt.webp","type":"image\/webp"}],"twitter_card":"summary_large_image","schema":{"@context":"https:\/\/schema.org","@graph":[{"@type":"WebPage","@id":"https:\/\/www.malinashop.lt\/lt_lt\/shop\/when-travelmate-intensyviai-gaivinanti-bioceliuliozine-kauke-veidui-1vnt\/","url":"https:\/\/www.malinashop.lt\/lt_lt\/shop\/when-travelmate-intensyviai-gaivinanti-bioceliuliozine-kauke-veidui-1vnt\/","name":"When\u00ae Travelmate \u2013 intensyviai gaivinanti bioceliuliozin\u0117 kauk\u0117 veidui, 1vnt. - MalinaShop.lt J\u016bs\u0173 sveikatai ir gro\u017eiui.","isPartOf":{"@id":"https:\/\/www.malinashop.lt\/en\/#website"},"primaryImageOfPage":{"@id":"https:\/\/www.malinashop.lt\/lt_lt\/shop\/when-travelmate-intensyviai-gaivinanti-bioceliuliozine-kauke-veidui-1vnt\/#primaryimage"},"image":{"@id":"https:\/\/www.malinashop.lt\/lt_lt\/shop\/when-travelmate-intensyviai-gaivinanti-bioceliuliozine-kauke-veidui-1vnt\/#primaryimage"},"thumbnailUrl":"https:\/\/www.malinashop.lt\/wp-content\/uploads\/2025\/06\/When\u00ae-Travelmate-\u2013-intensyviai-gaivinanti-bioceliuliozine-kauke-veidui-1vnt.webp","datePublished":"2025-06-15T18:15:44+00:00","dateModified":"2026-04-07T21:49:56+00:00","description":"Veido kauk\u0117 su ramun\u0117li\u0173 vandeniu ir Alpi\u0173 \u017eoleli\u0173 ekstraktais padeda nuraminti, intensyviai sudr\u0117kinti ir atgaivinti aplinkos veiksni\u0173 paveikt\u0105 od\u0105. Puikiai tinka po saul\u0117s, v\u0117jo ar kelioni\u0173. &nbsp; WHEN veido kauk\u0117 su ramun\u0117l\u0117mis ir Alpi\u0173 \u017eolel\u0117mis \u2013 jautrios odos nuraminimui ir intensyviam dr\u0117kinimui.","breadcrumb":{"@id":"https:\/\/www.malinashop.lt\/lt_lt\/shop\/when-travelmate-intensyviai-gaivinanti-bioceliuliozine-kauke-veidui-1vnt\/#breadcrumb"},"inLanguage":"lt-LT","potentialAction":[{"@type":"ReadAction","target":["https:\/\/www.malinashop.lt\/lt_lt\/shop\/when-travelmate-intensyviai-gaivinanti-bioceliuliozine-kauke-veidui-1vnt\/"]}]},{"@type":"ImageObject","inLanguage":"lt-LT","@id":"https:\/\/www.malinashop.lt\/lt_lt\/shop\/when-travelmate-intensyviai-gaivinanti-bioceliuliozine-kauke-veidui-1vnt\/#primaryimage","url":"https:\/\/www.malinashop.lt\/wp-content\/uploads\/2025\/06\/When\u00ae-Travelmate-\u2013-intensyviai-gaivinanti-bioceliuliozine-kauke-veidui-1vnt.webp","contentUrl":"https:\/\/www.malinashop.lt\/wp-content\/uploads\/2025\/06\/When\u00ae-Travelmate-\u2013-intensyviai-gaivinanti-bioceliuliozine-kauke-veidui-1vnt.webp","width":768,"height":768},{"@type":"BreadcrumbList","@id":"https:\/\/www.malinashop.lt\/lt_lt\/shop\/when-travelmate-intensyviai-gaivinanti-bioceliuliozine-kauke-veidui-1vnt\/#breadcrumb","itemListElement":[{"@type":"ListItem","position":1,"name":"Home","item":"https:\/\/www.malinashop.lt\/en\/"},{"@type":"ListItem","position":2,"name":"Parduotuv\u0117","item":"https:\/\/www.malinashop.lt\/en\/parduotuve\/"},{"@type":"ListItem","position":3,"name":"When\u00ae Travelmate \u2013 intensyviai gaivinanti bioceliuliozin\u0117 kauk\u0117 veidui, 1vnt."}]},{"@type":"WebSite","@id":"https:\/\/www.malinashop.lt\/en\/#website","url":"https:\/\/www.malinashop.lt\/en\/","name":"COM Group Ecommerce","description":"MalinaShop.lt - Gro\u017eio ir sveikatos produktai i\u0161 patikim\u0173 preki\u0173 \u017eenkl\u0173. Atraskite auk\u0161tos kokyb\u0117s kosmetik\u0105 u\u017e puiki\u0105 kain\u0105.","publisher":{"@id":"https:\/\/www.malinashop.lt\/en\/#organization"},"potentialAction":[{"@type":"SearchAction","target":{"@type":"EntryPoint","urlTemplate":"https:\/\/www.malinashop.lt\/en\/?s={search_term_string}"},"query-input":{"@type":"PropertyValueSpecification","valueRequired":true,"valueName":"search_term_string"}}],"inLanguage":"lt-LT"},{"@type":"Organization","@id":"https:\/\/www.malinashop.lt\/en\/#organization","name":"COM Group Ecommerce","url":"https:\/\/www.malinashop.lt\/en\/","logo":{"@type":"ImageObject","inLanguage":"lt-LT","@id":"https:\/\/www.malinashop.lt\/en\/#\/schema\/logo\/image\/","url":"https:\/\/www.malinashop.lt\/wp-content\/uploads\/2024\/08\/462559670_3787732518133670_9795632669273463_n-e1731525914575.png","contentUrl":"https:\/\/www.malinashop.lt\/wp-content\/uploads\/2024\/08\/462559670_3787732518133670_9795632669273463_n-e1731525914575.png","width":180,"height":60,"caption":"COM Group Ecommerce"},"image":{"@id":"https:\/\/www.malinashop.lt\/en\/#\/schema\/logo\/image\/"}}]}},"jetpack_sharing_enabled":true,"_links":{"self":[{"href":"https:\/\/www.malinashop.lt\/lt_lt\/wp-json\/wp\/v2\/product\/56835","targetHints":{"allow":["GET"]}}],"collection":[{"href":"https:\/\/www.malinashop.lt\/lt_lt\/wp-json\/wp\/v2\/product"}],"about":[{"href":"https:\/\/www.malinashop.lt\/lt_lt\/wp-json\/wp\/v2\/types\/product"}],"version-history":[{"count":2,"href":"https:\/\/www.malinashop.lt\/lt_lt\/wp-json\/wp\/v2\/product\/56835\/revisions"}],"predecessor-version":[{"id":57936,"href":"https:\/\/www.malinashop.lt\/lt_lt\/wp-json\/wp\/v2\/product\/56835\/revisions\/57936"}],"wp:featuredmedia":[{"embeddable":true,"href":"https:\/\/www.malinashop.lt\/lt_lt\/wp-json\/wp\/v2\/media\/56837"}],"wp:attachment":[{"href":"https:\/\/www.malinashop.lt\/lt_lt\/wp-json\/wp\/v2\/media?parent=56835"}],"wp:term":[{"taxonomy":"product_brand","embeddable":true,"href":"https:\/\/www.malinashop.lt\/lt_lt\/wp-json\/wp\/v2\/product_brand?post=56835"},{"taxonomy":"product_cat","embeddable":true,"href":"https:\/\/www.malinashop.lt\/lt_lt\/wp-json\/wp\/v2\/product_cat?post=56835"},{"taxonomy":"product_tag","embeddable":true,"href":"https:\/\/www.malinashop.lt\/lt_lt\/wp-json\/wp\/v2\/product_tag?post=56835"}],"curies":[{"name":"wp","href":"https:\/\/api.w.org\/{rel}","templated":true}]}}