{"id":56787,"date":"2025-06-15T20:34:18","date_gmt":"2025-06-15T17:34:18","guid":{"rendered":"https:\/\/malinashop.lt\/?post_type=product&#038;p=56787"},"modified":"2026-04-08T00:49:57","modified_gmt":"2026-04-07T21:49:57","slug":"simply-when-volcanic-ash-detoksikuojancios-lakstines-veido-kaukes-10-vnt","status":"publish","type":"product","link":"https:\/\/www.malinashop.lt\/lt_lt\/shop\/simply-when-volcanic-ash-detoksikuojancios-lakstines-veido-kaukes-10-vnt\/","title":{"rendered":"Simply When\u00ae Volcanic Ash \u2013 detoksikuojan\u010dios lak\u0161tin\u0117s veido kauk\u0117s, 10 vnt."},"content":{"rendered":"<p data-start=\"104\" data-end=\"147\"><strong data-start=\"104\" data-end=\"147\">Preki\u0173 i\u0161siuntimas per 1\u20133 darbo dienas<\/strong><\/p>\n<p data-start=\"149\" data-end=\"255\"><strong data-start=\"149\" data-end=\"255\">Vegani\u0161ka veido kauk\u0117 jautriai ir \u012f spuogus linkusiai odai su vulkaniniais pelenais ir bambuko anglimi<\/strong><\/p>\n<p data-start=\"257\" data-end=\"558\">Atraskite giliai valan\u010di\u0105, detoksikuojan\u010di\u0105 ir raminan\u010di\u0105 odos prie\u017ei\u016br\u0105 su \u0161ia vegani\u0161ka lak\u0161tine veido kauke. Sukurta i\u0161 unikali\u0173 ingredient\u0173, i\u0161gaunam\u0173 <strong data-start=\"412\" data-end=\"444\">UNESCO saugomoje Jeju saloje<\/strong>, \u0161i kauk\u0117 padeda <strong data-start=\"462\" data-end=\"527\">valyti poras, ma\u017einti spuogus, reguliuoti riebal\u0173 i\u0161siskyrim\u0105<\/strong> ir <strong data-start=\"531\" data-end=\"557\">raminti sudirgusi\u0105 od\u0105<\/strong>.<\/p>\n<hr data-start=\"560\" data-end=\"563\" \/>\n<h3 data-start=\"565\" data-end=\"596\">\u00a0Pagrindiniai privalumai:<\/h3>\n<ul data-start=\"598\" data-end=\"1174\">\n<li data-start=\"598\" data-end=\"667\">\n<p data-start=\"600\" data-end=\"667\"><strong data-start=\"600\" data-end=\"665\">100 % vegani\u0161ka, hipoalergi\u0161ka ir dermatologi\u0161kai patikrinta.<\/strong><\/p>\n<\/li>\n<li data-start=\"668\" data-end=\"776\">\n<p data-start=\"670\" data-end=\"776\"><strong data-start=\"670\" data-end=\"690\">Valanti formul\u0117:<\/strong> vulkaniniai pelenai ir baltmolis padeda i\u0161traukti ne\u0161varumus bei riebal\u0173 pertekli\u0173.<\/p>\n<\/li>\n<li data-start=\"777\" data-end=\"907\">\n<p data-start=\"779\" data-end=\"907\"><strong data-start=\"779\" data-end=\"823\">Detoksikuojantys bambuko anglies lak\u0161tai<\/strong> gerina kraujotak\u0105, deguonies apytak\u0105 ir valo od\u0105, skatina l\u0105steli\u0173 atsinaujinim\u0105.<\/p>\n<\/li>\n<li data-start=\"908\" data-end=\"1041\">\n<p data-start=\"910\" data-end=\"1041\"><strong data-start=\"910\" data-end=\"931\">Odos stiprinimas:<\/strong> bambuko vanduo, saul\u0117gr\u0105\u017e\u0173 aliejus ir gebeni\u0173 ekstraktas turi antibakterini\u0173, kolagen\u0105 skatinan\u010di\u0173 savybi\u0173.<\/p>\n<\/li>\n<li data-start=\"1042\" data-end=\"1174\">\n<p data-start=\"1044\" data-end=\"1174\"><strong data-start=\"1044\" data-end=\"1069\">Aktyv\u016bs ingredientai:<\/strong> anglies milteliai, fitino r\u016bg\u0161tis ir baltmolis suteikia odai skaistumo ir padeda kovoti su ink\u0161tirais.<\/p>\n<\/li>\n<\/ul>\n<p data-start=\"1176\" data-end=\"1257\">Tinka kasdieniam naudojimui, ypa\u010d <strong data-start=\"1210\" data-end=\"1256\">jautriai, riebiai ir \u012f akn\u0119 linkusiai odai<\/strong>.<\/p>\n<hr data-start=\"1259\" data-end=\"1262\" \/>\n<h3 data-start=\"1264\" data-end=\"1282\">\u00a0Naudojimas:<\/h3>\n<ol data-start=\"1284\" data-end=\"1540\">\n<li data-start=\"1284\" data-end=\"1322\">\n<p data-start=\"1287\" data-end=\"1322\">Nuvalykite ir nusausinkite veid\u0105.<\/p>\n<\/li>\n<li data-start=\"1323\" data-end=\"1377\">\n<p data-start=\"1326\" data-end=\"1377\">I\u0161skleiskite audinio kauk\u0119 ir u\u017ed\u0117kite ant veido.<\/p>\n<\/li>\n<li data-start=\"1378\" data-end=\"1448\">\n<p data-start=\"1381\" data-end=\"1448\">Pritvirtinkite ir i\u0161lyginkite, kad kontaktas su oda b\u016bt\u0173 tolygus.<\/p>\n<\/li>\n<li data-start=\"1449\" data-end=\"1484\">\n<p data-start=\"1452\" data-end=\"1484\">Laikykite apie <strong data-start=\"1467\" data-end=\"1481\">20 minu\u010di\u0173<\/strong>.<\/p>\n<\/li>\n<li data-start=\"1485\" data-end=\"1540\">\n<p data-start=\"1488\" data-end=\"1540\">Nu\u0117m\u0119 \u012fmasa\u017euokite likus\u012f serum\u0105 \u012f veid\u0105 ir kakl\u0105.<\/p>\n<\/li>\n<\/ol>\n<p data-start=\"1542\" data-end=\"1603\"><strong data-start=\"1542\" data-end=\"1603\">Tik vienkartiniam naudojimui. Naudokite i\u0161kart atidarius.<\/strong><\/p>\n<hr data-start=\"1605\" data-end=\"1608\" \/>\n<h3 data-start=\"1610\" data-end=\"1625\">\u00a0Sud\u0117tis:<\/h3>\n<p data-start=\"1627\" data-end=\"2024\"><em data-start=\"1627\" data-end=\"2024\">Aqua (vanduo), Butylene Glycol, Glycerin, 1,2-Hexanediol, Arginine, Carbomer, Propanediol, Polyglyceryl-10 Laurate, Ethylhexylglycerin, Allantoin, Disodium EDTA, Bambusa Vulgaris Water, PEG-8, Volcanic Ash, Kaolin, Caprylyl Glycol, Helianthus Annuus (Sunflower) Seed Extract, PPG-1-PEG-9 Lauryl Glycol Ether, Charcoal Powder, Hedera Helix (Ivy) Extract, Phytic Acid, Sodium Polyacrylate, Parfum.<\/em><\/p>\n<hr data-start=\"2026\" data-end=\"2029\" \/>\n<h3 data-start=\"2031\" data-end=\"2048\">\u26a0\ufe0f \u012esp\u0117jimai:<\/h3>\n<p data-start=\"2050\" data-end=\"2312\">Naudoti tik i\u0161ori\u0161kai. Venkite kontakto su akimis ir gleivin\u0117mis. Nenaudoti ant pa\u017eeistos ar nudegusios odos. Jei pasirei\u0161kia sudirginimas ar alergin\u0117 reakcija \u2013 nutraukite naudojim\u0105 ir kreipkit\u0117s \u012f dermatolog\u0105. Po naudojimo venkite tiesiogini\u0173 saul\u0117s spinduli\u0173.<\/p>\n<p data-start=\"2314\" data-end=\"2390\"><strong data-start=\"2314\" data-end=\"2327\">Laikymas:<\/strong> laikyti v\u0117sioje, sausoje vietoje, saugoti nuo vaik\u0173 ir saul\u0117s.<\/p>\n","protected":false},"excerpt":{"rendered":"<article class=\"text-token-text-primary w-full\" dir=\"auto\" data-testid=\"conversation-turn-60\" data-scroll-anchor=\"true\">\n<div class=\"text-base my-auto mx-auto py-5 [--thread-content-margin:--spacing(4)] @[37rem]:[--thread-content-margin:--spacing(6)] @[72rem]:[--thread-content-margin:--spacing(16)] px-(--thread-content-margin)\">\n<div class=\"[--thread-content-max-width:32rem] @[34rem]:[--thread-content-max-width:40rem] @[64rem]:[--thread-content-max-width:48rem] mx-auto flex max-w-(--thread-content-max-width) flex-1 text-base gap-4 md:gap-5 lg:gap-6 group\/turn-messages focus-visible:outline-hidden\">\n<div class=\"group\/conversation-turn relative flex w-full min-w-0 flex-col agent-turn\">\n<div class=\"relative flex-col gap-1 md:gap-3\">\n<div class=\"flex max-w-full flex-col grow\">\n<div class=\"min-h-8 text-message relative flex w-full flex-col items-end gap-2 text-start break-words whitespace-normal [.text-message+&amp;]:mt-5\" dir=\"auto\" data-message-author-role=\"assistant\" data-message-id=\"589fe88d-4868-4166-a8f8-a90b18c71d84\" data-message-model-slug=\"gpt-4o\">\n<div class=\"flex w-full flex-col gap-1 empty:hidden first:pt-[3px]\">\n<div class=\"markdown prose dark:prose-invert w-full break-words light\">\n<article class=\"text-token-text-primary w-full\" dir=\"auto\" data-testid=\"conversation-turn-64\" data-scroll-anchor=\"true\">\n<div class=\"text-base my-auto mx-auto py-5 [--thread-content-margin:--spacing(4)] @[37rem]:[--thread-content-margin:--spacing(6)] @[72rem]:[--thread-content-margin:--spacing(16)] px-(--thread-content-margin)\">\n<div class=\"[--thread-content-max-width:32rem] @[34rem]:[--thread-content-max-width:40rem] @[64rem]:[--thread-content-max-width:48rem] mx-auto flex max-w-(--thread-content-max-width) flex-1 text-base gap-4 md:gap-5 lg:gap-6 group\/turn-messages focus-visible:outline-hidden\">\n<div class=\"group\/conversation-turn relative flex w-full min-w-0 flex-col agent-turn\">\n<div class=\"relative flex-col gap-1 md:gap-3\">\n<div class=\"flex max-w-full flex-col grow\">\n<div class=\"min-h-8 text-message relative flex w-full flex-col items-end gap-2 text-start break-words whitespace-normal [.text-message+&amp;]:mt-5\" dir=\"auto\" data-message-author-role=\"assistant\" data-message-id=\"699e12ca-a8a9-4876-bb46-a364a3a7704b\" data-message-model-slug=\"gpt-4o\">\n<div class=\"flex w-full flex-col gap-1 empty:hidden first:pt-[3px]\">\n<div class=\"markdown prose dark:prose-invert w-full break-words light\">\n<p data-start=\"605\" data-end=\"881\">Valan\u010dios lak\u0161tin\u0117s veido kauk\u0117s su bambuko anglimi ir Jeju vulkaniniais pelenais padeda giliai i\u0161valyti od\u0105, suma\u017einti por\u0173 matomum\u0105 ir suteikti gaivumo poj\u016bt\u012f. Esencija dr\u0117kina, ramina ir atgaivina pavargusi\u0105 bei riebaluotis linkusi\u0105 od\u0105. Pakuot\u0117je \u2013 10 vienkartini\u0173 kauki\u0173.<\/p>\n<\/div>\n<\/div>\n<\/div>\n<\/div>\n<div class=\"flex min-h-[46px] justify-start\">\n<div class=\"touch:-me-2 touch:-ms-3.5 -ms-2.5 -me-1 flex flex-wrap items-center gap-y-4 p-1 select-none touch:w-[calc(100%+--spacing(3.5))] -mt-1 w-[calc(100%+--spacing(2.5))] duration-[1.5s] focus-within:transition-none hover:transition-none pointer-events-none [mask-image:linear-gradient(to_right,black_33%,transparent_66%)] [mask-size:300%_100%] [mask-position:100%_0%] motion-safe:transition-[mask-position] group-hover\/turn-messages:pointer-events-auto group-hover\/turn-messages:[mask-position:0_0] group-focus-within\/turn-messages:pointer-events-auto group-focus-within\/turn-messages:[mask-position:0_0] has-data-[state=open]:pointer-events-auto has-data-[state=open]:[mask-position:0_0]\">\n<div class=\"flex items-center\"><\/div>\n<\/div>\n<\/div>\n<div class=\"mt-3 w-full empty:hidden\">\n<div class=\"text-center\"><\/div>\n<\/div>\n<\/div>\n<div class=\"absolute\">\n<div class=\"flex items-center justify-center\"><\/div>\n<\/div>\n<\/div>\n<\/div>\n<\/div>\n<\/article>\n<div class=\"pointer-events-none h-px w-px\" aria-hidden=\"true\" data-edge=\"true\"><\/div>\n<\/div>\n<\/div>\n<\/div>\n<\/div>\n<div class=\"flex min-h-[46px] justify-start\">\n<div class=\"touch:-me-2 touch:-ms-3.5 -ms-2.5 -me-1 flex flex-wrap items-center gap-y-4 p-1 select-none touch:w-[calc(100%+--spacing(3.5))] -mt-1 w-[calc(100%+--spacing(2.5))] duration-[1.5s] focus-within:transition-none hover:transition-none pointer-events-none [mask-image:linear-gradient(to_right,black_33%,transparent_66%)] [mask-size:300%_100%] [mask-position:100%_0%] motion-safe:transition-[mask-position] group-hover\/turn-messages:pointer-events-auto group-hover\/turn-messages:[mask-position:0_0] group-focus-within\/turn-messages:pointer-events-auto group-focus-within\/turn-messages:[mask-position:0_0] has-data-[state=open]:pointer-events-auto has-data-[state=open]:[mask-position:0_0]\">\n<p>&nbsp;<\/p>\n<div class=\"flex items-center\"><\/div>\n<\/div>\n<\/div>\n<div class=\"mt-3 w-full empty:hidden\">\n<div class=\"text-center\"><\/div>\n<\/div>\n<\/div>\n<div class=\"absolute\">\n<div class=\"flex items-center justify-center\"><\/div>\n<\/div>\n<\/div>\n<\/div>\n<\/div>\n<\/article>\n<div class=\"pointer-events-none h-px w-px\" aria-hidden=\"true\" data-edge=\"true\"><\/div>\n","protected":false},"featured_media":56790,"template":"","meta":[],"product_brand":[1348],"product_cat":[1136,827,728],"product_tag":[1629],"class_list":{"0":"post-56787","1":"product","2":"type-product","3":"status-publish","4":"has-post-thumbnail","6":"product_brand-when","7":"product_cat-lakstines-veido-kaukes","8":"product_cat-veido-prieziuros-priemoniu-rinkiniai","9":"product_cat-veidui","10":"product_tag-when","12":"first","13":"outofstock","14":"sale","15":"taxable","16":"shipping-taxable","17":"purchasable","18":"product-type-simple"},"yoast_head":"<!-- This site is optimized with the Yoast SEO plugin v27.4 - https:\/\/yoast.com\/product\/yoast-seo-wordpress\/ -->\n<title>Simply When\u00ae Volcanic Ash \u2013 detoksikuojan\u010dios lak\u0161tin\u0117s veido kauk\u0117s, 10 vnt. - MalinaShop.lt J\u016bs\u0173 sveikatai ir gro\u017eiui.<\/title>\n<meta name=\"description\" content=\"Valan\u010dios lak\u0161tin\u0117s veido kauk\u0117s su bambuko anglimi ir Jeju vulkaniniais pelenais padeda giliai i\u0161valyti od\u0105, suma\u017einti por\u0173 matomum\u0105 ir suteikti gaivumo poj\u016bt\u012f. Esencija dr\u0117kina, ramina ir atgaivina pavargusi\u0105 bei riebaluotis linkusi\u0105 od\u0105. Pakuot\u0117je \u2013 10 vienkartini\u0173 kauki\u0173.                              &nbsp; Vegani\u0161ka veido kauk\u0117 su vulkaniniais pelenais, bambuko anglimi ir baltmoliu jautriai odai.\" \/>\n<meta name=\"robots\" content=\"index, follow, max-snippet:-1, max-image-preview:large, max-video-preview:-1\" \/>\n<link rel=\"canonical\" href=\"https:\/\/www.malinashop.lt\/lt_lt\/shop\/simply-when-volcanic-ash-detoksikuojancios-lakstines-veido-kaukes-10-vnt\/\" \/>\n<meta property=\"og:locale\" content=\"lt_LT\" \/>\n<meta property=\"og:type\" content=\"article\" \/>\n<meta property=\"og:title\" content=\"Simply When\u00ae Volcanic Ash \u2013 detoksikuojan\u010dios lak\u0161tin\u0117s veido kauk\u0117s, 10 vnt. - MalinaShop.lt J\u016bs\u0173 sveikatai ir gro\u017eiui.\" \/>\n<meta property=\"og:description\" content=\"Valan\u010dios lak\u0161tin\u0117s veido kauk\u0117s su bambuko anglimi ir Jeju vulkaniniais pelenais padeda giliai i\u0161valyti od\u0105, suma\u017einti por\u0173 matomum\u0105 ir suteikti gaivumo poj\u016bt\u012f. Esencija dr\u0117kina, ramina ir atgaivina pavargusi\u0105 bei riebaluotis linkusi\u0105 od\u0105. Pakuot\u0117je \u2013 10 vienkartini\u0173 kauki\u0173.                              &nbsp; Vegani\u0161ka veido kauk\u0117 su vulkaniniais pelenais, bambuko anglimi ir baltmoliu jautriai odai.\" \/>\n<meta property=\"og:url\" content=\"https:\/\/www.malinashop.lt\/lt_lt\/shop\/simply-when-volcanic-ash-detoksikuojancios-lakstines-veido-kaukes-10-vnt\/\" \/>\n<meta property=\"og:site_name\" content=\"MalinaShop.lt J\u016bs\u0173 sveikatai ir gro\u017eiui.\" \/>\n<meta property=\"article:modified_time\" content=\"2026-04-07T21:49:57+00:00\" \/>\n<meta property=\"og:image\" content=\"https:\/\/www.malinashop.lt\/wp-content\/uploads\/2025\/06\/Simply-When\u00ae-Volcanic-Ash-\u2013-detoksikuojancios-lakstines-veido-kaukes-10-vnt.webp\" \/>\n\t<meta property=\"og:image:width\" content=\"768\" \/>\n\t<meta property=\"og:image:height\" content=\"768\" \/>\n\t<meta property=\"og:image:type\" content=\"image\/webp\" \/>\n<meta name=\"twitter:card\" content=\"summary_large_image\" \/>\n<script type=\"application\/ld+json\" class=\"yoast-schema-graph\">{\"@context\":\"https:\\\/\\\/schema.org\",\"@graph\":[{\"@type\":\"WebPage\",\"@id\":\"https:\\\/\\\/www.malinashop.lt\\\/lt_lt\\\/shop\\\/simply-when-volcanic-ash-detoksikuojancios-lakstines-veido-kaukes-10-vnt\\\/\",\"url\":\"https:\\\/\\\/www.malinashop.lt\\\/lt_lt\\\/shop\\\/simply-when-volcanic-ash-detoksikuojancios-lakstines-veido-kaukes-10-vnt\\\/\",\"name\":\"Simply When\u00ae Volcanic Ash \u2013 detoksikuojan\u010dios lak\u0161tin\u0117s veido kauk\u0117s, 10 vnt. - MalinaShop.lt J\u016bs\u0173 sveikatai ir gro\u017eiui.\",\"isPartOf\":{\"@id\":\"https:\\\/\\\/www.malinashop.lt\\\/en\\\/#website\"},\"primaryImageOfPage\":{\"@id\":\"https:\\\/\\\/www.malinashop.lt\\\/lt_lt\\\/shop\\\/simply-when-volcanic-ash-detoksikuojancios-lakstines-veido-kaukes-10-vnt\\\/#primaryimage\"},\"image\":{\"@id\":\"https:\\\/\\\/www.malinashop.lt\\\/lt_lt\\\/shop\\\/simply-when-volcanic-ash-detoksikuojancios-lakstines-veido-kaukes-10-vnt\\\/#primaryimage\"},\"thumbnailUrl\":\"https:\\\/\\\/www.malinashop.lt\\\/wp-content\\\/uploads\\\/2025\\\/06\\\/Simply-When\u00ae-Volcanic-Ash-\u2013-detoksikuojancios-lakstines-veido-kaukes-10-vnt.webp\",\"datePublished\":\"2025-06-15T17:34:18+00:00\",\"dateModified\":\"2026-04-07T21:49:57+00:00\",\"description\":\"Valan\u010dios lak\u0161tin\u0117s veido kauk\u0117s su bambuko anglimi ir Jeju vulkaniniais pelenais padeda giliai i\u0161valyti od\u0105, suma\u017einti por\u0173 matomum\u0105 ir suteikti gaivumo poj\u016bt\u012f. Esencija dr\u0117kina, ramina ir atgaivina pavargusi\u0105 bei riebaluotis linkusi\u0105 od\u0105. Pakuot\u0117je \u2013 10 vienkartini\u0173 kauki\u0173. &nbsp; Vegani\u0161ka veido kauk\u0117 su vulkaniniais pelenais, bambuko anglimi ir baltmoliu jautriai odai.\",\"breadcrumb\":{\"@id\":\"https:\\\/\\\/www.malinashop.lt\\\/lt_lt\\\/shop\\\/simply-when-volcanic-ash-detoksikuojancios-lakstines-veido-kaukes-10-vnt\\\/#breadcrumb\"},\"inLanguage\":\"lt-LT\",\"potentialAction\":[{\"@type\":\"ReadAction\",\"target\":[\"https:\\\/\\\/www.malinashop.lt\\\/lt_lt\\\/shop\\\/simply-when-volcanic-ash-detoksikuojancios-lakstines-veido-kaukes-10-vnt\\\/\"]}]},{\"@type\":\"ImageObject\",\"inLanguage\":\"lt-LT\",\"@id\":\"https:\\\/\\\/www.malinashop.lt\\\/lt_lt\\\/shop\\\/simply-when-volcanic-ash-detoksikuojancios-lakstines-veido-kaukes-10-vnt\\\/#primaryimage\",\"url\":\"https:\\\/\\\/www.malinashop.lt\\\/wp-content\\\/uploads\\\/2025\\\/06\\\/Simply-When\u00ae-Volcanic-Ash-\u2013-detoksikuojancios-lakstines-veido-kaukes-10-vnt.webp\",\"contentUrl\":\"https:\\\/\\\/www.malinashop.lt\\\/wp-content\\\/uploads\\\/2025\\\/06\\\/Simply-When\u00ae-Volcanic-Ash-\u2013-detoksikuojancios-lakstines-veido-kaukes-10-vnt.webp\",\"width\":768,\"height\":768},{\"@type\":\"BreadcrumbList\",\"@id\":\"https:\\\/\\\/www.malinashop.lt\\\/lt_lt\\\/shop\\\/simply-when-volcanic-ash-detoksikuojancios-lakstines-veido-kaukes-10-vnt\\\/#breadcrumb\",\"itemListElement\":[{\"@type\":\"ListItem\",\"position\":1,\"name\":\"Home\",\"item\":\"https:\\\/\\\/www.malinashop.lt\\\/en\\\/\"},{\"@type\":\"ListItem\",\"position\":2,\"name\":\"Parduotuv\u0117\",\"item\":\"https:\\\/\\\/www.malinashop.lt\\\/en\\\/parduotuve\\\/\"},{\"@type\":\"ListItem\",\"position\":3,\"name\":\"Simply When\u00ae Volcanic Ash \u2013 detoksikuojan\u010dios lak\u0161tin\u0117s veido kauk\u0117s, 10 vnt.\"}]},{\"@type\":\"WebSite\",\"@id\":\"https:\\\/\\\/www.malinashop.lt\\\/en\\\/#website\",\"url\":\"https:\\\/\\\/www.malinashop.lt\\\/en\\\/\",\"name\":\"COM Group Ecommerce\",\"description\":\"MalinaShop.lt - Gro\u017eio ir sveikatos produktai i\u0161 patikim\u0173 preki\u0173 \u017eenkl\u0173. Atraskite auk\u0161tos kokyb\u0117s kosmetik\u0105 u\u017e puiki\u0105 kain\u0105.\",\"publisher\":{\"@id\":\"https:\\\/\\\/www.malinashop.lt\\\/en\\\/#organization\"},\"potentialAction\":[{\"@type\":\"SearchAction\",\"target\":{\"@type\":\"EntryPoint\",\"urlTemplate\":\"https:\\\/\\\/www.malinashop.lt\\\/en\\\/?s={search_term_string}\"},\"query-input\":{\"@type\":\"PropertyValueSpecification\",\"valueRequired\":true,\"valueName\":\"search_term_string\"}}],\"inLanguage\":\"lt-LT\"},{\"@type\":\"Organization\",\"@id\":\"https:\\\/\\\/www.malinashop.lt\\\/en\\\/#organization\",\"name\":\"COM Group Ecommerce\",\"url\":\"https:\\\/\\\/www.malinashop.lt\\\/en\\\/\",\"logo\":{\"@type\":\"ImageObject\",\"inLanguage\":\"lt-LT\",\"@id\":\"https:\\\/\\\/www.malinashop.lt\\\/en\\\/#\\\/schema\\\/logo\\\/image\\\/\",\"url\":\"https:\\\/\\\/www.malinashop.lt\\\/wp-content\\\/uploads\\\/2024\\\/08\\\/462559670_3787732518133670_9795632669273463_n-e1731525914575.png\",\"contentUrl\":\"https:\\\/\\\/www.malinashop.lt\\\/wp-content\\\/uploads\\\/2024\\\/08\\\/462559670_3787732518133670_9795632669273463_n-e1731525914575.png\",\"width\":180,\"height\":60,\"caption\":\"COM Group Ecommerce\"},\"image\":{\"@id\":\"https:\\\/\\\/www.malinashop.lt\\\/en\\\/#\\\/schema\\\/logo\\\/image\\\/\"}}]}<\/script>\n<!-- \/ Yoast SEO plugin. -->","yoast_head_json":{"title":"Simply When\u00ae Volcanic Ash \u2013 detoksikuojan\u010dios lak\u0161tin\u0117s veido kauk\u0117s, 10 vnt. - MalinaShop.lt J\u016bs\u0173 sveikatai ir gro\u017eiui.","description":"Valan\u010dios lak\u0161tin\u0117s veido kauk\u0117s su bambuko anglimi ir Jeju vulkaniniais pelenais padeda giliai i\u0161valyti od\u0105, suma\u017einti por\u0173 matomum\u0105 ir suteikti gaivumo poj\u016bt\u012f. Esencija dr\u0117kina, ramina ir atgaivina pavargusi\u0105 bei riebaluotis linkusi\u0105 od\u0105. Pakuot\u0117je \u2013 10 vienkartini\u0173 kauki\u0173.                              &nbsp; Vegani\u0161ka veido kauk\u0117 su vulkaniniais pelenais, bambuko anglimi ir baltmoliu jautriai odai.","robots":{"index":"index","follow":"follow","max-snippet":"max-snippet:-1","max-image-preview":"max-image-preview:large","max-video-preview":"max-video-preview:-1"},"canonical":"https:\/\/www.malinashop.lt\/lt_lt\/shop\/simply-when-volcanic-ash-detoksikuojancios-lakstines-veido-kaukes-10-vnt\/","og_locale":"lt_LT","og_type":"article","og_title":"Simply When\u00ae Volcanic Ash \u2013 detoksikuojan\u010dios lak\u0161tin\u0117s veido kauk\u0117s, 10 vnt. - MalinaShop.lt J\u016bs\u0173 sveikatai ir gro\u017eiui.","og_description":"Valan\u010dios lak\u0161tin\u0117s veido kauk\u0117s su bambuko anglimi ir Jeju vulkaniniais pelenais padeda giliai i\u0161valyti od\u0105, suma\u017einti por\u0173 matomum\u0105 ir suteikti gaivumo poj\u016bt\u012f. Esencija dr\u0117kina, ramina ir atgaivina pavargusi\u0105 bei riebaluotis linkusi\u0105 od\u0105. Pakuot\u0117je \u2013 10 vienkartini\u0173 kauki\u0173.                              &nbsp; Vegani\u0161ka veido kauk\u0117 su vulkaniniais pelenais, bambuko anglimi ir baltmoliu jautriai odai.","og_url":"https:\/\/www.malinashop.lt\/lt_lt\/shop\/simply-when-volcanic-ash-detoksikuojancios-lakstines-veido-kaukes-10-vnt\/","og_site_name":"MalinaShop.lt J\u016bs\u0173 sveikatai ir gro\u017eiui.","article_modified_time":"2026-04-07T21:49:57+00:00","og_image":[{"width":768,"height":768,"url":"https:\/\/www.malinashop.lt\/wp-content\/uploads\/2025\/06\/Simply-When\u00ae-Volcanic-Ash-\u2013-detoksikuojancios-lakstines-veido-kaukes-10-vnt.webp","type":"image\/webp"}],"twitter_card":"summary_large_image","schema":{"@context":"https:\/\/schema.org","@graph":[{"@type":"WebPage","@id":"https:\/\/www.malinashop.lt\/lt_lt\/shop\/simply-when-volcanic-ash-detoksikuojancios-lakstines-veido-kaukes-10-vnt\/","url":"https:\/\/www.malinashop.lt\/lt_lt\/shop\/simply-when-volcanic-ash-detoksikuojancios-lakstines-veido-kaukes-10-vnt\/","name":"Simply When\u00ae Volcanic Ash \u2013 detoksikuojan\u010dios lak\u0161tin\u0117s veido kauk\u0117s, 10 vnt. - MalinaShop.lt J\u016bs\u0173 sveikatai ir gro\u017eiui.","isPartOf":{"@id":"https:\/\/www.malinashop.lt\/en\/#website"},"primaryImageOfPage":{"@id":"https:\/\/www.malinashop.lt\/lt_lt\/shop\/simply-when-volcanic-ash-detoksikuojancios-lakstines-veido-kaukes-10-vnt\/#primaryimage"},"image":{"@id":"https:\/\/www.malinashop.lt\/lt_lt\/shop\/simply-when-volcanic-ash-detoksikuojancios-lakstines-veido-kaukes-10-vnt\/#primaryimage"},"thumbnailUrl":"https:\/\/www.malinashop.lt\/wp-content\/uploads\/2025\/06\/Simply-When\u00ae-Volcanic-Ash-\u2013-detoksikuojancios-lakstines-veido-kaukes-10-vnt.webp","datePublished":"2025-06-15T17:34:18+00:00","dateModified":"2026-04-07T21:49:57+00:00","description":"Valan\u010dios lak\u0161tin\u0117s veido kauk\u0117s su bambuko anglimi ir Jeju vulkaniniais pelenais padeda giliai i\u0161valyti od\u0105, suma\u017einti por\u0173 matomum\u0105 ir suteikti gaivumo poj\u016bt\u012f. Esencija dr\u0117kina, ramina ir atgaivina pavargusi\u0105 bei riebaluotis linkusi\u0105 od\u0105. Pakuot\u0117je \u2013 10 vienkartini\u0173 kauki\u0173. &nbsp; Vegani\u0161ka veido kauk\u0117 su vulkaniniais pelenais, bambuko anglimi ir baltmoliu jautriai odai.","breadcrumb":{"@id":"https:\/\/www.malinashop.lt\/lt_lt\/shop\/simply-when-volcanic-ash-detoksikuojancios-lakstines-veido-kaukes-10-vnt\/#breadcrumb"},"inLanguage":"lt-LT","potentialAction":[{"@type":"ReadAction","target":["https:\/\/www.malinashop.lt\/lt_lt\/shop\/simply-when-volcanic-ash-detoksikuojancios-lakstines-veido-kaukes-10-vnt\/"]}]},{"@type":"ImageObject","inLanguage":"lt-LT","@id":"https:\/\/www.malinashop.lt\/lt_lt\/shop\/simply-when-volcanic-ash-detoksikuojancios-lakstines-veido-kaukes-10-vnt\/#primaryimage","url":"https:\/\/www.malinashop.lt\/wp-content\/uploads\/2025\/06\/Simply-When\u00ae-Volcanic-Ash-\u2013-detoksikuojancios-lakstines-veido-kaukes-10-vnt.webp","contentUrl":"https:\/\/www.malinashop.lt\/wp-content\/uploads\/2025\/06\/Simply-When\u00ae-Volcanic-Ash-\u2013-detoksikuojancios-lakstines-veido-kaukes-10-vnt.webp","width":768,"height":768},{"@type":"BreadcrumbList","@id":"https:\/\/www.malinashop.lt\/lt_lt\/shop\/simply-when-volcanic-ash-detoksikuojancios-lakstines-veido-kaukes-10-vnt\/#breadcrumb","itemListElement":[{"@type":"ListItem","position":1,"name":"Home","item":"https:\/\/www.malinashop.lt\/en\/"},{"@type":"ListItem","position":2,"name":"Parduotuv\u0117","item":"https:\/\/www.malinashop.lt\/en\/parduotuve\/"},{"@type":"ListItem","position":3,"name":"Simply When\u00ae Volcanic Ash \u2013 detoksikuojan\u010dios lak\u0161tin\u0117s veido kauk\u0117s, 10 vnt."}]},{"@type":"WebSite","@id":"https:\/\/www.malinashop.lt\/en\/#website","url":"https:\/\/www.malinashop.lt\/en\/","name":"COM Group Ecommerce","description":"MalinaShop.lt - Gro\u017eio ir sveikatos produktai i\u0161 patikim\u0173 preki\u0173 \u017eenkl\u0173. Atraskite auk\u0161tos kokyb\u0117s kosmetik\u0105 u\u017e puiki\u0105 kain\u0105.","publisher":{"@id":"https:\/\/www.malinashop.lt\/en\/#organization"},"potentialAction":[{"@type":"SearchAction","target":{"@type":"EntryPoint","urlTemplate":"https:\/\/www.malinashop.lt\/en\/?s={search_term_string}"},"query-input":{"@type":"PropertyValueSpecification","valueRequired":true,"valueName":"search_term_string"}}],"inLanguage":"lt-LT"},{"@type":"Organization","@id":"https:\/\/www.malinashop.lt\/en\/#organization","name":"COM Group Ecommerce","url":"https:\/\/www.malinashop.lt\/en\/","logo":{"@type":"ImageObject","inLanguage":"lt-LT","@id":"https:\/\/www.malinashop.lt\/en\/#\/schema\/logo\/image\/","url":"https:\/\/www.malinashop.lt\/wp-content\/uploads\/2024\/08\/462559670_3787732518133670_9795632669273463_n-e1731525914575.png","contentUrl":"https:\/\/www.malinashop.lt\/wp-content\/uploads\/2024\/08\/462559670_3787732518133670_9795632669273463_n-e1731525914575.png","width":180,"height":60,"caption":"COM Group Ecommerce"},"image":{"@id":"https:\/\/www.malinashop.lt\/en\/#\/schema\/logo\/image\/"}}]}},"jetpack_sharing_enabled":true,"_links":{"self":[{"href":"https:\/\/www.malinashop.lt\/lt_lt\/wp-json\/wp\/v2\/product\/56787","targetHints":{"allow":["GET"]}}],"collection":[{"href":"https:\/\/www.malinashop.lt\/lt_lt\/wp-json\/wp\/v2\/product"}],"about":[{"href":"https:\/\/www.malinashop.lt\/lt_lt\/wp-json\/wp\/v2\/types\/product"}],"version-history":[{"count":2,"href":"https:\/\/www.malinashop.lt\/lt_lt\/wp-json\/wp\/v2\/product\/56787\/revisions"}],"predecessor-version":[{"id":57947,"href":"https:\/\/www.malinashop.lt\/lt_lt\/wp-json\/wp\/v2\/product\/56787\/revisions\/57947"}],"wp:featuredmedia":[{"embeddable":true,"href":"https:\/\/www.malinashop.lt\/lt_lt\/wp-json\/wp\/v2\/media\/56790"}],"wp:attachment":[{"href":"https:\/\/www.malinashop.lt\/lt_lt\/wp-json\/wp\/v2\/media?parent=56787"}],"wp:term":[{"taxonomy":"product_brand","embeddable":true,"href":"https:\/\/www.malinashop.lt\/lt_lt\/wp-json\/wp\/v2\/product_brand?post=56787"},{"taxonomy":"product_cat","embeddable":true,"href":"https:\/\/www.malinashop.lt\/lt_lt\/wp-json\/wp\/v2\/product_cat?post=56787"},{"taxonomy":"product_tag","embeddable":true,"href":"https:\/\/www.malinashop.lt\/lt_lt\/wp-json\/wp\/v2\/product_tag?post=56787"}],"curies":[{"name":"wp","href":"https:\/\/api.w.org\/{rel}","templated":true}]}}