{"id":56758,"date":"2025-06-15T20:05:12","date_gmt":"2025-06-15T17:05:12","guid":{"rendered":"https:\/\/malinashop.lt\/?post_type=product&#038;p=56758"},"modified":"2026-02-10T11:50:07","modified_gmt":"2026-02-10T08:50:07","slug":"arocell-botulcare-graphene-mask-intensyvios-prieziuros-kaukes-5-vnt","status":"publish","type":"product","link":"https:\/\/www.malinashop.lt\/lt_lt\/shop\/arocell-botulcare-graphene-mask-intensyvios-prieziuros-kaukes-5-vnt\/","title":{"rendered":"Arocell Botulcare Graphene Mask \u2013 intensyvios prie\u017ei\u016bros kauk\u0117s, 5 vnt."},"content":{"rendered":"<p data-start=\"108\" data-end=\"151\"><strong data-start=\"108\" data-end=\"151\">Preki\u0173 i\u0161siuntimas per 1\u20133 darbo dienas<\/strong><\/p>\n<p data-start=\"153\" data-end=\"227\"><strong data-start=\"153\" data-end=\"227\">Arocell veido kauki\u0173 rinkinys su grafenu ir botulino peptidais, 5 vnt.<\/strong><\/p>\n<p data-start=\"229\" data-end=\"548\">Atraskite pa\u017eangiausi\u0105 odos prie\u017ei\u016bros technologij\u0105 \u2013 <strong data-start=\"283\" data-end=\"317\">Arocell grafeno kauki\u0173 rinkin\u012f<\/strong>, kuriame inovacijos derinamos su gamtos galia. Kiekviena kauk\u0117 praturtinta <strong data-start=\"393\" data-end=\"415\">botulino peptidais<\/strong>, <strong data-start=\"417\" data-end=\"444\">j\u016bros dumbli\u0173 retinoliu<\/strong> ir <strong data-start=\"448\" data-end=\"479\">10 r\u016b\u0161i\u0173 hialurono r\u016bg\u0161timi<\/strong>, kad oda b\u016bt\u0173 intensyviai dr\u0117kinama, elastinga ir atgavusi spindes\u012f.<\/p>\n<p data-start=\"550\" data-end=\"815\"><strong data-start=\"550\" data-end=\"574\">Grafeno technologija<\/strong>, pelniusi Nobelio premij\u0105 fizikos srityje, u\u017etikrina efektyv\u0173 veikli\u0173j\u0173 med\u017eiag\u0173 prasiskverbim\u0105 \u012f giliuosius odos sluoksnius. Idealiai tinka visiems odos tipams, ypa\u010d tiems, kuriems reikia greitos, ta\u010diau giliai veikian\u010dios odos prie\u017ei\u016bros.<\/p>\n<hr data-start=\"817\" data-end=\"820\" \/>\n<h3 data-start=\"822\" data-end=\"857\">\ud83c\udf3f <strong data-start=\"829\" data-end=\"857\">Pagrindiniai privalumai:<\/strong><\/h3>\n<ul data-start=\"859\" data-end=\"1347\">\n<li data-start=\"859\" data-end=\"956\">\n<p data-start=\"861\" data-end=\"956\"><strong data-start=\"861\" data-end=\"896\">Botulino ir peptid\u0173 kompleksas:<\/strong> ma\u017eina rauk\u0161leli\u0173 matomum\u0105, atpalaiduoja \u012fsitempusi\u0105 od\u0105.<\/p>\n<\/li>\n<li data-start=\"957\" data-end=\"1027\">\n<p data-start=\"959\" data-end=\"1027\"><strong data-start=\"959\" data-end=\"987\">J\u016bros dumbli\u0173 retinolis:<\/strong> padeda skaistinti ir regeneruoti od\u0105.<\/p>\n<\/li>\n<li data-start=\"1028\" data-end=\"1109\">\n<p data-start=\"1030\" data-end=\"1109\"><strong data-start=\"1030\" data-end=\"1050\">Grafeno audinys:<\/strong> u\u017etikrina greit\u0105 ir tolyg\u0173 veikli\u0173j\u0173 med\u017eiag\u0173 \u012fsig\u0117rim\u0105.<\/p>\n<\/li>\n<li data-start=\"1110\" data-end=\"1176\">\n<p data-start=\"1112\" data-end=\"1176\"><strong data-start=\"1112\" data-end=\"1143\">10 r\u016b\u0161i\u0173 hialurono r\u016bg\u0161tis:<\/strong> dr\u0117kina visus odos sluoksnius.<\/p>\n<\/li>\n<li data-start=\"1177\" data-end=\"1278\">\n<p data-start=\"1179\" data-end=\"1278\"><strong data-start=\"1179\" data-end=\"1221\">S\u0117kl\u0173 aliej\u0173 ir pantenolio kompleksas:<\/strong> stiprina odos barjer\u0105 ir saugo nuo aplinkos dirgikli\u0173.<\/p>\n<\/li>\n<li data-start=\"1279\" data-end=\"1347\">\n<p data-start=\"1281\" data-end=\"1347\"><strong data-start=\"1281\" data-end=\"1347\">Tinka kasdieniam naudojimui, ypa\u010d kai reikia greito rezultato.<\/strong><\/p>\n<\/li>\n<\/ul>\n<hr data-start=\"1349\" data-end=\"1352\" \/>\n<h3 data-start=\"1354\" data-end=\"1376\"><strong data-start=\"1361\" data-end=\"1376\">Naudojimas:<\/strong><\/h3>\n<ol data-start=\"1378\" data-end=\"1598\">\n<li data-start=\"1378\" data-end=\"1417\">\n<p data-start=\"1381\" data-end=\"1417\">Nuvalykite veid\u0105 ir tonizuokite od\u0105.<\/p>\n<\/li>\n<li data-start=\"1418\" data-end=\"1470\">\n<p data-start=\"1421\" data-end=\"1470\">U\u017ed\u0117kite kauk\u0119, atid\u017eiai prigludinkite prie odos.<\/p>\n<\/li>\n<li data-start=\"1471\" data-end=\"1542\">\n<p data-start=\"1474\" data-end=\"1542\">Po 10\u201320 minu\u010di\u0173 nuimkite ir likusi\u0105 esencij\u0105 \u0161velniai \u012fmasa\u017euokite.<\/p>\n<\/li>\n<li data-start=\"1543\" data-end=\"1598\">\n<p data-start=\"1546\" data-end=\"1598\">Nenuskalaukite \u2013 leiskite produktui veikti iki galo.<\/p>\n<\/li>\n<\/ol>\n<hr data-start=\"1600\" data-end=\"1603\" \/>\n<h3 data-start=\"1605\" data-end=\"1626\">\u26a0\ufe0f <strong data-start=\"1612\" data-end=\"1626\">\u012esp\u0117jimai:<\/strong><\/h3>\n<ul data-start=\"1628\" data-end=\"1852\">\n<li data-start=\"1628\" data-end=\"1657\">\n<p data-start=\"1630\" data-end=\"1657\">Tik i\u0161oriniam naudojimui.<\/p>\n<\/li>\n<li data-start=\"1658\" data-end=\"1689\">\n<p data-start=\"1660\" data-end=\"1689\">Venkite kontakto su akimis.<\/p>\n<\/li>\n<li data-start=\"1690\" data-end=\"1797\">\n<p data-start=\"1692\" data-end=\"1797\">Jeigu atsiranda paraudimas, nie\u017eulys ar sudirginimas \u2013 nutraukite naudojim\u0105 ir pasitarkite su gydytoju.<\/p>\n<\/li>\n<li data-start=\"1798\" data-end=\"1852\">\n<p data-start=\"1800\" data-end=\"1852\">Saugoti nuo vaik\u0173, laikyti v\u0117sioje, sausoje vietoje.<\/p>\n<\/li>\n<\/ul>\n<hr data-start=\"1854\" data-end=\"1857\" \/>\n<h3 data-start=\"1859\" data-end=\"1885\"><strong data-start=\"1866\" data-end=\"1885\">Sud\u0117tis (INCI):<\/strong><\/h3>\n<p data-start=\"1887\" data-end=\"2656\">Water, Propanediol, Butylene Glycol, Niacinamide, Glycerin, 1,2-Hexanediol, Panthenol, Betaine, Polyglyceryl-10 Laurate, Arginine, Carbomer, Xanthan Gum, Trehalose, Ethylhexylglycerin, Adenosine, Disodium EDTA, Glyceryl Caprylate, Fragrance, Sodium Hyaluronate, Collagen Extract, Green Tea Seed Oil, Carrot Seed Oil, Broccoli Seed Oil, Safflower Oil, Galactomyces Ferment Filtrate, Olive Oil, Sunflower Seed Oil, Moringa Seed Oil, Tomato Seed Oil, Blackcurrant Seed Oil, Seaweed Extract, Grape Seed Oil, Rocksampire Callus Culture Filtrate, Graphene Oxide, Tocopherol, Hydrolyzed Hyaluronic Acid, Hyaluronic Acid, Sodium Hyaluronate Crosspolymer, Acetylated Sodium Hyaluronate, Copper Tripeptide-1, Methionyl R-Clostridium Botulinum Polypeptide-1 Hexapeptide-40, ir kt.<\/p>\n<p data-start=\"2658\" data-end=\"2742\"><em data-start=\"2658\" data-end=\"2742\">Pastaba: sud\u0117tis gali b\u016bti kei\u010diama. Visada vadovaukit\u0117s informacija ant pakuot\u0117s.<\/em><\/p>\n","protected":false},"excerpt":{"rendered":"<article class=\"text-token-text-primary w-full\" dir=\"auto\" data-testid=\"conversation-turn-60\" data-scroll-anchor=\"true\">\n<div class=\"text-base my-auto mx-auto py-5 [--thread-content-margin:--spacing(4)] @[37rem]:[--thread-content-margin:--spacing(6)] @[72rem]:[--thread-content-margin:--spacing(16)] px-(--thread-content-margin)\">\n<div class=\"[--thread-content-max-width:32rem] @[34rem]:[--thread-content-max-width:40rem] @[64rem]:[--thread-content-max-width:48rem] mx-auto flex max-w-(--thread-content-max-width) flex-1 text-base gap-4 md:gap-5 lg:gap-6 group\/turn-messages focus-visible:outline-hidden\">\n<div class=\"group\/conversation-turn relative flex w-full min-w-0 flex-col agent-turn\">\n<div class=\"relative flex-col gap-1 md:gap-3\">\n<div class=\"flex max-w-full flex-col grow\">\n<div class=\"min-h-8 text-message relative flex w-full flex-col items-end gap-2 text-start break-words whitespace-normal [.text-message+&amp;]:mt-5\" dir=\"auto\" data-message-author-role=\"assistant\" data-message-id=\"589fe88d-4868-4166-a8f8-a90b18c71d84\" data-message-model-slug=\"gpt-4o\">\n<div class=\"flex w-full flex-col gap-1 empty:hidden first:pt-[3px]\">\n<div class=\"markdown prose dark:prose-invert w-full break-words light\">\n<p data-start=\"66\" data-end=\"170\" data-is-last-node=\"\" data-is-only-node=\"\">Rinkinys su 5 grafeno kauk\u0117mis, kurios intensyviai dr\u0117kina, glotnina rauk\u0161les ir atkuria odos \u0161vyt\u0117jim\u0105.<\/p>\n<\/div>\n<\/div>\n<\/div>\n<\/div>\n<div class=\"flex min-h-[46px] justify-start\">\n<div class=\"touch:-me-2 touch:-ms-3.5 -ms-2.5 -me-1 flex flex-wrap items-center gap-y-4 p-1 select-none touch:w-[calc(100%+--spacing(3.5))] -mt-1 w-[calc(100%+--spacing(2.5))] duration-[1.5s] focus-within:transition-none hover:transition-none pointer-events-none [mask-image:linear-gradient(to_right,black_33%,transparent_66%)] [mask-size:300%_100%] [mask-position:100%_0%] motion-safe:transition-[mask-position] group-hover\/turn-messages:pointer-events-auto group-hover\/turn-messages:[mask-position:0_0] group-focus-within\/turn-messages:pointer-events-auto group-focus-within\/turn-messages:[mask-position:0_0] has-data-[state=open]:pointer-events-auto has-data-[state=open]:[mask-position:0_0]\"><button class=\"text-token-text-secondary hover:bg-token-bg-secondary rounded-lg\" aria-label=\"Kopijuoti\" data-testid=\"copy-turn-action-button\" data-state=\"closed\"><\/button><button class=\"text-token-text-secondary hover:bg-token-bg-secondary rounded-lg\" aria-label=\"Geras atsakymas\" data-testid=\"good-response-turn-action-button\" data-state=\"closed\"><\/button><button class=\"text-token-text-secondary hover:bg-token-bg-secondary rounded-lg\" aria-label=\"Blogas atsakymas\" data-testid=\"bad-response-turn-action-button\" data-state=\"delayed-open\" aria-describedby=\"radix-\u00abr5vm\u00bb\"><\/button><button class=\"text-token-text-secondary hover:bg-token-bg-secondary rounded-lg\" aria-label=\"Skaityti balsu\" data-testid=\"voice-play-turn-action-button\" data-state=\"closed\"><\/button><button class=\"text-token-text-secondary hover:bg-token-bg-secondary rounded-lg\" aria-label=\"Redaguoti drob\u0117je\" data-state=\"closed\"><\/button><\/p>\n<div class=\"flex items-center\"><\/div>\n<\/div>\n<\/div>\n<div class=\"mt-3 w-full empty:hidden\">\n<div class=\"text-center\"><\/div>\n<\/div>\n<\/div>\n<div class=\"absolute\">\n<div class=\"flex items-center justify-center\"><\/div>\n<\/div>\n<\/div>\n<\/div>\n<\/div>\n<\/article>\n<div class=\"pointer-events-none h-px w-px\" aria-hidden=\"true\" data-edge=\"true\"><\/div>\n","protected":false},"featured_media":56764,"template":"","meta":[],"product_brand":[1347],"product_cat":[1136,827,728],"product_tag":[1590],"class_list":{"0":"post-56758","1":"product","2":"type-product","3":"status-publish","4":"has-post-thumbnail","6":"product_brand-arocell","7":"product_cat-lakstines-veido-kaukes","8":"product_cat-veido-prieziuros-priemoniu-rinkiniai","9":"product_cat-veidui","10":"product_tag-arocell","12":"first","13":"outofstock","14":"sale","15":"taxable","16":"shipping-taxable","17":"purchasable","18":"product-type-simple"},"yoast_head":"<!-- This site is optimized with the Yoast SEO plugin v27.4 - https:\/\/yoast.com\/product\/yoast-seo-wordpress\/ -->\n<title>Arocell Botulcare Graphene Mask \u2013 intensyvios prie\u017ei\u016bros kauk\u0117s, 5 vnt. - MalinaShop.lt J\u016bs\u0173 sveikatai ir gro\u017eiui.<\/title>\n<meta name=\"description\" content=\"Rinkinys su 5 grafeno kauk\u0117mis, kurios intensyviai dr\u0117kina, glotnina rauk\u0161les ir atkuria odos \u0161vyt\u0117jim\u0105. Grafeno kauk\u0117s su peptidais ir retinoliu \u2013 intensyvi dr\u0117gm\u0117 ir stangrumas vos per 10 min.\" \/>\n<meta name=\"robots\" content=\"index, follow, max-snippet:-1, max-image-preview:large, max-video-preview:-1\" \/>\n<link rel=\"canonical\" href=\"https:\/\/www.malinashop.lt\/lt_lt\/shop\/arocell-botulcare-graphene-mask-intensyvios-prieziuros-kaukes-5-vnt\/\" \/>\n<meta property=\"og:locale\" content=\"lt_LT\" \/>\n<meta property=\"og:type\" content=\"article\" \/>\n<meta property=\"og:title\" content=\"Arocell Botulcare Graphene Mask \u2013 intensyvios prie\u017ei\u016bros kauk\u0117s, 5 vnt. - MalinaShop.lt J\u016bs\u0173 sveikatai ir gro\u017eiui.\" \/>\n<meta property=\"og:description\" content=\"Rinkinys su 5 grafeno kauk\u0117mis, kurios intensyviai dr\u0117kina, glotnina rauk\u0161les ir atkuria odos \u0161vyt\u0117jim\u0105. Grafeno kauk\u0117s su peptidais ir retinoliu \u2013 intensyvi dr\u0117gm\u0117 ir stangrumas vos per 10 min.\" \/>\n<meta property=\"og:url\" content=\"https:\/\/www.malinashop.lt\/lt_lt\/shop\/arocell-botulcare-graphene-mask-intensyvios-prieziuros-kaukes-5-vnt\/\" \/>\n<meta property=\"og:site_name\" content=\"MalinaShop.lt J\u016bs\u0173 sveikatai ir gro\u017eiui.\" \/>\n<meta property=\"article:modified_time\" content=\"2026-02-10T08:50:07+00:00\" \/>\n<meta property=\"og:image\" content=\"https:\/\/www.malinashop.lt\/wp-content\/uploads\/2025\/06\/Arocell-Botulcare-Graphene-Mask-\u2013-intensyvios-prieziuros-kaukes-5-vnt.webp\" \/>\n\t<meta property=\"og:image:width\" content=\"768\" \/>\n\t<meta property=\"og:image:height\" content=\"768\" \/>\n\t<meta property=\"og:image:type\" content=\"image\/webp\" \/>\n<meta name=\"twitter:card\" content=\"summary_large_image\" \/>\n<script type=\"application\/ld+json\" class=\"yoast-schema-graph\">{\"@context\":\"https:\\\/\\\/schema.org\",\"@graph\":[{\"@type\":\"WebPage\",\"@id\":\"https:\\\/\\\/www.malinashop.lt\\\/shop\\\/arocell-botulcare-graphene-mask-intensyvios-prieziuros-kaukes-5-vnt\\\/\",\"url\":\"https:\\\/\\\/www.malinashop.lt\\\/shop\\\/arocell-botulcare-graphene-mask-intensyvios-prieziuros-kaukes-5-vnt\\\/\",\"name\":\"Arocell Botulcare Graphene Mask \u2013 intensyvios prie\u017ei\u016bros kauk\u0117s, 5 vnt. - MalinaShop.lt J\u016bs\u0173 sveikatai ir gro\u017eiui.\",\"isPartOf\":{\"@id\":\"https:\\\/\\\/www.malinashop.lt\\\/#website\"},\"primaryImageOfPage\":{\"@id\":\"https:\\\/\\\/www.malinashop.lt\\\/shop\\\/arocell-botulcare-graphene-mask-intensyvios-prieziuros-kaukes-5-vnt\\\/#primaryimage\"},\"image\":{\"@id\":\"https:\\\/\\\/www.malinashop.lt\\\/shop\\\/arocell-botulcare-graphene-mask-intensyvios-prieziuros-kaukes-5-vnt\\\/#primaryimage\"},\"thumbnailUrl\":\"https:\\\/\\\/www.malinashop.lt\\\/wp-content\\\/uploads\\\/2025\\\/06\\\/Arocell-Botulcare-Graphene-Mask-\u2013-intensyvios-prieziuros-kaukes-5-vnt.webp\",\"datePublished\":\"2025-06-15T17:05:12+00:00\",\"dateModified\":\"2026-02-10T08:50:07+00:00\",\"description\":\"Rinkinys su 5 grafeno kauk\u0117mis, kurios intensyviai dr\u0117kina, glotnina rauk\u0161les ir atkuria odos \u0161vyt\u0117jim\u0105. Grafeno kauk\u0117s su peptidais ir retinoliu \u2013 intensyvi dr\u0117gm\u0117 ir stangrumas vos per 10 min.\",\"breadcrumb\":{\"@id\":\"https:\\\/\\\/www.malinashop.lt\\\/shop\\\/arocell-botulcare-graphene-mask-intensyvios-prieziuros-kaukes-5-vnt\\\/#breadcrumb\"},\"inLanguage\":\"lt-LT\",\"potentialAction\":[{\"@type\":\"ReadAction\",\"target\":[\"https:\\\/\\\/www.malinashop.lt\\\/shop\\\/arocell-botulcare-graphene-mask-intensyvios-prieziuros-kaukes-5-vnt\\\/\"]}]},{\"@type\":\"ImageObject\",\"inLanguage\":\"lt-LT\",\"@id\":\"https:\\\/\\\/www.malinashop.lt\\\/shop\\\/arocell-botulcare-graphene-mask-intensyvios-prieziuros-kaukes-5-vnt\\\/#primaryimage\",\"url\":\"https:\\\/\\\/www.malinashop.lt\\\/wp-content\\\/uploads\\\/2025\\\/06\\\/Arocell-Botulcare-Graphene-Mask-\u2013-intensyvios-prieziuros-kaukes-5-vnt.webp\",\"contentUrl\":\"https:\\\/\\\/www.malinashop.lt\\\/wp-content\\\/uploads\\\/2025\\\/06\\\/Arocell-Botulcare-Graphene-Mask-\u2013-intensyvios-prieziuros-kaukes-5-vnt.webp\",\"width\":768,\"height\":768},{\"@type\":\"BreadcrumbList\",\"@id\":\"https:\\\/\\\/www.malinashop.lt\\\/shop\\\/arocell-botulcare-graphene-mask-intensyvios-prieziuros-kaukes-5-vnt\\\/#breadcrumb\",\"itemListElement\":[{\"@type\":\"ListItem\",\"position\":1,\"name\":\"Pagrindinis\",\"item\":\"https:\\\/\\\/www.malinashop.lt\\\/\"},{\"@type\":\"ListItem\",\"position\":2,\"name\":\"Parduotuv\u0117\",\"item\":\"https:\\\/\\\/www.malinashop.lt\\\/en\\\/parduotuve\\\/\"},{\"@type\":\"ListItem\",\"position\":3,\"name\":\"Arocell Botulcare Graphene Mask \u2013 intensyvios prie\u017ei\u016bros kauk\u0117s, 5 vnt.\"}]},{\"@type\":\"WebSite\",\"@id\":\"https:\\\/\\\/www.malinashop.lt\\\/#website\",\"url\":\"https:\\\/\\\/www.malinashop.lt\\\/\",\"name\":\"COM Group Ecommerce\",\"description\":\"MalinaShop.lt - Gro\u017eio ir sveikatos produktai i\u0161 patikim\u0173 preki\u0173 \u017eenkl\u0173. Atraskite auk\u0161tos kokyb\u0117s kosmetik\u0105 u\u017e puiki\u0105 kain\u0105.\",\"publisher\":{\"@id\":\"https:\\\/\\\/www.malinashop.lt\\\/#organization\"},\"potentialAction\":[{\"@type\":\"SearchAction\",\"target\":{\"@type\":\"EntryPoint\",\"urlTemplate\":\"https:\\\/\\\/www.malinashop.lt\\\/?s={search_term_string}\"},\"query-input\":{\"@type\":\"PropertyValueSpecification\",\"valueRequired\":true,\"valueName\":\"search_term_string\"}}],\"inLanguage\":\"lt-LT\"},{\"@type\":\"Organization\",\"@id\":\"https:\\\/\\\/www.malinashop.lt\\\/#organization\",\"name\":\"COM Group Ecommerce\",\"url\":\"https:\\\/\\\/www.malinashop.lt\\\/\",\"logo\":{\"@type\":\"ImageObject\",\"inLanguage\":\"lt-LT\",\"@id\":\"https:\\\/\\\/www.malinashop.lt\\\/#\\\/schema\\\/logo\\\/image\\\/\",\"url\":\"https:\\\/\\\/www.malinashop.lt\\\/wp-content\\\/uploads\\\/2024\\\/08\\\/462559670_3787732518133670_9795632669273463_n-e1731525914575.png\",\"contentUrl\":\"https:\\\/\\\/www.malinashop.lt\\\/wp-content\\\/uploads\\\/2024\\\/08\\\/462559670_3787732518133670_9795632669273463_n-e1731525914575.png\",\"width\":180,\"height\":60,\"caption\":\"COM Group Ecommerce\"},\"image\":{\"@id\":\"https:\\\/\\\/www.malinashop.lt\\\/#\\\/schema\\\/logo\\\/image\\\/\"}}]}<\/script>\n<!-- \/ Yoast SEO plugin. -->","yoast_head_json":{"title":"Arocell Botulcare Graphene Mask \u2013 intensyvios prie\u017ei\u016bros kauk\u0117s, 5 vnt. - MalinaShop.lt J\u016bs\u0173 sveikatai ir gro\u017eiui.","description":"Rinkinys su 5 grafeno kauk\u0117mis, kurios intensyviai dr\u0117kina, glotnina rauk\u0161les ir atkuria odos \u0161vyt\u0117jim\u0105. Grafeno kauk\u0117s su peptidais ir retinoliu \u2013 intensyvi dr\u0117gm\u0117 ir stangrumas vos per 10 min.","robots":{"index":"index","follow":"follow","max-snippet":"max-snippet:-1","max-image-preview":"max-image-preview:large","max-video-preview":"max-video-preview:-1"},"canonical":"https:\/\/www.malinashop.lt\/lt_lt\/shop\/arocell-botulcare-graphene-mask-intensyvios-prieziuros-kaukes-5-vnt\/","og_locale":"lt_LT","og_type":"article","og_title":"Arocell Botulcare Graphene Mask \u2013 intensyvios prie\u017ei\u016bros kauk\u0117s, 5 vnt. - MalinaShop.lt J\u016bs\u0173 sveikatai ir gro\u017eiui.","og_description":"Rinkinys su 5 grafeno kauk\u0117mis, kurios intensyviai dr\u0117kina, glotnina rauk\u0161les ir atkuria odos \u0161vyt\u0117jim\u0105. Grafeno kauk\u0117s su peptidais ir retinoliu \u2013 intensyvi dr\u0117gm\u0117 ir stangrumas vos per 10 min.","og_url":"https:\/\/www.malinashop.lt\/lt_lt\/shop\/arocell-botulcare-graphene-mask-intensyvios-prieziuros-kaukes-5-vnt\/","og_site_name":"MalinaShop.lt J\u016bs\u0173 sveikatai ir gro\u017eiui.","article_modified_time":"2026-02-10T08:50:07+00:00","og_image":[{"width":768,"height":768,"url":"https:\/\/www.malinashop.lt\/wp-content\/uploads\/2025\/06\/Arocell-Botulcare-Graphene-Mask-\u2013-intensyvios-prieziuros-kaukes-5-vnt.webp","type":"image\/webp"}],"twitter_card":"summary_large_image","schema":{"@context":"https:\/\/schema.org","@graph":[{"@type":"WebPage","@id":"https:\/\/www.malinashop.lt\/shop\/arocell-botulcare-graphene-mask-intensyvios-prieziuros-kaukes-5-vnt\/","url":"https:\/\/www.malinashop.lt\/shop\/arocell-botulcare-graphene-mask-intensyvios-prieziuros-kaukes-5-vnt\/","name":"Arocell Botulcare Graphene Mask \u2013 intensyvios prie\u017ei\u016bros kauk\u0117s, 5 vnt. - MalinaShop.lt J\u016bs\u0173 sveikatai ir gro\u017eiui.","isPartOf":{"@id":"https:\/\/www.malinashop.lt\/#website"},"primaryImageOfPage":{"@id":"https:\/\/www.malinashop.lt\/shop\/arocell-botulcare-graphene-mask-intensyvios-prieziuros-kaukes-5-vnt\/#primaryimage"},"image":{"@id":"https:\/\/www.malinashop.lt\/shop\/arocell-botulcare-graphene-mask-intensyvios-prieziuros-kaukes-5-vnt\/#primaryimage"},"thumbnailUrl":"https:\/\/www.malinashop.lt\/wp-content\/uploads\/2025\/06\/Arocell-Botulcare-Graphene-Mask-\u2013-intensyvios-prieziuros-kaukes-5-vnt.webp","datePublished":"2025-06-15T17:05:12+00:00","dateModified":"2026-02-10T08:50:07+00:00","description":"Rinkinys su 5 grafeno kauk\u0117mis, kurios intensyviai dr\u0117kina, glotnina rauk\u0161les ir atkuria odos \u0161vyt\u0117jim\u0105. Grafeno kauk\u0117s su peptidais ir retinoliu \u2013 intensyvi dr\u0117gm\u0117 ir stangrumas vos per 10 min.","breadcrumb":{"@id":"https:\/\/www.malinashop.lt\/shop\/arocell-botulcare-graphene-mask-intensyvios-prieziuros-kaukes-5-vnt\/#breadcrumb"},"inLanguage":"lt-LT","potentialAction":[{"@type":"ReadAction","target":["https:\/\/www.malinashop.lt\/shop\/arocell-botulcare-graphene-mask-intensyvios-prieziuros-kaukes-5-vnt\/"]}]},{"@type":"ImageObject","inLanguage":"lt-LT","@id":"https:\/\/www.malinashop.lt\/shop\/arocell-botulcare-graphene-mask-intensyvios-prieziuros-kaukes-5-vnt\/#primaryimage","url":"https:\/\/www.malinashop.lt\/wp-content\/uploads\/2025\/06\/Arocell-Botulcare-Graphene-Mask-\u2013-intensyvios-prieziuros-kaukes-5-vnt.webp","contentUrl":"https:\/\/www.malinashop.lt\/wp-content\/uploads\/2025\/06\/Arocell-Botulcare-Graphene-Mask-\u2013-intensyvios-prieziuros-kaukes-5-vnt.webp","width":768,"height":768},{"@type":"BreadcrumbList","@id":"https:\/\/www.malinashop.lt\/shop\/arocell-botulcare-graphene-mask-intensyvios-prieziuros-kaukes-5-vnt\/#breadcrumb","itemListElement":[{"@type":"ListItem","position":1,"name":"Pagrindinis","item":"https:\/\/www.malinashop.lt\/"},{"@type":"ListItem","position":2,"name":"Parduotuv\u0117","item":"https:\/\/www.malinashop.lt\/en\/parduotuve\/"},{"@type":"ListItem","position":3,"name":"Arocell Botulcare Graphene Mask \u2013 intensyvios prie\u017ei\u016bros kauk\u0117s, 5 vnt."}]},{"@type":"WebSite","@id":"https:\/\/www.malinashop.lt\/#website","url":"https:\/\/www.malinashop.lt\/","name":"COM Group Ecommerce","description":"MalinaShop.lt - Gro\u017eio ir sveikatos produktai i\u0161 patikim\u0173 preki\u0173 \u017eenkl\u0173. Atraskite auk\u0161tos kokyb\u0117s kosmetik\u0105 u\u017e puiki\u0105 kain\u0105.","publisher":{"@id":"https:\/\/www.malinashop.lt\/#organization"},"potentialAction":[{"@type":"SearchAction","target":{"@type":"EntryPoint","urlTemplate":"https:\/\/www.malinashop.lt\/?s={search_term_string}"},"query-input":{"@type":"PropertyValueSpecification","valueRequired":true,"valueName":"search_term_string"}}],"inLanguage":"lt-LT"},{"@type":"Organization","@id":"https:\/\/www.malinashop.lt\/#organization","name":"COM Group Ecommerce","url":"https:\/\/www.malinashop.lt\/","logo":{"@type":"ImageObject","inLanguage":"lt-LT","@id":"https:\/\/www.malinashop.lt\/#\/schema\/logo\/image\/","url":"https:\/\/www.malinashop.lt\/wp-content\/uploads\/2024\/08\/462559670_3787732518133670_9795632669273463_n-e1731525914575.png","contentUrl":"https:\/\/www.malinashop.lt\/wp-content\/uploads\/2024\/08\/462559670_3787732518133670_9795632669273463_n-e1731525914575.png","width":180,"height":60,"caption":"COM Group Ecommerce"},"image":{"@id":"https:\/\/www.malinashop.lt\/#\/schema\/logo\/image\/"}}]}},"jetpack_sharing_enabled":true,"_links":{"self":[{"href":"https:\/\/www.malinashop.lt\/lt_lt\/wp-json\/wp\/v2\/product\/56758","targetHints":{"allow":["GET"]}}],"collection":[{"href":"https:\/\/www.malinashop.lt\/lt_lt\/wp-json\/wp\/v2\/product"}],"about":[{"href":"https:\/\/www.malinashop.lt\/lt_lt\/wp-json\/wp\/v2\/types\/product"}],"version-history":[{"count":2,"href":"https:\/\/www.malinashop.lt\/lt_lt\/wp-json\/wp\/v2\/product\/56758\/revisions"}],"predecessor-version":[{"id":72706,"href":"https:\/\/www.malinashop.lt\/lt_lt\/wp-json\/wp\/v2\/product\/56758\/revisions\/72706"}],"wp:featuredmedia":[{"embeddable":true,"href":"https:\/\/www.malinashop.lt\/lt_lt\/wp-json\/wp\/v2\/media\/56764"}],"wp:attachment":[{"href":"https:\/\/www.malinashop.lt\/lt_lt\/wp-json\/wp\/v2\/media?parent=56758"}],"wp:term":[{"taxonomy":"product_brand","embeddable":true,"href":"https:\/\/www.malinashop.lt\/lt_lt\/wp-json\/wp\/v2\/product_brand?post=56758"},{"taxonomy":"product_cat","embeddable":true,"href":"https:\/\/www.malinashop.lt\/lt_lt\/wp-json\/wp\/v2\/product_cat?post=56758"},{"taxonomy":"product_tag","embeddable":true,"href":"https:\/\/www.malinashop.lt\/lt_lt\/wp-json\/wp\/v2\/product_tag?post=56758"}],"curies":[{"name":"wp","href":"https:\/\/api.w.org\/{rel}","templated":true}]}}