{"id":56752,"date":"2025-08-20T19:59:57","date_gmt":"2025-08-20T16:59:57","guid":{"rendered":"https:\/\/malinashop.lt\/?post_type=product&#038;p=56752"},"modified":"2026-02-10T11:50:06","modified_gmt":"2026-02-10T08:50:06","slug":"arocell-wrinkle-solution-eye-cream-paakiu-prieziuros-kremas-su-masazine-galvute-15ml","status":"publish","type":"product","link":"https:\/\/www.malinashop.lt\/lt_lt\/shop\/arocell-wrinkle-solution-eye-cream-paakiu-prieziuros-kremas-su-masazine-galvute-15ml\/","title":{"rendered":"Arocell Wrinkle Solution Eye Cream \u2013 paaki\u0173 prie\u017ei\u016bros kremas su masa\u017eine galvute, 15ml"},"content":{"rendered":"<p data-start=\"167\" data-end=\"210\"><strong data-start=\"167\" data-end=\"210\">Prek\u0117s i\u0161siuntimas per 2\u20134 darbo dienas<\/strong><\/p>\n<p data-start=\"212\" data-end=\"286\"><strong data-start=\"212\" data-end=\"286\">Arocell paaki\u0173 kremas su masa\u017eine galvute ir botulino peptidais, 15 ml<\/strong><\/p>\n<p data-start=\"288\" data-end=\"632\">Arocell paaki\u0173 kremas \u2013 tai pa\u017eangi odos prie\u017ei\u016bros priemon\u0117, sukurta kovai su rauk\u0161lel\u0117mis, paburkimu ir tamsiais ratilais po akimis. Inovatyvi <strong data-start=\"433\" data-end=\"497\">masa\u017ein\u0117 galvut\u0117 su 12 000 mikrogarsini\u0173 virpesi\u0173 per minut\u0119<\/strong> bei <strong data-start=\"502\" data-end=\"525\">galvaniniu poveikiu<\/strong> skatina mikrocirkuliacij\u0105 ir padeda kremui \u012fsigerti giliau, taip sustiprindama veikli\u0173j\u0173 med\u017eiag\u0173 poveik\u012f.<\/p>\n<p data-start=\"634\" data-end=\"832\">Praturtintas <strong data-start=\"647\" data-end=\"669\">botulino peptidais<\/strong>, <strong data-start=\"671\" data-end=\"685\">keramidais<\/strong>, augaliniais aliejais ir <strong data-start=\"711\" data-end=\"733\">hialurono r\u016bg\u0161timi<\/strong>, kremas padeda atkurti odos elastingum\u0105, dr\u0117gm\u0117s balans\u0105 ir suteikia gaivi\u0105, pails\u0117jusi\u0105 i\u0161vaizd\u0105.<\/p>\n<hr data-start=\"834\" data-end=\"837\" \/>\n<h3 data-start=\"839\" data-end=\"874\">\ud83c\udf3f <strong data-start=\"846\" data-end=\"874\">Pagrindiniai privalumai:<\/strong><\/h3>\n<ul data-start=\"876\" data-end=\"1317\">\n<li data-start=\"876\" data-end=\"969\">\n<p data-start=\"878\" data-end=\"969\"><strong data-start=\"878\" data-end=\"899\">Masa\u017ein\u0117 galvut\u0117:<\/strong> automatin\u0117 vibracija ir galvaninis poveikis gerina kremo \u012fsig\u0117rim\u0105.<\/p>\n<\/li>\n<li data-start=\"970\" data-end=\"1051\">\n<p data-start=\"972\" data-end=\"1051\"><strong data-start=\"972\" data-end=\"994\">Botulino peptidai:<\/strong> ma\u017eina mimikos rauk\u0161li\u0173 gyl\u012f ir \u012ftamp\u0105 paaki\u0173 srityje.<\/p>\n<\/li>\n<li data-start=\"1052\" data-end=\"1114\">\n<p data-start=\"1054\" data-end=\"1114\"><strong data-start=\"1054\" data-end=\"1078\">Keramid\u0173 kompleksas:<\/strong> atkuria ir stiprina odos barjer\u0105.<\/p>\n<\/li>\n<li data-start=\"1115\" data-end=\"1185\">\n<p data-start=\"1117\" data-end=\"1185\"><strong data-start=\"1117\" data-end=\"1144\">Stangrina ir skaistina:<\/strong> suma\u017eina tamsius ratilus ir paburkim\u0105.<\/p>\n<\/li>\n<li data-start=\"1186\" data-end=\"1289\">\n<p data-start=\"1188\" data-end=\"1289\"><strong data-start=\"1188\" data-end=\"1212\">Intensyviai dr\u0117kina:<\/strong> hialurono r\u016bg\u0161tis bei augaliniai ekstraktai u\u017etikrina ilgalaik\u012f dr\u0117kinim\u0105.<\/p>\n<\/li>\n<li data-start=\"1290\" data-end=\"1317\">\n<p data-start=\"1292\" data-end=\"1317\"><strong data-start=\"1292\" data-end=\"1317\">Tinka vis\u0173 tip\u0173 odai.<\/strong><\/p>\n<\/li>\n<\/ul>\n<hr data-start=\"1319\" data-end=\"1322\" \/>\n<h3 data-start=\"1324\" data-end=\"1346\"><strong data-start=\"1331\" data-end=\"1346\">Naudojimas:<\/strong><\/h3>\n<ol data-start=\"1348\" data-end=\"1671\">\n<li data-start=\"1348\" data-end=\"1437\">\n<p data-start=\"1351\" data-end=\"1437\">\u0160velniai paspauskite t\u016bbel\u0119, kad ant aplikatoriaus atsirast\u0173 nedidelis kremo kiekis.<\/p>\n<\/li>\n<li data-start=\"1438\" data-end=\"1573\">\n<p data-start=\"1441\" data-end=\"1573\">Laikykite du pir\u0161tus ant galvanin\u0117s dalies \u0161onuose ir prispauskite aplikatori\u0173 prie paaki\u0173 odos \u2013 vibracija \u012fsijungs automati\u0161kai.<\/p>\n<\/li>\n<li data-start=\"1574\" data-end=\"1642\">\n<p data-start=\"1577\" data-end=\"1642\">L\u0117tai jud\u0117kite palei paaki\u0173 srit\u012f, kol kremas visi\u0161kai \u012fsigers.<\/p>\n<\/li>\n<li data-start=\"1643\" data-end=\"1671\">\n<p data-start=\"1646\" data-end=\"1671\">Naudokite ryte ir vakare.<\/p>\n<\/li>\n<\/ol>\n<hr data-start=\"1673\" data-end=\"1676\" \/>\n<h3 data-start=\"1678\" data-end=\"1699\">\u26a0\ufe0f <strong data-start=\"1685\" data-end=\"1699\">\u012esp\u0117jimai:<\/strong><\/h3>\n<ul data-start=\"1701\" data-end=\"1991\">\n<li data-start=\"1701\" data-end=\"1730\">\n<p data-start=\"1703\" data-end=\"1730\">Tik i\u0161oriniam naudojimui.<\/p>\n<\/li>\n<li data-start=\"1731\" data-end=\"1759\">\n<p data-start=\"1733\" data-end=\"1759\">Venkite patekimo \u012f akis.<\/p>\n<\/li>\n<li data-start=\"1760\" data-end=\"1868\">\n<p data-start=\"1762\" data-end=\"1868\">Jei atsiranda paraudimas, nie\u017eulys ar sudirginimas \u2013 nutraukite naudojim\u0105 ir pasitarkite su specialistu.<\/p>\n<\/li>\n<li data-start=\"1869\" data-end=\"1949\">\n<p data-start=\"1871\" data-end=\"1949\">Laikykite v\u0117sioje, sausoje vietoje, toliau nuo tiesiogini\u0173 saul\u0117s spinduli\u0173.<\/p>\n<\/li>\n<li data-start=\"1950\" data-end=\"1991\">\n<p data-start=\"1952\" data-end=\"1991\">Laikyti vaikams nepasiekiamoje vietoje.<\/p>\n<\/li>\n<\/ul>\n<hr data-start=\"1993\" data-end=\"1996\" \/>\n<h3 data-start=\"1998\" data-end=\"2024\"><strong data-start=\"2005\" data-end=\"2024\">Sud\u0117tis (INCI):<\/strong><\/h3>\n<p data-start=\"2026\" data-end=\"3457\">Water (Aqua), Glycerin, Hydrogenated Poly (C6-14 Olefin), Butyrospermum Parkii (Shea) Butter, Helianthus Annuus (Sunflower) Seed Oil, Butylene Glycol, Pentaerythrityl Tetraethylhexanoate, Niacinamide, Glyceryl Stearate Citrate, Dimethicone, 1,2-Hexanediol, Hydroxyethyl Acrylate\/Sodium Acryloyldimethyl Taurate Copolymer, Squalane, Acrylates\/C10-30 Alkyl Acrylate Crosspolymer, Glyceryl Stearate, Xanthan Gum, Caprylyl Glycol, Sodium Hydroxide, Polysorbate 60, Pelargonium Graveolens Flower Oil, Ethylhexylglycerin, Adenosine, Prunus Amygdalus Dulcis (Sweet Almond) Oil, Sorbitan Isostearate, Disodium EDTA, Mentha Arvensis Flower\/Leaf\/Stem Extract, Citrus Tangerina (Tangerine) Peel Oil, Nicotiana Sylvestris Leaf Cell Culture, Caprylic\/Capric Triglyceride, Oleic Acid, Hydrogenated Lecithin, Propanediol, Cetearyl Alcohol, Polysorbate 80, Terminalia Arjuna Extract, Stearic Acid, Moringa Oleifera Seed Oil, Ethanol, Citric Acid, Ceramide NP, Sodium Chloride, Lecithin, Carnitine, Acmella Oleracea Extract, Phytosphingosine, Spirulina Platensis Extract, Sodium DNA, Caffeine, Disodium Phosphate, Methionyl R-Clostridium Botulinum Polypeptide-1 Hexapeptide-40, Punica Granatum Fruit Extract, Sodium Hyaluronate, Soy Isoflavones, Ceramide NS, Potassium Phosphate, Potassium Chloride, Cholesterol, Hyaluronic Acid, Ceramide AS, Ceramide AP, Ascorbic Acid, Resveratrol, Ceramide EOP, Citronellol, Linalool, Limonene, Geraniol, Citral.<\/p>\n<p data-start=\"3459\" data-end=\"3543\"><em data-start=\"3459\" data-end=\"3543\">Pastaba: sud\u0117tis gali b\u016bti kei\u010diama. Visada vadovaukit\u0117s informacija ant pakuot\u0117s.<\/em><\/p>\n","protected":false},"excerpt":{"rendered":"<p data-start=\"68\" data-end=\"169\">Inovatyvus paaki\u0173 kremas, padedantis suma\u017einti sen\u0117jimo po\u017eymius ir pagerinti odos b\u016bkl\u0119 aplink akis.<\/p>\n","protected":false},"featured_media":56756,"template":"","meta":[],"product_brand":[1347],"product_cat":[549,827,728],"product_tag":[1590],"class_list":{"0":"post-56752","1":"product","2":"type-product","3":"status-publish","4":"has-post-thumbnail","6":"product_brand-arocell","7":"product_cat-paakiu-prieziuros-priemones","8":"product_cat-veido-prieziuros-priemoniu-rinkiniai","9":"product_cat-veidui","10":"product_tag-arocell","12":"first","13":"outofstock","14":"sale","15":"taxable","16":"shipping-taxable","17":"purchasable","18":"product-type-simple"},"yoast_head":"<!-- This site is optimized with the Yoast SEO plugin v27.4 - https:\/\/yoast.com\/product\/yoast-seo-wordpress\/ -->\n<title>Arocell Wrinkle Solution Eye Cream \u2013 paaki\u0173 prie\u017ei\u016bros kremas su masa\u017eine galvute, 15ml - MalinaShop.lt J\u016bs\u0173 sveikatai ir gro\u017eiui.<\/title>\n<meta name=\"description\" content=\"Inovatyvus paaki\u0173 kremas, padedantis suma\u017einti sen\u0117jimo po\u017eymius ir pagerinti odos b\u016bkl\u0119 aplink akis. Paaki\u0173 kremas su botulino peptidais ir masa\u017euojan\u010dia galvute \u2013 ma\u017eina rauk\u0161les, paburkim\u0105 ir tamsius ratilus.\" \/>\n<meta name=\"robots\" content=\"index, follow, max-snippet:-1, max-image-preview:large, max-video-preview:-1\" \/>\n<link rel=\"canonical\" href=\"https:\/\/www.malinashop.lt\/lt_lt\/shop\/arocell-wrinkle-solution-eye-cream-paakiu-prieziuros-kremas-su-masazine-galvute-15ml\/\" \/>\n<meta property=\"og:locale\" content=\"lt_LT\" \/>\n<meta property=\"og:type\" content=\"article\" \/>\n<meta property=\"og:title\" content=\"Arocell Wrinkle Solution Eye Cream \u2013 paaki\u0173 prie\u017ei\u016bros kremas su masa\u017eine galvute, 15ml - MalinaShop.lt J\u016bs\u0173 sveikatai ir gro\u017eiui.\" \/>\n<meta property=\"og:description\" content=\"Inovatyvus paaki\u0173 kremas, padedantis suma\u017einti sen\u0117jimo po\u017eymius ir pagerinti odos b\u016bkl\u0119 aplink akis. Paaki\u0173 kremas su botulino peptidais ir masa\u017euojan\u010dia galvute \u2013 ma\u017eina rauk\u0161les, paburkim\u0105 ir tamsius ratilus.\" \/>\n<meta property=\"og:url\" content=\"https:\/\/www.malinashop.lt\/lt_lt\/shop\/arocell-wrinkle-solution-eye-cream-paakiu-prieziuros-kremas-su-masazine-galvute-15ml\/\" \/>\n<meta property=\"og:site_name\" content=\"MalinaShop.lt J\u016bs\u0173 sveikatai ir gro\u017eiui.\" \/>\n<meta property=\"article:modified_time\" content=\"2026-02-10T08:50:06+00:00\" \/>\n<meta property=\"og:image\" content=\"https:\/\/www.malinashop.lt\/wp-content\/uploads\/2025\/06\/Arocell-Wrinkle-Solution-Eye-Cream-\u2013-paakiu-prieziuros-kremas-su-masazine-galvute-15ml.webp\" \/>\n\t<meta property=\"og:image:width\" content=\"768\" \/>\n\t<meta property=\"og:image:height\" content=\"768\" \/>\n\t<meta property=\"og:image:type\" content=\"image\/webp\" \/>\n<meta name=\"twitter:card\" content=\"summary_large_image\" \/>\n<script type=\"application\/ld+json\" class=\"yoast-schema-graph\">{\"@context\":\"https:\\\/\\\/schema.org\",\"@graph\":[{\"@type\":\"WebPage\",\"@id\":\"https:\\\/\\\/www.malinashop.lt\\\/shop\\\/arocell-wrinkle-solution-eye-cream-paakiu-prieziuros-kremas-su-masazine-galvute-15ml\\\/\",\"url\":\"https:\\\/\\\/www.malinashop.lt\\\/shop\\\/arocell-wrinkle-solution-eye-cream-paakiu-prieziuros-kremas-su-masazine-galvute-15ml\\\/\",\"name\":\"Arocell Wrinkle Solution Eye Cream \u2013 paaki\u0173 prie\u017ei\u016bros kremas su masa\u017eine galvute, 15ml - MalinaShop.lt J\u016bs\u0173 sveikatai ir gro\u017eiui.\",\"isPartOf\":{\"@id\":\"https:\\\/\\\/www.malinashop.lt\\\/#website\"},\"primaryImageOfPage\":{\"@id\":\"https:\\\/\\\/www.malinashop.lt\\\/shop\\\/arocell-wrinkle-solution-eye-cream-paakiu-prieziuros-kremas-su-masazine-galvute-15ml\\\/#primaryimage\"},\"image\":{\"@id\":\"https:\\\/\\\/www.malinashop.lt\\\/shop\\\/arocell-wrinkle-solution-eye-cream-paakiu-prieziuros-kremas-su-masazine-galvute-15ml\\\/#primaryimage\"},\"thumbnailUrl\":\"https:\\\/\\\/www.malinashop.lt\\\/wp-content\\\/uploads\\\/2025\\\/06\\\/Arocell-Wrinkle-Solution-Eye-Cream-\u2013-paakiu-prieziuros-kremas-su-masazine-galvute-15ml.webp\",\"datePublished\":\"2025-08-20T16:59:57+00:00\",\"dateModified\":\"2026-02-10T08:50:06+00:00\",\"description\":\"Inovatyvus paaki\u0173 kremas, padedantis suma\u017einti sen\u0117jimo po\u017eymius ir pagerinti odos b\u016bkl\u0119 aplink akis. Paaki\u0173 kremas su botulino peptidais ir masa\u017euojan\u010dia galvute \u2013 ma\u017eina rauk\u0161les, paburkim\u0105 ir tamsius ratilus.\",\"breadcrumb\":{\"@id\":\"https:\\\/\\\/www.malinashop.lt\\\/shop\\\/arocell-wrinkle-solution-eye-cream-paakiu-prieziuros-kremas-su-masazine-galvute-15ml\\\/#breadcrumb\"},\"inLanguage\":\"lt-LT\",\"potentialAction\":[{\"@type\":\"ReadAction\",\"target\":[\"https:\\\/\\\/www.malinashop.lt\\\/shop\\\/arocell-wrinkle-solution-eye-cream-paakiu-prieziuros-kremas-su-masazine-galvute-15ml\\\/\"]}]},{\"@type\":\"ImageObject\",\"inLanguage\":\"lt-LT\",\"@id\":\"https:\\\/\\\/www.malinashop.lt\\\/shop\\\/arocell-wrinkle-solution-eye-cream-paakiu-prieziuros-kremas-su-masazine-galvute-15ml\\\/#primaryimage\",\"url\":\"https:\\\/\\\/www.malinashop.lt\\\/wp-content\\\/uploads\\\/2025\\\/06\\\/Arocell-Wrinkle-Solution-Eye-Cream-\u2013-paakiu-prieziuros-kremas-su-masazine-galvute-15ml.webp\",\"contentUrl\":\"https:\\\/\\\/www.malinashop.lt\\\/wp-content\\\/uploads\\\/2025\\\/06\\\/Arocell-Wrinkle-Solution-Eye-Cream-\u2013-paakiu-prieziuros-kremas-su-masazine-galvute-15ml.webp\",\"width\":768,\"height\":768},{\"@type\":\"BreadcrumbList\",\"@id\":\"https:\\\/\\\/www.malinashop.lt\\\/shop\\\/arocell-wrinkle-solution-eye-cream-paakiu-prieziuros-kremas-su-masazine-galvute-15ml\\\/#breadcrumb\",\"itemListElement\":[{\"@type\":\"ListItem\",\"position\":1,\"name\":\"Pagrindinis\",\"item\":\"https:\\\/\\\/www.malinashop.lt\\\/\"},{\"@type\":\"ListItem\",\"position\":2,\"name\":\"Parduotuv\u0117\",\"item\":\"https:\\\/\\\/www.malinashop.lt\\\/en\\\/parduotuve\\\/\"},{\"@type\":\"ListItem\",\"position\":3,\"name\":\"Arocell Wrinkle Solution Eye Cream \u2013 paaki\u0173 prie\u017ei\u016bros kremas su masa\u017eine galvute, 15ml\"}]},{\"@type\":\"WebSite\",\"@id\":\"https:\\\/\\\/www.malinashop.lt\\\/#website\",\"url\":\"https:\\\/\\\/www.malinashop.lt\\\/\",\"name\":\"COM Group Ecommerce\",\"description\":\"MalinaShop.lt - Gro\u017eio ir sveikatos produktai i\u0161 patikim\u0173 preki\u0173 \u017eenkl\u0173. Atraskite auk\u0161tos kokyb\u0117s kosmetik\u0105 u\u017e puiki\u0105 kain\u0105.\",\"publisher\":{\"@id\":\"https:\\\/\\\/www.malinashop.lt\\\/#organization\"},\"potentialAction\":[{\"@type\":\"SearchAction\",\"target\":{\"@type\":\"EntryPoint\",\"urlTemplate\":\"https:\\\/\\\/www.malinashop.lt\\\/?s={search_term_string}\"},\"query-input\":{\"@type\":\"PropertyValueSpecification\",\"valueRequired\":true,\"valueName\":\"search_term_string\"}}],\"inLanguage\":\"lt-LT\"},{\"@type\":\"Organization\",\"@id\":\"https:\\\/\\\/www.malinashop.lt\\\/#organization\",\"name\":\"COM Group Ecommerce\",\"url\":\"https:\\\/\\\/www.malinashop.lt\\\/\",\"logo\":{\"@type\":\"ImageObject\",\"inLanguage\":\"lt-LT\",\"@id\":\"https:\\\/\\\/www.malinashop.lt\\\/#\\\/schema\\\/logo\\\/image\\\/\",\"url\":\"https:\\\/\\\/www.malinashop.lt\\\/wp-content\\\/uploads\\\/2024\\\/08\\\/462559670_3787732518133670_9795632669273463_n-e1731525914575.png\",\"contentUrl\":\"https:\\\/\\\/www.malinashop.lt\\\/wp-content\\\/uploads\\\/2024\\\/08\\\/462559670_3787732518133670_9795632669273463_n-e1731525914575.png\",\"width\":180,\"height\":60,\"caption\":\"COM Group Ecommerce\"},\"image\":{\"@id\":\"https:\\\/\\\/www.malinashop.lt\\\/#\\\/schema\\\/logo\\\/image\\\/\"}}]}<\/script>\n<!-- \/ Yoast SEO plugin. -->","yoast_head_json":{"title":"Arocell Wrinkle Solution Eye Cream \u2013 paaki\u0173 prie\u017ei\u016bros kremas su masa\u017eine galvute, 15ml - MalinaShop.lt J\u016bs\u0173 sveikatai ir gro\u017eiui.","description":"Inovatyvus paaki\u0173 kremas, padedantis suma\u017einti sen\u0117jimo po\u017eymius ir pagerinti odos b\u016bkl\u0119 aplink akis. Paaki\u0173 kremas su botulino peptidais ir masa\u017euojan\u010dia galvute \u2013 ma\u017eina rauk\u0161les, paburkim\u0105 ir tamsius ratilus.","robots":{"index":"index","follow":"follow","max-snippet":"max-snippet:-1","max-image-preview":"max-image-preview:large","max-video-preview":"max-video-preview:-1"},"canonical":"https:\/\/www.malinashop.lt\/lt_lt\/shop\/arocell-wrinkle-solution-eye-cream-paakiu-prieziuros-kremas-su-masazine-galvute-15ml\/","og_locale":"lt_LT","og_type":"article","og_title":"Arocell Wrinkle Solution Eye Cream \u2013 paaki\u0173 prie\u017ei\u016bros kremas su masa\u017eine galvute, 15ml - MalinaShop.lt J\u016bs\u0173 sveikatai ir gro\u017eiui.","og_description":"Inovatyvus paaki\u0173 kremas, padedantis suma\u017einti sen\u0117jimo po\u017eymius ir pagerinti odos b\u016bkl\u0119 aplink akis. Paaki\u0173 kremas su botulino peptidais ir masa\u017euojan\u010dia galvute \u2013 ma\u017eina rauk\u0161les, paburkim\u0105 ir tamsius ratilus.","og_url":"https:\/\/www.malinashop.lt\/lt_lt\/shop\/arocell-wrinkle-solution-eye-cream-paakiu-prieziuros-kremas-su-masazine-galvute-15ml\/","og_site_name":"MalinaShop.lt J\u016bs\u0173 sveikatai ir gro\u017eiui.","article_modified_time":"2026-02-10T08:50:06+00:00","og_image":[{"width":768,"height":768,"url":"https:\/\/www.malinashop.lt\/wp-content\/uploads\/2025\/06\/Arocell-Wrinkle-Solution-Eye-Cream-\u2013-paakiu-prieziuros-kremas-su-masazine-galvute-15ml.webp","type":"image\/webp"}],"twitter_card":"summary_large_image","schema":{"@context":"https:\/\/schema.org","@graph":[{"@type":"WebPage","@id":"https:\/\/www.malinashop.lt\/shop\/arocell-wrinkle-solution-eye-cream-paakiu-prieziuros-kremas-su-masazine-galvute-15ml\/","url":"https:\/\/www.malinashop.lt\/shop\/arocell-wrinkle-solution-eye-cream-paakiu-prieziuros-kremas-su-masazine-galvute-15ml\/","name":"Arocell Wrinkle Solution Eye Cream \u2013 paaki\u0173 prie\u017ei\u016bros kremas su masa\u017eine galvute, 15ml - MalinaShop.lt J\u016bs\u0173 sveikatai ir gro\u017eiui.","isPartOf":{"@id":"https:\/\/www.malinashop.lt\/#website"},"primaryImageOfPage":{"@id":"https:\/\/www.malinashop.lt\/shop\/arocell-wrinkle-solution-eye-cream-paakiu-prieziuros-kremas-su-masazine-galvute-15ml\/#primaryimage"},"image":{"@id":"https:\/\/www.malinashop.lt\/shop\/arocell-wrinkle-solution-eye-cream-paakiu-prieziuros-kremas-su-masazine-galvute-15ml\/#primaryimage"},"thumbnailUrl":"https:\/\/www.malinashop.lt\/wp-content\/uploads\/2025\/06\/Arocell-Wrinkle-Solution-Eye-Cream-\u2013-paakiu-prieziuros-kremas-su-masazine-galvute-15ml.webp","datePublished":"2025-08-20T16:59:57+00:00","dateModified":"2026-02-10T08:50:06+00:00","description":"Inovatyvus paaki\u0173 kremas, padedantis suma\u017einti sen\u0117jimo po\u017eymius ir pagerinti odos b\u016bkl\u0119 aplink akis. Paaki\u0173 kremas su botulino peptidais ir masa\u017euojan\u010dia galvute \u2013 ma\u017eina rauk\u0161les, paburkim\u0105 ir tamsius ratilus.","breadcrumb":{"@id":"https:\/\/www.malinashop.lt\/shop\/arocell-wrinkle-solution-eye-cream-paakiu-prieziuros-kremas-su-masazine-galvute-15ml\/#breadcrumb"},"inLanguage":"lt-LT","potentialAction":[{"@type":"ReadAction","target":["https:\/\/www.malinashop.lt\/shop\/arocell-wrinkle-solution-eye-cream-paakiu-prieziuros-kremas-su-masazine-galvute-15ml\/"]}]},{"@type":"ImageObject","inLanguage":"lt-LT","@id":"https:\/\/www.malinashop.lt\/shop\/arocell-wrinkle-solution-eye-cream-paakiu-prieziuros-kremas-su-masazine-galvute-15ml\/#primaryimage","url":"https:\/\/www.malinashop.lt\/wp-content\/uploads\/2025\/06\/Arocell-Wrinkle-Solution-Eye-Cream-\u2013-paakiu-prieziuros-kremas-su-masazine-galvute-15ml.webp","contentUrl":"https:\/\/www.malinashop.lt\/wp-content\/uploads\/2025\/06\/Arocell-Wrinkle-Solution-Eye-Cream-\u2013-paakiu-prieziuros-kremas-su-masazine-galvute-15ml.webp","width":768,"height":768},{"@type":"BreadcrumbList","@id":"https:\/\/www.malinashop.lt\/shop\/arocell-wrinkle-solution-eye-cream-paakiu-prieziuros-kremas-su-masazine-galvute-15ml\/#breadcrumb","itemListElement":[{"@type":"ListItem","position":1,"name":"Pagrindinis","item":"https:\/\/www.malinashop.lt\/"},{"@type":"ListItem","position":2,"name":"Parduotuv\u0117","item":"https:\/\/www.malinashop.lt\/en\/parduotuve\/"},{"@type":"ListItem","position":3,"name":"Arocell Wrinkle Solution Eye Cream \u2013 paaki\u0173 prie\u017ei\u016bros kremas su masa\u017eine galvute, 15ml"}]},{"@type":"WebSite","@id":"https:\/\/www.malinashop.lt\/#website","url":"https:\/\/www.malinashop.lt\/","name":"COM Group Ecommerce","description":"MalinaShop.lt - Gro\u017eio ir sveikatos produktai i\u0161 patikim\u0173 preki\u0173 \u017eenkl\u0173. Atraskite auk\u0161tos kokyb\u0117s kosmetik\u0105 u\u017e puiki\u0105 kain\u0105.","publisher":{"@id":"https:\/\/www.malinashop.lt\/#organization"},"potentialAction":[{"@type":"SearchAction","target":{"@type":"EntryPoint","urlTemplate":"https:\/\/www.malinashop.lt\/?s={search_term_string}"},"query-input":{"@type":"PropertyValueSpecification","valueRequired":true,"valueName":"search_term_string"}}],"inLanguage":"lt-LT"},{"@type":"Organization","@id":"https:\/\/www.malinashop.lt\/#organization","name":"COM Group Ecommerce","url":"https:\/\/www.malinashop.lt\/","logo":{"@type":"ImageObject","inLanguage":"lt-LT","@id":"https:\/\/www.malinashop.lt\/#\/schema\/logo\/image\/","url":"https:\/\/www.malinashop.lt\/wp-content\/uploads\/2024\/08\/462559670_3787732518133670_9795632669273463_n-e1731525914575.png","contentUrl":"https:\/\/www.malinashop.lt\/wp-content\/uploads\/2024\/08\/462559670_3787732518133670_9795632669273463_n-e1731525914575.png","width":180,"height":60,"caption":"COM Group Ecommerce"},"image":{"@id":"https:\/\/www.malinashop.lt\/#\/schema\/logo\/image\/"}}]}},"jetpack_sharing_enabled":true,"_links":{"self":[{"href":"https:\/\/www.malinashop.lt\/lt_lt\/wp-json\/wp\/v2\/product\/56752","targetHints":{"allow":["GET"]}}],"collection":[{"href":"https:\/\/www.malinashop.lt\/lt_lt\/wp-json\/wp\/v2\/product"}],"about":[{"href":"https:\/\/www.malinashop.lt\/lt_lt\/wp-json\/wp\/v2\/types\/product"}],"version-history":[{"count":4,"href":"https:\/\/www.malinashop.lt\/lt_lt\/wp-json\/wp\/v2\/product\/56752\/revisions"}],"predecessor-version":[{"id":60224,"href":"https:\/\/www.malinashop.lt\/lt_lt\/wp-json\/wp\/v2\/product\/56752\/revisions\/60224"}],"wp:featuredmedia":[{"embeddable":true,"href":"https:\/\/www.malinashop.lt\/lt_lt\/wp-json\/wp\/v2\/media\/56756"}],"wp:attachment":[{"href":"https:\/\/www.malinashop.lt\/lt_lt\/wp-json\/wp\/v2\/media?parent=56752"}],"wp:term":[{"taxonomy":"product_brand","embeddable":true,"href":"https:\/\/www.malinashop.lt\/lt_lt\/wp-json\/wp\/v2\/product_brand?post=56752"},{"taxonomy":"product_cat","embeddable":true,"href":"https:\/\/www.malinashop.lt\/lt_lt\/wp-json\/wp\/v2\/product_cat?post=56752"},{"taxonomy":"product_tag","embeddable":true,"href":"https:\/\/www.malinashop.lt\/lt_lt\/wp-json\/wp\/v2\/product_tag?post=56752"}],"curies":[{"name":"wp","href":"https:\/\/api.w.org\/{rel}","templated":true}]}}