{"id":56733,"date":"2025-06-15T19:44:41","date_gmt":"2025-06-15T16:44:41","guid":{"rendered":"https:\/\/malinashop.lt\/?post_type=product&#038;p=56733"},"modified":"2026-02-10T11:50:07","modified_gmt":"2026-02-10T08:50:07","slug":"arocell-milky-drop-ampoule-intensyvios-prieziuros-ampule-veidui-30ml","status":"publish","type":"product","link":"https:\/\/www.malinashop.lt\/lt_lt\/shop\/arocell-milky-drop-ampoule-intensyvios-prieziuros-ampule-veidui-30ml\/","title":{"rendered":"Arocell Milky Drop Ampoule \u2013 intensyvios prie\u017ei\u016bros ampul\u0117 veidui, 30ml"},"content":{"rendered":"<p data-start=\"199\" data-end=\"242\"><strong data-start=\"199\" data-end=\"242\">Prek\u0117s i\u0161siuntimas per 2\u20134 darbo dienas<\/strong><\/p>\n<p data-start=\"244\" data-end=\"364\"><strong data-start=\"244\" data-end=\"364\">Arocell Milky Drop Ampoule \u2013 dr\u0117kinamasis veido serumas su melatoninu, pieno baltymais ir traneksamo r\u016bg\u0161timi, 30 ml<\/strong><\/p>\n<p data-start=\"366\" data-end=\"715\">Arocell Milky Drop \u2013 tai pa\u017eangus serumas-ampul\u0117, sukurtas i\u0161 gamtos \u012fkv\u0117pt\u0173 ingredient\u0173 ir mokslo pa\u017eangos derinio. D\u0117l itin koncentruotos formul\u0117s, praturtintos <strong data-start=\"529\" data-end=\"556\">5 % traneksamo r\u016bg\u0161timi<\/strong>, <strong data-start=\"558\" data-end=\"577\">5 % niacinamidu<\/strong>, <strong data-start=\"579\" data-end=\"608\">glutationu (98 % grynumo)<\/strong>, pieno eksosomomis ir melatoninu, oda tampa \u0161vytinti, pails\u0117jusi, giliai sudr\u0117kinta ir pastebimai lygesn\u0117.<\/p>\n<hr data-start=\"717\" data-end=\"720\" \/>\n<h3 data-start=\"722\" data-end=\"757\">\ud83c\udf3f <strong data-start=\"729\" data-end=\"757\">Pagrindiniai privalumai:<\/strong><\/h3>\n<ul data-start=\"759\" data-end=\"1231\">\n<li data-start=\"759\" data-end=\"847\">\n<p data-start=\"761\" data-end=\"847\"><strong data-start=\"761\" data-end=\"782\">Gilus dr\u0117kinimas:<\/strong> pieno baltymai ir hialurono r\u016bg\u0161tys atkuria odos hidrobalans\u0105.<\/p>\n<\/li>\n<li data-start=\"848\" data-end=\"943\">\n<p data-start=\"850\" data-end=\"943\"><strong data-start=\"850\" data-end=\"879\">\u0160vyt\u0117jimas ir skaistumas:<\/strong> melatoninas ir glutationas padeda odai atrodyti pails\u0117jusiai.<\/p>\n<\/li>\n<li data-start=\"944\" data-end=\"1039\">\n<p data-start=\"946\" data-end=\"1039\"><strong data-start=\"946\" data-end=\"970\">\u0160velni eksfoliacija:<\/strong> pieno r\u016bg\u0161tis padeda pa\u0161alinti negyvas l\u0105steles, suvienodina ton\u0105.<\/p>\n<\/li>\n<li data-start=\"1040\" data-end=\"1140\">\n<p data-start=\"1042\" data-end=\"1140\"><strong data-start=\"1042\" data-end=\"1076\">Apsauga nuo i\u0161orini\u0173 veiksni\u0173:<\/strong> stiprina odos barjer\u0105, saugo nuo tar\u0161os ir laisv\u0173j\u0173 radikal\u0173.<\/p>\n<\/li>\n<li data-start=\"1141\" data-end=\"1231\">\n<p data-start=\"1143\" data-end=\"1231\"><strong data-start=\"1143\" data-end=\"1166\">Greitas \u012fsig\u0117rimas:<\/strong> \u0161ilkin\u0117, lengva tekst\u016bra greitai susigeria, nepalikdama riebumo.<\/p>\n<\/li>\n<\/ul>\n<hr data-start=\"1233\" data-end=\"1236\" \/>\n<h3 data-start=\"1238\" data-end=\"1260\"><strong data-start=\"1245\" data-end=\"1260\">Naudojimas:<\/strong><\/h3>\n<p data-start=\"1262\" data-end=\"1430\">U\u017ela\u0161inkite 2\u20133 la\u0161us serumo ant \u0161varios veido odos. \u0160velniai paskirstykite ir \u012ftap\u0161nokite pir\u0161t\u0173 galiukais, kol visi\u0161kai \u012fsigers. Naudokite ryte ir vakare prie\u0161 krem\u0105.<\/p>\n<hr data-start=\"1432\" data-end=\"1435\" \/>\n<h3 data-start=\"1437\" data-end=\"1458\">\u26a0\ufe0f <strong data-start=\"1444\" data-end=\"1458\">\u012esp\u0117jimai:<\/strong><\/h3>\n<ul data-start=\"1460\" data-end=\"1659\">\n<li data-start=\"1460\" data-end=\"1489\">\n<p data-start=\"1462\" data-end=\"1489\">Tik i\u0161oriniam naudojimui.<\/p>\n<\/li>\n<li data-start=\"1490\" data-end=\"1518\">\n<p data-start=\"1492\" data-end=\"1518\">Venkite patekimo \u012f akis.<\/p>\n<\/li>\n<li data-start=\"1519\" data-end=\"1574\">\n<p data-start=\"1521\" data-end=\"1574\">Jei pasirei\u0161kia sudirginimas, nutraukite naudojim\u0105.<\/p>\n<\/li>\n<li data-start=\"1575\" data-end=\"1659\">\n<p data-start=\"1577\" data-end=\"1659\">Laikykite vaikams nepasiekiamoje vietoje, v\u0117sioje, nuo saul\u0117s apsaugotoje vietoje.<\/p>\n<\/li>\n<\/ul>\n<hr data-start=\"1661\" data-end=\"1664\" \/>\n<h3 data-start=\"1666\" data-end=\"1692\"><strong data-start=\"1673\" data-end=\"1692\">Sud\u0117tis (INCI):<\/strong><\/h3>\n<p data-start=\"1694\" data-end=\"2806\">Water, Niacinamide (5%), Tranexamic Acid (5%), Glycerin, Propanediol, Whey Filtrate, Neopentyl Glycol Diheptanoate, Macadamia Oil, Squalane, Betaine, 1,2-Hexanediol, Butylene Glycol, Cyclohexyl Oxane, Pentylene Glycol, Polymethylsilsesquioxane, Milk Exosomes (5%), Hydrogenated Lecithin, Acrylates\/C10-30 Alkyl Acrylate Crosspolymer, Tromethamine, Xanthan Gum, Panthenol, Chamomile Essential Oil, Ethylhexylglycerin, Adenosine, Western Thuja Essential Oil, Glutathione, Hydrolyzed Collagen, Orange Flower Extract, Polyglyceryl-10 Laurate, Bisabolol, Caprylyl Glycol, Melatonin, Caprylic\/Capric Triglyceride, Baobab Oil, Sodium Ascorbyl Phosphate, Milk Protein Extract, Ceramide NP, Glucose, Sodium Hyaluronate, Irish Moss Extract (Carrageenan), Biotin, Ceramide NS, Ceramide AS, Pyridoxine, Folic Acid, Ceramide EOP, Ceramide AP, Hydroxypropyltrimonium Hyaluronate, Hyaluronic Acid, Cyanocobalamin, Tocopherol, Hydrolyzed Hyaluronic Acid, Acetylated Sodium Hyaluronate, Riboflavin, Thiamine HCl, Linoleic Acid, Beta-Carotene, Sodium Hyaluronate Crosspolymer, Hydrolyzed Sodium Hyaluronate, Potassium Hyaluronate.<\/p>\n<p data-start=\"2808\" data-end=\"2892\"><em data-start=\"2808\" data-end=\"2892\">Pastaba: sud\u0117tis gali b\u016bti kei\u010diama. Visada vadovaukit\u0117s informacija ant pakuot\u0117s.<\/em><\/p>\n","protected":false},"excerpt":{"rendered":"<p data-start=\"104\" data-end=\"229\">\u0160velnios tekst\u016bros ampul\u0117 su melatoninu ir pieno baltymais intensyviai dr\u0117kina, mink\u0161tina od\u0105 ir suteikia nat\u016bral\u0173 \u0161vyt\u0117jim\u0105.<\/p>\n","protected":false},"featured_media":56737,"template":"","meta":[],"product_brand":[1347],"product_cat":[827,550,728],"product_tag":[1590],"class_list":{"0":"post-56733","1":"product","2":"type-product","3":"status-publish","4":"has-post-thumbnail","6":"product_brand-arocell","7":"product_cat-veido-prieziuros-priemoniu-rinkiniai","8":"product_cat-veido-serumai","9":"product_cat-veidui","10":"product_tag-arocell","12":"first","13":"outofstock","14":"sale","15":"taxable","16":"shipping-taxable","17":"purchasable","18":"product-type-simple"},"yoast_head":"<!-- This site is optimized with the Yoast SEO plugin v27.4 - https:\/\/yoast.com\/product\/yoast-seo-wordpress\/ -->\n<title>Arocell Milky Drop Ampoule \u2013 intensyvios prie\u017ei\u016bros ampul\u0117 veidui, 30ml - MalinaShop.lt J\u016bs\u0173 sveikatai ir gro\u017eiui.<\/title>\n<meta name=\"description\" content=\"Dr\u0117kinantis serumas su traneksamo r\u016bg\u0161timi, melatoninu ir glutationu \u2013 \u0161vytinti ir rami oda kasdien.\" \/>\n<meta name=\"robots\" content=\"index, follow, max-snippet:-1, max-image-preview:large, max-video-preview:-1\" \/>\n<link rel=\"canonical\" href=\"https:\/\/www.malinashop.lt\/lt_lt\/shop\/arocell-milky-drop-ampoule-intensyvios-prieziuros-ampule-veidui-30ml\/\" \/>\n<meta property=\"og:locale\" content=\"lt_LT\" \/>\n<meta property=\"og:type\" content=\"article\" \/>\n<meta property=\"og:title\" content=\"Arocell Milky Drop Ampoule \u2013 intensyvios prie\u017ei\u016bros ampul\u0117 veidui, 30ml - MalinaShop.lt J\u016bs\u0173 sveikatai ir gro\u017eiui.\" \/>\n<meta property=\"og:description\" content=\"Dr\u0117kinantis serumas su traneksamo r\u016bg\u0161timi, melatoninu ir glutationu \u2013 \u0161vytinti ir rami oda kasdien.\" \/>\n<meta property=\"og:url\" content=\"https:\/\/www.malinashop.lt\/lt_lt\/shop\/arocell-milky-drop-ampoule-intensyvios-prieziuros-ampule-veidui-30ml\/\" \/>\n<meta property=\"og:site_name\" content=\"MalinaShop.lt J\u016bs\u0173 sveikatai ir gro\u017eiui.\" \/>\n<meta property=\"article:modified_time\" content=\"2026-02-10T08:50:07+00:00\" \/>\n<meta property=\"og:image\" content=\"https:\/\/www.malinashop.lt\/wp-content\/uploads\/2025\/06\/Arocell-Milky-Drop-Ampoule-\u2013-intensyvios-prieziuros-ampule-veidui-30ml.webp\" \/>\n\t<meta property=\"og:image:width\" content=\"768\" \/>\n\t<meta property=\"og:image:height\" content=\"768\" \/>\n\t<meta property=\"og:image:type\" content=\"image\/webp\" \/>\n<meta name=\"twitter:card\" content=\"summary_large_image\" \/>\n<script type=\"application\/ld+json\" class=\"yoast-schema-graph\">{\"@context\":\"https:\\\/\\\/schema.org\",\"@graph\":[{\"@type\":\"WebPage\",\"@id\":\"https:\\\/\\\/www.malinashop.lt\\\/lt_lt\\\/shop\\\/arocell-milky-drop-ampoule-intensyvios-prieziuros-ampule-veidui-30ml\\\/\",\"url\":\"https:\\\/\\\/www.malinashop.lt\\\/lt_lt\\\/shop\\\/arocell-milky-drop-ampoule-intensyvios-prieziuros-ampule-veidui-30ml\\\/\",\"name\":\"Arocell Milky Drop Ampoule \u2013 intensyvios prie\u017ei\u016bros ampul\u0117 veidui, 30ml - MalinaShop.lt J\u016bs\u0173 sveikatai ir gro\u017eiui.\",\"isPartOf\":{\"@id\":\"https:\\\/\\\/www.malinashop.lt\\\/en\\\/#website\"},\"primaryImageOfPage\":{\"@id\":\"https:\\\/\\\/www.malinashop.lt\\\/lt_lt\\\/shop\\\/arocell-milky-drop-ampoule-intensyvios-prieziuros-ampule-veidui-30ml\\\/#primaryimage\"},\"image\":{\"@id\":\"https:\\\/\\\/www.malinashop.lt\\\/lt_lt\\\/shop\\\/arocell-milky-drop-ampoule-intensyvios-prieziuros-ampule-veidui-30ml\\\/#primaryimage\"},\"thumbnailUrl\":\"https:\\\/\\\/www.malinashop.lt\\\/wp-content\\\/uploads\\\/2025\\\/06\\\/Arocell-Milky-Drop-Ampoule-\u2013-intensyvios-prieziuros-ampule-veidui-30ml.webp\",\"datePublished\":\"2025-06-15T16:44:41+00:00\",\"dateModified\":\"2026-02-10T08:50:07+00:00\",\"description\":\"Dr\u0117kinantis serumas su traneksamo r\u016bg\u0161timi, melatoninu ir glutationu \u2013 \u0161vytinti ir rami oda kasdien.\",\"breadcrumb\":{\"@id\":\"https:\\\/\\\/www.malinashop.lt\\\/lt_lt\\\/shop\\\/arocell-milky-drop-ampoule-intensyvios-prieziuros-ampule-veidui-30ml\\\/#breadcrumb\"},\"inLanguage\":\"lt-LT\",\"potentialAction\":[{\"@type\":\"ReadAction\",\"target\":[\"https:\\\/\\\/www.malinashop.lt\\\/lt_lt\\\/shop\\\/arocell-milky-drop-ampoule-intensyvios-prieziuros-ampule-veidui-30ml\\\/\"]}]},{\"@type\":\"ImageObject\",\"inLanguage\":\"lt-LT\",\"@id\":\"https:\\\/\\\/www.malinashop.lt\\\/lt_lt\\\/shop\\\/arocell-milky-drop-ampoule-intensyvios-prieziuros-ampule-veidui-30ml\\\/#primaryimage\",\"url\":\"https:\\\/\\\/www.malinashop.lt\\\/wp-content\\\/uploads\\\/2025\\\/06\\\/Arocell-Milky-Drop-Ampoule-\u2013-intensyvios-prieziuros-ampule-veidui-30ml.webp\",\"contentUrl\":\"https:\\\/\\\/www.malinashop.lt\\\/wp-content\\\/uploads\\\/2025\\\/06\\\/Arocell-Milky-Drop-Ampoule-\u2013-intensyvios-prieziuros-ampule-veidui-30ml.webp\",\"width\":768,\"height\":768},{\"@type\":\"BreadcrumbList\",\"@id\":\"https:\\\/\\\/www.malinashop.lt\\\/lt_lt\\\/shop\\\/arocell-milky-drop-ampoule-intensyvios-prieziuros-ampule-veidui-30ml\\\/#breadcrumb\",\"itemListElement\":[{\"@type\":\"ListItem\",\"position\":1,\"name\":\"Home\",\"item\":\"https:\\\/\\\/www.malinashop.lt\\\/en\\\/\"},{\"@type\":\"ListItem\",\"position\":2,\"name\":\"Parduotuv\u0117\",\"item\":\"https:\\\/\\\/www.malinashop.lt\\\/en\\\/parduotuve\\\/\"},{\"@type\":\"ListItem\",\"position\":3,\"name\":\"Arocell Milky Drop Ampoule \u2013 intensyvios prie\u017ei\u016bros ampul\u0117 veidui, 30ml\"}]},{\"@type\":\"WebSite\",\"@id\":\"https:\\\/\\\/www.malinashop.lt\\\/en\\\/#website\",\"url\":\"https:\\\/\\\/www.malinashop.lt\\\/en\\\/\",\"name\":\"COM Group Ecommerce\",\"description\":\"MalinaShop.lt - Gro\u017eio ir sveikatos produktai i\u0161 patikim\u0173 preki\u0173 \u017eenkl\u0173. Atraskite auk\u0161tos kokyb\u0117s kosmetik\u0105 u\u017e puiki\u0105 kain\u0105.\",\"publisher\":{\"@id\":\"https:\\\/\\\/www.malinashop.lt\\\/en\\\/#organization\"},\"potentialAction\":[{\"@type\":\"SearchAction\",\"target\":{\"@type\":\"EntryPoint\",\"urlTemplate\":\"https:\\\/\\\/www.malinashop.lt\\\/en\\\/?s={search_term_string}\"},\"query-input\":{\"@type\":\"PropertyValueSpecification\",\"valueRequired\":true,\"valueName\":\"search_term_string\"}}],\"inLanguage\":\"lt-LT\"},{\"@type\":\"Organization\",\"@id\":\"https:\\\/\\\/www.malinashop.lt\\\/en\\\/#organization\",\"name\":\"COM Group Ecommerce\",\"url\":\"https:\\\/\\\/www.malinashop.lt\\\/en\\\/\",\"logo\":{\"@type\":\"ImageObject\",\"inLanguage\":\"lt-LT\",\"@id\":\"https:\\\/\\\/www.malinashop.lt\\\/en\\\/#\\\/schema\\\/logo\\\/image\\\/\",\"url\":\"https:\\\/\\\/www.malinashop.lt\\\/wp-content\\\/uploads\\\/2024\\\/08\\\/462559670_3787732518133670_9795632669273463_n-e1731525914575.png\",\"contentUrl\":\"https:\\\/\\\/www.malinashop.lt\\\/wp-content\\\/uploads\\\/2024\\\/08\\\/462559670_3787732518133670_9795632669273463_n-e1731525914575.png\",\"width\":180,\"height\":60,\"caption\":\"COM Group Ecommerce\"},\"image\":{\"@id\":\"https:\\\/\\\/www.malinashop.lt\\\/en\\\/#\\\/schema\\\/logo\\\/image\\\/\"}}]}<\/script>\n<!-- \/ Yoast SEO plugin. -->","yoast_head_json":{"title":"Arocell Milky Drop Ampoule \u2013 intensyvios prie\u017ei\u016bros ampul\u0117 veidui, 30ml - MalinaShop.lt J\u016bs\u0173 sveikatai ir gro\u017eiui.","description":"Dr\u0117kinantis serumas su traneksamo r\u016bg\u0161timi, melatoninu ir glutationu \u2013 \u0161vytinti ir rami oda kasdien.","robots":{"index":"index","follow":"follow","max-snippet":"max-snippet:-1","max-image-preview":"max-image-preview:large","max-video-preview":"max-video-preview:-1"},"canonical":"https:\/\/www.malinashop.lt\/lt_lt\/shop\/arocell-milky-drop-ampoule-intensyvios-prieziuros-ampule-veidui-30ml\/","og_locale":"lt_LT","og_type":"article","og_title":"Arocell Milky Drop Ampoule \u2013 intensyvios prie\u017ei\u016bros ampul\u0117 veidui, 30ml - MalinaShop.lt J\u016bs\u0173 sveikatai ir gro\u017eiui.","og_description":"Dr\u0117kinantis serumas su traneksamo r\u016bg\u0161timi, melatoninu ir glutationu \u2013 \u0161vytinti ir rami oda kasdien.","og_url":"https:\/\/www.malinashop.lt\/lt_lt\/shop\/arocell-milky-drop-ampoule-intensyvios-prieziuros-ampule-veidui-30ml\/","og_site_name":"MalinaShop.lt J\u016bs\u0173 sveikatai ir gro\u017eiui.","article_modified_time":"2026-02-10T08:50:07+00:00","og_image":[{"width":768,"height":768,"url":"https:\/\/www.malinashop.lt\/wp-content\/uploads\/2025\/06\/Arocell-Milky-Drop-Ampoule-\u2013-intensyvios-prieziuros-ampule-veidui-30ml.webp","type":"image\/webp"}],"twitter_card":"summary_large_image","schema":{"@context":"https:\/\/schema.org","@graph":[{"@type":"WebPage","@id":"https:\/\/www.malinashop.lt\/lt_lt\/shop\/arocell-milky-drop-ampoule-intensyvios-prieziuros-ampule-veidui-30ml\/","url":"https:\/\/www.malinashop.lt\/lt_lt\/shop\/arocell-milky-drop-ampoule-intensyvios-prieziuros-ampule-veidui-30ml\/","name":"Arocell Milky Drop Ampoule \u2013 intensyvios prie\u017ei\u016bros ampul\u0117 veidui, 30ml - MalinaShop.lt J\u016bs\u0173 sveikatai ir gro\u017eiui.","isPartOf":{"@id":"https:\/\/www.malinashop.lt\/en\/#website"},"primaryImageOfPage":{"@id":"https:\/\/www.malinashop.lt\/lt_lt\/shop\/arocell-milky-drop-ampoule-intensyvios-prieziuros-ampule-veidui-30ml\/#primaryimage"},"image":{"@id":"https:\/\/www.malinashop.lt\/lt_lt\/shop\/arocell-milky-drop-ampoule-intensyvios-prieziuros-ampule-veidui-30ml\/#primaryimage"},"thumbnailUrl":"https:\/\/www.malinashop.lt\/wp-content\/uploads\/2025\/06\/Arocell-Milky-Drop-Ampoule-\u2013-intensyvios-prieziuros-ampule-veidui-30ml.webp","datePublished":"2025-06-15T16:44:41+00:00","dateModified":"2026-02-10T08:50:07+00:00","description":"Dr\u0117kinantis serumas su traneksamo r\u016bg\u0161timi, melatoninu ir glutationu \u2013 \u0161vytinti ir rami oda kasdien.","breadcrumb":{"@id":"https:\/\/www.malinashop.lt\/lt_lt\/shop\/arocell-milky-drop-ampoule-intensyvios-prieziuros-ampule-veidui-30ml\/#breadcrumb"},"inLanguage":"lt-LT","potentialAction":[{"@type":"ReadAction","target":["https:\/\/www.malinashop.lt\/lt_lt\/shop\/arocell-milky-drop-ampoule-intensyvios-prieziuros-ampule-veidui-30ml\/"]}]},{"@type":"ImageObject","inLanguage":"lt-LT","@id":"https:\/\/www.malinashop.lt\/lt_lt\/shop\/arocell-milky-drop-ampoule-intensyvios-prieziuros-ampule-veidui-30ml\/#primaryimage","url":"https:\/\/www.malinashop.lt\/wp-content\/uploads\/2025\/06\/Arocell-Milky-Drop-Ampoule-\u2013-intensyvios-prieziuros-ampule-veidui-30ml.webp","contentUrl":"https:\/\/www.malinashop.lt\/wp-content\/uploads\/2025\/06\/Arocell-Milky-Drop-Ampoule-\u2013-intensyvios-prieziuros-ampule-veidui-30ml.webp","width":768,"height":768},{"@type":"BreadcrumbList","@id":"https:\/\/www.malinashop.lt\/lt_lt\/shop\/arocell-milky-drop-ampoule-intensyvios-prieziuros-ampule-veidui-30ml\/#breadcrumb","itemListElement":[{"@type":"ListItem","position":1,"name":"Home","item":"https:\/\/www.malinashop.lt\/en\/"},{"@type":"ListItem","position":2,"name":"Parduotuv\u0117","item":"https:\/\/www.malinashop.lt\/en\/parduotuve\/"},{"@type":"ListItem","position":3,"name":"Arocell Milky Drop Ampoule \u2013 intensyvios prie\u017ei\u016bros ampul\u0117 veidui, 30ml"}]},{"@type":"WebSite","@id":"https:\/\/www.malinashop.lt\/en\/#website","url":"https:\/\/www.malinashop.lt\/en\/","name":"COM Group Ecommerce","description":"MalinaShop.lt - Gro\u017eio ir sveikatos produktai i\u0161 patikim\u0173 preki\u0173 \u017eenkl\u0173. Atraskite auk\u0161tos kokyb\u0117s kosmetik\u0105 u\u017e puiki\u0105 kain\u0105.","publisher":{"@id":"https:\/\/www.malinashop.lt\/en\/#organization"},"potentialAction":[{"@type":"SearchAction","target":{"@type":"EntryPoint","urlTemplate":"https:\/\/www.malinashop.lt\/en\/?s={search_term_string}"},"query-input":{"@type":"PropertyValueSpecification","valueRequired":true,"valueName":"search_term_string"}}],"inLanguage":"lt-LT"},{"@type":"Organization","@id":"https:\/\/www.malinashop.lt\/en\/#organization","name":"COM Group Ecommerce","url":"https:\/\/www.malinashop.lt\/en\/","logo":{"@type":"ImageObject","inLanguage":"lt-LT","@id":"https:\/\/www.malinashop.lt\/en\/#\/schema\/logo\/image\/","url":"https:\/\/www.malinashop.lt\/wp-content\/uploads\/2024\/08\/462559670_3787732518133670_9795632669273463_n-e1731525914575.png","contentUrl":"https:\/\/www.malinashop.lt\/wp-content\/uploads\/2024\/08\/462559670_3787732518133670_9795632669273463_n-e1731525914575.png","width":180,"height":60,"caption":"COM Group Ecommerce"},"image":{"@id":"https:\/\/www.malinashop.lt\/en\/#\/schema\/logo\/image\/"}}]}},"jetpack_sharing_enabled":true,"_links":{"self":[{"href":"https:\/\/www.malinashop.lt\/lt_lt\/wp-json\/wp\/v2\/product\/56733","targetHints":{"allow":["GET"]}}],"collection":[{"href":"https:\/\/www.malinashop.lt\/lt_lt\/wp-json\/wp\/v2\/product"}],"about":[{"href":"https:\/\/www.malinashop.lt\/lt_lt\/wp-json\/wp\/v2\/types\/product"}],"version-history":[{"count":2,"href":"https:\/\/www.malinashop.lt\/lt_lt\/wp-json\/wp\/v2\/product\/56733\/revisions"}],"predecessor-version":[{"id":60230,"href":"https:\/\/www.malinashop.lt\/lt_lt\/wp-json\/wp\/v2\/product\/56733\/revisions\/60230"}],"wp:featuredmedia":[{"embeddable":true,"href":"https:\/\/www.malinashop.lt\/lt_lt\/wp-json\/wp\/v2\/media\/56737"}],"wp:attachment":[{"href":"https:\/\/www.malinashop.lt\/lt_lt\/wp-json\/wp\/v2\/media?parent=56733"}],"wp:term":[{"taxonomy":"product_brand","embeddable":true,"href":"https:\/\/www.malinashop.lt\/lt_lt\/wp-json\/wp\/v2\/product_brand?post=56733"},{"taxonomy":"product_cat","embeddable":true,"href":"https:\/\/www.malinashop.lt\/lt_lt\/wp-json\/wp\/v2\/product_cat?post=56733"},{"taxonomy":"product_tag","embeddable":true,"href":"https:\/\/www.malinashop.lt\/lt_lt\/wp-json\/wp\/v2\/product_tag?post=56733"}],"curies":[{"name":"wp","href":"https:\/\/api.w.org\/{rel}","templated":true}]}}