{"id":56722,"date":"2025-09-25T19:36:35","date_gmt":"2025-09-25T16:36:35","guid":{"rendered":"https:\/\/malinashop.lt\/?post_type=product&#038;p=56722"},"modified":"2026-02-10T11:50:05","modified_gmt":"2026-02-10T08:50:05","slug":"arocell-deep-cleaning-foam-giliai-valancios-veido-putos-120ml","status":"publish","type":"product","link":"https:\/\/www.malinashop.lt\/lt_lt\/shop\/arocell-deep-cleaning-foam-giliai-valancios-veido-putos-120ml\/","title":{"rendered":"Arocell Deep Cleaning Foam \u2013 giliai valan\u010dios veido putos, 120ml"},"content":{"rendered":"<p data-start=\"184\" data-end=\"227\"><strong data-start=\"184\" data-end=\"227\">Preki\u0173 i\u0161siuntimas per 1\u20133 darbo dienas<\/strong><\/p>\n<p data-start=\"229\" data-end=\"305\"><strong data-start=\"229\" data-end=\"305\">Arocell Deep Cleansing Foam \u2013 valomosios veido putos su kolagenu, 120 ml<\/strong><\/p>\n<p data-start=\"307\" data-end=\"650\">Pa\u017eangi\u0173 technologij\u0173 pagrindu sukurtos valomosios putos \u0161velniai, bet giliai valo od\u0105, pa\u0161alindamos makia\u017eo liku\u010dius, riebalus ir kasdienius ne\u0161varumus. Praturtintos <strong data-start=\"474\" data-end=\"510\">hidrolizuotu kolagenu (9800 ppm)<\/strong>, <strong data-start=\"512\" data-end=\"527\">niacinamidu<\/strong>, <strong data-start=\"529\" data-end=\"552\">hialurono r\u016bg\u0161timis<\/strong> ir augaliniais ekstraktais \u2013 putos ne tik valo, bet ir r\u016bpinasi J\u016bs\u0173 odos dr\u0117kinimu bei komfortu.<\/p>\n<hr data-start=\"652\" data-end=\"655\" \/>\n<h3 data-start=\"657\" data-end=\"692\">\ud83c\udf3f <strong data-start=\"664\" data-end=\"692\">Pagrindiniai privalumai:<\/strong><\/h3>\n<ul data-start=\"694\" data-end=\"1153\">\n<li data-start=\"694\" data-end=\"786\">\n<p data-start=\"696\" data-end=\"786\"><strong data-start=\"696\" data-end=\"718\">Giliai valo poras:<\/strong> efektyviai pa\u0161alina ne\u0161varumus, padeda i\u0161vengti odos u\u017esikim\u0161imo.<\/p>\n<\/li>\n<li data-start=\"787\" data-end=\"874\">\n<p data-start=\"789\" data-end=\"874\"><strong data-start=\"789\" data-end=\"811\">\u0160velnios sud\u0117ties:<\/strong> tinkamos kasdieniam naudojimui, nedirgina net jautrios odos.<\/p>\n<\/li>\n<li data-start=\"875\" data-end=\"966\">\n<p data-start=\"877\" data-end=\"966\"><strong data-start=\"877\" data-end=\"889\">Dr\u0117kina:<\/strong> 8 skirting\u0173 molekulini\u0173 masi\u0173 hialurono r\u016bg\u0161tys palaiko odos dr\u0117gm\u0117s lyg\u012f.<\/p>\n<\/li>\n<li data-start=\"967\" data-end=\"1062\">\n<p data-start=\"969\" data-end=\"1062\"><strong data-start=\"969\" data-end=\"994\">Atkuria odos balans\u0105:<\/strong> padeda i\u0161laikyti sveik\u0105 odos pH ir stiprina apsaugines funkcijas.<\/p>\n<\/li>\n<li data-start=\"1063\" data-end=\"1153\">\n<p data-start=\"1065\" data-end=\"1153\"><strong data-start=\"1065\" data-end=\"1082\">Paruo\u0161ia od\u0105:<\/strong> idealiai paruo\u0161ia tolesnei veido prie\u017ei\u016brai \u2013 serumams, kremams ir kt.<\/p>\n<\/li>\n<\/ul>\n<hr data-start=\"1155\" data-end=\"1158\" \/>\n<h3 data-start=\"1160\" data-end=\"1182\"><strong data-start=\"1167\" data-end=\"1182\">Naudojimas:<\/strong><\/h3>\n<p data-start=\"1184\" data-end=\"1340\">U\u017etepkite nedidel\u012f kiek\u012f produkto ant sudr\u0117kint\u0173 deln\u0173, i\u0161trinkite iki put\u0173. \u0160velniai masa\u017euokite veid\u0105, venkite aki\u0173 zonos, tada nuplaukite \u0161iltu vandeniu.<\/p>\n<hr data-start=\"1342\" data-end=\"1345\" \/>\n<h3 data-start=\"1347\" data-end=\"1368\">\u26a0\ufe0f <strong data-start=\"1354\" data-end=\"1368\">\u012esp\u0117jimai:<\/strong><\/h3>\n<ul data-start=\"1370\" data-end=\"1580\">\n<li data-start=\"1370\" data-end=\"1396\">\n<p data-start=\"1372\" data-end=\"1396\">Naudoti tik i\u0161ori\u0161kai.<\/p>\n<\/li>\n<li data-start=\"1397\" data-end=\"1425\">\n<p data-start=\"1399\" data-end=\"1425\">Venkite patekimo \u012f akis.<\/p>\n<\/li>\n<li data-start=\"1426\" data-end=\"1492\">\n<p data-start=\"1428\" data-end=\"1492\">Jei atsiranda dirginimas ar paraudimas \u2013 nutraukite naudojim\u0105.<\/p>\n<\/li>\n<li data-start=\"1493\" data-end=\"1580\">\n<p data-start=\"1495\" data-end=\"1580\">Laikykite vaikams nepasiekiamoje vietoje, saugokite nuo tiesiogini\u0173 saul\u0117s spinduli\u0173.<\/p>\n<\/li>\n<\/ul>\n<hr data-start=\"1582\" data-end=\"1585\" \/>\n<h3 data-start=\"1587\" data-end=\"1613\"><strong data-start=\"1594\" data-end=\"1613\">Sud\u0117tis (INCI):<\/strong><\/h3>\n<p data-start=\"1615\" data-end=\"2634\">Water, Glycerin, Stearic Acid, Lauric Acid, Myristic Acid, Potassium Hydroxide, Glyceryl Stearate SE, 1,2-Hexanediol, Fragrance, Caprylyl Glycol, Mannitol, Ethylhexylglycerin, Allantoin, Polyquaternium-7, Microcrystalline Cellulose, Disodium EDTA, Butylene Glycol, Corn Starch, Melia Azadirachta Flower Extract, Melia Azadirachta Leaf Extract, Sodium Benzoate, Cedarwood Essential Oil, CI 77492, Betaine, Tocopheryl Acetate, Capryloyl Salicylic Acid, Gluconolactone, Niacinamide, Salicylic Acid, Green Tea Leaf Water, Glycolic Acid, Japanese Coptis Root Extract, Indian Coccinia Fruit Extract, Corallina Officinalis Extract, Rosehip Oil, Chinese Jojoba Seed Oil, Hydrolyzed Collagen Extract, Pumpkin Fruit Extract, Sodium Hyaluronate, Heart Mint Leaf Extract, Camellia Leaf Extract, Hyaluronic Acid, Hydrolyzed Hyaluronic Acid, Hydrolyzed Sodium Hyaluronate, Hydroxypropyltrimonium Hyaluronate, Potassium Hyaluronate, Sodium Hyaluronate Crosspolymer, Thyme Leaf Extract, Pentylene Glycol, Acetylated Sodium Hyaluronate.<\/p>\n<p data-start=\"2636\" data-end=\"2723\"><em data-start=\"2636\" data-end=\"2723\">Pastaba: produkto sud\u0117tis gali keistis. Visada vadovaukit\u0117s informacija ant pakuot\u0117s.<\/em><\/p>\n","protected":false},"excerpt":{"rendered":"<p data-start=\"66\" data-end=\"159\">Giliai valan\u010dios kremin\u0117s putos atkuria odos dr\u0117gm\u0117s balans\u0105 ir gerina jos stangrum\u0105.<\/p>\n","protected":false},"featured_media":56725,"template":"","meta":[],"product_brand":[1347],"product_cat":[827,537,728],"product_tag":[1590],"class_list":{"0":"post-56722","1":"product","2":"type-product","3":"status-publish","4":"has-post-thumbnail","6":"product_brand-arocell","7":"product_cat-veido-prieziuros-priemoniu-rinkiniai","8":"product_cat-veido-valymo-priemones","9":"product_cat-veidui","10":"product_tag-arocell","12":"first","13":"outofstock","14":"sale","15":"taxable","16":"shipping-taxable","17":"purchasable","18":"product-type-simple"},"yoast_head":"<!-- This site is optimized with the Yoast SEO plugin v27.4 - https:\/\/yoast.com\/product\/yoast-seo-wordpress\/ -->\n<title>Arocell Deep Cleaning Foam \u2013 giliai valan\u010dios veido putos, 120ml - MalinaShop.lt J\u016bs\u0173 sveikatai ir gro\u017eiui.<\/title>\n<meta name=\"description\" content=\"Giliai valan\u010dios kremin\u0117s putos atkuria odos dr\u0117gm\u0117s balans\u0105 ir gerina jos stangrum\u0105. Giliai valan\u010dios putos su kolagenu ir hialurono r\u016bg\u0161timis \u2013 \u0161velniai valo, dr\u0117kina ir atgaivina od\u0105.\" \/>\n<meta name=\"robots\" content=\"index, follow, max-snippet:-1, max-image-preview:large, max-video-preview:-1\" \/>\n<link rel=\"canonical\" href=\"https:\/\/www.malinashop.lt\/lt_lt\/shop\/arocell-deep-cleaning-foam-giliai-valancios-veido-putos-120ml\/\" \/>\n<meta property=\"og:locale\" content=\"lt_LT\" \/>\n<meta property=\"og:type\" content=\"article\" \/>\n<meta property=\"og:title\" content=\"Arocell Deep Cleaning Foam \u2013 giliai valan\u010dios veido putos, 120ml - MalinaShop.lt J\u016bs\u0173 sveikatai ir gro\u017eiui.\" \/>\n<meta property=\"og:description\" content=\"Giliai valan\u010dios kremin\u0117s putos atkuria odos dr\u0117gm\u0117s balans\u0105 ir gerina jos stangrum\u0105. Giliai valan\u010dios putos su kolagenu ir hialurono r\u016bg\u0161timis \u2013 \u0161velniai valo, dr\u0117kina ir atgaivina od\u0105.\" \/>\n<meta property=\"og:url\" content=\"https:\/\/www.malinashop.lt\/lt_lt\/shop\/arocell-deep-cleaning-foam-giliai-valancios-veido-putos-120ml\/\" \/>\n<meta property=\"og:site_name\" content=\"MalinaShop.lt J\u016bs\u0173 sveikatai ir gro\u017eiui.\" \/>\n<meta property=\"article:modified_time\" content=\"2026-02-10T08:50:05+00:00\" \/>\n<meta property=\"og:image\" content=\"https:\/\/www.malinashop.lt\/wp-content\/uploads\/2025\/06\/Arocell-Deep-Cleaning-Foam-\u2013-giliai-valancios-veido-putos-120ml.webp\" \/>\n\t<meta property=\"og:image:width\" content=\"768\" \/>\n\t<meta property=\"og:image:height\" content=\"768\" \/>\n\t<meta property=\"og:image:type\" content=\"image\/webp\" \/>\n<meta name=\"twitter:card\" content=\"summary_large_image\" \/>\n<script type=\"application\/ld+json\" class=\"yoast-schema-graph\">{\"@context\":\"https:\\\/\\\/schema.org\",\"@graph\":[{\"@type\":\"WebPage\",\"@id\":\"https:\\\/\\\/www.malinashop.lt\\\/lt_lt\\\/shop\\\/arocell-deep-cleaning-foam-giliai-valancios-veido-putos-120ml\\\/\",\"url\":\"https:\\\/\\\/www.malinashop.lt\\\/lt_lt\\\/shop\\\/arocell-deep-cleaning-foam-giliai-valancios-veido-putos-120ml\\\/\",\"name\":\"Arocell Deep Cleaning Foam \u2013 giliai valan\u010dios veido putos, 120ml - MalinaShop.lt J\u016bs\u0173 sveikatai ir gro\u017eiui.\",\"isPartOf\":{\"@id\":\"https:\\\/\\\/www.malinashop.lt\\\/en\\\/#website\"},\"primaryImageOfPage\":{\"@id\":\"https:\\\/\\\/www.malinashop.lt\\\/lt_lt\\\/shop\\\/arocell-deep-cleaning-foam-giliai-valancios-veido-putos-120ml\\\/#primaryimage\"},\"image\":{\"@id\":\"https:\\\/\\\/www.malinashop.lt\\\/lt_lt\\\/shop\\\/arocell-deep-cleaning-foam-giliai-valancios-veido-putos-120ml\\\/#primaryimage\"},\"thumbnailUrl\":\"https:\\\/\\\/www.malinashop.lt\\\/wp-content\\\/uploads\\\/2025\\\/06\\\/Arocell-Deep-Cleaning-Foam-\u2013-giliai-valancios-veido-putos-120ml.webp\",\"datePublished\":\"2025-09-25T16:36:35+00:00\",\"dateModified\":\"2026-02-10T08:50:05+00:00\",\"description\":\"Giliai valan\u010dios kremin\u0117s putos atkuria odos dr\u0117gm\u0117s balans\u0105 ir gerina jos stangrum\u0105. Giliai valan\u010dios putos su kolagenu ir hialurono r\u016bg\u0161timis \u2013 \u0161velniai valo, dr\u0117kina ir atgaivina od\u0105.\",\"breadcrumb\":{\"@id\":\"https:\\\/\\\/www.malinashop.lt\\\/lt_lt\\\/shop\\\/arocell-deep-cleaning-foam-giliai-valancios-veido-putos-120ml\\\/#breadcrumb\"},\"inLanguage\":\"lt-LT\",\"potentialAction\":[{\"@type\":\"ReadAction\",\"target\":[\"https:\\\/\\\/www.malinashop.lt\\\/lt_lt\\\/shop\\\/arocell-deep-cleaning-foam-giliai-valancios-veido-putos-120ml\\\/\"]}]},{\"@type\":\"ImageObject\",\"inLanguage\":\"lt-LT\",\"@id\":\"https:\\\/\\\/www.malinashop.lt\\\/lt_lt\\\/shop\\\/arocell-deep-cleaning-foam-giliai-valancios-veido-putos-120ml\\\/#primaryimage\",\"url\":\"https:\\\/\\\/www.malinashop.lt\\\/wp-content\\\/uploads\\\/2025\\\/06\\\/Arocell-Deep-Cleaning-Foam-\u2013-giliai-valancios-veido-putos-120ml.webp\",\"contentUrl\":\"https:\\\/\\\/www.malinashop.lt\\\/wp-content\\\/uploads\\\/2025\\\/06\\\/Arocell-Deep-Cleaning-Foam-\u2013-giliai-valancios-veido-putos-120ml.webp\",\"width\":768,\"height\":768},{\"@type\":\"BreadcrumbList\",\"@id\":\"https:\\\/\\\/www.malinashop.lt\\\/lt_lt\\\/shop\\\/arocell-deep-cleaning-foam-giliai-valancios-veido-putos-120ml\\\/#breadcrumb\",\"itemListElement\":[{\"@type\":\"ListItem\",\"position\":1,\"name\":\"Home\",\"item\":\"https:\\\/\\\/www.malinashop.lt\\\/en\\\/\"},{\"@type\":\"ListItem\",\"position\":2,\"name\":\"Parduotuv\u0117\",\"item\":\"https:\\\/\\\/www.malinashop.lt\\\/en\\\/parduotuve\\\/\"},{\"@type\":\"ListItem\",\"position\":3,\"name\":\"Arocell Deep Cleaning Foam \u2013 giliai valan\u010dios veido putos, 120ml\"}]},{\"@type\":\"WebSite\",\"@id\":\"https:\\\/\\\/www.malinashop.lt\\\/en\\\/#website\",\"url\":\"https:\\\/\\\/www.malinashop.lt\\\/en\\\/\",\"name\":\"COM Group Ecommerce\",\"description\":\"MalinaShop.lt - Gro\u017eio ir sveikatos produktai i\u0161 patikim\u0173 preki\u0173 \u017eenkl\u0173. Atraskite auk\u0161tos kokyb\u0117s kosmetik\u0105 u\u017e puiki\u0105 kain\u0105.\",\"publisher\":{\"@id\":\"https:\\\/\\\/www.malinashop.lt\\\/en\\\/#organization\"},\"potentialAction\":[{\"@type\":\"SearchAction\",\"target\":{\"@type\":\"EntryPoint\",\"urlTemplate\":\"https:\\\/\\\/www.malinashop.lt\\\/en\\\/?s={search_term_string}\"},\"query-input\":{\"@type\":\"PropertyValueSpecification\",\"valueRequired\":true,\"valueName\":\"search_term_string\"}}],\"inLanguage\":\"lt-LT\"},{\"@type\":\"Organization\",\"@id\":\"https:\\\/\\\/www.malinashop.lt\\\/en\\\/#organization\",\"name\":\"COM Group Ecommerce\",\"url\":\"https:\\\/\\\/www.malinashop.lt\\\/en\\\/\",\"logo\":{\"@type\":\"ImageObject\",\"inLanguage\":\"lt-LT\",\"@id\":\"https:\\\/\\\/www.malinashop.lt\\\/en\\\/#\\\/schema\\\/logo\\\/image\\\/\",\"url\":\"https:\\\/\\\/www.malinashop.lt\\\/wp-content\\\/uploads\\\/2024\\\/08\\\/462559670_3787732518133670_9795632669273463_n-e1731525914575.png\",\"contentUrl\":\"https:\\\/\\\/www.malinashop.lt\\\/wp-content\\\/uploads\\\/2024\\\/08\\\/462559670_3787732518133670_9795632669273463_n-e1731525914575.png\",\"width\":180,\"height\":60,\"caption\":\"COM Group Ecommerce\"},\"image\":{\"@id\":\"https:\\\/\\\/www.malinashop.lt\\\/en\\\/#\\\/schema\\\/logo\\\/image\\\/\"}}]}<\/script>\n<!-- \/ Yoast SEO plugin. -->","yoast_head_json":{"title":"Arocell Deep Cleaning Foam \u2013 giliai valan\u010dios veido putos, 120ml - MalinaShop.lt J\u016bs\u0173 sveikatai ir gro\u017eiui.","description":"Giliai valan\u010dios kremin\u0117s putos atkuria odos dr\u0117gm\u0117s balans\u0105 ir gerina jos stangrum\u0105. Giliai valan\u010dios putos su kolagenu ir hialurono r\u016bg\u0161timis \u2013 \u0161velniai valo, dr\u0117kina ir atgaivina od\u0105.","robots":{"index":"index","follow":"follow","max-snippet":"max-snippet:-1","max-image-preview":"max-image-preview:large","max-video-preview":"max-video-preview:-1"},"canonical":"https:\/\/www.malinashop.lt\/lt_lt\/shop\/arocell-deep-cleaning-foam-giliai-valancios-veido-putos-120ml\/","og_locale":"lt_LT","og_type":"article","og_title":"Arocell Deep Cleaning Foam \u2013 giliai valan\u010dios veido putos, 120ml - MalinaShop.lt J\u016bs\u0173 sveikatai ir gro\u017eiui.","og_description":"Giliai valan\u010dios kremin\u0117s putos atkuria odos dr\u0117gm\u0117s balans\u0105 ir gerina jos stangrum\u0105. Giliai valan\u010dios putos su kolagenu ir hialurono r\u016bg\u0161timis \u2013 \u0161velniai valo, dr\u0117kina ir atgaivina od\u0105.","og_url":"https:\/\/www.malinashop.lt\/lt_lt\/shop\/arocell-deep-cleaning-foam-giliai-valancios-veido-putos-120ml\/","og_site_name":"MalinaShop.lt J\u016bs\u0173 sveikatai ir gro\u017eiui.","article_modified_time":"2026-02-10T08:50:05+00:00","og_image":[{"width":768,"height":768,"url":"https:\/\/www.malinashop.lt\/wp-content\/uploads\/2025\/06\/Arocell-Deep-Cleaning-Foam-\u2013-giliai-valancios-veido-putos-120ml.webp","type":"image\/webp"}],"twitter_card":"summary_large_image","schema":{"@context":"https:\/\/schema.org","@graph":[{"@type":"WebPage","@id":"https:\/\/www.malinashop.lt\/lt_lt\/shop\/arocell-deep-cleaning-foam-giliai-valancios-veido-putos-120ml\/","url":"https:\/\/www.malinashop.lt\/lt_lt\/shop\/arocell-deep-cleaning-foam-giliai-valancios-veido-putos-120ml\/","name":"Arocell Deep Cleaning Foam \u2013 giliai valan\u010dios veido putos, 120ml - MalinaShop.lt J\u016bs\u0173 sveikatai ir gro\u017eiui.","isPartOf":{"@id":"https:\/\/www.malinashop.lt\/en\/#website"},"primaryImageOfPage":{"@id":"https:\/\/www.malinashop.lt\/lt_lt\/shop\/arocell-deep-cleaning-foam-giliai-valancios-veido-putos-120ml\/#primaryimage"},"image":{"@id":"https:\/\/www.malinashop.lt\/lt_lt\/shop\/arocell-deep-cleaning-foam-giliai-valancios-veido-putos-120ml\/#primaryimage"},"thumbnailUrl":"https:\/\/www.malinashop.lt\/wp-content\/uploads\/2025\/06\/Arocell-Deep-Cleaning-Foam-\u2013-giliai-valancios-veido-putos-120ml.webp","datePublished":"2025-09-25T16:36:35+00:00","dateModified":"2026-02-10T08:50:05+00:00","description":"Giliai valan\u010dios kremin\u0117s putos atkuria odos dr\u0117gm\u0117s balans\u0105 ir gerina jos stangrum\u0105. Giliai valan\u010dios putos su kolagenu ir hialurono r\u016bg\u0161timis \u2013 \u0161velniai valo, dr\u0117kina ir atgaivina od\u0105.","breadcrumb":{"@id":"https:\/\/www.malinashop.lt\/lt_lt\/shop\/arocell-deep-cleaning-foam-giliai-valancios-veido-putos-120ml\/#breadcrumb"},"inLanguage":"lt-LT","potentialAction":[{"@type":"ReadAction","target":["https:\/\/www.malinashop.lt\/lt_lt\/shop\/arocell-deep-cleaning-foam-giliai-valancios-veido-putos-120ml\/"]}]},{"@type":"ImageObject","inLanguage":"lt-LT","@id":"https:\/\/www.malinashop.lt\/lt_lt\/shop\/arocell-deep-cleaning-foam-giliai-valancios-veido-putos-120ml\/#primaryimage","url":"https:\/\/www.malinashop.lt\/wp-content\/uploads\/2025\/06\/Arocell-Deep-Cleaning-Foam-\u2013-giliai-valancios-veido-putos-120ml.webp","contentUrl":"https:\/\/www.malinashop.lt\/wp-content\/uploads\/2025\/06\/Arocell-Deep-Cleaning-Foam-\u2013-giliai-valancios-veido-putos-120ml.webp","width":768,"height":768},{"@type":"BreadcrumbList","@id":"https:\/\/www.malinashop.lt\/lt_lt\/shop\/arocell-deep-cleaning-foam-giliai-valancios-veido-putos-120ml\/#breadcrumb","itemListElement":[{"@type":"ListItem","position":1,"name":"Home","item":"https:\/\/www.malinashop.lt\/en\/"},{"@type":"ListItem","position":2,"name":"Parduotuv\u0117","item":"https:\/\/www.malinashop.lt\/en\/parduotuve\/"},{"@type":"ListItem","position":3,"name":"Arocell Deep Cleaning Foam \u2013 giliai valan\u010dios veido putos, 120ml"}]},{"@type":"WebSite","@id":"https:\/\/www.malinashop.lt\/en\/#website","url":"https:\/\/www.malinashop.lt\/en\/","name":"COM Group Ecommerce","description":"MalinaShop.lt - Gro\u017eio ir sveikatos produktai i\u0161 patikim\u0173 preki\u0173 \u017eenkl\u0173. Atraskite auk\u0161tos kokyb\u0117s kosmetik\u0105 u\u017e puiki\u0105 kain\u0105.","publisher":{"@id":"https:\/\/www.malinashop.lt\/en\/#organization"},"potentialAction":[{"@type":"SearchAction","target":{"@type":"EntryPoint","urlTemplate":"https:\/\/www.malinashop.lt\/en\/?s={search_term_string}"},"query-input":{"@type":"PropertyValueSpecification","valueRequired":true,"valueName":"search_term_string"}}],"inLanguage":"lt-LT"},{"@type":"Organization","@id":"https:\/\/www.malinashop.lt\/en\/#organization","name":"COM Group Ecommerce","url":"https:\/\/www.malinashop.lt\/en\/","logo":{"@type":"ImageObject","inLanguage":"lt-LT","@id":"https:\/\/www.malinashop.lt\/en\/#\/schema\/logo\/image\/","url":"https:\/\/www.malinashop.lt\/wp-content\/uploads\/2024\/08\/462559670_3787732518133670_9795632669273463_n-e1731525914575.png","contentUrl":"https:\/\/www.malinashop.lt\/wp-content\/uploads\/2024\/08\/462559670_3787732518133670_9795632669273463_n-e1731525914575.png","width":180,"height":60,"caption":"COM Group Ecommerce"},"image":{"@id":"https:\/\/www.malinashop.lt\/en\/#\/schema\/logo\/image\/"}}]}},"jetpack_sharing_enabled":true,"_links":{"self":[{"href":"https:\/\/www.malinashop.lt\/lt_lt\/wp-json\/wp\/v2\/product\/56722","targetHints":{"allow":["GET"]}}],"collection":[{"href":"https:\/\/www.malinashop.lt\/lt_lt\/wp-json\/wp\/v2\/product"}],"about":[{"href":"https:\/\/www.malinashop.lt\/lt_lt\/wp-json\/wp\/v2\/types\/product"}],"version-history":[{"count":1,"href":"https:\/\/www.malinashop.lt\/lt_lt\/wp-json\/wp\/v2\/product\/56722\/revisions"}],"predecessor-version":[{"id":56726,"href":"https:\/\/www.malinashop.lt\/lt_lt\/wp-json\/wp\/v2\/product\/56722\/revisions\/56726"}],"wp:featuredmedia":[{"embeddable":true,"href":"https:\/\/www.malinashop.lt\/lt_lt\/wp-json\/wp\/v2\/media\/56725"}],"wp:attachment":[{"href":"https:\/\/www.malinashop.lt\/lt_lt\/wp-json\/wp\/v2\/media?parent=56722"}],"wp:term":[{"taxonomy":"product_brand","embeddable":true,"href":"https:\/\/www.malinashop.lt\/lt_lt\/wp-json\/wp\/v2\/product_brand?post=56722"},{"taxonomy":"product_cat","embeddable":true,"href":"https:\/\/www.malinashop.lt\/lt_lt\/wp-json\/wp\/v2\/product_cat?post=56722"},{"taxonomy":"product_tag","embeddable":true,"href":"https:\/\/www.malinashop.lt\/lt_lt\/wp-json\/wp\/v2\/product_tag?post=56722"}],"curies":[{"name":"wp","href":"https:\/\/api.w.org\/{rel}","templated":true}]}}