{"id":56710,"date":"2025-09-25T19:27:29","date_gmt":"2025-09-25T16:27:29","guid":{"rendered":"https:\/\/malinashop.lt\/?post_type=product&#038;p=56710"},"modified":"2026-04-08T00:27:11","modified_gmt":"2026-04-07T21:27:11","slug":"arocell-hyal-b5-soothing-cream-veido-kremas-gelis-su-hialuronu-ir-b5-kompleksu-80-ml","status":"publish","type":"product","link":"https:\/\/www.malinashop.lt\/lt_lt\/shop\/arocell-hyal-b5-soothing-cream-veido-kremas-gelis-su-hialuronu-ir-b5-kompleksu-80-ml\/","title":{"rendered":"Arocell Hyal B5 Soothing Cream veido kremas-gelis su hialuronu ir B5 kompleksu \u2013 80 ml"},"content":{"rendered":"<p data-start=\"176\" data-end=\"219\"><strong data-start=\"176\" data-end=\"219\">Preki\u0173 i\u0161siuntimas per 1\u20133 darbo dienas<\/strong><\/p>\n<p data-start=\"221\" data-end=\"289\"><strong data-start=\"221\" data-end=\"289\">Gaivinamasis veido kremas su 4 \u017eingsni\u0173 dr\u0117kinimo sistema, 80 ml<\/strong><\/p>\n<p data-start=\"291\" data-end=\"540\">Lengvos gelin\u0117s tekst\u016bros kremas greitai \u012fsigeria ir suteikia akimirksniu juntam\u0105 v\u0117sos poj\u016bt\u012f. Formul\u0117 praturtinta liposominiais veikliaisiais komponentais bei nat\u016braliais raminan\u010diais ekstraktais, tod\u0117l idealiai tinka jautriai ar sudirgusiai odai.<\/p>\n<p data-start=\"542\" data-end=\"747\">4 pakop\u0173 dr\u0117kinimo sistema pastebimai padidina odos dr\u0117gm\u0117s lyg\u012f iki <strong data-start=\"611\" data-end=\"621\">+59,9%<\/strong>, stiprina nat\u016bral\u0173 odos barjer\u0105 (<strong data-start=\"655\" data-end=\"663\">+12%<\/strong>), saugo nuo dehidratacijos ir gali pad\u0117ti odai tapti stangresnei bei elastingesnei.<\/p>\n<hr data-start=\"749\" data-end=\"752\" \/>\n<h3 data-start=\"754\" data-end=\"789\">\ud83c\udf3f <strong data-start=\"761\" data-end=\"789\">Pagrindiniai privalumai:<\/strong><\/h3>\n<ul data-start=\"791\" data-end=\"1238\">\n<li data-start=\"791\" data-end=\"880\">\n<p data-start=\"793\" data-end=\"880\"><strong data-start=\"793\" data-end=\"817\">V\u0117sinantis poveikis:<\/strong> greitai \u012fsigerianti gelin\u0117 tekst\u016bra atgaivina ir ramina od\u0105.<\/p>\n<\/li>\n<li data-start=\"881\" data-end=\"972\">\n<p data-start=\"883\" data-end=\"972\"><strong data-start=\"883\" data-end=\"908\">Giluminis dr\u0117kinimas:<\/strong> pa\u017eangi dr\u0117kinimo sistema efektyviai palaiko dr\u0117gm\u0117s balans\u0105.<\/p>\n<\/li>\n<li data-start=\"973\" data-end=\"1059\">\n<p data-start=\"975\" data-end=\"1059\"><strong data-start=\"975\" data-end=\"996\">Ramina sudirgim\u0105:<\/strong> nat\u016bral\u016bs ekstraktai padeda suma\u017einti jautrum\u0105 ir paraudim\u0105.<\/p>\n<\/li>\n<li data-start=\"1060\" data-end=\"1158\">\n<p data-start=\"1062\" data-end=\"1158\"><strong data-start=\"1062\" data-end=\"1093\">Stiprina apsaugin\u012f barjer\u0105:<\/strong> ceramidai ir lipidai padeda atkurti odos apsaugines funkcijas.<\/p>\n<\/li>\n<li data-start=\"1159\" data-end=\"1238\">\n<p data-start=\"1161\" data-end=\"1238\"><strong data-start=\"1161\" data-end=\"1191\">Tinka visiems odos tipams:<\/strong> \u012fskaitant jautri\u0105, riebi\u0105 ar dehidratuot\u0105 od\u0105.<\/p>\n<\/li>\n<\/ul>\n<hr data-start=\"1240\" data-end=\"1243\" \/>\n<h3 data-start=\"1245\" data-end=\"1267\"><strong data-start=\"1252\" data-end=\"1267\">Naudojimas:<\/strong><\/h3>\n<p data-start=\"1269\" data-end=\"1381\">Tepkite krem\u0105 ant \u0161varios veido ir kaklo odos po serumo naudojimo. \u0160velniai \u012fmasa\u017euokite, kol visi\u0161kai susigers.<\/p>\n<hr data-start=\"1383\" data-end=\"1386\" \/>\n<h3 data-start=\"1388\" data-end=\"1409\">\u26a0\ufe0f <strong data-start=\"1395\" data-end=\"1409\">\u012esp\u0117jimai:<\/strong><\/h3>\n<ul data-start=\"1411\" data-end=\"1631\">\n<li data-start=\"1411\" data-end=\"1448\">\n<p data-start=\"1413\" data-end=\"1448\">Skirtas tik i\u0161oriniam naudojimui.<\/p>\n<\/li>\n<li data-start=\"1449\" data-end=\"1477\">\n<p data-start=\"1451\" data-end=\"1477\">Venkite patekimo \u012f akis.<\/p>\n<\/li>\n<li data-start=\"1478\" data-end=\"1547\">\n<p data-start=\"1480\" data-end=\"1547\">Jeigu atsiranda sudirgimas ar diskomfortas, nutraukite naudojim\u0105.<\/p>\n<\/li>\n<li data-start=\"1548\" data-end=\"1631\">\n<p data-start=\"1550\" data-end=\"1631\">Laikyti vaikams nepasiekiamoje vietoje. Saugoti nuo tiesiogini\u0173 saul\u0117s spinduli\u0173.<\/p>\n<\/li>\n<\/ul>\n<hr data-start=\"1633\" data-end=\"1636\" \/>\n<h3 data-start=\"1638\" data-end=\"1664\"><strong data-start=\"1645\" data-end=\"1664\">Sud\u0117tis (INCI):<\/strong><\/h3>\n<p data-start=\"1666\" data-end=\"2605\">Water (Aqua), Panthenol, Propanediol, Dicaprylyl Ether, Niacinamide, 1,2-Hexanediol, Butylene Glycol, Cetyl Ethylhexanoate, Acrylates\/C10-30 Alkyl Acrylate Crosspolymer, Tromethamine, Carbomer, Ethylhexylglycerin, Adenosine, Disodium EDTA, Glycerin, Hydrolyzed Hyaluronic Acid, Tocopherol, Hydrolyzed Acacia Macrostachya Seed Extract, Maltodextrin, Hibiscus Sabdariffa Flower Extract, Ceramide NP, Caprylic\/Capric Triglyceride, Dipropylene Glycol, Ammonium Acryloyldimethyltaurate\/VP Copolymer, Triethylhexanoin, Hydrogenated Lecithin, Cetearyl Alcohol, Hydrogenated Polydecene, Phospholipids, Squalane, Cholesterol, Polyglyceryl-10 Oleate, Asiaticoside, Phytosphingosine, Asiatic Acid, Madecassic Acid, Sodium Hyaluronate, Eucommia Ulmoides Bark Extract, Beta-Glucan, Hydroxypropyltrimonium Hyaluronate, Sodium Acetylated Hyaluronate, Hyaluronic Acid, Hydrolyzed Sodium Hyaluronate, Sodium Hyaluronate Crosspolymer, Potassium Hyaluronate.<\/p>\n<p data-start=\"2607\" data-end=\"2685\"><em data-start=\"2607\" data-end=\"2685\">Pastaba: sud\u0117tis gali keistis. Visada vadovaukit\u0117s informacija ant pakuot\u0117s.<\/em><\/p>\n","protected":false},"excerpt":{"rendered":"<p data-start=\"95\" data-end=\"234\">Veido kremas su AQUA TIGHT\u2122 kompleksu ir 11 r\u016b\u0161i\u0173 hialurono r\u016bg\u0161timis intensyviai dr\u0117kina od\u0105 ir stiprina jos apsaugin\u012f sluoksn\u012f i\u0161 vidaus.<\/p>\n","protected":false},"featured_media":56714,"template":"","meta":[],"product_brand":[1347],"product_cat":[562,187,827,728],"product_tag":[1590],"class_list":{"0":"post-56710","1":"product","2":"type-product","3":"status-publish","4":"has-post-thumbnail","6":"product_brand-arocell","7":"product_cat-sandelio-valymas","8":"product_cat-veido-kremai","9":"product_cat-veido-prieziuros-priemoniu-rinkiniai","10":"product_cat-veidui","11":"product_tag-arocell","13":"first","14":"instock","15":"sale","16":"taxable","17":"shipping-taxable","18":"purchasable","19":"product-type-simple"},"yoast_head":"<!-- This site is optimized with the Yoast SEO plugin v27.3 - https:\/\/yoast.com\/product\/yoast-seo-wordpress\/ -->\n<title>Arocell Hyal B5 Soothing Cream veido kremas-gelis su hialuronu ir B5 kompleksu \u2013 80 ml - MalinaShop.lt J\u016bs\u0173 sveikatai ir gro\u017eiui.<\/title>\n<meta name=\"description\" content=\"Veido kremas su AQUA TIGHT\u2122 kompleksu ir 11 r\u016b\u0161i\u0173 hialurono r\u016bg\u0161timis intensyviai dr\u0117kina od\u0105 ir stiprina jos apsaugin\u012f sluoksn\u012f i\u0161 vidaus. Gaivinamasis gelinis veido kremas visiems odos tipams su v\u0117sinan\u010diu ir dr\u0117kinamuoju poveikiu.\" \/>\n<meta name=\"robots\" content=\"index, follow, max-snippet:-1, max-image-preview:large, max-video-preview:-1\" \/>\n<link rel=\"canonical\" href=\"https:\/\/www.malinashop.lt\/lt_lt\/shop\/arocell-hyal-b5-soothing-cream-veido-kremas-gelis-su-hialuronu-ir-b5-kompleksu-80-ml\/\" \/>\n<meta property=\"og:locale\" content=\"lt_LT\" \/>\n<meta property=\"og:type\" content=\"article\" \/>\n<meta property=\"og:title\" content=\"Arocell Hyal B5 Soothing Cream veido kremas-gelis su hialuronu ir B5 kompleksu \u2013 80 ml - MalinaShop.lt J\u016bs\u0173 sveikatai ir gro\u017eiui.\" \/>\n<meta property=\"og:description\" content=\"Veido kremas su AQUA TIGHT\u2122 kompleksu ir 11 r\u016b\u0161i\u0173 hialurono r\u016bg\u0161timis intensyviai dr\u0117kina od\u0105 ir stiprina jos apsaugin\u012f sluoksn\u012f i\u0161 vidaus. Gaivinamasis gelinis veido kremas visiems odos tipams su v\u0117sinan\u010diu ir dr\u0117kinamuoju poveikiu.\" \/>\n<meta property=\"og:url\" content=\"https:\/\/www.malinashop.lt\/lt_lt\/shop\/arocell-hyal-b5-soothing-cream-veido-kremas-gelis-su-hialuronu-ir-b5-kompleksu-80-ml\/\" \/>\n<meta property=\"og:site_name\" content=\"MalinaShop.lt J\u016bs\u0173 sveikatai ir gro\u017eiui.\" \/>\n<meta property=\"article:modified_time\" content=\"2026-04-07T21:27:11+00:00\" \/>\n<meta property=\"og:image\" content=\"https:\/\/www.malinashop.lt\/wp-content\/uploads\/2025\/06\/Arocell-Hyal-B5-Soothing-Cream-veido-kremas-gelis-su-hialuronu-ir-B5-kompleksu-\u2013-80-ml.webp\" \/>\n\t<meta property=\"og:image:width\" content=\"768\" \/>\n\t<meta property=\"og:image:height\" content=\"768\" \/>\n\t<meta property=\"og:image:type\" content=\"image\/webp\" \/>\n<meta name=\"twitter:card\" content=\"summary_large_image\" \/>\n<script type=\"application\/ld+json\" class=\"yoast-schema-graph\">{\"@context\":\"https:\\\/\\\/schema.org\",\"@graph\":[{\"@type\":\"WebPage\",\"@id\":\"https:\\\/\\\/www.malinashop.lt\\\/lt_lt\\\/shop\\\/arocell-hyal-b5-soothing-cream-veido-kremas-gelis-su-hialuronu-ir-b5-kompleksu-80-ml\\\/\",\"url\":\"https:\\\/\\\/www.malinashop.lt\\\/lt_lt\\\/shop\\\/arocell-hyal-b5-soothing-cream-veido-kremas-gelis-su-hialuronu-ir-b5-kompleksu-80-ml\\\/\",\"name\":\"Arocell Hyal B5 Soothing Cream veido kremas-gelis su hialuronu ir B5 kompleksu \u2013 80 ml - MalinaShop.lt J\u016bs\u0173 sveikatai ir gro\u017eiui.\",\"isPartOf\":{\"@id\":\"https:\\\/\\\/www.malinashop.lt\\\/en\\\/#website\"},\"primaryImageOfPage\":{\"@id\":\"https:\\\/\\\/www.malinashop.lt\\\/lt_lt\\\/shop\\\/arocell-hyal-b5-soothing-cream-veido-kremas-gelis-su-hialuronu-ir-b5-kompleksu-80-ml\\\/#primaryimage\"},\"image\":{\"@id\":\"https:\\\/\\\/www.malinashop.lt\\\/lt_lt\\\/shop\\\/arocell-hyal-b5-soothing-cream-veido-kremas-gelis-su-hialuronu-ir-b5-kompleksu-80-ml\\\/#primaryimage\"},\"thumbnailUrl\":\"https:\\\/\\\/www.malinashop.lt\\\/wp-content\\\/uploads\\\/2025\\\/06\\\/Arocell-Hyal-B5-Soothing-Cream-veido-kremas-gelis-su-hialuronu-ir-B5-kompleksu-\u2013-80-ml.webp\",\"datePublished\":\"2025-09-25T16:27:29+00:00\",\"dateModified\":\"2026-04-07T21:27:11+00:00\",\"description\":\"Veido kremas su AQUA TIGHT\u2122 kompleksu ir 11 r\u016b\u0161i\u0173 hialurono r\u016bg\u0161timis intensyviai dr\u0117kina od\u0105 ir stiprina jos apsaugin\u012f sluoksn\u012f i\u0161 vidaus. Gaivinamasis gelinis veido kremas visiems odos tipams su v\u0117sinan\u010diu ir dr\u0117kinamuoju poveikiu.\",\"breadcrumb\":{\"@id\":\"https:\\\/\\\/www.malinashop.lt\\\/lt_lt\\\/shop\\\/arocell-hyal-b5-soothing-cream-veido-kremas-gelis-su-hialuronu-ir-b5-kompleksu-80-ml\\\/#breadcrumb\"},\"inLanguage\":\"lt-LT\",\"potentialAction\":[{\"@type\":\"ReadAction\",\"target\":[\"https:\\\/\\\/www.malinashop.lt\\\/lt_lt\\\/shop\\\/arocell-hyal-b5-soothing-cream-veido-kremas-gelis-su-hialuronu-ir-b5-kompleksu-80-ml\\\/\"]}]},{\"@type\":\"ImageObject\",\"inLanguage\":\"lt-LT\",\"@id\":\"https:\\\/\\\/www.malinashop.lt\\\/lt_lt\\\/shop\\\/arocell-hyal-b5-soothing-cream-veido-kremas-gelis-su-hialuronu-ir-b5-kompleksu-80-ml\\\/#primaryimage\",\"url\":\"https:\\\/\\\/www.malinashop.lt\\\/wp-content\\\/uploads\\\/2025\\\/06\\\/Arocell-Hyal-B5-Soothing-Cream-veido-kremas-gelis-su-hialuronu-ir-B5-kompleksu-\u2013-80-ml.webp\",\"contentUrl\":\"https:\\\/\\\/www.malinashop.lt\\\/wp-content\\\/uploads\\\/2025\\\/06\\\/Arocell-Hyal-B5-Soothing-Cream-veido-kremas-gelis-su-hialuronu-ir-B5-kompleksu-\u2013-80-ml.webp\",\"width\":768,\"height\":768},{\"@type\":\"BreadcrumbList\",\"@id\":\"https:\\\/\\\/www.malinashop.lt\\\/lt_lt\\\/shop\\\/arocell-hyal-b5-soothing-cream-veido-kremas-gelis-su-hialuronu-ir-b5-kompleksu-80-ml\\\/#breadcrumb\",\"itemListElement\":[{\"@type\":\"ListItem\",\"position\":1,\"name\":\"Home\",\"item\":\"https:\\\/\\\/www.malinashop.lt\\\/en\\\/\"},{\"@type\":\"ListItem\",\"position\":2,\"name\":\"Parduotuv\u0117\",\"item\":\"https:\\\/\\\/www.malinashop.lt\\\/en\\\/parduotuve\\\/\"},{\"@type\":\"ListItem\",\"position\":3,\"name\":\"Arocell Hyal B5 Soothing Cream veido kremas-gelis su hialuronu ir B5 kompleksu \u2013 80 ml\"}]},{\"@type\":\"WebSite\",\"@id\":\"https:\\\/\\\/www.malinashop.lt\\\/en\\\/#website\",\"url\":\"https:\\\/\\\/www.malinashop.lt\\\/en\\\/\",\"name\":\"COM Group Ecommerce\",\"description\":\"MalinaShop.lt - Gro\u017eio ir sveikatos produktai i\u0161 patikim\u0173 preki\u0173 \u017eenkl\u0173. Atraskite auk\u0161tos kokyb\u0117s kosmetik\u0105 u\u017e puiki\u0105 kain\u0105.\",\"publisher\":{\"@id\":\"https:\\\/\\\/www.malinashop.lt\\\/en\\\/#organization\"},\"potentialAction\":[{\"@type\":\"SearchAction\",\"target\":{\"@type\":\"EntryPoint\",\"urlTemplate\":\"https:\\\/\\\/www.malinashop.lt\\\/en\\\/?s={search_term_string}\"},\"query-input\":{\"@type\":\"PropertyValueSpecification\",\"valueRequired\":true,\"valueName\":\"search_term_string\"}}],\"inLanguage\":\"lt-LT\"},{\"@type\":\"Organization\",\"@id\":\"https:\\\/\\\/www.malinashop.lt\\\/en\\\/#organization\",\"name\":\"COM Group Ecommerce\",\"url\":\"https:\\\/\\\/www.malinashop.lt\\\/en\\\/\",\"logo\":{\"@type\":\"ImageObject\",\"inLanguage\":\"lt-LT\",\"@id\":\"https:\\\/\\\/www.malinashop.lt\\\/en\\\/#\\\/schema\\\/logo\\\/image\\\/\",\"url\":\"https:\\\/\\\/www.malinashop.lt\\\/wp-content\\\/uploads\\\/2024\\\/08\\\/462559670_3787732518133670_9795632669273463_n-e1731525914575.png\",\"contentUrl\":\"https:\\\/\\\/www.malinashop.lt\\\/wp-content\\\/uploads\\\/2024\\\/08\\\/462559670_3787732518133670_9795632669273463_n-e1731525914575.png\",\"width\":180,\"height\":60,\"caption\":\"COM Group Ecommerce\"},\"image\":{\"@id\":\"https:\\\/\\\/www.malinashop.lt\\\/en\\\/#\\\/schema\\\/logo\\\/image\\\/\"}}]}<\/script>\n<!-- \/ Yoast SEO plugin. -->","yoast_head_json":{"title":"Arocell Hyal B5 Soothing Cream veido kremas-gelis su hialuronu ir B5 kompleksu \u2013 80 ml - MalinaShop.lt J\u016bs\u0173 sveikatai ir gro\u017eiui.","description":"Veido kremas su AQUA TIGHT\u2122 kompleksu ir 11 r\u016b\u0161i\u0173 hialurono r\u016bg\u0161timis intensyviai dr\u0117kina od\u0105 ir stiprina jos apsaugin\u012f sluoksn\u012f i\u0161 vidaus. Gaivinamasis gelinis veido kremas visiems odos tipams su v\u0117sinan\u010diu ir dr\u0117kinamuoju poveikiu.","robots":{"index":"index","follow":"follow","max-snippet":"max-snippet:-1","max-image-preview":"max-image-preview:large","max-video-preview":"max-video-preview:-1"},"canonical":"https:\/\/www.malinashop.lt\/lt_lt\/shop\/arocell-hyal-b5-soothing-cream-veido-kremas-gelis-su-hialuronu-ir-b5-kompleksu-80-ml\/","og_locale":"lt_LT","og_type":"article","og_title":"Arocell Hyal B5 Soothing Cream veido kremas-gelis su hialuronu ir B5 kompleksu \u2013 80 ml - MalinaShop.lt J\u016bs\u0173 sveikatai ir gro\u017eiui.","og_description":"Veido kremas su AQUA TIGHT\u2122 kompleksu ir 11 r\u016b\u0161i\u0173 hialurono r\u016bg\u0161timis intensyviai dr\u0117kina od\u0105 ir stiprina jos apsaugin\u012f sluoksn\u012f i\u0161 vidaus. Gaivinamasis gelinis veido kremas visiems odos tipams su v\u0117sinan\u010diu ir dr\u0117kinamuoju poveikiu.","og_url":"https:\/\/www.malinashop.lt\/lt_lt\/shop\/arocell-hyal-b5-soothing-cream-veido-kremas-gelis-su-hialuronu-ir-b5-kompleksu-80-ml\/","og_site_name":"MalinaShop.lt J\u016bs\u0173 sveikatai ir gro\u017eiui.","article_modified_time":"2026-04-07T21:27:11+00:00","og_image":[{"width":768,"height":768,"url":"https:\/\/www.malinashop.lt\/wp-content\/uploads\/2025\/06\/Arocell-Hyal-B5-Soothing-Cream-veido-kremas-gelis-su-hialuronu-ir-B5-kompleksu-\u2013-80-ml.webp","type":"image\/webp"}],"twitter_card":"summary_large_image","schema":{"@context":"https:\/\/schema.org","@graph":[{"@type":"WebPage","@id":"https:\/\/www.malinashop.lt\/lt_lt\/shop\/arocell-hyal-b5-soothing-cream-veido-kremas-gelis-su-hialuronu-ir-b5-kompleksu-80-ml\/","url":"https:\/\/www.malinashop.lt\/lt_lt\/shop\/arocell-hyal-b5-soothing-cream-veido-kremas-gelis-su-hialuronu-ir-b5-kompleksu-80-ml\/","name":"Arocell Hyal B5 Soothing Cream veido kremas-gelis su hialuronu ir B5 kompleksu \u2013 80 ml - MalinaShop.lt J\u016bs\u0173 sveikatai ir gro\u017eiui.","isPartOf":{"@id":"https:\/\/www.malinashop.lt\/en\/#website"},"primaryImageOfPage":{"@id":"https:\/\/www.malinashop.lt\/lt_lt\/shop\/arocell-hyal-b5-soothing-cream-veido-kremas-gelis-su-hialuronu-ir-b5-kompleksu-80-ml\/#primaryimage"},"image":{"@id":"https:\/\/www.malinashop.lt\/lt_lt\/shop\/arocell-hyal-b5-soothing-cream-veido-kremas-gelis-su-hialuronu-ir-b5-kompleksu-80-ml\/#primaryimage"},"thumbnailUrl":"https:\/\/www.malinashop.lt\/wp-content\/uploads\/2025\/06\/Arocell-Hyal-B5-Soothing-Cream-veido-kremas-gelis-su-hialuronu-ir-B5-kompleksu-\u2013-80-ml.webp","datePublished":"2025-09-25T16:27:29+00:00","dateModified":"2026-04-07T21:27:11+00:00","description":"Veido kremas su AQUA TIGHT\u2122 kompleksu ir 11 r\u016b\u0161i\u0173 hialurono r\u016bg\u0161timis intensyviai dr\u0117kina od\u0105 ir stiprina jos apsaugin\u012f sluoksn\u012f i\u0161 vidaus. Gaivinamasis gelinis veido kremas visiems odos tipams su v\u0117sinan\u010diu ir dr\u0117kinamuoju poveikiu.","breadcrumb":{"@id":"https:\/\/www.malinashop.lt\/lt_lt\/shop\/arocell-hyal-b5-soothing-cream-veido-kremas-gelis-su-hialuronu-ir-b5-kompleksu-80-ml\/#breadcrumb"},"inLanguage":"lt-LT","potentialAction":[{"@type":"ReadAction","target":["https:\/\/www.malinashop.lt\/lt_lt\/shop\/arocell-hyal-b5-soothing-cream-veido-kremas-gelis-su-hialuronu-ir-b5-kompleksu-80-ml\/"]}]},{"@type":"ImageObject","inLanguage":"lt-LT","@id":"https:\/\/www.malinashop.lt\/lt_lt\/shop\/arocell-hyal-b5-soothing-cream-veido-kremas-gelis-su-hialuronu-ir-b5-kompleksu-80-ml\/#primaryimage","url":"https:\/\/www.malinashop.lt\/wp-content\/uploads\/2025\/06\/Arocell-Hyal-B5-Soothing-Cream-veido-kremas-gelis-su-hialuronu-ir-B5-kompleksu-\u2013-80-ml.webp","contentUrl":"https:\/\/www.malinashop.lt\/wp-content\/uploads\/2025\/06\/Arocell-Hyal-B5-Soothing-Cream-veido-kremas-gelis-su-hialuronu-ir-B5-kompleksu-\u2013-80-ml.webp","width":768,"height":768},{"@type":"BreadcrumbList","@id":"https:\/\/www.malinashop.lt\/lt_lt\/shop\/arocell-hyal-b5-soothing-cream-veido-kremas-gelis-su-hialuronu-ir-b5-kompleksu-80-ml\/#breadcrumb","itemListElement":[{"@type":"ListItem","position":1,"name":"Home","item":"https:\/\/www.malinashop.lt\/en\/"},{"@type":"ListItem","position":2,"name":"Parduotuv\u0117","item":"https:\/\/www.malinashop.lt\/en\/parduotuve\/"},{"@type":"ListItem","position":3,"name":"Arocell Hyal B5 Soothing Cream veido kremas-gelis su hialuronu ir B5 kompleksu \u2013 80 ml"}]},{"@type":"WebSite","@id":"https:\/\/www.malinashop.lt\/en\/#website","url":"https:\/\/www.malinashop.lt\/en\/","name":"COM Group Ecommerce","description":"MalinaShop.lt - Gro\u017eio ir sveikatos produktai i\u0161 patikim\u0173 preki\u0173 \u017eenkl\u0173. Atraskite auk\u0161tos kokyb\u0117s kosmetik\u0105 u\u017e puiki\u0105 kain\u0105.","publisher":{"@id":"https:\/\/www.malinashop.lt\/en\/#organization"},"potentialAction":[{"@type":"SearchAction","target":{"@type":"EntryPoint","urlTemplate":"https:\/\/www.malinashop.lt\/en\/?s={search_term_string}"},"query-input":{"@type":"PropertyValueSpecification","valueRequired":true,"valueName":"search_term_string"}}],"inLanguage":"lt-LT"},{"@type":"Organization","@id":"https:\/\/www.malinashop.lt\/en\/#organization","name":"COM Group Ecommerce","url":"https:\/\/www.malinashop.lt\/en\/","logo":{"@type":"ImageObject","inLanguage":"lt-LT","@id":"https:\/\/www.malinashop.lt\/en\/#\/schema\/logo\/image\/","url":"https:\/\/www.malinashop.lt\/wp-content\/uploads\/2024\/08\/462559670_3787732518133670_9795632669273463_n-e1731525914575.png","contentUrl":"https:\/\/www.malinashop.lt\/wp-content\/uploads\/2024\/08\/462559670_3787732518133670_9795632669273463_n-e1731525914575.png","width":180,"height":60,"caption":"COM Group Ecommerce"},"image":{"@id":"https:\/\/www.malinashop.lt\/en\/#\/schema\/logo\/image\/"}}]}},"jetpack_sharing_enabled":true,"_links":{"self":[{"href":"https:\/\/www.malinashop.lt\/lt_lt\/wp-json\/wp\/v2\/product\/56710","targetHints":{"allow":["GET"]}}],"collection":[{"href":"https:\/\/www.malinashop.lt\/lt_lt\/wp-json\/wp\/v2\/product"}],"about":[{"href":"https:\/\/www.malinashop.lt\/lt_lt\/wp-json\/wp\/v2\/types\/product"}],"version-history":[{"count":1,"href":"https:\/\/www.malinashop.lt\/lt_lt\/wp-json\/wp\/v2\/product\/56710\/revisions"}],"predecessor-version":[{"id":56715,"href":"https:\/\/www.malinashop.lt\/lt_lt\/wp-json\/wp\/v2\/product\/56710\/revisions\/56715"}],"wp:featuredmedia":[{"embeddable":true,"href":"https:\/\/www.malinashop.lt\/lt_lt\/wp-json\/wp\/v2\/media\/56714"}],"wp:attachment":[{"href":"https:\/\/www.malinashop.lt\/lt_lt\/wp-json\/wp\/v2\/media?parent=56710"}],"wp:term":[{"taxonomy":"product_brand","embeddable":true,"href":"https:\/\/www.malinashop.lt\/lt_lt\/wp-json\/wp\/v2\/product_brand?post=56710"},{"taxonomy":"product_cat","embeddable":true,"href":"https:\/\/www.malinashop.lt\/lt_lt\/wp-json\/wp\/v2\/product_cat?post=56710"},{"taxonomy":"product_tag","embeddable":true,"href":"https:\/\/www.malinashop.lt\/lt_lt\/wp-json\/wp\/v2\/product_tag?post=56710"}],"curies":[{"name":"wp","href":"https:\/\/api.w.org\/{rel}","templated":true}]}}