{"id":56688,"date":"2025-06-15T19:11:32","date_gmt":"2025-06-15T16:11:32","guid":{"rendered":"https:\/\/malinashop.lt\/?post_type=product&#038;p=56688"},"modified":"2026-02-10T11:50:09","modified_gmt":"2026-02-10T08:50:09","slug":"arocell-botulcare-ex-rinkinys-su-botulino-peptidais-be-adatu","status":"publish","type":"product","link":"https:\/\/www.malinashop.lt\/lt_lt\/shop\/arocell-botulcare-ex-rinkinys-su-botulino-peptidais-be-adatu\/","title":{"rendered":"AROCell Botulcare Ex rinkinys su botulino peptidais be adat\u0173"},"content":{"rendered":"<p data-start=\"160\" data-end=\"203\"><strong data-start=\"160\" data-end=\"203\">Prek\u0117s i\u0161siuntimas per 2\u20134 darbo dienas<\/strong><\/p>\n<p data-start=\"205\" data-end=\"313\"><strong data-start=\"205\" data-end=\"313\">Beadatin\u0117 botulino sistema su MTD technologija \u2013 intensyvus rauk\u0161li\u0173 korekcijos kompleksas (14 x 1,5 ml)<\/strong><\/p>\n<p data-start=\"315\" data-end=\"585\">Inovatyvus sprendimas, skirtas efektyviam mimikos rauk\u0161li\u0173 ma\u017einimui ir odos stangrumo atk\u016brimui \u2013 tai beadatin\u0117 botulino sistema, praturtinta pa\u017eangia MTD technologija. \u0160velnios tekst\u016bros, greitai \u012fsigerian\u010dios ampul\u0117s puikiai tinka kasdienei brand\u017eios odos prie\u017ei\u016brai.<\/p>\n<hr data-start=\"587\" data-end=\"590\" \/>\n<h3 data-start=\"592\" data-end=\"627\">\ud83c\udf3f <strong data-start=\"599\" data-end=\"627\">Pagrindiniai privalumai:<\/strong><\/h3>\n<ul data-start=\"629\" data-end=\"1107\">\n<li data-start=\"629\" data-end=\"719\">\n<p data-start=\"631\" data-end=\"719\"><strong data-start=\"631\" data-end=\"652\">Botulino peptidai<\/strong> \u2013 padeda atpalaiduoti mikro\u012ftempimus ir ma\u017eina mimikos rauk\u0161les.<\/p>\n<\/li>\n<li data-start=\"720\" data-end=\"846\">\n<p data-start=\"722\" data-end=\"846\"><strong data-start=\"722\" data-end=\"767\">Ma\u017eos molekulin\u0117s mas\u0117s hialurono r\u016bg\u0161tis<\/strong> \u2013 intensyviai dr\u0117kina, u\u017epildo rauk\u0161les i\u0161 vidaus, skatina kolageno sintez\u0119.<\/p>\n<\/li>\n<li data-start=\"847\" data-end=\"919\">\n<p data-start=\"849\" data-end=\"919\"><strong data-start=\"849\" data-end=\"863\">Adenozinas<\/strong> \u2013 gerina odos tekst\u016br\u0105, tonus\u0105, ma\u017eina rauk\u0161li\u0173 gyl\u012f.<\/p>\n<\/li>\n<li data-start=\"920\" data-end=\"1027\">\n<p data-start=\"922\" data-end=\"1027\"><strong data-start=\"922\" data-end=\"942\">MTD technologija<\/strong> \u2013 u\u017etikrina efektyv\u0173 veikli\u0173j\u0173 med\u017eiag\u0173 \u012fsiskverbim\u0105 \u012f giliuosius odos sluoksnius.<\/p>\n<\/li>\n<li data-start=\"1028\" data-end=\"1107\">\n<p data-start=\"1030\" data-end=\"1107\"><strong data-start=\"1030\" data-end=\"1050\">Ampuli\u0173 tekst\u016bra<\/strong> \u2013 bekvap\u0117, lengva, itin koncentruota, puikiai susigeria.<\/p>\n<\/li>\n<\/ul>\n<hr data-start=\"1109\" data-end=\"1112\" \/>\n<h3 data-start=\"1114\" data-end=\"1136\">\ud83e\uddf4 <strong data-start=\"1121\" data-end=\"1136\">Naudojimas:<\/strong><\/h3>\n<ol data-start=\"1138\" data-end=\"1460\">\n<li data-start=\"1138\" data-end=\"1197\">\n<p data-start=\"1141\" data-end=\"1197\"><strong data-start=\"1141\" data-end=\"1163\">Atidarykite ampul\u0119<\/strong> \u2013 nulau\u017ekite vir\u0161\u016bn\u0119 atsargiai.<\/p>\n<\/li>\n<li data-start=\"1198\" data-end=\"1317\">\n<p data-start=\"1201\" data-end=\"1317\"><strong data-start=\"1201\" data-end=\"1212\">Tepkite<\/strong> \u2013 \u0161variais pir\u0161t\u0173 galiukais paskirstykite turin\u012f ant sausos odos (kakta, aplink akis, l\u016bp\u0173 kampu\u010diai).<\/p>\n<\/li>\n<li data-start=\"1318\" data-end=\"1410\">\n<p data-start=\"1321\" data-end=\"1410\"><strong data-start=\"1321\" data-end=\"1337\">\u012emasa\u017euokite<\/strong> \u2013 \u0161velniais sukamaisiais judesiais \u012fmasa\u017euokite, kol visi\u0161kai \u012fsigers.<\/p>\n<\/li>\n<li data-start=\"1411\" data-end=\"1460\">\n<p data-start=\"1414\" data-end=\"1460\"><strong data-start=\"1414\" data-end=\"1427\">U\u017ebaikite<\/strong> \u2013 naudokite \u012fprast\u0105 veido krem\u0105.<\/p>\n<\/li>\n<\/ol>\n<hr data-start=\"1462\" data-end=\"1465\" \/>\n<h3 data-start=\"1467\" data-end=\"1488\">\u26a0\ufe0f <strong data-start=\"1474\" data-end=\"1488\">\u012esp\u0117jimai:<\/strong><\/h3>\n<ul data-start=\"1490\" data-end=\"1801\">\n<li data-start=\"1490\" data-end=\"1626\">\n<p data-start=\"1492\" data-end=\"1626\">Jei atsiranda dirginimas, paraudimas, nie\u017e\u0117jimas ar kiti nepageidaujami simptomai, nutraukite naudojim\u0105 ir kreipkit\u0117s \u012f specialist\u0105.<\/p>\n<\/li>\n<li data-start=\"1627\" data-end=\"1675\">\n<p data-start=\"1629\" data-end=\"1675\">Nenaudokite ant pa\u017eeistos, sudirgusios odos.<\/p>\n<\/li>\n<li data-start=\"1676\" data-end=\"1759\">\n<p data-start=\"1678\" data-end=\"1759\">Laikykite v\u0117sioje, sausoje vietoje, saugokite nuo tiesiogini\u0173 saul\u0117s spinduli\u0173.<\/p>\n<\/li>\n<li data-start=\"1760\" data-end=\"1801\">\n<p data-start=\"1762\" data-end=\"1801\">Laikyti vaikams nepasiekiamoje vietoje.<\/p>\n<\/li>\n<\/ul>\n<hr data-start=\"1803\" data-end=\"1806\" \/>\n<h3 data-start=\"1808\" data-end=\"1834\"><strong data-start=\"1815\" data-end=\"1834\">Sud\u0117tis (INCI):<\/strong><\/h3>\n<p data-start=\"1836\" data-end=\"2863\">Water (Aqua), Panthenol, Methylpropanediol, Propanediol, Niacinamide, Glycerin, 1,2-Hexanediol, Hydrolyzed Hyaluronic Acid, C12-14 Pareth-12, Xylitol, Tromethamine, Carbomer, Ethylhexylglycerin, Xanthan Gum, Adenosine, Disodium EDTA, Sodium Hyaluronate Crosspolymer, Hydrolyzed Glycosaminoglycans, Sodium Hyaluronate, Acetyl Glucosamine, Benzyl Glycol, Nicotiana Sylvestris Leaf Cell Culture, Lotus Japonicus Somatic Embryo Extract, Hydrolyzed Sodium Hyaluronate, Helianthus Annuus (Sunflower) Seed Oil, Sodium Chloride, Hydrogenated Lecithin, Cetearyl Alcohol, Hydroxypropyltrimonium Hyaluronate, Stearic Acid, Hyaluronic Acid, Disodium Phosphate, Methiony R-Clostridium Botulinum Polypeptide-1 Hexapeptide-40, Lupinus Albus Seed Extract, Butylene Glycol, Potassium Phosphate, Potassium Chloride, Sodium DNA, Ceramide NP, Hydroxyethylcellulose, Hydrolyzed Collagen, Punica Granatum Fruit Extract, Ceramide NS, Phytosphingosine, Cholesterol, Tocopherol, Copper Tripeptide-1, Ceramide AS, Ceramide AP, Ceramide EOP, Resveratrol.<\/p>\n<p data-start=\"2865\" data-end=\"2947\"><em data-start=\"2865\" data-end=\"2947\">Pastaba: sud\u0117tis gali b\u016bti kei\u010diama. Visuomet vadovaukit\u0117s etikete ant pakuot\u0117s.<\/em><\/p>\n","protected":false},"excerpt":{"rendered":"<p>Intensyvus sen\u0117jimo po\u017eymi\u0173 ma\u017einimas be invazini\u0173 proced\u016br\u0173.<\/p>\n","protected":false},"featured_media":56692,"template":"","meta":[],"product_brand":[1347],"product_cat":[827,550,728],"product_tag":[1590],"class_list":{"0":"post-56688","1":"product","2":"type-product","3":"status-publish","4":"has-post-thumbnail","6":"product_brand-arocell","7":"product_cat-veido-prieziuros-priemoniu-rinkiniai","8":"product_cat-veido-serumai","9":"product_cat-veidui","10":"product_tag-arocell","12":"first","13":"outofstock","14":"sale","15":"taxable","16":"shipping-taxable","17":"purchasable","18":"product-type-simple"},"yoast_head":"<!-- This site is optimized with the Yoast SEO plugin v27.4 - https:\/\/yoast.com\/product\/yoast-seo-wordpress\/ -->\n<title>AROCell Botulcare Ex rinkinys su botulino peptidais be adat\u0173 - MalinaShop.lt J\u016bs\u0173 sveikatai ir gro\u017eiui.<\/title>\n<meta name=\"description\" content=\"Intensyvus sen\u0117jimo po\u017eymi\u0173 ma\u017einimas be invazini\u0173 proced\u016br\u0173. Botulino sistema su peptidais ir MTD technologija \u2013 odos stangrumui ir rauk\u0161li\u0173 ma\u017einimui be injekcij\u0173.\" \/>\n<meta name=\"robots\" content=\"index, follow, max-snippet:-1, max-image-preview:large, max-video-preview:-1\" \/>\n<link rel=\"canonical\" href=\"https:\/\/www.malinashop.lt\/lt_lt\/shop\/arocell-botulcare-ex-rinkinys-su-botulino-peptidais-be-adatu\/\" \/>\n<meta property=\"og:locale\" content=\"lt_LT\" \/>\n<meta property=\"og:type\" content=\"article\" \/>\n<meta property=\"og:title\" content=\"AROCell Botulcare Ex rinkinys su botulino peptidais be adat\u0173 - MalinaShop.lt J\u016bs\u0173 sveikatai ir gro\u017eiui.\" \/>\n<meta property=\"og:description\" content=\"Intensyvus sen\u0117jimo po\u017eymi\u0173 ma\u017einimas be invazini\u0173 proced\u016br\u0173. Botulino sistema su peptidais ir MTD technologija \u2013 odos stangrumui ir rauk\u0161li\u0173 ma\u017einimui be injekcij\u0173.\" \/>\n<meta property=\"og:url\" content=\"https:\/\/www.malinashop.lt\/lt_lt\/shop\/arocell-botulcare-ex-rinkinys-su-botulino-peptidais-be-adatu\/\" \/>\n<meta property=\"og:site_name\" content=\"MalinaShop.lt J\u016bs\u0173 sveikatai ir gro\u017eiui.\" \/>\n<meta property=\"article:modified_time\" content=\"2026-02-10T08:50:09+00:00\" \/>\n<meta property=\"og:image\" content=\"https:\/\/www.malinashop.lt\/wp-content\/uploads\/2025\/06\/AROCell-Botulcare-Ex-rinkinys-su-botulino-peptidais-be-adatu.webp\" \/>\n\t<meta property=\"og:image:width\" content=\"768\" \/>\n\t<meta property=\"og:image:height\" content=\"768\" \/>\n\t<meta property=\"og:image:type\" content=\"image\/webp\" \/>\n<meta name=\"twitter:card\" content=\"summary_large_image\" \/>\n<script type=\"application\/ld+json\" class=\"yoast-schema-graph\">{\"@context\":\"https:\\\/\\\/schema.org\",\"@graph\":[{\"@type\":\"WebPage\",\"@id\":\"https:\\\/\\\/www.malinashop.lt\\\/lt_lt\\\/shop\\\/arocell-botulcare-ex-rinkinys-su-botulino-peptidais-be-adatu\\\/\",\"url\":\"https:\\\/\\\/www.malinashop.lt\\\/lt_lt\\\/shop\\\/arocell-botulcare-ex-rinkinys-su-botulino-peptidais-be-adatu\\\/\",\"name\":\"AROCell Botulcare Ex rinkinys su botulino peptidais be adat\u0173 - MalinaShop.lt J\u016bs\u0173 sveikatai ir gro\u017eiui.\",\"isPartOf\":{\"@id\":\"https:\\\/\\\/www.malinashop.lt\\\/en\\\/#website\"},\"primaryImageOfPage\":{\"@id\":\"https:\\\/\\\/www.malinashop.lt\\\/lt_lt\\\/shop\\\/arocell-botulcare-ex-rinkinys-su-botulino-peptidais-be-adatu\\\/#primaryimage\"},\"image\":{\"@id\":\"https:\\\/\\\/www.malinashop.lt\\\/lt_lt\\\/shop\\\/arocell-botulcare-ex-rinkinys-su-botulino-peptidais-be-adatu\\\/#primaryimage\"},\"thumbnailUrl\":\"https:\\\/\\\/www.malinashop.lt\\\/wp-content\\\/uploads\\\/2025\\\/06\\\/AROCell-Botulcare-Ex-rinkinys-su-botulino-peptidais-be-adatu.webp\",\"datePublished\":\"2025-06-15T16:11:32+00:00\",\"dateModified\":\"2026-02-10T08:50:09+00:00\",\"description\":\"Intensyvus sen\u0117jimo po\u017eymi\u0173 ma\u017einimas be invazini\u0173 proced\u016br\u0173. Botulino sistema su peptidais ir MTD technologija \u2013 odos stangrumui ir rauk\u0161li\u0173 ma\u017einimui be injekcij\u0173.\",\"breadcrumb\":{\"@id\":\"https:\\\/\\\/www.malinashop.lt\\\/lt_lt\\\/shop\\\/arocell-botulcare-ex-rinkinys-su-botulino-peptidais-be-adatu\\\/#breadcrumb\"},\"inLanguage\":\"lt-LT\",\"potentialAction\":[{\"@type\":\"ReadAction\",\"target\":[\"https:\\\/\\\/www.malinashop.lt\\\/lt_lt\\\/shop\\\/arocell-botulcare-ex-rinkinys-su-botulino-peptidais-be-adatu\\\/\"]}]},{\"@type\":\"ImageObject\",\"inLanguage\":\"lt-LT\",\"@id\":\"https:\\\/\\\/www.malinashop.lt\\\/lt_lt\\\/shop\\\/arocell-botulcare-ex-rinkinys-su-botulino-peptidais-be-adatu\\\/#primaryimage\",\"url\":\"https:\\\/\\\/www.malinashop.lt\\\/wp-content\\\/uploads\\\/2025\\\/06\\\/AROCell-Botulcare-Ex-rinkinys-su-botulino-peptidais-be-adatu.webp\",\"contentUrl\":\"https:\\\/\\\/www.malinashop.lt\\\/wp-content\\\/uploads\\\/2025\\\/06\\\/AROCell-Botulcare-Ex-rinkinys-su-botulino-peptidais-be-adatu.webp\",\"width\":768,\"height\":768},{\"@type\":\"BreadcrumbList\",\"@id\":\"https:\\\/\\\/www.malinashop.lt\\\/lt_lt\\\/shop\\\/arocell-botulcare-ex-rinkinys-su-botulino-peptidais-be-adatu\\\/#breadcrumb\",\"itemListElement\":[{\"@type\":\"ListItem\",\"position\":1,\"name\":\"Home\",\"item\":\"https:\\\/\\\/www.malinashop.lt\\\/en\\\/\"},{\"@type\":\"ListItem\",\"position\":2,\"name\":\"Parduotuv\u0117\",\"item\":\"https:\\\/\\\/www.malinashop.lt\\\/en\\\/parduotuve\\\/\"},{\"@type\":\"ListItem\",\"position\":3,\"name\":\"AROCell Botulcare Ex rinkinys su botulino peptidais be adat\u0173\"}]},{\"@type\":\"WebSite\",\"@id\":\"https:\\\/\\\/www.malinashop.lt\\\/en\\\/#website\",\"url\":\"https:\\\/\\\/www.malinashop.lt\\\/en\\\/\",\"name\":\"COM Group Ecommerce\",\"description\":\"MalinaShop.lt - Gro\u017eio ir sveikatos produktai i\u0161 patikim\u0173 preki\u0173 \u017eenkl\u0173. Atraskite auk\u0161tos kokyb\u0117s kosmetik\u0105 u\u017e puiki\u0105 kain\u0105.\",\"publisher\":{\"@id\":\"https:\\\/\\\/www.malinashop.lt\\\/en\\\/#organization\"},\"potentialAction\":[{\"@type\":\"SearchAction\",\"target\":{\"@type\":\"EntryPoint\",\"urlTemplate\":\"https:\\\/\\\/www.malinashop.lt\\\/en\\\/?s={search_term_string}\"},\"query-input\":{\"@type\":\"PropertyValueSpecification\",\"valueRequired\":true,\"valueName\":\"search_term_string\"}}],\"inLanguage\":\"lt-LT\"},{\"@type\":\"Organization\",\"@id\":\"https:\\\/\\\/www.malinashop.lt\\\/en\\\/#organization\",\"name\":\"COM Group Ecommerce\",\"url\":\"https:\\\/\\\/www.malinashop.lt\\\/en\\\/\",\"logo\":{\"@type\":\"ImageObject\",\"inLanguage\":\"lt-LT\",\"@id\":\"https:\\\/\\\/www.malinashop.lt\\\/en\\\/#\\\/schema\\\/logo\\\/image\\\/\",\"url\":\"https:\\\/\\\/www.malinashop.lt\\\/wp-content\\\/uploads\\\/2024\\\/08\\\/462559670_3787732518133670_9795632669273463_n-e1731525914575.png\",\"contentUrl\":\"https:\\\/\\\/www.malinashop.lt\\\/wp-content\\\/uploads\\\/2024\\\/08\\\/462559670_3787732518133670_9795632669273463_n-e1731525914575.png\",\"width\":180,\"height\":60,\"caption\":\"COM Group Ecommerce\"},\"image\":{\"@id\":\"https:\\\/\\\/www.malinashop.lt\\\/en\\\/#\\\/schema\\\/logo\\\/image\\\/\"}}]}<\/script>\n<!-- \/ Yoast SEO plugin. -->","yoast_head_json":{"title":"AROCell Botulcare Ex rinkinys su botulino peptidais be adat\u0173 - MalinaShop.lt J\u016bs\u0173 sveikatai ir gro\u017eiui.","description":"Intensyvus sen\u0117jimo po\u017eymi\u0173 ma\u017einimas be invazini\u0173 proced\u016br\u0173. Botulino sistema su peptidais ir MTD technologija \u2013 odos stangrumui ir rauk\u0161li\u0173 ma\u017einimui be injekcij\u0173.","robots":{"index":"index","follow":"follow","max-snippet":"max-snippet:-1","max-image-preview":"max-image-preview:large","max-video-preview":"max-video-preview:-1"},"canonical":"https:\/\/www.malinashop.lt\/lt_lt\/shop\/arocell-botulcare-ex-rinkinys-su-botulino-peptidais-be-adatu\/","og_locale":"lt_LT","og_type":"article","og_title":"AROCell Botulcare Ex rinkinys su botulino peptidais be adat\u0173 - MalinaShop.lt J\u016bs\u0173 sveikatai ir gro\u017eiui.","og_description":"Intensyvus sen\u0117jimo po\u017eymi\u0173 ma\u017einimas be invazini\u0173 proced\u016br\u0173. Botulino sistema su peptidais ir MTD technologija \u2013 odos stangrumui ir rauk\u0161li\u0173 ma\u017einimui be injekcij\u0173.","og_url":"https:\/\/www.malinashop.lt\/lt_lt\/shop\/arocell-botulcare-ex-rinkinys-su-botulino-peptidais-be-adatu\/","og_site_name":"MalinaShop.lt J\u016bs\u0173 sveikatai ir gro\u017eiui.","article_modified_time":"2026-02-10T08:50:09+00:00","og_image":[{"width":768,"height":768,"url":"https:\/\/www.malinashop.lt\/wp-content\/uploads\/2025\/06\/AROCell-Botulcare-Ex-rinkinys-su-botulino-peptidais-be-adatu.webp","type":"image\/webp"}],"twitter_card":"summary_large_image","schema":{"@context":"https:\/\/schema.org","@graph":[{"@type":"WebPage","@id":"https:\/\/www.malinashop.lt\/lt_lt\/shop\/arocell-botulcare-ex-rinkinys-su-botulino-peptidais-be-adatu\/","url":"https:\/\/www.malinashop.lt\/lt_lt\/shop\/arocell-botulcare-ex-rinkinys-su-botulino-peptidais-be-adatu\/","name":"AROCell Botulcare Ex rinkinys su botulino peptidais be adat\u0173 - MalinaShop.lt J\u016bs\u0173 sveikatai ir gro\u017eiui.","isPartOf":{"@id":"https:\/\/www.malinashop.lt\/en\/#website"},"primaryImageOfPage":{"@id":"https:\/\/www.malinashop.lt\/lt_lt\/shop\/arocell-botulcare-ex-rinkinys-su-botulino-peptidais-be-adatu\/#primaryimage"},"image":{"@id":"https:\/\/www.malinashop.lt\/lt_lt\/shop\/arocell-botulcare-ex-rinkinys-su-botulino-peptidais-be-adatu\/#primaryimage"},"thumbnailUrl":"https:\/\/www.malinashop.lt\/wp-content\/uploads\/2025\/06\/AROCell-Botulcare-Ex-rinkinys-su-botulino-peptidais-be-adatu.webp","datePublished":"2025-06-15T16:11:32+00:00","dateModified":"2026-02-10T08:50:09+00:00","description":"Intensyvus sen\u0117jimo po\u017eymi\u0173 ma\u017einimas be invazini\u0173 proced\u016br\u0173. Botulino sistema su peptidais ir MTD technologija \u2013 odos stangrumui ir rauk\u0161li\u0173 ma\u017einimui be injekcij\u0173.","breadcrumb":{"@id":"https:\/\/www.malinashop.lt\/lt_lt\/shop\/arocell-botulcare-ex-rinkinys-su-botulino-peptidais-be-adatu\/#breadcrumb"},"inLanguage":"lt-LT","potentialAction":[{"@type":"ReadAction","target":["https:\/\/www.malinashop.lt\/lt_lt\/shop\/arocell-botulcare-ex-rinkinys-su-botulino-peptidais-be-adatu\/"]}]},{"@type":"ImageObject","inLanguage":"lt-LT","@id":"https:\/\/www.malinashop.lt\/lt_lt\/shop\/arocell-botulcare-ex-rinkinys-su-botulino-peptidais-be-adatu\/#primaryimage","url":"https:\/\/www.malinashop.lt\/wp-content\/uploads\/2025\/06\/AROCell-Botulcare-Ex-rinkinys-su-botulino-peptidais-be-adatu.webp","contentUrl":"https:\/\/www.malinashop.lt\/wp-content\/uploads\/2025\/06\/AROCell-Botulcare-Ex-rinkinys-su-botulino-peptidais-be-adatu.webp","width":768,"height":768},{"@type":"BreadcrumbList","@id":"https:\/\/www.malinashop.lt\/lt_lt\/shop\/arocell-botulcare-ex-rinkinys-su-botulino-peptidais-be-adatu\/#breadcrumb","itemListElement":[{"@type":"ListItem","position":1,"name":"Home","item":"https:\/\/www.malinashop.lt\/en\/"},{"@type":"ListItem","position":2,"name":"Parduotuv\u0117","item":"https:\/\/www.malinashop.lt\/en\/parduotuve\/"},{"@type":"ListItem","position":3,"name":"AROCell Botulcare Ex rinkinys su botulino peptidais be adat\u0173"}]},{"@type":"WebSite","@id":"https:\/\/www.malinashop.lt\/en\/#website","url":"https:\/\/www.malinashop.lt\/en\/","name":"COM Group Ecommerce","description":"MalinaShop.lt - Gro\u017eio ir sveikatos produktai i\u0161 patikim\u0173 preki\u0173 \u017eenkl\u0173. Atraskite auk\u0161tos kokyb\u0117s kosmetik\u0105 u\u017e puiki\u0105 kain\u0105.","publisher":{"@id":"https:\/\/www.malinashop.lt\/en\/#organization"},"potentialAction":[{"@type":"SearchAction","target":{"@type":"EntryPoint","urlTemplate":"https:\/\/www.malinashop.lt\/en\/?s={search_term_string}"},"query-input":{"@type":"PropertyValueSpecification","valueRequired":true,"valueName":"search_term_string"}}],"inLanguage":"lt-LT"},{"@type":"Organization","@id":"https:\/\/www.malinashop.lt\/en\/#organization","name":"COM Group Ecommerce","url":"https:\/\/www.malinashop.lt\/en\/","logo":{"@type":"ImageObject","inLanguage":"lt-LT","@id":"https:\/\/www.malinashop.lt\/en\/#\/schema\/logo\/image\/","url":"https:\/\/www.malinashop.lt\/wp-content\/uploads\/2024\/08\/462559670_3787732518133670_9795632669273463_n-e1731525914575.png","contentUrl":"https:\/\/www.malinashop.lt\/wp-content\/uploads\/2024\/08\/462559670_3787732518133670_9795632669273463_n-e1731525914575.png","width":180,"height":60,"caption":"COM Group Ecommerce"},"image":{"@id":"https:\/\/www.malinashop.lt\/en\/#\/schema\/logo\/image\/"}}]}},"jetpack_sharing_enabled":true,"_links":{"self":[{"href":"https:\/\/www.malinashop.lt\/lt_lt\/wp-json\/wp\/v2\/product\/56688","targetHints":{"allow":["GET"]}}],"collection":[{"href":"https:\/\/www.malinashop.lt\/lt_lt\/wp-json\/wp\/v2\/product"}],"about":[{"href":"https:\/\/www.malinashop.lt\/lt_lt\/wp-json\/wp\/v2\/types\/product"}],"version-history":[{"count":3,"href":"https:\/\/www.malinashop.lt\/lt_lt\/wp-json\/wp\/v2\/product\/56688\/revisions"}],"predecessor-version":[{"id":60226,"href":"https:\/\/www.malinashop.lt\/lt_lt\/wp-json\/wp\/v2\/product\/56688\/revisions\/60226"}],"wp:featuredmedia":[{"embeddable":true,"href":"https:\/\/www.malinashop.lt\/lt_lt\/wp-json\/wp\/v2\/media\/56692"}],"wp:attachment":[{"href":"https:\/\/www.malinashop.lt\/lt_lt\/wp-json\/wp\/v2\/media?parent=56688"}],"wp:term":[{"taxonomy":"product_brand","embeddable":true,"href":"https:\/\/www.malinashop.lt\/lt_lt\/wp-json\/wp\/v2\/product_brand?post=56688"},{"taxonomy":"product_cat","embeddable":true,"href":"https:\/\/www.malinashop.lt\/lt_lt\/wp-json\/wp\/v2\/product_cat?post=56688"},{"taxonomy":"product_tag","embeddable":true,"href":"https:\/\/www.malinashop.lt\/lt_lt\/wp-json\/wp\/v2\/product_tag?post=56688"}],"curies":[{"name":"wp","href":"https:\/\/api.w.org\/{rel}","templated":true}]}}