{"id":56405,"date":"2025-06-02T23:55:39","date_gmt":"2025-06-02T20:55:39","guid":{"rendered":"https:\/\/malinashop.lt\/?post_type=product&#038;p=56405"},"modified":"2026-04-16T21:11:06","modified_gmt":"2026-04-16T18:11:06","slug":"lumineo-plauku-serumas-su-juodgrudziu-aliejumi-20-ml","status":"publish","type":"product","link":"https:\/\/www.malinashop.lt\/lt_lt\/shop\/lumineo-plauku-serumas-su-juodgrudziu-aliejumi-20-ml\/","title":{"rendered":"LUMINEO plauk\u0173 serumas su juodgr\u016bd\u017ei\u0173 aliejumi 20ml"},"content":{"rendered":"<p data-pm-slice=\"1 1 []\"><strong>LUMINEO SUPREME HAIR SERUM \u2013 juodgr\u016bd\u017ei\u0173 aliejaus plauk\u0173 serumas<\/strong><\/p>\n<p data-pm-slice=\"1 1 []\"><strong>NAUDOTI TIK SU LUMINEO PLAUK\u0172 D\u017dIOVINTUVU<\/strong><\/p>\n<p><strong>INTENSYVUS MAITINIMAS IR APSAUGA SU JUODGR\u016aD\u017dI\u0172 ALIEJUMI IR MALACHITU<\/strong><\/p>\n<p data-pm-slice=\"1 1 []\"><img decoding=\"async\" src=\"https:\/\/upload.cdn.baselinker.com\/products\/3016653\/1566a5434af98dcb7a2c2507323d8de3.jpg\" alt=\"1566a5434af98dcb7a2c2507323d8de3.jpg\" \/><\/p>\n<p data-pm-slice=\"1 1 []\">LUMINEO preki\u0173 \u017eenklas si\u016blo pa\u017eangias nam\u0173 plauk\u0173 ir veido prie\u017ei\u016bros sistemas \u2013 tai profesional\u016bs SPA \u012frenginiai, derinami su specialiai pritaikyta kosmetika.<\/p>\n<p>Bendradarbiaujame su pirmaujan\u010diomis Lenkijos laboratorijomis, kurios specializuojasi gro\u017eio ir kirpykl\u0173 kosmetikos gamyboje. Tod\u0117l klientai gauna auk\u0161\u010diausios kokyb\u0117s produktus, u\u017etikrinan\u010dius matomus rezultatus ir leid\u017eian\u010dius m\u0117gautis SPA proced\u016bromis namuose.<\/p>\n<p><img fetchpriority=\"high\" decoding=\"async\" src=\"https:\/\/upload.cdn.baselinker.com\/products\/3016653\/4945c616c9614c73dd7804f96fcb4b2a.jpg\" alt=\"4945c616c9614c73dd7804f96fcb4b2a.jpg\" width=\"482\" height=\"482\" \/><\/p>\n<p data-pm-slice=\"1 1 []\"><strong>UNIKALUS SERUMAS SU JUODGR\u016aD\u017dI\u0172 ALIEJUMI IR UV FILTRU<\/strong><\/p>\n<p>LUMINEO silikoninis serumas su juodgr\u016bd\u017ei\u0173 aliejumi ir UV filtru \u2013 tai kruop\u0161\u010diai sukurtas kosmetikos produktas, jungiantis veiksming\u0105 silikono apsaug\u0105 su nat\u016braliais ingredientais.<\/p>\n<p>Idealiai tinka pa\u017eeist\u0173, saus\u0173, plon\u0173, nusilpusi\u0173 bei linkusi\u0173 slinkti plauk\u0173 prie\u017ei\u016brai. Puikiai apsaugo plaukus nuo \u017ealing\u0173 UVA ir UVB spinduli\u0173.<\/p>\n<p data-pm-slice=\"1 1 []\"><img decoding=\"async\" src=\"https:\/\/upload.cdn.baselinker.com\/products\/3016653\/f11ec50609bac929df33a8dca53df1b4.jpg\" alt=\"f11ec50609bac929df33a8dca53df1b4.jpg\" width=\"484\" height=\"484\" \/><\/p>\n<p data-pm-slice=\"1 3 []\"><strong>LUMINEO JUODGR\u016aD\u017dI\u0172 SERUMO PRIVALUMAI:<\/strong><\/p>\n<ul data-spread=\"false\">\n<li>Intensyviai maitina, atkuria ir stiprina plaukus<\/li>\n<li>L\u0117tina \u017eilimo proces\u0105, pasi\u017eymi stipriomis antioksidacin\u0117mis savyb\u0117mis<\/li>\n<li>Suteikia spindesio, glotnumo, ma\u017eina plauk\u0173 galiuk\u0173 skilin\u0117jim\u0105<\/li>\n<li>Saugo nuo aplinkos poveikio: oro s\u0105lyg\u0173, tar\u0161os, auk\u0161t\u0173 temperat\u016br\u0173<\/li>\n<li>Turi antibakterini\u0173 savybi\u0173<\/li>\n<li>Praturtintas vitaminais A, C, E, B kompleksu (\u012fskaitant biotin\u0105), mineralais (cinku, gele\u017eimi, kaliu, magniu, selenu, kalciu, natriu), fosfolipidais, beta karotenu, fitosteroliais, antioksidantais bei omega-6 ir omega-9 riebal\u0173 r\u016bg\u0161timis<\/li>\n<\/ul>\n<ul data-spread=\"false\">\n<li><img decoding=\"async\" src=\"https:\/\/upload.cdn.baselinker.com\/products\/3016653\/16db9a8e4056e638bb48eff17b88df47.jpg\" alt=\"16db9a8e4056e638bb48eff17b88df47.jpg\" width=\"466\" height=\"466\" \/><\/li>\n<li>\n<p data-pm-slice=\"1 3 []\"><strong>PRATURTINTAS MALACHITU!<\/strong><\/p>\n<\/li>\n<li>Malachitas \u2013 nat\u016bralus lengvai pasisavinamos vario \u0161altinis, b\u016btinas sveikam plauk\u0173 b\u016bklei palaikyti.\n<ul data-spread=\"false\">\n<li>Skatina kolageno ir keratino gamyb\u0105<\/li>\n<li>Regeneruoja, stiprina, apsaugo nuo i\u0161orini\u0173 pa\u017eeidim\u0173<\/li>\n<li>Padeda i\u0161laikyti intensyvi\u0105 plauk\u0173 spalv\u0105, stimuliuodamas melanino gamyb\u0105<\/li>\n<\/ul>\n<\/li>\n<li>\n<div>\n<hr \/>\n<\/div>\n<\/li>\n<li><\/li>\n<\/ul>\n<p><img loading=\"lazy\" decoding=\"async\" src=\"https:\/\/upload.cdn.baselinker.com\/products\/3016653\/797ded2883d303f3827f53168f95dc74.jpg\" alt=\"797ded2883d303f3827f53168f95dc74.jpg\" width=\"468\" height=\"468\" \/><\/p>\n<p data-pm-slice=\"1 1 []\"><strong>NAUJIENA! NAUDOKITE KARTU SU PROFESIONALIU LUMINEO PLAUK\u0172 D\u017dIOVINTUVU<\/strong><\/p>\n<p>Serumas puikiai veikia kartu su LUMINEO profesionaliu plauk\u0173 d\u017eiovintuvu, kuris turi special\u0173 antgal\u012f serumo dozavimui tiesiai ant plauk\u0173.<\/p>\n<p><strong>KOD\u0116L VERTA I\u0160BANDYTI KOMPLEKT\u0104?<\/strong><\/p>\n<ul data-spread=\"false\">\n<li>DUO-FASTIC technologija \u2013 derinys tarp \u012frenginio ir specialios kosmetikos<\/li>\n<li>Poveikis matomas jau po pirmo d\u017eiovinimo<\/li>\n<li>Plaukai tampa \u0161ilkiniai, glotn\u016bs ir spindintys<\/li>\n<\/ul>\n<div>\n<hr \/>\n<\/div>\n<p><img loading=\"lazy\" decoding=\"async\" src=\"https:\/\/upload.cdn.baselinker.com\/products\/3016653\/5bb21170692132a0d7010ea999ede446.jpg\" alt=\"5bb21170692132a0d7010ea999ede446.jpg\" width=\"433\" height=\"433\" \/><\/p>\n<p data-pm-slice=\"1 3 []\"><strong>LUMINEO D\u017dIOVINTUVO IR SERUMO KOMPLEKTO PRIVALUMAI:<\/strong><\/p>\n<ul data-spread=\"false\">\n<li>Greitas ir tolygus serumo paskirstymas nuo \u0161akn\u0173 iki galiuk\u0173<\/li>\n<li>Aliej\u0173 pur\u0161kimo funkcija + 2 mln. jon\u0173\/cm\u00b2<\/li>\n<li>Komplekte 3 aliejai: argano, juodgr\u016bd\u0117s ir \u0161ilko su vitaminu A<\/li>\n<li>3 antgaliai: aliejaus difuzorius, difuzorius garbanotiems plaukams, koncentruotas antgalis tiesinimui<\/li>\n<\/ul>\n<p>Galingumas iki 2400 W<\/p>\n<p>&nbsp;<\/p>\n<p><img loading=\"lazy\" decoding=\"async\" src=\"https:\/\/upload.cdn.baselinker.com\/products\/3016653\/6acfc0f3df46f3fc3b034f0673096bd1.jpg\" alt=\"6acfc0f3df46f3fc3b034f0673096bd1.jpg\" width=\"450\" height=\"450\" \/><\/p>\n<p data-pm-slice=\"1 1 []\"><strong>SUD\u0116TIS:<\/strong> Cyclopentasiloxane, Dimethiconol, Caprylic\/Capric Triglyceride, Nigella Sativa Seed Oil, Malachite Extract, Parfum, Ethylhexyl Methoxycinnamate, Aqua, CI 61565, CI 60725, CI 26100, CI 47000<\/p>\n<p><strong>Talpa: 20 ml<\/strong><\/p>\n<p data-start=\"4988\" data-end=\"5045\"><strong>Mes esame oficial\u016bs LUMINEO produkt\u0173 atstovai Lietuvoje ir Baltijos \u0161alyse. Si\u016blome auk\u0161\u010diausios kokyb\u0117s veido prie\u017ei\u016bros sistemas, kurios sujungia inovatyvius SPA \u012frenginius ir profesionaliai pritaikyt\u0105 kosmetik\u0105, kad u\u017etikrintume matomus rezultatus ir auk\u0161\u010diausi\u0105 klient\u0173 pasitenkinim\u0105. M\u016bs\u0173 tikslas \u2013 suteikti galimyb\u0119 m\u0117gautis profesionaliomis SPA proced\u016bromis tiesiai namuose.<\/strong><\/p>\n<p data-start=\"4988\" data-end=\"5045\"><img decoding=\"async\" src=\"https:\/\/upload.cdn.baselinker.com\/products\/3016653\/5f05b907fad41a229d3e848f399c0f7f.png\" alt=\"5f05b907fad41a229d3e848f399c0f7f.png\" \/><\/p>\n<p data-pm-slice=\"1 3 []\"><strong>DA\u017dNIAUSIAI U\u017dDUODAMI KLAUSIMAI:<\/strong><\/p>\n<p><strong>Kokie serumai tinka naudoti su LUMINEO d\u017eiovintuvu?<\/strong><\/p>\n<ul data-spread=\"false\">\n<li>LUMINEO si\u016blo 3 serumus: argano aliej\u0173, juodgr\u016bd\u0117s aliej\u0173 ir \u0161ilk\u0105 su vitaminu A.<\/li>\n<\/ul>\n<p><strong>Ar galima naudoti kit\u0173 gamintoj\u0173 aliejus?<\/strong><\/p>\n<ul data-spread=\"false\">\n<li>Ne. Nenaudokite kit\u0173 gamintoj\u0173 produkt\u0173 \u2013 jie gali sugadinti serumo dozatori\u0173.<\/li>\n<\/ul>\n<p><strong>Ar galima naudoti serum\u0105 be d\u017eiovintuvo?<\/strong><\/p>\n<ul data-spread=\"false\">\n<li>Taip, serum\u0105 galima naudoti atskirai ant dr\u0117gn\u0173 plauk\u0173. Ta\u010diau did\u017eiausias efektas pasiekiamas naudojant su LUMINEO d\u017eiovintuvu.<\/li>\n<\/ul>\n<p><strong>Ar d\u017eiovintuvas turi jonizacij\u0105?<\/strong><\/p>\n<ul data-spread=\"false\">\n<li>Taip, LUMINEO d\u017eiovintuvas turi pa\u017eangi\u0105 jonizacijos technologij\u0105 \u2013 daugiau nei 2 mln. jon\u0173\/cm\u00b2.<\/li>\n<\/ul>\n<p><strong>Kod\u0117l d\u017eiovintuvas vadinamas profesionaliu?<\/strong><\/p>\n<ul data-spread=\"false\">\n<li>Jis pasi\u017eymi galia iki 2400 W, reguliuojama oro srove, temperat\u016bra, \u0161altu oro srautu fiksavimui, laikikliu pakabinimui ir ilgu laidu \u2013 tinka naudoti kirpyklose<\/li>\n<\/ul>\n","protected":false},"excerpt":{"rendered":"<p>LUMINEO SUPREME HAIR SERUM \u2013 juodgr\u016bd\u017ei\u0173 aliejaus plauk\u0173 serumas NAUDOTI TIK SU LUMINEO PLAUK\u0172 D\u017dIOVINTUVU INTENSYVUS MAITINIMAS IR APSAUGA SU JUODGR\u016aD\u017dI\u0172 ALIEJUMI&hellip;<\/p>\n","protected":false},"featured_media":74860,"template":"","meta":[],"product_brand":[1324],"product_cat":[1344,711,516],"product_tag":[1345],"class_list":{"0":"post-56405","1":"product","2":"type-product","3":"status-publish","4":"has-post-thumbnail","6":"product_brand-lumineo","7":"product_cat-lumineo-plauku-dziovintuvas","8":"product_cat-plaukams","9":"product_cat-plauku-aliejai-serumai-pilingas","10":"product_tag-lumineo","12":"first","13":"instock","14":"sale","15":"taxable","16":"shipping-taxable","17":"purchasable","18":"product-type-simple"},"yoast_head":"<!-- This site is optimized with the Yoast SEO plugin v27.4 - https:\/\/yoast.com\/product\/yoast-seo-wordpress\/ -->\n<title>LUMINEO plauk\u0173 serumas su juodgr\u016bd\u017ei\u0173 aliejumi 20ml - MalinaShop.lt J\u016bs\u0173 sveikatai ir gro\u017eiui.<\/title>\n<meta name=\"description\" content=\"Intensyviai maitinantis LUMINEO plauk\u0173 serumas su juodgr\u016bd\u017ei\u0173 aliejumi \u2013 stiprina, atkuria, suteikia \u017evilgesio ir apsaugo nuo \u017ealingo aplinkos poveikio. 20 ml.\" \/>\n<meta name=\"robots\" content=\"index, follow, max-snippet:-1, max-image-preview:large, max-video-preview:-1\" \/>\n<link rel=\"canonical\" href=\"https:\/\/www.malinashop.lt\/lt_lt\/shop\/lumineo-plauku-serumas-su-juodgrudziu-aliejumi-20-ml\/\" \/>\n<meta property=\"og:locale\" content=\"lt_LT\" \/>\n<meta property=\"og:type\" content=\"article\" \/>\n<meta property=\"og:title\" content=\"LUMINEO plauk\u0173 serumas su juodgr\u016bd\u017ei\u0173 aliejumi 20ml - MalinaShop.lt J\u016bs\u0173 sveikatai ir gro\u017eiui.\" \/>\n<meta property=\"og:description\" content=\"Intensyviai maitinantis LUMINEO plauk\u0173 serumas su juodgr\u016bd\u017ei\u0173 aliejumi \u2013 stiprina, atkuria, suteikia \u017evilgesio ir apsaugo nuo \u017ealingo aplinkos poveikio. 20 ml.\" \/>\n<meta property=\"og:url\" content=\"https:\/\/www.malinashop.lt\/lt_lt\/shop\/lumineo-plauku-serumas-su-juodgrudziu-aliejumi-20-ml\/\" \/>\n<meta property=\"og:site_name\" content=\"MalinaShop.lt J\u016bs\u0173 sveikatai ir gro\u017eiui.\" \/>\n<meta property=\"article:modified_time\" content=\"2026-04-16T18:11:06+00:00\" \/>\n<meta property=\"og:image\" content=\"https:\/\/www.malinashop.lt\/wp-content\/uploads\/2025\/06\/Gemini_Generated_Image_dn7o7bdn7o7bdn7o.png\" \/>\n\t<meta property=\"og:image:width\" content=\"1024\" \/>\n\t<meta property=\"og:image:height\" content=\"1024\" \/>\n\t<meta property=\"og:image:type\" content=\"image\/png\" \/>\n<meta name=\"twitter:card\" content=\"summary_large_image\" \/>\n<script type=\"application\/ld+json\" class=\"yoast-schema-graph\">{\"@context\":\"https:\\\/\\\/schema.org\",\"@graph\":[{\"@type\":\"WebPage\",\"@id\":\"https:\\\/\\\/www.malinashop.lt\\\/shop\\\/lumineo-plauku-serumas-su-juodgrudziu-aliejumi-20-ml\\\/\",\"url\":\"https:\\\/\\\/www.malinashop.lt\\\/shop\\\/lumineo-plauku-serumas-su-juodgrudziu-aliejumi-20-ml\\\/\",\"name\":\"LUMINEO plauk\u0173 serumas su juodgr\u016bd\u017ei\u0173 aliejumi 20ml - MalinaShop.lt J\u016bs\u0173 sveikatai ir gro\u017eiui.\",\"isPartOf\":{\"@id\":\"https:\\\/\\\/www.malinashop.lt\\\/#website\"},\"primaryImageOfPage\":{\"@id\":\"https:\\\/\\\/www.malinashop.lt\\\/shop\\\/lumineo-plauku-serumas-su-juodgrudziu-aliejumi-20-ml\\\/#primaryimage\"},\"image\":{\"@id\":\"https:\\\/\\\/www.malinashop.lt\\\/shop\\\/lumineo-plauku-serumas-su-juodgrudziu-aliejumi-20-ml\\\/#primaryimage\"},\"thumbnailUrl\":\"https:\\\/\\\/www.malinashop.lt\\\/wp-content\\\/uploads\\\/2025\\\/06\\\/Gemini_Generated_Image_dn7o7bdn7o7bdn7o.png\",\"datePublished\":\"2025-06-02T20:55:39+00:00\",\"dateModified\":\"2026-04-16T18:11:06+00:00\",\"description\":\"Intensyviai maitinantis LUMINEO plauk\u0173 serumas su juodgr\u016bd\u017ei\u0173 aliejumi \u2013 stiprina, atkuria, suteikia \u017evilgesio ir apsaugo nuo \u017ealingo aplinkos poveikio. 20 ml.\",\"breadcrumb\":{\"@id\":\"https:\\\/\\\/www.malinashop.lt\\\/shop\\\/lumineo-plauku-serumas-su-juodgrudziu-aliejumi-20-ml\\\/#breadcrumb\"},\"inLanguage\":\"lt-LT\",\"potentialAction\":[{\"@type\":\"ReadAction\",\"target\":[\"https:\\\/\\\/www.malinashop.lt\\\/shop\\\/lumineo-plauku-serumas-su-juodgrudziu-aliejumi-20-ml\\\/\"]}]},{\"@type\":\"ImageObject\",\"inLanguage\":\"lt-LT\",\"@id\":\"https:\\\/\\\/www.malinashop.lt\\\/shop\\\/lumineo-plauku-serumas-su-juodgrudziu-aliejumi-20-ml\\\/#primaryimage\",\"url\":\"https:\\\/\\\/www.malinashop.lt\\\/wp-content\\\/uploads\\\/2025\\\/06\\\/Gemini_Generated_Image_dn7o7bdn7o7bdn7o.png\",\"contentUrl\":\"https:\\\/\\\/www.malinashop.lt\\\/wp-content\\\/uploads\\\/2025\\\/06\\\/Gemini_Generated_Image_dn7o7bdn7o7bdn7o.png\",\"width\":1024,\"height\":1024},{\"@type\":\"BreadcrumbList\",\"@id\":\"https:\\\/\\\/www.malinashop.lt\\\/shop\\\/lumineo-plauku-serumas-su-juodgrudziu-aliejumi-20-ml\\\/#breadcrumb\",\"itemListElement\":[{\"@type\":\"ListItem\",\"position\":1,\"name\":\"Pagrindinis\",\"item\":\"https:\\\/\\\/www.malinashop.lt\\\/\"},{\"@type\":\"ListItem\",\"position\":2,\"name\":\"Parduotuv\u0117\",\"item\":\"https:\\\/\\\/www.malinashop.lt\\\/en\\\/parduotuve\\\/\"},{\"@type\":\"ListItem\",\"position\":3,\"name\":\"LUMINEO plauk\u0173 serumas su juodgr\u016bd\u017ei\u0173 aliejumi 20ml\"}]},{\"@type\":\"WebSite\",\"@id\":\"https:\\\/\\\/www.malinashop.lt\\\/#website\",\"url\":\"https:\\\/\\\/www.malinashop.lt\\\/\",\"name\":\"COM Group Ecommerce\",\"description\":\"MalinaShop.lt - Gro\u017eio ir sveikatos produktai i\u0161 patikim\u0173 preki\u0173 \u017eenkl\u0173. Atraskite auk\u0161tos kokyb\u0117s kosmetik\u0105 u\u017e puiki\u0105 kain\u0105.\",\"publisher\":{\"@id\":\"https:\\\/\\\/www.malinashop.lt\\\/#organization\"},\"potentialAction\":[{\"@type\":\"SearchAction\",\"target\":{\"@type\":\"EntryPoint\",\"urlTemplate\":\"https:\\\/\\\/www.malinashop.lt\\\/?s={search_term_string}\"},\"query-input\":{\"@type\":\"PropertyValueSpecification\",\"valueRequired\":true,\"valueName\":\"search_term_string\"}}],\"inLanguage\":\"lt-LT\"},{\"@type\":\"Organization\",\"@id\":\"https:\\\/\\\/www.malinashop.lt\\\/#organization\",\"name\":\"COM Group Ecommerce\",\"url\":\"https:\\\/\\\/www.malinashop.lt\\\/\",\"logo\":{\"@type\":\"ImageObject\",\"inLanguage\":\"lt-LT\",\"@id\":\"https:\\\/\\\/www.malinashop.lt\\\/#\\\/schema\\\/logo\\\/image\\\/\",\"url\":\"https:\\\/\\\/www.malinashop.lt\\\/wp-content\\\/uploads\\\/2024\\\/08\\\/462559670_3787732518133670_9795632669273463_n-e1731525914575.png\",\"contentUrl\":\"https:\\\/\\\/www.malinashop.lt\\\/wp-content\\\/uploads\\\/2024\\\/08\\\/462559670_3787732518133670_9795632669273463_n-e1731525914575.png\",\"width\":180,\"height\":60,\"caption\":\"COM Group Ecommerce\"},\"image\":{\"@id\":\"https:\\\/\\\/www.malinashop.lt\\\/#\\\/schema\\\/logo\\\/image\\\/\"}}]}<\/script>\n<!-- \/ Yoast SEO plugin. -->","yoast_head_json":{"title":"LUMINEO plauk\u0173 serumas su juodgr\u016bd\u017ei\u0173 aliejumi 20ml - MalinaShop.lt J\u016bs\u0173 sveikatai ir gro\u017eiui.","description":"Intensyviai maitinantis LUMINEO plauk\u0173 serumas su juodgr\u016bd\u017ei\u0173 aliejumi \u2013 stiprina, atkuria, suteikia \u017evilgesio ir apsaugo nuo \u017ealingo aplinkos poveikio. 20 ml.","robots":{"index":"index","follow":"follow","max-snippet":"max-snippet:-1","max-image-preview":"max-image-preview:large","max-video-preview":"max-video-preview:-1"},"canonical":"https:\/\/www.malinashop.lt\/lt_lt\/shop\/lumineo-plauku-serumas-su-juodgrudziu-aliejumi-20-ml\/","og_locale":"lt_LT","og_type":"article","og_title":"LUMINEO plauk\u0173 serumas su juodgr\u016bd\u017ei\u0173 aliejumi 20ml - MalinaShop.lt J\u016bs\u0173 sveikatai ir gro\u017eiui.","og_description":"Intensyviai maitinantis LUMINEO plauk\u0173 serumas su juodgr\u016bd\u017ei\u0173 aliejumi \u2013 stiprina, atkuria, suteikia \u017evilgesio ir apsaugo nuo \u017ealingo aplinkos poveikio. 20 ml.","og_url":"https:\/\/www.malinashop.lt\/lt_lt\/shop\/lumineo-plauku-serumas-su-juodgrudziu-aliejumi-20-ml\/","og_site_name":"MalinaShop.lt J\u016bs\u0173 sveikatai ir gro\u017eiui.","article_modified_time":"2026-04-16T18:11:06+00:00","og_image":[{"width":1024,"height":1024,"url":"https:\/\/www.malinashop.lt\/wp-content\/uploads\/2025\/06\/Gemini_Generated_Image_dn7o7bdn7o7bdn7o.png","type":"image\/png"}],"twitter_card":"summary_large_image","schema":{"@context":"https:\/\/schema.org","@graph":[{"@type":"WebPage","@id":"https:\/\/www.malinashop.lt\/shop\/lumineo-plauku-serumas-su-juodgrudziu-aliejumi-20-ml\/","url":"https:\/\/www.malinashop.lt\/shop\/lumineo-plauku-serumas-su-juodgrudziu-aliejumi-20-ml\/","name":"LUMINEO plauk\u0173 serumas su juodgr\u016bd\u017ei\u0173 aliejumi 20ml - MalinaShop.lt J\u016bs\u0173 sveikatai ir gro\u017eiui.","isPartOf":{"@id":"https:\/\/www.malinashop.lt\/#website"},"primaryImageOfPage":{"@id":"https:\/\/www.malinashop.lt\/shop\/lumineo-plauku-serumas-su-juodgrudziu-aliejumi-20-ml\/#primaryimage"},"image":{"@id":"https:\/\/www.malinashop.lt\/shop\/lumineo-plauku-serumas-su-juodgrudziu-aliejumi-20-ml\/#primaryimage"},"thumbnailUrl":"https:\/\/www.malinashop.lt\/wp-content\/uploads\/2025\/06\/Gemini_Generated_Image_dn7o7bdn7o7bdn7o.png","datePublished":"2025-06-02T20:55:39+00:00","dateModified":"2026-04-16T18:11:06+00:00","description":"Intensyviai maitinantis LUMINEO plauk\u0173 serumas su juodgr\u016bd\u017ei\u0173 aliejumi \u2013 stiprina, atkuria, suteikia \u017evilgesio ir apsaugo nuo \u017ealingo aplinkos poveikio. 20 ml.","breadcrumb":{"@id":"https:\/\/www.malinashop.lt\/shop\/lumineo-plauku-serumas-su-juodgrudziu-aliejumi-20-ml\/#breadcrumb"},"inLanguage":"lt-LT","potentialAction":[{"@type":"ReadAction","target":["https:\/\/www.malinashop.lt\/shop\/lumineo-plauku-serumas-su-juodgrudziu-aliejumi-20-ml\/"]}]},{"@type":"ImageObject","inLanguage":"lt-LT","@id":"https:\/\/www.malinashop.lt\/shop\/lumineo-plauku-serumas-su-juodgrudziu-aliejumi-20-ml\/#primaryimage","url":"https:\/\/www.malinashop.lt\/wp-content\/uploads\/2025\/06\/Gemini_Generated_Image_dn7o7bdn7o7bdn7o.png","contentUrl":"https:\/\/www.malinashop.lt\/wp-content\/uploads\/2025\/06\/Gemini_Generated_Image_dn7o7bdn7o7bdn7o.png","width":1024,"height":1024},{"@type":"BreadcrumbList","@id":"https:\/\/www.malinashop.lt\/shop\/lumineo-plauku-serumas-su-juodgrudziu-aliejumi-20-ml\/#breadcrumb","itemListElement":[{"@type":"ListItem","position":1,"name":"Pagrindinis","item":"https:\/\/www.malinashop.lt\/"},{"@type":"ListItem","position":2,"name":"Parduotuv\u0117","item":"https:\/\/www.malinashop.lt\/en\/parduotuve\/"},{"@type":"ListItem","position":3,"name":"LUMINEO plauk\u0173 serumas su juodgr\u016bd\u017ei\u0173 aliejumi 20ml"}]},{"@type":"WebSite","@id":"https:\/\/www.malinashop.lt\/#website","url":"https:\/\/www.malinashop.lt\/","name":"COM Group Ecommerce","description":"MalinaShop.lt - Gro\u017eio ir sveikatos produktai i\u0161 patikim\u0173 preki\u0173 \u017eenkl\u0173. Atraskite auk\u0161tos kokyb\u0117s kosmetik\u0105 u\u017e puiki\u0105 kain\u0105.","publisher":{"@id":"https:\/\/www.malinashop.lt\/#organization"},"potentialAction":[{"@type":"SearchAction","target":{"@type":"EntryPoint","urlTemplate":"https:\/\/www.malinashop.lt\/?s={search_term_string}"},"query-input":{"@type":"PropertyValueSpecification","valueRequired":true,"valueName":"search_term_string"}}],"inLanguage":"lt-LT"},{"@type":"Organization","@id":"https:\/\/www.malinashop.lt\/#organization","name":"COM Group Ecommerce","url":"https:\/\/www.malinashop.lt\/","logo":{"@type":"ImageObject","inLanguage":"lt-LT","@id":"https:\/\/www.malinashop.lt\/#\/schema\/logo\/image\/","url":"https:\/\/www.malinashop.lt\/wp-content\/uploads\/2024\/08\/462559670_3787732518133670_9795632669273463_n-e1731525914575.png","contentUrl":"https:\/\/www.malinashop.lt\/wp-content\/uploads\/2024\/08\/462559670_3787732518133670_9795632669273463_n-e1731525914575.png","width":180,"height":60,"caption":"COM Group Ecommerce"},"image":{"@id":"https:\/\/www.malinashop.lt\/#\/schema\/logo\/image\/"}}]}},"jetpack_sharing_enabled":true,"_links":{"self":[{"href":"https:\/\/www.malinashop.lt\/lt_lt\/wp-json\/wp\/v2\/product\/56405","targetHints":{"allow":["GET"]}}],"collection":[{"href":"https:\/\/www.malinashop.lt\/lt_lt\/wp-json\/wp\/v2\/product"}],"about":[{"href":"https:\/\/www.malinashop.lt\/lt_lt\/wp-json\/wp\/v2\/types\/product"}],"version-history":[{"count":4,"href":"https:\/\/www.malinashop.lt\/lt_lt\/wp-json\/wp\/v2\/product\/56405\/revisions"}],"predecessor-version":[{"id":74861,"href":"https:\/\/www.malinashop.lt\/lt_lt\/wp-json\/wp\/v2\/product\/56405\/revisions\/74861"}],"wp:featuredmedia":[{"embeddable":true,"href":"https:\/\/www.malinashop.lt\/lt_lt\/wp-json\/wp\/v2\/media\/74860"}],"wp:attachment":[{"href":"https:\/\/www.malinashop.lt\/lt_lt\/wp-json\/wp\/v2\/media?parent=56405"}],"wp:term":[{"taxonomy":"product_brand","embeddable":true,"href":"https:\/\/www.malinashop.lt\/lt_lt\/wp-json\/wp\/v2\/product_brand?post=56405"},{"taxonomy":"product_cat","embeddable":true,"href":"https:\/\/www.malinashop.lt\/lt_lt\/wp-json\/wp\/v2\/product_cat?post=56405"},{"taxonomy":"product_tag","embeddable":true,"href":"https:\/\/www.malinashop.lt\/lt_lt\/wp-json\/wp\/v2\/product_tag?post=56405"}],"curies":[{"name":"wp","href":"https:\/\/api.w.org\/{rel}","templated":true}]}}