{"id":55939,"date":"2025-06-03T22:20:03","date_gmt":"2025-06-03T19:20:03","guid":{"rendered":"https:\/\/malinashop.lt\/?post_type=product&#038;p=55939"},"modified":"2026-04-16T21:11:05","modified_gmt":"2026-04-16T18:11:05","slug":"lumineo-veido-gelis-100ml-probleminiai-odos-tipai","status":"publish","type":"product","link":"https:\/\/www.malinashop.lt\/lt_lt\/shop\/lumineo-veido-gelis-100ml-probleminiai-odos-tipai\/","title":{"rendered":"LUMINEO veido gelis, 100ml (probleminiai odos tipai)"},"content":{"rendered":"<article class=\"text-token-text-primary w-full\" dir=\"auto\" data-testid=\"conversation-turn-22\" data-scroll-anchor=\"true\">\n<div class=\"text-base my-auto mx-auto py-5 [--thread-content-margin:--spacing(4)] @[37rem]:[--thread-content-margin:--spacing(6)] @[72rem]:[--thread-content-margin:--spacing(16)] px-(--thread-content-margin)\">\n<div class=\"[--thread-content-max-width:32rem] @[34rem]:[--thread-content-max-width:40rem] @[64rem]:[--thread-content-max-width:48rem] mx-auto flex max-w-(--thread-content-max-width) flex-1 text-base gap-4 md:gap-5 lg:gap-6 group\/turn-messages focus-visible:outline-hidden\">\n<div class=\"group\/conversation-turn relative flex w-full min-w-0 flex-col agent-turn\">\n<div class=\"relative flex-col gap-1 md:gap-3\">\n<div class=\"flex max-w-full flex-col grow\">\n<div class=\"min-h-8 text-message relative flex w-full flex-col items-end gap-2 text-start break-words whitespace-normal [.text-message+&amp;]:mt-5\" dir=\"auto\" data-message-author-role=\"assistant\" data-message-id=\"fa5a73e5-dd83-4fe1-a791-eba83a3ea454\" data-message-model-slug=\"gpt-4o-mini\">\n<div class=\"flex w-full flex-col gap-1 empty:hidden first:pt-[3px]\"><strong data-start=\"0\" data-end=\"28\">LUMINEO SUPREME CLEANSER<\/strong><br data-start=\"28\" data-end=\"31\" \/>Veido valymo gelis su nat\u016braliais ingredientais<br data-start=\"78\" data-end=\"81\" \/>Idealus naudoti su veido \u0161epet\u0117liais<br data-start=\"117\" data-end=\"120\" \/><strong data-start=\"120\" data-end=\"130\">100 ml<\/strong><\/div>\n<div>Lumineo produktai yra sukurti naudoti tik su oficialiais Lumineo prietaisais.<\/div>\n<\/div>\n<div class=\"min-h-8 text-message relative flex w-full flex-col items-end gap-2 text-start break-words whitespace-normal [.text-message+&amp;]:mt-5\" dir=\"auto\" data-message-author-role=\"assistant\" data-message-id=\"fa5a73e5-dd83-4fe1-a791-eba83a3ea454\" data-message-model-slug=\"gpt-4o-mini\">\n<div class=\"flex w-full flex-col gap-1 empty:hidden first:pt-[3px]\">\n<div class=\"markdown prose dark:prose-invert w-full break-words light\">\n<p data-start=\"3301\" data-end=\"3320\"><img decoding=\"async\" src=\"https:\/\/upload.cdn.baselinker.com\/products\/3016653\/b56f37accc88ef2f19b656988e150a0f.png\" \/><img fetchpriority=\"high\" decoding=\"async\" class=\"\" src=\"https:\/\/upload.cdn.baselinker.com\/products\/3016653\/f6019fe04492ebccb848544140799544.png\" width=\"299\" height=\"269\" \/><\/p>\n<p data-start=\"3301\" data-end=\"3320\"><strong data-start=\"132\" data-end=\"172\">TINKA SPUOGUOTAI IR PROBLEMINEI ODAI<\/strong><br data-start=\"172\" data-end=\"175\" \/>\u0160is valymo gelis buvo sukurtas su specialiai parinktais ingredientais, kurie padeda suma\u017einti odos tr\u016bkum\u0173 matomum\u0105.<br data-start=\"291\" data-end=\"294\" \/>Puikiai i\u0161valo od\u0105 ir poras.<br data-start=\"322\" data-end=\"325\" \/>Padeda kontroliuoti problemin\u0119 od\u0105.<\/p>\n<p data-start=\"3301\" data-end=\"3320\"><img decoding=\"async\" class=\"\" src=\"https:\/\/upload.cdn.baselinker.com\/products\/3016653\/824a7e6bdc69eae2b12f0bcd7b57f791.jpg\" width=\"302\" height=\"302\" \/><\/p>\n<p data-start=\"3301\" data-end=\"3320\"><strong data-start=\"362\" data-end=\"389\">12 NAT\u016aRALI\u0172 INGREDIET\u0172<\/strong><br data-start=\"389\" data-end=\"392\" \/><strong data-start=\"392\" data-end=\"411\">Kin\u0173 citrin\u017eol\u0117<\/strong> \u2013 valo, \u0161viesina, pagreitina epidermio regeneracij\u0105.<br data-start=\"464\" data-end=\"467\" \/><strong data-start=\"467\" data-end=\"491\">Vitamin\u0173 B3 dariniai<\/strong> \u2013 \u0161viesina hiperpigmentacij\u0105, reguliuoja riebalines liaukas.<br data-start=\"552\" data-end=\"555\" \/><strong data-start=\"555\" data-end=\"575\">Salicilo r\u016bg\u0161tis<\/strong> \u2013 turi prie\u0161 spuog\u0173 ir \u0161vei\u010diam\u0105j\u012f poveik\u012f.<br data-start=\"619\" data-end=\"622\" \/><strong data-start=\"622\" data-end=\"638\">Ry\u017ei\u0173 s\u0117klos<\/strong> \u2013 valo, regeneruoja, naikina saus\u0105 od\u0105.<br data-start=\"678\" data-end=\"681\" \/><strong data-start=\"681\" data-end=\"704\">Narcizo svog\u016bn\u0117liai<\/strong> \u2013 turi prie\u0161 sen\u0117jimo poveik\u012f, stiprina odos l\u0105steles, suteikia elastingumo.<br data-start=\"781\" data-end=\"784\" \/><strong data-start=\"784\" data-end=\"805\">Agurk\u0173 ekstraktas<\/strong> \u2013 dr\u0117kina ir atgaivina.<br data-start=\"829\" data-end=\"832\" \/><strong data-start=\"832\" data-end=\"856\">Ramun\u0117li\u0173 ekstraktas<\/strong> \u2013 turi antibakterin\u012f poveik\u012f, ramina u\u017edegimus ir dirginimus.<br data-start=\"918\" data-end=\"921\" \/><strong data-start=\"921\" data-end=\"930\">Aloja<\/strong> \u2013 dr\u0117kina ir ramina dirginimus.<br data-start=\"962\" data-end=\"965\" \/><strong data-start=\"965\" data-end=\"997\">\u017daliosios arbatos ekstraktas<\/strong> \u2013 antioksidantas, antibakterinis ir prie\u0161u\u017edegiminis poveikis, slopina kolageno suskirstym\u0105.<br data-start=\"1090\" data-end=\"1093\" \/><strong data-start=\"1093\" data-end=\"1116\">Arbatmed\u017eio aliejus<\/strong> \u2013 turi antibakterin\u012f poveik\u012f, padeda gydyti tr\u016bkumus, neleid\u017eia atsirasti naujiems, normalizuoja riebalini\u0173 liauk\u0173 darb\u0105.<br data-start=\"1238\" data-end=\"1241\" \/><strong data-start=\"1241\" data-end=\"1261\">Glikolio r\u016bg\u0161tis<\/strong> \u2013 veikia kaip antimikrobin\u0117 med\u017eiaga, i\u0161lygina pigmentacijos netolygumus, suma\u017eina por\u0173 matomum\u0105, gerina odos dr\u0117kinim\u0105.<br data-start=\"1382\" data-end=\"1385\" \/><strong data-start=\"1385\" data-end=\"1411\">Anti-sen\u0117jimo peptidas<\/strong> \u2013 turi stiprias antioksidacines savybes, stimuliuoja kolageno sintez\u0119, saugo l\u0105steles nuo oksidacinio streso.<\/p>\n<p data-start=\"3301\" data-end=\"3320\"><img decoding=\"async\" class=\"\" src=\"https:\/\/upload.cdn.baselinker.com\/products\/3016653\/21b845c8bc05cdcefb384308146f3193.jpg\" width=\"259\" height=\"259\" \/><\/p>\n<p data-start=\"1027\" data-end=\"1106\"><strong data-start=\"1523\" data-end=\"1548\">I\u0160SKIRTINAI EFEKTYVUS<\/strong><br data-start=\"1548\" data-end=\"1551\" \/>Vienos t\u016bbel\u0117s u\u017etenka ma\u017edaug 60 proced\u016br\u0173!<\/p>\n<p data-start=\"1597\" data-end=\"1878\"><strong data-start=\"1597\" data-end=\"1625\">DUO-FASTIC TECHNOLOGIJA!<\/strong><br data-start=\"1625\" data-end=\"1628\" \/><strong data-start=\"1628\" data-end=\"1665\">I\u0160BANDYKITE SU LUMINEO \u0160EPET\u0116LIU!<\/strong><br data-start=\"1665\" data-end=\"1668\" \/>Gelio + \u0160epet\u0117lio* = Dviguba Valymo Galia<br data-start=\"1709\" data-end=\"1712\" \/>LUMINEO produktai sukurti remiantis DUO-FASTIC technologija \u2013 tai unikalus prie\u017ei\u016bros \u012frenginio ir kosmetikos produkto derinys, pritaikytas ir i\u0161bandytas efektyvumui.<\/p>\n<p data-start=\"1880\" data-end=\"1944\">D\u0117ka DUO-FASTIC technologijos, rezultatus pamatysite i\u0161 karto!<\/p>\n<ul data-start=\"1945\" data-end=\"1978\">\n<li data-start=\"1945\" data-end=\"1978\">\n<p data-start=\"1947\" data-end=\"1978\">\u0160epet\u0117lis parduodamas atskirai.<\/p>\n<\/li>\n<\/ul>\n<p data-start=\"4988\" data-end=\"5045\"><img loading=\"lazy\" decoding=\"async\" class=\"\" src=\"https:\/\/upload.cdn.baselinker.com\/products\/3016653\/eceeab3a014e20b86da499731b2ca6ff.png\" width=\"363\" height=\"515\" \/><\/p>\n<p data-start=\"1292\" data-end=\"1591\"><strong data-start=\"1292\" data-end=\"1343\">LUMINEO GELIO EFEKTYVUMAS PATVIRTINTAS TYRIMAIS<\/strong><br data-start=\"1343\" data-end=\"1346\" \/>Profesionalus vertinimas buvo atliktas nepriklausomo tyrim\u0173 laboratorijos per 30 dien\u0173 in vivo vartotoj\u0173 tyrim\u0105, kuriame dalyvavo 20 moter\u0173 nuo 18 iki 75 met\u0173 am\u017eiaus, turin\u010di\u0173 \u012fvairius odos tipus: jautri\u0105, saus\u0105, normali\u0105, mi\u0161ri\u0105 ir riebi\u0105 od\u0105.<\/p>\n<p data-start=\"1593\" data-end=\"1678\">Visos dalyv\u0117s namuose ryte ir vakare 4 savaites naudojosi LUMINEO \u0161epet\u0117liu ir geliu.<\/p>\n<p data-start=\"4988\" data-end=\"5045\"><img loading=\"lazy\" decoding=\"async\" class=\"\" src=\"https:\/\/upload.cdn.baselinker.com\/products\/3016653\/0c2606933afbc670bcc261e215884e34.jpg\" width=\"327\" height=\"327\" \/><\/p>\n<p data-start=\"4988\" data-end=\"5045\"><strong data-start=\"1980\" data-end=\"2027\">KAIP NAUDOTI LUMINEO SUPREME CLEANSER GEL\u012e?<\/strong><br data-start=\"2027\" data-end=\"2030\" \/>Rekomenduojame valyti veid\u0105 kasryt ir vakare.<br data-start=\"2075\" data-end=\"2078\" \/><strong data-start=\"2078\" data-end=\"2084\">1.<\/strong> Sudr\u0117kinkite veid\u0105 \u0161iltu vandeniu.<br data-start=\"2119\" data-end=\"2122\" \/><strong data-start=\"2122\" data-end=\"2128\">2.<\/strong> U\u017etepkite gaus\u0173 LUMINEO Supreme Cleanser gelio kiek\u012f ant veido (venkite aki\u0173 vok\u0173 ir l\u016bp\u0173 srities).<br data-start=\"2228\" data-end=\"2231\" \/><strong data-start=\"2231\" data-end=\"2237\">3.<\/strong> Padalinkite veid\u0105 \u012f keturias zonas ir atlikite proced\u016br\u0105 su \u0161epet\u0117liu (po 20 sek. kiekvienoje zonoje).<br data-start=\"2340\" data-end=\"2343\" \/><strong data-start=\"2343\" data-end=\"2349\">4.<\/strong> Nuplaukite likus\u012f gel\u012f nuo veido, tada sausinkite veid\u0105 \u0161velniu rank\u0161luos\u010diu.<\/p>\n<\/div>\n<p data-start=\"4988\" data-end=\"5045\"><img loading=\"lazy\" decoding=\"async\" class=\"\" src=\"https:\/\/upload.cdn.baselinker.com\/products\/3016653\/b14570fbc2335b537d7be78433f4e0a5.jpg\" width=\"325\" height=\"325\" \/><\/p>\n<p data-start=\"2429\" data-end=\"3099\"><strong data-start=\"2429\" data-end=\"2462\">PRODUKTO MATMENYS IR SUD\u0116TIS:<\/strong><br data-start=\"2462\" data-end=\"2465\" \/><strong data-start=\"2465\" data-end=\"2477\">Sud\u0117tis:<\/strong> Vanduo, Glicerinas, Niacinamidas, Cetearyl alkoholis, Cocamidopropyl Betaine, Coco-Glucoside, Salicilo r\u016bg\u0161tis, Karnosinas, Oryza Sativa ekstraktas, Schizandra Chinensis vaisi\u0173 ekstraktas, Narcissus Tazetta svog\u016bn\u0117li\u0173 ekstraktas, Agurk\u0173 ekstraktas, Chamomilla Recutita g\u0117li\u0173 ekstraktas, Aloe Barbadensis lap\u0173 sultys, Camellia Sinensis lap\u0173 ekstraktas, Polidekstroz\u0117, Dextrinas, Amilopektinas, Glikolio r\u016bg\u0161tis, Phenoxyethanol, Carbomer, Ksantano guma, Melaleuca Alternifolia lap\u0173 aliejus, Parfum, Etilheksilglicerinas, Natrio Benzoatas, Kalio Sorbatas, Disodium EDTA, Natrio Hidroksidas, Natrio Chloridas, Hexyl Cinnamal.<\/p>\n<p data-start=\"3101\" data-end=\"3159\"><strong data-start=\"3101\" data-end=\"3111\">Talpa:<\/strong> 100 ml<br data-start=\"3118\" data-end=\"3121\" \/><strong data-start=\"3121\" data-end=\"3143\">Produkto matmenys:<\/strong> 14.2 x 3.7 cm<\/p>\n<div class=\"markdown prose dark:prose-invert w-full break-words light\">\n<p data-start=\"4988\" data-end=\"5045\"><strong>Mes esame oficial\u016bs LUMINEO produkt\u0173 atstovai Lietuvoje ir Baltijos \u0161alyse. Si\u016blome auk\u0161\u010diausios kokyb\u0117s veido prie\u017ei\u016bros sistemas, kurios sujungia inovatyvius SPA \u012frenginius ir profesionaliai pritaikyt\u0105 kosmetik\u0105, kad u\u017etikrintume matomus rezultatus ir auk\u0161\u010diausi\u0105 klient\u0173 pasitenkinim\u0105. M\u016bs\u0173 tikslas \u2013 suteikti galimyb\u0119 m\u0117gautis profesionaliomis SPA proced\u016bromis tiesiai namuose.<\/strong><\/p>\n<p data-start=\"3903\" data-end=\"3936\"><img decoding=\"async\" src=\"https:\/\/upload.cdn.baselinker.com\/products\/3016653\/5f05b907fad41a229d3e848f399c0f7f.png\" alt=\"5f05b907fad41a229d3e848f399c0f7f.png\" data-external-url=\"\" \/><\/p>\n<\/div>\n<\/div>\n<\/div>\n<\/div>\n<\/div>\n<div class=\"absolute\">\n<div class=\"flex items-center justify-center\"><\/div>\n<\/div>\n<\/div>\n<\/div>\n<\/div>\n<\/article>\n<div class=\"pointer-events-none h-px w-px\" aria-hidden=\"true\" data-edge=\"true\"><\/div>\n","protected":false},"excerpt":{"rendered":"<p>LUMINEO SUPREME CLEANSERVeido valymo gelis su nat\u016braliais ingredientaisIdealus naudoti su veido \u0161epet\u0117liais100 ml Lumineo produktai yra sukurti naudoti tik su oficialiais Lumineo&hellip;<\/p>\n","protected":false},"featured_media":74863,"template":"","meta":[],"product_brand":[1324],"product_cat":[1327,537],"product_tag":[1345],"class_list":{"0":"post-55939","1":"product","2":"type-product","3":"status-publish","4":"has-post-thumbnail","6":"product_brand-lumineo","7":"product_cat-lumineo-veido-valymo-geliai","8":"product_cat-veido-valymo-priemones","9":"product_tag-lumineo","11":"first","12":"instock","13":"sale","14":"taxable","15":"shipping-taxable","16":"purchasable","17":"product-type-simple"},"yoast_head":"<!-- This site is optimized with the Yoast SEO plugin v27.4 - https:\/\/yoast.com\/product\/yoast-seo-wordpress\/ -->\n<title>LUMINEO veido gelis, 100ml (probleminiai odos tipai) - MalinaShop.lt J\u016bs\u0173 sveikatai ir gro\u017eiui.<\/title>\n<meta name=\"description\" content=\"LUMINEO Supreme Cleanser gelis \u2013 nat\u016bralus veido valymo gelis su augal\u0173 ekstraktais, skirtas visiems odos tipams. Suteikia gil\u0173 valym\u0105 ir matomus rezultatus, kai naudojamas su LUMINEO \u0161epet\u0117liu.\" \/>\n<meta name=\"robots\" content=\"index, follow, max-snippet:-1, max-image-preview:large, max-video-preview:-1\" \/>\n<link rel=\"canonical\" href=\"https:\/\/www.malinashop.lt\/lt_lt\/shop\/lumineo-veido-gelis-100ml-probleminiai-odos-tipai\/\" \/>\n<meta property=\"og:locale\" content=\"lt_LT\" \/>\n<meta property=\"og:type\" content=\"article\" \/>\n<meta property=\"og:title\" content=\"LUMINEO veido gelis, 100ml (probleminiai odos tipai) - MalinaShop.lt J\u016bs\u0173 sveikatai ir gro\u017eiui.\" \/>\n<meta property=\"og:description\" content=\"LUMINEO Supreme Cleanser gelis \u2013 nat\u016bralus veido valymo gelis su augal\u0173 ekstraktais, skirtas visiems odos tipams. Suteikia gil\u0173 valym\u0105 ir matomus rezultatus, kai naudojamas su LUMINEO \u0161epet\u0117liu.\" \/>\n<meta property=\"og:url\" content=\"https:\/\/www.malinashop.lt\/lt_lt\/shop\/lumineo-veido-gelis-100ml-probleminiai-odos-tipai\/\" \/>\n<meta property=\"og:site_name\" content=\"MalinaShop.lt J\u016bs\u0173 sveikatai ir gro\u017eiui.\" \/>\n<meta property=\"article:modified_time\" content=\"2026-04-16T18:11:05+00:00\" \/>\n<meta property=\"og:image\" content=\"https:\/\/www.malinashop.lt\/wp-content\/uploads\/2025\/06\/Gemini_Generated_Image_jzx93hjzx93hjzx9.png\" \/>\n\t<meta property=\"og:image:width\" content=\"1024\" \/>\n\t<meta property=\"og:image:height\" content=\"1024\" \/>\n\t<meta property=\"og:image:type\" content=\"image\/png\" \/>\n<meta name=\"twitter:card\" content=\"summary_large_image\" \/>\n<script type=\"application\/ld+json\" class=\"yoast-schema-graph\">{\"@context\":\"https:\\\/\\\/schema.org\",\"@graph\":[{\"@type\":\"WebPage\",\"@id\":\"https:\\\/\\\/www.malinashop.lt\\\/shop\\\/lumineo-veido-gelis-100ml-probleminiai-odos-tipai\\\/\",\"url\":\"https:\\\/\\\/www.malinashop.lt\\\/shop\\\/lumineo-veido-gelis-100ml-probleminiai-odos-tipai\\\/\",\"name\":\"LUMINEO veido gelis, 100ml (probleminiai odos tipai) - MalinaShop.lt J\u016bs\u0173 sveikatai ir gro\u017eiui.\",\"isPartOf\":{\"@id\":\"https:\\\/\\\/www.malinashop.lt\\\/#website\"},\"primaryImageOfPage\":{\"@id\":\"https:\\\/\\\/www.malinashop.lt\\\/shop\\\/lumineo-veido-gelis-100ml-probleminiai-odos-tipai\\\/#primaryimage\"},\"image\":{\"@id\":\"https:\\\/\\\/www.malinashop.lt\\\/shop\\\/lumineo-veido-gelis-100ml-probleminiai-odos-tipai\\\/#primaryimage\"},\"thumbnailUrl\":\"https:\\\/\\\/www.malinashop.lt\\\/wp-content\\\/uploads\\\/2025\\\/06\\\/Gemini_Generated_Image_jzx93hjzx93hjzx9.png\",\"datePublished\":\"2025-06-03T19:20:03+00:00\",\"dateModified\":\"2026-04-16T18:11:05+00:00\",\"description\":\"LUMINEO Supreme Cleanser gelis \u2013 nat\u016bralus veido valymo gelis su augal\u0173 ekstraktais, skirtas visiems odos tipams. Suteikia gil\u0173 valym\u0105 ir matomus rezultatus, kai naudojamas su LUMINEO \u0161epet\u0117liu.\",\"breadcrumb\":{\"@id\":\"https:\\\/\\\/www.malinashop.lt\\\/shop\\\/lumineo-veido-gelis-100ml-probleminiai-odos-tipai\\\/#breadcrumb\"},\"inLanguage\":\"lt-LT\",\"potentialAction\":[{\"@type\":\"ReadAction\",\"target\":[\"https:\\\/\\\/www.malinashop.lt\\\/shop\\\/lumineo-veido-gelis-100ml-probleminiai-odos-tipai\\\/\"]}]},{\"@type\":\"ImageObject\",\"inLanguage\":\"lt-LT\",\"@id\":\"https:\\\/\\\/www.malinashop.lt\\\/shop\\\/lumineo-veido-gelis-100ml-probleminiai-odos-tipai\\\/#primaryimage\",\"url\":\"https:\\\/\\\/www.malinashop.lt\\\/wp-content\\\/uploads\\\/2025\\\/06\\\/Gemini_Generated_Image_jzx93hjzx93hjzx9.png\",\"contentUrl\":\"https:\\\/\\\/www.malinashop.lt\\\/wp-content\\\/uploads\\\/2025\\\/06\\\/Gemini_Generated_Image_jzx93hjzx93hjzx9.png\",\"width\":1024,\"height\":1024},{\"@type\":\"BreadcrumbList\",\"@id\":\"https:\\\/\\\/www.malinashop.lt\\\/shop\\\/lumineo-veido-gelis-100ml-probleminiai-odos-tipai\\\/#breadcrumb\",\"itemListElement\":[{\"@type\":\"ListItem\",\"position\":1,\"name\":\"Pagrindinis\",\"item\":\"https:\\\/\\\/www.malinashop.lt\\\/\"},{\"@type\":\"ListItem\",\"position\":2,\"name\":\"Parduotuv\u0117\",\"item\":\"https:\\\/\\\/www.malinashop.lt\\\/en\\\/parduotuve\\\/\"},{\"@type\":\"ListItem\",\"position\":3,\"name\":\"LUMINEO veido gelis, 100ml (probleminiai odos tipai)\"}]},{\"@type\":\"WebSite\",\"@id\":\"https:\\\/\\\/www.malinashop.lt\\\/#website\",\"url\":\"https:\\\/\\\/www.malinashop.lt\\\/\",\"name\":\"COM Group Ecommerce\",\"description\":\"MalinaShop.lt - Gro\u017eio ir sveikatos produktai i\u0161 patikim\u0173 preki\u0173 \u017eenkl\u0173. Atraskite auk\u0161tos kokyb\u0117s kosmetik\u0105 u\u017e puiki\u0105 kain\u0105.\",\"publisher\":{\"@id\":\"https:\\\/\\\/www.malinashop.lt\\\/#organization\"},\"potentialAction\":[{\"@type\":\"SearchAction\",\"target\":{\"@type\":\"EntryPoint\",\"urlTemplate\":\"https:\\\/\\\/www.malinashop.lt\\\/?s={search_term_string}\"},\"query-input\":{\"@type\":\"PropertyValueSpecification\",\"valueRequired\":true,\"valueName\":\"search_term_string\"}}],\"inLanguage\":\"lt-LT\"},{\"@type\":\"Organization\",\"@id\":\"https:\\\/\\\/www.malinashop.lt\\\/#organization\",\"name\":\"COM Group Ecommerce\",\"url\":\"https:\\\/\\\/www.malinashop.lt\\\/\",\"logo\":{\"@type\":\"ImageObject\",\"inLanguage\":\"lt-LT\",\"@id\":\"https:\\\/\\\/www.malinashop.lt\\\/#\\\/schema\\\/logo\\\/image\\\/\",\"url\":\"https:\\\/\\\/www.malinashop.lt\\\/wp-content\\\/uploads\\\/2024\\\/08\\\/462559670_3787732518133670_9795632669273463_n-e1731525914575.png\",\"contentUrl\":\"https:\\\/\\\/www.malinashop.lt\\\/wp-content\\\/uploads\\\/2024\\\/08\\\/462559670_3787732518133670_9795632669273463_n-e1731525914575.png\",\"width\":180,\"height\":60,\"caption\":\"COM Group Ecommerce\"},\"image\":{\"@id\":\"https:\\\/\\\/www.malinashop.lt\\\/#\\\/schema\\\/logo\\\/image\\\/\"}}]}<\/script>\n<!-- \/ Yoast SEO plugin. -->","yoast_head_json":{"title":"LUMINEO veido gelis, 100ml (probleminiai odos tipai) - MalinaShop.lt J\u016bs\u0173 sveikatai ir gro\u017eiui.","description":"LUMINEO Supreme Cleanser gelis \u2013 nat\u016bralus veido valymo gelis su augal\u0173 ekstraktais, skirtas visiems odos tipams. Suteikia gil\u0173 valym\u0105 ir matomus rezultatus, kai naudojamas su LUMINEO \u0161epet\u0117liu.","robots":{"index":"index","follow":"follow","max-snippet":"max-snippet:-1","max-image-preview":"max-image-preview:large","max-video-preview":"max-video-preview:-1"},"canonical":"https:\/\/www.malinashop.lt\/lt_lt\/shop\/lumineo-veido-gelis-100ml-probleminiai-odos-tipai\/","og_locale":"lt_LT","og_type":"article","og_title":"LUMINEO veido gelis, 100ml (probleminiai odos tipai) - MalinaShop.lt J\u016bs\u0173 sveikatai ir gro\u017eiui.","og_description":"LUMINEO Supreme Cleanser gelis \u2013 nat\u016bralus veido valymo gelis su augal\u0173 ekstraktais, skirtas visiems odos tipams. Suteikia gil\u0173 valym\u0105 ir matomus rezultatus, kai naudojamas su LUMINEO \u0161epet\u0117liu.","og_url":"https:\/\/www.malinashop.lt\/lt_lt\/shop\/lumineo-veido-gelis-100ml-probleminiai-odos-tipai\/","og_site_name":"MalinaShop.lt J\u016bs\u0173 sveikatai ir gro\u017eiui.","article_modified_time":"2026-04-16T18:11:05+00:00","og_image":[{"width":1024,"height":1024,"url":"https:\/\/www.malinashop.lt\/wp-content\/uploads\/2025\/06\/Gemini_Generated_Image_jzx93hjzx93hjzx9.png","type":"image\/png"}],"twitter_card":"summary_large_image","schema":{"@context":"https:\/\/schema.org","@graph":[{"@type":"WebPage","@id":"https:\/\/www.malinashop.lt\/shop\/lumineo-veido-gelis-100ml-probleminiai-odos-tipai\/","url":"https:\/\/www.malinashop.lt\/shop\/lumineo-veido-gelis-100ml-probleminiai-odos-tipai\/","name":"LUMINEO veido gelis, 100ml (probleminiai odos tipai) - MalinaShop.lt J\u016bs\u0173 sveikatai ir gro\u017eiui.","isPartOf":{"@id":"https:\/\/www.malinashop.lt\/#website"},"primaryImageOfPage":{"@id":"https:\/\/www.malinashop.lt\/shop\/lumineo-veido-gelis-100ml-probleminiai-odos-tipai\/#primaryimage"},"image":{"@id":"https:\/\/www.malinashop.lt\/shop\/lumineo-veido-gelis-100ml-probleminiai-odos-tipai\/#primaryimage"},"thumbnailUrl":"https:\/\/www.malinashop.lt\/wp-content\/uploads\/2025\/06\/Gemini_Generated_Image_jzx93hjzx93hjzx9.png","datePublished":"2025-06-03T19:20:03+00:00","dateModified":"2026-04-16T18:11:05+00:00","description":"LUMINEO Supreme Cleanser gelis \u2013 nat\u016bralus veido valymo gelis su augal\u0173 ekstraktais, skirtas visiems odos tipams. Suteikia gil\u0173 valym\u0105 ir matomus rezultatus, kai naudojamas su LUMINEO \u0161epet\u0117liu.","breadcrumb":{"@id":"https:\/\/www.malinashop.lt\/shop\/lumineo-veido-gelis-100ml-probleminiai-odos-tipai\/#breadcrumb"},"inLanguage":"lt-LT","potentialAction":[{"@type":"ReadAction","target":["https:\/\/www.malinashop.lt\/shop\/lumineo-veido-gelis-100ml-probleminiai-odos-tipai\/"]}]},{"@type":"ImageObject","inLanguage":"lt-LT","@id":"https:\/\/www.malinashop.lt\/shop\/lumineo-veido-gelis-100ml-probleminiai-odos-tipai\/#primaryimage","url":"https:\/\/www.malinashop.lt\/wp-content\/uploads\/2025\/06\/Gemini_Generated_Image_jzx93hjzx93hjzx9.png","contentUrl":"https:\/\/www.malinashop.lt\/wp-content\/uploads\/2025\/06\/Gemini_Generated_Image_jzx93hjzx93hjzx9.png","width":1024,"height":1024},{"@type":"BreadcrumbList","@id":"https:\/\/www.malinashop.lt\/shop\/lumineo-veido-gelis-100ml-probleminiai-odos-tipai\/#breadcrumb","itemListElement":[{"@type":"ListItem","position":1,"name":"Pagrindinis","item":"https:\/\/www.malinashop.lt\/"},{"@type":"ListItem","position":2,"name":"Parduotuv\u0117","item":"https:\/\/www.malinashop.lt\/en\/parduotuve\/"},{"@type":"ListItem","position":3,"name":"LUMINEO veido gelis, 100ml (probleminiai odos tipai)"}]},{"@type":"WebSite","@id":"https:\/\/www.malinashop.lt\/#website","url":"https:\/\/www.malinashop.lt\/","name":"COM Group Ecommerce","description":"MalinaShop.lt - Gro\u017eio ir sveikatos produktai i\u0161 patikim\u0173 preki\u0173 \u017eenkl\u0173. Atraskite auk\u0161tos kokyb\u0117s kosmetik\u0105 u\u017e puiki\u0105 kain\u0105.","publisher":{"@id":"https:\/\/www.malinashop.lt\/#organization"},"potentialAction":[{"@type":"SearchAction","target":{"@type":"EntryPoint","urlTemplate":"https:\/\/www.malinashop.lt\/?s={search_term_string}"},"query-input":{"@type":"PropertyValueSpecification","valueRequired":true,"valueName":"search_term_string"}}],"inLanguage":"lt-LT"},{"@type":"Organization","@id":"https:\/\/www.malinashop.lt\/#organization","name":"COM Group Ecommerce","url":"https:\/\/www.malinashop.lt\/","logo":{"@type":"ImageObject","inLanguage":"lt-LT","@id":"https:\/\/www.malinashop.lt\/#\/schema\/logo\/image\/","url":"https:\/\/www.malinashop.lt\/wp-content\/uploads\/2024\/08\/462559670_3787732518133670_9795632669273463_n-e1731525914575.png","contentUrl":"https:\/\/www.malinashop.lt\/wp-content\/uploads\/2024\/08\/462559670_3787732518133670_9795632669273463_n-e1731525914575.png","width":180,"height":60,"caption":"COM Group Ecommerce"},"image":{"@id":"https:\/\/www.malinashop.lt\/#\/schema\/logo\/image\/"}}]}},"jetpack_sharing_enabled":true,"_links":{"self":[{"href":"https:\/\/www.malinashop.lt\/lt_lt\/wp-json\/wp\/v2\/product\/55939","targetHints":{"allow":["GET"]}}],"collection":[{"href":"https:\/\/www.malinashop.lt\/lt_lt\/wp-json\/wp\/v2\/product"}],"about":[{"href":"https:\/\/www.malinashop.lt\/lt_lt\/wp-json\/wp\/v2\/types\/product"}],"version-history":[{"count":3,"href":"https:\/\/www.malinashop.lt\/lt_lt\/wp-json\/wp\/v2\/product\/55939\/revisions"}],"predecessor-version":[{"id":58228,"href":"https:\/\/www.malinashop.lt\/lt_lt\/wp-json\/wp\/v2\/product\/55939\/revisions\/58228"}],"wp:featuredmedia":[{"embeddable":true,"href":"https:\/\/www.malinashop.lt\/lt_lt\/wp-json\/wp\/v2\/media\/74863"}],"wp:attachment":[{"href":"https:\/\/www.malinashop.lt\/lt_lt\/wp-json\/wp\/v2\/media?parent=55939"}],"wp:term":[{"taxonomy":"product_brand","embeddable":true,"href":"https:\/\/www.malinashop.lt\/lt_lt\/wp-json\/wp\/v2\/product_brand?post=55939"},{"taxonomy":"product_cat","embeddable":true,"href":"https:\/\/www.malinashop.lt\/lt_lt\/wp-json\/wp\/v2\/product_cat?post=55939"},{"taxonomy":"product_tag","embeddable":true,"href":"https:\/\/www.malinashop.lt\/lt_lt\/wp-json\/wp\/v2\/product_tag?post=55939"}],"curies":[{"name":"wp","href":"https:\/\/api.w.org\/{rel}","templated":true}]}}