{"id":55793,"date":"2025-06-03T22:20:40","date_gmt":"2025-06-03T19:20:40","guid":{"rendered":"https:\/\/malinashop.lt\/?post_type=product&#038;p=55793"},"modified":"2026-04-16T21:11:03","modified_gmt":"2026-04-16T18:11:03","slug":"lumineo-kremas-nuo-spuogu-ir-problematiskai-odai-75ml","status":"publish","type":"product","link":"https:\/\/www.malinashop.lt\/lt_lt\/shop\/lumineo-kremas-nuo-spuogu-ir-problematiskai-odai-75ml\/","title":{"rendered":"LUMINEO kremas nuo spuog\u0173 ir problemati\u0161kai odai, 75ml"},"content":{"rendered":"<div class=\"item item-12\">Lumineo produktai yra sukurti naudoti tik su oficialiais Lumineo prietaisais.<\/div>\n<div class=\"item item-12\">\n<p data-start=\"0\" data-end=\"69\"><strong data-start=\"0\" data-end=\"69\"><img decoding=\"async\" src=\"https:\/\/upload.cdn.baselinker.com\/products\/3016653\/99459a00a85b8ee7fe9fe9df9bf08505.jpg\" alt=\"99459a00a85b8ee7fe9fe9df9bf08505.jpg\" \/><\/strong><\/p>\n<p data-start=\"0\" data-end=\"69\"><strong data-start=\"0\" data-end=\"69\">LUMINEO BIO ANTIBAKTERINIS KREMAS SPUOGUOTAI IR PROBLEMATI\u0160KAI ODAI<\/strong><\/p>\n<p data-start=\"71\" data-end=\"253\">LUMINEO prek\u0117s \u017eenklas savo klientams si\u016blo pa\u017eangiausias veido ir k\u016bno prie\u017ei\u016bros sistemas namams, sudarytas i\u0161 inovatyvi\u0173 SPA \u012frengini\u0173 ir puikiai pritaikyt\u0173 kosmetikos priemoni\u0173.<\/p>\n<p data-start=\"255\" data-end=\"492\">Mes bendradarbiaujame su geriausiomis lenk\u0173 kosmetikos laboratorijomis, tod\u0117l m\u016bs\u0173 klientai gauna auk\u0161\u010diausios kokyb\u0117s produktus, u\u017etikrinan\u010dius matomus rezultatus ir leid\u017eian\u010dius m\u0117gautis profesionaliomis SPA proced\u016bromis nam\u0173 komforte.<\/p>\n<p data-start=\"494\" data-end=\"634\">M\u016bs\u0173 kosmetikos efektyvum\u0105 patvirtina dermatologiniais tyrimais, o \u012frengini\u0173 saugumas ir auk\u0161\u010diausia kokyb\u0117 yra patvirtinta ES CE sertifikatu.<\/p>\n<p data-start=\"494\" data-end=\"634\"><strong data-start=\"636\" data-end=\"705\">LUMINEO BIO ANTIBAKTERINIS KREMAS SPUOGUOTAI IR PROBLEMINIAI ODAI<\/strong><br data-start=\"705\" data-end=\"708\" \/>I\u0161skirtinai veiksmingas atkim\u0161ant poras, slopinant nauj\u0173 spuog\u0173 ir juod\u0173j\u0173 ta\u0161k\u0173 susidarym\u0105, ma\u017eina spuog\u0173 randus ir d\u0117mes.<\/p>\n<p data-start=\"494\" data-end=\"634\"><img fetchpriority=\"high\" decoding=\"async\" class=\"alignnone\" src=\"https:\/\/upload.cdn.baselinker.com\/products\/3016653\/de628431d8f3604edd35ae734503c6b3.jpg\" alt=\"de628431d8f3604edd35ae734503c6b3.jpg\" width=\"413\" height=\"413\" \/><\/p>\n<p data-start=\"494\" data-end=\"634\"><strong data-start=\"833\" data-end=\"859\">NAT\u016aRAL\u016aS INGREDIENTAI<\/strong><\/p>\n<\/div>\n<article class=\"text-token-text-primary w-full\" dir=\"auto\" data-testid=\"conversation-turn-22\" data-scroll-anchor=\"true\">\n<div class=\"text-base my-auto mx-auto py-5 [--thread-content-margin:--spacing(4)] @[37rem]:[--thread-content-margin:--spacing(6)] @[72rem]:[--thread-content-margin:--spacing(16)] px-(--thread-content-margin)\">\n<div class=\"[--thread-content-max-width:32rem] @[34rem]:[--thread-content-max-width:40rem] @[64rem]:[--thread-content-max-width:48rem] mx-auto flex max-w-(--thread-content-max-width) flex-1 text-base gap-4 md:gap-5 lg:gap-6 group\/turn-messages focus-visible:outline-hidden\">\n<div class=\"group\/conversation-turn relative flex w-full min-w-0 flex-col agent-turn\">\n<div class=\"relative flex-col gap-1 md:gap-3\">\n<div class=\"flex max-w-full flex-col grow\">\n<div class=\"min-h-8 text-message relative flex w-full flex-col items-end gap-2 text-start break-words whitespace-normal [.text-message+&amp;]:mt-5\" dir=\"auto\" data-message-author-role=\"assistant\" data-message-id=\"fa5a73e5-dd83-4fe1-a791-eba83a3ea454\" data-message-model-slug=\"gpt-4o-mini\">\n<div class=\"flex w-full flex-col gap-1 empty:hidden first:pt-[3px]\">\n<div class=\"markdown prose dark:prose-invert w-full break-words light\">\n<p data-start=\"833\" data-end=\"989\">Kremas turi \u0161veln\u0173 \u0161vei\u010diam\u0105j\u012f poveik\u012f, dr\u0117kina, lygina od\u0105 ir gerina jos elastingum\u0105 bei \u0161velnum\u0105, saugo nuo saul\u0117s spinduli\u0173.<\/p>\n<p data-start=\"991\" data-end=\"1054\">Turtingas antioksidanto vitamino C, jis apsaugo ir maitina od\u0105.<\/p>\n<p data-start=\"1056\" data-end=\"1085\"><strong data-start=\"1056\" data-end=\"1083\">AKTYVIEJI INGREDIENTAI:<\/strong><\/p>\n<ul data-start=\"1086\" data-end=\"1294\">\n<li data-start=\"1086\" data-end=\"1107\">\n<p data-start=\"1088\" data-end=\"1107\">Agurk\u0173 ekstraktas<\/p>\n<\/li>\n<li data-start=\"1108\" data-end=\"1134\">\n<p data-start=\"1110\" data-end=\"1134\">Vynuogi\u0173 s\u0117kl\u0173 aliejus<\/p>\n<\/li>\n<li data-start=\"1135\" data-end=\"1155\">\n<p data-start=\"1137\" data-end=\"1155\">Salicilo r\u016bg\u0161tis<\/p>\n<\/li>\n<li data-start=\"1156\" data-end=\"1294\">\n<p data-start=\"1158\" data-end=\"1294\">Hialurono r\u016bg\u0161tis<br data-start=\"1175\" data-end=\"1178\" \/>Vynuogi\u0173 s\u0117kl\u0173 aliejus, esantis kreme, nesugeria por\u0173, reguliuoja riebal\u0173 sekrecij\u0105 ir turi prie\u0161u\u017edegimin\u012f poveik\u012f.<\/p>\n<\/li>\n<\/ul>\n<p data-start=\"1296\" data-end=\"1340\"><strong data-start=\"1296\" data-end=\"1311\">Be paraben\u0173<\/strong><br data-start=\"1311\" data-end=\"1314\" \/><strong data-start=\"1314\" data-end=\"1325\">Be da\u017e\u0173<\/strong><br data-start=\"1325\" data-end=\"1328\" \/><strong data-start=\"1328\" data-end=\"1340\">Be kvap\u0173<\/strong><\/p>\n<p data-start=\"1342\" data-end=\"1539\"><em data-start=\"1342\" data-end=\"1396\"><img decoding=\"async\" class=\"alignnone\" src=\"https:\/\/upload.cdn.baselinker.com\/products\/3016653\/018f2d58fb9ab5239d1f3f76f950c8df.jpg\" alt=\"018f2d58fb9ab5239d1f3f76f950c8df.jpg\" width=\"401\" height=\"401\" \/><\/em><\/p>\n<p data-start=\"1342\" data-end=\"1539\"><em data-start=\"1342\" data-end=\"1396\">KREMAS + LUMINEO EMS PRIETAISAS = DVIGUBAS EFEKTAS<\/em>*<br data-start=\"1397\" data-end=\"1400\" \/>Krem\u0105 taip pat galima naudoti nam\u0173 SPA proced\u016broms, naudojant LUMINEO CAVITATION PEELING prietais\u0105 su EMS funkcija (elektrostimuliacija).<\/p>\n<ul data-start=\"1540\" data-end=\"1599\">\n<li data-start=\"1540\" data-end=\"1599\">\n<p data-start=\"1542\" data-end=\"1599\">Prietaisas parduodamas atskirai, ne\u012feina \u012f kremo rinkin\u012f.<\/p>\n<\/li>\n<\/ul>\n<\/div>\n<\/div>\n<\/div>\n<\/div>\n<div class=\"flex max-w-full flex-col grow\">\n<div class=\"min-h-8 text-message relative flex w-full flex-col items-end gap-2 text-start break-words whitespace-normal [.text-message+&amp;]:mt-5\" dir=\"auto\" data-message-author-role=\"assistant\" data-message-id=\"fa5a73e5-dd83-4fe1-a791-eba83a3ea454\" data-message-model-slug=\"gpt-4o-mini\">\n<div class=\"flex w-full flex-col gap-1 empty:hidden first:pt-[3px]\">\n<div class=\"markdown prose dark:prose-invert w-full break-words light\">\n<p data-start=\"1601\" data-end=\"1721\"><strong data-start=\"1601\" data-end=\"1697\"><img decoding=\"async\" class=\"alignnone\" src=\"https:\/\/upload.cdn.baselinker.com\/products\/3016653\/283c8aeb496d1a7373a11e0f51239d85.jpg\" alt=\"283c8aeb496d1a7373a11e0f51239d85.jpg\" width=\"379\" height=\"379\" \/><\/strong><\/p>\n<p data-start=\"1601\" data-end=\"1721\"><strong data-start=\"1601\" data-end=\"1697\">KOD\u0116L NAUDOTI LUMINEO BOOSTER KREM\u0104 SU LUMINEO CAVITATION PEELING PRIETAISU SU EMS FUNKCIJA?<\/strong><br data-start=\"1697\" data-end=\"1700\" \/><strong data-start=\"1700\" data-end=\"1719\">EMS privalumai:<\/strong><\/p>\n<ul data-start=\"1722\" data-end=\"1931\">\n<li data-start=\"1722\" data-end=\"1761\">\n<p data-start=\"1724\" data-end=\"1761\">Elektrostimuliacija veido raumenims<\/p>\n<\/li>\n<li data-start=\"1762\" data-end=\"1829\">\n<p data-start=\"1764\" data-end=\"1829\">Stimuliuoja fibroblastus gaminti kolageno ir elastino skaidulas<\/p>\n<\/li>\n<li data-start=\"1830\" data-end=\"1866\">\n<p data-start=\"1832\" data-end=\"1866\">Greitas odos atjauninimo efektas<\/p>\n<\/li>\n<li data-start=\"1867\" data-end=\"1931\">\n<p data-start=\"1869\" data-end=\"1931\">Atsipalaidavimas ir malonus vibracijos poj\u016btis proced\u016bros metu<\/p>\n<\/li>\n<\/ul>\n<p data-start=\"0\" data-end=\"453\" data-is-last-node=\"\" data-is-only-node=\"\">Mes esame oficial\u016bs LUMINEO produkt\u0173 atstovai Lietuvoje ir Baltijos \u0161alyse. Si\u016blome auk\u0161\u010diausios kokyb\u0117s veido prie\u017ei\u016bros sistemas, kurios sujungia inovatyvius SPA \u012frenginius ir profesionaliai pritaikyt\u0105 kosmetik\u0105, kad u\u017etikrintume matomus rezultatus ir auk\u0161\u010diausi\u0105 klient\u0173 pasitenkinim\u0105. M\u016bs\u0173 tikslas \u2013 suteikti galimyb\u0119 m\u0117gautis profesionaliomis SPA proced\u016bromis tiesiai namuose.<\/p>\n<\/div>\n<\/div>\n<\/div>\n<\/div>\n<div class=\"text-center\"><\/div>\n<\/div>\n<div class=\"absolute\">\n<div class=\"flex items-center justify-center\"><strong data-start=\"1933\" data-end=\"1973\"><img loading=\"lazy\" decoding=\"async\" class=\"alignnone\" src=\"https:\/\/upload.cdn.baselinker.com\/products\/3016653\/6a829acec3686e5894515c5c33b85a87.jpg\" alt=\"6a829acec3686e5894515c5c33b85a87.jpg\" width=\"375\" height=\"375\" \/><\/strong><\/div>\n<\/div>\n<div class=\"absolute\">\n<div class=\"flex items-center justify-center\"><strong data-start=\"1933\" data-end=\"1973\">KAIP ATLIKTI PROCED\u016aR\u0104 SU PRIETAISU?<\/strong><br data-start=\"1973\" data-end=\"1976\" \/>Pateikus krem\u0105 ryte, palaukite apie 5 minutes, kol produktas susigers, prie\u0161 u\u017etepant makia\u017e\u0105.<br data-start=\"2070\" data-end=\"2073\" \/>Tinka spuoguotai ir probleminiai odai.<\/div>\n<\/div>\n<\/div>\n<\/div>\n<\/div>\n<\/article>\n<div aria-hidden=\"true\" data-edge=\"true\"><\/div>\n<div aria-hidden=\"true\" data-edge=\"true\">\n<p data-start=\"2113\" data-end=\"2133\"><strong data-start=\"2113\" data-end=\"2133\"><img loading=\"lazy\" decoding=\"async\" class=\"alignnone\" src=\"https:\/\/upload.cdn.baselinker.com\/products\/3016653\/f37154791e762f6347ad039660a8d000.jpg\" alt=\"f37154791e762f6347ad039660a8d000.jpg\" width=\"378\" height=\"378\" \/><\/strong><\/p>\n<p data-start=\"2113\" data-end=\"2133\"><strong data-start=\"2113\" data-end=\"2133\">Proced\u016bros eiga:<\/strong><\/p>\n<ol data-start=\"2135\" data-end=\"2474\">\n<li data-start=\"2135\" data-end=\"2271\">\n<p data-start=\"2138\" data-end=\"2271\">I\u0161valykite ir i\u0161d\u017eiovinkite veid\u0105 \u2013 rekomenduojame naudoti LUMINEO \u0161epet\u012f su LUMINEO SUPREME CLEANSER geliu, tada naudokite tonik\u0105.<\/p>\n<\/li>\n<li data-start=\"2272\" data-end=\"2348\">\n<p data-start=\"2275\" data-end=\"2348\">U\u017etepkite LUMINEO BOOSTER krem\u0105 ant veido (venkite aki\u0173, vok\u0173 ir l\u016bp\u0173).<\/p>\n<\/li>\n<li data-start=\"2349\" data-end=\"2419\">\n<p data-start=\"2352\" data-end=\"2419\">Pasirinkite EMS funkcij\u0105 LUMINEO prietaise ir atlikite proced\u016br\u0105.<\/p>\n<\/li>\n<li data-start=\"2420\" data-end=\"2474\">\n<p data-start=\"2423\" data-end=\"2474\">Baigus proced\u016br\u0105, masa\u017euokite likus\u012f krem\u0105 \u012f veid\u0105.<\/p>\n<\/li>\n<\/ol>\n<p data-start=\"2476\" data-end=\"2676\">Norint pasiekti geriausi\u0173 rezultat\u0173, krem\u0105 naudokite du kartus per dien\u0105 ant i\u0161valytos ir i\u0161d\u017eiovintos veido odos ma\u017eiausiai 2\u20133 m\u0117nesius.<br data-start=\"2614\" data-end=\"2617\" \/>Taip pat galite naudoti krem\u0105 ant kaklo ir dekolt\u0117 srities.<\/p>\n<\/div>\n<div aria-hidden=\"true\" data-edge=\"true\"><\/div>\n<div aria-hidden=\"true\" data-edge=\"true\">\n<p data-start=\"2678\" data-end=\"3047\"><strong data-start=\"2678\" data-end=\"2702\"><img loading=\"lazy\" decoding=\"async\" class=\"alignnone\" src=\"https:\/\/upload.cdn.baselinker.com\/products\/3016653\/9d747bbc8457f1c83e0349bcf8c87446.jpg\" alt=\"9d747bbc8457f1c83e0349bcf8c87446.jpg\" width=\"382\" height=\"382\" \/><\/strong><\/p>\n<p data-start=\"2678\" data-end=\"3047\"><strong data-start=\"2678\" data-end=\"2702\">MATMENYS IR SUD\u0116TIS:<\/strong><br data-start=\"2702\" data-end=\"2705\" \/>Aqua, Isononyl Isononanoate, Glicerinas, Polisorbatas, Fenoksietanolis, Karbomeras, Trietanolaminas, Metilpropanediolis, 4Terpineolis, Etilheksilglicerinas, Cucumis Sativus vaisi\u0173 ekstraktas, Salicilo r\u016bg\u0161tis, Salix Alba \u017eiev\u0117s ekstraktas, Kaprilo\/kaprico trigliceridai, Natrio hialuronatas, Natrio benzoatas, Kalio sorbatas, Sucrose Laurate.<\/p>\n<p data-start=\"3049\" data-end=\"3065\"><strong data-start=\"3049\" data-end=\"3059\">Talpa:<\/strong> 75 ml<\/p>\n<\/div>\n<p data-start=\"3049\" data-end=\"3065\"><strong>Mes esame oficial\u016bs LUMINEO produkt\u0173 atstovai Lietuvoje ir Baltijos \u0161alyse. Si\u016blome auk\u0161\u010diausios kokyb\u0117s veido prie\u017ei\u016bros sistemas, kurios sujungia inovatyvius SPA \u012frenginius ir profesionaliai pritaikyt\u0105 kosmetik\u0105, kad u\u017etikrintume matomus rezultatus ir auk\u0161\u010diausi\u0105 klient\u0173 pasitenkinim\u0105. M\u016bs\u0173 tikslas \u2013 suteikti galimyb\u0119 m\u0117gautis profesionaliomis SPA proced\u016bromis tiesiai namuose.<\/strong><\/p>\n<p data-start=\"3049\" data-end=\"3065\"><img decoding=\"async\" src=\"https:\/\/upload.cdn.baselinker.com\/products\/3016653\/5f05b907fad41a229d3e848f399c0f7f.png\" alt=\"5f05b907fad41a229d3e848f399c0f7f.png\" data-external-url=\"\" \/><\/p>\n","protected":false},"excerpt":{"rendered":"<p>Lumineo produktai yra sukurti naudoti tik su oficialiais Lumineo prietaisais. LUMINEO BIO ANTIBAKTERINIS KREMAS SPUOGUOTAI IR PROBLEMATI\u0160KAI ODAI LUMINEO prek\u0117s \u017eenklas savo&hellip;<\/p>\n","protected":false},"featured_media":74874,"template":"","meta":[],"product_brand":[1324],"product_cat":[1323,187],"product_tag":[1345],"class_list":{"0":"post-55793","1":"product","2":"type-product","3":"status-publish","4":"has-post-thumbnail","6":"product_brand-lumineo","7":"product_cat-lumineo-veido-kremai","8":"product_cat-veido-kremai","9":"product_tag-lumineo","11":"first","12":"instock","13":"sale","14":"taxable","15":"shipping-taxable","16":"purchasable","17":"product-type-simple"},"yoast_head":"<!-- This site is optimized with the Yoast SEO plugin v27.4 - https:\/\/yoast.com\/product\/yoast-seo-wordpress\/ -->\n<title>LUMINEO kremas nuo spuog\u0173 ir problemati\u0161kai odai, 75ml - MalinaShop.lt J\u016bs\u0173 sveikatai ir gro\u017eiui.<\/title>\n<meta name=\"description\" content=\"LUMINEO BIO antibakterinis kremas spuoguotai ir probleminiai odai \u2013 efektyvus atkim\u0161ant poras, slopinant spuog\u0173 atsiradim\u0105, ma\u017einant randus ir d\u0117mes.\" \/>\n<meta name=\"robots\" content=\"index, follow, max-snippet:-1, max-image-preview:large, max-video-preview:-1\" \/>\n<link rel=\"canonical\" href=\"https:\/\/www.malinashop.lt\/lt_lt\/shop\/lumineo-kremas-nuo-spuogu-ir-problematiskai-odai-75ml\/\" \/>\n<meta property=\"og:locale\" content=\"lt_LT\" \/>\n<meta property=\"og:type\" content=\"article\" \/>\n<meta property=\"og:title\" content=\"LUMINEO kremas nuo spuog\u0173 ir problemati\u0161kai odai, 75ml - MalinaShop.lt J\u016bs\u0173 sveikatai ir gro\u017eiui.\" \/>\n<meta property=\"og:description\" content=\"LUMINEO BIO antibakterinis kremas spuoguotai ir probleminiai odai \u2013 efektyvus atkim\u0161ant poras, slopinant spuog\u0173 atsiradim\u0105, ma\u017einant randus ir d\u0117mes.\" \/>\n<meta property=\"og:url\" content=\"https:\/\/www.malinashop.lt\/lt_lt\/shop\/lumineo-kremas-nuo-spuogu-ir-problematiskai-odai-75ml\/\" \/>\n<meta property=\"og:site_name\" content=\"MalinaShop.lt J\u016bs\u0173 sveikatai ir gro\u017eiui.\" \/>\n<meta property=\"article:modified_time\" content=\"2026-04-16T18:11:03+00:00\" \/>\n<meta property=\"og:image\" content=\"https:\/\/www.malinashop.lt\/wp-content\/uploads\/2025\/06\/Gemini_Generated_Image_jjtolyjjtolyjjto.png\" \/>\n\t<meta property=\"og:image:width\" content=\"1024\" \/>\n\t<meta property=\"og:image:height\" content=\"1024\" \/>\n\t<meta property=\"og:image:type\" content=\"image\/png\" \/>\n<meta name=\"twitter:card\" content=\"summary_large_image\" \/>\n<script type=\"application\/ld+json\" class=\"yoast-schema-graph\">{\"@context\":\"https:\\\/\\\/schema.org\",\"@graph\":[{\"@type\":\"WebPage\",\"@id\":\"https:\\\/\\\/www.malinashop.lt\\\/shop\\\/lumineo-kremas-nuo-spuogu-ir-problematiskai-odai-75ml\\\/\",\"url\":\"https:\\\/\\\/www.malinashop.lt\\\/shop\\\/lumineo-kremas-nuo-spuogu-ir-problematiskai-odai-75ml\\\/\",\"name\":\"LUMINEO kremas nuo spuog\u0173 ir problemati\u0161kai odai, 75ml - MalinaShop.lt J\u016bs\u0173 sveikatai ir gro\u017eiui.\",\"isPartOf\":{\"@id\":\"https:\\\/\\\/www.malinashop.lt\\\/#website\"},\"primaryImageOfPage\":{\"@id\":\"https:\\\/\\\/www.malinashop.lt\\\/shop\\\/lumineo-kremas-nuo-spuogu-ir-problematiskai-odai-75ml\\\/#primaryimage\"},\"image\":{\"@id\":\"https:\\\/\\\/www.malinashop.lt\\\/shop\\\/lumineo-kremas-nuo-spuogu-ir-problematiskai-odai-75ml\\\/#primaryimage\"},\"thumbnailUrl\":\"https:\\\/\\\/www.malinashop.lt\\\/wp-content\\\/uploads\\\/2025\\\/06\\\/Gemini_Generated_Image_jjtolyjjtolyjjto.png\",\"datePublished\":\"2025-06-03T19:20:40+00:00\",\"dateModified\":\"2026-04-16T18:11:03+00:00\",\"description\":\"LUMINEO BIO antibakterinis kremas spuoguotai ir probleminiai odai \u2013 efektyvus atkim\u0161ant poras, slopinant spuog\u0173 atsiradim\u0105, ma\u017einant randus ir d\u0117mes.\",\"breadcrumb\":{\"@id\":\"https:\\\/\\\/www.malinashop.lt\\\/shop\\\/lumineo-kremas-nuo-spuogu-ir-problematiskai-odai-75ml\\\/#breadcrumb\"},\"inLanguage\":\"lt-LT\",\"potentialAction\":[{\"@type\":\"ReadAction\",\"target\":[\"https:\\\/\\\/www.malinashop.lt\\\/shop\\\/lumineo-kremas-nuo-spuogu-ir-problematiskai-odai-75ml\\\/\"]}]},{\"@type\":\"ImageObject\",\"inLanguage\":\"lt-LT\",\"@id\":\"https:\\\/\\\/www.malinashop.lt\\\/shop\\\/lumineo-kremas-nuo-spuogu-ir-problematiskai-odai-75ml\\\/#primaryimage\",\"url\":\"https:\\\/\\\/www.malinashop.lt\\\/wp-content\\\/uploads\\\/2025\\\/06\\\/Gemini_Generated_Image_jjtolyjjtolyjjto.png\",\"contentUrl\":\"https:\\\/\\\/www.malinashop.lt\\\/wp-content\\\/uploads\\\/2025\\\/06\\\/Gemini_Generated_Image_jjtolyjjtolyjjto.png\",\"width\":1024,\"height\":1024},{\"@type\":\"BreadcrumbList\",\"@id\":\"https:\\\/\\\/www.malinashop.lt\\\/shop\\\/lumineo-kremas-nuo-spuogu-ir-problematiskai-odai-75ml\\\/#breadcrumb\",\"itemListElement\":[{\"@type\":\"ListItem\",\"position\":1,\"name\":\"Pagrindinis\",\"item\":\"https:\\\/\\\/www.malinashop.lt\\\/\"},{\"@type\":\"ListItem\",\"position\":2,\"name\":\"Parduotuv\u0117\",\"item\":\"https:\\\/\\\/www.malinashop.lt\\\/en\\\/parduotuve\\\/\"},{\"@type\":\"ListItem\",\"position\":3,\"name\":\"LUMINEO kremas nuo spuog\u0173 ir problemati\u0161kai odai, 75ml\"}]},{\"@type\":\"WebSite\",\"@id\":\"https:\\\/\\\/www.malinashop.lt\\\/#website\",\"url\":\"https:\\\/\\\/www.malinashop.lt\\\/\",\"name\":\"COM Group Ecommerce\",\"description\":\"MalinaShop.lt - Gro\u017eio ir sveikatos produktai i\u0161 patikim\u0173 preki\u0173 \u017eenkl\u0173. Atraskite auk\u0161tos kokyb\u0117s kosmetik\u0105 u\u017e puiki\u0105 kain\u0105.\",\"publisher\":{\"@id\":\"https:\\\/\\\/www.malinashop.lt\\\/#organization\"},\"potentialAction\":[{\"@type\":\"SearchAction\",\"target\":{\"@type\":\"EntryPoint\",\"urlTemplate\":\"https:\\\/\\\/www.malinashop.lt\\\/?s={search_term_string}\"},\"query-input\":{\"@type\":\"PropertyValueSpecification\",\"valueRequired\":true,\"valueName\":\"search_term_string\"}}],\"inLanguage\":\"lt-LT\"},{\"@type\":\"Organization\",\"@id\":\"https:\\\/\\\/www.malinashop.lt\\\/#organization\",\"name\":\"COM Group Ecommerce\",\"url\":\"https:\\\/\\\/www.malinashop.lt\\\/\",\"logo\":{\"@type\":\"ImageObject\",\"inLanguage\":\"lt-LT\",\"@id\":\"https:\\\/\\\/www.malinashop.lt\\\/#\\\/schema\\\/logo\\\/image\\\/\",\"url\":\"https:\\\/\\\/www.malinashop.lt\\\/wp-content\\\/uploads\\\/2024\\\/08\\\/462559670_3787732518133670_9795632669273463_n-e1731525914575.png\",\"contentUrl\":\"https:\\\/\\\/www.malinashop.lt\\\/wp-content\\\/uploads\\\/2024\\\/08\\\/462559670_3787732518133670_9795632669273463_n-e1731525914575.png\",\"width\":180,\"height\":60,\"caption\":\"COM Group Ecommerce\"},\"image\":{\"@id\":\"https:\\\/\\\/www.malinashop.lt\\\/#\\\/schema\\\/logo\\\/image\\\/\"}}]}<\/script>\n<!-- \/ Yoast SEO plugin. -->","yoast_head_json":{"title":"LUMINEO kremas nuo spuog\u0173 ir problemati\u0161kai odai, 75ml - MalinaShop.lt J\u016bs\u0173 sveikatai ir gro\u017eiui.","description":"LUMINEO BIO antibakterinis kremas spuoguotai ir probleminiai odai \u2013 efektyvus atkim\u0161ant poras, slopinant spuog\u0173 atsiradim\u0105, ma\u017einant randus ir d\u0117mes.","robots":{"index":"index","follow":"follow","max-snippet":"max-snippet:-1","max-image-preview":"max-image-preview:large","max-video-preview":"max-video-preview:-1"},"canonical":"https:\/\/www.malinashop.lt\/lt_lt\/shop\/lumineo-kremas-nuo-spuogu-ir-problematiskai-odai-75ml\/","og_locale":"lt_LT","og_type":"article","og_title":"LUMINEO kremas nuo spuog\u0173 ir problemati\u0161kai odai, 75ml - MalinaShop.lt J\u016bs\u0173 sveikatai ir gro\u017eiui.","og_description":"LUMINEO BIO antibakterinis kremas spuoguotai ir probleminiai odai \u2013 efektyvus atkim\u0161ant poras, slopinant spuog\u0173 atsiradim\u0105, ma\u017einant randus ir d\u0117mes.","og_url":"https:\/\/www.malinashop.lt\/lt_lt\/shop\/lumineo-kremas-nuo-spuogu-ir-problematiskai-odai-75ml\/","og_site_name":"MalinaShop.lt J\u016bs\u0173 sveikatai ir gro\u017eiui.","article_modified_time":"2026-04-16T18:11:03+00:00","og_image":[{"width":1024,"height":1024,"url":"https:\/\/www.malinashop.lt\/wp-content\/uploads\/2025\/06\/Gemini_Generated_Image_jjtolyjjtolyjjto.png","type":"image\/png"}],"twitter_card":"summary_large_image","schema":{"@context":"https:\/\/schema.org","@graph":[{"@type":"WebPage","@id":"https:\/\/www.malinashop.lt\/shop\/lumineo-kremas-nuo-spuogu-ir-problematiskai-odai-75ml\/","url":"https:\/\/www.malinashop.lt\/shop\/lumineo-kremas-nuo-spuogu-ir-problematiskai-odai-75ml\/","name":"LUMINEO kremas nuo spuog\u0173 ir problemati\u0161kai odai, 75ml - MalinaShop.lt J\u016bs\u0173 sveikatai ir gro\u017eiui.","isPartOf":{"@id":"https:\/\/www.malinashop.lt\/#website"},"primaryImageOfPage":{"@id":"https:\/\/www.malinashop.lt\/shop\/lumineo-kremas-nuo-spuogu-ir-problematiskai-odai-75ml\/#primaryimage"},"image":{"@id":"https:\/\/www.malinashop.lt\/shop\/lumineo-kremas-nuo-spuogu-ir-problematiskai-odai-75ml\/#primaryimage"},"thumbnailUrl":"https:\/\/www.malinashop.lt\/wp-content\/uploads\/2025\/06\/Gemini_Generated_Image_jjtolyjjtolyjjto.png","datePublished":"2025-06-03T19:20:40+00:00","dateModified":"2026-04-16T18:11:03+00:00","description":"LUMINEO BIO antibakterinis kremas spuoguotai ir probleminiai odai \u2013 efektyvus atkim\u0161ant poras, slopinant spuog\u0173 atsiradim\u0105, ma\u017einant randus ir d\u0117mes.","breadcrumb":{"@id":"https:\/\/www.malinashop.lt\/shop\/lumineo-kremas-nuo-spuogu-ir-problematiskai-odai-75ml\/#breadcrumb"},"inLanguage":"lt-LT","potentialAction":[{"@type":"ReadAction","target":["https:\/\/www.malinashop.lt\/shop\/lumineo-kremas-nuo-spuogu-ir-problematiskai-odai-75ml\/"]}]},{"@type":"ImageObject","inLanguage":"lt-LT","@id":"https:\/\/www.malinashop.lt\/shop\/lumineo-kremas-nuo-spuogu-ir-problematiskai-odai-75ml\/#primaryimage","url":"https:\/\/www.malinashop.lt\/wp-content\/uploads\/2025\/06\/Gemini_Generated_Image_jjtolyjjtolyjjto.png","contentUrl":"https:\/\/www.malinashop.lt\/wp-content\/uploads\/2025\/06\/Gemini_Generated_Image_jjtolyjjtolyjjto.png","width":1024,"height":1024},{"@type":"BreadcrumbList","@id":"https:\/\/www.malinashop.lt\/shop\/lumineo-kremas-nuo-spuogu-ir-problematiskai-odai-75ml\/#breadcrumb","itemListElement":[{"@type":"ListItem","position":1,"name":"Pagrindinis","item":"https:\/\/www.malinashop.lt\/"},{"@type":"ListItem","position":2,"name":"Parduotuv\u0117","item":"https:\/\/www.malinashop.lt\/en\/parduotuve\/"},{"@type":"ListItem","position":3,"name":"LUMINEO kremas nuo spuog\u0173 ir problemati\u0161kai odai, 75ml"}]},{"@type":"WebSite","@id":"https:\/\/www.malinashop.lt\/#website","url":"https:\/\/www.malinashop.lt\/","name":"COM Group Ecommerce","description":"MalinaShop.lt - Gro\u017eio ir sveikatos produktai i\u0161 patikim\u0173 preki\u0173 \u017eenkl\u0173. Atraskite auk\u0161tos kokyb\u0117s kosmetik\u0105 u\u017e puiki\u0105 kain\u0105.","publisher":{"@id":"https:\/\/www.malinashop.lt\/#organization"},"potentialAction":[{"@type":"SearchAction","target":{"@type":"EntryPoint","urlTemplate":"https:\/\/www.malinashop.lt\/?s={search_term_string}"},"query-input":{"@type":"PropertyValueSpecification","valueRequired":true,"valueName":"search_term_string"}}],"inLanguage":"lt-LT"},{"@type":"Organization","@id":"https:\/\/www.malinashop.lt\/#organization","name":"COM Group Ecommerce","url":"https:\/\/www.malinashop.lt\/","logo":{"@type":"ImageObject","inLanguage":"lt-LT","@id":"https:\/\/www.malinashop.lt\/#\/schema\/logo\/image\/","url":"https:\/\/www.malinashop.lt\/wp-content\/uploads\/2024\/08\/462559670_3787732518133670_9795632669273463_n-e1731525914575.png","contentUrl":"https:\/\/www.malinashop.lt\/wp-content\/uploads\/2024\/08\/462559670_3787732518133670_9795632669273463_n-e1731525914575.png","width":180,"height":60,"caption":"COM Group Ecommerce"},"image":{"@id":"https:\/\/www.malinashop.lt\/#\/schema\/logo\/image\/"}}]}},"jetpack_sharing_enabled":true,"_links":{"self":[{"href":"https:\/\/www.malinashop.lt\/lt_lt\/wp-json\/wp\/v2\/product\/55793","targetHints":{"allow":["GET"]}}],"collection":[{"href":"https:\/\/www.malinashop.lt\/lt_lt\/wp-json\/wp\/v2\/product"}],"about":[{"href":"https:\/\/www.malinashop.lt\/lt_lt\/wp-json\/wp\/v2\/types\/product"}],"version-history":[{"count":9,"href":"https:\/\/www.malinashop.lt\/lt_lt\/wp-json\/wp\/v2\/product\/55793\/revisions"}],"predecessor-version":[{"id":57504,"href":"https:\/\/www.malinashop.lt\/lt_lt\/wp-json\/wp\/v2\/product\/55793\/revisions\/57504"}],"wp:featuredmedia":[{"embeddable":true,"href":"https:\/\/www.malinashop.lt\/lt_lt\/wp-json\/wp\/v2\/media\/74874"}],"wp:attachment":[{"href":"https:\/\/www.malinashop.lt\/lt_lt\/wp-json\/wp\/v2\/media?parent=55793"}],"wp:term":[{"taxonomy":"product_brand","embeddable":true,"href":"https:\/\/www.malinashop.lt\/lt_lt\/wp-json\/wp\/v2\/product_brand?post=55793"},{"taxonomy":"product_cat","embeddable":true,"href":"https:\/\/www.malinashop.lt\/lt_lt\/wp-json\/wp\/v2\/product_cat?post=55793"},{"taxonomy":"product_tag","embeddable":true,"href":"https:\/\/www.malinashop.lt\/lt_lt\/wp-json\/wp\/v2\/product_tag?post=55793"}],"curies":[{"name":"wp","href":"https:\/\/api.w.org\/{rel}","templated":true}]}}