{"id":55763,"date":"2025-06-03T22:20:32","date_gmt":"2025-06-03T19:20:32","guid":{"rendered":"https:\/\/malinashop.lt\/?post_type=product&#038;p=55763"},"modified":"2026-04-16T21:11:03","modified_gmt":"2026-04-16T18:11:03","slug":"lumineo-liftingo-kremas-75-ml","status":"publish","type":"product","link":"https:\/\/www.malinashop.lt\/lt_lt\/shop\/lumineo-liftingo-kremas-75-ml\/","title":{"rendered":"LUMINEO liftingo kremas, 75 ml"},"content":{"rendered":"<p>Lumineo produktai yra sukurti naudoti tik su oficialiais Lumineo prietaisais.<\/p>\n<p><img decoding=\"async\" class=\"alignleft\" src=\"https:\/\/upload.cdn.baselinker.com\/products\/3016653\/c8c34d7c3e6648ec82720e07ba6cbedb.png\" alt=\"c8c34d7c3e6648ec82720e07ba6cbedb.png\" \/><\/p>\n<p data-start=\"0\" data-end=\"43\"><strong data-start=\"0\" data-end=\"43\">LUMINEO Liftingo kremas su BOTOX efektu<\/strong><\/p>\n<p data-start=\"45\" data-end=\"232\"><strong data-start=\"45\" data-end=\"56\">LUMINEO<\/strong> prek\u0117s \u017eenklas savo klientams si\u016blo pa\u017eangiausias veido ir k\u016bno prie\u017ei\u016bros sistemas namams, sudarytas i\u0161 inovatyvi\u0173 SPA \u012frengini\u0173, suderint\u0173 su tobuliu kosmetikos pasirinkimu.<\/p>\n<p data-start=\"234\" data-end=\"471\">Mes bendradarbiaujame su geriausiomis lenk\u0173 kosmetikos laboratorijomis, tod\u0117l m\u016bs\u0173 klientai gauna auk\u0161\u010diausios kokyb\u0117s produktus, u\u017etikrinan\u010dius matomus rezultatus ir leid\u017eian\u010dius m\u0117gautis profesionaliomis SPA proced\u016bromis nam\u0173 komforte.<\/p>\n<p data-start=\"473\" data-end=\"613\">M\u016bs\u0173 kosmetikos efektyvum\u0105 patvirtina dermatologiniai tyrimai, o \u012frengini\u0173 saugumas ir auk\u0161\u010diausia kokyb\u0117 yra patvirtinta ES CE sertifikatu.<\/p>\n<p data-start=\"615\" data-end=\"658\"><strong data-start=\"615\" data-end=\"658\">SKUBUS LIFTINGO EFEKTAS! BOTOX EFEKTAS!<\/strong><\/p>\n<p data-start=\"660\" data-end=\"818\">Inovatyvus kremas sen\u0117jimo po\u017eymi\u0173 ma\u017einimui.<br \/>\nLiftingo efektas matomas jau po 5 minu\u010di\u0173 nuo naudojimo prad\u017eios!<br \/>\nSu nuolatiniu naudojimu efektas i\u0161lieka ilgai.<\/p>\n<div class=\"item item-6\">\n<div class=\"item item-6\"><img fetchpriority=\"high\" decoding=\"async\" class=\"alignnone\" src=\"https:\/\/upload.cdn.baselinker.com\/products\/3016653\/5eb65c59121fb17de22430343d6af234.jpg\" alt=\"5eb65c59121fb17de22430343d6af234.jpg\" width=\"476\" height=\"476\" data-external-url=\"\" \/><\/div>\n<div class=\"item item-6\">\n<p data-start=\"820\" data-end=\"935\"><strong data-start=\"820\" data-end=\"846\">NAT\u016aRAL\u016aS INGREDIENTAI<\/strong><br data-start=\"846\" data-end=\"849\" \/>Didina kolageno sintez\u0119, jaunina od\u0105, j\u0105 tvirtindami, maitindami ir giliai dr\u0117kindami.<\/p>\n<p data-start=\"937\" data-end=\"966\"><strong data-start=\"937\" data-end=\"964\">AKTYVIEJI INGREDIENTAI:<\/strong><\/p>\n<ul data-start=\"967\" data-end=\"1185\">\n<li data-start=\"967\" data-end=\"987\">\n<p data-start=\"969\" data-end=\"987\">Cikorijos \u0161aknis<\/p>\n<\/li>\n<li data-start=\"988\" data-end=\"1010\">\n<p data-start=\"990\" data-end=\"1010\">Mair\u016bno ekstraktas<\/p>\n<\/li>\n<li data-start=\"1011\" data-end=\"1043\">\n<p data-start=\"1013\" data-end=\"1043\">\u017daliosios arbatos ekstraktas<\/p>\n<\/li>\n<li data-start=\"1044\" data-end=\"1067\">\n<p data-start=\"1046\" data-end=\"1067\">Kvietiniai baltymai<\/p>\n<\/li>\n<li data-start=\"1068\" data-end=\"1097\">\n<p data-start=\"1070\" data-end=\"1097\">Arkli\u0173 ka\u0161tono ekstraktas<\/p>\n<\/li>\n<li data-start=\"1098\" data-end=\"1124\">\n<p data-start=\"1100\" data-end=\"1124\">Tara med\u017eio ekstraktas<\/p>\n<\/li>\n<li data-start=\"1125\" data-end=\"1146\">\n<p data-start=\"1127\" data-end=\"1146\">Hialurono r\u016bg\u0161tis<\/p>\n<\/li>\n<li data-start=\"1147\" data-end=\"1162\">\n<p data-start=\"1149\" data-end=\"1162\">Be paraben\u0173<\/p>\n<\/li>\n<li data-start=\"1163\" data-end=\"1175\">\n<p data-start=\"1165\" data-end=\"1175\">Be kvap\u0173<\/p>\n<\/li>\n<li data-start=\"1176\" data-end=\"1185\">\n<p data-start=\"1178\" data-end=\"1185\">Be da\u017e\u0173<\/p>\n<\/li>\n<\/ul>\n<p><img decoding=\"async\" class=\"alignnone\" src=\"https:\/\/upload.cdn.baselinker.com\/products\/3016653\/1e4d0e188a2ea6004fdc2dcec34ef153.jpg\" alt=\"1e4d0e188a2ea6004fdc2dcec34ef153.jpg\" width=\"457\" height=\"457\" \/><\/p>\n<p data-start=\"1187\" data-end=\"1384\"><em data-start=\"1187\" data-end=\"1241\">KREMAS + LUMINEO EMS PRIETAISAS = DVIGUBAS EFEKTAS<\/em>*<br data-start=\"1242\" data-end=\"1245\" \/>Krem\u0105 taip pat galima naudoti nam\u0173 SPA proced\u016broms, naudojant LUMINEO CAVITATION PEELING prietais\u0105 su EMS funkcija (elektrostimuliacija).<\/p>\n<ul>\n<li style=\"list-style-type: none;\">\n<ul data-start=\"1385\" data-end=\"1444\">\n<li data-start=\"1385\" data-end=\"1444\">\n<p data-start=\"1387\" data-end=\"1444\">Prietaisas parduodamas atskirai, ne\u012feina \u012f kremo rinkin\u012f.<\/p>\n<\/li>\n<\/ul>\n<\/li>\n<\/ul>\n<\/div>\n<\/div>\n<p>&nbsp;<\/p>\n<p><img decoding=\"async\" class=\"alignnone\" src=\"https:\/\/upload.cdn.baselinker.com\/products\/3016653\/a3a31533dd25698db575f1135e9db7df.jpg\" alt=\"a3a31533dd25698db575f1135e9db7df.jpg\" width=\"388\" height=\"388\" \/><\/p>\n<p data-start=\"1446\" data-end=\"1566\"><strong data-start=\"1446\" data-end=\"1542\">KOD\u0116L NAUDOTI LUMINEO BOOSTER KREM\u0104 SU LUMINEO CAVITATION PEELING PRIETAISU SU EMS FUNKCIJA?<\/strong><br data-start=\"1542\" data-end=\"1545\" \/><strong data-start=\"1545\" data-end=\"1564\">EMS privalumai:<\/strong><\/p>\n<ul data-start=\"1567\" data-end=\"1784\">\n<li data-start=\"1567\" data-end=\"1606\">\n<p data-start=\"1569\" data-end=\"1606\">Elektrostimuliacija veido raumenims<\/p>\n<\/li>\n<li data-start=\"1607\" data-end=\"1682\">\n<p data-start=\"1609\" data-end=\"1682\">Stiprina fibroblastus, kad b\u016bt\u0173 gaminami kolageno ir elastino skaidulos<\/p>\n<\/li>\n<li data-start=\"1683\" data-end=\"1719\">\n<p data-start=\"1685\" data-end=\"1719\">Greitas odos atjauninimo efektas<\/p>\n<\/li>\n<li data-start=\"1720\" data-end=\"1784\">\n<p data-start=\"1722\" data-end=\"1784\">Atsipalaidavimas ir malonus vibracijos poj\u016btis proced\u016bros metu<\/p>\n<\/li>\n<\/ul>\n<p>&nbsp;<\/p>\n<p><img loading=\"lazy\" decoding=\"async\" class=\"alignnone\" src=\"https:\/\/upload.cdn.baselinker.com\/products\/3016653\/8e0cb311300f8d53c325fec7dd63b5d0.jpg\" alt=\"8e0cb311300f8d53c325fec7dd63b5d0.jpg\" width=\"387\" height=\"387\" \/><\/p>\n<p>&nbsp;<\/p>\n<p>&nbsp;<\/p>\n<p><strong data-start=\"1786\" data-end=\"1826\">KAIP ATLIKTI PROCED\u016aR\u0104 SU PRIETAISU?<\/strong><br data-start=\"1826\" data-end=\"1829\" \/>Rekomenduojama nuo 40 met\u0173 am\u017eiaus arba kaip proced\u016br\u0105 nuo 35 met\u0173.<br data-start=\"1896\" data-end=\"1899\" \/>Dienos metu palaukite apie 15 minu\u010di\u0173, kad produktas susigert\u0173, prie\u0161 u\u017etepant makia\u017e\u0105.<\/p>\n<p>&nbsp;<\/p>\n<p><img loading=\"lazy\" decoding=\"async\" class=\"alignnone\" src=\"https:\/\/upload.cdn.baselinker.com\/products\/3016653\/3d9ad4095b982bdfbde6ebe439cbf1cf.jpg\" alt=\"3d9ad4095b982bdfbde6ebe439cbf1cf.jpg\" width=\"373\" height=\"373\" \/><\/p>\n<p>&nbsp;<\/p>\n<p>&nbsp;<\/p>\n<ol>\n<li data-start=\"1988\" data-end=\"2130\">I\u0161valykite ir i\u0161d\u017eiovinkite veid\u0105 \u2013 rekomenduojame naudoti LUMINEO \u0161epet\u012f kartu su LUMINEO SUPREME CLEANSER geliu, tada naudokite tonik\u0105.<\/li>\n<li data-start=\"2131\" data-end=\"2207\">\n<p data-start=\"2134\" data-end=\"2207\">U\u017etepkite LUMINEO BOOSTER krem\u0105 ant veido (venkite aki\u0173, vok\u0173 ir l\u016bp\u0173).<\/p>\n<\/li>\n<li data-start=\"2208\" data-end=\"2278\">\n<p data-start=\"2211\" data-end=\"2278\">Pasirinkite EMS funkcij\u0105 LUMINEO prietaise ir atlikite proced\u016br\u0105.<\/p>\n<\/li>\n<li data-start=\"2279\" data-end=\"2335\">\n<p data-start=\"2282\" data-end=\"2335\">Baigus proced\u016br\u0105, masa\u017euokite likus\u012f krem\u0105 \u012f veid\u0105.<\/p>\n<\/li>\n<\/ol>\n<p>&nbsp;<\/p>\n<p><strong data-start=\"2337\" data-end=\"2479\">Norint pasiekti geriausi\u0173 rezultat\u0173, krem\u0105 naudokite du kartus per dien\u0105 ant i\u0161valytos ir i\u0161d\u017eiovintos veido odos ma\u017eiausiai 2\u20133 m\u0117nesius.<\/strong><br data-start=\"2479\" data-end=\"2482\" \/>Taip pat galite naudoti krem\u0105 ant kaklo ir dekolt\u0117 srities.<\/p>\n<p>&nbsp;<\/p>\n<p>&nbsp;<\/p>\n<p><img loading=\"lazy\" decoding=\"async\" class=\"alignnone\" src=\"https:\/\/upload.cdn.baselinker.com\/products\/3016653\/3ce59258ba10ad0e3bb7058189c163da.jpg\" alt=\"3ce59258ba10ad0e3bb7058189c163da.jpg\" width=\"378\" height=\"378\" \/><\/p>\n<p data-start=\"2543\" data-end=\"3055\"><strong data-start=\"2543\" data-end=\"2566\">MATMENYS IR SUD\u0116TIS<\/strong><br data-start=\"2566\" data-end=\"2569\" \/>Aqua, Isononyl Isononanoatas, Cichorium Intybus (Cikorijos) \u0161aknies oligosacharidai, Butilenglikolis, Glicerinas, Polisorbatas, Fenoksietanolis, Karbomeras, Trietanolaminas, Silibum Marianum vaisi\u0173 ekstraktas, Camelia Sinensis lap\u0173 ekstraktas, Hidrolizuoti kvie\u010di\u0173 baltymai, Aesculus Hippocastanum s\u0117kl\u0173 ekstraktas, Caesalpinia Spinosa dervos, Glukonolaktonas, Natrio hialuronatas, Kaprilo\/kaprico trigliceridai, Natrio benzoatas, Imidazolidinil Urea, Kalio sorbatas, Sucrose Laurate.<\/p>\n<p data-start=\"3057\" data-end=\"3073\"><strong data-start=\"3057\" data-end=\"3067\">Talpa:<\/strong> 75 ml<\/p>\n<p>&nbsp;<\/p>\n<article class=\"text-token-text-primary w-full\" dir=\"auto\" data-testid=\"conversation-turn-22\" data-scroll-anchor=\"true\">\n<div class=\"text-base my-auto mx-auto py-5 [--thread-content-margin:--spacing(4)] @[37rem]:[--thread-content-margin:--spacing(6)] @[72rem]:[--thread-content-margin:--spacing(16)] px-(--thread-content-margin)\">\n<div class=\"[--thread-content-max-width:32rem] @[34rem]:[--thread-content-max-width:40rem] @[64rem]:[--thread-content-max-width:48rem] mx-auto flex max-w-(--thread-content-max-width) flex-1 text-base gap-4 md:gap-5 lg:gap-6 group\/turn-messages focus-visible:outline-hidden\">\n<div class=\"group\/conversation-turn relative flex w-full min-w-0 flex-col agent-turn\">\n<div class=\"relative flex-col gap-1 md:gap-3\">\n<div class=\"flex max-w-full flex-col grow\">\n<div class=\"min-h-8 text-message relative flex w-full flex-col items-end gap-2 text-start break-words whitespace-normal [.text-message+&amp;]:mt-5\" dir=\"auto\" data-message-author-role=\"assistant\" data-message-id=\"fa5a73e5-dd83-4fe1-a791-eba83a3ea454\" data-message-model-slug=\"gpt-4o-mini\">\n<div class=\"flex w-full flex-col gap-1 empty:hidden first:pt-[3px]\">\n<div class=\"markdown prose dark:prose-invert w-full break-words light\">\n<p data-start=\"0\" data-end=\"453\" data-is-last-node=\"\" data-is-only-node=\"\"><strong>Mes esame oficial\u016bs LUMINEO produkt\u0173 atstovai Lietuvoje ir Baltijos \u0161alyse. Si\u016blome auk\u0161\u010diausios kokyb\u0117s veido prie\u017ei\u016bros sistemas, kurios sujungia inovatyvius SPA \u012frenginius ir profesionaliai pritaikyt\u0105 kosmetik\u0105, kad u\u017etikrintume matomus rezultatus ir auk\u0161\u010diausi\u0105 klient\u0173 pasitenkinim\u0105. M\u016bs\u0173 tikslas \u2013 suteikti galimyb\u0119 m\u0117gautis profesionaliomis SPA proced\u016bromis tiesiai namuose.<\/strong><\/p>\n<\/div>\n<\/div>\n<\/div>\n<\/div>\n<div class=\"mt-3 w-full empty:hidden\">\n<div class=\"text-center\"><\/div>\n<\/div>\n<\/div>\n<div class=\"absolute\">\n<div class=\"flex items-center justify-center\"><\/div>\n<\/div>\n<\/div>\n<\/div>\n<\/div>\n<\/article>\n<div class=\"pointer-events-none h-px w-px\" aria-hidden=\"true\" data-edge=\"true\"><img decoding=\"async\" src=\"https:\/\/upload.cdn.baselinker.com\/products\/3016653\/5f05b907fad41a229d3e848f399c0f7f.png\" alt=\"5f05b907fad41a229d3e848f399c0f7f.png\" data-external-url=\"\" \/><\/div>\n","protected":false},"excerpt":{"rendered":"<p>Lumineo produktai yra sukurti naudoti tik su oficialiais Lumineo prietaisais. LUMINEO Liftingo kremas su BOTOX efektu LUMINEO prek\u0117s \u017eenklas savo klientams si\u016blo&hellip;<\/p>\n","protected":false},"featured_media":74873,"template":"","meta":[],"product_brand":[1324],"product_cat":[1323,187],"product_tag":[1345],"class_list":{"0":"post-55763","1":"product","2":"type-product","3":"status-publish","4":"has-post-thumbnail","6":"product_brand-lumineo","7":"product_cat-lumineo-veido-kremai","8":"product_cat-veido-kremai","9":"product_tag-lumineo","11":"first","12":"instock","13":"sale","14":"taxable","15":"shipping-taxable","16":"purchasable","17":"product-type-simple"},"yoast_head":"<!-- This site is optimized with the Yoast SEO plugin v27.4 - https:\/\/yoast.com\/product\/yoast-seo-wordpress\/ -->\n<title>LUMINEO liftingo kremas, 75 ml - MalinaShop.lt J\u016bs\u0173 sveikatai ir gro\u017eiui.<\/title>\n<meta name=\"description\" content=\"UMINEO liftingo kremas su Botox efektu \u2013 inovatyvi priemon\u0117 su nat\u016braliais ingredientais, suteikianti greit\u0105 liftingo efekt\u0105 ir ilgalaik\u012f odos atjauninim\u0105.\" \/>\n<meta name=\"robots\" content=\"index, follow, max-snippet:-1, max-image-preview:large, max-video-preview:-1\" \/>\n<link rel=\"canonical\" href=\"https:\/\/www.malinashop.lt\/lt_lt\/shop\/lumineo-liftingo-kremas-75-ml\/\" \/>\n<meta property=\"og:locale\" content=\"lt_LT\" \/>\n<meta property=\"og:type\" content=\"article\" \/>\n<meta property=\"og:title\" content=\"LUMINEO liftingo kremas, 75 ml - MalinaShop.lt J\u016bs\u0173 sveikatai ir gro\u017eiui.\" \/>\n<meta property=\"og:description\" content=\"UMINEO liftingo kremas su Botox efektu \u2013 inovatyvi priemon\u0117 su nat\u016braliais ingredientais, suteikianti greit\u0105 liftingo efekt\u0105 ir ilgalaik\u012f odos atjauninim\u0105.\" \/>\n<meta property=\"og:url\" content=\"https:\/\/www.malinashop.lt\/lt_lt\/shop\/lumineo-liftingo-kremas-75-ml\/\" \/>\n<meta property=\"og:site_name\" content=\"MalinaShop.lt J\u016bs\u0173 sveikatai ir gro\u017eiui.\" \/>\n<meta property=\"article:modified_time\" content=\"2026-04-16T18:11:03+00:00\" \/>\n<meta property=\"og:image\" content=\"https:\/\/www.malinashop.lt\/wp-content\/uploads\/2025\/06\/Gemini_Generated_Image_qpjtvdqpjtvdqpjt.png\" \/>\n\t<meta property=\"og:image:width\" content=\"1024\" \/>\n\t<meta property=\"og:image:height\" content=\"1024\" \/>\n\t<meta property=\"og:image:type\" content=\"image\/png\" \/>\n<meta name=\"twitter:card\" content=\"summary_large_image\" \/>\n<script type=\"application\/ld+json\" class=\"yoast-schema-graph\">{\"@context\":\"https:\\\/\\\/schema.org\",\"@graph\":[{\"@type\":\"WebPage\",\"@id\":\"https:\\\/\\\/www.malinashop.lt\\\/shop\\\/lumineo-liftingo-kremas-75-ml\\\/\",\"url\":\"https:\\\/\\\/www.malinashop.lt\\\/shop\\\/lumineo-liftingo-kremas-75-ml\\\/\",\"name\":\"LUMINEO liftingo kremas, 75 ml - MalinaShop.lt J\u016bs\u0173 sveikatai ir gro\u017eiui.\",\"isPartOf\":{\"@id\":\"https:\\\/\\\/www.malinashop.lt\\\/#website\"},\"primaryImageOfPage\":{\"@id\":\"https:\\\/\\\/www.malinashop.lt\\\/shop\\\/lumineo-liftingo-kremas-75-ml\\\/#primaryimage\"},\"image\":{\"@id\":\"https:\\\/\\\/www.malinashop.lt\\\/shop\\\/lumineo-liftingo-kremas-75-ml\\\/#primaryimage\"},\"thumbnailUrl\":\"https:\\\/\\\/www.malinashop.lt\\\/wp-content\\\/uploads\\\/2025\\\/06\\\/Gemini_Generated_Image_qpjtvdqpjtvdqpjt.png\",\"datePublished\":\"2025-06-03T19:20:32+00:00\",\"dateModified\":\"2026-04-16T18:11:03+00:00\",\"description\":\"UMINEO liftingo kremas su Botox efektu \u2013 inovatyvi priemon\u0117 su nat\u016braliais ingredientais, suteikianti greit\u0105 liftingo efekt\u0105 ir ilgalaik\u012f odos atjauninim\u0105.\",\"breadcrumb\":{\"@id\":\"https:\\\/\\\/www.malinashop.lt\\\/shop\\\/lumineo-liftingo-kremas-75-ml\\\/#breadcrumb\"},\"inLanguage\":\"lt-LT\",\"potentialAction\":[{\"@type\":\"ReadAction\",\"target\":[\"https:\\\/\\\/www.malinashop.lt\\\/shop\\\/lumineo-liftingo-kremas-75-ml\\\/\"]}]},{\"@type\":\"ImageObject\",\"inLanguage\":\"lt-LT\",\"@id\":\"https:\\\/\\\/www.malinashop.lt\\\/shop\\\/lumineo-liftingo-kremas-75-ml\\\/#primaryimage\",\"url\":\"https:\\\/\\\/www.malinashop.lt\\\/wp-content\\\/uploads\\\/2025\\\/06\\\/Gemini_Generated_Image_qpjtvdqpjtvdqpjt.png\",\"contentUrl\":\"https:\\\/\\\/www.malinashop.lt\\\/wp-content\\\/uploads\\\/2025\\\/06\\\/Gemini_Generated_Image_qpjtvdqpjtvdqpjt.png\",\"width\":1024,\"height\":1024},{\"@type\":\"BreadcrumbList\",\"@id\":\"https:\\\/\\\/www.malinashop.lt\\\/shop\\\/lumineo-liftingo-kremas-75-ml\\\/#breadcrumb\",\"itemListElement\":[{\"@type\":\"ListItem\",\"position\":1,\"name\":\"Pagrindinis\",\"item\":\"https:\\\/\\\/www.malinashop.lt\\\/\"},{\"@type\":\"ListItem\",\"position\":2,\"name\":\"Parduotuv\u0117\",\"item\":\"https:\\\/\\\/www.malinashop.lt\\\/en\\\/parduotuve\\\/\"},{\"@type\":\"ListItem\",\"position\":3,\"name\":\"LUMINEO liftingo kremas, 75 ml\"}]},{\"@type\":\"WebSite\",\"@id\":\"https:\\\/\\\/www.malinashop.lt\\\/#website\",\"url\":\"https:\\\/\\\/www.malinashop.lt\\\/\",\"name\":\"COM Group Ecommerce\",\"description\":\"MalinaShop.lt - Gro\u017eio ir sveikatos produktai i\u0161 patikim\u0173 preki\u0173 \u017eenkl\u0173. Atraskite auk\u0161tos kokyb\u0117s kosmetik\u0105 u\u017e puiki\u0105 kain\u0105.\",\"publisher\":{\"@id\":\"https:\\\/\\\/www.malinashop.lt\\\/#organization\"},\"potentialAction\":[{\"@type\":\"SearchAction\",\"target\":{\"@type\":\"EntryPoint\",\"urlTemplate\":\"https:\\\/\\\/www.malinashop.lt\\\/?s={search_term_string}\"},\"query-input\":{\"@type\":\"PropertyValueSpecification\",\"valueRequired\":true,\"valueName\":\"search_term_string\"}}],\"inLanguage\":\"lt-LT\"},{\"@type\":\"Organization\",\"@id\":\"https:\\\/\\\/www.malinashop.lt\\\/#organization\",\"name\":\"COM Group Ecommerce\",\"url\":\"https:\\\/\\\/www.malinashop.lt\\\/\",\"logo\":{\"@type\":\"ImageObject\",\"inLanguage\":\"lt-LT\",\"@id\":\"https:\\\/\\\/www.malinashop.lt\\\/#\\\/schema\\\/logo\\\/image\\\/\",\"url\":\"https:\\\/\\\/www.malinashop.lt\\\/wp-content\\\/uploads\\\/2024\\\/08\\\/462559670_3787732518133670_9795632669273463_n-e1731525914575.png\",\"contentUrl\":\"https:\\\/\\\/www.malinashop.lt\\\/wp-content\\\/uploads\\\/2024\\\/08\\\/462559670_3787732518133670_9795632669273463_n-e1731525914575.png\",\"width\":180,\"height\":60,\"caption\":\"COM Group Ecommerce\"},\"image\":{\"@id\":\"https:\\\/\\\/www.malinashop.lt\\\/#\\\/schema\\\/logo\\\/image\\\/\"}}]}<\/script>\n<!-- \/ Yoast SEO plugin. -->","yoast_head_json":{"title":"LUMINEO liftingo kremas, 75 ml - MalinaShop.lt J\u016bs\u0173 sveikatai ir gro\u017eiui.","description":"UMINEO liftingo kremas su Botox efektu \u2013 inovatyvi priemon\u0117 su nat\u016braliais ingredientais, suteikianti greit\u0105 liftingo efekt\u0105 ir ilgalaik\u012f odos atjauninim\u0105.","robots":{"index":"index","follow":"follow","max-snippet":"max-snippet:-1","max-image-preview":"max-image-preview:large","max-video-preview":"max-video-preview:-1"},"canonical":"https:\/\/www.malinashop.lt\/lt_lt\/shop\/lumineo-liftingo-kremas-75-ml\/","og_locale":"lt_LT","og_type":"article","og_title":"LUMINEO liftingo kremas, 75 ml - MalinaShop.lt J\u016bs\u0173 sveikatai ir gro\u017eiui.","og_description":"UMINEO liftingo kremas su Botox efektu \u2013 inovatyvi priemon\u0117 su nat\u016braliais ingredientais, suteikianti greit\u0105 liftingo efekt\u0105 ir ilgalaik\u012f odos atjauninim\u0105.","og_url":"https:\/\/www.malinashop.lt\/lt_lt\/shop\/lumineo-liftingo-kremas-75-ml\/","og_site_name":"MalinaShop.lt J\u016bs\u0173 sveikatai ir gro\u017eiui.","article_modified_time":"2026-04-16T18:11:03+00:00","og_image":[{"width":1024,"height":1024,"url":"https:\/\/www.malinashop.lt\/wp-content\/uploads\/2025\/06\/Gemini_Generated_Image_qpjtvdqpjtvdqpjt.png","type":"image\/png"}],"twitter_card":"summary_large_image","schema":{"@context":"https:\/\/schema.org","@graph":[{"@type":"WebPage","@id":"https:\/\/www.malinashop.lt\/shop\/lumineo-liftingo-kremas-75-ml\/","url":"https:\/\/www.malinashop.lt\/shop\/lumineo-liftingo-kremas-75-ml\/","name":"LUMINEO liftingo kremas, 75 ml - MalinaShop.lt J\u016bs\u0173 sveikatai ir gro\u017eiui.","isPartOf":{"@id":"https:\/\/www.malinashop.lt\/#website"},"primaryImageOfPage":{"@id":"https:\/\/www.malinashop.lt\/shop\/lumineo-liftingo-kremas-75-ml\/#primaryimage"},"image":{"@id":"https:\/\/www.malinashop.lt\/shop\/lumineo-liftingo-kremas-75-ml\/#primaryimage"},"thumbnailUrl":"https:\/\/www.malinashop.lt\/wp-content\/uploads\/2025\/06\/Gemini_Generated_Image_qpjtvdqpjtvdqpjt.png","datePublished":"2025-06-03T19:20:32+00:00","dateModified":"2026-04-16T18:11:03+00:00","description":"UMINEO liftingo kremas su Botox efektu \u2013 inovatyvi priemon\u0117 su nat\u016braliais ingredientais, suteikianti greit\u0105 liftingo efekt\u0105 ir ilgalaik\u012f odos atjauninim\u0105.","breadcrumb":{"@id":"https:\/\/www.malinashop.lt\/shop\/lumineo-liftingo-kremas-75-ml\/#breadcrumb"},"inLanguage":"lt-LT","potentialAction":[{"@type":"ReadAction","target":["https:\/\/www.malinashop.lt\/shop\/lumineo-liftingo-kremas-75-ml\/"]}]},{"@type":"ImageObject","inLanguage":"lt-LT","@id":"https:\/\/www.malinashop.lt\/shop\/lumineo-liftingo-kremas-75-ml\/#primaryimage","url":"https:\/\/www.malinashop.lt\/wp-content\/uploads\/2025\/06\/Gemini_Generated_Image_qpjtvdqpjtvdqpjt.png","contentUrl":"https:\/\/www.malinashop.lt\/wp-content\/uploads\/2025\/06\/Gemini_Generated_Image_qpjtvdqpjtvdqpjt.png","width":1024,"height":1024},{"@type":"BreadcrumbList","@id":"https:\/\/www.malinashop.lt\/shop\/lumineo-liftingo-kremas-75-ml\/#breadcrumb","itemListElement":[{"@type":"ListItem","position":1,"name":"Pagrindinis","item":"https:\/\/www.malinashop.lt\/"},{"@type":"ListItem","position":2,"name":"Parduotuv\u0117","item":"https:\/\/www.malinashop.lt\/en\/parduotuve\/"},{"@type":"ListItem","position":3,"name":"LUMINEO liftingo kremas, 75 ml"}]},{"@type":"WebSite","@id":"https:\/\/www.malinashop.lt\/#website","url":"https:\/\/www.malinashop.lt\/","name":"COM Group Ecommerce","description":"MalinaShop.lt - Gro\u017eio ir sveikatos produktai i\u0161 patikim\u0173 preki\u0173 \u017eenkl\u0173. Atraskite auk\u0161tos kokyb\u0117s kosmetik\u0105 u\u017e puiki\u0105 kain\u0105.","publisher":{"@id":"https:\/\/www.malinashop.lt\/#organization"},"potentialAction":[{"@type":"SearchAction","target":{"@type":"EntryPoint","urlTemplate":"https:\/\/www.malinashop.lt\/?s={search_term_string}"},"query-input":{"@type":"PropertyValueSpecification","valueRequired":true,"valueName":"search_term_string"}}],"inLanguage":"lt-LT"},{"@type":"Organization","@id":"https:\/\/www.malinashop.lt\/#organization","name":"COM Group Ecommerce","url":"https:\/\/www.malinashop.lt\/","logo":{"@type":"ImageObject","inLanguage":"lt-LT","@id":"https:\/\/www.malinashop.lt\/#\/schema\/logo\/image\/","url":"https:\/\/www.malinashop.lt\/wp-content\/uploads\/2024\/08\/462559670_3787732518133670_9795632669273463_n-e1731525914575.png","contentUrl":"https:\/\/www.malinashop.lt\/wp-content\/uploads\/2024\/08\/462559670_3787732518133670_9795632669273463_n-e1731525914575.png","width":180,"height":60,"caption":"COM Group Ecommerce"},"image":{"@id":"https:\/\/www.malinashop.lt\/#\/schema\/logo\/image\/"}}]}},"jetpack_sharing_enabled":true,"_links":{"self":[{"href":"https:\/\/www.malinashop.lt\/lt_lt\/wp-json\/wp\/v2\/product\/55763","targetHints":{"allow":["GET"]}}],"collection":[{"href":"https:\/\/www.malinashop.lt\/lt_lt\/wp-json\/wp\/v2\/product"}],"about":[{"href":"https:\/\/www.malinashop.lt\/lt_lt\/wp-json\/wp\/v2\/types\/product"}],"version-history":[{"count":11,"href":"https:\/\/www.malinashop.lt\/lt_lt\/wp-json\/wp\/v2\/product\/55763\/revisions"}],"predecessor-version":[{"id":74880,"href":"https:\/\/www.malinashop.lt\/lt_lt\/wp-json\/wp\/v2\/product\/55763\/revisions\/74880"}],"wp:featuredmedia":[{"embeddable":true,"href":"https:\/\/www.malinashop.lt\/lt_lt\/wp-json\/wp\/v2\/media\/74873"}],"wp:attachment":[{"href":"https:\/\/www.malinashop.lt\/lt_lt\/wp-json\/wp\/v2\/media?parent=55763"}],"wp:term":[{"taxonomy":"product_brand","embeddable":true,"href":"https:\/\/www.malinashop.lt\/lt_lt\/wp-json\/wp\/v2\/product_brand?post=55763"},{"taxonomy":"product_cat","embeddable":true,"href":"https:\/\/www.malinashop.lt\/lt_lt\/wp-json\/wp\/v2\/product_cat?post=55763"},{"taxonomy":"product_tag","embeddable":true,"href":"https:\/\/www.malinashop.lt\/lt_lt\/wp-json\/wp\/v2\/product_tag?post=55763"}],"curies":[{"name":"wp","href":"https:\/\/api.w.org\/{rel}","templated":true}]}}