{"id":54532,"date":"2025-08-26T00:23:25","date_gmt":"2025-08-25T21:23:25","guid":{"rendered":"https:\/\/malinashop.lt\/?post_type=product&#038;p=54532"},"modified":"2026-03-12T21:26:36","modified_gmt":"2026-03-12T18:26:36","slug":"pastatomas-stalinis-biozidinys-malina-black","status":"publish","type":"product","link":"https:\/\/www.malinashop.lt\/lt_lt\/shop\/pastatomas-stalinis-biozidinys-malina-black\/","title":{"rendered":"Pastatomas stalinis bio\u017eidinys MALINA BLACK"},"content":{"rendered":"<p class=\"\" data-start=\"604\" data-end=\"918\"><strong data-start=\"604\" data-end=\"640\">Stalinis bio\u017eidinys MALINA BLACK<\/strong> \u2013 tai kompakti\u0161kas, laisvai pastatomas bio\u017eidinys, puikiai tinkantis tiems, kurie ie\u0161ko jaukumo, \u0161ilumos ir \u0161iuolaikinio dizaino sprendimo be sud\u0117tingos instaliacijos. Jis tinka naudoti bute, name, biure, terasoje ar net kavin\u0117je \u2013 bet kur, kur norisi tikros ugnies atmosferos.<\/p>\n<p class=\"\" data-start=\"920\" data-end=\"1183\">\u0160is <strong data-start=\"924\" data-end=\"957\">bioetanoliu k\u016brenamas \u017eidinys<\/strong> neskleid\u017eia d\u016bm\u0173, kvap\u0173 ar suod\u017ei\u0173, tod\u0117l jam nereikia kamino ar specialios ventiliacijos. Tiesiog pripildykite talp\u0105 biokuru ir m\u0117gaukit\u0117s nat\u016bralia liepsna iki 3 valand\u0173 (1 litro talpa), priklausomai nuo degimo intensyvumo.<\/p>\n<p data-start=\"920\" data-end=\"1183\">Kartu su <em data-start=\"143\" data-end=\"157\">MALINA BLACK <\/em>bio\u017eidiniu pridedama <strong data-start=\"179\" data-end=\"201\">u\u017egesinimo mentel\u0117<\/strong> ir <strong data-start=\"205\" data-end=\"233\">dekoratyviniai akmenukai<\/strong>, kurie suteikia \u017eidiniui estetikos ir dar daugiau jaukumo.<\/p>\n<p data-start=\"920\" data-end=\"1183\"><strong data-start=\"1119\" data-end=\"1130\">Svarbu:<\/strong> biokuras \u012f komplekt\u0105 ne\u012feina \u2013 j\u012f galite \u012fsigyti atskirai m\u016bs\u0173 el. parduotuv\u0117je.<\/p>\n<p data-start=\"920\" data-end=\"1183\"><strong data-start=\"103\" data-end=\"139\">Puikiai tinka \u012fvairioms progoms:<\/strong><br data-start=\"139\" data-end=\"142\" \/>Stalinis bio\u017eidinys <em data-start=\"162\" data-end=\"176\">MALINA BLACK<\/em>\u2013 puikus pasirinkimas ne tik kasdieniam jaukumui, bet ir ypatingoms akimirkoms. Jis idealiai tiks <strong data-start=\"275\" data-end=\"308\">vestuv\u0117ms kaip \u0161eimos \u017eidinys<\/strong>, kelion\u0117ms, poilsiui gamtoje ar tiesiog <strong data-start=\"349\" data-end=\"387\" data-is-only-node=\"\">jaukiems vakarams namuose ar kieme<\/strong>.<\/p>\n<p class=\"\" data-start=\"1185\" data-end=\"1546\"><strong data-start=\"1185\" data-end=\"1207\">Technin\u0117s savyb\u0117s:<\/strong><br data-start=\"1207\" data-end=\"1210\" \/>\u2013 Korpusas gaminamas i\u0161 tvirto plieno, dengto kar\u0161\u010diui atspariais milteliniais da\u017eais<br data-start=\"1295\" data-end=\"1298\" \/>\u2013 Biokuro degiklis \u2013 i\u0161 ner\u016bdijan\u010dio plieno<br data-start=\"1341\" data-end=\"1344\" \/>\u2013 Atsparus \u012fbr\u0117\u017eimams ir mechaniniams pa\u017eeidimams<br data-start=\"1393\" data-end=\"1396\" \/>\u2013 Modernus, minimalistinis dizainas<br data-start=\"1431\" data-end=\"1434\" \/>\u2013 Degimo laikas iki 3 val. \/ 1 l biokuro<br data-start=\"1474\" data-end=\"1477\" \/>\u2013 Laisvai pastatomas ant stalo, lentynos ar bet kurio kito pavir\u0161iaus<\/p>\n<p class=\"\" data-start=\"1548\" data-end=\"1840\"><strong data-start=\"1548\" data-end=\"1585\">Kod\u0117l verta rinktis MALINA BLACK?<\/strong><br data-start=\"1585\" data-end=\"1588\" \/>\u2013 Tinka naudoti tiek vidaus, tiek lauko erdv\u0117se<br data-start=\"1635\" data-end=\"1638\" \/>\u2013 Sukuria jaukum\u0105 be sud\u0117tingo \u012frengimo<br data-start=\"1677\" data-end=\"1680\" \/>\u2013 Saugi, ekologi\u0161ka ir ekonomi\u0161ka alternatyva malkiniams \u017eidiniams<br data-start=\"1746\" data-end=\"1749\" \/>\u2013 Puikiai \u012fsilieja \u012f \u0161iuolaikin\u012f interjer\u0105 kaip dekoratyvin\u0117 bei \u0161ilum\u0105 skleid\u017eianti detal\u0117<\/p>\n<p><iframe title=\"Stalinis bio\u017eidinys MALINA BLACK #bio\u017eidinys #fire #malinablack #modernus\u017eidinys\" width=\"563\" height=\"1000\" src=\"https:\/\/www.youtube.com\/embed\/hXSrbqE9nU0?feature=oembed\" frameborder=\"0\" allow=\"accelerometer; autoplay; clipboard-write; encrypted-media; gyroscope; picture-in-picture; web-share\" referrerpolicy=\"strict-origin-when-cross-origin\" allowfullscreen><\/iframe><\/p>\n","protected":false},"excerpt":{"rendered":"<p>Stalinis bio\u017eidinys MALINA BLACK \u2013 tai kompakti\u0161kas, laisvai pastatomas bio\u017eidinys, puikiai tinkantis tiems, kurie ie\u0161ko jaukumo, \u0161ilumos ir \u0161iuolaikinio dizaino sprendimo be&hellip;<\/p>\n","protected":false},"featured_media":71944,"template":"","meta":[],"product_brand":[],"product_cat":[574,1137,1299],"product_tag":[],"class_list":{"0":"post-54532","1":"product","2":"type-product","3":"status-publish","4":"has-post-thumbnail","6":"product_cat-biozidiniai-zvakes","7":"product_cat-dovanos","8":"product_cat-produktai-su-dovanomis","10":"first","11":"outofstock","12":"sale","13":"featured","14":"taxable","15":"shipping-taxable","16":"purchasable","17":"product-type-simple"},"yoast_head":"<!-- This site is optimized with the Yoast SEO plugin v27.4 - https:\/\/yoast.com\/product\/yoast-seo-wordpress\/ -->\n<title>Pastatomas stalinis bio\u017eidinys MALINA BLACK - MalinaShop.lt J\u016bs\u0173 sveikatai ir gro\u017eiui.<\/title>\n<meta name=\"description\" content=\"Stalinis bio\u017eidinys MALINA BLACK \u2013 bekvapis, d\u016bm\u0173 nei\u0161skiriantis \u017eidinys su nat\u016bralia liepsna ir stilingu dizainu.\" \/>\n<meta name=\"robots\" content=\"index, follow, max-snippet:-1, max-image-preview:large, max-video-preview:-1\" \/>\n<link rel=\"canonical\" href=\"https:\/\/www.malinashop.lt\/lt_lt\/shop\/pastatomas-stalinis-biozidinys-malina-black\/\" \/>\n<meta property=\"og:locale\" content=\"lt_LT\" \/>\n<meta property=\"og:type\" content=\"article\" \/>\n<meta property=\"og:title\" content=\"Pastatomas stalinis bio\u017eidinys MALINA BLACK - MalinaShop.lt J\u016bs\u0173 sveikatai ir gro\u017eiui.\" \/>\n<meta property=\"og:description\" content=\"Stalinis bio\u017eidinys MALINA BLACK \u2013 bekvapis, d\u016bm\u0173 nei\u0161skiriantis \u017eidinys su nat\u016bralia liepsna ir stilingu dizainu.\" \/>\n<meta property=\"og:url\" content=\"https:\/\/www.malinashop.lt\/lt_lt\/shop\/pastatomas-stalinis-biozidinys-malina-black\/\" \/>\n<meta property=\"og:site_name\" content=\"MalinaShop.lt J\u016bs\u0173 sveikatai ir gro\u017eiui.\" \/>\n<meta property=\"article:modified_time\" content=\"2026-03-12T18:26:36+00:00\" \/>\n<meta property=\"og:image\" content=\"https:\/\/www.malinashop.lt\/wp-content\/uploads\/2025\/05\/1-3.png\" \/>\n\t<meta property=\"og:image:width\" content=\"1024\" \/>\n\t<meta property=\"og:image:height\" content=\"1024\" \/>\n\t<meta property=\"og:image:type\" content=\"image\/png\" \/>\n<meta name=\"twitter:card\" content=\"summary_large_image\" \/>\n<script type=\"application\/ld+json\" class=\"yoast-schema-graph\">{\"@context\":\"https:\\\/\\\/schema.org\",\"@graph\":[{\"@type\":\"WebPage\",\"@id\":\"https:\\\/\\\/www.malinashop.lt\\\/lt_lt\\\/shop\\\/pastatomas-stalinis-biozidinys-malina-black\\\/\",\"url\":\"https:\\\/\\\/www.malinashop.lt\\\/lt_lt\\\/shop\\\/pastatomas-stalinis-biozidinys-malina-black\\\/\",\"name\":\"Pastatomas stalinis bio\u017eidinys MALINA BLACK - MalinaShop.lt J\u016bs\u0173 sveikatai ir gro\u017eiui.\",\"isPartOf\":{\"@id\":\"https:\\\/\\\/www.malinashop.lt\\\/en\\\/#website\"},\"primaryImageOfPage\":{\"@id\":\"https:\\\/\\\/www.malinashop.lt\\\/lt_lt\\\/shop\\\/pastatomas-stalinis-biozidinys-malina-black\\\/#primaryimage\"},\"image\":{\"@id\":\"https:\\\/\\\/www.malinashop.lt\\\/lt_lt\\\/shop\\\/pastatomas-stalinis-biozidinys-malina-black\\\/#primaryimage\"},\"thumbnailUrl\":\"https:\\\/\\\/www.malinashop.lt\\\/wp-content\\\/uploads\\\/2025\\\/05\\\/1-3.png\",\"datePublished\":\"2025-08-25T21:23:25+00:00\",\"dateModified\":\"2026-03-12T18:26:36+00:00\",\"description\":\"Stalinis bio\u017eidinys MALINA BLACK \u2013 bekvapis, d\u016bm\u0173 nei\u0161skiriantis \u017eidinys su nat\u016bralia liepsna ir stilingu dizainu.\",\"breadcrumb\":{\"@id\":\"https:\\\/\\\/www.malinashop.lt\\\/lt_lt\\\/shop\\\/pastatomas-stalinis-biozidinys-malina-black\\\/#breadcrumb\"},\"inLanguage\":\"lt-LT\",\"potentialAction\":[{\"@type\":\"ReadAction\",\"target\":[\"https:\\\/\\\/www.malinashop.lt\\\/lt_lt\\\/shop\\\/pastatomas-stalinis-biozidinys-malina-black\\\/\"]}]},{\"@type\":\"ImageObject\",\"inLanguage\":\"lt-LT\",\"@id\":\"https:\\\/\\\/www.malinashop.lt\\\/lt_lt\\\/shop\\\/pastatomas-stalinis-biozidinys-malina-black\\\/#primaryimage\",\"url\":\"https:\\\/\\\/www.malinashop.lt\\\/wp-content\\\/uploads\\\/2025\\\/05\\\/1-3.png\",\"contentUrl\":\"https:\\\/\\\/www.malinashop.lt\\\/wp-content\\\/uploads\\\/2025\\\/05\\\/1-3.png\",\"width\":1024,\"height\":1024},{\"@type\":\"BreadcrumbList\",\"@id\":\"https:\\\/\\\/www.malinashop.lt\\\/lt_lt\\\/shop\\\/pastatomas-stalinis-biozidinys-malina-black\\\/#breadcrumb\",\"itemListElement\":[{\"@type\":\"ListItem\",\"position\":1,\"name\":\"Home\",\"item\":\"https:\\\/\\\/www.malinashop.lt\\\/en\\\/\"},{\"@type\":\"ListItem\",\"position\":2,\"name\":\"Parduotuv\u0117\",\"item\":\"https:\\\/\\\/www.malinashop.lt\\\/en\\\/parduotuve\\\/\"},{\"@type\":\"ListItem\",\"position\":3,\"name\":\"Pastatomas stalinis bio\u017eidinys MALINA BLACK\"}]},{\"@type\":\"WebSite\",\"@id\":\"https:\\\/\\\/www.malinashop.lt\\\/en\\\/#website\",\"url\":\"https:\\\/\\\/www.malinashop.lt\\\/en\\\/\",\"name\":\"COM Group Ecommerce\",\"description\":\"MalinaShop.lt - Gro\u017eio ir sveikatos produktai i\u0161 patikim\u0173 preki\u0173 \u017eenkl\u0173. Atraskite auk\u0161tos kokyb\u0117s kosmetik\u0105 u\u017e puiki\u0105 kain\u0105.\",\"publisher\":{\"@id\":\"https:\\\/\\\/www.malinashop.lt\\\/en\\\/#organization\"},\"potentialAction\":[{\"@type\":\"SearchAction\",\"target\":{\"@type\":\"EntryPoint\",\"urlTemplate\":\"https:\\\/\\\/www.malinashop.lt\\\/en\\\/?s={search_term_string}\"},\"query-input\":{\"@type\":\"PropertyValueSpecification\",\"valueRequired\":true,\"valueName\":\"search_term_string\"}}],\"inLanguage\":\"lt-LT\"},{\"@type\":\"Organization\",\"@id\":\"https:\\\/\\\/www.malinashop.lt\\\/en\\\/#organization\",\"name\":\"COM Group Ecommerce\",\"url\":\"https:\\\/\\\/www.malinashop.lt\\\/en\\\/\",\"logo\":{\"@type\":\"ImageObject\",\"inLanguage\":\"lt-LT\",\"@id\":\"https:\\\/\\\/www.malinashop.lt\\\/en\\\/#\\\/schema\\\/logo\\\/image\\\/\",\"url\":\"https:\\\/\\\/www.malinashop.lt\\\/wp-content\\\/uploads\\\/2024\\\/08\\\/462559670_3787732518133670_9795632669273463_n-e1731525914575.png\",\"contentUrl\":\"https:\\\/\\\/www.malinashop.lt\\\/wp-content\\\/uploads\\\/2024\\\/08\\\/462559670_3787732518133670_9795632669273463_n-e1731525914575.png\",\"width\":180,\"height\":60,\"caption\":\"COM Group Ecommerce\"},\"image\":{\"@id\":\"https:\\\/\\\/www.malinashop.lt\\\/en\\\/#\\\/schema\\\/logo\\\/image\\\/\"}}]}<\/script>\n<!-- \/ Yoast SEO plugin. -->","yoast_head_json":{"title":"Pastatomas stalinis bio\u017eidinys MALINA BLACK - MalinaShop.lt J\u016bs\u0173 sveikatai ir gro\u017eiui.","description":"Stalinis bio\u017eidinys MALINA BLACK \u2013 bekvapis, d\u016bm\u0173 nei\u0161skiriantis \u017eidinys su nat\u016bralia liepsna ir stilingu dizainu.","robots":{"index":"index","follow":"follow","max-snippet":"max-snippet:-1","max-image-preview":"max-image-preview:large","max-video-preview":"max-video-preview:-1"},"canonical":"https:\/\/www.malinashop.lt\/lt_lt\/shop\/pastatomas-stalinis-biozidinys-malina-black\/","og_locale":"lt_LT","og_type":"article","og_title":"Pastatomas stalinis bio\u017eidinys MALINA BLACK - MalinaShop.lt J\u016bs\u0173 sveikatai ir gro\u017eiui.","og_description":"Stalinis bio\u017eidinys MALINA BLACK \u2013 bekvapis, d\u016bm\u0173 nei\u0161skiriantis \u017eidinys su nat\u016bralia liepsna ir stilingu dizainu.","og_url":"https:\/\/www.malinashop.lt\/lt_lt\/shop\/pastatomas-stalinis-biozidinys-malina-black\/","og_site_name":"MalinaShop.lt J\u016bs\u0173 sveikatai ir gro\u017eiui.","article_modified_time":"2026-03-12T18:26:36+00:00","og_image":[{"width":1024,"height":1024,"url":"https:\/\/www.malinashop.lt\/wp-content\/uploads\/2025\/05\/1-3.png","type":"image\/png"}],"twitter_card":"summary_large_image","schema":{"@context":"https:\/\/schema.org","@graph":[{"@type":"WebPage","@id":"https:\/\/www.malinashop.lt\/lt_lt\/shop\/pastatomas-stalinis-biozidinys-malina-black\/","url":"https:\/\/www.malinashop.lt\/lt_lt\/shop\/pastatomas-stalinis-biozidinys-malina-black\/","name":"Pastatomas stalinis bio\u017eidinys MALINA BLACK - MalinaShop.lt J\u016bs\u0173 sveikatai ir gro\u017eiui.","isPartOf":{"@id":"https:\/\/www.malinashop.lt\/en\/#website"},"primaryImageOfPage":{"@id":"https:\/\/www.malinashop.lt\/lt_lt\/shop\/pastatomas-stalinis-biozidinys-malina-black\/#primaryimage"},"image":{"@id":"https:\/\/www.malinashop.lt\/lt_lt\/shop\/pastatomas-stalinis-biozidinys-malina-black\/#primaryimage"},"thumbnailUrl":"https:\/\/www.malinashop.lt\/wp-content\/uploads\/2025\/05\/1-3.png","datePublished":"2025-08-25T21:23:25+00:00","dateModified":"2026-03-12T18:26:36+00:00","description":"Stalinis bio\u017eidinys MALINA BLACK \u2013 bekvapis, d\u016bm\u0173 nei\u0161skiriantis \u017eidinys su nat\u016bralia liepsna ir stilingu dizainu.","breadcrumb":{"@id":"https:\/\/www.malinashop.lt\/lt_lt\/shop\/pastatomas-stalinis-biozidinys-malina-black\/#breadcrumb"},"inLanguage":"lt-LT","potentialAction":[{"@type":"ReadAction","target":["https:\/\/www.malinashop.lt\/lt_lt\/shop\/pastatomas-stalinis-biozidinys-malina-black\/"]}]},{"@type":"ImageObject","inLanguage":"lt-LT","@id":"https:\/\/www.malinashop.lt\/lt_lt\/shop\/pastatomas-stalinis-biozidinys-malina-black\/#primaryimage","url":"https:\/\/www.malinashop.lt\/wp-content\/uploads\/2025\/05\/1-3.png","contentUrl":"https:\/\/www.malinashop.lt\/wp-content\/uploads\/2025\/05\/1-3.png","width":1024,"height":1024},{"@type":"BreadcrumbList","@id":"https:\/\/www.malinashop.lt\/lt_lt\/shop\/pastatomas-stalinis-biozidinys-malina-black\/#breadcrumb","itemListElement":[{"@type":"ListItem","position":1,"name":"Home","item":"https:\/\/www.malinashop.lt\/en\/"},{"@type":"ListItem","position":2,"name":"Parduotuv\u0117","item":"https:\/\/www.malinashop.lt\/en\/parduotuve\/"},{"@type":"ListItem","position":3,"name":"Pastatomas stalinis bio\u017eidinys MALINA BLACK"}]},{"@type":"WebSite","@id":"https:\/\/www.malinashop.lt\/en\/#website","url":"https:\/\/www.malinashop.lt\/en\/","name":"COM Group Ecommerce","description":"MalinaShop.lt - Gro\u017eio ir sveikatos produktai i\u0161 patikim\u0173 preki\u0173 \u017eenkl\u0173. Atraskite auk\u0161tos kokyb\u0117s kosmetik\u0105 u\u017e puiki\u0105 kain\u0105.","publisher":{"@id":"https:\/\/www.malinashop.lt\/en\/#organization"},"potentialAction":[{"@type":"SearchAction","target":{"@type":"EntryPoint","urlTemplate":"https:\/\/www.malinashop.lt\/en\/?s={search_term_string}"},"query-input":{"@type":"PropertyValueSpecification","valueRequired":true,"valueName":"search_term_string"}}],"inLanguage":"lt-LT"},{"@type":"Organization","@id":"https:\/\/www.malinashop.lt\/en\/#organization","name":"COM Group Ecommerce","url":"https:\/\/www.malinashop.lt\/en\/","logo":{"@type":"ImageObject","inLanguage":"lt-LT","@id":"https:\/\/www.malinashop.lt\/en\/#\/schema\/logo\/image\/","url":"https:\/\/www.malinashop.lt\/wp-content\/uploads\/2024\/08\/462559670_3787732518133670_9795632669273463_n-e1731525914575.png","contentUrl":"https:\/\/www.malinashop.lt\/wp-content\/uploads\/2024\/08\/462559670_3787732518133670_9795632669273463_n-e1731525914575.png","width":180,"height":60,"caption":"COM Group Ecommerce"},"image":{"@id":"https:\/\/www.malinashop.lt\/en\/#\/schema\/logo\/image\/"}}]}},"jetpack_sharing_enabled":true,"_links":{"self":[{"href":"https:\/\/www.malinashop.lt\/lt_lt\/wp-json\/wp\/v2\/product\/54532","targetHints":{"allow":["GET"]}}],"collection":[{"href":"https:\/\/www.malinashop.lt\/lt_lt\/wp-json\/wp\/v2\/product"}],"about":[{"href":"https:\/\/www.malinashop.lt\/lt_lt\/wp-json\/wp\/v2\/types\/product"}],"version-history":[{"count":6,"href":"https:\/\/www.malinashop.lt\/lt_lt\/wp-json\/wp\/v2\/product\/54532\/revisions"}],"predecessor-version":[{"id":54559,"href":"https:\/\/www.malinashop.lt\/lt_lt\/wp-json\/wp\/v2\/product\/54532\/revisions\/54559"}],"wp:featuredmedia":[{"embeddable":true,"href":"https:\/\/www.malinashop.lt\/lt_lt\/wp-json\/wp\/v2\/media\/71944"}],"wp:attachment":[{"href":"https:\/\/www.malinashop.lt\/lt_lt\/wp-json\/wp\/v2\/media?parent=54532"}],"wp:term":[{"taxonomy":"product_brand","embeddable":true,"href":"https:\/\/www.malinashop.lt\/lt_lt\/wp-json\/wp\/v2\/product_brand?post=54532"},{"taxonomy":"product_cat","embeddable":true,"href":"https:\/\/www.malinashop.lt\/lt_lt\/wp-json\/wp\/v2\/product_cat?post=54532"},{"taxonomy":"product_tag","embeddable":true,"href":"https:\/\/www.malinashop.lt\/lt_lt\/wp-json\/wp\/v2\/product_tag?post=54532"}],"curies":[{"name":"wp","href":"https:\/\/api.w.org\/{rel}","templated":true}]}}