{"id":54521,"date":"2025-05-02T00:03:15","date_gmt":"2025-05-01T21:03:15","guid":{"rendered":"https:\/\/malinashop.lt\/?post_type=product&#038;p=54521"},"modified":"2026-02-10T13:13:34","modified_gmt":"2026-02-10T10:13:34","slug":"tagu-candleplace-traskanti-ir-kvepianti-tikru-lauzu-zvake-3vnt","status":"publish","type":"product","link":"https:\/\/www.malinashop.lt\/lt_lt\/shop\/tagu-candleplace-traskanti-ir-kvepianti-tikru-lauzu-zvake-3vnt\/","title":{"rendered":"TAGU CANDLEPLACE tra\u0161kanti ir kvepianti tikru lau\u017eu \u017evak\u0117, 3vnt"},"content":{"rendered":"<p class=\"\" data-start=\"564\" data-end=\"632\"><strong data-start=\"564\" data-end=\"632\">I\u0161ankstinis u\u017esakymas! Tur\u0117sime keli\u0173 savai\u010di\u0173 b\u0117gyje!<\/strong><\/p>\n<p class=\"\" data-start=\"564\" data-end=\"632\"><strong data-start=\"564\" data-end=\"632\"><br \/>\nTAGU CANDLEPLACE \u2013 3 tra\u0161kan\u010di\u0173 \u017evaki\u0173 rinkinys su \u017eidinio kvapu<\/strong><\/p>\n<p class=\"\" data-start=\"634\" data-end=\"943\">Atraskite tikr\u0105 jaukumo poj\u016bt\u012f su <em data-start=\"668\" data-end=\"693\">TAGU Candleplace Triple<\/em> rinkiniu \u2013 trij\u0173 auk\u0161tos kokyb\u0117s <strong data-start=\"727\" data-end=\"748\">kvepian\u010di\u0173 \u017evaki\u0173<\/strong> komplektu, atkuriamu <strong data-start=\"770\" data-end=\"788\">\u017eidinio efektu<\/strong>. Kiekviena <strong data-start=\"800\" data-end=\"819\">tra\u0161kanti \u017evak\u0117<\/strong> sukurta naudojant nat\u016brali\u0105 medin\u0119 dagt\u012f, tod\u0117l degdama skleid\u017eia malon\u0173 malk\u0173 tra\u0161kes\u012f, \u0161okan\u010di\u0105 liepsn\u0105 ir sodr\u0173 aromat\u0105.<\/p>\n<p class=\"\" data-start=\"945\" data-end=\"1194\"><strong data-start=\"945\" data-end=\"968\">Crackling Fireplace<\/strong> kvapas \u2013 tai \u0161ilt\u0173 pu\u0161\u0173 spygli\u0173, kedro, smilkalo, odos ir dervos kompozicija, kuri sukurta bendradarbiaujant su pranc\u016bz\u0173 parfumerijos laboratorija. Kvapas subtiliai apgaubia erdv\u0119 ir sukuria tikro <strong data-start=\"1166\" data-end=\"1183\">lau\u017eo \u017eidinio<\/strong> atmosfer\u0105.<\/p>\n<p class=\"\" data-start=\"1196\" data-end=\"1676\"><strong data-start=\"1196\" data-end=\"1240\">Kuo ypatingas TAGU Candleplace rinkinys?<\/strong><br data-start=\"1240\" data-end=\"1243\" \/>\u2013 3 autenti\u0161kos <strong data-start=\"1259\" data-end=\"1282\">\u017evak\u0117s su tra\u0161kesiu<\/strong> \u2013 nat\u016bralus garsas, \u0161viesa ir kvapas<br data-start=\"1319\" data-end=\"1322\" \/>\u2013 <strong data-start=\"1324\" data-end=\"1341\">Medin\u0117 dagtis<\/strong> \u2013 sukuria \u0161okan\u010di\u0105, gyv\u0105 liepsn\u0105<br data-start=\"1374\" data-end=\"1377\" \/>\u2013 <strong data-start=\"1379\" data-end=\"1394\">380 g va\u0161ko<\/strong> kiekvienoje \u017evak\u0117je \u2013 daugiau nei <strong data-start=\"1429\" data-end=\"1453\">60 val. degimo laiko<\/strong><br data-start=\"1453\" data-end=\"1456\" \/>\u2013 <strong data-start=\"1458\" data-end=\"1489\">Stilingas stiklinis indelis<\/strong> \u2013 eleganti\u0161ka ir minimalistin\u0117 i\u0161vaizda<br data-start=\"1529\" data-end=\"1532\" \/>\u2013 <strong data-start=\"1534\" data-end=\"1551\">Tvari pakuot\u0117<\/strong> \u2013 tinkama pernaudoti ar dovanoti be papildomo \u012fpakavimo<br data-start=\"1607\" data-end=\"1610\" \/>\u2013 Idealiai tinka dovanai.<\/p>\n<p class=\"\" data-start=\"1678\" data-end=\"1885\">\u0160is rinkinys \u2013 tai puikus pasirinkimas tiems, kurie nori ne tik kvapo, bet ir <strong data-start=\"1756\" data-end=\"1785\">tikros \u017eidinio atmosferos<\/strong> be d\u016bm\u0173 ar pelen\u0173. Kiekviena \u017evak\u0117 ne\u0161a ne tik \u0161vies\u0105, bet ir jausm\u0105 \u2013 saug\u0173, \u0161ilt\u0105 ir nostalgi\u0161k\u0105.<\/p>\n<p><iframe title=\"TAGU CANDLEPLACE \u2013 3 tra\u0161kan\u010di\u0173 \u017evaki\u0173 rinkinys su \u017eidinio kvapu.\" width=\"563\" height=\"1000\" src=\"https:\/\/www.youtube.com\/embed\/83woHWyoP6w?feature=oembed\" frameborder=\"0\" allow=\"accelerometer; autoplay; clipboard-write; encrypted-media; gyroscope; picture-in-picture; web-share\" referrerpolicy=\"strict-origin-when-cross-origin\" allowfullscreen><\/iframe><\/p>\n","protected":false},"excerpt":{"rendered":"<p>I\u0161ankstinis u\u017esakymas! Tur\u0117sime keli\u0173 savai\u010di\u0173 b\u0117gyje! TAGU CANDLEPLACE \u2013 3 tra\u0161kan\u010di\u0173 \u017evaki\u0173 rinkinys su \u017eidinio kvapu Atraskite tikr\u0105 jaukumo poj\u016bt\u012f su TAGU&hellip;<\/p>\n","protected":false},"featured_media":54522,"template":"","meta":[],"product_brand":[1321],"product_cat":[574,1137],"product_tag":[1624],"class_list":{"0":"post-54521","1":"product","2":"type-product","3":"status-publish","4":"has-post-thumbnail","6":"product_brand-tagu","7":"product_cat-biozidiniai-zvakes","8":"product_cat-dovanos","9":"product_tag-tagu","11":"first","12":"instock","13":"sale","14":"taxable","15":"shipping-taxable","16":"purchasable","17":"product-type-simple"},"yoast_head":"<!-- This site is optimized with the Yoast SEO plugin v27.4 - https:\/\/yoast.com\/product\/yoast-seo-wordpress\/ -->\n<title>TAGU CANDLEPLACE tra\u0161kanti ir kvepianti tikru lau\u017eu \u017evak\u0117, 3vnt - MalinaShop.lt J\u016bs\u0173 sveikatai ir gro\u017eiui.<\/title>\n<meta name=\"description\" content=\"3 tra\u0161kan\u010dios \u017evak\u0117s su \u017eidinio kvapu ir liepsna \u2013 sukurkite tikr\u0105 jaukum\u0105 namuose su TAGU Candleplace rinkiniu.\" \/>\n<meta name=\"robots\" content=\"index, follow, max-snippet:-1, max-image-preview:large, max-video-preview:-1\" \/>\n<link rel=\"canonical\" href=\"https:\/\/www.malinashop.lt\/lt_lt\/shop\/tagu-candleplace-traskanti-ir-kvepianti-tikru-lauzu-zvake-3vnt\/\" \/>\n<meta property=\"og:locale\" content=\"lt_LT\" \/>\n<meta property=\"og:type\" content=\"article\" \/>\n<meta property=\"og:title\" content=\"TAGU CANDLEPLACE tra\u0161kanti ir kvepianti tikru lau\u017eu \u017evak\u0117, 3vnt - MalinaShop.lt J\u016bs\u0173 sveikatai ir gro\u017eiui.\" \/>\n<meta property=\"og:description\" content=\"3 tra\u0161kan\u010dios \u017evak\u0117s su \u017eidinio kvapu ir liepsna \u2013 sukurkite tikr\u0105 jaukum\u0105 namuose su TAGU Candleplace rinkiniu.\" \/>\n<meta property=\"og:url\" content=\"https:\/\/www.malinashop.lt\/lt_lt\/shop\/tagu-candleplace-traskanti-ir-kvepianti-tikru-lauzu-zvake-3vnt\/\" \/>\n<meta property=\"og:site_name\" content=\"MalinaShop.lt J\u016bs\u0173 sveikatai ir gro\u017eiui.\" \/>\n<meta property=\"article:modified_time\" content=\"2026-02-10T10:13:34+00:00\" \/>\n<meta property=\"og:image\" content=\"https:\/\/www.malinashop.lt\/wp-content\/uploads\/2025\/05\/TAGU-CANDLEPLACE-traskanti-ir-kvepianti-tikru-lauzu-zvake-3vnt.jpg\" \/>\n\t<meta property=\"og:image:width\" content=\"600\" \/>\n\t<meta property=\"og:image:height\" content=\"600\" \/>\n\t<meta property=\"og:image:type\" content=\"image\/jpeg\" \/>\n<meta name=\"twitter:card\" content=\"summary_large_image\" \/>\n<script type=\"application\/ld+json\" class=\"yoast-schema-graph\">{\"@context\":\"https:\\\/\\\/schema.org\",\"@graph\":[{\"@type\":\"WebPage\",\"@id\":\"https:\\\/\\\/www.malinashop.lt\\\/en\\\/shop\\\/tagu-candleplace-traskanti-ir-kvepianti-tikru-lauzu-zvake-3vnt\\\/\",\"url\":\"https:\\\/\\\/www.malinashop.lt\\\/en\\\/shop\\\/tagu-candleplace-traskanti-ir-kvepianti-tikru-lauzu-zvake-3vnt\\\/\",\"name\":\"TAGU CANDLEPLACE tra\u0161kanti ir kvepianti tikru lau\u017eu \u017evak\u0117, 3vnt - MalinaShop.lt J\u016bs\u0173 sveikatai ir gro\u017eiui.\",\"isPartOf\":{\"@id\":\"https:\\\/\\\/www.malinashop.lt\\\/en\\\/#website\"},\"primaryImageOfPage\":{\"@id\":\"https:\\\/\\\/www.malinashop.lt\\\/en\\\/shop\\\/tagu-candleplace-traskanti-ir-kvepianti-tikru-lauzu-zvake-3vnt\\\/#primaryimage\"},\"image\":{\"@id\":\"https:\\\/\\\/www.malinashop.lt\\\/en\\\/shop\\\/tagu-candleplace-traskanti-ir-kvepianti-tikru-lauzu-zvake-3vnt\\\/#primaryimage\"},\"thumbnailUrl\":\"https:\\\/\\\/www.malinashop.lt\\\/wp-content\\\/uploads\\\/2025\\\/05\\\/TAGU-CANDLEPLACE-traskanti-ir-kvepianti-tikru-lauzu-zvake-3vnt.jpg\",\"datePublished\":\"2025-05-01T21:03:15+00:00\",\"dateModified\":\"2026-02-10T10:13:34+00:00\",\"description\":\"3 tra\u0161kan\u010dios \u017evak\u0117s su \u017eidinio kvapu ir liepsna \u2013 sukurkite tikr\u0105 jaukum\u0105 namuose su TAGU Candleplace rinkiniu.\",\"breadcrumb\":{\"@id\":\"https:\\\/\\\/www.malinashop.lt\\\/en\\\/shop\\\/tagu-candleplace-traskanti-ir-kvepianti-tikru-lauzu-zvake-3vnt\\\/#breadcrumb\"},\"inLanguage\":\"lt-LT\",\"potentialAction\":[{\"@type\":\"ReadAction\",\"target\":[\"https:\\\/\\\/www.malinashop.lt\\\/en\\\/shop\\\/tagu-candleplace-traskanti-ir-kvepianti-tikru-lauzu-zvake-3vnt\\\/\"]}]},{\"@type\":\"ImageObject\",\"inLanguage\":\"lt-LT\",\"@id\":\"https:\\\/\\\/www.malinashop.lt\\\/en\\\/shop\\\/tagu-candleplace-traskanti-ir-kvepianti-tikru-lauzu-zvake-3vnt\\\/#primaryimage\",\"url\":\"https:\\\/\\\/www.malinashop.lt\\\/wp-content\\\/uploads\\\/2025\\\/05\\\/TAGU-CANDLEPLACE-traskanti-ir-kvepianti-tikru-lauzu-zvake-3vnt.jpg\",\"contentUrl\":\"https:\\\/\\\/www.malinashop.lt\\\/wp-content\\\/uploads\\\/2025\\\/05\\\/TAGU-CANDLEPLACE-traskanti-ir-kvepianti-tikru-lauzu-zvake-3vnt.jpg\",\"width\":600,\"height\":600},{\"@type\":\"BreadcrumbList\",\"@id\":\"https:\\\/\\\/www.malinashop.lt\\\/en\\\/shop\\\/tagu-candleplace-traskanti-ir-kvepianti-tikru-lauzu-zvake-3vnt\\\/#breadcrumb\",\"itemListElement\":[{\"@type\":\"ListItem\",\"position\":1,\"name\":\"Home\",\"item\":\"https:\\\/\\\/www.malinashop.lt\\\/en\\\/\"},{\"@type\":\"ListItem\",\"position\":2,\"name\":\"Parduotuv\u0117\",\"item\":\"https:\\\/\\\/www.malinashop.lt\\\/en\\\/parduotuve\\\/\"},{\"@type\":\"ListItem\",\"position\":3,\"name\":\"TAGU CANDLEPLACE tra\u0161kanti ir kvepianti tikru lau\u017eu \u017evak\u0117, 3vnt\"}]},{\"@type\":\"WebSite\",\"@id\":\"https:\\\/\\\/www.malinashop.lt\\\/en\\\/#website\",\"url\":\"https:\\\/\\\/www.malinashop.lt\\\/en\\\/\",\"name\":\"COM Group Ecommerce\",\"description\":\"MalinaShop.lt - Gro\u017eio ir sveikatos produktai i\u0161 patikim\u0173 preki\u0173 \u017eenkl\u0173. Atraskite auk\u0161tos kokyb\u0117s kosmetik\u0105 u\u017e puiki\u0105 kain\u0105.\",\"publisher\":{\"@id\":\"https:\\\/\\\/www.malinashop.lt\\\/en\\\/#organization\"},\"potentialAction\":[{\"@type\":\"SearchAction\",\"target\":{\"@type\":\"EntryPoint\",\"urlTemplate\":\"https:\\\/\\\/www.malinashop.lt\\\/en\\\/?s={search_term_string}\"},\"query-input\":{\"@type\":\"PropertyValueSpecification\",\"valueRequired\":true,\"valueName\":\"search_term_string\"}}],\"inLanguage\":\"lt-LT\"},{\"@type\":\"Organization\",\"@id\":\"https:\\\/\\\/www.malinashop.lt\\\/en\\\/#organization\",\"name\":\"COM Group Ecommerce\",\"url\":\"https:\\\/\\\/www.malinashop.lt\\\/en\\\/\",\"logo\":{\"@type\":\"ImageObject\",\"inLanguage\":\"lt-LT\",\"@id\":\"https:\\\/\\\/www.malinashop.lt\\\/en\\\/#\\\/schema\\\/logo\\\/image\\\/\",\"url\":\"https:\\\/\\\/www.malinashop.lt\\\/wp-content\\\/uploads\\\/2024\\\/08\\\/462559670_3787732518133670_9795632669273463_n-e1731525914575.png\",\"contentUrl\":\"https:\\\/\\\/www.malinashop.lt\\\/wp-content\\\/uploads\\\/2024\\\/08\\\/462559670_3787732518133670_9795632669273463_n-e1731525914575.png\",\"width\":180,\"height\":60,\"caption\":\"COM Group Ecommerce\"},\"image\":{\"@id\":\"https:\\\/\\\/www.malinashop.lt\\\/en\\\/#\\\/schema\\\/logo\\\/image\\\/\"}}]}<\/script>\n<!-- \/ Yoast SEO plugin. -->","yoast_head_json":{"title":"TAGU CANDLEPLACE tra\u0161kanti ir kvepianti tikru lau\u017eu \u017evak\u0117, 3vnt - MalinaShop.lt J\u016bs\u0173 sveikatai ir gro\u017eiui.","description":"3 tra\u0161kan\u010dios \u017evak\u0117s su \u017eidinio kvapu ir liepsna \u2013 sukurkite tikr\u0105 jaukum\u0105 namuose su TAGU Candleplace rinkiniu.","robots":{"index":"index","follow":"follow","max-snippet":"max-snippet:-1","max-image-preview":"max-image-preview:large","max-video-preview":"max-video-preview:-1"},"canonical":"https:\/\/www.malinashop.lt\/lt_lt\/shop\/tagu-candleplace-traskanti-ir-kvepianti-tikru-lauzu-zvake-3vnt\/","og_locale":"lt_LT","og_type":"article","og_title":"TAGU CANDLEPLACE tra\u0161kanti ir kvepianti tikru lau\u017eu \u017evak\u0117, 3vnt - MalinaShop.lt J\u016bs\u0173 sveikatai ir gro\u017eiui.","og_description":"3 tra\u0161kan\u010dios \u017evak\u0117s su \u017eidinio kvapu ir liepsna \u2013 sukurkite tikr\u0105 jaukum\u0105 namuose su TAGU Candleplace rinkiniu.","og_url":"https:\/\/www.malinashop.lt\/lt_lt\/shop\/tagu-candleplace-traskanti-ir-kvepianti-tikru-lauzu-zvake-3vnt\/","og_site_name":"MalinaShop.lt J\u016bs\u0173 sveikatai ir gro\u017eiui.","article_modified_time":"2026-02-10T10:13:34+00:00","og_image":[{"width":600,"height":600,"url":"https:\/\/www.malinashop.lt\/wp-content\/uploads\/2025\/05\/TAGU-CANDLEPLACE-traskanti-ir-kvepianti-tikru-lauzu-zvake-3vnt.jpg","type":"image\/jpeg"}],"twitter_card":"summary_large_image","schema":{"@context":"https:\/\/schema.org","@graph":[{"@type":"WebPage","@id":"https:\/\/www.malinashop.lt\/en\/shop\/tagu-candleplace-traskanti-ir-kvepianti-tikru-lauzu-zvake-3vnt\/","url":"https:\/\/www.malinashop.lt\/en\/shop\/tagu-candleplace-traskanti-ir-kvepianti-tikru-lauzu-zvake-3vnt\/","name":"TAGU CANDLEPLACE tra\u0161kanti ir kvepianti tikru lau\u017eu \u017evak\u0117, 3vnt - MalinaShop.lt J\u016bs\u0173 sveikatai ir gro\u017eiui.","isPartOf":{"@id":"https:\/\/www.malinashop.lt\/en\/#website"},"primaryImageOfPage":{"@id":"https:\/\/www.malinashop.lt\/en\/shop\/tagu-candleplace-traskanti-ir-kvepianti-tikru-lauzu-zvake-3vnt\/#primaryimage"},"image":{"@id":"https:\/\/www.malinashop.lt\/en\/shop\/tagu-candleplace-traskanti-ir-kvepianti-tikru-lauzu-zvake-3vnt\/#primaryimage"},"thumbnailUrl":"https:\/\/www.malinashop.lt\/wp-content\/uploads\/2025\/05\/TAGU-CANDLEPLACE-traskanti-ir-kvepianti-tikru-lauzu-zvake-3vnt.jpg","datePublished":"2025-05-01T21:03:15+00:00","dateModified":"2026-02-10T10:13:34+00:00","description":"3 tra\u0161kan\u010dios \u017evak\u0117s su \u017eidinio kvapu ir liepsna \u2013 sukurkite tikr\u0105 jaukum\u0105 namuose su TAGU Candleplace rinkiniu.","breadcrumb":{"@id":"https:\/\/www.malinashop.lt\/en\/shop\/tagu-candleplace-traskanti-ir-kvepianti-tikru-lauzu-zvake-3vnt\/#breadcrumb"},"inLanguage":"lt-LT","potentialAction":[{"@type":"ReadAction","target":["https:\/\/www.malinashop.lt\/en\/shop\/tagu-candleplace-traskanti-ir-kvepianti-tikru-lauzu-zvake-3vnt\/"]}]},{"@type":"ImageObject","inLanguage":"lt-LT","@id":"https:\/\/www.malinashop.lt\/en\/shop\/tagu-candleplace-traskanti-ir-kvepianti-tikru-lauzu-zvake-3vnt\/#primaryimage","url":"https:\/\/www.malinashop.lt\/wp-content\/uploads\/2025\/05\/TAGU-CANDLEPLACE-traskanti-ir-kvepianti-tikru-lauzu-zvake-3vnt.jpg","contentUrl":"https:\/\/www.malinashop.lt\/wp-content\/uploads\/2025\/05\/TAGU-CANDLEPLACE-traskanti-ir-kvepianti-tikru-lauzu-zvake-3vnt.jpg","width":600,"height":600},{"@type":"BreadcrumbList","@id":"https:\/\/www.malinashop.lt\/en\/shop\/tagu-candleplace-traskanti-ir-kvepianti-tikru-lauzu-zvake-3vnt\/#breadcrumb","itemListElement":[{"@type":"ListItem","position":1,"name":"Home","item":"https:\/\/www.malinashop.lt\/en\/"},{"@type":"ListItem","position":2,"name":"Parduotuv\u0117","item":"https:\/\/www.malinashop.lt\/en\/parduotuve\/"},{"@type":"ListItem","position":3,"name":"TAGU CANDLEPLACE tra\u0161kanti ir kvepianti tikru lau\u017eu \u017evak\u0117, 3vnt"}]},{"@type":"WebSite","@id":"https:\/\/www.malinashop.lt\/en\/#website","url":"https:\/\/www.malinashop.lt\/en\/","name":"COM Group Ecommerce","description":"MalinaShop.lt - Gro\u017eio ir sveikatos produktai i\u0161 patikim\u0173 preki\u0173 \u017eenkl\u0173. Atraskite auk\u0161tos kokyb\u0117s kosmetik\u0105 u\u017e puiki\u0105 kain\u0105.","publisher":{"@id":"https:\/\/www.malinashop.lt\/en\/#organization"},"potentialAction":[{"@type":"SearchAction","target":{"@type":"EntryPoint","urlTemplate":"https:\/\/www.malinashop.lt\/en\/?s={search_term_string}"},"query-input":{"@type":"PropertyValueSpecification","valueRequired":true,"valueName":"search_term_string"}}],"inLanguage":"lt-LT"},{"@type":"Organization","@id":"https:\/\/www.malinashop.lt\/en\/#organization","name":"COM Group Ecommerce","url":"https:\/\/www.malinashop.lt\/en\/","logo":{"@type":"ImageObject","inLanguage":"lt-LT","@id":"https:\/\/www.malinashop.lt\/en\/#\/schema\/logo\/image\/","url":"https:\/\/www.malinashop.lt\/wp-content\/uploads\/2024\/08\/462559670_3787732518133670_9795632669273463_n-e1731525914575.png","contentUrl":"https:\/\/www.malinashop.lt\/wp-content\/uploads\/2024\/08\/462559670_3787732518133670_9795632669273463_n-e1731525914575.png","width":180,"height":60,"caption":"COM Group Ecommerce"},"image":{"@id":"https:\/\/www.malinashop.lt\/en\/#\/schema\/logo\/image\/"}}]}},"jetpack_sharing_enabled":true,"_links":{"self":[{"href":"https:\/\/www.malinashop.lt\/lt_lt\/wp-json\/wp\/v2\/product\/54521","targetHints":{"allow":["GET"]}}],"collection":[{"href":"https:\/\/www.malinashop.lt\/lt_lt\/wp-json\/wp\/v2\/product"}],"about":[{"href":"https:\/\/www.malinashop.lt\/lt_lt\/wp-json\/wp\/v2\/types\/product"}],"version-history":[{"count":3,"href":"https:\/\/www.malinashop.lt\/lt_lt\/wp-json\/wp\/v2\/product\/54521\/revisions"}],"predecessor-version":[{"id":54568,"href":"https:\/\/www.malinashop.lt\/lt_lt\/wp-json\/wp\/v2\/product\/54521\/revisions\/54568"}],"wp:featuredmedia":[{"embeddable":true,"href":"https:\/\/www.malinashop.lt\/lt_lt\/wp-json\/wp\/v2\/media\/54522"}],"wp:attachment":[{"href":"https:\/\/www.malinashop.lt\/lt_lt\/wp-json\/wp\/v2\/media?parent=54521"}],"wp:term":[{"taxonomy":"product_brand","embeddable":true,"href":"https:\/\/www.malinashop.lt\/lt_lt\/wp-json\/wp\/v2\/product_brand?post=54521"},{"taxonomy":"product_cat","embeddable":true,"href":"https:\/\/www.malinashop.lt\/lt_lt\/wp-json\/wp\/v2\/product_cat?post=54521"},{"taxonomy":"product_tag","embeddable":true,"href":"https:\/\/www.malinashop.lt\/lt_lt\/wp-json\/wp\/v2\/product_tag?post=54521"}],"curies":[{"name":"wp","href":"https:\/\/api.w.org\/{rel}","templated":true}]}}