{"id":54489,"date":"2025-05-01T23:02:23","date_gmt":"2025-05-01T20:02:23","guid":{"rendered":"https:\/\/malinashop.lt\/?post_type=product&#038;p=54489"},"modified":"2026-02-10T13:10:16","modified_gmt":"2026-02-10T10:10:16","slug":"skin-planet-peptide-solution-cream-mask-stangrinanti-lakstine-veido-kauke-su-peptidais-30g","status":"publish","type":"product","link":"https:\/\/www.malinashop.lt\/lt_lt\/shop\/skin-planet-peptide-solution-cream-mask-stangrinanti-lakstine-veido-kauke-su-peptidais-30g\/","title":{"rendered":"SKIN PLANET PEPTIDE SOLUTION CREAM MASK stangrinanti lak\u0161tin\u0117 veido kauk\u0117 su peptidais, 30g"},"content":{"rendered":"<p class=\"\" data-start=\"152\" data-end=\"229\"><strong data-start=\"152\" data-end=\"229\">SKIN PLANET PEPTIDE SOLUTION CREAM stangrinamoji veido kauk\u0117 su peptidais<\/strong><\/p>\n<p class=\"\" data-start=\"231\" data-end=\"613\">Lak\u0161tin\u0117 veido kauk\u0117 <em data-start=\"252\" data-end=\"293\">Skin Planet Peptide Solution Cream Mask<\/em> \u2013 tai intensyviai stangrinanti ir atgaivinanti priemon\u0117, skirta brand\u017eiai, elastingum\u0105 praradusiai ar i\u0161saus\u0117jusiai odai. Kauk\u0117 sukurta naudojant peptid\u0173 kompleks\u0105, kolagen\u0105 ir taukmed\u017eio sviest\u0105, kurie kartu padeda sul\u0117tinti odos sen\u0117jimo procesus, u\u017etikrina ilgalaik\u012f dr\u0117kinim\u0105 ir palaiko nat\u016brali\u0105 odos regeneracij\u0105.<\/p>\n<p class=\"\" data-start=\"615\" data-end=\"906\">Peptidai aktyvina odos l\u0105steles, ma\u017eina smulkias rauk\u0161les ir palaiko odos stangrum\u0105. Kolagenas formuoja apsaugin\u012f sluoksn\u012f, sulaikant\u012f dr\u0117gm\u0119 ir glotninant\u012f odos pavir\u0161i\u0173. Taukmed\u017eio sviestas apr\u016bpina od\u0105 maistin\u0117mis med\u017eiagomis, mink\u0161tina, tonizuoja bei saugo nuo \u017ealing\u0173 aplinkos veiksni\u0173.<\/p>\n<p class=\"\" data-start=\"908\" data-end=\"1128\"><strong data-start=\"908\" data-end=\"930\">Kauk\u0117s privalumai:<\/strong><br data-start=\"930\" data-end=\"933\" \/>\u2013 Pasi\u017eymi stangrinamuoju ir dr\u0117kinamuoju poveikiu<br data-start=\"983\" data-end=\"986\" \/>\u2013 L\u0117tina sen\u0117jimo po\u017eymius<br data-start=\"1012\" data-end=\"1015\" \/>\u2013 Gerina odos elastingum\u0105 ir tekst\u016br\u0105<br data-start=\"1052\" data-end=\"1055\" \/>\u2013 Ramina, maitina ir apsaugo od\u0105<br data-start=\"1087\" data-end=\"1090\" \/>\u2013 Tinka vis\u0173 tip\u0173, ypa\u010d brand\u017eiai odai<\/p>\n<p class=\"\" data-start=\"1130\" data-end=\"1147\"><strong data-start=\"1130\" data-end=\"1145\">Naudojimas:<\/strong><\/p>\n<ol data-start=\"1148\" data-end=\"1391\">\n<li class=\"\" data-start=\"1148\" data-end=\"1250\">\n<p class=\"\" data-start=\"1151\" data-end=\"1250\">Prie\u0161 atidarydami pakuot\u0119, \u0161velniai patrinkite j\u0105 tarp deln\u0173, kad serumas pasiskirstyt\u0173 tolygiai.<\/p>\n<\/li>\n<li class=\"\" data-start=\"1251\" data-end=\"1296\">\n<p class=\"\" data-start=\"1254\" data-end=\"1296\">Ant \u0161varios, sausos odos u\u017ed\u0117kite kauk\u0119.<\/p>\n<\/li>\n<li class=\"\" data-start=\"1297\" data-end=\"1326\">\n<p class=\"\" data-start=\"1300\" data-end=\"1326\">Laikykite 10\u201315 minu\u010di\u0173.<\/p>\n<\/li>\n<li class=\"\" data-start=\"1327\" data-end=\"1391\">\n<p class=\"\" data-start=\"1330\" data-end=\"1391\">Nu\u0117mus kauk\u0119, \u012fmasa\u017euokite likus\u012f serum\u0105 \u2013 nuplauti nereikia.<\/p>\n<\/li>\n<\/ol>\n<p class=\"\" data-start=\"1393\" data-end=\"1626\"><strong data-start=\"1393\" data-end=\"1405\">D\u0117mesio:<\/strong> tik i\u0161oriniam naudojimui. Venkite patekimo \u012f akis. Nenaudokite, jei oda yra sudirgusi. Pasteb\u0117jus alergin\u0117s reakcijos po\u017eymi\u0173 \u2013 nutraukite naudojim\u0105. Saugoti nuo vaik\u0173 ir laikyti atokiai nuo tiesiogini\u0173 saul\u0117s spinduli\u0173.<\/p>\n","protected":false},"excerpt":{"rendered":"<p>SKIN PLANET PEPTIDE SOLUTION CREAM stangrinamoji veido kauk\u0117 su peptidais Lak\u0161tin\u0117 veido kauk\u0117 Skin Planet Peptide Solution Cream Mask \u2013 tai intensyviai&hellip;<\/p>\n","protected":false},"featured_media":54490,"template":"","meta":[],"product_brand":[1320],"product_cat":[1136,728],"product_tag":[1621],"class_list":{"0":"post-54489","1":"product","2":"type-product","3":"status-publish","4":"has-post-thumbnail","6":"product_brand-skin-planet","7":"product_cat-lakstines-veido-kaukes","8":"product_cat-veidui","9":"product_tag-skin-planet","11":"first","12":"instock","13":"sale","14":"taxable","15":"shipping-taxable","16":"purchasable","17":"product-type-simple"},"yoast_head":"<!-- This site is optimized with the Yoast SEO plugin v27.4 - https:\/\/yoast.com\/product\/yoast-seo-wordpress\/ -->\n<title>SKIN PLANET PEPTIDE SOLUTION CREAM MASK stangrinanti lak\u0161tin\u0117 veido kauk\u0117 su peptidais, 30g - MalinaShop.lt J\u016bs\u0173 sveikatai ir gro\u017eiui.<\/title>\n<meta name=\"description\" content=\"Stangrinanti kauk\u0117 su peptidais, kolagenu ir taukmed\u017eio sviestu \u2013 brand\u017eiai, sausai ir elastingum\u0105 praradusiai odai.\" \/>\n<meta name=\"robots\" content=\"index, follow, max-snippet:-1, max-image-preview:large, max-video-preview:-1\" \/>\n<link rel=\"canonical\" href=\"https:\/\/www.malinashop.lt\/lt_lt\/shop\/skin-planet-peptide-solution-cream-mask-stangrinanti-lakstine-veido-kauke-su-peptidais-30g\/\" \/>\n<meta property=\"og:locale\" content=\"lt_LT\" \/>\n<meta property=\"og:type\" content=\"article\" \/>\n<meta property=\"og:title\" content=\"SKIN PLANET PEPTIDE SOLUTION CREAM MASK stangrinanti lak\u0161tin\u0117 veido kauk\u0117 su peptidais, 30g - MalinaShop.lt J\u016bs\u0173 sveikatai ir gro\u017eiui.\" \/>\n<meta property=\"og:description\" content=\"Stangrinanti kauk\u0117 su peptidais, kolagenu ir taukmed\u017eio sviestu \u2013 brand\u017eiai, sausai ir elastingum\u0105 praradusiai odai.\" \/>\n<meta property=\"og:url\" content=\"https:\/\/www.malinashop.lt\/lt_lt\/shop\/skin-planet-peptide-solution-cream-mask-stangrinanti-lakstine-veido-kauke-su-peptidais-30g\/\" \/>\n<meta property=\"og:site_name\" content=\"MalinaShop.lt J\u016bs\u0173 sveikatai ir gro\u017eiui.\" \/>\n<meta property=\"article:modified_time\" content=\"2026-02-10T10:10:16+00:00\" \/>\n<meta property=\"og:image\" content=\"https:\/\/www.malinashop.lt\/wp-content\/uploads\/2025\/05\/SKIN-PLANET-PEPTIDE-SOLUTION-CREAM-MASK-stangrinanti-lakstine-veido-kauke-su-peptidais-30g.png\" \/>\n\t<meta property=\"og:image:width\" content=\"990\" \/>\n\t<meta property=\"og:image:height\" content=\"990\" \/>\n\t<meta property=\"og:image:type\" content=\"image\/png\" \/>\n<meta name=\"twitter:card\" content=\"summary_large_image\" \/>\n<script type=\"application\/ld+json\" class=\"yoast-schema-graph\">{\"@context\":\"https:\\\/\\\/schema.org\",\"@graph\":[{\"@type\":\"WebPage\",\"@id\":\"https:\\\/\\\/www.malinashop.lt\\\/shop\\\/skin-planet-peptide-solution-cream-mask-stangrinanti-lakstine-veido-kauke-su-peptidais-30g\\\/\",\"url\":\"https:\\\/\\\/www.malinashop.lt\\\/shop\\\/skin-planet-peptide-solution-cream-mask-stangrinanti-lakstine-veido-kauke-su-peptidais-30g\\\/\",\"name\":\"SKIN PLANET PEPTIDE SOLUTION CREAM MASK stangrinanti lak\u0161tin\u0117 veido kauk\u0117 su peptidais, 30g - MalinaShop.lt J\u016bs\u0173 sveikatai ir gro\u017eiui.\",\"isPartOf\":{\"@id\":\"https:\\\/\\\/www.malinashop.lt\\\/#website\"},\"primaryImageOfPage\":{\"@id\":\"https:\\\/\\\/www.malinashop.lt\\\/shop\\\/skin-planet-peptide-solution-cream-mask-stangrinanti-lakstine-veido-kauke-su-peptidais-30g\\\/#primaryimage\"},\"image\":{\"@id\":\"https:\\\/\\\/www.malinashop.lt\\\/shop\\\/skin-planet-peptide-solution-cream-mask-stangrinanti-lakstine-veido-kauke-su-peptidais-30g\\\/#primaryimage\"},\"thumbnailUrl\":\"https:\\\/\\\/www.malinashop.lt\\\/wp-content\\\/uploads\\\/2025\\\/05\\\/SKIN-PLANET-PEPTIDE-SOLUTION-CREAM-MASK-stangrinanti-lakstine-veido-kauke-su-peptidais-30g.png\",\"datePublished\":\"2025-05-01T20:02:23+00:00\",\"dateModified\":\"2026-02-10T10:10:16+00:00\",\"description\":\"Stangrinanti kauk\u0117 su peptidais, kolagenu ir taukmed\u017eio sviestu \u2013 brand\u017eiai, sausai ir elastingum\u0105 praradusiai odai.\",\"breadcrumb\":{\"@id\":\"https:\\\/\\\/www.malinashop.lt\\\/shop\\\/skin-planet-peptide-solution-cream-mask-stangrinanti-lakstine-veido-kauke-su-peptidais-30g\\\/#breadcrumb\"},\"inLanguage\":\"lt-LT\",\"potentialAction\":[{\"@type\":\"ReadAction\",\"target\":[\"https:\\\/\\\/www.malinashop.lt\\\/shop\\\/skin-planet-peptide-solution-cream-mask-stangrinanti-lakstine-veido-kauke-su-peptidais-30g\\\/\"]}]},{\"@type\":\"ImageObject\",\"inLanguage\":\"lt-LT\",\"@id\":\"https:\\\/\\\/www.malinashop.lt\\\/shop\\\/skin-planet-peptide-solution-cream-mask-stangrinanti-lakstine-veido-kauke-su-peptidais-30g\\\/#primaryimage\",\"url\":\"https:\\\/\\\/www.malinashop.lt\\\/wp-content\\\/uploads\\\/2025\\\/05\\\/SKIN-PLANET-PEPTIDE-SOLUTION-CREAM-MASK-stangrinanti-lakstine-veido-kauke-su-peptidais-30g.png\",\"contentUrl\":\"https:\\\/\\\/www.malinashop.lt\\\/wp-content\\\/uploads\\\/2025\\\/05\\\/SKIN-PLANET-PEPTIDE-SOLUTION-CREAM-MASK-stangrinanti-lakstine-veido-kauke-su-peptidais-30g.png\",\"width\":990,\"height\":990},{\"@type\":\"BreadcrumbList\",\"@id\":\"https:\\\/\\\/www.malinashop.lt\\\/shop\\\/skin-planet-peptide-solution-cream-mask-stangrinanti-lakstine-veido-kauke-su-peptidais-30g\\\/#breadcrumb\",\"itemListElement\":[{\"@type\":\"ListItem\",\"position\":1,\"name\":\"Pagrindinis\",\"item\":\"https:\\\/\\\/www.malinashop.lt\\\/\"},{\"@type\":\"ListItem\",\"position\":2,\"name\":\"Parduotuv\u0117\",\"item\":\"https:\\\/\\\/www.malinashop.lt\\\/en\\\/parduotuve\\\/\"},{\"@type\":\"ListItem\",\"position\":3,\"name\":\"SKIN PLANET PEPTIDE SOLUTION CREAM MASK stangrinanti lak\u0161tin\u0117 veido kauk\u0117 su peptidais, 30g\"}]},{\"@type\":\"WebSite\",\"@id\":\"https:\\\/\\\/www.malinashop.lt\\\/#website\",\"url\":\"https:\\\/\\\/www.malinashop.lt\\\/\",\"name\":\"COM Group Ecommerce\",\"description\":\"MalinaShop.lt - Gro\u017eio ir sveikatos produktai i\u0161 patikim\u0173 preki\u0173 \u017eenkl\u0173. Atraskite auk\u0161tos kokyb\u0117s kosmetik\u0105 u\u017e puiki\u0105 kain\u0105.\",\"publisher\":{\"@id\":\"https:\\\/\\\/www.malinashop.lt\\\/#organization\"},\"potentialAction\":[{\"@type\":\"SearchAction\",\"target\":{\"@type\":\"EntryPoint\",\"urlTemplate\":\"https:\\\/\\\/www.malinashop.lt\\\/?s={search_term_string}\"},\"query-input\":{\"@type\":\"PropertyValueSpecification\",\"valueRequired\":true,\"valueName\":\"search_term_string\"}}],\"inLanguage\":\"lt-LT\"},{\"@type\":\"Organization\",\"@id\":\"https:\\\/\\\/www.malinashop.lt\\\/#organization\",\"name\":\"COM Group Ecommerce\",\"url\":\"https:\\\/\\\/www.malinashop.lt\\\/\",\"logo\":{\"@type\":\"ImageObject\",\"inLanguage\":\"lt-LT\",\"@id\":\"https:\\\/\\\/www.malinashop.lt\\\/#\\\/schema\\\/logo\\\/image\\\/\",\"url\":\"https:\\\/\\\/www.malinashop.lt\\\/wp-content\\\/uploads\\\/2024\\\/08\\\/462559670_3787732518133670_9795632669273463_n-e1731525914575.png\",\"contentUrl\":\"https:\\\/\\\/www.malinashop.lt\\\/wp-content\\\/uploads\\\/2024\\\/08\\\/462559670_3787732518133670_9795632669273463_n-e1731525914575.png\",\"width\":180,\"height\":60,\"caption\":\"COM Group Ecommerce\"},\"image\":{\"@id\":\"https:\\\/\\\/www.malinashop.lt\\\/#\\\/schema\\\/logo\\\/image\\\/\"}}]}<\/script>\n<!-- \/ Yoast SEO plugin. -->","yoast_head_json":{"title":"SKIN PLANET PEPTIDE SOLUTION CREAM MASK stangrinanti lak\u0161tin\u0117 veido kauk\u0117 su peptidais, 30g - MalinaShop.lt J\u016bs\u0173 sveikatai ir gro\u017eiui.","description":"Stangrinanti kauk\u0117 su peptidais, kolagenu ir taukmed\u017eio sviestu \u2013 brand\u017eiai, sausai ir elastingum\u0105 praradusiai odai.","robots":{"index":"index","follow":"follow","max-snippet":"max-snippet:-1","max-image-preview":"max-image-preview:large","max-video-preview":"max-video-preview:-1"},"canonical":"https:\/\/www.malinashop.lt\/lt_lt\/shop\/skin-planet-peptide-solution-cream-mask-stangrinanti-lakstine-veido-kauke-su-peptidais-30g\/","og_locale":"lt_LT","og_type":"article","og_title":"SKIN PLANET PEPTIDE SOLUTION CREAM MASK stangrinanti lak\u0161tin\u0117 veido kauk\u0117 su peptidais, 30g - MalinaShop.lt J\u016bs\u0173 sveikatai ir gro\u017eiui.","og_description":"Stangrinanti kauk\u0117 su peptidais, kolagenu ir taukmed\u017eio sviestu \u2013 brand\u017eiai, sausai ir elastingum\u0105 praradusiai odai.","og_url":"https:\/\/www.malinashop.lt\/lt_lt\/shop\/skin-planet-peptide-solution-cream-mask-stangrinanti-lakstine-veido-kauke-su-peptidais-30g\/","og_site_name":"MalinaShop.lt J\u016bs\u0173 sveikatai ir gro\u017eiui.","article_modified_time":"2026-02-10T10:10:16+00:00","og_image":[{"width":990,"height":990,"url":"https:\/\/www.malinashop.lt\/wp-content\/uploads\/2025\/05\/SKIN-PLANET-PEPTIDE-SOLUTION-CREAM-MASK-stangrinanti-lakstine-veido-kauke-su-peptidais-30g.png","type":"image\/png"}],"twitter_card":"summary_large_image","schema":{"@context":"https:\/\/schema.org","@graph":[{"@type":"WebPage","@id":"https:\/\/www.malinashop.lt\/shop\/skin-planet-peptide-solution-cream-mask-stangrinanti-lakstine-veido-kauke-su-peptidais-30g\/","url":"https:\/\/www.malinashop.lt\/shop\/skin-planet-peptide-solution-cream-mask-stangrinanti-lakstine-veido-kauke-su-peptidais-30g\/","name":"SKIN PLANET PEPTIDE SOLUTION CREAM MASK stangrinanti lak\u0161tin\u0117 veido kauk\u0117 su peptidais, 30g - MalinaShop.lt J\u016bs\u0173 sveikatai ir gro\u017eiui.","isPartOf":{"@id":"https:\/\/www.malinashop.lt\/#website"},"primaryImageOfPage":{"@id":"https:\/\/www.malinashop.lt\/shop\/skin-planet-peptide-solution-cream-mask-stangrinanti-lakstine-veido-kauke-su-peptidais-30g\/#primaryimage"},"image":{"@id":"https:\/\/www.malinashop.lt\/shop\/skin-planet-peptide-solution-cream-mask-stangrinanti-lakstine-veido-kauke-su-peptidais-30g\/#primaryimage"},"thumbnailUrl":"https:\/\/www.malinashop.lt\/wp-content\/uploads\/2025\/05\/SKIN-PLANET-PEPTIDE-SOLUTION-CREAM-MASK-stangrinanti-lakstine-veido-kauke-su-peptidais-30g.png","datePublished":"2025-05-01T20:02:23+00:00","dateModified":"2026-02-10T10:10:16+00:00","description":"Stangrinanti kauk\u0117 su peptidais, kolagenu ir taukmed\u017eio sviestu \u2013 brand\u017eiai, sausai ir elastingum\u0105 praradusiai odai.","breadcrumb":{"@id":"https:\/\/www.malinashop.lt\/shop\/skin-planet-peptide-solution-cream-mask-stangrinanti-lakstine-veido-kauke-su-peptidais-30g\/#breadcrumb"},"inLanguage":"lt-LT","potentialAction":[{"@type":"ReadAction","target":["https:\/\/www.malinashop.lt\/shop\/skin-planet-peptide-solution-cream-mask-stangrinanti-lakstine-veido-kauke-su-peptidais-30g\/"]}]},{"@type":"ImageObject","inLanguage":"lt-LT","@id":"https:\/\/www.malinashop.lt\/shop\/skin-planet-peptide-solution-cream-mask-stangrinanti-lakstine-veido-kauke-su-peptidais-30g\/#primaryimage","url":"https:\/\/www.malinashop.lt\/wp-content\/uploads\/2025\/05\/SKIN-PLANET-PEPTIDE-SOLUTION-CREAM-MASK-stangrinanti-lakstine-veido-kauke-su-peptidais-30g.png","contentUrl":"https:\/\/www.malinashop.lt\/wp-content\/uploads\/2025\/05\/SKIN-PLANET-PEPTIDE-SOLUTION-CREAM-MASK-stangrinanti-lakstine-veido-kauke-su-peptidais-30g.png","width":990,"height":990},{"@type":"BreadcrumbList","@id":"https:\/\/www.malinashop.lt\/shop\/skin-planet-peptide-solution-cream-mask-stangrinanti-lakstine-veido-kauke-su-peptidais-30g\/#breadcrumb","itemListElement":[{"@type":"ListItem","position":1,"name":"Pagrindinis","item":"https:\/\/www.malinashop.lt\/"},{"@type":"ListItem","position":2,"name":"Parduotuv\u0117","item":"https:\/\/www.malinashop.lt\/en\/parduotuve\/"},{"@type":"ListItem","position":3,"name":"SKIN PLANET PEPTIDE SOLUTION CREAM MASK stangrinanti lak\u0161tin\u0117 veido kauk\u0117 su peptidais, 30g"}]},{"@type":"WebSite","@id":"https:\/\/www.malinashop.lt\/#website","url":"https:\/\/www.malinashop.lt\/","name":"COM Group Ecommerce","description":"MalinaShop.lt - Gro\u017eio ir sveikatos produktai i\u0161 patikim\u0173 preki\u0173 \u017eenkl\u0173. Atraskite auk\u0161tos kokyb\u0117s kosmetik\u0105 u\u017e puiki\u0105 kain\u0105.","publisher":{"@id":"https:\/\/www.malinashop.lt\/#organization"},"potentialAction":[{"@type":"SearchAction","target":{"@type":"EntryPoint","urlTemplate":"https:\/\/www.malinashop.lt\/?s={search_term_string}"},"query-input":{"@type":"PropertyValueSpecification","valueRequired":true,"valueName":"search_term_string"}}],"inLanguage":"lt-LT"},{"@type":"Organization","@id":"https:\/\/www.malinashop.lt\/#organization","name":"COM Group Ecommerce","url":"https:\/\/www.malinashop.lt\/","logo":{"@type":"ImageObject","inLanguage":"lt-LT","@id":"https:\/\/www.malinashop.lt\/#\/schema\/logo\/image\/","url":"https:\/\/www.malinashop.lt\/wp-content\/uploads\/2024\/08\/462559670_3787732518133670_9795632669273463_n-e1731525914575.png","contentUrl":"https:\/\/www.malinashop.lt\/wp-content\/uploads\/2024\/08\/462559670_3787732518133670_9795632669273463_n-e1731525914575.png","width":180,"height":60,"caption":"COM Group Ecommerce"},"image":{"@id":"https:\/\/www.malinashop.lt\/#\/schema\/logo\/image\/"}}]}},"jetpack_sharing_enabled":true,"_links":{"self":[{"href":"https:\/\/www.malinashop.lt\/lt_lt\/wp-json\/wp\/v2\/product\/54489","targetHints":{"allow":["GET"]}}],"collection":[{"href":"https:\/\/www.malinashop.lt\/lt_lt\/wp-json\/wp\/v2\/product"}],"about":[{"href":"https:\/\/www.malinashop.lt\/lt_lt\/wp-json\/wp\/v2\/types\/product"}],"version-history":[{"count":1,"href":"https:\/\/www.malinashop.lt\/lt_lt\/wp-json\/wp\/v2\/product\/54489\/revisions"}],"predecessor-version":[{"id":54491,"href":"https:\/\/www.malinashop.lt\/lt_lt\/wp-json\/wp\/v2\/product\/54489\/revisions\/54491"}],"wp:featuredmedia":[{"embeddable":true,"href":"https:\/\/www.malinashop.lt\/lt_lt\/wp-json\/wp\/v2\/media\/54490"}],"wp:attachment":[{"href":"https:\/\/www.malinashop.lt\/lt_lt\/wp-json\/wp\/v2\/media?parent=54489"}],"wp:term":[{"taxonomy":"product_brand","embeddable":true,"href":"https:\/\/www.malinashop.lt\/lt_lt\/wp-json\/wp\/v2\/product_brand?post=54489"},{"taxonomy":"product_cat","embeddable":true,"href":"https:\/\/www.malinashop.lt\/lt_lt\/wp-json\/wp\/v2\/product_cat?post=54489"},{"taxonomy":"product_tag","embeddable":true,"href":"https:\/\/www.malinashop.lt\/lt_lt\/wp-json\/wp\/v2\/product_tag?post=54489"}],"curies":[{"name":"wp","href":"https:\/\/api.w.org\/{rel}","templated":true}]}}