{"id":54480,"date":"2025-05-01T22:37:03","date_gmt":"2025-05-01T19:37:03","guid":{"rendered":"https:\/\/malinashop.lt\/?post_type=product&#038;p=54480"},"modified":"2026-02-10T13:10:17","modified_gmt":"2026-02-10T10:10:17","slug":"skin-planet-selection-prestige-ginseng-nourishing-mask-maitinamoji-lakstine-veido-kauke-su-zensenio-ekstraktu-25g","status":"publish","type":"product","link":"https:\/\/www.malinashop.lt\/lt_lt\/shop\/skin-planet-selection-prestige-ginseng-nourishing-mask-maitinamoji-lakstine-veido-kauke-su-zensenio-ekstraktu-25g\/","title":{"rendered":"SKIN PLANET SELECTION PRESTIGE GINSENG NOURISHING MASK maitinamoji lak\u0161tin\u0117 veido kauk\u0117 su \u017een\u0161enio ekstraktu, 25g"},"content":{"rendered":"<p class=\"\" data-start=\"164\" data-end=\"229\"><strong data-start=\"164\" data-end=\"229\">SKIN PLANET SELECTION PRESTIGE GINSENG NOURISHING veido kauk\u0117<\/strong><\/p>\n<p class=\"\" data-start=\"231\" data-end=\"614\">Maitinamoji lak\u0161tin\u0117 veido kauk\u0117 su \u017een\u0161enio ekstraktu <em data-start=\"286\" data-end=\"323\">Skin Planet Ginseng Nourishing Mask<\/em> skirta intensyviai odos prie\u017ei\u016brai, kai tr\u016bksta stangrumo, gyvybingumo ir dr\u0117gm\u0117s. \u017den\u0161enis skatina odos atsinaujinim\u0105 ir tonizavim\u0105, o hialurono r\u016bg\u0161tis padeda palaikyti ilgalaik\u012f dr\u0117gm\u0117s balans\u0105. Sud\u0117tyje esantis alavij\u0173 lap\u0173 ekstraktas ramina, gaivina ir stiprina odos apsaugin\u012f barjer\u0105.<\/p>\n<p class=\"\" data-start=\"616\" data-end=\"644\"><strong data-start=\"616\" data-end=\"642\">Naudojimo instrukcija:<\/strong><\/p>\n<ol data-start=\"645\" data-end=\"894\">\n<li class=\"\" data-start=\"645\" data-end=\"746\">\n<p class=\"\" data-start=\"648\" data-end=\"746\">Prie\u0161 atidarydami pakuot\u0119, lengvai patrinkite j\u0105 tarp deln\u0173, kad serumas pasiskirstyt\u0173 tolygiai.<\/p>\n<\/li>\n<li class=\"\" data-start=\"747\" data-end=\"798\">\n<p class=\"\" data-start=\"750\" data-end=\"798\">Ant \u0161varios, sausos veido odos u\u017ed\u0117kite kauk\u0119.<\/p>\n<\/li>\n<li class=\"\" data-start=\"799\" data-end=\"827\">\n<p class=\"\" data-start=\"802\" data-end=\"827\">Palikite 15\u201320 minu\u010di\u0173.<\/p>\n<\/li>\n<li class=\"\" data-start=\"828\" data-end=\"894\">\n<p class=\"\" data-start=\"831\" data-end=\"894\">Nu\u0117mus kauk\u0119, \u012fmasa\u017euokite serumo liku\u010dius \u2013 nuplauti nereikia.<\/p>\n<\/li>\n<\/ol>\n<p class=\"\" data-start=\"896\" data-end=\"1177\"><strong data-start=\"896\" data-end=\"908\">D\u0117mesio:<\/strong> tik i\u0161oriniam naudojimui. Saugoti nuo vaik\u0173. Nenaudoti pa\u017eeistai ar sudirgusiai odai. Pasirei\u0161kus odos sudirgimui ar alerginei reakcijai, nedelsiant nutraukite naudojim\u0105. Venkite patekimo \u012f akis. Laikykite v\u0117sioje, nuo tiesiogini\u0173 saul\u0117s spinduli\u0173 apsaugotoje vietoje.<\/p>\n","protected":false},"excerpt":{"rendered":"<p>SKIN PLANET SELECTION PRESTIGE GINSENG NOURISHING veido kauk\u0117 Maitinamoji lak\u0161tin\u0117 veido kauk\u0117 su \u017een\u0161enio ekstraktu Skin Planet Ginseng Nourishing Mask skirta intensyviai&hellip;<\/p>\n","protected":false},"featured_media":54481,"template":"","meta":[],"product_brand":[1320],"product_cat":[1136,728],"product_tag":[1621],"class_list":{"0":"post-54480","1":"product","2":"type-product","3":"status-publish","4":"has-post-thumbnail","6":"product_brand-skin-planet","7":"product_cat-lakstines-veido-kaukes","8":"product_cat-veidui","9":"product_tag-skin-planet","11":"first","12":"instock","13":"sale","14":"taxable","15":"shipping-taxable","16":"purchasable","17":"product-type-simple"},"yoast_head":"<!-- This site is optimized with the Yoast SEO plugin v27.4 - https:\/\/yoast.com\/product\/yoast-seo-wordpress\/ -->\n<title>SKIN PLANET SELECTION PRESTIGE GINSENG NOURISHING MASK maitinamoji lak\u0161tin\u0117 veido kauk\u0117 su \u017een\u0161enio ekstraktu, 25g - MalinaShop.lt J\u016bs\u0173 sveikatai ir gro\u017eiui.<\/title>\n<meta name=\"description\" content=\"Veido kauk\u0117 su \u017een\u0161eniu ir hialuronu \u2013 intensyvus maitinimas, elastingumas ir raminantis poveikis pavargusiai odai.\" \/>\n<meta name=\"robots\" content=\"index, follow, max-snippet:-1, max-image-preview:large, max-video-preview:-1\" \/>\n<link rel=\"canonical\" href=\"https:\/\/www.malinashop.lt\/lt_lt\/shop\/skin-planet-selection-prestige-ginseng-nourishing-mask-maitinamoji-lakstine-veido-kauke-su-zensenio-ekstraktu-25g\/\" \/>\n<meta property=\"og:locale\" content=\"lt_LT\" \/>\n<meta property=\"og:type\" content=\"article\" \/>\n<meta property=\"og:title\" content=\"SKIN PLANET SELECTION PRESTIGE GINSENG NOURISHING MASK maitinamoji lak\u0161tin\u0117 veido kauk\u0117 su \u017een\u0161enio ekstraktu, 25g - MalinaShop.lt J\u016bs\u0173 sveikatai ir gro\u017eiui.\" \/>\n<meta property=\"og:description\" content=\"Veido kauk\u0117 su \u017een\u0161eniu ir hialuronu \u2013 intensyvus maitinimas, elastingumas ir raminantis poveikis pavargusiai odai.\" \/>\n<meta property=\"og:url\" content=\"https:\/\/www.malinashop.lt\/lt_lt\/shop\/skin-planet-selection-prestige-ginseng-nourishing-mask-maitinamoji-lakstine-veido-kauke-su-zensenio-ekstraktu-25g\/\" \/>\n<meta property=\"og:site_name\" content=\"MalinaShop.lt J\u016bs\u0173 sveikatai ir gro\u017eiui.\" \/>\n<meta property=\"article:modified_time\" content=\"2026-02-10T10:10:17+00:00\" \/>\n<meta property=\"og:image\" content=\"https:\/\/www.malinashop.lt\/wp-content\/uploads\/2025\/05\/SKIN-PLANET-SELECTION-PRESTIGE-GINSENG-NOURISHING-MASK-maitinamoji-lakstine-veido-kauke-su-zensenio-ekstraktu-25g.png\" \/>\n\t<meta property=\"og:image:width\" content=\"990\" \/>\n\t<meta property=\"og:image:height\" content=\"990\" \/>\n\t<meta property=\"og:image:type\" content=\"image\/png\" \/>\n<meta name=\"twitter:card\" content=\"summary_large_image\" \/>\n<script type=\"application\/ld+json\" class=\"yoast-schema-graph\">{\"@context\":\"https:\\\/\\\/schema.org\",\"@graph\":[{\"@type\":\"WebPage\",\"@id\":\"https:\\\/\\\/www.malinashop.lt\\\/shop\\\/skin-planet-selection-prestige-ginseng-nourishing-mask-maitinamoji-lakstine-veido-kauke-su-zensenio-ekstraktu-25g\\\/\",\"url\":\"https:\\\/\\\/www.malinashop.lt\\\/shop\\\/skin-planet-selection-prestige-ginseng-nourishing-mask-maitinamoji-lakstine-veido-kauke-su-zensenio-ekstraktu-25g\\\/\",\"name\":\"SKIN PLANET SELECTION PRESTIGE GINSENG NOURISHING MASK maitinamoji lak\u0161tin\u0117 veido kauk\u0117 su \u017een\u0161enio ekstraktu, 25g - MalinaShop.lt J\u016bs\u0173 sveikatai ir gro\u017eiui.\",\"isPartOf\":{\"@id\":\"https:\\\/\\\/www.malinashop.lt\\\/#website\"},\"primaryImageOfPage\":{\"@id\":\"https:\\\/\\\/www.malinashop.lt\\\/shop\\\/skin-planet-selection-prestige-ginseng-nourishing-mask-maitinamoji-lakstine-veido-kauke-su-zensenio-ekstraktu-25g\\\/#primaryimage\"},\"image\":{\"@id\":\"https:\\\/\\\/www.malinashop.lt\\\/shop\\\/skin-planet-selection-prestige-ginseng-nourishing-mask-maitinamoji-lakstine-veido-kauke-su-zensenio-ekstraktu-25g\\\/#primaryimage\"},\"thumbnailUrl\":\"https:\\\/\\\/www.malinashop.lt\\\/wp-content\\\/uploads\\\/2025\\\/05\\\/SKIN-PLANET-SELECTION-PRESTIGE-GINSENG-NOURISHING-MASK-maitinamoji-lakstine-veido-kauke-su-zensenio-ekstraktu-25g.png\",\"datePublished\":\"2025-05-01T19:37:03+00:00\",\"dateModified\":\"2026-02-10T10:10:17+00:00\",\"description\":\"Veido kauk\u0117 su \u017een\u0161eniu ir hialuronu \u2013 intensyvus maitinimas, elastingumas ir raminantis poveikis pavargusiai odai.\",\"breadcrumb\":{\"@id\":\"https:\\\/\\\/www.malinashop.lt\\\/shop\\\/skin-planet-selection-prestige-ginseng-nourishing-mask-maitinamoji-lakstine-veido-kauke-su-zensenio-ekstraktu-25g\\\/#breadcrumb\"},\"inLanguage\":\"lt-LT\",\"potentialAction\":[{\"@type\":\"ReadAction\",\"target\":[\"https:\\\/\\\/www.malinashop.lt\\\/shop\\\/skin-planet-selection-prestige-ginseng-nourishing-mask-maitinamoji-lakstine-veido-kauke-su-zensenio-ekstraktu-25g\\\/\"]}]},{\"@type\":\"ImageObject\",\"inLanguage\":\"lt-LT\",\"@id\":\"https:\\\/\\\/www.malinashop.lt\\\/shop\\\/skin-planet-selection-prestige-ginseng-nourishing-mask-maitinamoji-lakstine-veido-kauke-su-zensenio-ekstraktu-25g\\\/#primaryimage\",\"url\":\"https:\\\/\\\/www.malinashop.lt\\\/wp-content\\\/uploads\\\/2025\\\/05\\\/SKIN-PLANET-SELECTION-PRESTIGE-GINSENG-NOURISHING-MASK-maitinamoji-lakstine-veido-kauke-su-zensenio-ekstraktu-25g.png\",\"contentUrl\":\"https:\\\/\\\/www.malinashop.lt\\\/wp-content\\\/uploads\\\/2025\\\/05\\\/SKIN-PLANET-SELECTION-PRESTIGE-GINSENG-NOURISHING-MASK-maitinamoji-lakstine-veido-kauke-su-zensenio-ekstraktu-25g.png\",\"width\":990,\"height\":990},{\"@type\":\"BreadcrumbList\",\"@id\":\"https:\\\/\\\/www.malinashop.lt\\\/shop\\\/skin-planet-selection-prestige-ginseng-nourishing-mask-maitinamoji-lakstine-veido-kauke-su-zensenio-ekstraktu-25g\\\/#breadcrumb\",\"itemListElement\":[{\"@type\":\"ListItem\",\"position\":1,\"name\":\"Pagrindinis\",\"item\":\"https:\\\/\\\/www.malinashop.lt\\\/\"},{\"@type\":\"ListItem\",\"position\":2,\"name\":\"Parduotuv\u0117\",\"item\":\"https:\\\/\\\/www.malinashop.lt\\\/en\\\/parduotuve\\\/\"},{\"@type\":\"ListItem\",\"position\":3,\"name\":\"SKIN PLANET SELECTION PRESTIGE GINSENG NOURISHING MASK maitinamoji lak\u0161tin\u0117 veido kauk\u0117 su \u017een\u0161enio ekstraktu, 25g\"}]},{\"@type\":\"WebSite\",\"@id\":\"https:\\\/\\\/www.malinashop.lt\\\/#website\",\"url\":\"https:\\\/\\\/www.malinashop.lt\\\/\",\"name\":\"COM Group Ecommerce\",\"description\":\"MalinaShop.lt - Gro\u017eio ir sveikatos produktai i\u0161 patikim\u0173 preki\u0173 \u017eenkl\u0173. Atraskite auk\u0161tos kokyb\u0117s kosmetik\u0105 u\u017e puiki\u0105 kain\u0105.\",\"publisher\":{\"@id\":\"https:\\\/\\\/www.malinashop.lt\\\/#organization\"},\"potentialAction\":[{\"@type\":\"SearchAction\",\"target\":{\"@type\":\"EntryPoint\",\"urlTemplate\":\"https:\\\/\\\/www.malinashop.lt\\\/?s={search_term_string}\"},\"query-input\":{\"@type\":\"PropertyValueSpecification\",\"valueRequired\":true,\"valueName\":\"search_term_string\"}}],\"inLanguage\":\"lt-LT\"},{\"@type\":\"Organization\",\"@id\":\"https:\\\/\\\/www.malinashop.lt\\\/#organization\",\"name\":\"COM Group Ecommerce\",\"url\":\"https:\\\/\\\/www.malinashop.lt\\\/\",\"logo\":{\"@type\":\"ImageObject\",\"inLanguage\":\"lt-LT\",\"@id\":\"https:\\\/\\\/www.malinashop.lt\\\/#\\\/schema\\\/logo\\\/image\\\/\",\"url\":\"https:\\\/\\\/www.malinashop.lt\\\/wp-content\\\/uploads\\\/2024\\\/08\\\/462559670_3787732518133670_9795632669273463_n-e1731525914575.png\",\"contentUrl\":\"https:\\\/\\\/www.malinashop.lt\\\/wp-content\\\/uploads\\\/2024\\\/08\\\/462559670_3787732518133670_9795632669273463_n-e1731525914575.png\",\"width\":180,\"height\":60,\"caption\":\"COM Group Ecommerce\"},\"image\":{\"@id\":\"https:\\\/\\\/www.malinashop.lt\\\/#\\\/schema\\\/logo\\\/image\\\/\"}}]}<\/script>\n<!-- \/ Yoast SEO plugin. -->","yoast_head_json":{"title":"SKIN PLANET SELECTION PRESTIGE GINSENG NOURISHING MASK maitinamoji lak\u0161tin\u0117 veido kauk\u0117 su \u017een\u0161enio ekstraktu, 25g - MalinaShop.lt J\u016bs\u0173 sveikatai ir gro\u017eiui.","description":"Veido kauk\u0117 su \u017een\u0161eniu ir hialuronu \u2013 intensyvus maitinimas, elastingumas ir raminantis poveikis pavargusiai odai.","robots":{"index":"index","follow":"follow","max-snippet":"max-snippet:-1","max-image-preview":"max-image-preview:large","max-video-preview":"max-video-preview:-1"},"canonical":"https:\/\/www.malinashop.lt\/lt_lt\/shop\/skin-planet-selection-prestige-ginseng-nourishing-mask-maitinamoji-lakstine-veido-kauke-su-zensenio-ekstraktu-25g\/","og_locale":"lt_LT","og_type":"article","og_title":"SKIN PLANET SELECTION PRESTIGE GINSENG NOURISHING MASK maitinamoji lak\u0161tin\u0117 veido kauk\u0117 su \u017een\u0161enio ekstraktu, 25g - MalinaShop.lt J\u016bs\u0173 sveikatai ir gro\u017eiui.","og_description":"Veido kauk\u0117 su \u017een\u0161eniu ir hialuronu \u2013 intensyvus maitinimas, elastingumas ir raminantis poveikis pavargusiai odai.","og_url":"https:\/\/www.malinashop.lt\/lt_lt\/shop\/skin-planet-selection-prestige-ginseng-nourishing-mask-maitinamoji-lakstine-veido-kauke-su-zensenio-ekstraktu-25g\/","og_site_name":"MalinaShop.lt J\u016bs\u0173 sveikatai ir gro\u017eiui.","article_modified_time":"2026-02-10T10:10:17+00:00","og_image":[{"width":990,"height":990,"url":"https:\/\/www.malinashop.lt\/wp-content\/uploads\/2025\/05\/SKIN-PLANET-SELECTION-PRESTIGE-GINSENG-NOURISHING-MASK-maitinamoji-lakstine-veido-kauke-su-zensenio-ekstraktu-25g.png","type":"image\/png"}],"twitter_card":"summary_large_image","schema":{"@context":"https:\/\/schema.org","@graph":[{"@type":"WebPage","@id":"https:\/\/www.malinashop.lt\/shop\/skin-planet-selection-prestige-ginseng-nourishing-mask-maitinamoji-lakstine-veido-kauke-su-zensenio-ekstraktu-25g\/","url":"https:\/\/www.malinashop.lt\/shop\/skin-planet-selection-prestige-ginseng-nourishing-mask-maitinamoji-lakstine-veido-kauke-su-zensenio-ekstraktu-25g\/","name":"SKIN PLANET SELECTION PRESTIGE GINSENG NOURISHING MASK maitinamoji lak\u0161tin\u0117 veido kauk\u0117 su \u017een\u0161enio ekstraktu, 25g - MalinaShop.lt J\u016bs\u0173 sveikatai ir gro\u017eiui.","isPartOf":{"@id":"https:\/\/www.malinashop.lt\/#website"},"primaryImageOfPage":{"@id":"https:\/\/www.malinashop.lt\/shop\/skin-planet-selection-prestige-ginseng-nourishing-mask-maitinamoji-lakstine-veido-kauke-su-zensenio-ekstraktu-25g\/#primaryimage"},"image":{"@id":"https:\/\/www.malinashop.lt\/shop\/skin-planet-selection-prestige-ginseng-nourishing-mask-maitinamoji-lakstine-veido-kauke-su-zensenio-ekstraktu-25g\/#primaryimage"},"thumbnailUrl":"https:\/\/www.malinashop.lt\/wp-content\/uploads\/2025\/05\/SKIN-PLANET-SELECTION-PRESTIGE-GINSENG-NOURISHING-MASK-maitinamoji-lakstine-veido-kauke-su-zensenio-ekstraktu-25g.png","datePublished":"2025-05-01T19:37:03+00:00","dateModified":"2026-02-10T10:10:17+00:00","description":"Veido kauk\u0117 su \u017een\u0161eniu ir hialuronu \u2013 intensyvus maitinimas, elastingumas ir raminantis poveikis pavargusiai odai.","breadcrumb":{"@id":"https:\/\/www.malinashop.lt\/shop\/skin-planet-selection-prestige-ginseng-nourishing-mask-maitinamoji-lakstine-veido-kauke-su-zensenio-ekstraktu-25g\/#breadcrumb"},"inLanguage":"lt-LT","potentialAction":[{"@type":"ReadAction","target":["https:\/\/www.malinashop.lt\/shop\/skin-planet-selection-prestige-ginseng-nourishing-mask-maitinamoji-lakstine-veido-kauke-su-zensenio-ekstraktu-25g\/"]}]},{"@type":"ImageObject","inLanguage":"lt-LT","@id":"https:\/\/www.malinashop.lt\/shop\/skin-planet-selection-prestige-ginseng-nourishing-mask-maitinamoji-lakstine-veido-kauke-su-zensenio-ekstraktu-25g\/#primaryimage","url":"https:\/\/www.malinashop.lt\/wp-content\/uploads\/2025\/05\/SKIN-PLANET-SELECTION-PRESTIGE-GINSENG-NOURISHING-MASK-maitinamoji-lakstine-veido-kauke-su-zensenio-ekstraktu-25g.png","contentUrl":"https:\/\/www.malinashop.lt\/wp-content\/uploads\/2025\/05\/SKIN-PLANET-SELECTION-PRESTIGE-GINSENG-NOURISHING-MASK-maitinamoji-lakstine-veido-kauke-su-zensenio-ekstraktu-25g.png","width":990,"height":990},{"@type":"BreadcrumbList","@id":"https:\/\/www.malinashop.lt\/shop\/skin-planet-selection-prestige-ginseng-nourishing-mask-maitinamoji-lakstine-veido-kauke-su-zensenio-ekstraktu-25g\/#breadcrumb","itemListElement":[{"@type":"ListItem","position":1,"name":"Pagrindinis","item":"https:\/\/www.malinashop.lt\/"},{"@type":"ListItem","position":2,"name":"Parduotuv\u0117","item":"https:\/\/www.malinashop.lt\/en\/parduotuve\/"},{"@type":"ListItem","position":3,"name":"SKIN PLANET SELECTION PRESTIGE GINSENG NOURISHING MASK maitinamoji lak\u0161tin\u0117 veido kauk\u0117 su \u017een\u0161enio ekstraktu, 25g"}]},{"@type":"WebSite","@id":"https:\/\/www.malinashop.lt\/#website","url":"https:\/\/www.malinashop.lt\/","name":"COM Group Ecommerce","description":"MalinaShop.lt - Gro\u017eio ir sveikatos produktai i\u0161 patikim\u0173 preki\u0173 \u017eenkl\u0173. Atraskite auk\u0161tos kokyb\u0117s kosmetik\u0105 u\u017e puiki\u0105 kain\u0105.","publisher":{"@id":"https:\/\/www.malinashop.lt\/#organization"},"potentialAction":[{"@type":"SearchAction","target":{"@type":"EntryPoint","urlTemplate":"https:\/\/www.malinashop.lt\/?s={search_term_string}"},"query-input":{"@type":"PropertyValueSpecification","valueRequired":true,"valueName":"search_term_string"}}],"inLanguage":"lt-LT"},{"@type":"Organization","@id":"https:\/\/www.malinashop.lt\/#organization","name":"COM Group Ecommerce","url":"https:\/\/www.malinashop.lt\/","logo":{"@type":"ImageObject","inLanguage":"lt-LT","@id":"https:\/\/www.malinashop.lt\/#\/schema\/logo\/image\/","url":"https:\/\/www.malinashop.lt\/wp-content\/uploads\/2024\/08\/462559670_3787732518133670_9795632669273463_n-e1731525914575.png","contentUrl":"https:\/\/www.malinashop.lt\/wp-content\/uploads\/2024\/08\/462559670_3787732518133670_9795632669273463_n-e1731525914575.png","width":180,"height":60,"caption":"COM Group Ecommerce"},"image":{"@id":"https:\/\/www.malinashop.lt\/#\/schema\/logo\/image\/"}}]}},"jetpack_sharing_enabled":true,"_links":{"self":[{"href":"https:\/\/www.malinashop.lt\/lt_lt\/wp-json\/wp\/v2\/product\/54480","targetHints":{"allow":["GET"]}}],"collection":[{"href":"https:\/\/www.malinashop.lt\/lt_lt\/wp-json\/wp\/v2\/product"}],"about":[{"href":"https:\/\/www.malinashop.lt\/lt_lt\/wp-json\/wp\/v2\/types\/product"}],"version-history":[{"count":1,"href":"https:\/\/www.malinashop.lt\/lt_lt\/wp-json\/wp\/v2\/product\/54480\/revisions"}],"predecessor-version":[{"id":54482,"href":"https:\/\/www.malinashop.lt\/lt_lt\/wp-json\/wp\/v2\/product\/54480\/revisions\/54482"}],"wp:featuredmedia":[{"embeddable":true,"href":"https:\/\/www.malinashop.lt\/lt_lt\/wp-json\/wp\/v2\/media\/54481"}],"wp:attachment":[{"href":"https:\/\/www.malinashop.lt\/lt_lt\/wp-json\/wp\/v2\/media?parent=54480"}],"wp:term":[{"taxonomy":"product_brand","embeddable":true,"href":"https:\/\/www.malinashop.lt\/lt_lt\/wp-json\/wp\/v2\/product_brand?post=54480"},{"taxonomy":"product_cat","embeddable":true,"href":"https:\/\/www.malinashop.lt\/lt_lt\/wp-json\/wp\/v2\/product_cat?post=54480"},{"taxonomy":"product_tag","embeddable":true,"href":"https:\/\/www.malinashop.lt\/lt_lt\/wp-json\/wp\/v2\/product_tag?post=54480"}],"curies":[{"name":"wp","href":"https:\/\/api.w.org\/{rel}","templated":true}]}}