{"id":54354,"date":"2025-04-17T22:53:06","date_gmt":"2025-04-17T19:53:06","guid":{"rendered":"https:\/\/malinashop.lt\/?post_type=product&#038;p=54354"},"modified":"2026-04-08T00:47:26","modified_gmt":"2026-04-07T21:47:26","slug":"the-pure-lotus-2-zingsniu-kauke-stabdanti-senejimo-pozymius-1vnt","status":"publish","type":"product","link":"https:\/\/www.malinashop.lt\/lt_lt\/shop\/the-pure-lotus-2-zingsniu-kauke-stabdanti-senejimo-pozymius-1vnt\/","title":{"rendered":"THE PURE LOTUS 2 \u017eingsni\u0173 kauk\u0117 stabdanti sen\u0117jimo po\u017eymius, 1vnt."},"content":{"rendered":"<p class=\"\" data-start=\"0\" data-end=\"146\"><strong data-start=\"0\" data-end=\"146\">I\u0161siuntimas per 2\/4 d. d.<\/strong><\/p>\n<p data-start=\"0\" data-end=\"146\">THE PURE LOTUS 2 \u017eingsni\u0173 kauk\u0117 stabdanti sen\u0117jimo po\u017eymius, 1vnt.<\/p>\n<p class=\"\" data-start=\"148\" data-end=\"679\">Atraskite efektyv\u0173 ir prabang\u0173 veido prie\u017ei\u016bros ritual\u0105 su 2 \u017eingsni\u0173 lak\u0161tine kauke i\u0161 \u201eThe Pure Lotus\u201c \u2013 puik\u0173 sprendim\u0105 pavargusiai, stangrum\u0105 praradusiai odai. Kauk\u0117 sukurta naudojant patentuot\u0105 Jeju botaninio komplekso ir baltojo lotoso ekstrakt\u0173 mi\u0161in\u012f, kuris pasi\u017eymi galingomis antioksidacin\u0117mis, raminan\u010diomis ir atstatomosiomis savyb\u0117mis. Sud\u0117tyje esantys nat\u016bral\u016bs ingredientai ne tik skaistina od\u0105, bet ir efektyviai ma\u017eina pirmuosius sen\u0117jimo po\u017eymius \u2013 smulkias rauk\u0161leles, suma\u017e\u0117jus\u012f elastingum\u0105 ir odos papilk\u0117jim\u0105.<\/p>\n<p class=\"\" data-start=\"681\" data-end=\"975\">Pirmasis \u017eingsnis \u2013 valomasis diskelis, padedantis pa\u0161alinti negyvas odos l\u0105steles, atkurti neutral\u0173 odos pH bei padidinti veikli\u0173j\u0173 med\u017eiag\u0173 \u012fsisavinim\u0105. Antrasis \u017eingsnis \u2013 \u0161velnus mikropluo\u0161to lak\u0161tas, kuris idealiai priglunda prie veido odos, dr\u0117kina ir suteikia ilgalaik\u012f stangrumo efekt\u0105.<\/p>\n<p class=\"\" data-start=\"977\" data-end=\"994\"><strong data-start=\"977\" data-end=\"992\">Naudojimas:<\/strong><\/p>\n<ol data-start=\"995\" data-end=\"1272\">\n<li class=\"\" data-start=\"995\" data-end=\"1044\">\n<p class=\"\" data-start=\"998\" data-end=\"1044\">Nuvalykite veid\u0105 prausikliu ir nusausinkite.<\/p>\n<\/li>\n<li class=\"\" data-start=\"1045\" data-end=\"1125\">\n<p class=\"\" data-start=\"1048\" data-end=\"1125\">Naudokite pirmojo \u017eingsnio valom\u0105j\u012f diskel\u012f, \u0161velniai nuvalydami veido od\u0105.<\/p>\n<\/li>\n<li class=\"\" data-start=\"1126\" data-end=\"1200\">\n<p class=\"\" data-start=\"1129\" data-end=\"1200\">U\u017esid\u0117kite lak\u0161tin\u0119 veido kauk\u0119 ir pritaikykite pagal veido kont\u016brus.<\/p>\n<\/li>\n<li class=\"\" data-start=\"1201\" data-end=\"1272\">\n<p class=\"\" data-start=\"1204\" data-end=\"1272\">Po 15\u201320 min. nuimkite kauk\u0119, o likusi\u0105 esencij\u0105 \u012fmasa\u017euokite \u012f od\u0105.<\/p>\n<\/li>\n<\/ol>\n<p class=\"\" data-start=\"1274\" data-end=\"1482\"><strong data-start=\"1274\" data-end=\"1287\">Poveikis:<\/strong><br data-start=\"1287\" data-end=\"1290\" \/>\u2713 Ma\u017eina rauk\u0161les ir smulkias linijas<br data-start=\"1327\" data-end=\"1330\" \/>\u2713 Skaistina ir gerina odos atspalv\u012f<br data-start=\"1365\" data-end=\"1368\" \/>\u2713 Stangrina ir dr\u0117kina<br data-start=\"1390\" data-end=\"1393\" \/>\u2713 Ramina jautri\u0105 ir sudirgusi\u0105 od\u0105<br data-start=\"1427\" data-end=\"1430\" \/>\u2713 Apsaugo nuo laisv\u0173j\u0173 radikal\u0173 ir aplinkos poveikio<\/p>\n<p class=\"\" data-start=\"1484\" data-end=\"1581\"><strong data-start=\"1484\" data-end=\"1494\">Tinka:<\/strong><br data-start=\"1494\" data-end=\"1497\" \/>\u2713 Visiems odos tipams, ypa\u010d brand\u017eiai, pavargusiai ar elastingum\u0105 praradusiai odai<\/p>\n<p>Sud\u0117tis:<\/p>\n<p>Step 1 | Water, Glycerin, Lactic Acid, Butylene Glycol, Nelumbo Nucifera Leaf Extract, Mallotus Japonicus Bark Extract, Dipropylene Glycol, 1,2-Hexanediol, Sodium Hyaluronate, Polyglyceryl-10 Laurate, Polyglyceryl-10 Myristate, Arginine, Panthenol, Dipotassium Glycyrrhizate, Hydroxyacetophenone, Chlorphenesin, Citrus Medica Limonum (Lemon) Peel Oil, Rosmarinus Officinalis (Rosemary) Leaf Oil, Lavandula Angustifolia (Lavender) Oil, Eucalyptus Globulus Leaf Oil, Citrus Aurantifolia (Lime) Oil, Chamomilla Recutita (Matricaria) Flower Oil, Pelargonium graveolens Flower Oil, Juniperus Mexicana Oil.<\/p>\n<p>&nbsp;<\/p>\n<p>Step 2 | Water, Glycerin, Nelumbo Nucifera Leaf Extract, Mallotus Japonicus Bark Extract, Glycereth-26, Caprylic\/Capric Triglyceride, Glyceryl Stearate, 1,2-Hexanediol, Sorbitan Stearate, Sorbitan Sesquioleate, Hydroxyacetophenone, Arginine, Carbomer, Allantoin, Chlorphenesin, Sucrose Cocoate, Dipotassium Glycyrrhizate, Hydroxyethylcellulose, Adenosine, Butylene Glycol, Sodium Hyaluronate, Citrus Medica Limonum (Lemon) Peel Oil, Lavandula Angustifolia (Lavender) Oil, Hydrolyzed Collagen, Citrus Aurantifolia (Lime) Oil, Rosmarinus Officinalis (Rosemary) Leaf Oil, Centella Asiatica Extract, Eucalyptus Globulus Leaf Oil, Hydrolyzed Hyaluronic Acid, Chamomilla Recutita (Matricaria) Flower Oil, Juniperus Mexicana Oil, Pelargonium Graveolens Flower Oil, Sodium Acetylated Hyaluronate, Ethyhexylglycerin, Glutathione, Oligopeptide-29, Oligopeptide-32, Palmitoyl Pentapeptide-4.<\/p>\n","protected":false},"excerpt":{"rendered":"<p>2 \u017eingsni\u0173 lak\u0161tin\u0117 veido kauk\u0117 su The Pure Lotus Jeju botaninio komplekso ekstraktais intensyviai dr\u0117kina, ma\u017eina rauk\u0161les, gerina odos elastingum\u0105 ir skaistina veido spalv\u0105. Turtinga antioksidantais, kauk\u0117 stabdo sen\u0117jimo po\u017eymius ir suteikia odai \u0161velnumo bei gyvybingumo.<\/p>\n","protected":false},"featured_media":54355,"template":"","meta":[],"product_brand":[1318],"product_cat":[1136,562,728],"product_tag":[1625],"class_list":{"0":"post-54354","1":"product","2":"type-product","3":"status-publish","4":"has-post-thumbnail","6":"product_brand-the-pure-lotus","7":"product_cat-lakstines-veido-kaukes","8":"product_cat-sandelio-valymas","9":"product_cat-veidui","10":"product_tag-the-pure-lotus","12":"first","13":"instock","14":"sale","15":"taxable","16":"shipping-taxable","17":"purchasable","18":"product-type-simple"},"yoast_head":"<!-- This site is optimized with the Yoast SEO plugin v27.3 - https:\/\/yoast.com\/product\/yoast-seo-wordpress\/ -->\n<title>THE PURE LOTUS 2 \u017eingsni\u0173 kauk\u0117 stabdanti sen\u0117jimo po\u017eymius, 1vnt. - MalinaShop.lt J\u016bs\u0173 sveikatai ir gro\u017eiui.<\/title>\n<meta name=\"description\" content=\"2 \u017eingsni\u0173 lak\u0161tin\u0117 veido kauk\u0117 su The Pure Lotus Jeju botaninio komplekso ekstraktais intensyviai dr\u0117kina, ma\u017eina rauk\u0161les, gerina odos elastingum\u0105 ir skaistina veido spalv\u0105. Turtinga antioksidantais, kauk\u0117 stabdo sen\u0117jimo po\u017eymius ir suteikia odai \u0161velnumo bei gyvybingumo. Atraskite efektyv\u0173 ir prabang\u0173 veido prie\u017ei\u016bros ritual\u0105 su 2 \u017eingsni\u0173 lak\u0161tine kauke i\u0161 \u201eThe Pure Lotus\u201c \u2013 puik\u0173 sprendim\u0105 pavargusiai, stangrum\u0105 praradusiai odai.\" \/>\n<meta name=\"robots\" content=\"index, follow, max-snippet:-1, max-image-preview:large, max-video-preview:-1\" \/>\n<link rel=\"canonical\" href=\"https:\/\/www.malinashop.lt\/lt_lt\/shop\/the-pure-lotus-2-zingsniu-kauke-stabdanti-senejimo-pozymius-1vnt\/\" \/>\n<meta property=\"og:locale\" content=\"lt_LT\" \/>\n<meta property=\"og:type\" content=\"article\" \/>\n<meta property=\"og:title\" content=\"THE PURE LOTUS 2 \u017eingsni\u0173 kauk\u0117 stabdanti sen\u0117jimo po\u017eymius, 1vnt. - MalinaShop.lt J\u016bs\u0173 sveikatai ir gro\u017eiui.\" \/>\n<meta property=\"og:description\" content=\"2 \u017eingsni\u0173 lak\u0161tin\u0117 veido kauk\u0117 su The Pure Lotus Jeju botaninio komplekso ekstraktais intensyviai dr\u0117kina, ma\u017eina rauk\u0161les, gerina odos elastingum\u0105 ir skaistina veido spalv\u0105. Turtinga antioksidantais, kauk\u0117 stabdo sen\u0117jimo po\u017eymius ir suteikia odai \u0161velnumo bei gyvybingumo. Atraskite efektyv\u0173 ir prabang\u0173 veido prie\u017ei\u016bros ritual\u0105 su 2 \u017eingsni\u0173 lak\u0161tine kauke i\u0161 \u201eThe Pure Lotus\u201c \u2013 puik\u0173 sprendim\u0105 pavargusiai, stangrum\u0105 praradusiai odai.\" \/>\n<meta property=\"og:url\" content=\"https:\/\/www.malinashop.lt\/lt_lt\/shop\/the-pure-lotus-2-zingsniu-kauke-stabdanti-senejimo-pozymius-1vnt\/\" \/>\n<meta property=\"og:site_name\" content=\"MalinaShop.lt J\u016bs\u0173 sveikatai ir gro\u017eiui.\" \/>\n<meta property=\"article:modified_time\" content=\"2026-04-07T21:47:26+00:00\" \/>\n<meta property=\"og:image\" content=\"https:\/\/www.malinashop.lt\/wp-content\/uploads\/2025\/04\/480338715_122212633472219754_483198190429961005_n.jpg\" \/>\n\t<meta property=\"og:image:width\" content=\"1440\" \/>\n\t<meta property=\"og:image:height\" content=\"1440\" \/>\n\t<meta property=\"og:image:type\" content=\"image\/jpeg\" \/>\n<meta name=\"twitter:card\" content=\"summary_large_image\" \/>\n<script type=\"application\/ld+json\" class=\"yoast-schema-graph\">{\"@context\":\"https:\\\/\\\/schema.org\",\"@graph\":[{\"@type\":\"WebPage\",\"@id\":\"https:\\\/\\\/www.malinashop.lt\\\/lt_lt\\\/shop\\\/the-pure-lotus-2-zingsniu-kauke-stabdanti-senejimo-pozymius-1vnt\\\/\",\"url\":\"https:\\\/\\\/www.malinashop.lt\\\/lt_lt\\\/shop\\\/the-pure-lotus-2-zingsniu-kauke-stabdanti-senejimo-pozymius-1vnt\\\/\",\"name\":\"THE PURE LOTUS 2 \u017eingsni\u0173 kauk\u0117 stabdanti sen\u0117jimo po\u017eymius, 1vnt. - MalinaShop.lt J\u016bs\u0173 sveikatai ir gro\u017eiui.\",\"isPartOf\":{\"@id\":\"https:\\\/\\\/www.malinashop.lt\\\/en\\\/#website\"},\"primaryImageOfPage\":{\"@id\":\"https:\\\/\\\/www.malinashop.lt\\\/lt_lt\\\/shop\\\/the-pure-lotus-2-zingsniu-kauke-stabdanti-senejimo-pozymius-1vnt\\\/#primaryimage\"},\"image\":{\"@id\":\"https:\\\/\\\/www.malinashop.lt\\\/lt_lt\\\/shop\\\/the-pure-lotus-2-zingsniu-kauke-stabdanti-senejimo-pozymius-1vnt\\\/#primaryimage\"},\"thumbnailUrl\":\"https:\\\/\\\/www.malinashop.lt\\\/wp-content\\\/uploads\\\/2025\\\/04\\\/480338715_122212633472219754_483198190429961005_n.jpg\",\"datePublished\":\"2025-04-17T19:53:06+00:00\",\"dateModified\":\"2026-04-07T21:47:26+00:00\",\"description\":\"2 \u017eingsni\u0173 lak\u0161tin\u0117 veido kauk\u0117 su The Pure Lotus Jeju botaninio komplekso ekstraktais intensyviai dr\u0117kina, ma\u017eina rauk\u0161les, gerina odos elastingum\u0105 ir skaistina veido spalv\u0105. Turtinga antioksidantais, kauk\u0117 stabdo sen\u0117jimo po\u017eymius ir suteikia odai \u0161velnumo bei gyvybingumo. Atraskite efektyv\u0173 ir prabang\u0173 veido prie\u017ei\u016bros ritual\u0105 su 2 \u017eingsni\u0173 lak\u0161tine kauke i\u0161 \u201eThe Pure Lotus\u201c \u2013 puik\u0173 sprendim\u0105 pavargusiai, stangrum\u0105 praradusiai odai.\",\"breadcrumb\":{\"@id\":\"https:\\\/\\\/www.malinashop.lt\\\/lt_lt\\\/shop\\\/the-pure-lotus-2-zingsniu-kauke-stabdanti-senejimo-pozymius-1vnt\\\/#breadcrumb\"},\"inLanguage\":\"lt-LT\",\"potentialAction\":[{\"@type\":\"ReadAction\",\"target\":[\"https:\\\/\\\/www.malinashop.lt\\\/lt_lt\\\/shop\\\/the-pure-lotus-2-zingsniu-kauke-stabdanti-senejimo-pozymius-1vnt\\\/\"]}]},{\"@type\":\"ImageObject\",\"inLanguage\":\"lt-LT\",\"@id\":\"https:\\\/\\\/www.malinashop.lt\\\/lt_lt\\\/shop\\\/the-pure-lotus-2-zingsniu-kauke-stabdanti-senejimo-pozymius-1vnt\\\/#primaryimage\",\"url\":\"https:\\\/\\\/www.malinashop.lt\\\/wp-content\\\/uploads\\\/2025\\\/04\\\/480338715_122212633472219754_483198190429961005_n.jpg\",\"contentUrl\":\"https:\\\/\\\/www.malinashop.lt\\\/wp-content\\\/uploads\\\/2025\\\/04\\\/480338715_122212633472219754_483198190429961005_n.jpg\",\"width\":1440,\"height\":1440},{\"@type\":\"BreadcrumbList\",\"@id\":\"https:\\\/\\\/www.malinashop.lt\\\/lt_lt\\\/shop\\\/the-pure-lotus-2-zingsniu-kauke-stabdanti-senejimo-pozymius-1vnt\\\/#breadcrumb\",\"itemListElement\":[{\"@type\":\"ListItem\",\"position\":1,\"name\":\"Home\",\"item\":\"https:\\\/\\\/www.malinashop.lt\\\/en\\\/\"},{\"@type\":\"ListItem\",\"position\":2,\"name\":\"Parduotuv\u0117\",\"item\":\"https:\\\/\\\/www.malinashop.lt\\\/en\\\/parduotuve\\\/\"},{\"@type\":\"ListItem\",\"position\":3,\"name\":\"THE PURE LOTUS 2 \u017eingsni\u0173 kauk\u0117 stabdanti sen\u0117jimo po\u017eymius, 1vnt.\"}]},{\"@type\":\"WebSite\",\"@id\":\"https:\\\/\\\/www.malinashop.lt\\\/en\\\/#website\",\"url\":\"https:\\\/\\\/www.malinashop.lt\\\/en\\\/\",\"name\":\"COM Group Ecommerce\",\"description\":\"MalinaShop.lt - Gro\u017eio ir sveikatos produktai i\u0161 patikim\u0173 preki\u0173 \u017eenkl\u0173. Atraskite auk\u0161tos kokyb\u0117s kosmetik\u0105 u\u017e puiki\u0105 kain\u0105.\",\"publisher\":{\"@id\":\"https:\\\/\\\/www.malinashop.lt\\\/en\\\/#organization\"},\"potentialAction\":[{\"@type\":\"SearchAction\",\"target\":{\"@type\":\"EntryPoint\",\"urlTemplate\":\"https:\\\/\\\/www.malinashop.lt\\\/en\\\/?s={search_term_string}\"},\"query-input\":{\"@type\":\"PropertyValueSpecification\",\"valueRequired\":true,\"valueName\":\"search_term_string\"}}],\"inLanguage\":\"lt-LT\"},{\"@type\":\"Organization\",\"@id\":\"https:\\\/\\\/www.malinashop.lt\\\/en\\\/#organization\",\"name\":\"COM Group Ecommerce\",\"url\":\"https:\\\/\\\/www.malinashop.lt\\\/en\\\/\",\"logo\":{\"@type\":\"ImageObject\",\"inLanguage\":\"lt-LT\",\"@id\":\"https:\\\/\\\/www.malinashop.lt\\\/en\\\/#\\\/schema\\\/logo\\\/image\\\/\",\"url\":\"https:\\\/\\\/www.malinashop.lt\\\/wp-content\\\/uploads\\\/2024\\\/08\\\/462559670_3787732518133670_9795632669273463_n-e1731525914575.png\",\"contentUrl\":\"https:\\\/\\\/www.malinashop.lt\\\/wp-content\\\/uploads\\\/2024\\\/08\\\/462559670_3787732518133670_9795632669273463_n-e1731525914575.png\",\"width\":180,\"height\":60,\"caption\":\"COM Group Ecommerce\"},\"image\":{\"@id\":\"https:\\\/\\\/www.malinashop.lt\\\/en\\\/#\\\/schema\\\/logo\\\/image\\\/\"}}]}<\/script>\n<!-- \/ Yoast SEO plugin. -->","yoast_head_json":{"title":"THE PURE LOTUS 2 \u017eingsni\u0173 kauk\u0117 stabdanti sen\u0117jimo po\u017eymius, 1vnt. - MalinaShop.lt J\u016bs\u0173 sveikatai ir gro\u017eiui.","description":"2 \u017eingsni\u0173 lak\u0161tin\u0117 veido kauk\u0117 su The Pure Lotus Jeju botaninio komplekso ekstraktais intensyviai dr\u0117kina, ma\u017eina rauk\u0161les, gerina odos elastingum\u0105 ir skaistina veido spalv\u0105. Turtinga antioksidantais, kauk\u0117 stabdo sen\u0117jimo po\u017eymius ir suteikia odai \u0161velnumo bei gyvybingumo. Atraskite efektyv\u0173 ir prabang\u0173 veido prie\u017ei\u016bros ritual\u0105 su 2 \u017eingsni\u0173 lak\u0161tine kauke i\u0161 \u201eThe Pure Lotus\u201c \u2013 puik\u0173 sprendim\u0105 pavargusiai, stangrum\u0105 praradusiai odai.","robots":{"index":"index","follow":"follow","max-snippet":"max-snippet:-1","max-image-preview":"max-image-preview:large","max-video-preview":"max-video-preview:-1"},"canonical":"https:\/\/www.malinashop.lt\/lt_lt\/shop\/the-pure-lotus-2-zingsniu-kauke-stabdanti-senejimo-pozymius-1vnt\/","og_locale":"lt_LT","og_type":"article","og_title":"THE PURE LOTUS 2 \u017eingsni\u0173 kauk\u0117 stabdanti sen\u0117jimo po\u017eymius, 1vnt. - MalinaShop.lt J\u016bs\u0173 sveikatai ir gro\u017eiui.","og_description":"2 \u017eingsni\u0173 lak\u0161tin\u0117 veido kauk\u0117 su The Pure Lotus Jeju botaninio komplekso ekstraktais intensyviai dr\u0117kina, ma\u017eina rauk\u0161les, gerina odos elastingum\u0105 ir skaistina veido spalv\u0105. Turtinga antioksidantais, kauk\u0117 stabdo sen\u0117jimo po\u017eymius ir suteikia odai \u0161velnumo bei gyvybingumo. Atraskite efektyv\u0173 ir prabang\u0173 veido prie\u017ei\u016bros ritual\u0105 su 2 \u017eingsni\u0173 lak\u0161tine kauke i\u0161 \u201eThe Pure Lotus\u201c \u2013 puik\u0173 sprendim\u0105 pavargusiai, stangrum\u0105 praradusiai odai.","og_url":"https:\/\/www.malinashop.lt\/lt_lt\/shop\/the-pure-lotus-2-zingsniu-kauke-stabdanti-senejimo-pozymius-1vnt\/","og_site_name":"MalinaShop.lt J\u016bs\u0173 sveikatai ir gro\u017eiui.","article_modified_time":"2026-04-07T21:47:26+00:00","og_image":[{"width":1440,"height":1440,"url":"https:\/\/www.malinashop.lt\/wp-content\/uploads\/2025\/04\/480338715_122212633472219754_483198190429961005_n.jpg","type":"image\/jpeg"}],"twitter_card":"summary_large_image","schema":{"@context":"https:\/\/schema.org","@graph":[{"@type":"WebPage","@id":"https:\/\/www.malinashop.lt\/lt_lt\/shop\/the-pure-lotus-2-zingsniu-kauke-stabdanti-senejimo-pozymius-1vnt\/","url":"https:\/\/www.malinashop.lt\/lt_lt\/shop\/the-pure-lotus-2-zingsniu-kauke-stabdanti-senejimo-pozymius-1vnt\/","name":"THE PURE LOTUS 2 \u017eingsni\u0173 kauk\u0117 stabdanti sen\u0117jimo po\u017eymius, 1vnt. - MalinaShop.lt J\u016bs\u0173 sveikatai ir gro\u017eiui.","isPartOf":{"@id":"https:\/\/www.malinashop.lt\/en\/#website"},"primaryImageOfPage":{"@id":"https:\/\/www.malinashop.lt\/lt_lt\/shop\/the-pure-lotus-2-zingsniu-kauke-stabdanti-senejimo-pozymius-1vnt\/#primaryimage"},"image":{"@id":"https:\/\/www.malinashop.lt\/lt_lt\/shop\/the-pure-lotus-2-zingsniu-kauke-stabdanti-senejimo-pozymius-1vnt\/#primaryimage"},"thumbnailUrl":"https:\/\/www.malinashop.lt\/wp-content\/uploads\/2025\/04\/480338715_122212633472219754_483198190429961005_n.jpg","datePublished":"2025-04-17T19:53:06+00:00","dateModified":"2026-04-07T21:47:26+00:00","description":"2 \u017eingsni\u0173 lak\u0161tin\u0117 veido kauk\u0117 su The Pure Lotus Jeju botaninio komplekso ekstraktais intensyviai dr\u0117kina, ma\u017eina rauk\u0161les, gerina odos elastingum\u0105 ir skaistina veido spalv\u0105. Turtinga antioksidantais, kauk\u0117 stabdo sen\u0117jimo po\u017eymius ir suteikia odai \u0161velnumo bei gyvybingumo. Atraskite efektyv\u0173 ir prabang\u0173 veido prie\u017ei\u016bros ritual\u0105 su 2 \u017eingsni\u0173 lak\u0161tine kauke i\u0161 \u201eThe Pure Lotus\u201c \u2013 puik\u0173 sprendim\u0105 pavargusiai, stangrum\u0105 praradusiai odai.","breadcrumb":{"@id":"https:\/\/www.malinashop.lt\/lt_lt\/shop\/the-pure-lotus-2-zingsniu-kauke-stabdanti-senejimo-pozymius-1vnt\/#breadcrumb"},"inLanguage":"lt-LT","potentialAction":[{"@type":"ReadAction","target":["https:\/\/www.malinashop.lt\/lt_lt\/shop\/the-pure-lotus-2-zingsniu-kauke-stabdanti-senejimo-pozymius-1vnt\/"]}]},{"@type":"ImageObject","inLanguage":"lt-LT","@id":"https:\/\/www.malinashop.lt\/lt_lt\/shop\/the-pure-lotus-2-zingsniu-kauke-stabdanti-senejimo-pozymius-1vnt\/#primaryimage","url":"https:\/\/www.malinashop.lt\/wp-content\/uploads\/2025\/04\/480338715_122212633472219754_483198190429961005_n.jpg","contentUrl":"https:\/\/www.malinashop.lt\/wp-content\/uploads\/2025\/04\/480338715_122212633472219754_483198190429961005_n.jpg","width":1440,"height":1440},{"@type":"BreadcrumbList","@id":"https:\/\/www.malinashop.lt\/lt_lt\/shop\/the-pure-lotus-2-zingsniu-kauke-stabdanti-senejimo-pozymius-1vnt\/#breadcrumb","itemListElement":[{"@type":"ListItem","position":1,"name":"Home","item":"https:\/\/www.malinashop.lt\/en\/"},{"@type":"ListItem","position":2,"name":"Parduotuv\u0117","item":"https:\/\/www.malinashop.lt\/en\/parduotuve\/"},{"@type":"ListItem","position":3,"name":"THE PURE LOTUS 2 \u017eingsni\u0173 kauk\u0117 stabdanti sen\u0117jimo po\u017eymius, 1vnt."}]},{"@type":"WebSite","@id":"https:\/\/www.malinashop.lt\/en\/#website","url":"https:\/\/www.malinashop.lt\/en\/","name":"COM Group Ecommerce","description":"MalinaShop.lt - Gro\u017eio ir sveikatos produktai i\u0161 patikim\u0173 preki\u0173 \u017eenkl\u0173. Atraskite auk\u0161tos kokyb\u0117s kosmetik\u0105 u\u017e puiki\u0105 kain\u0105.","publisher":{"@id":"https:\/\/www.malinashop.lt\/en\/#organization"},"potentialAction":[{"@type":"SearchAction","target":{"@type":"EntryPoint","urlTemplate":"https:\/\/www.malinashop.lt\/en\/?s={search_term_string}"},"query-input":{"@type":"PropertyValueSpecification","valueRequired":true,"valueName":"search_term_string"}}],"inLanguage":"lt-LT"},{"@type":"Organization","@id":"https:\/\/www.malinashop.lt\/en\/#organization","name":"COM Group Ecommerce","url":"https:\/\/www.malinashop.lt\/en\/","logo":{"@type":"ImageObject","inLanguage":"lt-LT","@id":"https:\/\/www.malinashop.lt\/en\/#\/schema\/logo\/image\/","url":"https:\/\/www.malinashop.lt\/wp-content\/uploads\/2024\/08\/462559670_3787732518133670_9795632669273463_n-e1731525914575.png","contentUrl":"https:\/\/www.malinashop.lt\/wp-content\/uploads\/2024\/08\/462559670_3787732518133670_9795632669273463_n-e1731525914575.png","width":180,"height":60,"caption":"COM Group Ecommerce"},"image":{"@id":"https:\/\/www.malinashop.lt\/en\/#\/schema\/logo\/image\/"}}]}},"jetpack_sharing_enabled":true,"_links":{"self":[{"href":"https:\/\/www.malinashop.lt\/lt_lt\/wp-json\/wp\/v2\/product\/54354","targetHints":{"allow":["GET"]}}],"collection":[{"href":"https:\/\/www.malinashop.lt\/lt_lt\/wp-json\/wp\/v2\/product"}],"about":[{"href":"https:\/\/www.malinashop.lt\/lt_lt\/wp-json\/wp\/v2\/types\/product"}],"version-history":[{"count":1,"href":"https:\/\/www.malinashop.lt\/lt_lt\/wp-json\/wp\/v2\/product\/54354\/revisions"}],"predecessor-version":[{"id":54356,"href":"https:\/\/www.malinashop.lt\/lt_lt\/wp-json\/wp\/v2\/product\/54354\/revisions\/54356"}],"wp:featuredmedia":[{"embeddable":true,"href":"https:\/\/www.malinashop.lt\/lt_lt\/wp-json\/wp\/v2\/media\/54355"}],"wp:attachment":[{"href":"https:\/\/www.malinashop.lt\/lt_lt\/wp-json\/wp\/v2\/media?parent=54354"}],"wp:term":[{"taxonomy":"product_brand","embeddable":true,"href":"https:\/\/www.malinashop.lt\/lt_lt\/wp-json\/wp\/v2\/product_brand?post=54354"},{"taxonomy":"product_cat","embeddable":true,"href":"https:\/\/www.malinashop.lt\/lt_lt\/wp-json\/wp\/v2\/product_cat?post=54354"},{"taxonomy":"product_tag","embeddable":true,"href":"https:\/\/www.malinashop.lt\/lt_lt\/wp-json\/wp\/v2\/product_tag?post=54354"}],"curies":[{"name":"wp","href":"https:\/\/api.w.org\/{rel}","templated":true}]}}