{"id":54218,"date":"2025-04-14T16:00:43","date_gmt":"2025-04-14T13:00:43","guid":{"rendered":"https:\/\/malinashop.lt\/?post_type=product&#038;p=54218"},"modified":"2026-04-08T00:47:35","modified_gmt":"2026-04-07T21:47:35","slug":"the-pure-lotus-losjonas-jeju-lotus-leaf-essence-125ml","status":"publish","type":"product","link":"https:\/\/www.malinashop.lt\/lt_lt\/shop\/the-pure-lotus-losjonas-jeju-lotus-leaf-essence-125ml\/","title":{"rendered":"THE PURE LOTUS losjonas Jeju Lotus Leaf Essence, 125ml"},"content":{"rendered":"<p data-pm-slice=\"1 3 []\"><strong>I\u0161siuntimas per 2\/4 d.d.<\/strong><\/p>\n<p><strong>The Pure Lotus dr\u0117kinamasis veido losjonas su 68 % baltojo lotoso ekstrakto<\/strong><\/p>\n<p>Atraskite i\u0161skirtin\u012f odos dr\u0117kinimo ritual\u0105 \u2013 lengvos tekst\u016bros, ta\u010diau giliai maitinant\u012f losjon\u0105, kurio pagrind\u0105 sudaro ne vanduo, o net 68 % baltojo lotoso ekstrakto. \u0160is nat\u016bralus ingredientas, u\u017eaugintas Jeju saloje, gars\u0117ja gausiu antioksidant\u0173 kiekiu, padedan\u010diu kovoti su laisv\u0173j\u0173 radikal\u0173 daroma \u017eala, sen\u0117jimo po\u017eymiais bei palaikyti sveik\u0105 ir \u0161vytin\u010di\u0105 odos i\u0161vaizd\u0105.<\/p>\n<p>Baltojo lotoso ekstraktas pasi\u017eymi nat\u016braliomis antibakterin\u0117mis savyb\u0117mis, skatina l\u0105steli\u0173 regeneracij\u0105 ir ma\u017eina sudirgimus. Flavonoidai ir polifenoliai gerina odos atsparum\u0105, ramina ir skatina nat\u016bralius atk\u016brimo procesus. D\u0117l \u0161i\u0173 savybi\u0173 losjonas idealiai tinka net pavargusiai, i\u0161saus\u0117jusiai ar jautriai veido odai.<\/p>\n<p><strong>Pagrindiniai privalumai:<\/strong><\/p>\n<ul data-spread=\"false\">\n<li>Stiprus, ilgalaikis dr\u0117kinimas;<\/li>\n<li>Subalansuoja nat\u016bral\u0173 odos pH;<\/li>\n<li>Apsaugo nuo aplinkos streso ir tar\u0161os;<\/li>\n<li>Ma\u017eina smulkias rauk\u0161leles, pagerina odos elastingum\u0105;<\/li>\n<li>Skaistina ir tolygina veido atspalv\u012f;<\/li>\n<li>Skatina gijim\u0105 ir odos regeneracij\u0105.<\/li>\n<\/ul>\n<p>Losjonas lengvai \u012fsigeria, nepalieka lipnumo poj\u016b\u010dio ir puikiai dera su kitomis veido prie\u017ei\u016bros priemon\u0117mis. Tinka naudoti tiek ryte, tiek vakare kaip dr\u0117kinimo \u017eingsnis odos prie\u017ei\u016bros rutinoje.<\/p>\n<p><strong>Naudojimas:<\/strong> Nedidel\u012f kiek\u012f esencijos paskirstykite ant \u0161varios veido odos ir \u012fmasa\u017euokite, kol visi\u0161kai susigers.<\/p>\n<p><strong>Tinka odos problemoms:<\/strong><\/p>\n<ul data-spread=\"false\">\n<li>Blanki, pavargusi oda<\/li>\n<li>Nelygumai, smulkios rauk\u0161lel\u0117s<\/li>\n<li>Hiperpigmentacija<\/li>\n<li>Suma\u017e\u0117j\u0119s odos elastingumas<\/li>\n<\/ul>\n<p><strong>Tinka odos tipams:<\/strong><\/p>\n<ul data-spread=\"false\">\n<li>Normali<\/li>\n<li>Mi\u0161ri<\/li>\n<li>Sausa, pleiskanojanti<\/li>\n<\/ul>\n<p><strong>Kod\u0117l verta rinktis \u0161\u012f losjon\u0105:<\/strong><\/p>\n<ul data-spread=\"false\">\n<li>68 % fermentuoto baltojo lotoso ekstrakto<\/li>\n<li>Be paraben\u0173, sulfat\u0173 ir dirbtini\u0173 kvapikli\u0173<\/li>\n<li>Hipoalergin\u0117 formul\u0117 jautriai odai<\/li>\n<li>Vegani\u0161kas ir aplinkai draugi\u0161kas produktas<\/li>\n<li>Tvari pakuot\u0117<\/li>\n<\/ul>\n<p>Sud\u0117tis:<\/p>\n<p>Nelumbo Nucifera Leaf Extract, Glycerin, Butylene Glycol Dicaprylate\/Dicaprate, Butylene Glycol, Caprylic\/Capric Triglyceride, Niacinamide, Triethylhexanoin, 1,2-Hexanediol, Polysorbate 60, Cetearyl Alcohol, Cyclopentasiloxane, Glyceryl Stearate, PEG-100 Stearate, Palmitic Acid, Stearic Acid, Cyclohexasiloxane, Sorbita Stearate, Glyceryl Caprylate, Carbomer, Tromethamine, Polyacrylamide, Water, Citrus Medica Limonum (Lemon) Peel Oil, C13-14 Isoparaffin, Dipotassium Glycyrrhizate, Allantoin, Sophora Angustifolia Root Extract, Citrus Junos Fruit Extract, Eucalyptus Globulus Leaf Extract, Citrus Paradisi (Grapefruit) Fruit Extract, Eugenia Caryophyllus (Clove) Flower Extract, Adenosine, Disodium EDTA, Laureth-7, Hippophae Rhamnoides Oil, Glyceryl Polymethacrylate, Octyldodecanol, Lauric Acid, Myristic Acid, Ribes Nigrum (Blackcurrant) Seed Oil, Propylene Glycol, Citrus Unshiu Peel Extract, Orchid Extract, Camellia Sinensis Leaf Extract, Camellia Japonica Leaf Extract, Opuntia Coccinellifera Fruit Extract, Helianthus Annuus (Sunflower) Seed Oil, Unsaponifiables, Sodium Lactate, Tocopherol, Cardiospermum,, Halicacabum Flower\/Leaf\/Vine Extract, Rosmarinus Officinalis (Rosemary) Leaf Extract, Palmitoyl Tripeptide-1, Lavandula Angustifolia (Lavender) Oil, Pelargonium Graveolens Flower Oil, Citrus Aurantium Dulcis (Orange) Peel Oil.<\/p>\n","protected":false},"excerpt":{"rendered":"<p>THE PURE LOTUS Dr\u0117kinamasis losjonas, sud\u0117tyje turintis 68% baltojo lotoso ekstrakto, nat\u016bralus antioksidant\u0173 \u0161altinis. Giliai dr\u0117kina, kovoja su sen\u0117jimo po\u017eymiais ir skatina gijim\u0105 bei odos regeneracij\u0105.<\/p>\n","protected":false},"featured_media":54221,"template":"","meta":[],"product_brand":[1318],"product_cat":[562,537,728],"product_tag":[1625],"class_list":{"0":"post-54218","1":"product","2":"type-product","3":"status-publish","4":"has-post-thumbnail","6":"product_brand-the-pure-lotus","7":"product_cat-sandelio-valymas","8":"product_cat-veido-valymo-priemones","9":"product_cat-veidui","10":"product_tag-the-pure-lotus","12":"first","13":"instock","14":"sale","15":"taxable","16":"shipping-taxable","17":"purchasable","18":"product-type-simple"},"yoast_head":"<!-- This site is optimized with the Yoast SEO plugin v27.3 - https:\/\/yoast.com\/product\/yoast-seo-wordpress\/ -->\n<title>THE PURE LOTUS losjonas Jeju Lotus Leaf Essence, 125ml - MalinaShop.lt J\u016bs\u0173 sveikatai ir gro\u017eiui.<\/title>\n<meta name=\"description\" content=\"THE PURE LOTUS Dr\u0117kinamasis losjonas, sud\u0117tyje turintis 68% baltojo lotoso ekstrakto, nat\u016bralus antioksidant\u0173 \u0161altinis. Giliai dr\u0117kina, kovoja su sen\u0117jimo po\u017eymiais ir skatina gijim\u0105 bei odos regeneracij\u0105. Baltojo lotoso pagrindu sukurtas dr\u0117kinamasis losjonas su antioksidantais maitina, atkuria od\u0105 ir padeda kovoti su sen\u0117jimo po\u017eymiais. Tinka jautriai, sausai ar pavargusiai veido odai.\" \/>\n<meta name=\"robots\" content=\"index, follow, max-snippet:-1, max-image-preview:large, max-video-preview:-1\" \/>\n<link rel=\"canonical\" href=\"https:\/\/www.malinashop.lt\/lt_lt\/shop\/the-pure-lotus-losjonas-jeju-lotus-leaf-essence-125ml\/\" \/>\n<meta property=\"og:locale\" content=\"lt_LT\" \/>\n<meta property=\"og:type\" content=\"article\" \/>\n<meta property=\"og:title\" content=\"THE PURE LOTUS losjonas Jeju Lotus Leaf Essence, 125ml - MalinaShop.lt J\u016bs\u0173 sveikatai ir gro\u017eiui.\" \/>\n<meta property=\"og:description\" content=\"THE PURE LOTUS Dr\u0117kinamasis losjonas, sud\u0117tyje turintis 68% baltojo lotoso ekstrakto, nat\u016bralus antioksidant\u0173 \u0161altinis. Giliai dr\u0117kina, kovoja su sen\u0117jimo po\u017eymiais ir skatina gijim\u0105 bei odos regeneracij\u0105. Baltojo lotoso pagrindu sukurtas dr\u0117kinamasis losjonas su antioksidantais maitina, atkuria od\u0105 ir padeda kovoti su sen\u0117jimo po\u017eymiais. Tinka jautriai, sausai ar pavargusiai veido odai.\" \/>\n<meta property=\"og:url\" content=\"https:\/\/www.malinashop.lt\/lt_lt\/shop\/the-pure-lotus-losjonas-jeju-lotus-leaf-essence-125ml\/\" \/>\n<meta property=\"og:site_name\" content=\"MalinaShop.lt J\u016bs\u0173 sveikatai ir gro\u017eiui.\" \/>\n<meta property=\"article:modified_time\" content=\"2026-04-07T21:47:35+00:00\" \/>\n<meta property=\"og:image\" content=\"https:\/\/www.malinashop.lt\/wp-content\/uploads\/2025\/04\/THE-PURE-LOTUS-losjonas-Jeju-Lotus-Leaf-Essence-125ml.webp\" \/>\n\t<meta property=\"og:image:width\" content=\"1000\" \/>\n\t<meta property=\"og:image:height\" content=\"1000\" \/>\n\t<meta property=\"og:image:type\" content=\"image\/webp\" \/>\n<meta name=\"twitter:card\" content=\"summary_large_image\" \/>\n<script type=\"application\/ld+json\" class=\"yoast-schema-graph\">{\"@context\":\"https:\\\/\\\/schema.org\",\"@graph\":[{\"@type\":\"WebPage\",\"@id\":\"https:\\\/\\\/www.malinashop.lt\\\/lt_lt\\\/shop\\\/the-pure-lotus-losjonas-jeju-lotus-leaf-essence-125ml\\\/\",\"url\":\"https:\\\/\\\/www.malinashop.lt\\\/lt_lt\\\/shop\\\/the-pure-lotus-losjonas-jeju-lotus-leaf-essence-125ml\\\/\",\"name\":\"THE PURE LOTUS losjonas Jeju Lotus Leaf Essence, 125ml - MalinaShop.lt J\u016bs\u0173 sveikatai ir gro\u017eiui.\",\"isPartOf\":{\"@id\":\"https:\\\/\\\/www.malinashop.lt\\\/en\\\/#website\"},\"primaryImageOfPage\":{\"@id\":\"https:\\\/\\\/www.malinashop.lt\\\/lt_lt\\\/shop\\\/the-pure-lotus-losjonas-jeju-lotus-leaf-essence-125ml\\\/#primaryimage\"},\"image\":{\"@id\":\"https:\\\/\\\/www.malinashop.lt\\\/lt_lt\\\/shop\\\/the-pure-lotus-losjonas-jeju-lotus-leaf-essence-125ml\\\/#primaryimage\"},\"thumbnailUrl\":\"https:\\\/\\\/www.malinashop.lt\\\/wp-content\\\/uploads\\\/2025\\\/04\\\/THE-PURE-LOTUS-losjonas-Jeju-Lotus-Leaf-Essence-125ml.webp\",\"datePublished\":\"2025-04-14T13:00:43+00:00\",\"dateModified\":\"2026-04-07T21:47:35+00:00\",\"description\":\"THE PURE LOTUS Dr\u0117kinamasis losjonas, sud\u0117tyje turintis 68% baltojo lotoso ekstrakto, nat\u016bralus antioksidant\u0173 \u0161altinis. Giliai dr\u0117kina, kovoja su sen\u0117jimo po\u017eymiais ir skatina gijim\u0105 bei odos regeneracij\u0105. Baltojo lotoso pagrindu sukurtas dr\u0117kinamasis losjonas su antioksidantais maitina, atkuria od\u0105 ir padeda kovoti su sen\u0117jimo po\u017eymiais. Tinka jautriai, sausai ar pavargusiai veido odai.\",\"breadcrumb\":{\"@id\":\"https:\\\/\\\/www.malinashop.lt\\\/lt_lt\\\/shop\\\/the-pure-lotus-losjonas-jeju-lotus-leaf-essence-125ml\\\/#breadcrumb\"},\"inLanguage\":\"lt-LT\",\"potentialAction\":[{\"@type\":\"ReadAction\",\"target\":[\"https:\\\/\\\/www.malinashop.lt\\\/lt_lt\\\/shop\\\/the-pure-lotus-losjonas-jeju-lotus-leaf-essence-125ml\\\/\"]}]},{\"@type\":\"ImageObject\",\"inLanguage\":\"lt-LT\",\"@id\":\"https:\\\/\\\/www.malinashop.lt\\\/lt_lt\\\/shop\\\/the-pure-lotus-losjonas-jeju-lotus-leaf-essence-125ml\\\/#primaryimage\",\"url\":\"https:\\\/\\\/www.malinashop.lt\\\/wp-content\\\/uploads\\\/2025\\\/04\\\/THE-PURE-LOTUS-losjonas-Jeju-Lotus-Leaf-Essence-125ml.webp\",\"contentUrl\":\"https:\\\/\\\/www.malinashop.lt\\\/wp-content\\\/uploads\\\/2025\\\/04\\\/THE-PURE-LOTUS-losjonas-Jeju-Lotus-Leaf-Essence-125ml.webp\",\"width\":1000,\"height\":1000},{\"@type\":\"BreadcrumbList\",\"@id\":\"https:\\\/\\\/www.malinashop.lt\\\/lt_lt\\\/shop\\\/the-pure-lotus-losjonas-jeju-lotus-leaf-essence-125ml\\\/#breadcrumb\",\"itemListElement\":[{\"@type\":\"ListItem\",\"position\":1,\"name\":\"Home\",\"item\":\"https:\\\/\\\/www.malinashop.lt\\\/en\\\/\"},{\"@type\":\"ListItem\",\"position\":2,\"name\":\"Parduotuv\u0117\",\"item\":\"https:\\\/\\\/www.malinashop.lt\\\/en\\\/parduotuve\\\/\"},{\"@type\":\"ListItem\",\"position\":3,\"name\":\"THE PURE LOTUS losjonas Jeju Lotus Leaf Essence, 125ml\"}]},{\"@type\":\"WebSite\",\"@id\":\"https:\\\/\\\/www.malinashop.lt\\\/en\\\/#website\",\"url\":\"https:\\\/\\\/www.malinashop.lt\\\/en\\\/\",\"name\":\"COM Group Ecommerce\",\"description\":\"MalinaShop.lt - Gro\u017eio ir sveikatos produktai i\u0161 patikim\u0173 preki\u0173 \u017eenkl\u0173. Atraskite auk\u0161tos kokyb\u0117s kosmetik\u0105 u\u017e puiki\u0105 kain\u0105.\",\"publisher\":{\"@id\":\"https:\\\/\\\/www.malinashop.lt\\\/en\\\/#organization\"},\"potentialAction\":[{\"@type\":\"SearchAction\",\"target\":{\"@type\":\"EntryPoint\",\"urlTemplate\":\"https:\\\/\\\/www.malinashop.lt\\\/en\\\/?s={search_term_string}\"},\"query-input\":{\"@type\":\"PropertyValueSpecification\",\"valueRequired\":true,\"valueName\":\"search_term_string\"}}],\"inLanguage\":\"lt-LT\"},{\"@type\":\"Organization\",\"@id\":\"https:\\\/\\\/www.malinashop.lt\\\/en\\\/#organization\",\"name\":\"COM Group Ecommerce\",\"url\":\"https:\\\/\\\/www.malinashop.lt\\\/en\\\/\",\"logo\":{\"@type\":\"ImageObject\",\"inLanguage\":\"lt-LT\",\"@id\":\"https:\\\/\\\/www.malinashop.lt\\\/en\\\/#\\\/schema\\\/logo\\\/image\\\/\",\"url\":\"https:\\\/\\\/www.malinashop.lt\\\/wp-content\\\/uploads\\\/2024\\\/08\\\/462559670_3787732518133670_9795632669273463_n-e1731525914575.png\",\"contentUrl\":\"https:\\\/\\\/www.malinashop.lt\\\/wp-content\\\/uploads\\\/2024\\\/08\\\/462559670_3787732518133670_9795632669273463_n-e1731525914575.png\",\"width\":180,\"height\":60,\"caption\":\"COM Group Ecommerce\"},\"image\":{\"@id\":\"https:\\\/\\\/www.malinashop.lt\\\/en\\\/#\\\/schema\\\/logo\\\/image\\\/\"}}]}<\/script>\n<!-- \/ Yoast SEO plugin. -->","yoast_head_json":{"title":"THE PURE LOTUS losjonas Jeju Lotus Leaf Essence, 125ml - MalinaShop.lt J\u016bs\u0173 sveikatai ir gro\u017eiui.","description":"THE PURE LOTUS Dr\u0117kinamasis losjonas, sud\u0117tyje turintis 68% baltojo lotoso ekstrakto, nat\u016bralus antioksidant\u0173 \u0161altinis. Giliai dr\u0117kina, kovoja su sen\u0117jimo po\u017eymiais ir skatina gijim\u0105 bei odos regeneracij\u0105. Baltojo lotoso pagrindu sukurtas dr\u0117kinamasis losjonas su antioksidantais maitina, atkuria od\u0105 ir padeda kovoti su sen\u0117jimo po\u017eymiais. Tinka jautriai, sausai ar pavargusiai veido odai.","robots":{"index":"index","follow":"follow","max-snippet":"max-snippet:-1","max-image-preview":"max-image-preview:large","max-video-preview":"max-video-preview:-1"},"canonical":"https:\/\/www.malinashop.lt\/lt_lt\/shop\/the-pure-lotus-losjonas-jeju-lotus-leaf-essence-125ml\/","og_locale":"lt_LT","og_type":"article","og_title":"THE PURE LOTUS losjonas Jeju Lotus Leaf Essence, 125ml - MalinaShop.lt J\u016bs\u0173 sveikatai ir gro\u017eiui.","og_description":"THE PURE LOTUS Dr\u0117kinamasis losjonas, sud\u0117tyje turintis 68% baltojo lotoso ekstrakto, nat\u016bralus antioksidant\u0173 \u0161altinis. Giliai dr\u0117kina, kovoja su sen\u0117jimo po\u017eymiais ir skatina gijim\u0105 bei odos regeneracij\u0105. Baltojo lotoso pagrindu sukurtas dr\u0117kinamasis losjonas su antioksidantais maitina, atkuria od\u0105 ir padeda kovoti su sen\u0117jimo po\u017eymiais. Tinka jautriai, sausai ar pavargusiai veido odai.","og_url":"https:\/\/www.malinashop.lt\/lt_lt\/shop\/the-pure-lotus-losjonas-jeju-lotus-leaf-essence-125ml\/","og_site_name":"MalinaShop.lt J\u016bs\u0173 sveikatai ir gro\u017eiui.","article_modified_time":"2026-04-07T21:47:35+00:00","og_image":[{"width":1000,"height":1000,"url":"https:\/\/www.malinashop.lt\/wp-content\/uploads\/2025\/04\/THE-PURE-LOTUS-losjonas-Jeju-Lotus-Leaf-Essence-125ml.webp","type":"image\/webp"}],"twitter_card":"summary_large_image","schema":{"@context":"https:\/\/schema.org","@graph":[{"@type":"WebPage","@id":"https:\/\/www.malinashop.lt\/lt_lt\/shop\/the-pure-lotus-losjonas-jeju-lotus-leaf-essence-125ml\/","url":"https:\/\/www.malinashop.lt\/lt_lt\/shop\/the-pure-lotus-losjonas-jeju-lotus-leaf-essence-125ml\/","name":"THE PURE LOTUS losjonas Jeju Lotus Leaf Essence, 125ml - MalinaShop.lt J\u016bs\u0173 sveikatai ir gro\u017eiui.","isPartOf":{"@id":"https:\/\/www.malinashop.lt\/en\/#website"},"primaryImageOfPage":{"@id":"https:\/\/www.malinashop.lt\/lt_lt\/shop\/the-pure-lotus-losjonas-jeju-lotus-leaf-essence-125ml\/#primaryimage"},"image":{"@id":"https:\/\/www.malinashop.lt\/lt_lt\/shop\/the-pure-lotus-losjonas-jeju-lotus-leaf-essence-125ml\/#primaryimage"},"thumbnailUrl":"https:\/\/www.malinashop.lt\/wp-content\/uploads\/2025\/04\/THE-PURE-LOTUS-losjonas-Jeju-Lotus-Leaf-Essence-125ml.webp","datePublished":"2025-04-14T13:00:43+00:00","dateModified":"2026-04-07T21:47:35+00:00","description":"THE PURE LOTUS Dr\u0117kinamasis losjonas, sud\u0117tyje turintis 68% baltojo lotoso ekstrakto, nat\u016bralus antioksidant\u0173 \u0161altinis. Giliai dr\u0117kina, kovoja su sen\u0117jimo po\u017eymiais ir skatina gijim\u0105 bei odos regeneracij\u0105. Baltojo lotoso pagrindu sukurtas dr\u0117kinamasis losjonas su antioksidantais maitina, atkuria od\u0105 ir padeda kovoti su sen\u0117jimo po\u017eymiais. Tinka jautriai, sausai ar pavargusiai veido odai.","breadcrumb":{"@id":"https:\/\/www.malinashop.lt\/lt_lt\/shop\/the-pure-lotus-losjonas-jeju-lotus-leaf-essence-125ml\/#breadcrumb"},"inLanguage":"lt-LT","potentialAction":[{"@type":"ReadAction","target":["https:\/\/www.malinashop.lt\/lt_lt\/shop\/the-pure-lotus-losjonas-jeju-lotus-leaf-essence-125ml\/"]}]},{"@type":"ImageObject","inLanguage":"lt-LT","@id":"https:\/\/www.malinashop.lt\/lt_lt\/shop\/the-pure-lotus-losjonas-jeju-lotus-leaf-essence-125ml\/#primaryimage","url":"https:\/\/www.malinashop.lt\/wp-content\/uploads\/2025\/04\/THE-PURE-LOTUS-losjonas-Jeju-Lotus-Leaf-Essence-125ml.webp","contentUrl":"https:\/\/www.malinashop.lt\/wp-content\/uploads\/2025\/04\/THE-PURE-LOTUS-losjonas-Jeju-Lotus-Leaf-Essence-125ml.webp","width":1000,"height":1000},{"@type":"BreadcrumbList","@id":"https:\/\/www.malinashop.lt\/lt_lt\/shop\/the-pure-lotus-losjonas-jeju-lotus-leaf-essence-125ml\/#breadcrumb","itemListElement":[{"@type":"ListItem","position":1,"name":"Home","item":"https:\/\/www.malinashop.lt\/en\/"},{"@type":"ListItem","position":2,"name":"Parduotuv\u0117","item":"https:\/\/www.malinashop.lt\/en\/parduotuve\/"},{"@type":"ListItem","position":3,"name":"THE PURE LOTUS losjonas Jeju Lotus Leaf Essence, 125ml"}]},{"@type":"WebSite","@id":"https:\/\/www.malinashop.lt\/en\/#website","url":"https:\/\/www.malinashop.lt\/en\/","name":"COM Group Ecommerce","description":"MalinaShop.lt - Gro\u017eio ir sveikatos produktai i\u0161 patikim\u0173 preki\u0173 \u017eenkl\u0173. Atraskite auk\u0161tos kokyb\u0117s kosmetik\u0105 u\u017e puiki\u0105 kain\u0105.","publisher":{"@id":"https:\/\/www.malinashop.lt\/en\/#organization"},"potentialAction":[{"@type":"SearchAction","target":{"@type":"EntryPoint","urlTemplate":"https:\/\/www.malinashop.lt\/en\/?s={search_term_string}"},"query-input":{"@type":"PropertyValueSpecification","valueRequired":true,"valueName":"search_term_string"}}],"inLanguage":"lt-LT"},{"@type":"Organization","@id":"https:\/\/www.malinashop.lt\/en\/#organization","name":"COM Group Ecommerce","url":"https:\/\/www.malinashop.lt\/en\/","logo":{"@type":"ImageObject","inLanguage":"lt-LT","@id":"https:\/\/www.malinashop.lt\/en\/#\/schema\/logo\/image\/","url":"https:\/\/www.malinashop.lt\/wp-content\/uploads\/2024\/08\/462559670_3787732518133670_9795632669273463_n-e1731525914575.png","contentUrl":"https:\/\/www.malinashop.lt\/wp-content\/uploads\/2024\/08\/462559670_3787732518133670_9795632669273463_n-e1731525914575.png","width":180,"height":60,"caption":"COM Group Ecommerce"},"image":{"@id":"https:\/\/www.malinashop.lt\/en\/#\/schema\/logo\/image\/"}}]}},"jetpack_sharing_enabled":true,"_links":{"self":[{"href":"https:\/\/www.malinashop.lt\/lt_lt\/wp-json\/wp\/v2\/product\/54218","targetHints":{"allow":["GET"]}}],"collection":[{"href":"https:\/\/www.malinashop.lt\/lt_lt\/wp-json\/wp\/v2\/product"}],"about":[{"href":"https:\/\/www.malinashop.lt\/lt_lt\/wp-json\/wp\/v2\/types\/product"}],"version-history":[{"count":1,"href":"https:\/\/www.malinashop.lt\/lt_lt\/wp-json\/wp\/v2\/product\/54218\/revisions"}],"predecessor-version":[{"id":54222,"href":"https:\/\/www.malinashop.lt\/lt_lt\/wp-json\/wp\/v2\/product\/54218\/revisions\/54222"}],"wp:featuredmedia":[{"embeddable":true,"href":"https:\/\/www.malinashop.lt\/lt_lt\/wp-json\/wp\/v2\/media\/54221"}],"wp:attachment":[{"href":"https:\/\/www.malinashop.lt\/lt_lt\/wp-json\/wp\/v2\/media?parent=54218"}],"wp:term":[{"taxonomy":"product_brand","embeddable":true,"href":"https:\/\/www.malinashop.lt\/lt_lt\/wp-json\/wp\/v2\/product_brand?post=54218"},{"taxonomy":"product_cat","embeddable":true,"href":"https:\/\/www.malinashop.lt\/lt_lt\/wp-json\/wp\/v2\/product_cat?post=54218"},{"taxonomy":"product_tag","embeddable":true,"href":"https:\/\/www.malinashop.lt\/lt_lt\/wp-json\/wp\/v2\/product_tag?post=54218"}],"curies":[{"name":"wp","href":"https:\/\/api.w.org\/{rel}","templated":true}]}}