{"id":54185,"date":"2025-04-14T14:32:38","date_gmt":"2025-04-14T11:32:38","guid":{"rendered":"https:\/\/malinashop.lt\/?post_type=product&#038;p=54185"},"modified":"2026-02-10T13:13:57","modified_gmt":"2026-02-10T10:13:57","slug":"the-pure-lotus-2-zingsniu-sviesinanti-ir-raminanti-kauke-5-vnt","status":"publish","type":"product","link":"https:\/\/www.malinashop.lt\/lt_lt\/shop\/the-pure-lotus-2-zingsniu-sviesinanti-ir-raminanti-kauke-5-vnt\/","title":{"rendered":"THE PURE LOTUS 2 \u017eingsni\u0173 \u0161viesinanti ir raminanti kauk\u0117, 5 vnt."},"content":{"rendered":"<p class=\"\" data-start=\"188\" data-end=\"224\"><strong data-start=\"188\" data-end=\"224\">I\u0161siuntimas per 2\/4 darbo dienas<\/strong><\/p>\n<p class=\"\" data-start=\"226\" data-end=\"349\"><strong data-start=\"226\" data-end=\"349\">The Pure Lotus 2 \u017eingsni\u0173 veido kauk\u0117 su baltuoju lotosu \u2013 intensyvus dr\u0117kinimas, \u0161vyt\u0117jimas ir ramyb\u0117 pavargusiai odai<\/strong><\/p>\n<p class=\"\" data-start=\"351\" data-end=\"660\">Atraskite efektyv\u0173 ir greit\u0105 b\u016bd\u0105 atgaivinti od\u0105 po \u012ftemptos dienos! \u0160i 2 \u017eingsni\u0173 lak\u0161tin\u0117 veido kauk\u0117 su patentuotu Jeju botaninio komplekso ir baltojo lotoso ekstrakt\u0173 deriniu ne tik intensyviai dr\u0117kina, bet ir padeda suma\u017einti odos sudirgim\u0105, skaistina veido spalv\u0105 bei stiprina odos apsaugines funkcijas.<\/p>\n<p class=\"\" data-start=\"662\" data-end=\"988\">Pirmasis \u017eingsnis \u2013 valomasis diskelis, kuris \u0161velniai pa\u0161alina negyvas odos l\u0105steles, atstato odos pH balans\u0105 ir paruo\u0161ia od\u0105 veikli\u0173j\u0173 med\u017eiag\u0173 \u012fsisavinimui. Antrasis \u017eingsnis \u2013 lak\u0161tin\u0117 veido kauk\u0117 i\u0161 \u0161velnaus mikropluo\u0161to, kuri idealiai priglunda prie odos, suteikdama did\u017eiausi\u0105 komfort\u0105 ir veikli\u0173j\u0173 med\u017eiag\u0173 absorbcij\u0105.<\/p>\n<p class=\"\" data-start=\"990\" data-end=\"1018\"><strong data-start=\"990\" data-end=\"1018\">Pagrindiniai privalumai:<\/strong><\/p>\n<ul data-start=\"1019\" data-end=\"1294\">\n<li class=\"\" data-start=\"1019\" data-end=\"1060\">\n<p class=\"\" data-start=\"1021\" data-end=\"1060\">Giliai dr\u0117kina ir ramina sudirgusi\u0105 od\u0105<\/p>\n<\/li>\n<li class=\"\" data-start=\"1061\" data-end=\"1110\">\n<p class=\"\" data-start=\"1063\" data-end=\"1110\">Pastebimai \u0161viesina ir skaistina veido atspalv\u012f<\/p>\n<\/li>\n<li class=\"\" data-start=\"1111\" data-end=\"1192\">\n<p class=\"\" data-start=\"1113\" data-end=\"1192\">Praturtinta antioksidantais, saugo od\u0105 nuo aplinkos streso ir laisv\u0173j\u0173 radikal\u0173<\/p>\n<\/li>\n<li class=\"\" data-start=\"1193\" data-end=\"1231\">\n<p class=\"\" data-start=\"1195\" data-end=\"1231\">Atkuria odos pH, lygina jos tekst\u016br\u0105<\/p>\n<\/li>\n<li class=\"\" data-start=\"1232\" data-end=\"1294\">\n<p class=\"\" data-start=\"1234\" data-end=\"1294\">Tinka visiems odos tipams, ypa\u010d pavargusiai ir jautriai odai<\/p>\n<\/li>\n<\/ul>\n<p class=\"\" data-start=\"1296\" data-end=\"1311\"><strong data-start=\"1296\" data-end=\"1311\">Naudojimas:<\/strong><\/p>\n<ol data-start=\"1312\" data-end=\"1567\">\n<li class=\"\" data-start=\"1312\" data-end=\"1418\">\n<p class=\"\" data-start=\"1315\" data-end=\"1418\">Nuvalykite veid\u0105 su valomuoju diskeliumi i\u0161 pakuot\u0117s, kad pa\u0161alintum\u0117te ne\u0161varumus ir paruo\u0161tum\u0117te od\u0105.<\/p>\n<\/li>\n<li class=\"\" data-start=\"1419\" data-end=\"1486\">\n<p class=\"\" data-start=\"1422\" data-end=\"1486\">U\u017esid\u0117kite lak\u0161tin\u0119 kauk\u0119 ir pritaikykite j\u0105 prie veido kont\u016br\u0173.<\/p>\n<\/li>\n<li class=\"\" data-start=\"1487\" data-end=\"1513\">\n<p class=\"\" data-start=\"1490\" data-end=\"1513\">Palikite 15\u201320 minu\u010di\u0173.<\/p>\n<\/li>\n<li class=\"\" data-start=\"1514\" data-end=\"1567\">\n<p class=\"\" data-start=\"1517\" data-end=\"1567\">Nu\u0117mus kauk\u0119, likusi\u0105 esencij\u0105 \u012fmasa\u017euokite \u012f od\u0105.<\/p>\n<\/li>\n<\/ol>\n<p class=\"\" data-start=\"1569\" data-end=\"1588\"><strong data-start=\"1569\" data-end=\"1588\">Odos problemos:<\/strong><\/p>\n<ul data-start=\"1589\" data-end=\"1682\">\n<li class=\"\" data-start=\"1589\" data-end=\"1612\">\n<p class=\"\" data-start=\"1591\" data-end=\"1612\">Blanki, pavargusi oda<\/p>\n<\/li>\n<li class=\"\" data-start=\"1613\" data-end=\"1652\">\n<p class=\"\" data-start=\"1615\" data-end=\"1652\">Oda praradusi elastingum\u0105 ir spindes\u012f<\/p>\n<\/li>\n<li class=\"\" data-start=\"1653\" data-end=\"1682\">\n<p class=\"\" data-start=\"1655\" data-end=\"1682\">Odos nelygumai ir jautrumas<\/p>\n<\/li>\n<\/ul>\n<p class=\"\" data-start=\"1684\" data-end=\"1768\"><strong data-start=\"1684\" data-end=\"1699\">Odos tipai:<\/strong><br data-start=\"1699\" data-end=\"1702\" \/>Tinka visiems odos tipams, \u012fskaitant jautri\u0105, saus\u0105 ar mi\u0161ri\u0105 od\u0105.<\/p>\n<p>Sud\u0117tis:<\/p>\n<p>Step 1 | Water, Glycerin, Lactic Acid, Butylene Glycol, Nelumbo Nucifera Leaf Extract, Mallotus Japonicus Bark Extract, Dipropylene Glycol, 1,2-Hexanediol, Sodium Hyaluronate, Polyglyceryl-10 Laurate, Polyglyceryl-10 Myristate, Arginine, Panthenol, Dipotassium Glycyrrhizate, Hydroxyacetophenone, Chlorphenesin, Citrus Medica Limonum (Lemon) Peel Oil, Rosmarinus Officinalis (Rosemary) Leaf Oil, Lavandula Angustifolia (Lavender) Oil, Eucalyptus Globulus Leaf Oil, Citrus Aurantifolia (Lime) Oil, Chamomilla Recutita (Matricaria) Flower Oil, Pelargonium graveolens Flower Oil, Juniperus Mexicana Oil.<\/p>\n<p>&nbsp;<\/p>\n<p>Step 2 | Water, Glycerin, Glycereth-26, Nelumbo Nucifera Leaf Extract, Mallotus Japonicus Bark Extract, Butylene Glycol, Niacinamide, 1,2-Hexanediol, Dimethicone\/Vinyl Dimethicone Crosspolymer, Hydroxyacetophenone, Arginine, Carbomer, Allantoin, Chlorphenesin, Dipotassium Glycyrrhizate, Hydroxyethylcellulose, C12-13 Pareth-23, Olea Europaea (Olive) Fruit Oil, Citrus Aurantium Dulcis (Orange) Oil, Camellia Sinensis Leaf Extract, Sodium Hyaluronate, C12-13 Pareth-3, Citrus Aurantium Bergamia (Bergamot) Fruit Oil, Copaifera Officinalis (Balsam Copaiba) Resin, Ethylhexylglycerin, Hydrolyzed Hyaluronic Acid, Lavandula Hybrida Oil, Cymbopogon Martini Oil, Salvia Sclarea (Clary) Oil, Sodium Acetylated Hyaluronate, Polyglyceryl-4 Caprate, Panthenol, Sodium Ascorbyl Phosphate, Inositol, Caprylyl Glycol, Tocopherol.<\/p>\n","protected":false},"excerpt":{"rendered":"<p>Dr\u0117kinamoji 2 \u017eingsni\u0173 lak\u0161tin\u0117 kauk\u0117 su Jeju botaninio komplekso ekstraktu intensyviai dr\u0117kina, ramina bei skaistina od\u0105, apsaugodama j\u0105 nuo laisv\u0173j\u0173 radikal\u0173 \u017ealos.<\/p>\n","protected":false},"featured_media":54188,"template":"","meta":[],"product_brand":[1318],"product_cat":[1136,728],"product_tag":[1625],"class_list":{"0":"post-54185","1":"product","2":"type-product","3":"status-publish","4":"has-post-thumbnail","6":"product_brand-the-pure-lotus","7":"product_cat-lakstines-veido-kaukes","8":"product_cat-veidui","9":"product_tag-the-pure-lotus","11":"first","12":"outofstock","13":"taxable","14":"shipping-taxable","15":"purchasable","16":"product-type-simple"},"yoast_head":"<!-- This site is optimized with the Yoast SEO plugin v27.4 - https:\/\/yoast.com\/product\/yoast-seo-wordpress\/ -->\n<title>THE PURE LOTUS 2 \u017eingsni\u0173 \u0161viesinanti ir raminanti kauk\u0117, 5 vnt. - MalinaShop.lt J\u016bs\u0173 sveikatai ir gro\u017eiui.<\/title>\n<meta name=\"description\" content=\"Dr\u0117kinamoji 2 \u017eingsni\u0173 lak\u0161tin\u0117 kauk\u0117 su Jeju botaninio komplekso ekstraktu intensyviai dr\u0117kina, ramina bei skaistina od\u0105, apsaugodama j\u0105 nuo laisv\u0173j\u0173 radikal\u0173 \u017ealos.\" \/>\n<meta name=\"robots\" content=\"index, follow, max-snippet:-1, max-image-preview:large, max-video-preview:-1\" \/>\n<link rel=\"canonical\" href=\"https:\/\/www.malinashop.lt\/lt_lt\/shop\/the-pure-lotus-2-zingsniu-sviesinanti-ir-raminanti-kauke-5-vnt\/\" \/>\n<meta property=\"og:locale\" content=\"lt_LT\" \/>\n<meta property=\"og:type\" content=\"article\" \/>\n<meta property=\"og:title\" content=\"THE PURE LOTUS 2 \u017eingsni\u0173 \u0161viesinanti ir raminanti kauk\u0117, 5 vnt. - MalinaShop.lt J\u016bs\u0173 sveikatai ir gro\u017eiui.\" \/>\n<meta property=\"og:description\" content=\"Dr\u0117kinamoji 2 \u017eingsni\u0173 lak\u0161tin\u0117 kauk\u0117 su Jeju botaninio komplekso ekstraktu intensyviai dr\u0117kina, ramina bei skaistina od\u0105, apsaugodama j\u0105 nuo laisv\u0173j\u0173 radikal\u0173 \u017ealos.\" \/>\n<meta property=\"og:url\" content=\"https:\/\/www.malinashop.lt\/lt_lt\/shop\/the-pure-lotus-2-zingsniu-sviesinanti-ir-raminanti-kauke-5-vnt\/\" \/>\n<meta property=\"og:site_name\" content=\"MalinaShop.lt J\u016bs\u0173 sveikatai ir gro\u017eiui.\" \/>\n<meta property=\"article:modified_time\" content=\"2026-02-10T10:13:57+00:00\" \/>\n<meta property=\"og:image\" content=\"https:\/\/www.malinashop.lt\/wp-content\/uploads\/2025\/04\/THE-PURE-LOTUS-2-zingsniu-sviesinanti-ir-raminanti-kauke-5-vnt.webp\" \/>\n\t<meta property=\"og:image:width\" content=\"1703\" \/>\n\t<meta property=\"og:image:height\" content=\"2560\" \/>\n\t<meta property=\"og:image:type\" content=\"image\/webp\" \/>\n<meta name=\"twitter:card\" content=\"summary_large_image\" \/>\n<script type=\"application\/ld+json\" class=\"yoast-schema-graph\">{\"@context\":\"https:\\\/\\\/schema.org\",\"@graph\":[{\"@type\":\"WebPage\",\"@id\":\"https:\\\/\\\/www.malinashop.lt\\\/lt_lt\\\/shop\\\/the-pure-lotus-2-zingsniu-sviesinanti-ir-raminanti-kauke-5-vnt\\\/\",\"url\":\"https:\\\/\\\/www.malinashop.lt\\\/lt_lt\\\/shop\\\/the-pure-lotus-2-zingsniu-sviesinanti-ir-raminanti-kauke-5-vnt\\\/\",\"name\":\"THE PURE LOTUS 2 \u017eingsni\u0173 \u0161viesinanti ir raminanti kauk\u0117, 5 vnt. - MalinaShop.lt J\u016bs\u0173 sveikatai ir gro\u017eiui.\",\"isPartOf\":{\"@id\":\"https:\\\/\\\/www.malinashop.lt\\\/#website\"},\"primaryImageOfPage\":{\"@id\":\"https:\\\/\\\/www.malinashop.lt\\\/lt_lt\\\/shop\\\/the-pure-lotus-2-zingsniu-sviesinanti-ir-raminanti-kauke-5-vnt\\\/#primaryimage\"},\"image\":{\"@id\":\"https:\\\/\\\/www.malinashop.lt\\\/lt_lt\\\/shop\\\/the-pure-lotus-2-zingsniu-sviesinanti-ir-raminanti-kauke-5-vnt\\\/#primaryimage\"},\"thumbnailUrl\":\"https:\\\/\\\/www.malinashop.lt\\\/wp-content\\\/uploads\\\/2025\\\/04\\\/THE-PURE-LOTUS-2-zingsniu-sviesinanti-ir-raminanti-kauke-5-vnt.webp\",\"datePublished\":\"2025-04-14T11:32:38+00:00\",\"dateModified\":\"2026-02-10T10:13:57+00:00\",\"description\":\"Dr\u0117kinamoji 2 \u017eingsni\u0173 lak\u0161tin\u0117 kauk\u0117 su Jeju botaninio komplekso ekstraktu intensyviai dr\u0117kina, ramina bei skaistina od\u0105, apsaugodama j\u0105 nuo laisv\u0173j\u0173 radikal\u0173 \u017ealos.\",\"breadcrumb\":{\"@id\":\"https:\\\/\\\/www.malinashop.lt\\\/lt_lt\\\/shop\\\/the-pure-lotus-2-zingsniu-sviesinanti-ir-raminanti-kauke-5-vnt\\\/#breadcrumb\"},\"inLanguage\":\"lt-LT\",\"potentialAction\":[{\"@type\":\"ReadAction\",\"target\":[\"https:\\\/\\\/www.malinashop.lt\\\/lt_lt\\\/shop\\\/the-pure-lotus-2-zingsniu-sviesinanti-ir-raminanti-kauke-5-vnt\\\/\"]}]},{\"@type\":\"ImageObject\",\"inLanguage\":\"lt-LT\",\"@id\":\"https:\\\/\\\/www.malinashop.lt\\\/lt_lt\\\/shop\\\/the-pure-lotus-2-zingsniu-sviesinanti-ir-raminanti-kauke-5-vnt\\\/#primaryimage\",\"url\":\"https:\\\/\\\/www.malinashop.lt\\\/wp-content\\\/uploads\\\/2025\\\/04\\\/THE-PURE-LOTUS-2-zingsniu-sviesinanti-ir-raminanti-kauke-5-vnt.webp\",\"contentUrl\":\"https:\\\/\\\/www.malinashop.lt\\\/wp-content\\\/uploads\\\/2025\\\/04\\\/THE-PURE-LOTUS-2-zingsniu-sviesinanti-ir-raminanti-kauke-5-vnt.webp\",\"width\":1703,\"height\":2560},{\"@type\":\"BreadcrumbList\",\"@id\":\"https:\\\/\\\/www.malinashop.lt\\\/lt_lt\\\/shop\\\/the-pure-lotus-2-zingsniu-sviesinanti-ir-raminanti-kauke-5-vnt\\\/#breadcrumb\",\"itemListElement\":[{\"@type\":\"ListItem\",\"position\":1,\"name\":\"Pagrindinis\",\"item\":\"https:\\\/\\\/www.malinashop.lt\\\/\"},{\"@type\":\"ListItem\",\"position\":2,\"name\":\"Parduotuv\u0117\",\"item\":\"https:\\\/\\\/www.malinashop.lt\\\/en\\\/parduotuve\\\/\"},{\"@type\":\"ListItem\",\"position\":3,\"name\":\"THE PURE LOTUS 2 \u017eingsni\u0173 \u0161viesinanti ir raminanti kauk\u0117, 5 vnt.\"}]},{\"@type\":\"WebSite\",\"@id\":\"https:\\\/\\\/www.malinashop.lt\\\/#website\",\"url\":\"https:\\\/\\\/www.malinashop.lt\\\/\",\"name\":\"COM Group Ecommerce\",\"description\":\"MalinaShop.lt - Gro\u017eio ir sveikatos produktai i\u0161 patikim\u0173 preki\u0173 \u017eenkl\u0173. Atraskite auk\u0161tos kokyb\u0117s kosmetik\u0105 u\u017e puiki\u0105 kain\u0105.\",\"publisher\":{\"@id\":\"https:\\\/\\\/www.malinashop.lt\\\/#organization\"},\"potentialAction\":[{\"@type\":\"SearchAction\",\"target\":{\"@type\":\"EntryPoint\",\"urlTemplate\":\"https:\\\/\\\/www.malinashop.lt\\\/?s={search_term_string}\"},\"query-input\":{\"@type\":\"PropertyValueSpecification\",\"valueRequired\":true,\"valueName\":\"search_term_string\"}}],\"inLanguage\":\"lt-LT\"},{\"@type\":\"Organization\",\"@id\":\"https:\\\/\\\/www.malinashop.lt\\\/#organization\",\"name\":\"COM Group Ecommerce\",\"url\":\"https:\\\/\\\/www.malinashop.lt\\\/\",\"logo\":{\"@type\":\"ImageObject\",\"inLanguage\":\"lt-LT\",\"@id\":\"https:\\\/\\\/www.malinashop.lt\\\/#\\\/schema\\\/logo\\\/image\\\/\",\"url\":\"https:\\\/\\\/www.malinashop.lt\\\/wp-content\\\/uploads\\\/2024\\\/08\\\/462559670_3787732518133670_9795632669273463_n-e1731525914575.png\",\"contentUrl\":\"https:\\\/\\\/www.malinashop.lt\\\/wp-content\\\/uploads\\\/2024\\\/08\\\/462559670_3787732518133670_9795632669273463_n-e1731525914575.png\",\"width\":180,\"height\":60,\"caption\":\"COM Group Ecommerce\"},\"image\":{\"@id\":\"https:\\\/\\\/www.malinashop.lt\\\/#\\\/schema\\\/logo\\\/image\\\/\"}}]}<\/script>\n<!-- \/ Yoast SEO plugin. -->","yoast_head_json":{"title":"THE PURE LOTUS 2 \u017eingsni\u0173 \u0161viesinanti ir raminanti kauk\u0117, 5 vnt. - MalinaShop.lt J\u016bs\u0173 sveikatai ir gro\u017eiui.","description":"Dr\u0117kinamoji 2 \u017eingsni\u0173 lak\u0161tin\u0117 kauk\u0117 su Jeju botaninio komplekso ekstraktu intensyviai dr\u0117kina, ramina bei skaistina od\u0105, apsaugodama j\u0105 nuo laisv\u0173j\u0173 radikal\u0173 \u017ealos.","robots":{"index":"index","follow":"follow","max-snippet":"max-snippet:-1","max-image-preview":"max-image-preview:large","max-video-preview":"max-video-preview:-1"},"canonical":"https:\/\/www.malinashop.lt\/lt_lt\/shop\/the-pure-lotus-2-zingsniu-sviesinanti-ir-raminanti-kauke-5-vnt\/","og_locale":"lt_LT","og_type":"article","og_title":"THE PURE LOTUS 2 \u017eingsni\u0173 \u0161viesinanti ir raminanti kauk\u0117, 5 vnt. - MalinaShop.lt J\u016bs\u0173 sveikatai ir gro\u017eiui.","og_description":"Dr\u0117kinamoji 2 \u017eingsni\u0173 lak\u0161tin\u0117 kauk\u0117 su Jeju botaninio komplekso ekstraktu intensyviai dr\u0117kina, ramina bei skaistina od\u0105, apsaugodama j\u0105 nuo laisv\u0173j\u0173 radikal\u0173 \u017ealos.","og_url":"https:\/\/www.malinashop.lt\/lt_lt\/shop\/the-pure-lotus-2-zingsniu-sviesinanti-ir-raminanti-kauke-5-vnt\/","og_site_name":"MalinaShop.lt J\u016bs\u0173 sveikatai ir gro\u017eiui.","article_modified_time":"2026-02-10T10:13:57+00:00","og_image":[{"width":1703,"height":2560,"url":"https:\/\/www.malinashop.lt\/wp-content\/uploads\/2025\/04\/THE-PURE-LOTUS-2-zingsniu-sviesinanti-ir-raminanti-kauke-5-vnt.webp","type":"image\/webp"}],"twitter_card":"summary_large_image","schema":{"@context":"https:\/\/schema.org","@graph":[{"@type":"WebPage","@id":"https:\/\/www.malinashop.lt\/lt_lt\/shop\/the-pure-lotus-2-zingsniu-sviesinanti-ir-raminanti-kauke-5-vnt\/","url":"https:\/\/www.malinashop.lt\/lt_lt\/shop\/the-pure-lotus-2-zingsniu-sviesinanti-ir-raminanti-kauke-5-vnt\/","name":"THE PURE LOTUS 2 \u017eingsni\u0173 \u0161viesinanti ir raminanti kauk\u0117, 5 vnt. - MalinaShop.lt J\u016bs\u0173 sveikatai ir gro\u017eiui.","isPartOf":{"@id":"https:\/\/www.malinashop.lt\/#website"},"primaryImageOfPage":{"@id":"https:\/\/www.malinashop.lt\/lt_lt\/shop\/the-pure-lotus-2-zingsniu-sviesinanti-ir-raminanti-kauke-5-vnt\/#primaryimage"},"image":{"@id":"https:\/\/www.malinashop.lt\/lt_lt\/shop\/the-pure-lotus-2-zingsniu-sviesinanti-ir-raminanti-kauke-5-vnt\/#primaryimage"},"thumbnailUrl":"https:\/\/www.malinashop.lt\/wp-content\/uploads\/2025\/04\/THE-PURE-LOTUS-2-zingsniu-sviesinanti-ir-raminanti-kauke-5-vnt.webp","datePublished":"2025-04-14T11:32:38+00:00","dateModified":"2026-02-10T10:13:57+00:00","description":"Dr\u0117kinamoji 2 \u017eingsni\u0173 lak\u0161tin\u0117 kauk\u0117 su Jeju botaninio komplekso ekstraktu intensyviai dr\u0117kina, ramina bei skaistina od\u0105, apsaugodama j\u0105 nuo laisv\u0173j\u0173 radikal\u0173 \u017ealos.","breadcrumb":{"@id":"https:\/\/www.malinashop.lt\/lt_lt\/shop\/the-pure-lotus-2-zingsniu-sviesinanti-ir-raminanti-kauke-5-vnt\/#breadcrumb"},"inLanguage":"lt-LT","potentialAction":[{"@type":"ReadAction","target":["https:\/\/www.malinashop.lt\/lt_lt\/shop\/the-pure-lotus-2-zingsniu-sviesinanti-ir-raminanti-kauke-5-vnt\/"]}]},{"@type":"ImageObject","inLanguage":"lt-LT","@id":"https:\/\/www.malinashop.lt\/lt_lt\/shop\/the-pure-lotus-2-zingsniu-sviesinanti-ir-raminanti-kauke-5-vnt\/#primaryimage","url":"https:\/\/www.malinashop.lt\/wp-content\/uploads\/2025\/04\/THE-PURE-LOTUS-2-zingsniu-sviesinanti-ir-raminanti-kauke-5-vnt.webp","contentUrl":"https:\/\/www.malinashop.lt\/wp-content\/uploads\/2025\/04\/THE-PURE-LOTUS-2-zingsniu-sviesinanti-ir-raminanti-kauke-5-vnt.webp","width":1703,"height":2560},{"@type":"BreadcrumbList","@id":"https:\/\/www.malinashop.lt\/lt_lt\/shop\/the-pure-lotus-2-zingsniu-sviesinanti-ir-raminanti-kauke-5-vnt\/#breadcrumb","itemListElement":[{"@type":"ListItem","position":1,"name":"Pagrindinis","item":"https:\/\/www.malinashop.lt\/"},{"@type":"ListItem","position":2,"name":"Parduotuv\u0117","item":"https:\/\/www.malinashop.lt\/en\/parduotuve\/"},{"@type":"ListItem","position":3,"name":"THE PURE LOTUS 2 \u017eingsni\u0173 \u0161viesinanti ir raminanti kauk\u0117, 5 vnt."}]},{"@type":"WebSite","@id":"https:\/\/www.malinashop.lt\/#website","url":"https:\/\/www.malinashop.lt\/","name":"COM Group Ecommerce","description":"MalinaShop.lt - Gro\u017eio ir sveikatos produktai i\u0161 patikim\u0173 preki\u0173 \u017eenkl\u0173. Atraskite auk\u0161tos kokyb\u0117s kosmetik\u0105 u\u017e puiki\u0105 kain\u0105.","publisher":{"@id":"https:\/\/www.malinashop.lt\/#organization"},"potentialAction":[{"@type":"SearchAction","target":{"@type":"EntryPoint","urlTemplate":"https:\/\/www.malinashop.lt\/?s={search_term_string}"},"query-input":{"@type":"PropertyValueSpecification","valueRequired":true,"valueName":"search_term_string"}}],"inLanguage":"lt-LT"},{"@type":"Organization","@id":"https:\/\/www.malinashop.lt\/#organization","name":"COM Group Ecommerce","url":"https:\/\/www.malinashop.lt\/","logo":{"@type":"ImageObject","inLanguage":"lt-LT","@id":"https:\/\/www.malinashop.lt\/#\/schema\/logo\/image\/","url":"https:\/\/www.malinashop.lt\/wp-content\/uploads\/2024\/08\/462559670_3787732518133670_9795632669273463_n-e1731525914575.png","contentUrl":"https:\/\/www.malinashop.lt\/wp-content\/uploads\/2024\/08\/462559670_3787732518133670_9795632669273463_n-e1731525914575.png","width":180,"height":60,"caption":"COM Group Ecommerce"},"image":{"@id":"https:\/\/www.malinashop.lt\/#\/schema\/logo\/image\/"}}]}},"jetpack_sharing_enabled":true,"_links":{"self":[{"href":"https:\/\/www.malinashop.lt\/lt_lt\/wp-json\/wp\/v2\/product\/54185","targetHints":{"allow":["GET"]}}],"collection":[{"href":"https:\/\/www.malinashop.lt\/lt_lt\/wp-json\/wp\/v2\/product"}],"about":[{"href":"https:\/\/www.malinashop.lt\/lt_lt\/wp-json\/wp\/v2\/types\/product"}],"version-history":[{"count":2,"href":"https:\/\/www.malinashop.lt\/lt_lt\/wp-json\/wp\/v2\/product\/54185\/revisions"}],"predecessor-version":[{"id":54191,"href":"https:\/\/www.malinashop.lt\/lt_lt\/wp-json\/wp\/v2\/product\/54185\/revisions\/54191"}],"wp:featuredmedia":[{"embeddable":true,"href":"https:\/\/www.malinashop.lt\/lt_lt\/wp-json\/wp\/v2\/media\/54188"}],"wp:attachment":[{"href":"https:\/\/www.malinashop.lt\/lt_lt\/wp-json\/wp\/v2\/media?parent=54185"}],"wp:term":[{"taxonomy":"product_brand","embeddable":true,"href":"https:\/\/www.malinashop.lt\/lt_lt\/wp-json\/wp\/v2\/product_brand?post=54185"},{"taxonomy":"product_cat","embeddable":true,"href":"https:\/\/www.malinashop.lt\/lt_lt\/wp-json\/wp\/v2\/product_cat?post=54185"},{"taxonomy":"product_tag","embeddable":true,"href":"https:\/\/www.malinashop.lt\/lt_lt\/wp-json\/wp\/v2\/product_tag?post=54185"}],"curies":[{"name":"wp","href":"https:\/\/api.w.org\/{rel}","templated":true}]}}