{"id":54156,"date":"2025-04-14T13:33:39","date_gmt":"2025-04-14T10:33:39","guid":{"rendered":"https:\/\/malinashop.lt\/?post_type=product&#038;p=54156"},"modified":"2026-02-10T13:13:58","modified_gmt":"2026-02-10T10:13:58","slug":"the-pure-lotus-prausiklis-jeju-botanical-ph-200ml","status":"publish","type":"product","link":"https:\/\/www.malinashop.lt\/lt_lt\/shop\/the-pure-lotus-prausiklis-jeju-botanical-ph-200ml\/","title":{"rendered":"THE PURE LOTUS prausiklis Jeju Botanical pH, 200ml"},"content":{"rendered":"<p class=\"\" data-start=\"0\" data-end=\"119\"><strong data-start=\"0\" data-end=\"119\">Veido prausiklis su Jeju botaninio komplekso ekstraktu, 150 ml \u2013 \u0161velni kasdien\u0117 odos prie\u017ei\u016bra visiems odos tipams<\/strong><\/p>\n<p class=\"\" data-start=\"121\" data-end=\"148\">\ud83d\udce6 I\u0161siuntimas per 2\/4 d.d.<\/p>\n<p class=\"\" data-start=\"150\" data-end=\"593\">Apdovanojimus peln\u0119s veido prausiklis su 5 % Jeju botaninio komplekso ekstraktu i\u0161siskiria nat\u016bralia, \u0161velnia formule, kuri efektyviai valo veido od\u0105 nepa\u017eeisdama jos pusiausvyros. \u0160i 8 augal\u0173 sinergija, i\u0161gauta i\u0161 mineralais turtingos Jeju salos, pasi\u017eymi antibakterin\u0117mis, skaistinan\u010diomis ir antioksidacin\u0117mis savyb\u0117mis. Neutralus pH (6,5) bei sud\u0117tyje esantys tik \u0161veln\u016bs valikliai u\u017etikrina, kad prausiklis tikt\u0173 net ir jautriausiai odai.<\/p>\n<p class=\"\" data-start=\"595\" data-end=\"711\">Idealiai tinka esant: \u2714 Blankiai, pavargusiai odai<br data-start=\"645\" data-end=\"648\" \/>\u2714 I\u0161sipl\u0117tusioms poroms<br data-start=\"671\" data-end=\"674\" \/>\u2714 Odos nelygumams<br data-start=\"691\" data-end=\"694\" \/>\u2714 Jautriai odai<\/p>\n<p class=\"\" data-start=\"713\" data-end=\"919\">Pagrindiniai privalumai: \u2714 \u0160velni gelin\u0117 tekst\u016bra, kuri neerzina odos<br data-start=\"782\" data-end=\"785\" \/>\u2714 Giliai i\u0161valo poras ir makia\u017eo liku\u010dius<br data-start=\"826\" data-end=\"829\" \/>\u2714 Skaistina ir atkuria nat\u016bral\u0173 odos \u0161vyt\u0117jim\u0105<br data-start=\"875\" data-end=\"878\" \/>\u2714 Be sulfat\u0173 ir kit\u0173 agresyvi\u0173 med\u017eiag\u0173<\/p>\n<p class=\"\" data-start=\"921\" data-end=\"1066\">Naudojimas:<br data-start=\"932\" data-end=\"935\" \/>U\u017etepkite nedidel\u012f kiek\u012f prausiklio ant dr\u0117gnos odos, \u0161velniai \u012fmasa\u017euokite ir nuplaukite \u0161iltu vandeniu. Naudokite ryte ir vakare.<\/p>\n<p class=\"\" data-start=\"1068\" data-end=\"1151\">\ud83c\udf96 USA Best K-Beauty Awards<br data-start=\"1095\" data-end=\"1098\" \/>\ud83c\udf96 Singapore Women\u2018s Weekly Best of Beauty Buys Award<\/p>\n<p>Sud\u0117tis:<\/p>\n<p>Water, Glycerin, Potassium Cocoyl Glycinate, Disodium Laureth Sulfosuccinate, Decyl Glucoside, Niacinamide, Aloe Barbadensis Leaf Extract, Lauryl-Glucoside, Camellia Sinensis Leaf Extract, Coco-Betaine, 1,2-Hexanediol, Sea Water, Acrylates\/C10-30 Alkyl Acrylate Crosspolymer, Sorbitol, Nelumbo Nucifera Leaf Extract, Xanthan Gum, Tromethamine, Oryza Sativa (Rice) Extract, Citrus Unshiu Peel Extract, Rosmarinus Officinalis (Rosemary) Leaf Extract, Nelumbo Nucifera Root Extract, Opuntia Coccinellifera Fruit Extract, Styrene\/Acrylates Copolymer, Citrus Limon (Lemon) Peel Oil, Lavandula Angustifolia (Lavender) Oil, Citric Acid, Butylene Glycol, Disodium EDTA, Sodium Benzoate, Citrus Aurantium Dulcis (Orange) Peel Oil, Pyrus Malus (Apple) Fruit Extract, Allantoin, Trehalose, Panthenol, Benzoic Acid, Bacillus\/Soybean Ferment Extract, Sodium Hyaluronate, Folic Acid, Aloe Barbadensis Leaf Juice.<\/p>\n","protected":false},"excerpt":{"rendered":"<p><strong data-start=\"79\" data-end=\"130\">Valomasis gelis su Jeju botaniniais ekstraktais<\/strong><br data-start=\"130\" data-end=\"133\" \/>\u0160velnios formul\u0117s gelinis veido prausiklis su neutralia pH 6,5 terpe padeda efektyviai pa\u0161alinti ne\u0161varumus, makia\u017eo liku\u010dius ir perteklin\u012f sebum\u0105. Praturtintas Jeju augal\u0173 kompleksu, pasi\u017eymin\u010diu antibakterin\u0117mis ir antioksidacin\u0117mis savyb\u0117mis, \u0161is prausiklis \u0161viesina, valo poras bei suteikia odai gaivos poj\u016bt\u012f.<\/p>\n","protected":false},"featured_media":54157,"template":"","meta":[],"product_brand":[1318],"product_cat":[562,537,728],"product_tag":[1625],"class_list":{"0":"post-54156","1":"product","2":"type-product","3":"status-publish","4":"has-post-thumbnail","6":"product_brand-the-pure-lotus","7":"product_cat-sandelio-valymas","8":"product_cat-veido-valymo-priemones","9":"product_cat-veidui","10":"product_tag-the-pure-lotus","12":"first","13":"outofstock","14":"sale","15":"taxable","16":"shipping-taxable","17":"purchasable","18":"product-type-simple"},"yoast_head":"<!-- This site is optimized with the Yoast SEO plugin v27.4 - https:\/\/yoast.com\/product\/yoast-seo-wordpress\/ -->\n<title>THE PURE LOTUS prausiklis Jeju Botanical pH, 200ml - MalinaShop.lt J\u016bs\u0173 sveikatai ir gro\u017eiui.<\/title>\n<meta name=\"description\" content=\"Valomasis gelis su Jeju botaniniais ekstraktais\u0160velnios formul\u0117s gelinis veido prausiklis su neutralia pH 6,5 terpe padeda efektyviai pa\u0161alinti ne\u0161varumus, makia\u017eo liku\u010dius ir perteklin\u012f sebum\u0105. Praturtintas Jeju augal\u0173 kompleksu, pasi\u017eymin\u010diu antibakterin\u0117mis ir antioksidacin\u0117mis savyb\u0117mis, \u0161is prausiklis \u0161viesina, valo poras bei suteikia odai gaivos poj\u016bt\u012f. Veido prausiklis su Jeju botaninio komplekso ekstraktu \u2013 \u0161velni, pH neutrali formul\u0117 vis\u0173 tip\u0173 odai. Giliai valo, skaistina, ramina.\" \/>\n<meta name=\"robots\" content=\"index, follow, max-snippet:-1, max-image-preview:large, max-video-preview:-1\" \/>\n<link rel=\"canonical\" href=\"https:\/\/www.malinashop.lt\/lt_lt\/shop\/the-pure-lotus-prausiklis-jeju-botanical-ph-200ml\/\" \/>\n<meta property=\"og:locale\" content=\"lt_LT\" \/>\n<meta property=\"og:type\" content=\"article\" \/>\n<meta property=\"og:title\" content=\"THE PURE LOTUS prausiklis Jeju Botanical pH, 200ml - MalinaShop.lt J\u016bs\u0173 sveikatai ir gro\u017eiui.\" \/>\n<meta property=\"og:description\" content=\"Valomasis gelis su Jeju botaniniais ekstraktais\u0160velnios formul\u0117s gelinis veido prausiklis su neutralia pH 6,5 terpe padeda efektyviai pa\u0161alinti ne\u0161varumus, makia\u017eo liku\u010dius ir perteklin\u012f sebum\u0105. Praturtintas Jeju augal\u0173 kompleksu, pasi\u017eymin\u010diu antibakterin\u0117mis ir antioksidacin\u0117mis savyb\u0117mis, \u0161is prausiklis \u0161viesina, valo poras bei suteikia odai gaivos poj\u016bt\u012f. Veido prausiklis su Jeju botaninio komplekso ekstraktu \u2013 \u0161velni, pH neutrali formul\u0117 vis\u0173 tip\u0173 odai. Giliai valo, skaistina, ramina.\" \/>\n<meta property=\"og:url\" content=\"https:\/\/www.malinashop.lt\/lt_lt\/shop\/the-pure-lotus-prausiklis-jeju-botanical-ph-200ml\/\" \/>\n<meta property=\"og:site_name\" content=\"MalinaShop.lt J\u016bs\u0173 sveikatai ir gro\u017eiui.\" \/>\n<meta property=\"article:modified_time\" content=\"2026-02-10T10:13:58+00:00\" \/>\n<meta property=\"og:image\" content=\"https:\/\/www.malinashop.lt\/wp-content\/uploads\/2025\/04\/THE-PURE-LOTUS-prausiklis-Jeju-Botanical-pH-200ml.webp\" \/>\n\t<meta property=\"og:image:width\" content=\"1000\" \/>\n\t<meta property=\"og:image:height\" content=\"1000\" \/>\n\t<meta property=\"og:image:type\" content=\"image\/webp\" \/>\n<meta name=\"twitter:card\" content=\"summary_large_image\" \/>\n<script type=\"application\/ld+json\" class=\"yoast-schema-graph\">{\"@context\":\"https:\\\/\\\/schema.org\",\"@graph\":[{\"@type\":\"WebPage\",\"@id\":\"https:\\\/\\\/www.malinashop.lt\\\/lt_lt\\\/shop\\\/the-pure-lotus-prausiklis-jeju-botanical-ph-200ml\\\/\",\"url\":\"https:\\\/\\\/www.malinashop.lt\\\/lt_lt\\\/shop\\\/the-pure-lotus-prausiklis-jeju-botanical-ph-200ml\\\/\",\"name\":\"THE PURE LOTUS prausiklis Jeju Botanical pH, 200ml - MalinaShop.lt J\u016bs\u0173 sveikatai ir gro\u017eiui.\",\"isPartOf\":{\"@id\":\"https:\\\/\\\/www.malinashop.lt\\\/en\\\/#website\"},\"primaryImageOfPage\":{\"@id\":\"https:\\\/\\\/www.malinashop.lt\\\/lt_lt\\\/shop\\\/the-pure-lotus-prausiklis-jeju-botanical-ph-200ml\\\/#primaryimage\"},\"image\":{\"@id\":\"https:\\\/\\\/www.malinashop.lt\\\/lt_lt\\\/shop\\\/the-pure-lotus-prausiklis-jeju-botanical-ph-200ml\\\/#primaryimage\"},\"thumbnailUrl\":\"https:\\\/\\\/www.malinashop.lt\\\/wp-content\\\/uploads\\\/2025\\\/04\\\/THE-PURE-LOTUS-prausiklis-Jeju-Botanical-pH-200ml.webp\",\"datePublished\":\"2025-04-14T10:33:39+00:00\",\"dateModified\":\"2026-02-10T10:13:58+00:00\",\"description\":\"Valomasis gelis su Jeju botaniniais ekstraktais\u0160velnios formul\u0117s gelinis veido prausiklis su neutralia pH 6,5 terpe padeda efektyviai pa\u0161alinti ne\u0161varumus, makia\u017eo liku\u010dius ir perteklin\u012f sebum\u0105. Praturtintas Jeju augal\u0173 kompleksu, pasi\u017eymin\u010diu antibakterin\u0117mis ir antioksidacin\u0117mis savyb\u0117mis, \u0161is prausiklis \u0161viesina, valo poras bei suteikia odai gaivos poj\u016bt\u012f. Veido prausiklis su Jeju botaninio komplekso ekstraktu \u2013 \u0161velni, pH neutrali formul\u0117 vis\u0173 tip\u0173 odai. Giliai valo, skaistina, ramina.\",\"breadcrumb\":{\"@id\":\"https:\\\/\\\/www.malinashop.lt\\\/lt_lt\\\/shop\\\/the-pure-lotus-prausiklis-jeju-botanical-ph-200ml\\\/#breadcrumb\"},\"inLanguage\":\"lt-LT\",\"potentialAction\":[{\"@type\":\"ReadAction\",\"target\":[\"https:\\\/\\\/www.malinashop.lt\\\/lt_lt\\\/shop\\\/the-pure-lotus-prausiklis-jeju-botanical-ph-200ml\\\/\"]}]},{\"@type\":\"ImageObject\",\"inLanguage\":\"lt-LT\",\"@id\":\"https:\\\/\\\/www.malinashop.lt\\\/lt_lt\\\/shop\\\/the-pure-lotus-prausiklis-jeju-botanical-ph-200ml\\\/#primaryimage\",\"url\":\"https:\\\/\\\/www.malinashop.lt\\\/wp-content\\\/uploads\\\/2025\\\/04\\\/THE-PURE-LOTUS-prausiklis-Jeju-Botanical-pH-200ml.webp\",\"contentUrl\":\"https:\\\/\\\/www.malinashop.lt\\\/wp-content\\\/uploads\\\/2025\\\/04\\\/THE-PURE-LOTUS-prausiklis-Jeju-Botanical-pH-200ml.webp\",\"width\":1000,\"height\":1000},{\"@type\":\"BreadcrumbList\",\"@id\":\"https:\\\/\\\/www.malinashop.lt\\\/lt_lt\\\/shop\\\/the-pure-lotus-prausiklis-jeju-botanical-ph-200ml\\\/#breadcrumb\",\"itemListElement\":[{\"@type\":\"ListItem\",\"position\":1,\"name\":\"Home\",\"item\":\"https:\\\/\\\/www.malinashop.lt\\\/en\\\/\"},{\"@type\":\"ListItem\",\"position\":2,\"name\":\"Parduotuv\u0117\",\"item\":\"https:\\\/\\\/www.malinashop.lt\\\/en\\\/parduotuve\\\/\"},{\"@type\":\"ListItem\",\"position\":3,\"name\":\"THE PURE LOTUS prausiklis Jeju Botanical pH, 200ml\"}]},{\"@type\":\"WebSite\",\"@id\":\"https:\\\/\\\/www.malinashop.lt\\\/en\\\/#website\",\"url\":\"https:\\\/\\\/www.malinashop.lt\\\/en\\\/\",\"name\":\"COM Group Ecommerce\",\"description\":\"MalinaShop.lt - Gro\u017eio ir sveikatos produktai i\u0161 patikim\u0173 preki\u0173 \u017eenkl\u0173. Atraskite auk\u0161tos kokyb\u0117s kosmetik\u0105 u\u017e puiki\u0105 kain\u0105.\",\"publisher\":{\"@id\":\"https:\\\/\\\/www.malinashop.lt\\\/en\\\/#organization\"},\"potentialAction\":[{\"@type\":\"SearchAction\",\"target\":{\"@type\":\"EntryPoint\",\"urlTemplate\":\"https:\\\/\\\/www.malinashop.lt\\\/en\\\/?s={search_term_string}\"},\"query-input\":{\"@type\":\"PropertyValueSpecification\",\"valueRequired\":true,\"valueName\":\"search_term_string\"}}],\"inLanguage\":\"lt-LT\"},{\"@type\":\"Organization\",\"@id\":\"https:\\\/\\\/www.malinashop.lt\\\/en\\\/#organization\",\"name\":\"COM Group Ecommerce\",\"url\":\"https:\\\/\\\/www.malinashop.lt\\\/en\\\/\",\"logo\":{\"@type\":\"ImageObject\",\"inLanguage\":\"lt-LT\",\"@id\":\"https:\\\/\\\/www.malinashop.lt\\\/en\\\/#\\\/schema\\\/logo\\\/image\\\/\",\"url\":\"https:\\\/\\\/www.malinashop.lt\\\/wp-content\\\/uploads\\\/2024\\\/08\\\/462559670_3787732518133670_9795632669273463_n-e1731525914575.png\",\"contentUrl\":\"https:\\\/\\\/www.malinashop.lt\\\/wp-content\\\/uploads\\\/2024\\\/08\\\/462559670_3787732518133670_9795632669273463_n-e1731525914575.png\",\"width\":180,\"height\":60,\"caption\":\"COM Group Ecommerce\"},\"image\":{\"@id\":\"https:\\\/\\\/www.malinashop.lt\\\/en\\\/#\\\/schema\\\/logo\\\/image\\\/\"}}]}<\/script>\n<!-- \/ Yoast SEO plugin. -->","yoast_head_json":{"title":"THE PURE LOTUS prausiklis Jeju Botanical pH, 200ml - MalinaShop.lt J\u016bs\u0173 sveikatai ir gro\u017eiui.","description":"Valomasis gelis su Jeju botaniniais ekstraktais\u0160velnios formul\u0117s gelinis veido prausiklis su neutralia pH 6,5 terpe padeda efektyviai pa\u0161alinti ne\u0161varumus, makia\u017eo liku\u010dius ir perteklin\u012f sebum\u0105. Praturtintas Jeju augal\u0173 kompleksu, pasi\u017eymin\u010diu antibakterin\u0117mis ir antioksidacin\u0117mis savyb\u0117mis, \u0161is prausiklis \u0161viesina, valo poras bei suteikia odai gaivos poj\u016bt\u012f. Veido prausiklis su Jeju botaninio komplekso ekstraktu \u2013 \u0161velni, pH neutrali formul\u0117 vis\u0173 tip\u0173 odai. Giliai valo, skaistina, ramina.","robots":{"index":"index","follow":"follow","max-snippet":"max-snippet:-1","max-image-preview":"max-image-preview:large","max-video-preview":"max-video-preview:-1"},"canonical":"https:\/\/www.malinashop.lt\/lt_lt\/shop\/the-pure-lotus-prausiklis-jeju-botanical-ph-200ml\/","og_locale":"lt_LT","og_type":"article","og_title":"THE PURE LOTUS prausiklis Jeju Botanical pH, 200ml - MalinaShop.lt J\u016bs\u0173 sveikatai ir gro\u017eiui.","og_description":"Valomasis gelis su Jeju botaniniais ekstraktais\u0160velnios formul\u0117s gelinis veido prausiklis su neutralia pH 6,5 terpe padeda efektyviai pa\u0161alinti ne\u0161varumus, makia\u017eo liku\u010dius ir perteklin\u012f sebum\u0105. Praturtintas Jeju augal\u0173 kompleksu, pasi\u017eymin\u010diu antibakterin\u0117mis ir antioksidacin\u0117mis savyb\u0117mis, \u0161is prausiklis \u0161viesina, valo poras bei suteikia odai gaivos poj\u016bt\u012f. Veido prausiklis su Jeju botaninio komplekso ekstraktu \u2013 \u0161velni, pH neutrali formul\u0117 vis\u0173 tip\u0173 odai. Giliai valo, skaistina, ramina.","og_url":"https:\/\/www.malinashop.lt\/lt_lt\/shop\/the-pure-lotus-prausiklis-jeju-botanical-ph-200ml\/","og_site_name":"MalinaShop.lt J\u016bs\u0173 sveikatai ir gro\u017eiui.","article_modified_time":"2026-02-10T10:13:58+00:00","og_image":[{"width":1000,"height":1000,"url":"https:\/\/www.malinashop.lt\/wp-content\/uploads\/2025\/04\/THE-PURE-LOTUS-prausiklis-Jeju-Botanical-pH-200ml.webp","type":"image\/webp"}],"twitter_card":"summary_large_image","schema":{"@context":"https:\/\/schema.org","@graph":[{"@type":"WebPage","@id":"https:\/\/www.malinashop.lt\/lt_lt\/shop\/the-pure-lotus-prausiklis-jeju-botanical-ph-200ml\/","url":"https:\/\/www.malinashop.lt\/lt_lt\/shop\/the-pure-lotus-prausiklis-jeju-botanical-ph-200ml\/","name":"THE PURE LOTUS prausiklis Jeju Botanical pH, 200ml - MalinaShop.lt J\u016bs\u0173 sveikatai ir gro\u017eiui.","isPartOf":{"@id":"https:\/\/www.malinashop.lt\/en\/#website"},"primaryImageOfPage":{"@id":"https:\/\/www.malinashop.lt\/lt_lt\/shop\/the-pure-lotus-prausiklis-jeju-botanical-ph-200ml\/#primaryimage"},"image":{"@id":"https:\/\/www.malinashop.lt\/lt_lt\/shop\/the-pure-lotus-prausiklis-jeju-botanical-ph-200ml\/#primaryimage"},"thumbnailUrl":"https:\/\/www.malinashop.lt\/wp-content\/uploads\/2025\/04\/THE-PURE-LOTUS-prausiklis-Jeju-Botanical-pH-200ml.webp","datePublished":"2025-04-14T10:33:39+00:00","dateModified":"2026-02-10T10:13:58+00:00","description":"Valomasis gelis su Jeju botaniniais ekstraktais\u0160velnios formul\u0117s gelinis veido prausiklis su neutralia pH 6,5 terpe padeda efektyviai pa\u0161alinti ne\u0161varumus, makia\u017eo liku\u010dius ir perteklin\u012f sebum\u0105. Praturtintas Jeju augal\u0173 kompleksu, pasi\u017eymin\u010diu antibakterin\u0117mis ir antioksidacin\u0117mis savyb\u0117mis, \u0161is prausiklis \u0161viesina, valo poras bei suteikia odai gaivos poj\u016bt\u012f. Veido prausiklis su Jeju botaninio komplekso ekstraktu \u2013 \u0161velni, pH neutrali formul\u0117 vis\u0173 tip\u0173 odai. Giliai valo, skaistina, ramina.","breadcrumb":{"@id":"https:\/\/www.malinashop.lt\/lt_lt\/shop\/the-pure-lotus-prausiklis-jeju-botanical-ph-200ml\/#breadcrumb"},"inLanguage":"lt-LT","potentialAction":[{"@type":"ReadAction","target":["https:\/\/www.malinashop.lt\/lt_lt\/shop\/the-pure-lotus-prausiklis-jeju-botanical-ph-200ml\/"]}]},{"@type":"ImageObject","inLanguage":"lt-LT","@id":"https:\/\/www.malinashop.lt\/lt_lt\/shop\/the-pure-lotus-prausiklis-jeju-botanical-ph-200ml\/#primaryimage","url":"https:\/\/www.malinashop.lt\/wp-content\/uploads\/2025\/04\/THE-PURE-LOTUS-prausiklis-Jeju-Botanical-pH-200ml.webp","contentUrl":"https:\/\/www.malinashop.lt\/wp-content\/uploads\/2025\/04\/THE-PURE-LOTUS-prausiklis-Jeju-Botanical-pH-200ml.webp","width":1000,"height":1000},{"@type":"BreadcrumbList","@id":"https:\/\/www.malinashop.lt\/lt_lt\/shop\/the-pure-lotus-prausiklis-jeju-botanical-ph-200ml\/#breadcrumb","itemListElement":[{"@type":"ListItem","position":1,"name":"Home","item":"https:\/\/www.malinashop.lt\/en\/"},{"@type":"ListItem","position":2,"name":"Parduotuv\u0117","item":"https:\/\/www.malinashop.lt\/en\/parduotuve\/"},{"@type":"ListItem","position":3,"name":"THE PURE LOTUS prausiklis Jeju Botanical pH, 200ml"}]},{"@type":"WebSite","@id":"https:\/\/www.malinashop.lt\/en\/#website","url":"https:\/\/www.malinashop.lt\/en\/","name":"COM Group Ecommerce","description":"MalinaShop.lt - Gro\u017eio ir sveikatos produktai i\u0161 patikim\u0173 preki\u0173 \u017eenkl\u0173. Atraskite auk\u0161tos kokyb\u0117s kosmetik\u0105 u\u017e puiki\u0105 kain\u0105.","publisher":{"@id":"https:\/\/www.malinashop.lt\/en\/#organization"},"potentialAction":[{"@type":"SearchAction","target":{"@type":"EntryPoint","urlTemplate":"https:\/\/www.malinashop.lt\/en\/?s={search_term_string}"},"query-input":{"@type":"PropertyValueSpecification","valueRequired":true,"valueName":"search_term_string"}}],"inLanguage":"lt-LT"},{"@type":"Organization","@id":"https:\/\/www.malinashop.lt\/en\/#organization","name":"COM Group Ecommerce","url":"https:\/\/www.malinashop.lt\/en\/","logo":{"@type":"ImageObject","inLanguage":"lt-LT","@id":"https:\/\/www.malinashop.lt\/en\/#\/schema\/logo\/image\/","url":"https:\/\/www.malinashop.lt\/wp-content\/uploads\/2024\/08\/462559670_3787732518133670_9795632669273463_n-e1731525914575.png","contentUrl":"https:\/\/www.malinashop.lt\/wp-content\/uploads\/2024\/08\/462559670_3787732518133670_9795632669273463_n-e1731525914575.png","width":180,"height":60,"caption":"COM Group Ecommerce"},"image":{"@id":"https:\/\/www.malinashop.lt\/en\/#\/schema\/logo\/image\/"}}]}},"jetpack_sharing_enabled":true,"_links":{"self":[{"href":"https:\/\/www.malinashop.lt\/lt_lt\/wp-json\/wp\/v2\/product\/54156","targetHints":{"allow":["GET"]}}],"collection":[{"href":"https:\/\/www.malinashop.lt\/lt_lt\/wp-json\/wp\/v2\/product"}],"about":[{"href":"https:\/\/www.malinashop.lt\/lt_lt\/wp-json\/wp\/v2\/types\/product"}],"version-history":[{"count":1,"href":"https:\/\/www.malinashop.lt\/lt_lt\/wp-json\/wp\/v2\/product\/54156\/revisions"}],"predecessor-version":[{"id":54158,"href":"https:\/\/www.malinashop.lt\/lt_lt\/wp-json\/wp\/v2\/product\/54156\/revisions\/54158"}],"wp:featuredmedia":[{"embeddable":true,"href":"https:\/\/www.malinashop.lt\/lt_lt\/wp-json\/wp\/v2\/media\/54157"}],"wp:attachment":[{"href":"https:\/\/www.malinashop.lt\/lt_lt\/wp-json\/wp\/v2\/media?parent=54156"}],"wp:term":[{"taxonomy":"product_brand","embeddable":true,"href":"https:\/\/www.malinashop.lt\/lt_lt\/wp-json\/wp\/v2\/product_brand?post=54156"},{"taxonomy":"product_cat","embeddable":true,"href":"https:\/\/www.malinashop.lt\/lt_lt\/wp-json\/wp\/v2\/product_cat?post=54156"},{"taxonomy":"product_tag","embeddable":true,"href":"https:\/\/www.malinashop.lt\/lt_lt\/wp-json\/wp\/v2\/product_tag?post=54156"}],"curies":[{"name":"wp","href":"https:\/\/api.w.org\/{rel}","templated":true}]}}