{"id":50377,"date":"2025-03-18T13:36:41","date_gmt":"2025-03-18T10:36:41","guid":{"rendered":"https:\/\/malinashop.lt\/?post_type=product&#038;p=50377"},"modified":"2026-04-08T00:33:03","modified_gmt":"2026-04-07T21:33:03","slug":"bandomasis-rinkinys-svytinciai-odai-inika-organic","status":"publish","type":"product","link":"https:\/\/www.malinashop.lt\/lt_lt\/shop\/bandomasis-rinkinys-svytinciai-odai-inika-organic\/","title":{"rendered":"BANDOMASIS RINKINYS \u0160VYTIN\u010cIAI ODAI INIKA ORGANIC"},"content":{"rendered":"<p class=\"\" data-start=\"46\" data-end=\"260\">\u0160is Phytofuse Renew\u2122 odos prie\u017ei\u016bros rinkinys yra puikus pasirinkimas tiems, kurie siekia atgaivinti ir jaunatv\u0117s od\u0105. Rinkin\u012f sudaro keturios auk\u0161tos kokyb\u0117s priemon\u0117s, kurios pad\u0117s pasiekti tobul\u0105 odos prie\u017ei\u016br\u0105:<\/p>\n<ol data-start=\"262\" data-end=\"989\">\n<li class=\"\" data-start=\"262\" data-end=\"458\">\n<p class=\"\" data-start=\"265\" data-end=\"458\"><strong data-start=\"265\" data-end=\"313\">Phytofuse Renew\u2122 Kreminis Prausiklis (10 ml)<\/strong> \u2013 \u0160is \u0161velnus prausiklis efektyviai pa\u0161alina ne\u0161varumus ir makia\u017e\u0105, tuo pa\u010diu dr\u0117kindamas ir \u0161velnindamas od\u0105, nesukeliant sausumo ar dirginimo.<\/p>\n<\/li>\n<li class=\"\" data-start=\"463\" data-end=\"653\">\n<p class=\"\" data-start=\"466\" data-end=\"653\"><strong data-start=\"466\" data-end=\"510\">Phytofuse Renew\u2122 Dieninis Kremas (10 ml)<\/strong> \u2013 Kremas, sukurtas suteikti odai dr\u0117gm\u0117s ir apsaugoti j\u0105 nuo \u017ealing\u0173 aplinkos veiksni\u0173, padeda i\u0161laikyti jaunatvi\u0161k\u0105 odos i\u0161vaizd\u0105 vis\u0105 dien\u0105.<\/p>\n<\/li>\n<li class=\"\" data-start=\"655\" data-end=\"803\">\n<p class=\"\" data-start=\"658\" data-end=\"803\"><strong data-start=\"658\" data-end=\"695\">Phytofuse Renew\u2122 Serumas (1.5 ml)<\/strong> \u2013 Koncentruotas serumas, kuris intensyviai maitina ir atnaujina od\u0105, gerinant jos strukt\u016br\u0105 ir elastingum\u0105.<\/p>\n<\/li>\n<li class=\"\" data-start=\"805\" data-end=\"989\">\n<p class=\"\" data-start=\"808\" data-end=\"989\"><strong data-start=\"808\" data-end=\"852\">Phytofuse Renew\u2122 Naktinis Kremas (10 ml)<\/strong> \u2013 Naktinis kremas, skirtas regeneracijai ir atsinaujinimui per nakt\u012f, padeda sustiprinti odos barjer\u0105 ir u\u017etikrinti ilgalaik\u012f dr\u0117kinim\u0105.<\/p>\n<\/li>\n<\/ol>\n<p class=\"\" data-start=\"991\" data-end=\"1107\">\u0160is rinkinys tinka vis\u0173 tip\u0173 odai ir suteikia galing\u0105 antioksidantin\u012f poveik\u012f, u\u017etikrindamas odos sveikat\u0105 ir gro\u017e\u012f.<\/p>\n<div class=\"c-product__col-1\">\n<div class=\"js-sticky-sidebar-nearby\">\n<div class=\"c-product__tabs woocommerce-tabs wc-tabs-wrapper c-product__tabs--desktop\">\n<div id=\"tab-description\" class=\"c-product__tabs-panel woocommerce-Tabs-panel woocommerce-Tabs-panel--description panel entry-content wc-tab current visible\" role=\"tabpanel\" aria-labelledby=\"tab-title-description\">\n<p data-start=\"609\" data-end=\"701\">\n<\/div>\n<\/div>\n<\/div>\n<\/div>\n","protected":false},"excerpt":{"rendered":"<p>\u0160is Phytofuse Renew\u2122 odos prie\u017ei\u016bros rinkinys yra puikus pasirinkimas tiems, kurie siekia atgaivinti ir jaunatv\u0117s od\u0105. Rinkin\u012f sudaro keturios auk\u0161tos kokyb\u0117s priemon\u0117s,&hellip;<\/p>\n","protected":false},"featured_media":45784,"template":"","meta":[],"product_brand":[1306],"product_cat":[1137,562,728],"product_tag":[1606],"class_list":{"0":"post-50377","1":"product","2":"type-product","3":"status-publish","4":"has-post-thumbnail","6":"product_brand-inika","7":"product_cat-dovanos","8":"product_cat-sandelio-valymas","9":"product_cat-veidui","10":"product_tag-inika","12":"first","13":"instock","14":"sale","15":"taxable","16":"shipping-taxable","17":"purchasable","18":"product-type-simple"},"yoast_head":"<!-- This site is optimized with the Yoast SEO plugin v27.4 - https:\/\/yoast.com\/product\/yoast-seo-wordpress\/ -->\n<title>BANDOMASIS RINKINYS \u0160VYTIN\u010cIAI ODAI INIKA ORGANIC - MalinaShop.lt J\u016bs\u0173 sveikatai ir gro\u017eiui.<\/title>\n<meta name=\"description\" content=\"Phytofuse Renew\u2122 odos prie\u017ei\u016bros rinkinys su prausikliu, dieniniu ir naktiniu kremu bei serumu padeda atgaivinti ir jauninti od\u0105, u\u017etikrinant dr\u0117kinim\u0105 ir apsaug\u0105.\" \/>\n<meta name=\"robots\" content=\"index, follow, max-snippet:-1, max-image-preview:large, max-video-preview:-1\" \/>\n<link rel=\"canonical\" href=\"https:\/\/www.malinashop.lt\/lt_lt\/shop\/bandomasis-rinkinys-svytinciai-odai-inika-organic\/\" \/>\n<meta property=\"og:locale\" content=\"lt_LT\" \/>\n<meta property=\"og:type\" content=\"article\" \/>\n<meta property=\"og:title\" content=\"BANDOMASIS RINKINYS \u0160VYTIN\u010cIAI ODAI INIKA ORGANIC - MalinaShop.lt J\u016bs\u0173 sveikatai ir gro\u017eiui.\" \/>\n<meta property=\"og:description\" content=\"Phytofuse Renew\u2122 odos prie\u017ei\u016bros rinkinys su prausikliu, dieniniu ir naktiniu kremu bei serumu padeda atgaivinti ir jauninti od\u0105, u\u017etikrinant dr\u0117kinim\u0105 ir apsaug\u0105.\" \/>\n<meta property=\"og:url\" content=\"https:\/\/www.malinashop.lt\/lt_lt\/shop\/bandomasis-rinkinys-svytinciai-odai-inika-organic\/\" \/>\n<meta property=\"og:site_name\" content=\"MalinaShop.lt J\u016bs\u0173 sveikatai ir gro\u017eiui.\" \/>\n<meta property=\"article:modified_time\" content=\"2026-04-07T21:33:03+00:00\" \/>\n<meta property=\"og:image\" content=\"https:\/\/www.malinashop.lt\/wp-content\/uploads\/2025\/03\/inika-bandomasis-rinkinys-svytinciai-odai-202205111539480.png\" \/>\n\t<meta property=\"og:image:width\" content=\"500\" \/>\n\t<meta property=\"og:image:height\" content=\"500\" \/>\n\t<meta property=\"og:image:type\" content=\"image\/png\" \/>\n<meta name=\"twitter:card\" content=\"summary_large_image\" \/>\n<script type=\"application\/ld+json\" class=\"yoast-schema-graph\">{\"@context\":\"https:\\\/\\\/schema.org\",\"@graph\":[{\"@type\":\"WebPage\",\"@id\":\"https:\\\/\\\/www.malinashop.lt\\\/lt_lt\\\/shop\\\/bandomasis-rinkinys-svytinciai-odai-inika-organic\\\/\",\"url\":\"https:\\\/\\\/www.malinashop.lt\\\/lt_lt\\\/shop\\\/bandomasis-rinkinys-svytinciai-odai-inika-organic\\\/\",\"name\":\"BANDOMASIS RINKINYS \u0160VYTIN\u010cIAI ODAI INIKA ORGANIC - MalinaShop.lt J\u016bs\u0173 sveikatai ir gro\u017eiui.\",\"isPartOf\":{\"@id\":\"https:\\\/\\\/www.malinashop.lt\\\/#website\"},\"primaryImageOfPage\":{\"@id\":\"https:\\\/\\\/www.malinashop.lt\\\/lt_lt\\\/shop\\\/bandomasis-rinkinys-svytinciai-odai-inika-organic\\\/#primaryimage\"},\"image\":{\"@id\":\"https:\\\/\\\/www.malinashop.lt\\\/lt_lt\\\/shop\\\/bandomasis-rinkinys-svytinciai-odai-inika-organic\\\/#primaryimage\"},\"thumbnailUrl\":\"https:\\\/\\\/www.malinashop.lt\\\/wp-content\\\/uploads\\\/2025\\\/03\\\/inika-bandomasis-rinkinys-svytinciai-odai-202205111539480.png\",\"datePublished\":\"2025-03-18T10:36:41+00:00\",\"dateModified\":\"2026-04-07T21:33:03+00:00\",\"description\":\"Phytofuse Renew\u2122 odos prie\u017ei\u016bros rinkinys su prausikliu, dieniniu ir naktiniu kremu bei serumu padeda atgaivinti ir jauninti od\u0105, u\u017etikrinant dr\u0117kinim\u0105 ir apsaug\u0105.\",\"breadcrumb\":{\"@id\":\"https:\\\/\\\/www.malinashop.lt\\\/lt_lt\\\/shop\\\/bandomasis-rinkinys-svytinciai-odai-inika-organic\\\/#breadcrumb\"},\"inLanguage\":\"lt-LT\",\"potentialAction\":[{\"@type\":\"ReadAction\",\"target\":[\"https:\\\/\\\/www.malinashop.lt\\\/lt_lt\\\/shop\\\/bandomasis-rinkinys-svytinciai-odai-inika-organic\\\/\"]}]},{\"@type\":\"ImageObject\",\"inLanguage\":\"lt-LT\",\"@id\":\"https:\\\/\\\/www.malinashop.lt\\\/lt_lt\\\/shop\\\/bandomasis-rinkinys-svytinciai-odai-inika-organic\\\/#primaryimage\",\"url\":\"https:\\\/\\\/www.malinashop.lt\\\/wp-content\\\/uploads\\\/2025\\\/03\\\/inika-bandomasis-rinkinys-svytinciai-odai-202205111539480.png\",\"contentUrl\":\"https:\\\/\\\/www.malinashop.lt\\\/wp-content\\\/uploads\\\/2025\\\/03\\\/inika-bandomasis-rinkinys-svytinciai-odai-202205111539480.png\",\"width\":500,\"height\":500},{\"@type\":\"BreadcrumbList\",\"@id\":\"https:\\\/\\\/www.malinashop.lt\\\/lt_lt\\\/shop\\\/bandomasis-rinkinys-svytinciai-odai-inika-organic\\\/#breadcrumb\",\"itemListElement\":[{\"@type\":\"ListItem\",\"position\":1,\"name\":\"Pagrindinis\",\"item\":\"https:\\\/\\\/www.malinashop.lt\\\/\"},{\"@type\":\"ListItem\",\"position\":2,\"name\":\"Parduotuv\u0117\",\"item\":\"https:\\\/\\\/www.malinashop.lt\\\/en\\\/parduotuve\\\/\"},{\"@type\":\"ListItem\",\"position\":3,\"name\":\"BANDOMASIS RINKINYS \u0160VYTIN\u010cIAI ODAI INIKA ORGANIC\"}]},{\"@type\":\"WebSite\",\"@id\":\"https:\\\/\\\/www.malinashop.lt\\\/#website\",\"url\":\"https:\\\/\\\/www.malinashop.lt\\\/\",\"name\":\"COM Group Ecommerce\",\"description\":\"MalinaShop.lt - Gro\u017eio ir sveikatos produktai i\u0161 patikim\u0173 preki\u0173 \u017eenkl\u0173. Atraskite auk\u0161tos kokyb\u0117s kosmetik\u0105 u\u017e puiki\u0105 kain\u0105.\",\"publisher\":{\"@id\":\"https:\\\/\\\/www.malinashop.lt\\\/#organization\"},\"potentialAction\":[{\"@type\":\"SearchAction\",\"target\":{\"@type\":\"EntryPoint\",\"urlTemplate\":\"https:\\\/\\\/www.malinashop.lt\\\/?s={search_term_string}\"},\"query-input\":{\"@type\":\"PropertyValueSpecification\",\"valueRequired\":true,\"valueName\":\"search_term_string\"}}],\"inLanguage\":\"lt-LT\"},{\"@type\":\"Organization\",\"@id\":\"https:\\\/\\\/www.malinashop.lt\\\/#organization\",\"name\":\"COM Group Ecommerce\",\"url\":\"https:\\\/\\\/www.malinashop.lt\\\/\",\"logo\":{\"@type\":\"ImageObject\",\"inLanguage\":\"lt-LT\",\"@id\":\"https:\\\/\\\/www.malinashop.lt\\\/#\\\/schema\\\/logo\\\/image\\\/\",\"url\":\"https:\\\/\\\/www.malinashop.lt\\\/wp-content\\\/uploads\\\/2024\\\/08\\\/462559670_3787732518133670_9795632669273463_n-e1731525914575.png\",\"contentUrl\":\"https:\\\/\\\/www.malinashop.lt\\\/wp-content\\\/uploads\\\/2024\\\/08\\\/462559670_3787732518133670_9795632669273463_n-e1731525914575.png\",\"width\":180,\"height\":60,\"caption\":\"COM Group Ecommerce\"},\"image\":{\"@id\":\"https:\\\/\\\/www.malinashop.lt\\\/#\\\/schema\\\/logo\\\/image\\\/\"}}]}<\/script>\n<!-- \/ Yoast SEO plugin. -->","yoast_head_json":{"title":"BANDOMASIS RINKINYS \u0160VYTIN\u010cIAI ODAI INIKA ORGANIC - MalinaShop.lt J\u016bs\u0173 sveikatai ir gro\u017eiui.","description":"Phytofuse Renew\u2122 odos prie\u017ei\u016bros rinkinys su prausikliu, dieniniu ir naktiniu kremu bei serumu padeda atgaivinti ir jauninti od\u0105, u\u017etikrinant dr\u0117kinim\u0105 ir apsaug\u0105.","robots":{"index":"index","follow":"follow","max-snippet":"max-snippet:-1","max-image-preview":"max-image-preview:large","max-video-preview":"max-video-preview:-1"},"canonical":"https:\/\/www.malinashop.lt\/lt_lt\/shop\/bandomasis-rinkinys-svytinciai-odai-inika-organic\/","og_locale":"lt_LT","og_type":"article","og_title":"BANDOMASIS RINKINYS \u0160VYTIN\u010cIAI ODAI INIKA ORGANIC - MalinaShop.lt J\u016bs\u0173 sveikatai ir gro\u017eiui.","og_description":"Phytofuse Renew\u2122 odos prie\u017ei\u016bros rinkinys su prausikliu, dieniniu ir naktiniu kremu bei serumu padeda atgaivinti ir jauninti od\u0105, u\u017etikrinant dr\u0117kinim\u0105 ir apsaug\u0105.","og_url":"https:\/\/www.malinashop.lt\/lt_lt\/shop\/bandomasis-rinkinys-svytinciai-odai-inika-organic\/","og_site_name":"MalinaShop.lt J\u016bs\u0173 sveikatai ir gro\u017eiui.","article_modified_time":"2026-04-07T21:33:03+00:00","og_image":[{"width":500,"height":500,"url":"https:\/\/www.malinashop.lt\/wp-content\/uploads\/2025\/03\/inika-bandomasis-rinkinys-svytinciai-odai-202205111539480.png","type":"image\/png"}],"twitter_card":"summary_large_image","schema":{"@context":"https:\/\/schema.org","@graph":[{"@type":"WebPage","@id":"https:\/\/www.malinashop.lt\/lt_lt\/shop\/bandomasis-rinkinys-svytinciai-odai-inika-organic\/","url":"https:\/\/www.malinashop.lt\/lt_lt\/shop\/bandomasis-rinkinys-svytinciai-odai-inika-organic\/","name":"BANDOMASIS RINKINYS \u0160VYTIN\u010cIAI ODAI INIKA ORGANIC - MalinaShop.lt J\u016bs\u0173 sveikatai ir gro\u017eiui.","isPartOf":{"@id":"https:\/\/www.malinashop.lt\/#website"},"primaryImageOfPage":{"@id":"https:\/\/www.malinashop.lt\/lt_lt\/shop\/bandomasis-rinkinys-svytinciai-odai-inika-organic\/#primaryimage"},"image":{"@id":"https:\/\/www.malinashop.lt\/lt_lt\/shop\/bandomasis-rinkinys-svytinciai-odai-inika-organic\/#primaryimage"},"thumbnailUrl":"https:\/\/www.malinashop.lt\/wp-content\/uploads\/2025\/03\/inika-bandomasis-rinkinys-svytinciai-odai-202205111539480.png","datePublished":"2025-03-18T10:36:41+00:00","dateModified":"2026-04-07T21:33:03+00:00","description":"Phytofuse Renew\u2122 odos prie\u017ei\u016bros rinkinys su prausikliu, dieniniu ir naktiniu kremu bei serumu padeda atgaivinti ir jauninti od\u0105, u\u017etikrinant dr\u0117kinim\u0105 ir apsaug\u0105.","breadcrumb":{"@id":"https:\/\/www.malinashop.lt\/lt_lt\/shop\/bandomasis-rinkinys-svytinciai-odai-inika-organic\/#breadcrumb"},"inLanguage":"lt-LT","potentialAction":[{"@type":"ReadAction","target":["https:\/\/www.malinashop.lt\/lt_lt\/shop\/bandomasis-rinkinys-svytinciai-odai-inika-organic\/"]}]},{"@type":"ImageObject","inLanguage":"lt-LT","@id":"https:\/\/www.malinashop.lt\/lt_lt\/shop\/bandomasis-rinkinys-svytinciai-odai-inika-organic\/#primaryimage","url":"https:\/\/www.malinashop.lt\/wp-content\/uploads\/2025\/03\/inika-bandomasis-rinkinys-svytinciai-odai-202205111539480.png","contentUrl":"https:\/\/www.malinashop.lt\/wp-content\/uploads\/2025\/03\/inika-bandomasis-rinkinys-svytinciai-odai-202205111539480.png","width":500,"height":500},{"@type":"BreadcrumbList","@id":"https:\/\/www.malinashop.lt\/lt_lt\/shop\/bandomasis-rinkinys-svytinciai-odai-inika-organic\/#breadcrumb","itemListElement":[{"@type":"ListItem","position":1,"name":"Pagrindinis","item":"https:\/\/www.malinashop.lt\/"},{"@type":"ListItem","position":2,"name":"Parduotuv\u0117","item":"https:\/\/www.malinashop.lt\/en\/parduotuve\/"},{"@type":"ListItem","position":3,"name":"BANDOMASIS RINKINYS \u0160VYTIN\u010cIAI ODAI INIKA ORGANIC"}]},{"@type":"WebSite","@id":"https:\/\/www.malinashop.lt\/#website","url":"https:\/\/www.malinashop.lt\/","name":"COM Group Ecommerce","description":"MalinaShop.lt - Gro\u017eio ir sveikatos produktai i\u0161 patikim\u0173 preki\u0173 \u017eenkl\u0173. Atraskite auk\u0161tos kokyb\u0117s kosmetik\u0105 u\u017e puiki\u0105 kain\u0105.","publisher":{"@id":"https:\/\/www.malinashop.lt\/#organization"},"potentialAction":[{"@type":"SearchAction","target":{"@type":"EntryPoint","urlTemplate":"https:\/\/www.malinashop.lt\/?s={search_term_string}"},"query-input":{"@type":"PropertyValueSpecification","valueRequired":true,"valueName":"search_term_string"}}],"inLanguage":"lt-LT"},{"@type":"Organization","@id":"https:\/\/www.malinashop.lt\/#organization","name":"COM Group Ecommerce","url":"https:\/\/www.malinashop.lt\/","logo":{"@type":"ImageObject","inLanguage":"lt-LT","@id":"https:\/\/www.malinashop.lt\/#\/schema\/logo\/image\/","url":"https:\/\/www.malinashop.lt\/wp-content\/uploads\/2024\/08\/462559670_3787732518133670_9795632669273463_n-e1731525914575.png","contentUrl":"https:\/\/www.malinashop.lt\/wp-content\/uploads\/2024\/08\/462559670_3787732518133670_9795632669273463_n-e1731525914575.png","width":180,"height":60,"caption":"COM Group Ecommerce"},"image":{"@id":"https:\/\/www.malinashop.lt\/#\/schema\/logo\/image\/"}}]}},"jetpack_sharing_enabled":true,"_links":{"self":[{"href":"https:\/\/www.malinashop.lt\/lt_lt\/wp-json\/wp\/v2\/product\/50377","targetHints":{"allow":["GET"]}}],"collection":[{"href":"https:\/\/www.malinashop.lt\/lt_lt\/wp-json\/wp\/v2\/product"}],"about":[{"href":"https:\/\/www.malinashop.lt\/lt_lt\/wp-json\/wp\/v2\/types\/product"}],"version-history":[{"count":4,"href":"https:\/\/www.malinashop.lt\/lt_lt\/wp-json\/wp\/v2\/product\/50377\/revisions"}],"predecessor-version":[{"id":61014,"href":"https:\/\/www.malinashop.lt\/lt_lt\/wp-json\/wp\/v2\/product\/50377\/revisions\/61014"}],"wp:featuredmedia":[{"embeddable":true,"href":"https:\/\/www.malinashop.lt\/lt_lt\/wp-json\/wp\/v2\/media\/45784"}],"wp:attachment":[{"href":"https:\/\/www.malinashop.lt\/lt_lt\/wp-json\/wp\/v2\/media?parent=50377"}],"wp:term":[{"taxonomy":"product_brand","embeddable":true,"href":"https:\/\/www.malinashop.lt\/lt_lt\/wp-json\/wp\/v2\/product_brand?post=50377"},{"taxonomy":"product_cat","embeddable":true,"href":"https:\/\/www.malinashop.lt\/lt_lt\/wp-json\/wp\/v2\/product_cat?post=50377"},{"taxonomy":"product_tag","embeddable":true,"href":"https:\/\/www.malinashop.lt\/lt_lt\/wp-json\/wp\/v2\/product_tag?post=50377"}],"curies":[{"name":"wp","href":"https:\/\/api.w.org\/{rel}","templated":true}]}}