{"id":50127,"date":"2025-03-18T13:35:55","date_gmt":"2025-03-18T10:35:55","guid":{"rendered":"https:\/\/malinashop.lt\/?post_type=product&#038;p=50127"},"modified":"2026-04-08T00:49:12","modified_gmt":"2026-04-07T21:49:12","slug":"therme-mystic-rose-duso-sveitiklis-200ml","status":"publish","type":"product","link":"https:\/\/www.malinashop.lt\/lt_lt\/shop\/therme-mystic-rose-duso-sveitiklis-200ml\/","title":{"rendered":"THERME Mystic Rose du\u0161o \u0161veitiklis, 200ml"},"content":{"rendered":"<h3 data-start=\"0\" data-end=\"86\"><strong data-start=\"4\" data-end=\"50\">THERME MYSTIC ROSE DU\u0160O \u0160VEITIKLIS, 200 ML<\/strong> \u2013 prabanga ir \u0161velnumas j\u016bs\u0173 odai<\/h3>\n<p data-start=\"88\" data-end=\"406\">THERME <strong data-start=\"95\" data-end=\"110\">Mystic Rose<\/strong> du\u0161o \u0161veitiklis \u2013 tai <strong data-start=\"133\" data-end=\"169\">100% nat\u016bralias \u0161veitimo daleles<\/strong> turinti priemon\u0117, kuri efektyviai pa\u0161alina negyvas odos l\u0105steles, atnaujina od\u0105 ir suteikia jai <strong data-start=\"266\" data-end=\"287\">prabang\u0173 \u0161velnum\u0105<\/strong>. Po naudojimo oda tampa mink\u0161ta, sudr\u0117kinta ir \u0161velniai kvepianti <strong data-start=\"354\" data-end=\"382\">intensyviu ro\u017ei\u0173 aromatu<\/strong>, kuris i\u0161lieka ilgai.<\/p>\n<h3 data-start=\"408\" data-end=\"438\"><strong data-start=\"412\" data-end=\"436\">Pagrindin\u0117s savyb\u0117s:<\/strong><\/h3>\n<p data-start=\"439\" data-end=\"717\">\u2714 <strong data-start=\"441\" data-end=\"477\">100% nat\u016bralios \u0161veitimo dalel\u0117s<\/strong> \u2013 \u0161velniai, bet veiksmingai valo od\u0105<br data-start=\"514\" data-end=\"517\" \/>\u2714 <strong data-start=\"519\" data-end=\"548\">Intensyvus ro\u017ei\u0173 aromatas<\/strong> \u2013 ilgai i\u0161liekantis kvapas<br data-start=\"575\" data-end=\"578\" \/>\u2714 <strong data-start=\"580\" data-end=\"614\">Pa\u0161alina negyvas odos l\u0105steles<\/strong> \u2013 u\u017etikrina lygi\u0105 ir sveik\u0105 od\u0105<br data-start=\"646\" data-end=\"649\" \/>\u2714 <strong data-start=\"651\" data-end=\"676\">Tinka naudoti kasdien<\/strong> \u2013 idealiai tinka bet kokiam odos tipui<\/p>\n<h3 data-start=\"719\" data-end=\"740\"><strong data-start=\"723\" data-end=\"738\">Naudojimas:<\/strong><\/h3>\n<p data-start=\"741\" data-end=\"1028\">\u2714 Sudr\u0117kinkite od\u0105 ir u\u017etepkite nedidel\u012f kiek\u012f \u0161veitiklio.<br data-start=\"799\" data-end=\"802\" \/>\u2714 Masa\u017euokite od\u0105 \u0161velniais sukamaisiais judesiais, ypating\u0105 d\u0117mes\u012f skirdami sausoms vietoms.<br data-start=\"895\" data-end=\"898\" \/>\u2714 Gerai nuplaukite vandeniu.<br data-start=\"926\" data-end=\"929\" \/>\u2714 Po proced\u016bros naudokite <strong data-start=\"955\" data-end=\"983\">k\u016bno losjon\u0105 arba aliej\u0173<\/strong>, kad oda b\u016bt\u0173 dar \u0161velnesn\u0117 ir pamaitinta.<\/p>\n<p data-start=\"1030\" data-end=\"1063\">\ud83d\udce6 <strong data-start=\"1033\" data-end=\"1061\">I\u0161siuntimas per 2\/4 d.d.<\/strong><\/p>\n<p>Sud\u0117tis:<\/p>\n<p>Aqua, Sodium Coco-Sulfate, Coco-Glucoside, Hydrated Silica, Glycerin, Parfum, Acrylates Crosspolymer-4, Cocamidopropyl Betaine, Styrene\/ Acrylates Copolymer, Stearyl Stearate, Euphorbia Cerifera Cera, Jojoba Esters, Talc, Rosa Damascena Flower Water, Theobroma Cacao Seed Extract, Sodium Chloride, Linalool, Alpha-Isomethyl Ionone, Benzyl Salicylate, Hydroxycitronellal, Citronellol, Sorbic Acid, Sodium Benzoate, Potassium Sorbate, Tetrasodium Iminodisuccinate, Sodium Hydroxide, Citric Acid, CI 16035, CI 17200, CI 42051, CI 73360, CI 77510.<\/p>\n","protected":false},"excerpt":{"rendered":"<p>THERME MYSTIC ROSE DU\u0160O \u0160VEITIKLIS, 200 ML \u2013 prabanga ir \u0161velnumas j\u016bs\u0173 odai THERME Mystic Rose du\u0161o \u0161veitiklis \u2013 tai 100% nat\u016bralias&hellip;<\/p>\n","protected":false},"featured_media":45370,"template":"","meta":[],"product_brand":[1308],"product_cat":[557,731,562],"product_tag":[1626],"class_list":{"0":"post-50127","1":"product","2":"type-product","3":"status-publish","4":"has-post-thumbnail","6":"product_brand-therme","7":"product_cat-kuno-sveitikliai","8":"product_cat-kunui","9":"product_cat-sandelio-valymas","10":"product_tag-therme","12":"first","13":"instock","14":"sale","15":"taxable","16":"shipping-taxable","17":"purchasable","18":"product-type-simple"},"yoast_head":"<!-- This site is optimized with the Yoast SEO plugin v27.4 - https:\/\/yoast.com\/product\/yoast-seo-wordpress\/ -->\n<title>THERME Mystic Rose du\u0161o \u0161veitiklis, 200ml - MalinaShop.lt J\u016bs\u0173 sveikatai ir gro\u017eiui.<\/title>\n<meta name=\"description\" content=\"THERME Mystic Rose du\u0161o \u0161veitiklis su 100% nat\u016braliomis \u0161veitimo dalel\u0117mis pa\u0161alina negyvas odos l\u0105steles, suteikia \u0161velnumo ir ilgai i\u0161liekant\u012f ro\u017ei\u0173 aromat\u0105.\" \/>\n<meta name=\"robots\" content=\"index, follow, max-snippet:-1, max-image-preview:large, max-video-preview:-1\" \/>\n<link rel=\"canonical\" href=\"https:\/\/www.malinashop.lt\/lt_lt\/shop\/therme-mystic-rose-duso-sveitiklis-200ml\/\" \/>\n<meta property=\"og:locale\" content=\"lt_LT\" \/>\n<meta property=\"og:type\" content=\"article\" \/>\n<meta property=\"og:title\" content=\"THERME Mystic Rose du\u0161o \u0161veitiklis, 200ml - MalinaShop.lt J\u016bs\u0173 sveikatai ir gro\u017eiui.\" \/>\n<meta property=\"og:description\" content=\"THERME Mystic Rose du\u0161o \u0161veitiklis su 100% nat\u016braliomis \u0161veitimo dalel\u0117mis pa\u0161alina negyvas odos l\u0105steles, suteikia \u0161velnumo ir ilgai i\u0161liekant\u012f ro\u017ei\u0173 aromat\u0105.\" \/>\n<meta property=\"og:url\" content=\"https:\/\/www.malinashop.lt\/lt_lt\/shop\/therme-mystic-rose-duso-sveitiklis-200ml\/\" \/>\n<meta property=\"og:site_name\" content=\"MalinaShop.lt J\u016bs\u0173 sveikatai ir gro\u017eiui.\" \/>\n<meta property=\"article:modified_time\" content=\"2026-04-07T21:49:12+00:00\" \/>\n<meta property=\"og:image\" content=\"https:\/\/www.malinashop.lt\/wp-content\/uploads\/2025\/03\/therme-mystic-rose-kuno-sveitiklis-200-ml.png\" \/>\n\t<meta property=\"og:image:width\" content=\"1500\" \/>\n\t<meta property=\"og:image:height\" content=\"1500\" \/>\n\t<meta property=\"og:image:type\" content=\"image\/png\" \/>\n<meta name=\"twitter:card\" content=\"summary_large_image\" \/>\n<script type=\"application\/ld+json\" class=\"yoast-schema-graph\">{\"@context\":\"https:\\\/\\\/schema.org\",\"@graph\":[{\"@type\":\"WebPage\",\"@id\":\"https:\\\/\\\/www.malinashop.lt\\\/lt_lt\\\/shop\\\/therme-mystic-rose-duso-sveitiklis-200ml\\\/\",\"url\":\"https:\\\/\\\/www.malinashop.lt\\\/lt_lt\\\/shop\\\/therme-mystic-rose-duso-sveitiklis-200ml\\\/\",\"name\":\"THERME Mystic Rose du\u0161o \u0161veitiklis, 200ml - MalinaShop.lt J\u016bs\u0173 sveikatai ir gro\u017eiui.\",\"isPartOf\":{\"@id\":\"https:\\\/\\\/www.malinashop.lt\\\/#website\"},\"primaryImageOfPage\":{\"@id\":\"https:\\\/\\\/www.malinashop.lt\\\/lt_lt\\\/shop\\\/therme-mystic-rose-duso-sveitiklis-200ml\\\/#primaryimage\"},\"image\":{\"@id\":\"https:\\\/\\\/www.malinashop.lt\\\/lt_lt\\\/shop\\\/therme-mystic-rose-duso-sveitiklis-200ml\\\/#primaryimage\"},\"thumbnailUrl\":\"https:\\\/\\\/www.malinashop.lt\\\/wp-content\\\/uploads\\\/2025\\\/03\\\/therme-mystic-rose-kuno-sveitiklis-200-ml.png\",\"datePublished\":\"2025-03-18T10:35:55+00:00\",\"dateModified\":\"2026-04-07T21:49:12+00:00\",\"description\":\"THERME Mystic Rose du\u0161o \u0161veitiklis su 100% nat\u016braliomis \u0161veitimo dalel\u0117mis pa\u0161alina negyvas odos l\u0105steles, suteikia \u0161velnumo ir ilgai i\u0161liekant\u012f ro\u017ei\u0173 aromat\u0105.\",\"breadcrumb\":{\"@id\":\"https:\\\/\\\/www.malinashop.lt\\\/lt_lt\\\/shop\\\/therme-mystic-rose-duso-sveitiklis-200ml\\\/#breadcrumb\"},\"inLanguage\":\"lt-LT\",\"potentialAction\":[{\"@type\":\"ReadAction\",\"target\":[\"https:\\\/\\\/www.malinashop.lt\\\/lt_lt\\\/shop\\\/therme-mystic-rose-duso-sveitiklis-200ml\\\/\"]}]},{\"@type\":\"ImageObject\",\"inLanguage\":\"lt-LT\",\"@id\":\"https:\\\/\\\/www.malinashop.lt\\\/lt_lt\\\/shop\\\/therme-mystic-rose-duso-sveitiklis-200ml\\\/#primaryimage\",\"url\":\"https:\\\/\\\/www.malinashop.lt\\\/wp-content\\\/uploads\\\/2025\\\/03\\\/therme-mystic-rose-kuno-sveitiklis-200-ml.png\",\"contentUrl\":\"https:\\\/\\\/www.malinashop.lt\\\/wp-content\\\/uploads\\\/2025\\\/03\\\/therme-mystic-rose-kuno-sveitiklis-200-ml.png\",\"width\":1500,\"height\":1500},{\"@type\":\"BreadcrumbList\",\"@id\":\"https:\\\/\\\/www.malinashop.lt\\\/lt_lt\\\/shop\\\/therme-mystic-rose-duso-sveitiklis-200ml\\\/#breadcrumb\",\"itemListElement\":[{\"@type\":\"ListItem\",\"position\":1,\"name\":\"Pagrindinis\",\"item\":\"https:\\\/\\\/www.malinashop.lt\\\/\"},{\"@type\":\"ListItem\",\"position\":2,\"name\":\"Parduotuv\u0117\",\"item\":\"https:\\\/\\\/www.malinashop.lt\\\/en\\\/parduotuve\\\/\"},{\"@type\":\"ListItem\",\"position\":3,\"name\":\"THERME Mystic Rose du\u0161o \u0161veitiklis, 200ml\"}]},{\"@type\":\"WebSite\",\"@id\":\"https:\\\/\\\/www.malinashop.lt\\\/#website\",\"url\":\"https:\\\/\\\/www.malinashop.lt\\\/\",\"name\":\"COM Group Ecommerce\",\"description\":\"MalinaShop.lt - Gro\u017eio ir sveikatos produktai i\u0161 patikim\u0173 preki\u0173 \u017eenkl\u0173. Atraskite auk\u0161tos kokyb\u0117s kosmetik\u0105 u\u017e puiki\u0105 kain\u0105.\",\"publisher\":{\"@id\":\"https:\\\/\\\/www.malinashop.lt\\\/#organization\"},\"potentialAction\":[{\"@type\":\"SearchAction\",\"target\":{\"@type\":\"EntryPoint\",\"urlTemplate\":\"https:\\\/\\\/www.malinashop.lt\\\/?s={search_term_string}\"},\"query-input\":{\"@type\":\"PropertyValueSpecification\",\"valueRequired\":true,\"valueName\":\"search_term_string\"}}],\"inLanguage\":\"lt-LT\"},{\"@type\":\"Organization\",\"@id\":\"https:\\\/\\\/www.malinashop.lt\\\/#organization\",\"name\":\"COM Group Ecommerce\",\"url\":\"https:\\\/\\\/www.malinashop.lt\\\/\",\"logo\":{\"@type\":\"ImageObject\",\"inLanguage\":\"lt-LT\",\"@id\":\"https:\\\/\\\/www.malinashop.lt\\\/#\\\/schema\\\/logo\\\/image\\\/\",\"url\":\"https:\\\/\\\/www.malinashop.lt\\\/wp-content\\\/uploads\\\/2024\\\/08\\\/462559670_3787732518133670_9795632669273463_n-e1731525914575.png\",\"contentUrl\":\"https:\\\/\\\/www.malinashop.lt\\\/wp-content\\\/uploads\\\/2024\\\/08\\\/462559670_3787732518133670_9795632669273463_n-e1731525914575.png\",\"width\":180,\"height\":60,\"caption\":\"COM Group Ecommerce\"},\"image\":{\"@id\":\"https:\\\/\\\/www.malinashop.lt\\\/#\\\/schema\\\/logo\\\/image\\\/\"}}]}<\/script>\n<!-- \/ Yoast SEO plugin. -->","yoast_head_json":{"title":"THERME Mystic Rose du\u0161o \u0161veitiklis, 200ml - MalinaShop.lt J\u016bs\u0173 sveikatai ir gro\u017eiui.","description":"THERME Mystic Rose du\u0161o \u0161veitiklis su 100% nat\u016braliomis \u0161veitimo dalel\u0117mis pa\u0161alina negyvas odos l\u0105steles, suteikia \u0161velnumo ir ilgai i\u0161liekant\u012f ro\u017ei\u0173 aromat\u0105.","robots":{"index":"index","follow":"follow","max-snippet":"max-snippet:-1","max-image-preview":"max-image-preview:large","max-video-preview":"max-video-preview:-1"},"canonical":"https:\/\/www.malinashop.lt\/lt_lt\/shop\/therme-mystic-rose-duso-sveitiklis-200ml\/","og_locale":"lt_LT","og_type":"article","og_title":"THERME Mystic Rose du\u0161o \u0161veitiklis, 200ml - MalinaShop.lt J\u016bs\u0173 sveikatai ir gro\u017eiui.","og_description":"THERME Mystic Rose du\u0161o \u0161veitiklis su 100% nat\u016braliomis \u0161veitimo dalel\u0117mis pa\u0161alina negyvas odos l\u0105steles, suteikia \u0161velnumo ir ilgai i\u0161liekant\u012f ro\u017ei\u0173 aromat\u0105.","og_url":"https:\/\/www.malinashop.lt\/lt_lt\/shop\/therme-mystic-rose-duso-sveitiklis-200ml\/","og_site_name":"MalinaShop.lt J\u016bs\u0173 sveikatai ir gro\u017eiui.","article_modified_time":"2026-04-07T21:49:12+00:00","og_image":[{"width":1500,"height":1500,"url":"https:\/\/www.malinashop.lt\/wp-content\/uploads\/2025\/03\/therme-mystic-rose-kuno-sveitiklis-200-ml.png","type":"image\/png"}],"twitter_card":"summary_large_image","schema":{"@context":"https:\/\/schema.org","@graph":[{"@type":"WebPage","@id":"https:\/\/www.malinashop.lt\/lt_lt\/shop\/therme-mystic-rose-duso-sveitiklis-200ml\/","url":"https:\/\/www.malinashop.lt\/lt_lt\/shop\/therme-mystic-rose-duso-sveitiklis-200ml\/","name":"THERME Mystic Rose du\u0161o \u0161veitiklis, 200ml - MalinaShop.lt J\u016bs\u0173 sveikatai ir gro\u017eiui.","isPartOf":{"@id":"https:\/\/www.malinashop.lt\/#website"},"primaryImageOfPage":{"@id":"https:\/\/www.malinashop.lt\/lt_lt\/shop\/therme-mystic-rose-duso-sveitiklis-200ml\/#primaryimage"},"image":{"@id":"https:\/\/www.malinashop.lt\/lt_lt\/shop\/therme-mystic-rose-duso-sveitiklis-200ml\/#primaryimage"},"thumbnailUrl":"https:\/\/www.malinashop.lt\/wp-content\/uploads\/2025\/03\/therme-mystic-rose-kuno-sveitiklis-200-ml.png","datePublished":"2025-03-18T10:35:55+00:00","dateModified":"2026-04-07T21:49:12+00:00","description":"THERME Mystic Rose du\u0161o \u0161veitiklis su 100% nat\u016braliomis \u0161veitimo dalel\u0117mis pa\u0161alina negyvas odos l\u0105steles, suteikia \u0161velnumo ir ilgai i\u0161liekant\u012f ro\u017ei\u0173 aromat\u0105.","breadcrumb":{"@id":"https:\/\/www.malinashop.lt\/lt_lt\/shop\/therme-mystic-rose-duso-sveitiklis-200ml\/#breadcrumb"},"inLanguage":"lt-LT","potentialAction":[{"@type":"ReadAction","target":["https:\/\/www.malinashop.lt\/lt_lt\/shop\/therme-mystic-rose-duso-sveitiklis-200ml\/"]}]},{"@type":"ImageObject","inLanguage":"lt-LT","@id":"https:\/\/www.malinashop.lt\/lt_lt\/shop\/therme-mystic-rose-duso-sveitiklis-200ml\/#primaryimage","url":"https:\/\/www.malinashop.lt\/wp-content\/uploads\/2025\/03\/therme-mystic-rose-kuno-sveitiklis-200-ml.png","contentUrl":"https:\/\/www.malinashop.lt\/wp-content\/uploads\/2025\/03\/therme-mystic-rose-kuno-sveitiklis-200-ml.png","width":1500,"height":1500},{"@type":"BreadcrumbList","@id":"https:\/\/www.malinashop.lt\/lt_lt\/shop\/therme-mystic-rose-duso-sveitiklis-200ml\/#breadcrumb","itemListElement":[{"@type":"ListItem","position":1,"name":"Pagrindinis","item":"https:\/\/www.malinashop.lt\/"},{"@type":"ListItem","position":2,"name":"Parduotuv\u0117","item":"https:\/\/www.malinashop.lt\/en\/parduotuve\/"},{"@type":"ListItem","position":3,"name":"THERME Mystic Rose du\u0161o \u0161veitiklis, 200ml"}]},{"@type":"WebSite","@id":"https:\/\/www.malinashop.lt\/#website","url":"https:\/\/www.malinashop.lt\/","name":"COM Group Ecommerce","description":"MalinaShop.lt - Gro\u017eio ir sveikatos produktai i\u0161 patikim\u0173 preki\u0173 \u017eenkl\u0173. Atraskite auk\u0161tos kokyb\u0117s kosmetik\u0105 u\u017e puiki\u0105 kain\u0105.","publisher":{"@id":"https:\/\/www.malinashop.lt\/#organization"},"potentialAction":[{"@type":"SearchAction","target":{"@type":"EntryPoint","urlTemplate":"https:\/\/www.malinashop.lt\/?s={search_term_string}"},"query-input":{"@type":"PropertyValueSpecification","valueRequired":true,"valueName":"search_term_string"}}],"inLanguage":"lt-LT"},{"@type":"Organization","@id":"https:\/\/www.malinashop.lt\/#organization","name":"COM Group Ecommerce","url":"https:\/\/www.malinashop.lt\/","logo":{"@type":"ImageObject","inLanguage":"lt-LT","@id":"https:\/\/www.malinashop.lt\/#\/schema\/logo\/image\/","url":"https:\/\/www.malinashop.lt\/wp-content\/uploads\/2024\/08\/462559670_3787732518133670_9795632669273463_n-e1731525914575.png","contentUrl":"https:\/\/www.malinashop.lt\/wp-content\/uploads\/2024\/08\/462559670_3787732518133670_9795632669273463_n-e1731525914575.png","width":180,"height":60,"caption":"COM Group Ecommerce"},"image":{"@id":"https:\/\/www.malinashop.lt\/#\/schema\/logo\/image\/"}}]}},"jetpack_sharing_enabled":true,"_links":{"self":[{"href":"https:\/\/www.malinashop.lt\/lt_lt\/wp-json\/wp\/v2\/product\/50127","targetHints":{"allow":["GET"]}}],"collection":[{"href":"https:\/\/www.malinashop.lt\/lt_lt\/wp-json\/wp\/v2\/product"}],"about":[{"href":"https:\/\/www.malinashop.lt\/lt_lt\/wp-json\/wp\/v2\/types\/product"}],"version-history":[{"count":2,"href":"https:\/\/www.malinashop.lt\/lt_lt\/wp-json\/wp\/v2\/product\/50127\/revisions"}],"predecessor-version":[{"id":51887,"href":"https:\/\/www.malinashop.lt\/lt_lt\/wp-json\/wp\/v2\/product\/50127\/revisions\/51887"}],"wp:featuredmedia":[{"embeddable":true,"href":"https:\/\/www.malinashop.lt\/lt_lt\/wp-json\/wp\/v2\/media\/45370"}],"wp:attachment":[{"href":"https:\/\/www.malinashop.lt\/lt_lt\/wp-json\/wp\/v2\/media?parent=50127"}],"wp:term":[{"taxonomy":"product_brand","embeddable":true,"href":"https:\/\/www.malinashop.lt\/lt_lt\/wp-json\/wp\/v2\/product_brand?post=50127"},{"taxonomy":"product_cat","embeddable":true,"href":"https:\/\/www.malinashop.lt\/lt_lt\/wp-json\/wp\/v2\/product_cat?post=50127"},{"taxonomy":"product_tag","embeddable":true,"href":"https:\/\/www.malinashop.lt\/lt_lt\/wp-json\/wp\/v2\/product_tag?post=50127"}],"curies":[{"name":"wp","href":"https:\/\/api.w.org\/{rel}","templated":true}]}}