{"id":50123,"date":"2025-03-18T13:35:55","date_gmt":"2025-03-18T10:35:55","guid":{"rendered":"https:\/\/malinashop.lt\/?post_type=product&#038;p=50123"},"modified":"2026-04-08T00:49:12","modified_gmt":"2026-04-07T21:49:12","slug":"therme-mystic-rose-kuno-sviestas-225g","status":"publish","type":"product","link":"https:\/\/www.malinashop.lt\/lt_lt\/shop\/therme-mystic-rose-kuno-sviestas-225g\/","title":{"rendered":"THERME Mystic Rose k\u016bno sviestas, 225g"},"content":{"rendered":"<h3 data-start=\"0\" data-end=\"90\"><strong data-start=\"4\" data-end=\"47\">THERME MYSTIC ROSE K\u016aNO SVIESTAS, 225 G<\/strong> \u2013 prabanga ir intensyvus odos maitinimas<\/h3>\n<p data-start=\"92\" data-end=\"385\">THERME <strong data-start=\"99\" data-end=\"114\">Mystic Rose<\/strong> k\u016bno sviestas \u2013 tai <strong data-start=\"135\" data-end=\"184\">turtingos konsistencijos maitinamoji priemon\u0117<\/strong>, kuri giliai dr\u0117kina, mink\u0161tina ir suteikia odai \u0161ilko \u0161velnumo. Praturtintas <strong data-start=\"263\" data-end=\"282\">ro\u017ei\u0173 ekstraktu<\/strong>, \u0161is k\u016bno sviestas palieka <strong data-start=\"310\" data-end=\"349\">jausming\u0105, ilgai i\u0161liekant\u012f aromat\u0105<\/strong>, kuris suteikia prabangos poj\u016bt\u012f.<\/p>\n<h3 data-start=\"387\" data-end=\"417\"><strong data-start=\"391\" data-end=\"415\">Pagrindin\u0117s savyb\u0117s:<\/strong><\/h3>\n<p data-start=\"418\" data-end=\"634\">\u2714 <strong data-start=\"420\" data-end=\"453\">Giliai dr\u0117kina ir maitina od\u0105<\/strong><br data-start=\"453\" data-end=\"456\" \/>\u2714 <strong data-start=\"458\" data-end=\"486\">\u0160velni, kremin\u0117 tekst\u016bra<\/strong> \u2013 greitai \u012fsigeria, nepalikdama riebumo poj\u016b\u010dio<br data-start=\"534\" data-end=\"537\" \/>\u2714 <strong data-start=\"539\" data-end=\"585\">Ilgai i\u0161liekantis prabangus ro\u017ei\u0173 aromatas<\/strong><br data-start=\"585\" data-end=\"588\" \/>\u2714 <strong data-start=\"590\" data-end=\"632\">Puikiai tinka po du\u0161o ar SPA proced\u016br\u0173<\/strong><\/p>\n<h3 data-start=\"636\" data-end=\"657\"><strong data-start=\"640\" data-end=\"655\">Naudojimas:<\/strong><\/h3>\n<p data-start=\"658\" data-end=\"855\">\u2714 Tepkite k\u016bno sviest\u0105 ant \u0161varios, sausos odos.<br data-start=\"706\" data-end=\"709\" \/>\u2714 Atlikite <strong data-start=\"720\" data-end=\"751\">nedidelius sukamus judesius<\/strong>, kad priemon\u0117 geriau \u012fsigert\u0173.<br data-start=\"782\" data-end=\"785\" \/>\u2714 M\u0117gaukit\u0117s \u0161velnia, mink\u0161ta ir maloniai kvepian\u010dia oda vis\u0105 dien\u0105.<\/p>\n<p data-start=\"857\" data-end=\"890\">\ud83d\udce6 <strong data-start=\"860\" data-end=\"888\">I\u0161siuntimas per 2\/4 d.d.<\/strong><\/p>\n<p>Sud\u0117tis:<\/p>\n<p>AQUA, ETHYLHEXYL STEARATE, CETEARYL ALCOHOL, GLYCERIN, GLYCERYL STEARATE, BUTYROSPERMUM PARKII BUTTER, PARFUM, CETEARETH-20, DIMETHICONE, PHENOXYETHANOL, ACRYLATES\/C10-30 ALKYL ACRYLATE CROSSPOLYMER, XANTHAN GUM, ROSA DAMASCENA FLOWER WATER, THEOBROMA CACAO SEED EXTRACT, TOCOPHEROL, HELIANTHUS ANNUUS SEED OIL, ALPHA-ISOMETHYL IONONE, LINALOOL, BENZYL SALICYLATE, HYDROXYCITRONELLAL, CITRONELLOL, LIMONENE, COUMARIN, ETHYLHEXYLGLYCERIN, OCTENIDINE HCL, SODIUM BENZOATE, POTASSIUM SORBATE, SORBIC ACID, TETRASODIUM IMINODISUCCINATE, SODIUM HYDROXIDE, CITRIC ACID.<\/p>\n","protected":false},"excerpt":{"rendered":"<p>THERME MYSTIC ROSE K\u016aNO SVIESTAS, 225 G \u2013 prabanga ir intensyvus odos maitinimas THERME Mystic Rose k\u016bno sviestas \u2013 tai turtingos konsistencijos&hellip;<\/p>\n","protected":false},"featured_media":45364,"template":"","meta":[],"product_brand":[1308],"product_cat":[1312,731,562],"product_tag":[1626],"class_list":{"0":"post-50123","1":"product","2":"type-product","3":"status-publish","4":"has-post-thumbnail","6":"product_brand-therme","7":"product_cat-kuno-sviestas","8":"product_cat-kunui","9":"product_cat-sandelio-valymas","10":"product_tag-therme","12":"first","13":"instock","14":"sale","15":"taxable","16":"shipping-taxable","17":"purchasable","18":"product-type-simple"},"yoast_head":"<!-- This site is optimized with the Yoast SEO plugin v27.4 - https:\/\/yoast.com\/product\/yoast-seo-wordpress\/ -->\n<title>THERME Mystic Rose k\u016bno sviestas, 225g - MalinaShop.lt J\u016bs\u0173 sveikatai ir gro\u017eiui.<\/title>\n<meta name=\"description\" content=\"THERME Mystic Rose k\u016bno sviestas giliai dr\u0117kina ir mink\u0161tina od\u0105, suteikdamas ilgai i\u0161liekant\u012f ro\u017ei\u0173 aromat\u0105.\" \/>\n<meta name=\"robots\" content=\"index, follow, max-snippet:-1, max-image-preview:large, max-video-preview:-1\" \/>\n<link rel=\"canonical\" href=\"https:\/\/www.malinashop.lt\/lt_lt\/shop\/therme-mystic-rose-kuno-sviestas-225g\/\" \/>\n<meta property=\"og:locale\" content=\"lt_LT\" \/>\n<meta property=\"og:type\" content=\"article\" \/>\n<meta property=\"og:title\" content=\"THERME Mystic Rose k\u016bno sviestas, 225g - MalinaShop.lt J\u016bs\u0173 sveikatai ir gro\u017eiui.\" \/>\n<meta property=\"og:description\" content=\"THERME Mystic Rose k\u016bno sviestas giliai dr\u0117kina ir mink\u0161tina od\u0105, suteikdamas ilgai i\u0161liekant\u012f ro\u017ei\u0173 aromat\u0105.\" \/>\n<meta property=\"og:url\" content=\"https:\/\/www.malinashop.lt\/lt_lt\/shop\/therme-mystic-rose-kuno-sviestas-225g\/\" \/>\n<meta property=\"og:site_name\" content=\"MalinaShop.lt J\u016bs\u0173 sveikatai ir gro\u017eiui.\" \/>\n<meta property=\"article:modified_time\" content=\"2026-04-07T21:49:12+00:00\" \/>\n<meta property=\"og:image\" content=\"https:\/\/www.malinashop.lt\/wp-content\/uploads\/2025\/03\/therme-mystic-rose-kuno-sviestas-225-g.png\" \/>\n\t<meta property=\"og:image:width\" content=\"1500\" \/>\n\t<meta property=\"og:image:height\" content=\"1500\" \/>\n\t<meta property=\"og:image:type\" content=\"image\/png\" \/>\n<meta name=\"twitter:card\" content=\"summary_large_image\" \/>\n<script type=\"application\/ld+json\" class=\"yoast-schema-graph\">{\"@context\":\"https:\\\/\\\/schema.org\",\"@graph\":[{\"@type\":\"WebPage\",\"@id\":\"https:\\\/\\\/www.malinashop.lt\\\/lt_lt\\\/shop\\\/therme-mystic-rose-kuno-sviestas-225g\\\/\",\"url\":\"https:\\\/\\\/www.malinashop.lt\\\/lt_lt\\\/shop\\\/therme-mystic-rose-kuno-sviestas-225g\\\/\",\"name\":\"THERME Mystic Rose k\u016bno sviestas, 225g - MalinaShop.lt J\u016bs\u0173 sveikatai ir gro\u017eiui.\",\"isPartOf\":{\"@id\":\"https:\\\/\\\/www.malinashop.lt\\\/#website\"},\"primaryImageOfPage\":{\"@id\":\"https:\\\/\\\/www.malinashop.lt\\\/lt_lt\\\/shop\\\/therme-mystic-rose-kuno-sviestas-225g\\\/#primaryimage\"},\"image\":{\"@id\":\"https:\\\/\\\/www.malinashop.lt\\\/lt_lt\\\/shop\\\/therme-mystic-rose-kuno-sviestas-225g\\\/#primaryimage\"},\"thumbnailUrl\":\"https:\\\/\\\/www.malinashop.lt\\\/wp-content\\\/uploads\\\/2025\\\/03\\\/therme-mystic-rose-kuno-sviestas-225-g.png\",\"datePublished\":\"2025-03-18T10:35:55+00:00\",\"dateModified\":\"2026-04-07T21:49:12+00:00\",\"description\":\"THERME Mystic Rose k\u016bno sviestas giliai dr\u0117kina ir mink\u0161tina od\u0105, suteikdamas ilgai i\u0161liekant\u012f ro\u017ei\u0173 aromat\u0105.\",\"breadcrumb\":{\"@id\":\"https:\\\/\\\/www.malinashop.lt\\\/lt_lt\\\/shop\\\/therme-mystic-rose-kuno-sviestas-225g\\\/#breadcrumb\"},\"inLanguage\":\"lt-LT\",\"potentialAction\":[{\"@type\":\"ReadAction\",\"target\":[\"https:\\\/\\\/www.malinashop.lt\\\/lt_lt\\\/shop\\\/therme-mystic-rose-kuno-sviestas-225g\\\/\"]}]},{\"@type\":\"ImageObject\",\"inLanguage\":\"lt-LT\",\"@id\":\"https:\\\/\\\/www.malinashop.lt\\\/lt_lt\\\/shop\\\/therme-mystic-rose-kuno-sviestas-225g\\\/#primaryimage\",\"url\":\"https:\\\/\\\/www.malinashop.lt\\\/wp-content\\\/uploads\\\/2025\\\/03\\\/therme-mystic-rose-kuno-sviestas-225-g.png\",\"contentUrl\":\"https:\\\/\\\/www.malinashop.lt\\\/wp-content\\\/uploads\\\/2025\\\/03\\\/therme-mystic-rose-kuno-sviestas-225-g.png\",\"width\":1500,\"height\":1500},{\"@type\":\"BreadcrumbList\",\"@id\":\"https:\\\/\\\/www.malinashop.lt\\\/lt_lt\\\/shop\\\/therme-mystic-rose-kuno-sviestas-225g\\\/#breadcrumb\",\"itemListElement\":[{\"@type\":\"ListItem\",\"position\":1,\"name\":\"Pagrindinis\",\"item\":\"https:\\\/\\\/www.malinashop.lt\\\/\"},{\"@type\":\"ListItem\",\"position\":2,\"name\":\"Parduotuv\u0117\",\"item\":\"https:\\\/\\\/www.malinashop.lt\\\/en\\\/parduotuve\\\/\"},{\"@type\":\"ListItem\",\"position\":3,\"name\":\"THERME Mystic Rose k\u016bno sviestas, 225g\"}]},{\"@type\":\"WebSite\",\"@id\":\"https:\\\/\\\/www.malinashop.lt\\\/#website\",\"url\":\"https:\\\/\\\/www.malinashop.lt\\\/\",\"name\":\"COM Group Ecommerce\",\"description\":\"MalinaShop.lt - Gro\u017eio ir sveikatos produktai i\u0161 patikim\u0173 preki\u0173 \u017eenkl\u0173. Atraskite auk\u0161tos kokyb\u0117s kosmetik\u0105 u\u017e puiki\u0105 kain\u0105.\",\"publisher\":{\"@id\":\"https:\\\/\\\/www.malinashop.lt\\\/#organization\"},\"potentialAction\":[{\"@type\":\"SearchAction\",\"target\":{\"@type\":\"EntryPoint\",\"urlTemplate\":\"https:\\\/\\\/www.malinashop.lt\\\/?s={search_term_string}\"},\"query-input\":{\"@type\":\"PropertyValueSpecification\",\"valueRequired\":true,\"valueName\":\"search_term_string\"}}],\"inLanguage\":\"lt-LT\"},{\"@type\":\"Organization\",\"@id\":\"https:\\\/\\\/www.malinashop.lt\\\/#organization\",\"name\":\"COM Group Ecommerce\",\"url\":\"https:\\\/\\\/www.malinashop.lt\\\/\",\"logo\":{\"@type\":\"ImageObject\",\"inLanguage\":\"lt-LT\",\"@id\":\"https:\\\/\\\/www.malinashop.lt\\\/#\\\/schema\\\/logo\\\/image\\\/\",\"url\":\"https:\\\/\\\/www.malinashop.lt\\\/wp-content\\\/uploads\\\/2024\\\/08\\\/462559670_3787732518133670_9795632669273463_n-e1731525914575.png\",\"contentUrl\":\"https:\\\/\\\/www.malinashop.lt\\\/wp-content\\\/uploads\\\/2024\\\/08\\\/462559670_3787732518133670_9795632669273463_n-e1731525914575.png\",\"width\":180,\"height\":60,\"caption\":\"COM Group Ecommerce\"},\"image\":{\"@id\":\"https:\\\/\\\/www.malinashop.lt\\\/#\\\/schema\\\/logo\\\/image\\\/\"}}]}<\/script>\n<!-- \/ Yoast SEO plugin. -->","yoast_head_json":{"title":"THERME Mystic Rose k\u016bno sviestas, 225g - MalinaShop.lt J\u016bs\u0173 sveikatai ir gro\u017eiui.","description":"THERME Mystic Rose k\u016bno sviestas giliai dr\u0117kina ir mink\u0161tina od\u0105, suteikdamas ilgai i\u0161liekant\u012f ro\u017ei\u0173 aromat\u0105.","robots":{"index":"index","follow":"follow","max-snippet":"max-snippet:-1","max-image-preview":"max-image-preview:large","max-video-preview":"max-video-preview:-1"},"canonical":"https:\/\/www.malinashop.lt\/lt_lt\/shop\/therme-mystic-rose-kuno-sviestas-225g\/","og_locale":"lt_LT","og_type":"article","og_title":"THERME Mystic Rose k\u016bno sviestas, 225g - MalinaShop.lt J\u016bs\u0173 sveikatai ir gro\u017eiui.","og_description":"THERME Mystic Rose k\u016bno sviestas giliai dr\u0117kina ir mink\u0161tina od\u0105, suteikdamas ilgai i\u0161liekant\u012f ro\u017ei\u0173 aromat\u0105.","og_url":"https:\/\/www.malinashop.lt\/lt_lt\/shop\/therme-mystic-rose-kuno-sviestas-225g\/","og_site_name":"MalinaShop.lt J\u016bs\u0173 sveikatai ir gro\u017eiui.","article_modified_time":"2026-04-07T21:49:12+00:00","og_image":[{"width":1500,"height":1500,"url":"https:\/\/www.malinashop.lt\/wp-content\/uploads\/2025\/03\/therme-mystic-rose-kuno-sviestas-225-g.png","type":"image\/png"}],"twitter_card":"summary_large_image","schema":{"@context":"https:\/\/schema.org","@graph":[{"@type":"WebPage","@id":"https:\/\/www.malinashop.lt\/lt_lt\/shop\/therme-mystic-rose-kuno-sviestas-225g\/","url":"https:\/\/www.malinashop.lt\/lt_lt\/shop\/therme-mystic-rose-kuno-sviestas-225g\/","name":"THERME Mystic Rose k\u016bno sviestas, 225g - MalinaShop.lt J\u016bs\u0173 sveikatai ir gro\u017eiui.","isPartOf":{"@id":"https:\/\/www.malinashop.lt\/#website"},"primaryImageOfPage":{"@id":"https:\/\/www.malinashop.lt\/lt_lt\/shop\/therme-mystic-rose-kuno-sviestas-225g\/#primaryimage"},"image":{"@id":"https:\/\/www.malinashop.lt\/lt_lt\/shop\/therme-mystic-rose-kuno-sviestas-225g\/#primaryimage"},"thumbnailUrl":"https:\/\/www.malinashop.lt\/wp-content\/uploads\/2025\/03\/therme-mystic-rose-kuno-sviestas-225-g.png","datePublished":"2025-03-18T10:35:55+00:00","dateModified":"2026-04-07T21:49:12+00:00","description":"THERME Mystic Rose k\u016bno sviestas giliai dr\u0117kina ir mink\u0161tina od\u0105, suteikdamas ilgai i\u0161liekant\u012f ro\u017ei\u0173 aromat\u0105.","breadcrumb":{"@id":"https:\/\/www.malinashop.lt\/lt_lt\/shop\/therme-mystic-rose-kuno-sviestas-225g\/#breadcrumb"},"inLanguage":"lt-LT","potentialAction":[{"@type":"ReadAction","target":["https:\/\/www.malinashop.lt\/lt_lt\/shop\/therme-mystic-rose-kuno-sviestas-225g\/"]}]},{"@type":"ImageObject","inLanguage":"lt-LT","@id":"https:\/\/www.malinashop.lt\/lt_lt\/shop\/therme-mystic-rose-kuno-sviestas-225g\/#primaryimage","url":"https:\/\/www.malinashop.lt\/wp-content\/uploads\/2025\/03\/therme-mystic-rose-kuno-sviestas-225-g.png","contentUrl":"https:\/\/www.malinashop.lt\/wp-content\/uploads\/2025\/03\/therme-mystic-rose-kuno-sviestas-225-g.png","width":1500,"height":1500},{"@type":"BreadcrumbList","@id":"https:\/\/www.malinashop.lt\/lt_lt\/shop\/therme-mystic-rose-kuno-sviestas-225g\/#breadcrumb","itemListElement":[{"@type":"ListItem","position":1,"name":"Pagrindinis","item":"https:\/\/www.malinashop.lt\/"},{"@type":"ListItem","position":2,"name":"Parduotuv\u0117","item":"https:\/\/www.malinashop.lt\/en\/parduotuve\/"},{"@type":"ListItem","position":3,"name":"THERME Mystic Rose k\u016bno sviestas, 225g"}]},{"@type":"WebSite","@id":"https:\/\/www.malinashop.lt\/#website","url":"https:\/\/www.malinashop.lt\/","name":"COM Group Ecommerce","description":"MalinaShop.lt - Gro\u017eio ir sveikatos produktai i\u0161 patikim\u0173 preki\u0173 \u017eenkl\u0173. Atraskite auk\u0161tos kokyb\u0117s kosmetik\u0105 u\u017e puiki\u0105 kain\u0105.","publisher":{"@id":"https:\/\/www.malinashop.lt\/#organization"},"potentialAction":[{"@type":"SearchAction","target":{"@type":"EntryPoint","urlTemplate":"https:\/\/www.malinashop.lt\/?s={search_term_string}"},"query-input":{"@type":"PropertyValueSpecification","valueRequired":true,"valueName":"search_term_string"}}],"inLanguage":"lt-LT"},{"@type":"Organization","@id":"https:\/\/www.malinashop.lt\/#organization","name":"COM Group Ecommerce","url":"https:\/\/www.malinashop.lt\/","logo":{"@type":"ImageObject","inLanguage":"lt-LT","@id":"https:\/\/www.malinashop.lt\/#\/schema\/logo\/image\/","url":"https:\/\/www.malinashop.lt\/wp-content\/uploads\/2024\/08\/462559670_3787732518133670_9795632669273463_n-e1731525914575.png","contentUrl":"https:\/\/www.malinashop.lt\/wp-content\/uploads\/2024\/08\/462559670_3787732518133670_9795632669273463_n-e1731525914575.png","width":180,"height":60,"caption":"COM Group Ecommerce"},"image":{"@id":"https:\/\/www.malinashop.lt\/#\/schema\/logo\/image\/"}}]}},"jetpack_sharing_enabled":true,"_links":{"self":[{"href":"https:\/\/www.malinashop.lt\/lt_lt\/wp-json\/wp\/v2\/product\/50123","targetHints":{"allow":["GET"]}}],"collection":[{"href":"https:\/\/www.malinashop.lt\/lt_lt\/wp-json\/wp\/v2\/product"}],"about":[{"href":"https:\/\/www.malinashop.lt\/lt_lt\/wp-json\/wp\/v2\/types\/product"}],"version-history":[{"count":2,"href":"https:\/\/www.malinashop.lt\/lt_lt\/wp-json\/wp\/v2\/product\/50123\/revisions"}],"predecessor-version":[{"id":51889,"href":"https:\/\/www.malinashop.lt\/lt_lt\/wp-json\/wp\/v2\/product\/50123\/revisions\/51889"}],"wp:featuredmedia":[{"embeddable":true,"href":"https:\/\/www.malinashop.lt\/lt_lt\/wp-json\/wp\/v2\/media\/45364"}],"wp:attachment":[{"href":"https:\/\/www.malinashop.lt\/lt_lt\/wp-json\/wp\/v2\/media?parent=50123"}],"wp:term":[{"taxonomy":"product_brand","embeddable":true,"href":"https:\/\/www.malinashop.lt\/lt_lt\/wp-json\/wp\/v2\/product_brand?post=50123"},{"taxonomy":"product_cat","embeddable":true,"href":"https:\/\/www.malinashop.lt\/lt_lt\/wp-json\/wp\/v2\/product_cat?post=50123"},{"taxonomy":"product_tag","embeddable":true,"href":"https:\/\/www.malinashop.lt\/lt_lt\/wp-json\/wp\/v2\/product_tag?post=50123"}],"curies":[{"name":"wp","href":"https:\/\/api.w.org\/{rel}","templated":true}]}}