{"id":49613,"date":"2025-03-18T13:34:49","date_gmt":"2025-03-18T10:34:49","guid":{"rendered":"https:\/\/malinashop.lt\/?post_type=product&#038;p=49613"},"modified":"2026-02-10T11:42:03","modified_gmt":"2026-02-10T08:42:03","slug":"megineliu-rinkinys-ahava-hydrate-try-me-trio","status":"publish","type":"product","link":"https:\/\/www.malinashop.lt\/lt_lt\/shop\/megineliu-rinkinys-ahava-hydrate-try-me-trio\/","title":{"rendered":"M\u0116GIN\u0116LI\u0172 RINKINYS AHAVA HYDRATE TRY ME TRIO"},"content":{"rendered":"<p class=\"\" data-start=\"200\" data-end=\"553\">Atraskite intensyv\u0173 odos dr\u0117kinim\u0105 su <strong data-start=\"255\" data-end=\"266\">Hydrate<\/strong> rinkinuku, kuriame sujungti trys galingi produktai su hialurono r\u016bg\u0161timi. \u0160is rinkinys idealiai tinka odai, kuriai reikalingas gili dr\u0117gm\u0117 ir ilgaam\u017eis \u0161vyt\u0117jimas. Su hialurono r\u016bg\u0161timi, kuri efektyviai dr\u0117kina ir lygina odos tekst\u016br\u0105, J\u016bs\u0173 oda taps \u0161velnesn\u0117, stangresn\u0117 ir atgaivinta.<\/p>\n<hr class=\"\" data-start=\"555\" data-end=\"558\" \/>\n<h3 class=\"\" data-start=\"560\" data-end=\"583\"><strong data-start=\"564\" data-end=\"583\">Rinkin\u012f sudaro:<\/strong><\/h3>\n<h4 class=\"\" data-start=\"585\" data-end=\"643\">\ud83d\udca7 <strong data-start=\"593\" data-end=\"641\">Hydrate serumas su hialurono r\u016bg\u0161timi (2 ml)<\/strong><\/h4>\n<p class=\"\" data-start=\"644\" data-end=\"720\">Intensyviai dr\u0117kina ir atgaivina od\u0105, u\u017etikrindamas ilgalaik\u012f hidratacij\u0105.<\/p>\n<ul data-start=\"721\" data-end=\"809\">\n<li class=\"\" data-start=\"721\" data-end=\"744\">\n<p class=\"\" data-start=\"723\" data-end=\"744\">U\u017epildo od\u0105 dr\u0117gme;<\/p>\n<\/li>\n<li class=\"\" data-start=\"745\" data-end=\"771\">\n<p class=\"\" data-start=\"747\" data-end=\"771\">Lygina odos strukt\u016br\u0105;<\/p>\n<\/li>\n<li class=\"\" data-start=\"772\" data-end=\"809\">\n<p class=\"\" data-start=\"774\" data-end=\"809\">Padeda suma\u017einti smulkias rauk\u0161les.<\/p>\n<\/li>\n<\/ul>\n<h4 class=\"\" data-start=\"811\" data-end=\"886\">\ud83d\udca7 <strong data-start=\"819\" data-end=\"884\">Hydrate nenuplaunama veido kauk\u0117 su hialurono r\u016bg\u0161timi (3 ml)<\/strong><\/h4>\n<p class=\"\" data-start=\"887\" data-end=\"968\">Greitas ir efektyvus b\u016bdas dr\u0117kinti od\u0105, u\u017etikrinant ilgalaik\u012f dr\u0117gm\u0117s poveik\u012f.<\/p>\n<ul data-start=\"969\" data-end=\"1105\">\n<li class=\"\" data-start=\"969\" data-end=\"993\">\n<p class=\"\" data-start=\"971\" data-end=\"993\">Atkuria odos dr\u0117gm\u0119;<\/p>\n<\/li>\n<li class=\"\" data-start=\"994\" data-end=\"1058\">\n<p class=\"\" data-start=\"996\" data-end=\"1058\">Kauk\u0117 susigeria greitai, palikdama od\u0105 mink\u0161t\u0105 ir \u0161vytin\u010di\u0105;<\/p>\n<\/li>\n<li class=\"\" data-start=\"1059\" data-end=\"1105\">\n<p class=\"\" data-start=\"1061\" data-end=\"1105\">Idealiai tinka sausai ir dehidratuotai odai.<\/p>\n<\/li>\n<\/ul>\n<h4 class=\"\" data-start=\"1107\" data-end=\"1175\">\ud83d\udca7 <strong data-start=\"1115\" data-end=\"1173\">Hydrate 24\/7 veido kremas su hialurono r\u016bg\u0161timi (3 ml)<\/strong><\/h4>\n<p class=\"\" data-start=\"1176\" data-end=\"1275\">Dr\u0117kinamasis kremas, skirtas kasdieniam naudojimui, kad oda b\u016bt\u0173 pamaitinta ir \u0161velni vis\u0105 dien\u0105.<\/p>\n<ul data-start=\"1276\" data-end=\"1387\">\n<li class=\"\" data-start=\"1276\" data-end=\"1315\">\n<p class=\"\" data-start=\"1278\" data-end=\"1315\">Ilgalaik\u0117 hidratacija 24 valandoms;<\/p>\n<\/li>\n<li class=\"\" data-start=\"1316\" data-end=\"1356\">\n<p class=\"\" data-start=\"1318\" data-end=\"1356\">Skatina odos elastingum\u0105 ir gaivum\u0105;<\/p>\n<\/li>\n<li class=\"\" data-start=\"1357\" data-end=\"1387\">\n<p class=\"\" data-start=\"1359\" data-end=\"1387\">Palieka od\u0105 \u0161velni\u0105 ir lyg\u0173.<\/p>\n<\/li>\n<\/ul>\n<hr class=\"\" data-start=\"1389\" data-end=\"1392\" \/>\n<p class=\"\" data-start=\"1394\" data-end=\"1449\"><strong data-start=\"1394\" data-end=\"1449\">Be paraben\u0173 ir sulfat\u0173. Dermatologi\u0161kai patikrinta.<\/strong><\/p>\n<div class=\"c-product__col-1\">\n<div class=\"js-sticky-sidebar-nearby\">\n<div class=\"c-product__tabs woocommerce-tabs wc-tabs-wrapper c-product__tabs--desktop\">\n<div id=\"tab-description\" class=\"c-product__tabs-panel woocommerce-Tabs-panel woocommerce-Tabs-panel--description panel entry-content wc-tab current visible\" role=\"tabpanel\" aria-labelledby=\"tab-title-description\">\n<p data-start=\"609\" data-end=\"701\"><img decoding=\"async\" class=\"emoji\" role=\"img\" src=\"https:\/\/s.w.org\/images\/core\/emoji\/15.0.3\/svg\/1f4e6.svg\" alt=\"\ud83d\udce6\" \/>\u00a0<strong data-start=\"1025\" data-end=\"1053\">I\u0161siuntimas per 2\/4 d.d.<\/strong><\/p>\n<\/div>\n<\/div>\n<\/div>\n<\/div>\n","protected":false},"excerpt":{"rendered":"<p>Atraskite intensyv\u0173 odos dr\u0117kinim\u0105 su Hydrate rinkinuku, kuriame sujungti trys galingi produktai su hialurono r\u016bg\u0161timi. \u0160is rinkinys idealiai tinka odai, kuriai reikalingas&hellip;<\/p>\n","protected":false},"featured_media":44537,"template":"","meta":[],"product_brand":[1313],"product_cat":[562,553,187,550],"product_tag":[1586],"class_list":{"0":"post-49613","1":"product","2":"type-product","3":"status-publish","4":"has-post-thumbnail","6":"product_brand-ahava","7":"product_cat-sandelio-valymas","8":"product_cat-veido-kaukes","9":"product_cat-veido-kremai","10":"product_cat-veido-serumai","11":"product_tag-ahava","13":"first","14":"instock","15":"sale","16":"purchasable","17":"product-type-simple"},"yoast_head":"<!-- This site is optimized with the Yoast SEO plugin v27.4 - https:\/\/yoast.com\/product\/yoast-seo-wordpress\/ -->\n<title>M\u0116GIN\u0116LI\u0172 RINKINYS AHAVA HYDRATE TRY ME TRIO - MalinaShop.lt J\u016bs\u0173 sveikatai ir gro\u017eiui.<\/title>\n<meta name=\"description\" content=\"Hydrate rinkinys su hialurono r\u016bg\u0161timi \u2013 intensyvus dr\u0117kinimas, \u0161velnumas ir \u0161vyt\u0117jimas kasdieniam naudojimui.\" \/>\n<meta name=\"robots\" content=\"index, follow, max-snippet:-1, max-image-preview:large, max-video-preview:-1\" \/>\n<link rel=\"canonical\" href=\"https:\/\/www.malinashop.lt\/lt_lt\/shop\/megineliu-rinkinys-ahava-hydrate-try-me-trio\/\" \/>\n<meta property=\"og:locale\" content=\"lt_LT\" \/>\n<meta property=\"og:type\" content=\"article\" \/>\n<meta property=\"og:title\" content=\"M\u0116GIN\u0116LI\u0172 RINKINYS AHAVA HYDRATE TRY ME TRIO - MalinaShop.lt J\u016bs\u0173 sveikatai ir gro\u017eiui.\" \/>\n<meta property=\"og:description\" content=\"Hydrate rinkinys su hialurono r\u016bg\u0161timi \u2013 intensyvus dr\u0117kinimas, \u0161velnumas ir \u0161vyt\u0117jimas kasdieniam naudojimui.\" \/>\n<meta property=\"og:url\" content=\"https:\/\/www.malinashop.lt\/lt_lt\/shop\/megineliu-rinkinys-ahava-hydrate-try-me-trio\/\" \/>\n<meta property=\"og:site_name\" content=\"MalinaShop.lt J\u016bs\u0173 sveikatai ir gro\u017eiui.\" \/>\n<meta property=\"article:modified_time\" content=\"2026-02-10T08:42:03+00:00\" \/>\n<meta property=\"og:image\" content=\"https:\/\/www.malinashop.lt\/wp-content\/uploads\/2025\/03\/ahava-try-me-trio-hyaluronic-acid-samples.jpg\" \/>\n\t<meta property=\"og:image:width\" content=\"1563\" \/>\n\t<meta property=\"og:image:height\" content=\"1563\" \/>\n\t<meta property=\"og:image:type\" content=\"image\/jpeg\" \/>\n<meta name=\"twitter:card\" content=\"summary_large_image\" \/>\n<script type=\"application\/ld+json\" class=\"yoast-schema-graph\">{\"@context\":\"https:\\\/\\\/schema.org\",\"@graph\":[{\"@type\":\"WebPage\",\"@id\":\"https:\\\/\\\/www.malinashop.lt\\\/lt_lt\\\/shop\\\/megineliu-rinkinys-ahava-hydrate-try-me-trio\\\/\",\"url\":\"https:\\\/\\\/www.malinashop.lt\\\/lt_lt\\\/shop\\\/megineliu-rinkinys-ahava-hydrate-try-me-trio\\\/\",\"name\":\"M\u0116GIN\u0116LI\u0172 RINKINYS AHAVA HYDRATE TRY ME TRIO - MalinaShop.lt J\u016bs\u0173 sveikatai ir gro\u017eiui.\",\"isPartOf\":{\"@id\":\"https:\\\/\\\/www.malinashop.lt\\\/en\\\/#website\"},\"primaryImageOfPage\":{\"@id\":\"https:\\\/\\\/www.malinashop.lt\\\/lt_lt\\\/shop\\\/megineliu-rinkinys-ahava-hydrate-try-me-trio\\\/#primaryimage\"},\"image\":{\"@id\":\"https:\\\/\\\/www.malinashop.lt\\\/lt_lt\\\/shop\\\/megineliu-rinkinys-ahava-hydrate-try-me-trio\\\/#primaryimage\"},\"thumbnailUrl\":\"https:\\\/\\\/www.malinashop.lt\\\/wp-content\\\/uploads\\\/2025\\\/03\\\/ahava-try-me-trio-hyaluronic-acid-samples.jpg\",\"datePublished\":\"2025-03-18T10:34:49+00:00\",\"dateModified\":\"2026-02-10T08:42:03+00:00\",\"description\":\"Hydrate rinkinys su hialurono r\u016bg\u0161timi \u2013 intensyvus dr\u0117kinimas, \u0161velnumas ir \u0161vyt\u0117jimas kasdieniam naudojimui.\",\"breadcrumb\":{\"@id\":\"https:\\\/\\\/www.malinashop.lt\\\/lt_lt\\\/shop\\\/megineliu-rinkinys-ahava-hydrate-try-me-trio\\\/#breadcrumb\"},\"inLanguage\":\"lt-LT\",\"potentialAction\":[{\"@type\":\"ReadAction\",\"target\":[\"https:\\\/\\\/www.malinashop.lt\\\/lt_lt\\\/shop\\\/megineliu-rinkinys-ahava-hydrate-try-me-trio\\\/\"]}]},{\"@type\":\"ImageObject\",\"inLanguage\":\"lt-LT\",\"@id\":\"https:\\\/\\\/www.malinashop.lt\\\/lt_lt\\\/shop\\\/megineliu-rinkinys-ahava-hydrate-try-me-trio\\\/#primaryimage\",\"url\":\"https:\\\/\\\/www.malinashop.lt\\\/wp-content\\\/uploads\\\/2025\\\/03\\\/ahava-try-me-trio-hyaluronic-acid-samples.jpg\",\"contentUrl\":\"https:\\\/\\\/www.malinashop.lt\\\/wp-content\\\/uploads\\\/2025\\\/03\\\/ahava-try-me-trio-hyaluronic-acid-samples.jpg\",\"width\":1563,\"height\":1563},{\"@type\":\"BreadcrumbList\",\"@id\":\"https:\\\/\\\/www.malinashop.lt\\\/lt_lt\\\/shop\\\/megineliu-rinkinys-ahava-hydrate-try-me-trio\\\/#breadcrumb\",\"itemListElement\":[{\"@type\":\"ListItem\",\"position\":1,\"name\":\"Home\",\"item\":\"https:\\\/\\\/www.malinashop.lt\\\/en\\\/\"},{\"@type\":\"ListItem\",\"position\":2,\"name\":\"Parduotuv\u0117\",\"item\":\"https:\\\/\\\/www.malinashop.lt\\\/en\\\/parduotuve\\\/\"},{\"@type\":\"ListItem\",\"position\":3,\"name\":\"M\u0116GIN\u0116LI\u0172 RINKINYS AHAVA HYDRATE TRY ME TRIO\"}]},{\"@type\":\"WebSite\",\"@id\":\"https:\\\/\\\/www.malinashop.lt\\\/en\\\/#website\",\"url\":\"https:\\\/\\\/www.malinashop.lt\\\/en\\\/\",\"name\":\"COM Group Ecommerce\",\"description\":\"MalinaShop.lt - Gro\u017eio ir sveikatos produktai i\u0161 patikim\u0173 preki\u0173 \u017eenkl\u0173. Atraskite auk\u0161tos kokyb\u0117s kosmetik\u0105 u\u017e puiki\u0105 kain\u0105.\",\"publisher\":{\"@id\":\"https:\\\/\\\/www.malinashop.lt\\\/en\\\/#organization\"},\"potentialAction\":[{\"@type\":\"SearchAction\",\"target\":{\"@type\":\"EntryPoint\",\"urlTemplate\":\"https:\\\/\\\/www.malinashop.lt\\\/en\\\/?s={search_term_string}\"},\"query-input\":{\"@type\":\"PropertyValueSpecification\",\"valueRequired\":true,\"valueName\":\"search_term_string\"}}],\"inLanguage\":\"lt-LT\"},{\"@type\":\"Organization\",\"@id\":\"https:\\\/\\\/www.malinashop.lt\\\/en\\\/#organization\",\"name\":\"COM Group Ecommerce\",\"url\":\"https:\\\/\\\/www.malinashop.lt\\\/en\\\/\",\"logo\":{\"@type\":\"ImageObject\",\"inLanguage\":\"lt-LT\",\"@id\":\"https:\\\/\\\/www.malinashop.lt\\\/en\\\/#\\\/schema\\\/logo\\\/image\\\/\",\"url\":\"https:\\\/\\\/www.malinashop.lt\\\/wp-content\\\/uploads\\\/2024\\\/08\\\/462559670_3787732518133670_9795632669273463_n-e1731525914575.png\",\"contentUrl\":\"https:\\\/\\\/www.malinashop.lt\\\/wp-content\\\/uploads\\\/2024\\\/08\\\/462559670_3787732518133670_9795632669273463_n-e1731525914575.png\",\"width\":180,\"height\":60,\"caption\":\"COM Group Ecommerce\"},\"image\":{\"@id\":\"https:\\\/\\\/www.malinashop.lt\\\/en\\\/#\\\/schema\\\/logo\\\/image\\\/\"}}]}<\/script>\n<!-- \/ Yoast SEO plugin. -->","yoast_head_json":{"title":"M\u0116GIN\u0116LI\u0172 RINKINYS AHAVA HYDRATE TRY ME TRIO - MalinaShop.lt J\u016bs\u0173 sveikatai ir gro\u017eiui.","description":"Hydrate rinkinys su hialurono r\u016bg\u0161timi \u2013 intensyvus dr\u0117kinimas, \u0161velnumas ir \u0161vyt\u0117jimas kasdieniam naudojimui.","robots":{"index":"index","follow":"follow","max-snippet":"max-snippet:-1","max-image-preview":"max-image-preview:large","max-video-preview":"max-video-preview:-1"},"canonical":"https:\/\/www.malinashop.lt\/lt_lt\/shop\/megineliu-rinkinys-ahava-hydrate-try-me-trio\/","og_locale":"lt_LT","og_type":"article","og_title":"M\u0116GIN\u0116LI\u0172 RINKINYS AHAVA HYDRATE TRY ME TRIO - MalinaShop.lt J\u016bs\u0173 sveikatai ir gro\u017eiui.","og_description":"Hydrate rinkinys su hialurono r\u016bg\u0161timi \u2013 intensyvus dr\u0117kinimas, \u0161velnumas ir \u0161vyt\u0117jimas kasdieniam naudojimui.","og_url":"https:\/\/www.malinashop.lt\/lt_lt\/shop\/megineliu-rinkinys-ahava-hydrate-try-me-trio\/","og_site_name":"MalinaShop.lt J\u016bs\u0173 sveikatai ir gro\u017eiui.","article_modified_time":"2026-02-10T08:42:03+00:00","og_image":[{"width":1563,"height":1563,"url":"https:\/\/www.malinashop.lt\/wp-content\/uploads\/2025\/03\/ahava-try-me-trio-hyaluronic-acid-samples.jpg","type":"image\/jpeg"}],"twitter_card":"summary_large_image","schema":{"@context":"https:\/\/schema.org","@graph":[{"@type":"WebPage","@id":"https:\/\/www.malinashop.lt\/lt_lt\/shop\/megineliu-rinkinys-ahava-hydrate-try-me-trio\/","url":"https:\/\/www.malinashop.lt\/lt_lt\/shop\/megineliu-rinkinys-ahava-hydrate-try-me-trio\/","name":"M\u0116GIN\u0116LI\u0172 RINKINYS AHAVA HYDRATE TRY ME TRIO - MalinaShop.lt J\u016bs\u0173 sveikatai ir gro\u017eiui.","isPartOf":{"@id":"https:\/\/www.malinashop.lt\/en\/#website"},"primaryImageOfPage":{"@id":"https:\/\/www.malinashop.lt\/lt_lt\/shop\/megineliu-rinkinys-ahava-hydrate-try-me-trio\/#primaryimage"},"image":{"@id":"https:\/\/www.malinashop.lt\/lt_lt\/shop\/megineliu-rinkinys-ahava-hydrate-try-me-trio\/#primaryimage"},"thumbnailUrl":"https:\/\/www.malinashop.lt\/wp-content\/uploads\/2025\/03\/ahava-try-me-trio-hyaluronic-acid-samples.jpg","datePublished":"2025-03-18T10:34:49+00:00","dateModified":"2026-02-10T08:42:03+00:00","description":"Hydrate rinkinys su hialurono r\u016bg\u0161timi \u2013 intensyvus dr\u0117kinimas, \u0161velnumas ir \u0161vyt\u0117jimas kasdieniam naudojimui.","breadcrumb":{"@id":"https:\/\/www.malinashop.lt\/lt_lt\/shop\/megineliu-rinkinys-ahava-hydrate-try-me-trio\/#breadcrumb"},"inLanguage":"lt-LT","potentialAction":[{"@type":"ReadAction","target":["https:\/\/www.malinashop.lt\/lt_lt\/shop\/megineliu-rinkinys-ahava-hydrate-try-me-trio\/"]}]},{"@type":"ImageObject","inLanguage":"lt-LT","@id":"https:\/\/www.malinashop.lt\/lt_lt\/shop\/megineliu-rinkinys-ahava-hydrate-try-me-trio\/#primaryimage","url":"https:\/\/www.malinashop.lt\/wp-content\/uploads\/2025\/03\/ahava-try-me-trio-hyaluronic-acid-samples.jpg","contentUrl":"https:\/\/www.malinashop.lt\/wp-content\/uploads\/2025\/03\/ahava-try-me-trio-hyaluronic-acid-samples.jpg","width":1563,"height":1563},{"@type":"BreadcrumbList","@id":"https:\/\/www.malinashop.lt\/lt_lt\/shop\/megineliu-rinkinys-ahava-hydrate-try-me-trio\/#breadcrumb","itemListElement":[{"@type":"ListItem","position":1,"name":"Home","item":"https:\/\/www.malinashop.lt\/en\/"},{"@type":"ListItem","position":2,"name":"Parduotuv\u0117","item":"https:\/\/www.malinashop.lt\/en\/parduotuve\/"},{"@type":"ListItem","position":3,"name":"M\u0116GIN\u0116LI\u0172 RINKINYS AHAVA HYDRATE TRY ME TRIO"}]},{"@type":"WebSite","@id":"https:\/\/www.malinashop.lt\/en\/#website","url":"https:\/\/www.malinashop.lt\/en\/","name":"COM Group Ecommerce","description":"MalinaShop.lt - Gro\u017eio ir sveikatos produktai i\u0161 patikim\u0173 preki\u0173 \u017eenkl\u0173. Atraskite auk\u0161tos kokyb\u0117s kosmetik\u0105 u\u017e puiki\u0105 kain\u0105.","publisher":{"@id":"https:\/\/www.malinashop.lt\/en\/#organization"},"potentialAction":[{"@type":"SearchAction","target":{"@type":"EntryPoint","urlTemplate":"https:\/\/www.malinashop.lt\/en\/?s={search_term_string}"},"query-input":{"@type":"PropertyValueSpecification","valueRequired":true,"valueName":"search_term_string"}}],"inLanguage":"lt-LT"},{"@type":"Organization","@id":"https:\/\/www.malinashop.lt\/en\/#organization","name":"COM Group Ecommerce","url":"https:\/\/www.malinashop.lt\/en\/","logo":{"@type":"ImageObject","inLanguage":"lt-LT","@id":"https:\/\/www.malinashop.lt\/en\/#\/schema\/logo\/image\/","url":"https:\/\/www.malinashop.lt\/wp-content\/uploads\/2024\/08\/462559670_3787732518133670_9795632669273463_n-e1731525914575.png","contentUrl":"https:\/\/www.malinashop.lt\/wp-content\/uploads\/2024\/08\/462559670_3787732518133670_9795632669273463_n-e1731525914575.png","width":180,"height":60,"caption":"COM Group Ecommerce"},"image":{"@id":"https:\/\/www.malinashop.lt\/en\/#\/schema\/logo\/image\/"}}]}},"jetpack_sharing_enabled":true,"_links":{"self":[{"href":"https:\/\/www.malinashop.lt\/lt_lt\/wp-json\/wp\/v2\/product\/49613","targetHints":{"allow":["GET"]}}],"collection":[{"href":"https:\/\/www.malinashop.lt\/lt_lt\/wp-json\/wp\/v2\/product"}],"about":[{"href":"https:\/\/www.malinashop.lt\/lt_lt\/wp-json\/wp\/v2\/types\/product"}],"version-history":[{"count":3,"href":"https:\/\/www.malinashop.lt\/lt_lt\/wp-json\/wp\/v2\/product\/49613\/revisions"}],"predecessor-version":[{"id":58352,"href":"https:\/\/www.malinashop.lt\/lt_lt\/wp-json\/wp\/v2\/product\/49613\/revisions\/58352"}],"wp:featuredmedia":[{"embeddable":true,"href":"https:\/\/www.malinashop.lt\/lt_lt\/wp-json\/wp\/v2\/media\/44537"}],"wp:attachment":[{"href":"https:\/\/www.malinashop.lt\/lt_lt\/wp-json\/wp\/v2\/media?parent=49613"}],"wp:term":[{"taxonomy":"product_brand","embeddable":true,"href":"https:\/\/www.malinashop.lt\/lt_lt\/wp-json\/wp\/v2\/product_brand?post=49613"},{"taxonomy":"product_cat","embeddable":true,"href":"https:\/\/www.malinashop.lt\/lt_lt\/wp-json\/wp\/v2\/product_cat?post=49613"},{"taxonomy":"product_tag","embeddable":true,"href":"https:\/\/www.malinashop.lt\/lt_lt\/wp-json\/wp\/v2\/product_tag?post=49613"}],"curies":[{"name":"wp","href":"https:\/\/api.w.org\/{rel}","templated":true}]}}