{"id":49463,"date":"2025-03-18T13:34:20","date_gmt":"2025-03-18T10:34:20","guid":{"rendered":"https:\/\/malinashop.lt\/?post_type=product&#038;p=49463"},"modified":"2026-04-07T21:29:18","modified_gmt":"2026-04-07T18:29:18","slug":"dovanu-rinkinys-ahava-beyond-boundaries-the-triple-treat","status":"publish","type":"product","link":"https:\/\/www.malinashop.lt\/lt_lt\/shop\/dovanu-rinkinys-ahava-beyond-boundaries-the-triple-treat\/","title":{"rendered":"DOVAN\u0172 RINKINYS AHAVA BEYOND BOUNDARIES THE TRIPLE TREAT"},"content":{"rendered":"<p class=\"\" data-start=\"237\" data-end=\"539\">Atraskite kasdien\u012f k\u016bno prie\u017ei\u016bros ritual\u0105 su <strong data-start=\"300\" data-end=\"328\">AHAVA Mineral Essentials<\/strong> rinkiniu. \u0160is trij\u0173 produkt\u0173 komplektas praturtintas Negyvosios j\u016bros mineralais, kurie efektyviai dr\u0117kina, mink\u0161tina ir gaivina od\u0105. Tinka vis\u0173 tip\u0173 odai \u2013 net ir jautriai. Idealiai tinka kelion\u0117ms ar dovanai.<\/p>\n<hr class=\"\" data-start=\"541\" data-end=\"544\" \/>\n<h3 class=\"\" data-start=\"546\" data-end=\"569\"><strong data-start=\"550\" data-end=\"569\">Rinkin\u012f sudaro:<\/strong><\/h3>\n<h4 class=\"\" data-start=\"571\" data-end=\"619\">\ud83d\udca7 <strong data-start=\"579\" data-end=\"617\">Ahava Mineral rank\u0173 kremas (40 ml)<\/strong><\/h4>\n<p class=\"\" data-start=\"620\" data-end=\"652\">Kasdien\u0117 pagalba J\u016bs\u0173 rankoms.<\/p>\n<ul data-start=\"653\" data-end=\"769\">\n<li class=\"\" data-start=\"653\" data-end=\"694\">\n<p class=\"\" data-start=\"655\" data-end=\"694\">I\u0161laiko odos elastingum\u0105 ir glotnum\u0105;<\/p>\n<\/li>\n<li class=\"\" data-start=\"695\" data-end=\"723\">\n<p class=\"\" data-start=\"697\" data-end=\"723\">Ramina ir mink\u0161tina od\u0105;<\/p>\n<\/li>\n<li class=\"\" data-start=\"724\" data-end=\"769\">\n<p class=\"\" data-start=\"726\" data-end=\"769\">Apsaugo nuo saus\u0117jimo ir aplinkos poveikio.<\/p>\n<\/li>\n<\/ul>\n<h4 class=\"\" data-start=\"771\" data-end=\"820\">\ud83d\udca7 <strong data-start=\"779\" data-end=\"818\">Ahava Mineral k\u016bno losjonas (40 ml)<\/strong><\/h4>\n<p class=\"\" data-start=\"821\" data-end=\"871\">Lengvas, bet veiksmingas dr\u0117kinimas visam k\u016bnui.<\/p>\n<ul data-start=\"872\" data-end=\"976\">\n<li class=\"\" data-start=\"872\" data-end=\"903\">\n<p class=\"\" data-start=\"874\" data-end=\"903\">U\u017etikrina ilgalaik\u0119 dr\u0117gm\u0119;<\/p>\n<\/li>\n<li class=\"\" data-start=\"904\" data-end=\"939\">\n<p class=\"\" data-start=\"906\" data-end=\"939\">Ma\u017eina dehidratacijos po\u017eymius;<\/p>\n<\/li>\n<li class=\"\" data-start=\"940\" data-end=\"976\">\n<p class=\"\" data-start=\"942\" data-end=\"976\">Gerina odos tekst\u016br\u0105 ir stangrum\u0105.<\/p>\n<\/li>\n<\/ul>\n<h4 class=\"\" data-start=\"978\" data-end=\"1024\">\ud83d\udca7 <strong data-start=\"986\" data-end=\"1022\">Ahava Mineral du\u0161o gelis (40 ml)<\/strong><\/h4>\n<p class=\"\" data-start=\"1025\" data-end=\"1064\">\u0160velnus ir gaivus prausimosi potyris.<\/p>\n<ul data-start=\"1065\" data-end=\"1196\">\n<li class=\"\" data-start=\"1065\" data-end=\"1125\">\n<p class=\"\" data-start=\"1067\" data-end=\"1125\">\u0160variai nuplauna ne\u0161varumus, nepa\u017eeid\u017eiant odos barjero;<\/p>\n<\/li>\n<li class=\"\" data-start=\"1126\" data-end=\"1157\">\n<p class=\"\" data-start=\"1128\" data-end=\"1157\">Nesausina ir neerzina odos;<\/p>\n<\/li>\n<li class=\"\" data-start=\"1158\" data-end=\"1196\">\n<p class=\"\" data-start=\"1160\" data-end=\"1196\">Gaivina ir suteikia komforto jausm\u0105.<\/p>\n<\/li>\n<\/ul>\n<hr class=\"\" data-start=\"1198\" data-end=\"1201\" \/>\n<p class=\"\" data-start=\"1203\" data-end=\"1266\"><strong data-start=\"1203\" data-end=\"1266\">Be paraben\u0173. Vegani\u0161ka formul\u0117. Dermatologi\u0161kai patikrinta.<\/strong><\/p>\n<div class=\"c-product__col-1\">\n<div class=\"js-sticky-sidebar-nearby\">\n<div class=\"c-product__tabs woocommerce-tabs wc-tabs-wrapper  c-product__tabs--desktop\">\n<div id=\"tab-description\" class=\"c-product__tabs-panel  woocommerce-Tabs-panel woocommerce-Tabs-panel--description panel entry-content wc-tab  current visible\" role=\"tabpanel\" aria-labelledby=\"tab-title-description\">\n<p data-start=\"609\" data-end=\"701\"><img decoding=\"async\" class=\"emoji\" role=\"img\" draggable=\"false\" src=\"https:\/\/s.w.org\/images\/core\/emoji\/15.0.3\/svg\/1f4e6.svg\" alt=\"\ud83d\udce6\" \/>\u00a0<strong data-start=\"1025\" data-end=\"1053\">I\u0161siuntimas per 2\/4 d.d.<\/strong><\/p>\n<\/div>\n<\/div>\n<\/div>\n<\/div>\n","protected":false},"excerpt":{"rendered":"<p>Atraskite kasdien\u012f k\u016bno prie\u017ei\u016bros ritual\u0105 su AHAVA Mineral Essentials rinkiniu. \u0160is trij\u0173 produkt\u0173 komplektas praturtintas Negyvosios j\u016bros mineralais, kurie efektyviai dr\u0117kina, mink\u0161tina&hellip;<\/p>\n","protected":false},"featured_media":44285,"template":"","meta":[],"product_brand":[1313],"product_cat":[1137,538,540,562],"product_tag":[1586],"class_list":{"0":"post-49463","1":"product","2":"type-product","3":"status-publish","4":"has-post-thumbnail","6":"product_brand-ahava","7":"product_cat-dovanos","8":"product_cat-kuno-prausikliai-duso-geliai","9":"product_cat-ranku-prieziura-muilai-ranku-kremai","10":"product_cat-sandelio-valymas","11":"product_tag-ahava","13":"first","14":"outofstock","15":"sale","16":"purchasable","17":"product-type-simple"},"yoast_head":"<!-- This site is optimized with the Yoast SEO plugin v27.4 - https:\/\/yoast.com\/product\/yoast-seo-wordpress\/ -->\n<title>DOVAN\u0172 RINKINYS AHAVA BEYOND BOUNDARIES THE TRIPLE TREAT - MalinaShop.lt J\u016bs\u0173 sveikatai ir gro\u017eiui.<\/title>\n<meta name=\"description\" content=\"AHAVA Mineral k\u016bno prie\u017ei\u016bros rinkinys \u2013 \u0161velnumas, dr\u0117gm\u0117 ir gaiva su Negyvosios j\u016bros mineralais kasdieniam naudojimui ar kelion\u0117ms.\" \/>\n<meta name=\"robots\" content=\"index, follow, max-snippet:-1, max-image-preview:large, max-video-preview:-1\" \/>\n<link rel=\"canonical\" href=\"https:\/\/www.malinashop.lt\/lt_lt\/shop\/dovanu-rinkinys-ahava-beyond-boundaries-the-triple-treat\/\" \/>\n<meta property=\"og:locale\" content=\"lt_LT\" \/>\n<meta property=\"og:type\" content=\"article\" \/>\n<meta property=\"og:title\" content=\"DOVAN\u0172 RINKINYS AHAVA BEYOND BOUNDARIES THE TRIPLE TREAT - MalinaShop.lt J\u016bs\u0173 sveikatai ir gro\u017eiui.\" \/>\n<meta property=\"og:description\" content=\"AHAVA Mineral k\u016bno prie\u017ei\u016bros rinkinys \u2013 \u0161velnumas, dr\u0117gm\u0117 ir gaiva su Negyvosios j\u016bros mineralais kasdieniam naudojimui ar kelion\u0117ms.\" \/>\n<meta property=\"og:url\" content=\"https:\/\/www.malinashop.lt\/lt_lt\/shop\/dovanu-rinkinys-ahava-beyond-boundaries-the-triple-treat\/\" \/>\n<meta property=\"og:site_name\" content=\"MalinaShop.lt J\u016bs\u0173 sveikatai ir gro\u017eiui.\" \/>\n<meta property=\"article:modified_time\" content=\"2026-04-07T18:29:18+00:00\" \/>\n<meta property=\"og:image\" content=\"https:\/\/www.malinashop.lt\/wp-content\/uploads\/2025\/03\/ahava-beyond-boundaries-the-triple-treat-dovanu-rinkinys.jpg\" \/>\n\t<meta property=\"og:image:width\" content=\"1563\" \/>\n\t<meta property=\"og:image:height\" content=\"1563\" \/>\n\t<meta property=\"og:image:type\" content=\"image\/jpeg\" \/>\n<meta name=\"twitter:card\" content=\"summary_large_image\" \/>\n<script type=\"application\/ld+json\" class=\"yoast-schema-graph\">{\"@context\":\"https:\\\/\\\/schema.org\",\"@graph\":[{\"@type\":\"WebPage\",\"@id\":\"https:\\\/\\\/www.malinashop.lt\\\/lt_lt\\\/shop\\\/dovanu-rinkinys-ahava-beyond-boundaries-the-triple-treat\\\/\",\"url\":\"https:\\\/\\\/www.malinashop.lt\\\/lt_lt\\\/shop\\\/dovanu-rinkinys-ahava-beyond-boundaries-the-triple-treat\\\/\",\"name\":\"DOVAN\u0172 RINKINYS AHAVA BEYOND BOUNDARIES THE TRIPLE TREAT - MalinaShop.lt J\u016bs\u0173 sveikatai ir gro\u017eiui.\",\"isPartOf\":{\"@id\":\"https:\\\/\\\/www.malinashop.lt\\\/en\\\/#website\"},\"primaryImageOfPage\":{\"@id\":\"https:\\\/\\\/www.malinashop.lt\\\/lt_lt\\\/shop\\\/dovanu-rinkinys-ahava-beyond-boundaries-the-triple-treat\\\/#primaryimage\"},\"image\":{\"@id\":\"https:\\\/\\\/www.malinashop.lt\\\/lt_lt\\\/shop\\\/dovanu-rinkinys-ahava-beyond-boundaries-the-triple-treat\\\/#primaryimage\"},\"thumbnailUrl\":\"https:\\\/\\\/www.malinashop.lt\\\/wp-content\\\/uploads\\\/2025\\\/03\\\/ahava-beyond-boundaries-the-triple-treat-dovanu-rinkinys.jpg\",\"datePublished\":\"2025-03-18T10:34:20+00:00\",\"dateModified\":\"2026-04-07T18:29:18+00:00\",\"description\":\"AHAVA Mineral k\u016bno prie\u017ei\u016bros rinkinys \u2013 \u0161velnumas, dr\u0117gm\u0117 ir gaiva su Negyvosios j\u016bros mineralais kasdieniam naudojimui ar kelion\u0117ms.\",\"breadcrumb\":{\"@id\":\"https:\\\/\\\/www.malinashop.lt\\\/lt_lt\\\/shop\\\/dovanu-rinkinys-ahava-beyond-boundaries-the-triple-treat\\\/#breadcrumb\"},\"inLanguage\":\"lt-LT\",\"potentialAction\":[{\"@type\":\"ReadAction\",\"target\":[\"https:\\\/\\\/www.malinashop.lt\\\/lt_lt\\\/shop\\\/dovanu-rinkinys-ahava-beyond-boundaries-the-triple-treat\\\/\"]}]},{\"@type\":\"ImageObject\",\"inLanguage\":\"lt-LT\",\"@id\":\"https:\\\/\\\/www.malinashop.lt\\\/lt_lt\\\/shop\\\/dovanu-rinkinys-ahava-beyond-boundaries-the-triple-treat\\\/#primaryimage\",\"url\":\"https:\\\/\\\/www.malinashop.lt\\\/wp-content\\\/uploads\\\/2025\\\/03\\\/ahava-beyond-boundaries-the-triple-treat-dovanu-rinkinys.jpg\",\"contentUrl\":\"https:\\\/\\\/www.malinashop.lt\\\/wp-content\\\/uploads\\\/2025\\\/03\\\/ahava-beyond-boundaries-the-triple-treat-dovanu-rinkinys.jpg\",\"width\":1563,\"height\":1563},{\"@type\":\"BreadcrumbList\",\"@id\":\"https:\\\/\\\/www.malinashop.lt\\\/lt_lt\\\/shop\\\/dovanu-rinkinys-ahava-beyond-boundaries-the-triple-treat\\\/#breadcrumb\",\"itemListElement\":[{\"@type\":\"ListItem\",\"position\":1,\"name\":\"Home\",\"item\":\"https:\\\/\\\/www.malinashop.lt\\\/en\\\/\"},{\"@type\":\"ListItem\",\"position\":2,\"name\":\"Parduotuv\u0117\",\"item\":\"https:\\\/\\\/www.malinashop.lt\\\/en\\\/parduotuve\\\/\"},{\"@type\":\"ListItem\",\"position\":3,\"name\":\"DOVAN\u0172 RINKINYS AHAVA BEYOND BOUNDARIES THE TRIPLE TREAT\"}]},{\"@type\":\"WebSite\",\"@id\":\"https:\\\/\\\/www.malinashop.lt\\\/en\\\/#website\",\"url\":\"https:\\\/\\\/www.malinashop.lt\\\/en\\\/\",\"name\":\"COM Group Ecommerce\",\"description\":\"MalinaShop.lt - Gro\u017eio ir sveikatos produktai i\u0161 patikim\u0173 preki\u0173 \u017eenkl\u0173. Atraskite auk\u0161tos kokyb\u0117s kosmetik\u0105 u\u017e puiki\u0105 kain\u0105.\",\"publisher\":{\"@id\":\"https:\\\/\\\/www.malinashop.lt\\\/en\\\/#organization\"},\"potentialAction\":[{\"@type\":\"SearchAction\",\"target\":{\"@type\":\"EntryPoint\",\"urlTemplate\":\"https:\\\/\\\/www.malinashop.lt\\\/en\\\/?s={search_term_string}\"},\"query-input\":{\"@type\":\"PropertyValueSpecification\",\"valueRequired\":true,\"valueName\":\"search_term_string\"}}],\"inLanguage\":\"lt-LT\"},{\"@type\":\"Organization\",\"@id\":\"https:\\\/\\\/www.malinashop.lt\\\/en\\\/#organization\",\"name\":\"COM Group Ecommerce\",\"url\":\"https:\\\/\\\/www.malinashop.lt\\\/en\\\/\",\"logo\":{\"@type\":\"ImageObject\",\"inLanguage\":\"lt-LT\",\"@id\":\"https:\\\/\\\/www.malinashop.lt\\\/en\\\/#\\\/schema\\\/logo\\\/image\\\/\",\"url\":\"https:\\\/\\\/www.malinashop.lt\\\/wp-content\\\/uploads\\\/2024\\\/08\\\/462559670_3787732518133670_9795632669273463_n-e1731525914575.png\",\"contentUrl\":\"https:\\\/\\\/www.malinashop.lt\\\/wp-content\\\/uploads\\\/2024\\\/08\\\/462559670_3787732518133670_9795632669273463_n-e1731525914575.png\",\"width\":180,\"height\":60,\"caption\":\"COM Group Ecommerce\"},\"image\":{\"@id\":\"https:\\\/\\\/www.malinashop.lt\\\/en\\\/#\\\/schema\\\/logo\\\/image\\\/\"}}]}<\/script>\n<!-- \/ Yoast SEO plugin. -->","yoast_head_json":{"title":"DOVAN\u0172 RINKINYS AHAVA BEYOND BOUNDARIES THE TRIPLE TREAT - MalinaShop.lt J\u016bs\u0173 sveikatai ir gro\u017eiui.","description":"AHAVA Mineral k\u016bno prie\u017ei\u016bros rinkinys \u2013 \u0161velnumas, dr\u0117gm\u0117 ir gaiva su Negyvosios j\u016bros mineralais kasdieniam naudojimui ar kelion\u0117ms.","robots":{"index":"index","follow":"follow","max-snippet":"max-snippet:-1","max-image-preview":"max-image-preview:large","max-video-preview":"max-video-preview:-1"},"canonical":"https:\/\/www.malinashop.lt\/lt_lt\/shop\/dovanu-rinkinys-ahava-beyond-boundaries-the-triple-treat\/","og_locale":"lt_LT","og_type":"article","og_title":"DOVAN\u0172 RINKINYS AHAVA BEYOND BOUNDARIES THE TRIPLE TREAT - MalinaShop.lt J\u016bs\u0173 sveikatai ir gro\u017eiui.","og_description":"AHAVA Mineral k\u016bno prie\u017ei\u016bros rinkinys \u2013 \u0161velnumas, dr\u0117gm\u0117 ir gaiva su Negyvosios j\u016bros mineralais kasdieniam naudojimui ar kelion\u0117ms.","og_url":"https:\/\/www.malinashop.lt\/lt_lt\/shop\/dovanu-rinkinys-ahava-beyond-boundaries-the-triple-treat\/","og_site_name":"MalinaShop.lt J\u016bs\u0173 sveikatai ir gro\u017eiui.","article_modified_time":"2026-04-07T18:29:18+00:00","og_image":[{"width":1563,"height":1563,"url":"https:\/\/www.malinashop.lt\/wp-content\/uploads\/2025\/03\/ahava-beyond-boundaries-the-triple-treat-dovanu-rinkinys.jpg","type":"image\/jpeg"}],"twitter_card":"summary_large_image","schema":{"@context":"https:\/\/schema.org","@graph":[{"@type":"WebPage","@id":"https:\/\/www.malinashop.lt\/lt_lt\/shop\/dovanu-rinkinys-ahava-beyond-boundaries-the-triple-treat\/","url":"https:\/\/www.malinashop.lt\/lt_lt\/shop\/dovanu-rinkinys-ahava-beyond-boundaries-the-triple-treat\/","name":"DOVAN\u0172 RINKINYS AHAVA BEYOND BOUNDARIES THE TRIPLE TREAT - MalinaShop.lt J\u016bs\u0173 sveikatai ir gro\u017eiui.","isPartOf":{"@id":"https:\/\/www.malinashop.lt\/en\/#website"},"primaryImageOfPage":{"@id":"https:\/\/www.malinashop.lt\/lt_lt\/shop\/dovanu-rinkinys-ahava-beyond-boundaries-the-triple-treat\/#primaryimage"},"image":{"@id":"https:\/\/www.malinashop.lt\/lt_lt\/shop\/dovanu-rinkinys-ahava-beyond-boundaries-the-triple-treat\/#primaryimage"},"thumbnailUrl":"https:\/\/www.malinashop.lt\/wp-content\/uploads\/2025\/03\/ahava-beyond-boundaries-the-triple-treat-dovanu-rinkinys.jpg","datePublished":"2025-03-18T10:34:20+00:00","dateModified":"2026-04-07T18:29:18+00:00","description":"AHAVA Mineral k\u016bno prie\u017ei\u016bros rinkinys \u2013 \u0161velnumas, dr\u0117gm\u0117 ir gaiva su Negyvosios j\u016bros mineralais kasdieniam naudojimui ar kelion\u0117ms.","breadcrumb":{"@id":"https:\/\/www.malinashop.lt\/lt_lt\/shop\/dovanu-rinkinys-ahava-beyond-boundaries-the-triple-treat\/#breadcrumb"},"inLanguage":"lt-LT","potentialAction":[{"@type":"ReadAction","target":["https:\/\/www.malinashop.lt\/lt_lt\/shop\/dovanu-rinkinys-ahava-beyond-boundaries-the-triple-treat\/"]}]},{"@type":"ImageObject","inLanguage":"lt-LT","@id":"https:\/\/www.malinashop.lt\/lt_lt\/shop\/dovanu-rinkinys-ahava-beyond-boundaries-the-triple-treat\/#primaryimage","url":"https:\/\/www.malinashop.lt\/wp-content\/uploads\/2025\/03\/ahava-beyond-boundaries-the-triple-treat-dovanu-rinkinys.jpg","contentUrl":"https:\/\/www.malinashop.lt\/wp-content\/uploads\/2025\/03\/ahava-beyond-boundaries-the-triple-treat-dovanu-rinkinys.jpg","width":1563,"height":1563},{"@type":"BreadcrumbList","@id":"https:\/\/www.malinashop.lt\/lt_lt\/shop\/dovanu-rinkinys-ahava-beyond-boundaries-the-triple-treat\/#breadcrumb","itemListElement":[{"@type":"ListItem","position":1,"name":"Home","item":"https:\/\/www.malinashop.lt\/en\/"},{"@type":"ListItem","position":2,"name":"Parduotuv\u0117","item":"https:\/\/www.malinashop.lt\/en\/parduotuve\/"},{"@type":"ListItem","position":3,"name":"DOVAN\u0172 RINKINYS AHAVA BEYOND BOUNDARIES THE TRIPLE TREAT"}]},{"@type":"WebSite","@id":"https:\/\/www.malinashop.lt\/en\/#website","url":"https:\/\/www.malinashop.lt\/en\/","name":"COM Group Ecommerce","description":"MalinaShop.lt - Gro\u017eio ir sveikatos produktai i\u0161 patikim\u0173 preki\u0173 \u017eenkl\u0173. Atraskite auk\u0161tos kokyb\u0117s kosmetik\u0105 u\u017e puiki\u0105 kain\u0105.","publisher":{"@id":"https:\/\/www.malinashop.lt\/en\/#organization"},"potentialAction":[{"@type":"SearchAction","target":{"@type":"EntryPoint","urlTemplate":"https:\/\/www.malinashop.lt\/en\/?s={search_term_string}"},"query-input":{"@type":"PropertyValueSpecification","valueRequired":true,"valueName":"search_term_string"}}],"inLanguage":"lt-LT"},{"@type":"Organization","@id":"https:\/\/www.malinashop.lt\/en\/#organization","name":"COM Group Ecommerce","url":"https:\/\/www.malinashop.lt\/en\/","logo":{"@type":"ImageObject","inLanguage":"lt-LT","@id":"https:\/\/www.malinashop.lt\/en\/#\/schema\/logo\/image\/","url":"https:\/\/www.malinashop.lt\/wp-content\/uploads\/2024\/08\/462559670_3787732518133670_9795632669273463_n-e1731525914575.png","contentUrl":"https:\/\/www.malinashop.lt\/wp-content\/uploads\/2024\/08\/462559670_3787732518133670_9795632669273463_n-e1731525914575.png","width":180,"height":60,"caption":"COM Group Ecommerce"},"image":{"@id":"https:\/\/www.malinashop.lt\/en\/#\/schema\/logo\/image\/"}}]}},"jetpack_sharing_enabled":true,"_links":{"self":[{"href":"https:\/\/www.malinashop.lt\/lt_lt\/wp-json\/wp\/v2\/product\/49463","targetHints":{"allow":["GET"]}}],"collection":[{"href":"https:\/\/www.malinashop.lt\/lt_lt\/wp-json\/wp\/v2\/product"}],"about":[{"href":"https:\/\/www.malinashop.lt\/lt_lt\/wp-json\/wp\/v2\/types\/product"}],"version-history":[{"count":2,"href":"https:\/\/www.malinashop.lt\/lt_lt\/wp-json\/wp\/v2\/product\/49463\/revisions"}],"predecessor-version":[{"id":53893,"href":"https:\/\/www.malinashop.lt\/lt_lt\/wp-json\/wp\/v2\/product\/49463\/revisions\/53893"}],"wp:featuredmedia":[{"embeddable":true,"href":"https:\/\/www.malinashop.lt\/lt_lt\/wp-json\/wp\/v2\/media\/44285"}],"wp:attachment":[{"href":"https:\/\/www.malinashop.lt\/lt_lt\/wp-json\/wp\/v2\/media?parent=49463"}],"wp:term":[{"taxonomy":"product_brand","embeddable":true,"href":"https:\/\/www.malinashop.lt\/lt_lt\/wp-json\/wp\/v2\/product_brand?post=49463"},{"taxonomy":"product_cat","embeddable":true,"href":"https:\/\/www.malinashop.lt\/lt_lt\/wp-json\/wp\/v2\/product_cat?post=49463"},{"taxonomy":"product_tag","embeddable":true,"href":"https:\/\/www.malinashop.lt\/lt_lt\/wp-json\/wp\/v2\/product_tag?post=49463"}],"curies":[{"name":"wp","href":"https:\/\/api.w.org\/{rel}","templated":true}]}}