{"id":49401,"date":"2025-03-18T13:34:05","date_gmt":"2025-03-18T10:34:05","guid":{"rendered":"https:\/\/malinashop.lt\/?post_type=product&#038;p=49401"},"modified":"2026-02-10T11:42:04","modified_gmt":"2026-02-10T08:42:04","slug":"trio-megineliu-rinkinys-ahava-youth-boosters-try-me","status":"publish","type":"product","link":"https:\/\/www.malinashop.lt\/lt_lt\/shop\/trio-megineliu-rinkinys-ahava-youth-boosters-try-me\/","title":{"rendered":"TRIO M\u0116GIN\u0116LI\u0172 RINKINYS AHAVA YOUTH BOOSTERS TRY ME"},"content":{"rendered":"<p class=\"\" data-start=\"221\" data-end=\"616\">Atraskite pa\u017eang\u0173 odos prie\u017ei\u016bros rinkin\u012f, sukurt\u0105 remiantis unikaliomis Negyvosios j\u016bros mineral\u0173 savyb\u0117mis. Rinkin\u012f sudaro trys stipriai veikiantys produktai su patentuotu <strong data-start=\"412\" data-end=\"424\">Osmoter\u2122<\/strong> ir <strong data-start=\"428\" data-end=\"451\">Crystal Osmoter\u2122 X6<\/strong> kompleksais, kurie intensyviai dr\u0117kina, \u0161viesina, stangrina ir suteikia odai jaunatvi\u0161ko \u0161vyt\u0117jimo. Skirtas brandesnei, pavargusiai ar gyvybingum\u0105 praradusiai odai.<\/p>\n<hr class=\"\" data-start=\"618\" data-end=\"621\" \/>\n<h3 class=\"\" data-start=\"623\" data-end=\"646\"><strong data-start=\"627\" data-end=\"646\">Rinkin\u012f sudaro:<\/strong><\/h3>\n<h4 class=\"\" data-start=\"648\" data-end=\"707\">\ud83c\udf0a <strong data-start=\"656\" data-end=\"707\">Negyvosios j\u016bros koncentratas Osmoter\u2122 paakiams<\/strong><\/h4>\n<p class=\"\" data-start=\"708\" data-end=\"755\">Jauninantis bei energizuojantis paaki\u0173 serumas.<\/p>\n<ul data-start=\"756\" data-end=\"910\">\n<li class=\"\" data-start=\"756\" data-end=\"815\">\n<p class=\"\" data-start=\"758\" data-end=\"815\">Ma\u017eina nuovargio po\u017eymius, tamsius ratilus bei paburkim\u0105;<\/p>\n<\/li>\n<li class=\"\" data-start=\"816\" data-end=\"854\">\n<p class=\"\" data-start=\"818\" data-end=\"854\">Dr\u0117kina ir glotnina od\u0105 aplink akis;<\/p>\n<\/li>\n<li class=\"\" data-start=\"855\" data-end=\"910\">\n<p class=\"\" data-start=\"857\" data-end=\"910\">Suteikia spindesio ir akimirksniu atgaivina \u017evilgsn\u012f.<\/p>\n<\/li>\n<\/ul>\n<h4 class=\"\" data-start=\"912\" data-end=\"972\">\ud83d\udc8e <strong data-start=\"920\" data-end=\"972\">Youth Boosters Crystal Osmoter\u2122 X6 veido serumas<\/strong><\/h4>\n<p class=\"\" data-start=\"973\" data-end=\"1044\">Lengvos konsistencijos lipidinis serumas, \u012fsigeriantis tarsi antra oda.<\/p>\n<ul data-start=\"1045\" data-end=\"1241\">\n<li class=\"\" data-start=\"1045\" data-end=\"1101\">\n<p class=\"\" data-start=\"1047\" data-end=\"1101\">Prisotina od\u0105 mineralais ir veikliosiomis med\u017eiagomis;<\/p>\n<\/li>\n<li class=\"\" data-start=\"1102\" data-end=\"1164\">\n<p class=\"\" data-start=\"1104\" data-end=\"1164\">Pastebimai ma\u017eina rauk\u0161les, stangrina ir gerina odos tonus\u0105;<\/p>\n<\/li>\n<li class=\"\" data-start=\"1165\" data-end=\"1241\">\n<p class=\"\" data-start=\"1167\" data-end=\"1241\">Su Osmoter\u2122 X6 \u2013 6 kartus didesne Negyvosios j\u016bros mineral\u0173 koncentracija.<\/p>\n<\/li>\n<\/ul>\n<h4 class=\"\" data-start=\"1243\" data-end=\"1321\">\u2728 <strong data-start=\"1250\" data-end=\"1321\">Youth Boosters Crystal Osmoter\u2122 X6 tekst\u016br\u0105 gerinantis veido kremas<\/strong><\/h4>\n<p class=\"\" data-start=\"1322\" data-end=\"1393\">Maitinantis gelinis kremas intensyviam dr\u0117kinimui ir odos elastingumui.<\/p>\n<ul data-start=\"1394\" data-end=\"1567\">\n<li class=\"\" data-start=\"1394\" data-end=\"1436\">\n<p class=\"\" data-start=\"1396\" data-end=\"1436\">Skirtas pagerinti odos tekst\u016br\u0105 ir ton\u0105;<\/p>\n<\/li>\n<li class=\"\" data-start=\"1437\" data-end=\"1496\">\n<p class=\"\" data-start=\"1439\" data-end=\"1496\">Maitina, mink\u0161tina ir suteikia ilgalaik\u012f komforto jausm\u0105;<\/p>\n<\/li>\n<li class=\"\" data-start=\"1497\" data-end=\"1567\">\n<p class=\"\" data-start=\"1499\" data-end=\"1567\">I\u0161tirpsta ant odos, suteikdamas \u0161ilko \u0161velnumo poj\u016bt\u012f bei \u0161vyt\u0117jim\u0105.<\/p>\n<\/li>\n<\/ul>\n<hr class=\"\" data-start=\"1569\" data-end=\"1572\" \/>\n<p class=\"\" data-start=\"1574\" data-end=\"1694\"><strong data-start=\"1574\" data-end=\"1694\">Tinka visiems odos tipams, ypa\u010d \u2013 brand\u017eiai, pavargusiai ar dr\u0117gm\u0119 praradusiai odai. Be paraben\u0173, vegani\u0161ka formul\u0117.<\/strong><\/p>\n<div class=\"c-product__col-1\">\n<div class=\"js-sticky-sidebar-nearby\">\n<div class=\"c-product__tabs woocommerce-tabs wc-tabs-wrapper c-product__tabs--desktop\">\n<div id=\"tab-description\" class=\"c-product__tabs-panel woocommerce-Tabs-panel woocommerce-Tabs-panel--description panel entry-content wc-tab current visible\" role=\"tabpanel\" aria-labelledby=\"tab-title-description\">\n<p data-start=\"609\" data-end=\"701\"><img decoding=\"async\" class=\"emoji\" role=\"img\" src=\"https:\/\/s.w.org\/images\/core\/emoji\/15.0.3\/svg\/1f4e6.svg\" alt=\"\ud83d\udce6\" \/>\u00a0<strong data-start=\"1025\" data-end=\"1053\">I\u0161siuntimas per 2\/4 d.d.<\/strong><\/p>\n<\/div>\n<\/div>\n<\/div>\n<\/div>\n","protected":false},"excerpt":{"rendered":"<p>Atraskite pa\u017eang\u0173 odos prie\u017ei\u016bros rinkin\u012f, sukurt\u0105 remiantis unikaliomis Negyvosios j\u016bros mineral\u0173 savyb\u0117mis. Rinkin\u012f sudaro trys stipriai veikiantys produktai su patentuotu Osmoter\u2122 ir&hellip;<\/p>\n","protected":false},"featured_media":44177,"template":"","meta":[],"product_brand":[1313],"product_cat":[549,562,187,550,728],"product_tag":[1586],"class_list":{"0":"post-49401","1":"product","2":"type-product","3":"status-publish","4":"has-post-thumbnail","6":"product_brand-ahava","7":"product_cat-paakiu-prieziuros-priemones","8":"product_cat-sandelio-valymas","9":"product_cat-veido-kremai","10":"product_cat-veido-serumai","11":"product_cat-veidui","12":"product_tag-ahava","14":"first","15":"instock","16":"sale","17":"purchasable","18":"product-type-simple"},"yoast_head":"<!-- This site is optimized with the Yoast SEO plugin v27.3 - https:\/\/yoast.com\/product\/yoast-seo-wordpress\/ -->\n<title>TRIO M\u0116GIN\u0116LI\u0172 RINKINYS AHAVA YOUTH BOOSTERS TRY ME - MalinaShop.lt J\u016bs\u0173 sveikatai ir gro\u017eiui.<\/title>\n<meta name=\"description\" content=\"Paaki\u0173 serumas, veido serumas ir gelinis kremas su Osmoter\u2122 X6 \u2013 intensyviai dr\u0117kina, ma\u017eina sen\u0117jimo po\u017eymius ir suteikia odai spindesio.\" \/>\n<meta name=\"robots\" content=\"index, follow, max-snippet:-1, max-image-preview:large, max-video-preview:-1\" \/>\n<link rel=\"canonical\" href=\"https:\/\/www.malinashop.lt\/lt_lt\/shop\/trio-megineliu-rinkinys-ahava-youth-boosters-try-me\/\" \/>\n<meta property=\"og:locale\" content=\"lt_LT\" \/>\n<meta property=\"og:type\" content=\"article\" \/>\n<meta property=\"og:title\" content=\"TRIO M\u0116GIN\u0116LI\u0172 RINKINYS AHAVA YOUTH BOOSTERS TRY ME - MalinaShop.lt J\u016bs\u0173 sveikatai ir gro\u017eiui.\" \/>\n<meta property=\"og:description\" content=\"Paaki\u0173 serumas, veido serumas ir gelinis kremas su Osmoter\u2122 X6 \u2013 intensyviai dr\u0117kina, ma\u017eina sen\u0117jimo po\u017eymius ir suteikia odai spindesio.\" \/>\n<meta property=\"og:url\" content=\"https:\/\/www.malinashop.lt\/lt_lt\/shop\/trio-megineliu-rinkinys-ahava-youth-boosters-try-me\/\" \/>\n<meta property=\"og:site_name\" content=\"MalinaShop.lt J\u016bs\u0173 sveikatai ir gro\u017eiui.\" \/>\n<meta property=\"article:modified_time\" content=\"2026-02-10T08:42:04+00:00\" \/>\n<meta property=\"og:image\" content=\"https:\/\/www.malinashop.lt\/wp-content\/uploads\/2025\/03\/ahava-youth-boosters-try-me-trio.jpg\" \/>\n\t<meta property=\"og:image:width\" content=\"1563\" \/>\n\t<meta property=\"og:image:height\" content=\"1563\" \/>\n\t<meta property=\"og:image:type\" content=\"image\/jpeg\" \/>\n<meta name=\"twitter:card\" content=\"summary_large_image\" \/>\n<script type=\"application\/ld+json\" class=\"yoast-schema-graph\">{\"@context\":\"https:\\\/\\\/schema.org\",\"@graph\":[{\"@type\":\"WebPage\",\"@id\":\"https:\\\/\\\/www.malinashop.lt\\\/lt_lt\\\/shop\\\/trio-megineliu-rinkinys-ahava-youth-boosters-try-me\\\/\",\"url\":\"https:\\\/\\\/www.malinashop.lt\\\/lt_lt\\\/shop\\\/trio-megineliu-rinkinys-ahava-youth-boosters-try-me\\\/\",\"name\":\"TRIO M\u0116GIN\u0116LI\u0172 RINKINYS AHAVA YOUTH BOOSTERS TRY ME - MalinaShop.lt J\u016bs\u0173 sveikatai ir gro\u017eiui.\",\"isPartOf\":{\"@id\":\"https:\\\/\\\/www.malinashop.lt\\\/en\\\/#website\"},\"primaryImageOfPage\":{\"@id\":\"https:\\\/\\\/www.malinashop.lt\\\/lt_lt\\\/shop\\\/trio-megineliu-rinkinys-ahava-youth-boosters-try-me\\\/#primaryimage\"},\"image\":{\"@id\":\"https:\\\/\\\/www.malinashop.lt\\\/lt_lt\\\/shop\\\/trio-megineliu-rinkinys-ahava-youth-boosters-try-me\\\/#primaryimage\"},\"thumbnailUrl\":\"https:\\\/\\\/www.malinashop.lt\\\/wp-content\\\/uploads\\\/2025\\\/03\\\/ahava-youth-boosters-try-me-trio.jpg\",\"datePublished\":\"2025-03-18T10:34:05+00:00\",\"dateModified\":\"2026-02-10T08:42:04+00:00\",\"description\":\"Paaki\u0173 serumas, veido serumas ir gelinis kremas su Osmoter\u2122 X6 \u2013 intensyviai dr\u0117kina, ma\u017eina sen\u0117jimo po\u017eymius ir suteikia odai spindesio.\",\"breadcrumb\":{\"@id\":\"https:\\\/\\\/www.malinashop.lt\\\/lt_lt\\\/shop\\\/trio-megineliu-rinkinys-ahava-youth-boosters-try-me\\\/#breadcrumb\"},\"inLanguage\":\"lt-LT\",\"potentialAction\":[{\"@type\":\"ReadAction\",\"target\":[\"https:\\\/\\\/www.malinashop.lt\\\/lt_lt\\\/shop\\\/trio-megineliu-rinkinys-ahava-youth-boosters-try-me\\\/\"]}]},{\"@type\":\"ImageObject\",\"inLanguage\":\"lt-LT\",\"@id\":\"https:\\\/\\\/www.malinashop.lt\\\/lt_lt\\\/shop\\\/trio-megineliu-rinkinys-ahava-youth-boosters-try-me\\\/#primaryimage\",\"url\":\"https:\\\/\\\/www.malinashop.lt\\\/wp-content\\\/uploads\\\/2025\\\/03\\\/ahava-youth-boosters-try-me-trio.jpg\",\"contentUrl\":\"https:\\\/\\\/www.malinashop.lt\\\/wp-content\\\/uploads\\\/2025\\\/03\\\/ahava-youth-boosters-try-me-trio.jpg\",\"width\":1563,\"height\":1563},{\"@type\":\"BreadcrumbList\",\"@id\":\"https:\\\/\\\/www.malinashop.lt\\\/lt_lt\\\/shop\\\/trio-megineliu-rinkinys-ahava-youth-boosters-try-me\\\/#breadcrumb\",\"itemListElement\":[{\"@type\":\"ListItem\",\"position\":1,\"name\":\"Home\",\"item\":\"https:\\\/\\\/www.malinashop.lt\\\/en\\\/\"},{\"@type\":\"ListItem\",\"position\":2,\"name\":\"Parduotuv\u0117\",\"item\":\"https:\\\/\\\/www.malinashop.lt\\\/en\\\/parduotuve\\\/\"},{\"@type\":\"ListItem\",\"position\":3,\"name\":\"TRIO M\u0116GIN\u0116LI\u0172 RINKINYS AHAVA YOUTH BOOSTERS TRY ME\"}]},{\"@type\":\"WebSite\",\"@id\":\"https:\\\/\\\/www.malinashop.lt\\\/en\\\/#website\",\"url\":\"https:\\\/\\\/www.malinashop.lt\\\/en\\\/\",\"name\":\"COM Group Ecommerce\",\"description\":\"MalinaShop.lt - Gro\u017eio ir sveikatos produktai i\u0161 patikim\u0173 preki\u0173 \u017eenkl\u0173. Atraskite auk\u0161tos kokyb\u0117s kosmetik\u0105 u\u017e puiki\u0105 kain\u0105.\",\"publisher\":{\"@id\":\"https:\\\/\\\/www.malinashop.lt\\\/en\\\/#organization\"},\"potentialAction\":[{\"@type\":\"SearchAction\",\"target\":{\"@type\":\"EntryPoint\",\"urlTemplate\":\"https:\\\/\\\/www.malinashop.lt\\\/en\\\/?s={search_term_string}\"},\"query-input\":{\"@type\":\"PropertyValueSpecification\",\"valueRequired\":true,\"valueName\":\"search_term_string\"}}],\"inLanguage\":\"lt-LT\"},{\"@type\":\"Organization\",\"@id\":\"https:\\\/\\\/www.malinashop.lt\\\/en\\\/#organization\",\"name\":\"COM Group Ecommerce\",\"url\":\"https:\\\/\\\/www.malinashop.lt\\\/en\\\/\",\"logo\":{\"@type\":\"ImageObject\",\"inLanguage\":\"lt-LT\",\"@id\":\"https:\\\/\\\/www.malinashop.lt\\\/en\\\/#\\\/schema\\\/logo\\\/image\\\/\",\"url\":\"https:\\\/\\\/www.malinashop.lt\\\/wp-content\\\/uploads\\\/2024\\\/08\\\/462559670_3787732518133670_9795632669273463_n-e1731525914575.png\",\"contentUrl\":\"https:\\\/\\\/www.malinashop.lt\\\/wp-content\\\/uploads\\\/2024\\\/08\\\/462559670_3787732518133670_9795632669273463_n-e1731525914575.png\",\"width\":180,\"height\":60,\"caption\":\"COM Group Ecommerce\"},\"image\":{\"@id\":\"https:\\\/\\\/www.malinashop.lt\\\/en\\\/#\\\/schema\\\/logo\\\/image\\\/\"}}]}<\/script>\n<!-- \/ Yoast SEO plugin. -->","yoast_head_json":{"title":"TRIO M\u0116GIN\u0116LI\u0172 RINKINYS AHAVA YOUTH BOOSTERS TRY ME - MalinaShop.lt J\u016bs\u0173 sveikatai ir gro\u017eiui.","description":"Paaki\u0173 serumas, veido serumas ir gelinis kremas su Osmoter\u2122 X6 \u2013 intensyviai dr\u0117kina, ma\u017eina sen\u0117jimo po\u017eymius ir suteikia odai spindesio.","robots":{"index":"index","follow":"follow","max-snippet":"max-snippet:-1","max-image-preview":"max-image-preview:large","max-video-preview":"max-video-preview:-1"},"canonical":"https:\/\/www.malinashop.lt\/lt_lt\/shop\/trio-megineliu-rinkinys-ahava-youth-boosters-try-me\/","og_locale":"lt_LT","og_type":"article","og_title":"TRIO M\u0116GIN\u0116LI\u0172 RINKINYS AHAVA YOUTH BOOSTERS TRY ME - MalinaShop.lt J\u016bs\u0173 sveikatai ir gro\u017eiui.","og_description":"Paaki\u0173 serumas, veido serumas ir gelinis kremas su Osmoter\u2122 X6 \u2013 intensyviai dr\u0117kina, ma\u017eina sen\u0117jimo po\u017eymius ir suteikia odai spindesio.","og_url":"https:\/\/www.malinashop.lt\/lt_lt\/shop\/trio-megineliu-rinkinys-ahava-youth-boosters-try-me\/","og_site_name":"MalinaShop.lt J\u016bs\u0173 sveikatai ir gro\u017eiui.","article_modified_time":"2026-02-10T08:42:04+00:00","og_image":[{"width":1563,"height":1563,"url":"https:\/\/www.malinashop.lt\/wp-content\/uploads\/2025\/03\/ahava-youth-boosters-try-me-trio.jpg","type":"image\/jpeg"}],"twitter_card":"summary_large_image","schema":{"@context":"https:\/\/schema.org","@graph":[{"@type":"WebPage","@id":"https:\/\/www.malinashop.lt\/lt_lt\/shop\/trio-megineliu-rinkinys-ahava-youth-boosters-try-me\/","url":"https:\/\/www.malinashop.lt\/lt_lt\/shop\/trio-megineliu-rinkinys-ahava-youth-boosters-try-me\/","name":"TRIO M\u0116GIN\u0116LI\u0172 RINKINYS AHAVA YOUTH BOOSTERS TRY ME - MalinaShop.lt J\u016bs\u0173 sveikatai ir gro\u017eiui.","isPartOf":{"@id":"https:\/\/www.malinashop.lt\/en\/#website"},"primaryImageOfPage":{"@id":"https:\/\/www.malinashop.lt\/lt_lt\/shop\/trio-megineliu-rinkinys-ahava-youth-boosters-try-me\/#primaryimage"},"image":{"@id":"https:\/\/www.malinashop.lt\/lt_lt\/shop\/trio-megineliu-rinkinys-ahava-youth-boosters-try-me\/#primaryimage"},"thumbnailUrl":"https:\/\/www.malinashop.lt\/wp-content\/uploads\/2025\/03\/ahava-youth-boosters-try-me-trio.jpg","datePublished":"2025-03-18T10:34:05+00:00","dateModified":"2026-02-10T08:42:04+00:00","description":"Paaki\u0173 serumas, veido serumas ir gelinis kremas su Osmoter\u2122 X6 \u2013 intensyviai dr\u0117kina, ma\u017eina sen\u0117jimo po\u017eymius ir suteikia odai spindesio.","breadcrumb":{"@id":"https:\/\/www.malinashop.lt\/lt_lt\/shop\/trio-megineliu-rinkinys-ahava-youth-boosters-try-me\/#breadcrumb"},"inLanguage":"lt-LT","potentialAction":[{"@type":"ReadAction","target":["https:\/\/www.malinashop.lt\/lt_lt\/shop\/trio-megineliu-rinkinys-ahava-youth-boosters-try-me\/"]}]},{"@type":"ImageObject","inLanguage":"lt-LT","@id":"https:\/\/www.malinashop.lt\/lt_lt\/shop\/trio-megineliu-rinkinys-ahava-youth-boosters-try-me\/#primaryimage","url":"https:\/\/www.malinashop.lt\/wp-content\/uploads\/2025\/03\/ahava-youth-boosters-try-me-trio.jpg","contentUrl":"https:\/\/www.malinashop.lt\/wp-content\/uploads\/2025\/03\/ahava-youth-boosters-try-me-trio.jpg","width":1563,"height":1563},{"@type":"BreadcrumbList","@id":"https:\/\/www.malinashop.lt\/lt_lt\/shop\/trio-megineliu-rinkinys-ahava-youth-boosters-try-me\/#breadcrumb","itemListElement":[{"@type":"ListItem","position":1,"name":"Home","item":"https:\/\/www.malinashop.lt\/en\/"},{"@type":"ListItem","position":2,"name":"Parduotuv\u0117","item":"https:\/\/www.malinashop.lt\/en\/parduotuve\/"},{"@type":"ListItem","position":3,"name":"TRIO M\u0116GIN\u0116LI\u0172 RINKINYS AHAVA YOUTH BOOSTERS TRY ME"}]},{"@type":"WebSite","@id":"https:\/\/www.malinashop.lt\/en\/#website","url":"https:\/\/www.malinashop.lt\/en\/","name":"COM Group Ecommerce","description":"MalinaShop.lt - Gro\u017eio ir sveikatos produktai i\u0161 patikim\u0173 preki\u0173 \u017eenkl\u0173. Atraskite auk\u0161tos kokyb\u0117s kosmetik\u0105 u\u017e puiki\u0105 kain\u0105.","publisher":{"@id":"https:\/\/www.malinashop.lt\/en\/#organization"},"potentialAction":[{"@type":"SearchAction","target":{"@type":"EntryPoint","urlTemplate":"https:\/\/www.malinashop.lt\/en\/?s={search_term_string}"},"query-input":{"@type":"PropertyValueSpecification","valueRequired":true,"valueName":"search_term_string"}}],"inLanguage":"lt-LT"},{"@type":"Organization","@id":"https:\/\/www.malinashop.lt\/en\/#organization","name":"COM Group Ecommerce","url":"https:\/\/www.malinashop.lt\/en\/","logo":{"@type":"ImageObject","inLanguage":"lt-LT","@id":"https:\/\/www.malinashop.lt\/en\/#\/schema\/logo\/image\/","url":"https:\/\/www.malinashop.lt\/wp-content\/uploads\/2024\/08\/462559670_3787732518133670_9795632669273463_n-e1731525914575.png","contentUrl":"https:\/\/www.malinashop.lt\/wp-content\/uploads\/2024\/08\/462559670_3787732518133670_9795632669273463_n-e1731525914575.png","width":180,"height":60,"caption":"COM Group Ecommerce"},"image":{"@id":"https:\/\/www.malinashop.lt\/en\/#\/schema\/logo\/image\/"}}]}},"jetpack_sharing_enabled":true,"_links":{"self":[{"href":"https:\/\/www.malinashop.lt\/lt_lt\/wp-json\/wp\/v2\/product\/49401","targetHints":{"allow":["GET"]}}],"collection":[{"href":"https:\/\/www.malinashop.lt\/lt_lt\/wp-json\/wp\/v2\/product"}],"about":[{"href":"https:\/\/www.malinashop.lt\/lt_lt\/wp-json\/wp\/v2\/types\/product"}],"version-history":[{"count":4,"href":"https:\/\/www.malinashop.lt\/lt_lt\/wp-json\/wp\/v2\/product\/49401\/revisions"}],"predecessor-version":[{"id":58363,"href":"https:\/\/www.malinashop.lt\/lt_lt\/wp-json\/wp\/v2\/product\/49401\/revisions\/58363"}],"wp:featuredmedia":[{"embeddable":true,"href":"https:\/\/www.malinashop.lt\/lt_lt\/wp-json\/wp\/v2\/media\/44177"}],"wp:attachment":[{"href":"https:\/\/www.malinashop.lt\/lt_lt\/wp-json\/wp\/v2\/media?parent=49401"}],"wp:term":[{"taxonomy":"product_brand","embeddable":true,"href":"https:\/\/www.malinashop.lt\/lt_lt\/wp-json\/wp\/v2\/product_brand?post=49401"},{"taxonomy":"product_cat","embeddable":true,"href":"https:\/\/www.malinashop.lt\/lt_lt\/wp-json\/wp\/v2\/product_cat?post=49401"},{"taxonomy":"product_tag","embeddable":true,"href":"https:\/\/www.malinashop.lt\/lt_lt\/wp-json\/wp\/v2\/product_tag?post=49401"}],"curies":[{"name":"wp","href":"https:\/\/api.w.org\/{rel}","templated":true}]}}