{"id":44079,"date":"2025-03-13T01:09:48","date_gmt":"2025-03-12T22:09:48","guid":{"rendered":"https:\/\/malinashop.lt\/?post_type=product&#038;p=44079"},"modified":"2026-04-06T19:03:46","modified_gmt":"2026-04-06T16:03:46","slug":"mia-makeup-drippy-blush-cheek-tint-01-true-desire-skysti-skaistalai-5-ml","status":"publish","type":"product","link":"https:\/\/www.malinashop.lt\/lt_lt\/shop\/mia-makeup-drippy-blush-cheek-tint-01-true-desire-skysti-skaistalai-5-ml\/","title":{"rendered":"MIA MAKEUP DRIPPY BLUSH CHEEK TINT 01 TRUE DESIRE skysti skaistalai, 5 ml"},"content":{"rendered":"<h3><strong>MIA MAKEUP DRIPPY BLUSH CHEEK TINT 01 TRUE DESIRE \u2013 nat\u016bralus spindesys ir gaiva<\/strong><\/h3>\n<p>MIA MAKEUP <strong>DRIPPY BLUSH CHEEK TINT 01 TRUE DESIRE<\/strong> \u2013 tai lengvai naudojami skysti skaistalai, suteikiantys veidui gaiv\u0173 ir jaunatvi\u0161k\u0105 \u0161vyt\u0117jim\u0105. \u0160ilkin\u0117 tekst\u016bra tolygiai \u012fsigeria \u012f od\u0105, i\u0161silaikydama vis\u0105 dien\u0105. Reguliuojamas spalvos intensyvumas leid\u017eia sukurti tiek subtil\u0173, tiek ry\u0161k\u0173 efekt\u0105, pritaikyt\u0105 bet kokiai progai.<\/p>\n<h3><strong>Pagrindin\u0117s savyb\u0117s:<\/strong><\/h3>\n<p>\u2714 <strong>Nat\u016bralus efektas<\/strong> \u2013 suteikia sveiko \u0161vyt\u0117jimo \u012fsp\u016bd\u012f<br \/>\u2714 <strong>Lengva skysta tekst\u016bra<\/strong> \u2013 skland\u017eiai \u012fsilieja \u012f od\u0105 be d\u0117mi\u0173 ar gumuliuk\u0173<br \/>\u2714 <strong>Reguliuojamas intensyvumas<\/strong> \u2013 pritaikykite pagal savo poreikius<br \/>\u2714 <strong>Ilgai i\u0161liekantis poveikis<\/strong> \u2013 i\u0161lieka vis\u0105 dien\u0105, neprarasdamas ry\u0161kumo<\/p>\n<h3><strong>Naudojimas:<\/strong><\/h3>\n<p>\u2714 <strong>Paskirstykite 1\u20132 ta\u0161kus<\/strong> ant kiekvieno skruosto<br \/>\u2714 <strong>Pir\u0161tais arba \u0161epet\u0117liu<\/strong> \u0161velniai \u012ftap\u0161nokite \u012f od\u0105, kol spalva susilies su nat\u016braliu atspalviu<br \/>\u2714 <strong>Nor\u0117dami \u201eliftingo\u201c efekto<\/strong>, sklaidykite produkt\u0105 auk\u0161tyn nuo skruost\u0173 link smilkini\u0173<br \/>\u2714 <strong>Papildomam spindesiui<\/strong>, u\u017etepkite \u0161iek tiek priemon\u0117s ant vok\u0173 ir nosies<\/p>\n","protected":false},"excerpt":{"rendered":"<p>MIA MAKEUP DRIPPY BLUSH CHEEK TINT 01 TRUE DESIRE \u2013 nat\u016bralus spindesys ir gaiva<br \/>\n MIA MAKEUP DRIPPY BLUSH CHEEK TINT 01 TRUE DESIRE \u2013 tai lengvai naudojami skysti skaistalai, suteikiantys veidui gaiv\u0173 ir jaunatvi\u0161k\u0105 \u0161vyt\u0117jim\u0105.<\/p>\n","protected":false},"featured_media":44085,"template":"","meta":[],"product_brand":[522],"product_cat":[102,526],"product_tag":[1633],"class_list":{"0":"post-44079","1":"product","2":"type-product","3":"status-publish","4":"has-post-thumbnail","6":"product_brand-mia-makeup","7":"product_cat-dekoratyvine-kosmetika","8":"product_cat-skaistalai","9":"product_tag-mia-makeup","11":"first","12":"instock","13":"sale","14":"taxable","15":"shipping-taxable","16":"purchasable","17":"product-type-simple"},"yoast_head":"<!-- This site is optimized with the Yoast SEO plugin v27.4 - https:\/\/yoast.com\/product\/yoast-seo-wordpress\/ -->\n<title>MIA MAKEUP DRIPPY BLUSH CHEEK TINT 01 TRUE DESIRE skysti skaistalai, 5 ml - MalinaShop.lt J\u016bs\u0173 sveikatai ir gro\u017eiui.<\/title>\n<meta name=\"description\" content=\"MIA MAKEUP DRIPPY BLUSH CHEEK TINT 01 TRUE DESIRE \u2013 nat\u016bralus spindesys ir gaiva  MIA MAKEUP DRIPPY BLUSH CHEEK TINT 01 TRUE DESIRE \u2013 tai lengvai naudojami skysti skaistalai, suteikiantys veidui gaiv\u0173 ir jaunatvi\u0161k\u0105 \u0161vyt\u0117jim\u0105. MIA MAKEUP DRIPPY BLUSH CHEEK TINT 01 TRUE DESIRE \u2013 skysti skaistalai, suteikiantys nat\u016bral\u0173 \u0161vyt\u0117jim\u0105. Lengvai i\u0161sklaidoma, ilgai i\u0161liekanti formul\u0117.\" \/>\n<meta name=\"robots\" content=\"index, follow, max-snippet:-1, max-image-preview:large, max-video-preview:-1\" \/>\n<link rel=\"canonical\" href=\"https:\/\/www.malinashop.lt\/lt_lt\/shop\/mia-makeup-drippy-blush-cheek-tint-01-true-desire-skysti-skaistalai-5-ml\/\" \/>\n<meta property=\"og:locale\" content=\"lt_LT\" \/>\n<meta property=\"og:type\" content=\"article\" \/>\n<meta property=\"og:title\" content=\"MIA MAKEUP DRIPPY BLUSH CHEEK TINT 01 TRUE DESIRE skysti skaistalai, 5 ml - MalinaShop.lt J\u016bs\u0173 sveikatai ir gro\u017eiui.\" \/>\n<meta property=\"og:description\" content=\"MIA MAKEUP DRIPPY BLUSH CHEEK TINT 01 TRUE DESIRE \u2013 nat\u016bralus spindesys ir gaiva  MIA MAKEUP DRIPPY BLUSH CHEEK TINT 01 TRUE DESIRE \u2013 tai lengvai naudojami skysti skaistalai, suteikiantys veidui gaiv\u0173 ir jaunatvi\u0161k\u0105 \u0161vyt\u0117jim\u0105. MIA MAKEUP DRIPPY BLUSH CHEEK TINT 01 TRUE DESIRE \u2013 skysti skaistalai, suteikiantys nat\u016bral\u0173 \u0161vyt\u0117jim\u0105. Lengvai i\u0161sklaidoma, ilgai i\u0161liekanti formul\u0117.\" \/>\n<meta property=\"og:url\" content=\"https:\/\/www.malinashop.lt\/lt_lt\/shop\/mia-makeup-drippy-blush-cheek-tint-01-true-desire-skysti-skaistalai-5-ml\/\" \/>\n<meta property=\"og:site_name\" content=\"MalinaShop.lt J\u016bs\u0173 sveikatai ir gro\u017eiui.\" \/>\n<meta property=\"article:modified_time\" content=\"2026-04-06T16:03:46+00:00\" \/>\n<meta property=\"og:image\" content=\"https:\/\/www.malinashop.lt\/wp-content\/uploads\/2025\/03\/MIA-MAKEUP-DRIPPY-BLUSH-CHEEK-TINT-01-TRUE-DESIRE-skysti-skaistalai-5-ml.webp\" \/>\n\t<meta property=\"og:image:width\" content=\"768\" \/>\n\t<meta property=\"og:image:height\" content=\"768\" \/>\n\t<meta property=\"og:image:type\" content=\"image\/webp\" \/>\n<meta name=\"twitter:card\" content=\"summary_large_image\" \/>\n<script type=\"application\/ld+json\" class=\"yoast-schema-graph\">{\"@context\":\"https:\\\/\\\/schema.org\",\"@graph\":[{\"@type\":\"WebPage\",\"@id\":\"https:\\\/\\\/www.malinashop.lt\\\/lt_lt\\\/shop\\\/mia-makeup-drippy-blush-cheek-tint-01-true-desire-skysti-skaistalai-5-ml\\\/\",\"url\":\"https:\\\/\\\/www.malinashop.lt\\\/lt_lt\\\/shop\\\/mia-makeup-drippy-blush-cheek-tint-01-true-desire-skysti-skaistalai-5-ml\\\/\",\"name\":\"MIA MAKEUP DRIPPY BLUSH CHEEK TINT 01 TRUE DESIRE skysti skaistalai, 5 ml - MalinaShop.lt J\u016bs\u0173 sveikatai ir gro\u017eiui.\",\"isPartOf\":{\"@id\":\"https:\\\/\\\/www.malinashop.lt\\\/#website\"},\"primaryImageOfPage\":{\"@id\":\"https:\\\/\\\/www.malinashop.lt\\\/lt_lt\\\/shop\\\/mia-makeup-drippy-blush-cheek-tint-01-true-desire-skysti-skaistalai-5-ml\\\/#primaryimage\"},\"image\":{\"@id\":\"https:\\\/\\\/www.malinashop.lt\\\/lt_lt\\\/shop\\\/mia-makeup-drippy-blush-cheek-tint-01-true-desire-skysti-skaistalai-5-ml\\\/#primaryimage\"},\"thumbnailUrl\":\"https:\\\/\\\/www.malinashop.lt\\\/wp-content\\\/uploads\\\/2025\\\/03\\\/MIA-MAKEUP-DRIPPY-BLUSH-CHEEK-TINT-01-TRUE-DESIRE-skysti-skaistalai-5-ml.webp\",\"datePublished\":\"2025-03-12T22:09:48+00:00\",\"dateModified\":\"2026-04-06T16:03:46+00:00\",\"description\":\"MIA MAKEUP DRIPPY BLUSH CHEEK TINT 01 TRUE DESIRE \u2013 nat\u016bralus spindesys ir gaiva MIA MAKEUP DRIPPY BLUSH CHEEK TINT 01 TRUE DESIRE \u2013 tai lengvai naudojami skysti skaistalai, suteikiantys veidui gaiv\u0173 ir jaunatvi\u0161k\u0105 \u0161vyt\u0117jim\u0105. MIA MAKEUP DRIPPY BLUSH CHEEK TINT 01 TRUE DESIRE \u2013 skysti skaistalai, suteikiantys nat\u016bral\u0173 \u0161vyt\u0117jim\u0105. Lengvai i\u0161sklaidoma, ilgai i\u0161liekanti formul\u0117.\",\"breadcrumb\":{\"@id\":\"https:\\\/\\\/www.malinashop.lt\\\/lt_lt\\\/shop\\\/mia-makeup-drippy-blush-cheek-tint-01-true-desire-skysti-skaistalai-5-ml\\\/#breadcrumb\"},\"inLanguage\":\"lt-LT\",\"potentialAction\":[{\"@type\":\"ReadAction\",\"target\":[\"https:\\\/\\\/www.malinashop.lt\\\/lt_lt\\\/shop\\\/mia-makeup-drippy-blush-cheek-tint-01-true-desire-skysti-skaistalai-5-ml\\\/\"]}]},{\"@type\":\"ImageObject\",\"inLanguage\":\"lt-LT\",\"@id\":\"https:\\\/\\\/www.malinashop.lt\\\/lt_lt\\\/shop\\\/mia-makeup-drippy-blush-cheek-tint-01-true-desire-skysti-skaistalai-5-ml\\\/#primaryimage\",\"url\":\"https:\\\/\\\/www.malinashop.lt\\\/wp-content\\\/uploads\\\/2025\\\/03\\\/MIA-MAKEUP-DRIPPY-BLUSH-CHEEK-TINT-01-TRUE-DESIRE-skysti-skaistalai-5-ml.webp\",\"contentUrl\":\"https:\\\/\\\/www.malinashop.lt\\\/wp-content\\\/uploads\\\/2025\\\/03\\\/MIA-MAKEUP-DRIPPY-BLUSH-CHEEK-TINT-01-TRUE-DESIRE-skysti-skaistalai-5-ml.webp\",\"width\":768,\"height\":768},{\"@type\":\"BreadcrumbList\",\"@id\":\"https:\\\/\\\/www.malinashop.lt\\\/lt_lt\\\/shop\\\/mia-makeup-drippy-blush-cheek-tint-01-true-desire-skysti-skaistalai-5-ml\\\/#breadcrumb\",\"itemListElement\":[{\"@type\":\"ListItem\",\"position\":1,\"name\":\"Pagrindinis\",\"item\":\"https:\\\/\\\/www.malinashop.lt\\\/\"},{\"@type\":\"ListItem\",\"position\":2,\"name\":\"Parduotuv\u0117\",\"item\":\"https:\\\/\\\/www.malinashop.lt\\\/en\\\/parduotuve\\\/\"},{\"@type\":\"ListItem\",\"position\":3,\"name\":\"MIA MAKEUP DRIPPY BLUSH CHEEK TINT 01 TRUE DESIRE skysti skaistalai, 5 ml\"}]},{\"@type\":\"WebSite\",\"@id\":\"https:\\\/\\\/www.malinashop.lt\\\/#website\",\"url\":\"https:\\\/\\\/www.malinashop.lt\\\/\",\"name\":\"COM Group Ecommerce\",\"description\":\"MalinaShop.lt - Gro\u017eio ir sveikatos produktai i\u0161 patikim\u0173 preki\u0173 \u017eenkl\u0173. Atraskite auk\u0161tos kokyb\u0117s kosmetik\u0105 u\u017e puiki\u0105 kain\u0105.\",\"publisher\":{\"@id\":\"https:\\\/\\\/www.malinashop.lt\\\/#organization\"},\"potentialAction\":[{\"@type\":\"SearchAction\",\"target\":{\"@type\":\"EntryPoint\",\"urlTemplate\":\"https:\\\/\\\/www.malinashop.lt\\\/?s={search_term_string}\"},\"query-input\":{\"@type\":\"PropertyValueSpecification\",\"valueRequired\":true,\"valueName\":\"search_term_string\"}}],\"inLanguage\":\"lt-LT\"},{\"@type\":\"Organization\",\"@id\":\"https:\\\/\\\/www.malinashop.lt\\\/#organization\",\"name\":\"COM Group Ecommerce\",\"url\":\"https:\\\/\\\/www.malinashop.lt\\\/\",\"logo\":{\"@type\":\"ImageObject\",\"inLanguage\":\"lt-LT\",\"@id\":\"https:\\\/\\\/www.malinashop.lt\\\/#\\\/schema\\\/logo\\\/image\\\/\",\"url\":\"https:\\\/\\\/www.malinashop.lt\\\/wp-content\\\/uploads\\\/2024\\\/08\\\/462559670_3787732518133670_9795632669273463_n-e1731525914575.png\",\"contentUrl\":\"https:\\\/\\\/www.malinashop.lt\\\/wp-content\\\/uploads\\\/2024\\\/08\\\/462559670_3787732518133670_9795632669273463_n-e1731525914575.png\",\"width\":180,\"height\":60,\"caption\":\"COM Group Ecommerce\"},\"image\":{\"@id\":\"https:\\\/\\\/www.malinashop.lt\\\/#\\\/schema\\\/logo\\\/image\\\/\"}}]}<\/script>\n<!-- \/ Yoast SEO plugin. -->","yoast_head_json":{"title":"MIA MAKEUP DRIPPY BLUSH CHEEK TINT 01 TRUE DESIRE skysti skaistalai, 5 ml - MalinaShop.lt J\u016bs\u0173 sveikatai ir gro\u017eiui.","description":"MIA MAKEUP DRIPPY BLUSH CHEEK TINT 01 TRUE DESIRE \u2013 nat\u016bralus spindesys ir gaiva  MIA MAKEUP DRIPPY BLUSH CHEEK TINT 01 TRUE DESIRE \u2013 tai lengvai naudojami skysti skaistalai, suteikiantys veidui gaiv\u0173 ir jaunatvi\u0161k\u0105 \u0161vyt\u0117jim\u0105. MIA MAKEUP DRIPPY BLUSH CHEEK TINT 01 TRUE DESIRE \u2013 skysti skaistalai, suteikiantys nat\u016bral\u0173 \u0161vyt\u0117jim\u0105. Lengvai i\u0161sklaidoma, ilgai i\u0161liekanti formul\u0117.","robots":{"index":"index","follow":"follow","max-snippet":"max-snippet:-1","max-image-preview":"max-image-preview:large","max-video-preview":"max-video-preview:-1"},"canonical":"https:\/\/www.malinashop.lt\/lt_lt\/shop\/mia-makeup-drippy-blush-cheek-tint-01-true-desire-skysti-skaistalai-5-ml\/","og_locale":"lt_LT","og_type":"article","og_title":"MIA MAKEUP DRIPPY BLUSH CHEEK TINT 01 TRUE DESIRE skysti skaistalai, 5 ml - MalinaShop.lt J\u016bs\u0173 sveikatai ir gro\u017eiui.","og_description":"MIA MAKEUP DRIPPY BLUSH CHEEK TINT 01 TRUE DESIRE \u2013 nat\u016bralus spindesys ir gaiva  MIA MAKEUP DRIPPY BLUSH CHEEK TINT 01 TRUE DESIRE \u2013 tai lengvai naudojami skysti skaistalai, suteikiantys veidui gaiv\u0173 ir jaunatvi\u0161k\u0105 \u0161vyt\u0117jim\u0105. MIA MAKEUP DRIPPY BLUSH CHEEK TINT 01 TRUE DESIRE \u2013 skysti skaistalai, suteikiantys nat\u016bral\u0173 \u0161vyt\u0117jim\u0105. Lengvai i\u0161sklaidoma, ilgai i\u0161liekanti formul\u0117.","og_url":"https:\/\/www.malinashop.lt\/lt_lt\/shop\/mia-makeup-drippy-blush-cheek-tint-01-true-desire-skysti-skaistalai-5-ml\/","og_site_name":"MalinaShop.lt J\u016bs\u0173 sveikatai ir gro\u017eiui.","article_modified_time":"2026-04-06T16:03:46+00:00","og_image":[{"width":768,"height":768,"url":"https:\/\/www.malinashop.lt\/wp-content\/uploads\/2025\/03\/MIA-MAKEUP-DRIPPY-BLUSH-CHEEK-TINT-01-TRUE-DESIRE-skysti-skaistalai-5-ml.webp","type":"image\/webp"}],"twitter_card":"summary_large_image","schema":{"@context":"https:\/\/schema.org","@graph":[{"@type":"WebPage","@id":"https:\/\/www.malinashop.lt\/lt_lt\/shop\/mia-makeup-drippy-blush-cheek-tint-01-true-desire-skysti-skaistalai-5-ml\/","url":"https:\/\/www.malinashop.lt\/lt_lt\/shop\/mia-makeup-drippy-blush-cheek-tint-01-true-desire-skysti-skaistalai-5-ml\/","name":"MIA MAKEUP DRIPPY BLUSH CHEEK TINT 01 TRUE DESIRE skysti skaistalai, 5 ml - MalinaShop.lt J\u016bs\u0173 sveikatai ir gro\u017eiui.","isPartOf":{"@id":"https:\/\/www.malinashop.lt\/#website"},"primaryImageOfPage":{"@id":"https:\/\/www.malinashop.lt\/lt_lt\/shop\/mia-makeup-drippy-blush-cheek-tint-01-true-desire-skysti-skaistalai-5-ml\/#primaryimage"},"image":{"@id":"https:\/\/www.malinashop.lt\/lt_lt\/shop\/mia-makeup-drippy-blush-cheek-tint-01-true-desire-skysti-skaistalai-5-ml\/#primaryimage"},"thumbnailUrl":"https:\/\/www.malinashop.lt\/wp-content\/uploads\/2025\/03\/MIA-MAKEUP-DRIPPY-BLUSH-CHEEK-TINT-01-TRUE-DESIRE-skysti-skaistalai-5-ml.webp","datePublished":"2025-03-12T22:09:48+00:00","dateModified":"2026-04-06T16:03:46+00:00","description":"MIA MAKEUP DRIPPY BLUSH CHEEK TINT 01 TRUE DESIRE \u2013 nat\u016bralus spindesys ir gaiva MIA MAKEUP DRIPPY BLUSH CHEEK TINT 01 TRUE DESIRE \u2013 tai lengvai naudojami skysti skaistalai, suteikiantys veidui gaiv\u0173 ir jaunatvi\u0161k\u0105 \u0161vyt\u0117jim\u0105. MIA MAKEUP DRIPPY BLUSH CHEEK TINT 01 TRUE DESIRE \u2013 skysti skaistalai, suteikiantys nat\u016bral\u0173 \u0161vyt\u0117jim\u0105. Lengvai i\u0161sklaidoma, ilgai i\u0161liekanti formul\u0117.","breadcrumb":{"@id":"https:\/\/www.malinashop.lt\/lt_lt\/shop\/mia-makeup-drippy-blush-cheek-tint-01-true-desire-skysti-skaistalai-5-ml\/#breadcrumb"},"inLanguage":"lt-LT","potentialAction":[{"@type":"ReadAction","target":["https:\/\/www.malinashop.lt\/lt_lt\/shop\/mia-makeup-drippy-blush-cheek-tint-01-true-desire-skysti-skaistalai-5-ml\/"]}]},{"@type":"ImageObject","inLanguage":"lt-LT","@id":"https:\/\/www.malinashop.lt\/lt_lt\/shop\/mia-makeup-drippy-blush-cheek-tint-01-true-desire-skysti-skaistalai-5-ml\/#primaryimage","url":"https:\/\/www.malinashop.lt\/wp-content\/uploads\/2025\/03\/MIA-MAKEUP-DRIPPY-BLUSH-CHEEK-TINT-01-TRUE-DESIRE-skysti-skaistalai-5-ml.webp","contentUrl":"https:\/\/www.malinashop.lt\/wp-content\/uploads\/2025\/03\/MIA-MAKEUP-DRIPPY-BLUSH-CHEEK-TINT-01-TRUE-DESIRE-skysti-skaistalai-5-ml.webp","width":768,"height":768},{"@type":"BreadcrumbList","@id":"https:\/\/www.malinashop.lt\/lt_lt\/shop\/mia-makeup-drippy-blush-cheek-tint-01-true-desire-skysti-skaistalai-5-ml\/#breadcrumb","itemListElement":[{"@type":"ListItem","position":1,"name":"Pagrindinis","item":"https:\/\/www.malinashop.lt\/"},{"@type":"ListItem","position":2,"name":"Parduotuv\u0117","item":"https:\/\/www.malinashop.lt\/en\/parduotuve\/"},{"@type":"ListItem","position":3,"name":"MIA MAKEUP DRIPPY BLUSH CHEEK TINT 01 TRUE DESIRE skysti skaistalai, 5 ml"}]},{"@type":"WebSite","@id":"https:\/\/www.malinashop.lt\/#website","url":"https:\/\/www.malinashop.lt\/","name":"COM Group Ecommerce","description":"MalinaShop.lt - Gro\u017eio ir sveikatos produktai i\u0161 patikim\u0173 preki\u0173 \u017eenkl\u0173. Atraskite auk\u0161tos kokyb\u0117s kosmetik\u0105 u\u017e puiki\u0105 kain\u0105.","publisher":{"@id":"https:\/\/www.malinashop.lt\/#organization"},"potentialAction":[{"@type":"SearchAction","target":{"@type":"EntryPoint","urlTemplate":"https:\/\/www.malinashop.lt\/?s={search_term_string}"},"query-input":{"@type":"PropertyValueSpecification","valueRequired":true,"valueName":"search_term_string"}}],"inLanguage":"lt-LT"},{"@type":"Organization","@id":"https:\/\/www.malinashop.lt\/#organization","name":"COM Group Ecommerce","url":"https:\/\/www.malinashop.lt\/","logo":{"@type":"ImageObject","inLanguage":"lt-LT","@id":"https:\/\/www.malinashop.lt\/#\/schema\/logo\/image\/","url":"https:\/\/www.malinashop.lt\/wp-content\/uploads\/2024\/08\/462559670_3787732518133670_9795632669273463_n-e1731525914575.png","contentUrl":"https:\/\/www.malinashop.lt\/wp-content\/uploads\/2024\/08\/462559670_3787732518133670_9795632669273463_n-e1731525914575.png","width":180,"height":60,"caption":"COM Group Ecommerce"},"image":{"@id":"https:\/\/www.malinashop.lt\/#\/schema\/logo\/image\/"}}]}},"jetpack_sharing_enabled":true,"_links":{"self":[{"href":"https:\/\/www.malinashop.lt\/lt_lt\/wp-json\/wp\/v2\/product\/44079","targetHints":{"allow":["GET"]}}],"collection":[{"href":"https:\/\/www.malinashop.lt\/lt_lt\/wp-json\/wp\/v2\/product"}],"about":[{"href":"https:\/\/www.malinashop.lt\/lt_lt\/wp-json\/wp\/v2\/types\/product"}],"version-history":[{"count":2,"href":"https:\/\/www.malinashop.lt\/lt_lt\/wp-json\/wp\/v2\/product\/44079\/revisions"}],"predecessor-version":[{"id":76320,"href":"https:\/\/www.malinashop.lt\/lt_lt\/wp-json\/wp\/v2\/product\/44079\/revisions\/76320"}],"wp:featuredmedia":[{"embeddable":true,"href":"https:\/\/www.malinashop.lt\/lt_lt\/wp-json\/wp\/v2\/media\/44085"}],"wp:attachment":[{"href":"https:\/\/www.malinashop.lt\/lt_lt\/wp-json\/wp\/v2\/media?parent=44079"}],"wp:term":[{"taxonomy":"product_brand","embeddable":true,"href":"https:\/\/www.malinashop.lt\/lt_lt\/wp-json\/wp\/v2\/product_brand?post=44079"},{"taxonomy":"product_cat","embeddable":true,"href":"https:\/\/www.malinashop.lt\/lt_lt\/wp-json\/wp\/v2\/product_cat?post=44079"},{"taxonomy":"product_tag","embeddable":true,"href":"https:\/\/www.malinashop.lt\/lt_lt\/wp-json\/wp\/v2\/product_tag?post=44079"}],"curies":[{"name":"wp","href":"https:\/\/api.w.org\/{rel}","templated":true}]}}