{"id":44075,"date":"2025-03-13T00:01:50","date_gmt":"2025-03-12T21:01:50","guid":{"rendered":"https:\/\/malinashop.lt\/?post_type=product&#038;p=44075"},"modified":"2026-04-06T19:03:46","modified_gmt":"2026-04-06T16:03:46","slug":"mia-makeup-jelly-crush-lip-glass-05-cherry-pop-lupu-blizgis-14-ml","status":"publish","type":"product","link":"https:\/\/www.malinashop.lt\/lt_lt\/shop\/mia-makeup-jelly-crush-lip-glass-05-cherry-pop-lupu-blizgis-14-ml\/","title":{"rendered":"MIA MAKEUP JELLY CRUSH LIP GLASS 05 CHERRY POP l\u016bp\u0173 blizgis, 14 ml"},"content":{"rendered":"<h3><strong>MIA MAKEUP JELLY CRUSH LIP GLASS 05 CHERRY POP \u2013 intensyvus blizgesys ir dr\u0117kinimas<\/strong><\/h3>\n<p>MIA MAKEUP <strong>JELLY CRUSH LIP GLASS 05 CHERRY POP<\/strong> \u2013 tai l\u016bp\u0173 blizgis, suteikiantis neprilygstam\u0105 spindes\u012f, intensyv\u0173 dr\u0117kinim\u0105 ir ilgai i\u0161liekant\u012f efekt\u0105 be lipnumo poj\u016b\u010dio. <strong>Vitaminas E<\/strong> ir <strong>saul\u0117gr\u0105\u017e\u0173 s\u0117kl\u0173 aliejus<\/strong> maitina l\u016bpas, i\u0161laiko j\u0173 \u0161velnum\u0105 ir u\u017etikrina ilgalaik\u0119 apsaug\u0105 nuo i\u0161saus\u0117jimo.<\/p>\n<h3><strong>Pagrindin\u0117s savyb\u0117s:<\/strong><\/h3>\n<p>\u2714 <strong>Veidrodinis spindesys<\/strong> \u2013 suteikia l\u016bpoms putlumo ir sodri\u0105 spalv\u0105<br \/>\u2714 <strong>Dr\u0117kinanti formul\u0117<\/strong> \u2013 apsaugo nuo sausumo ir skilin\u0117jimo<br \/>\u2714 <strong>Lengva ir nelipni tekst\u016bra<\/strong> \u2013 u\u017etikrina komfort\u0105 vis\u0105 dien\u0105<br \/>\u2714 <strong>Universalus atspalvis<\/strong> \u2013 sodri vy\u0161ni\u0173 spalva puikiai tinka tiek dieniniam, tiek vakariniam \u012fvaizd\u017eiui<\/p>\n<h3><strong>Naudojimas:<\/strong><\/h3>\n<p>Norint i\u0161gauti ilgiau i\u0161liekant\u012f efekt\u0105, prie\u0161 tepant blizg\u012f naudokite <strong>l\u016bp\u0173 kont\u016bro pie\u0161tuk\u0105<\/strong>, kuris pad\u0117s tiksliai suformuoti l\u016bpas ir i\u0161laikyti spalv\u0105 ilgesn\u012f laik\u0105. Tepkite <strong>JELLY CRUSH LIP GLASS<\/strong> tiesiai ant l\u016bp\u0173 ir, jei reikia, pakartokite aplikacij\u0105.<\/p>\n","protected":false},"excerpt":{"rendered":"<p>MIA MAKEUP JELLY CRUSH LIP GLASS 05 CHERRY POP \u2013 intensyvus blizgesys ir dr\u0117kinimas<br \/>\n MIA MAKEUP JELLY CRUSH LIP GLASS 05 CHERRY POP \u2013 tai l\u016bp\u0173 blizgis, suteikiantis neprilygstam\u0105 spindes\u012f, intensyv\u0173 dr\u0117kinim\u0105 ir ilgai i\u0161liekant\u012f efekt\u0105 be lipnumo poj\u016b\u010dio.<\/p>\n","protected":false},"featured_media":44077,"template":"","meta":[],"product_brand":[522],"product_cat":[708,523],"product_tag":[1633],"class_list":{"0":"post-44075","1":"product","2":"type-product","3":"status-publish","4":"has-post-thumbnail","6":"product_brand-mia-makeup","7":"product_cat-lupoms","8":"product_cat-lupu-blizgiai","9":"product_tag-mia-makeup","11":"first","12":"instock","13":"sale","14":"taxable","15":"shipping-taxable","16":"purchasable","17":"product-type-simple"},"yoast_head":"<!-- This site is optimized with the Yoast SEO plugin v27.4 - https:\/\/yoast.com\/product\/yoast-seo-wordpress\/ -->\n<title>MIA MAKEUP JELLY CRUSH LIP GLASS 05 CHERRY POP l\u016bp\u0173 blizgis, 14 ml - MalinaShop.lt J\u016bs\u0173 sveikatai ir gro\u017eiui.<\/title>\n<meta name=\"description\" content=\"MIA MAKEUP JELLY CRUSH LIP GLASS 05 CHERRY POP \u2013 intensyvus blizgesys ir dr\u0117kinimas  MIA MAKEUP JELLY CRUSH LIP GLASS 05 CHERRY POP \u2013 tai l\u016bp\u0173 blizgis, suteikiantis neprilygstam\u0105 spindes\u012f, intensyv\u0173 dr\u0117kinim\u0105 ir ilgai i\u0161liekant\u012f efekt\u0105 be lipnumo poj\u016b\u010dio. MIA MAKEUP JELLY CRUSH LIP GLASS 05 CHERRY POP \u2013 blizgus, dr\u0117kinantis l\u016bp\u0173 blizgesys su vitaminu E ir saul\u0117gr\u0105\u017e\u0173 aliejumi. Intensyvus spindesys be lipnumo poj\u016b\u010dio.\" \/>\n<meta name=\"robots\" content=\"index, follow, max-snippet:-1, max-image-preview:large, max-video-preview:-1\" \/>\n<link rel=\"canonical\" href=\"https:\/\/www.malinashop.lt\/lt_lt\/shop\/mia-makeup-jelly-crush-lip-glass-05-cherry-pop-lupu-blizgis-14-ml\/\" \/>\n<meta property=\"og:locale\" content=\"lt_LT\" \/>\n<meta property=\"og:type\" content=\"article\" \/>\n<meta property=\"og:title\" content=\"MIA MAKEUP JELLY CRUSH LIP GLASS 05 CHERRY POP l\u016bp\u0173 blizgis, 14 ml - MalinaShop.lt J\u016bs\u0173 sveikatai ir gro\u017eiui.\" \/>\n<meta property=\"og:description\" content=\"MIA MAKEUP JELLY CRUSH LIP GLASS 05 CHERRY POP \u2013 intensyvus blizgesys ir dr\u0117kinimas  MIA MAKEUP JELLY CRUSH LIP GLASS 05 CHERRY POP \u2013 tai l\u016bp\u0173 blizgis, suteikiantis neprilygstam\u0105 spindes\u012f, intensyv\u0173 dr\u0117kinim\u0105 ir ilgai i\u0161liekant\u012f efekt\u0105 be lipnumo poj\u016b\u010dio. MIA MAKEUP JELLY CRUSH LIP GLASS 05 CHERRY POP \u2013 blizgus, dr\u0117kinantis l\u016bp\u0173 blizgesys su vitaminu E ir saul\u0117gr\u0105\u017e\u0173 aliejumi. Intensyvus spindesys be lipnumo poj\u016b\u010dio.\" \/>\n<meta property=\"og:url\" content=\"https:\/\/www.malinashop.lt\/lt_lt\/shop\/mia-makeup-jelly-crush-lip-glass-05-cherry-pop-lupu-blizgis-14-ml\/\" \/>\n<meta property=\"og:site_name\" content=\"MalinaShop.lt J\u016bs\u0173 sveikatai ir gro\u017eiui.\" \/>\n<meta property=\"article:modified_time\" content=\"2026-04-06T16:03:46+00:00\" \/>\n<meta property=\"og:image\" content=\"https:\/\/www.malinashop.lt\/wp-content\/uploads\/2025\/03\/MIA-MAKEUP-JELLY-CRUSH-LIP-GLASS-05-CHERRY-POP-lupu-blizgis-14-ml.webp\" \/>\n\t<meta property=\"og:image:width\" content=\"768\" \/>\n\t<meta property=\"og:image:height\" content=\"768\" \/>\n\t<meta property=\"og:image:type\" content=\"image\/webp\" \/>\n<meta name=\"twitter:card\" content=\"summary_large_image\" \/>\n<script type=\"application\/ld+json\" class=\"yoast-schema-graph\">{\"@context\":\"https:\\\/\\\/schema.org\",\"@graph\":[{\"@type\":\"WebPage\",\"@id\":\"https:\\\/\\\/www.malinashop.lt\\\/lt_lt\\\/shop\\\/mia-makeup-jelly-crush-lip-glass-05-cherry-pop-lupu-blizgis-14-ml\\\/\",\"url\":\"https:\\\/\\\/www.malinashop.lt\\\/lt_lt\\\/shop\\\/mia-makeup-jelly-crush-lip-glass-05-cherry-pop-lupu-blizgis-14-ml\\\/\",\"name\":\"MIA MAKEUP JELLY CRUSH LIP GLASS 05 CHERRY POP l\u016bp\u0173 blizgis, 14 ml - MalinaShop.lt J\u016bs\u0173 sveikatai ir gro\u017eiui.\",\"isPartOf\":{\"@id\":\"https:\\\/\\\/www.malinashop.lt\\\/#website\"},\"primaryImageOfPage\":{\"@id\":\"https:\\\/\\\/www.malinashop.lt\\\/lt_lt\\\/shop\\\/mia-makeup-jelly-crush-lip-glass-05-cherry-pop-lupu-blizgis-14-ml\\\/#primaryimage\"},\"image\":{\"@id\":\"https:\\\/\\\/www.malinashop.lt\\\/lt_lt\\\/shop\\\/mia-makeup-jelly-crush-lip-glass-05-cherry-pop-lupu-blizgis-14-ml\\\/#primaryimage\"},\"thumbnailUrl\":\"https:\\\/\\\/www.malinashop.lt\\\/wp-content\\\/uploads\\\/2025\\\/03\\\/MIA-MAKEUP-JELLY-CRUSH-LIP-GLASS-05-CHERRY-POP-lupu-blizgis-14-ml.webp\",\"datePublished\":\"2025-03-12T21:01:50+00:00\",\"dateModified\":\"2026-04-06T16:03:46+00:00\",\"description\":\"MIA MAKEUP JELLY CRUSH LIP GLASS 05 CHERRY POP \u2013 intensyvus blizgesys ir dr\u0117kinimas MIA MAKEUP JELLY CRUSH LIP GLASS 05 CHERRY POP \u2013 tai l\u016bp\u0173 blizgis, suteikiantis neprilygstam\u0105 spindes\u012f, intensyv\u0173 dr\u0117kinim\u0105 ir ilgai i\u0161liekant\u012f efekt\u0105 be lipnumo poj\u016b\u010dio. MIA MAKEUP JELLY CRUSH LIP GLASS 05 CHERRY POP \u2013 blizgus, dr\u0117kinantis l\u016bp\u0173 blizgesys su vitaminu E ir saul\u0117gr\u0105\u017e\u0173 aliejumi. Intensyvus spindesys be lipnumo poj\u016b\u010dio.\",\"breadcrumb\":{\"@id\":\"https:\\\/\\\/www.malinashop.lt\\\/lt_lt\\\/shop\\\/mia-makeup-jelly-crush-lip-glass-05-cherry-pop-lupu-blizgis-14-ml\\\/#breadcrumb\"},\"inLanguage\":\"lt-LT\",\"potentialAction\":[{\"@type\":\"ReadAction\",\"target\":[\"https:\\\/\\\/www.malinashop.lt\\\/lt_lt\\\/shop\\\/mia-makeup-jelly-crush-lip-glass-05-cherry-pop-lupu-blizgis-14-ml\\\/\"]}]},{\"@type\":\"ImageObject\",\"inLanguage\":\"lt-LT\",\"@id\":\"https:\\\/\\\/www.malinashop.lt\\\/lt_lt\\\/shop\\\/mia-makeup-jelly-crush-lip-glass-05-cherry-pop-lupu-blizgis-14-ml\\\/#primaryimage\",\"url\":\"https:\\\/\\\/www.malinashop.lt\\\/wp-content\\\/uploads\\\/2025\\\/03\\\/MIA-MAKEUP-JELLY-CRUSH-LIP-GLASS-05-CHERRY-POP-lupu-blizgis-14-ml.webp\",\"contentUrl\":\"https:\\\/\\\/www.malinashop.lt\\\/wp-content\\\/uploads\\\/2025\\\/03\\\/MIA-MAKEUP-JELLY-CRUSH-LIP-GLASS-05-CHERRY-POP-lupu-blizgis-14-ml.webp\",\"width\":768,\"height\":768},{\"@type\":\"BreadcrumbList\",\"@id\":\"https:\\\/\\\/www.malinashop.lt\\\/lt_lt\\\/shop\\\/mia-makeup-jelly-crush-lip-glass-05-cherry-pop-lupu-blizgis-14-ml\\\/#breadcrumb\",\"itemListElement\":[{\"@type\":\"ListItem\",\"position\":1,\"name\":\"Pagrindinis\",\"item\":\"https:\\\/\\\/www.malinashop.lt\\\/\"},{\"@type\":\"ListItem\",\"position\":2,\"name\":\"Parduotuv\u0117\",\"item\":\"https:\\\/\\\/www.malinashop.lt\\\/en\\\/parduotuve\\\/\"},{\"@type\":\"ListItem\",\"position\":3,\"name\":\"MIA MAKEUP JELLY CRUSH LIP GLASS 05 CHERRY POP l\u016bp\u0173 blizgis, 14 ml\"}]},{\"@type\":\"WebSite\",\"@id\":\"https:\\\/\\\/www.malinashop.lt\\\/#website\",\"url\":\"https:\\\/\\\/www.malinashop.lt\\\/\",\"name\":\"COM Group Ecommerce\",\"description\":\"MalinaShop.lt - Gro\u017eio ir sveikatos produktai i\u0161 patikim\u0173 preki\u0173 \u017eenkl\u0173. Atraskite auk\u0161tos kokyb\u0117s kosmetik\u0105 u\u017e puiki\u0105 kain\u0105.\",\"publisher\":{\"@id\":\"https:\\\/\\\/www.malinashop.lt\\\/#organization\"},\"potentialAction\":[{\"@type\":\"SearchAction\",\"target\":{\"@type\":\"EntryPoint\",\"urlTemplate\":\"https:\\\/\\\/www.malinashop.lt\\\/?s={search_term_string}\"},\"query-input\":{\"@type\":\"PropertyValueSpecification\",\"valueRequired\":true,\"valueName\":\"search_term_string\"}}],\"inLanguage\":\"lt-LT\"},{\"@type\":\"Organization\",\"@id\":\"https:\\\/\\\/www.malinashop.lt\\\/#organization\",\"name\":\"COM Group Ecommerce\",\"url\":\"https:\\\/\\\/www.malinashop.lt\\\/\",\"logo\":{\"@type\":\"ImageObject\",\"inLanguage\":\"lt-LT\",\"@id\":\"https:\\\/\\\/www.malinashop.lt\\\/#\\\/schema\\\/logo\\\/image\\\/\",\"url\":\"https:\\\/\\\/www.malinashop.lt\\\/wp-content\\\/uploads\\\/2024\\\/08\\\/462559670_3787732518133670_9795632669273463_n-e1731525914575.png\",\"contentUrl\":\"https:\\\/\\\/www.malinashop.lt\\\/wp-content\\\/uploads\\\/2024\\\/08\\\/462559670_3787732518133670_9795632669273463_n-e1731525914575.png\",\"width\":180,\"height\":60,\"caption\":\"COM Group Ecommerce\"},\"image\":{\"@id\":\"https:\\\/\\\/www.malinashop.lt\\\/#\\\/schema\\\/logo\\\/image\\\/\"}}]}<\/script>\n<!-- \/ Yoast SEO plugin. -->","yoast_head_json":{"title":"MIA MAKEUP JELLY CRUSH LIP GLASS 05 CHERRY POP l\u016bp\u0173 blizgis, 14 ml - MalinaShop.lt J\u016bs\u0173 sveikatai ir gro\u017eiui.","description":"MIA MAKEUP JELLY CRUSH LIP GLASS 05 CHERRY POP \u2013 intensyvus blizgesys ir dr\u0117kinimas  MIA MAKEUP JELLY CRUSH LIP GLASS 05 CHERRY POP \u2013 tai l\u016bp\u0173 blizgis, suteikiantis neprilygstam\u0105 spindes\u012f, intensyv\u0173 dr\u0117kinim\u0105 ir ilgai i\u0161liekant\u012f efekt\u0105 be lipnumo poj\u016b\u010dio. MIA MAKEUP JELLY CRUSH LIP GLASS 05 CHERRY POP \u2013 blizgus, dr\u0117kinantis l\u016bp\u0173 blizgesys su vitaminu E ir saul\u0117gr\u0105\u017e\u0173 aliejumi. Intensyvus spindesys be lipnumo poj\u016b\u010dio.","robots":{"index":"index","follow":"follow","max-snippet":"max-snippet:-1","max-image-preview":"max-image-preview:large","max-video-preview":"max-video-preview:-1"},"canonical":"https:\/\/www.malinashop.lt\/lt_lt\/shop\/mia-makeup-jelly-crush-lip-glass-05-cherry-pop-lupu-blizgis-14-ml\/","og_locale":"lt_LT","og_type":"article","og_title":"MIA MAKEUP JELLY CRUSH LIP GLASS 05 CHERRY POP l\u016bp\u0173 blizgis, 14 ml - MalinaShop.lt J\u016bs\u0173 sveikatai ir gro\u017eiui.","og_description":"MIA MAKEUP JELLY CRUSH LIP GLASS 05 CHERRY POP \u2013 intensyvus blizgesys ir dr\u0117kinimas  MIA MAKEUP JELLY CRUSH LIP GLASS 05 CHERRY POP \u2013 tai l\u016bp\u0173 blizgis, suteikiantis neprilygstam\u0105 spindes\u012f, intensyv\u0173 dr\u0117kinim\u0105 ir ilgai i\u0161liekant\u012f efekt\u0105 be lipnumo poj\u016b\u010dio. MIA MAKEUP JELLY CRUSH LIP GLASS 05 CHERRY POP \u2013 blizgus, dr\u0117kinantis l\u016bp\u0173 blizgesys su vitaminu E ir saul\u0117gr\u0105\u017e\u0173 aliejumi. Intensyvus spindesys be lipnumo poj\u016b\u010dio.","og_url":"https:\/\/www.malinashop.lt\/lt_lt\/shop\/mia-makeup-jelly-crush-lip-glass-05-cherry-pop-lupu-blizgis-14-ml\/","og_site_name":"MalinaShop.lt J\u016bs\u0173 sveikatai ir gro\u017eiui.","article_modified_time":"2026-04-06T16:03:46+00:00","og_image":[{"width":768,"height":768,"url":"https:\/\/www.malinashop.lt\/wp-content\/uploads\/2025\/03\/MIA-MAKEUP-JELLY-CRUSH-LIP-GLASS-05-CHERRY-POP-lupu-blizgis-14-ml.webp","type":"image\/webp"}],"twitter_card":"summary_large_image","schema":{"@context":"https:\/\/schema.org","@graph":[{"@type":"WebPage","@id":"https:\/\/www.malinashop.lt\/lt_lt\/shop\/mia-makeup-jelly-crush-lip-glass-05-cherry-pop-lupu-blizgis-14-ml\/","url":"https:\/\/www.malinashop.lt\/lt_lt\/shop\/mia-makeup-jelly-crush-lip-glass-05-cherry-pop-lupu-blizgis-14-ml\/","name":"MIA MAKEUP JELLY CRUSH LIP GLASS 05 CHERRY POP l\u016bp\u0173 blizgis, 14 ml - MalinaShop.lt J\u016bs\u0173 sveikatai ir gro\u017eiui.","isPartOf":{"@id":"https:\/\/www.malinashop.lt\/#website"},"primaryImageOfPage":{"@id":"https:\/\/www.malinashop.lt\/lt_lt\/shop\/mia-makeup-jelly-crush-lip-glass-05-cherry-pop-lupu-blizgis-14-ml\/#primaryimage"},"image":{"@id":"https:\/\/www.malinashop.lt\/lt_lt\/shop\/mia-makeup-jelly-crush-lip-glass-05-cherry-pop-lupu-blizgis-14-ml\/#primaryimage"},"thumbnailUrl":"https:\/\/www.malinashop.lt\/wp-content\/uploads\/2025\/03\/MIA-MAKEUP-JELLY-CRUSH-LIP-GLASS-05-CHERRY-POP-lupu-blizgis-14-ml.webp","datePublished":"2025-03-12T21:01:50+00:00","dateModified":"2026-04-06T16:03:46+00:00","description":"MIA MAKEUP JELLY CRUSH LIP GLASS 05 CHERRY POP \u2013 intensyvus blizgesys ir dr\u0117kinimas MIA MAKEUP JELLY CRUSH LIP GLASS 05 CHERRY POP \u2013 tai l\u016bp\u0173 blizgis, suteikiantis neprilygstam\u0105 spindes\u012f, intensyv\u0173 dr\u0117kinim\u0105 ir ilgai i\u0161liekant\u012f efekt\u0105 be lipnumo poj\u016b\u010dio. MIA MAKEUP JELLY CRUSH LIP GLASS 05 CHERRY POP \u2013 blizgus, dr\u0117kinantis l\u016bp\u0173 blizgesys su vitaminu E ir saul\u0117gr\u0105\u017e\u0173 aliejumi. Intensyvus spindesys be lipnumo poj\u016b\u010dio.","breadcrumb":{"@id":"https:\/\/www.malinashop.lt\/lt_lt\/shop\/mia-makeup-jelly-crush-lip-glass-05-cherry-pop-lupu-blizgis-14-ml\/#breadcrumb"},"inLanguage":"lt-LT","potentialAction":[{"@type":"ReadAction","target":["https:\/\/www.malinashop.lt\/lt_lt\/shop\/mia-makeup-jelly-crush-lip-glass-05-cherry-pop-lupu-blizgis-14-ml\/"]}]},{"@type":"ImageObject","inLanguage":"lt-LT","@id":"https:\/\/www.malinashop.lt\/lt_lt\/shop\/mia-makeup-jelly-crush-lip-glass-05-cherry-pop-lupu-blizgis-14-ml\/#primaryimage","url":"https:\/\/www.malinashop.lt\/wp-content\/uploads\/2025\/03\/MIA-MAKEUP-JELLY-CRUSH-LIP-GLASS-05-CHERRY-POP-lupu-blizgis-14-ml.webp","contentUrl":"https:\/\/www.malinashop.lt\/wp-content\/uploads\/2025\/03\/MIA-MAKEUP-JELLY-CRUSH-LIP-GLASS-05-CHERRY-POP-lupu-blizgis-14-ml.webp","width":768,"height":768},{"@type":"BreadcrumbList","@id":"https:\/\/www.malinashop.lt\/lt_lt\/shop\/mia-makeup-jelly-crush-lip-glass-05-cherry-pop-lupu-blizgis-14-ml\/#breadcrumb","itemListElement":[{"@type":"ListItem","position":1,"name":"Pagrindinis","item":"https:\/\/www.malinashop.lt\/"},{"@type":"ListItem","position":2,"name":"Parduotuv\u0117","item":"https:\/\/www.malinashop.lt\/en\/parduotuve\/"},{"@type":"ListItem","position":3,"name":"MIA MAKEUP JELLY CRUSH LIP GLASS 05 CHERRY POP l\u016bp\u0173 blizgis, 14 ml"}]},{"@type":"WebSite","@id":"https:\/\/www.malinashop.lt\/#website","url":"https:\/\/www.malinashop.lt\/","name":"COM Group Ecommerce","description":"MalinaShop.lt - Gro\u017eio ir sveikatos produktai i\u0161 patikim\u0173 preki\u0173 \u017eenkl\u0173. Atraskite auk\u0161tos kokyb\u0117s kosmetik\u0105 u\u017e puiki\u0105 kain\u0105.","publisher":{"@id":"https:\/\/www.malinashop.lt\/#organization"},"potentialAction":[{"@type":"SearchAction","target":{"@type":"EntryPoint","urlTemplate":"https:\/\/www.malinashop.lt\/?s={search_term_string}"},"query-input":{"@type":"PropertyValueSpecification","valueRequired":true,"valueName":"search_term_string"}}],"inLanguage":"lt-LT"},{"@type":"Organization","@id":"https:\/\/www.malinashop.lt\/#organization","name":"COM Group Ecommerce","url":"https:\/\/www.malinashop.lt\/","logo":{"@type":"ImageObject","inLanguage":"lt-LT","@id":"https:\/\/www.malinashop.lt\/#\/schema\/logo\/image\/","url":"https:\/\/www.malinashop.lt\/wp-content\/uploads\/2024\/08\/462559670_3787732518133670_9795632669273463_n-e1731525914575.png","contentUrl":"https:\/\/www.malinashop.lt\/wp-content\/uploads\/2024\/08\/462559670_3787732518133670_9795632669273463_n-e1731525914575.png","width":180,"height":60,"caption":"COM Group Ecommerce"},"image":{"@id":"https:\/\/www.malinashop.lt\/#\/schema\/logo\/image\/"}}]}},"jetpack_sharing_enabled":true,"_links":{"self":[{"href":"https:\/\/www.malinashop.lt\/lt_lt\/wp-json\/wp\/v2\/product\/44075","targetHints":{"allow":["GET"]}}],"collection":[{"href":"https:\/\/www.malinashop.lt\/lt_lt\/wp-json\/wp\/v2\/product"}],"about":[{"href":"https:\/\/www.malinashop.lt\/lt_lt\/wp-json\/wp\/v2\/types\/product"}],"version-history":[{"count":2,"href":"https:\/\/www.malinashop.lt\/lt_lt\/wp-json\/wp\/v2\/product\/44075\/revisions"}],"predecessor-version":[{"id":76319,"href":"https:\/\/www.malinashop.lt\/lt_lt\/wp-json\/wp\/v2\/product\/44075\/revisions\/76319"}],"wp:featuredmedia":[{"embeddable":true,"href":"https:\/\/www.malinashop.lt\/lt_lt\/wp-json\/wp\/v2\/media\/44077"}],"wp:attachment":[{"href":"https:\/\/www.malinashop.lt\/lt_lt\/wp-json\/wp\/v2\/media?parent=44075"}],"wp:term":[{"taxonomy":"product_brand","embeddable":true,"href":"https:\/\/www.malinashop.lt\/lt_lt\/wp-json\/wp\/v2\/product_brand?post=44075"},{"taxonomy":"product_cat","embeddable":true,"href":"https:\/\/www.malinashop.lt\/lt_lt\/wp-json\/wp\/v2\/product_cat?post=44075"},{"taxonomy":"product_tag","embeddable":true,"href":"https:\/\/www.malinashop.lt\/lt_lt\/wp-json\/wp\/v2\/product_tag?post=44075"}],"curies":[{"name":"wp","href":"https:\/\/api.w.org\/{rel}","templated":true}]}}