{"id":44067,"date":"2025-03-10T00:56:31","date_gmt":"2025-03-09T21:56:31","guid":{"rendered":"https:\/\/malinashop.lt\/?post_type=product&#038;p=44067"},"modified":"2026-04-06T19:03:42","modified_gmt":"2026-04-06T16:03:42","slug":"mia-makeup-elly-crush-lip-glass-03-peach-glow-lupu-blizgis-14-ml","status":"publish","type":"product","link":"https:\/\/www.malinashop.lt\/lt_lt\/shop\/mia-makeup-elly-crush-lip-glass-03-peach-glow-lupu-blizgis-14-ml\/","title":{"rendered":"MIA MAKEUP ELLY CRUSH LIP GLASS 03 PEACH GLOW l\u016bp\u0173 blizgis, 14 ml"},"content":{"rendered":"<h3><strong>MIA MAKEUP JELLY CRUSH LIP GLASS 03 PEACH GLOW \u2013 neprilygstamas spindesys ir ilgalaikis dr\u0117kinimas<\/strong><\/h3>\n<p>MIA MAKEUP <strong>JELLY CRUSH LIP GLASS 03 PEACH GLOW<\/strong> \u2013 tai l\u016bp\u0173 blizgis, kuris sujungia intensyv\u0173 spindes\u012f ir dr\u0117kinant\u012f komfort\u0105 be lipnumo efekto. <strong>Vitaminu E<\/strong> ir <strong>saul\u0117gr\u0105\u017e\u0173 s\u0117kl\u0173 aliejumi<\/strong> praturtinta formul\u0117 suteikia l\u016bpoms gil\u0173 maitinim\u0105, apsaugo jas nuo i\u0161saus\u0117jimo ir suteikia subtil\u0173, gaiv\u0173 atspalv\u012f.<\/p>\n<h3><strong>Pagrindin\u0117s savyb\u0117s:<\/strong><\/h3>\n<p>\u2714 <strong>Veidrodinis blizgesys<\/strong> \u2013 i\u0161ry\u0161kina l\u016bp\u0173 putlum\u0105 ir suteikia prabang\u0173 efekt\u0105<br \/>\u2714 <strong>Gilus dr\u0117kinimas<\/strong> \u2013 apsaugo l\u016bpas nuo sausumo, maitina ir mink\u0161tina<br \/>\u2714 <strong>Nelipni tekst\u016bra<\/strong> \u2013 patogi formul\u0117, kuri nepalieka nemalonaus sukibimo<br \/>\u2714 <strong>Ilgai i\u0161liekantis atspalvis<\/strong> \u2013 nat\u016braliai pary\u0161kina l\u016bpas, suteikdamas gaiv\u0173 \u012fvaizd\u012f<\/p>\n<h3><strong>Naudojimas:<\/strong><\/h3>\n<p>Norint dar ilgiau i\u0161liekan\u010dio efekto, prie\u0161 tepant l\u016bp\u0173 blizg\u012f galima naudoti <strong>l\u016bp\u0173 kont\u016bro pie\u0161tuk\u0105<\/strong> \u2013 jis pad\u0117s tiksliai padengti l\u016bpas ir sustiprins blizgesio i\u0161silaikym\u0105. Tepkite l\u016bp\u0173 blizg\u012f tiesiai ant l\u016bp\u0173 ir, jei reikia, u\u017etepkite pakartotinai.<\/p>\n","protected":false},"excerpt":{"rendered":"<p>MIA MAKEUP JELLY CRUSH LIP GLASS 03 PEACH GLOW \u2013 neprilygstamas spindesys ir ilgalaikis dr\u0117kinimas<br \/>\n MIA MAKEUP JELLY CRUSH LIP GLASS 03 PEACH GLOW \u2013 tai l\u016bp\u0173 blizgis, kuris sujungia intensyv\u0173 spindes\u012f ir dr\u0117kinant\u012f komfort\u0105 be lipnumo efekto.<\/p>\n","protected":false},"featured_media":44069,"template":"","meta":[],"product_brand":[522],"product_cat":[102,708,523],"product_tag":[1633],"class_list":{"0":"post-44067","1":"product","2":"type-product","3":"status-publish","4":"has-post-thumbnail","6":"product_brand-mia-makeup","7":"product_cat-dekoratyvine-kosmetika","8":"product_cat-lupoms","9":"product_cat-lupu-blizgiai","10":"product_tag-mia-makeup","12":"first","13":"instock","14":"sale","15":"taxable","16":"shipping-taxable","17":"purchasable","18":"product-type-simple"},"yoast_head":"<!-- This site is optimized with the Yoast SEO plugin v27.4 - https:\/\/yoast.com\/product\/yoast-seo-wordpress\/ -->\n<title>MIA MAKEUP ELLY CRUSH LIP GLASS 03 PEACH GLOW l\u016bp\u0173 blizgis, 14 ml - MalinaShop.lt J\u016bs\u0173 sveikatai ir gro\u017eiui.<\/title>\n<meta name=\"description\" content=\"MIA MAKEUP JELLY CRUSH LIP GLASS 03 PEACH GLOW \u2013 neprilygstamas spindesys ir ilgalaikis dr\u0117kinimas  MIA MAKEUP JELLY CRUSH LIP GLASS 03 PEACH GLOW \u2013 tai l\u016bp\u0173 blizgis, kuris sujungia intensyv\u0173 spindes\u012f ir dr\u0117kinant\u012f komfort\u0105 be lipnumo efekto. MIA MAKEUP JELLY CRUSH LIP GLASS 03 PEACH GLOW \u2013 intensyviai dr\u0117kinantis l\u016bp\u0173 blizgesys su vitaminu E. Nelipni tekst\u016bra, ilgai i\u0161liekantis efektas.\" \/>\n<meta name=\"robots\" content=\"index, follow, max-snippet:-1, max-image-preview:large, max-video-preview:-1\" \/>\n<link rel=\"canonical\" href=\"https:\/\/www.malinashop.lt\/lt_lt\/shop\/mia-makeup-elly-crush-lip-glass-03-peach-glow-lupu-blizgis-14-ml\/\" \/>\n<meta property=\"og:locale\" content=\"lt_LT\" \/>\n<meta property=\"og:type\" content=\"article\" \/>\n<meta property=\"og:title\" content=\"MIA MAKEUP ELLY CRUSH LIP GLASS 03 PEACH GLOW l\u016bp\u0173 blizgis, 14 ml - MalinaShop.lt J\u016bs\u0173 sveikatai ir gro\u017eiui.\" \/>\n<meta property=\"og:description\" content=\"MIA MAKEUP JELLY CRUSH LIP GLASS 03 PEACH GLOW \u2013 neprilygstamas spindesys ir ilgalaikis dr\u0117kinimas  MIA MAKEUP JELLY CRUSH LIP GLASS 03 PEACH GLOW \u2013 tai l\u016bp\u0173 blizgis, kuris sujungia intensyv\u0173 spindes\u012f ir dr\u0117kinant\u012f komfort\u0105 be lipnumo efekto. MIA MAKEUP JELLY CRUSH LIP GLASS 03 PEACH GLOW \u2013 intensyviai dr\u0117kinantis l\u016bp\u0173 blizgesys su vitaminu E. Nelipni tekst\u016bra, ilgai i\u0161liekantis efektas.\" \/>\n<meta property=\"og:url\" content=\"https:\/\/www.malinashop.lt\/lt_lt\/shop\/mia-makeup-elly-crush-lip-glass-03-peach-glow-lupu-blizgis-14-ml\/\" \/>\n<meta property=\"og:site_name\" content=\"MalinaShop.lt J\u016bs\u0173 sveikatai ir gro\u017eiui.\" \/>\n<meta property=\"article:modified_time\" content=\"2026-04-06T16:03:42+00:00\" \/>\n<meta property=\"og:image\" content=\"https:\/\/www.malinashop.lt\/wp-content\/uploads\/2025\/03\/MIA-MAKEUP-ELLY-CRUSH-LIP-GLASS-03-PEACH-GLOW-lupu-blizgis-14-ml.webp\" \/>\n\t<meta property=\"og:image:width\" content=\"768\" \/>\n\t<meta property=\"og:image:height\" content=\"768\" \/>\n\t<meta property=\"og:image:type\" content=\"image\/webp\" \/>\n<meta name=\"twitter:card\" content=\"summary_large_image\" \/>\n<script type=\"application\/ld+json\" class=\"yoast-schema-graph\">{\"@context\":\"https:\\\/\\\/schema.org\",\"@graph\":[{\"@type\":\"WebPage\",\"@id\":\"https:\\\/\\\/www.malinashop.lt\\\/lt_lt\\\/shop\\\/mia-makeup-elly-crush-lip-glass-03-peach-glow-lupu-blizgis-14-ml\\\/\",\"url\":\"https:\\\/\\\/www.malinashop.lt\\\/lt_lt\\\/shop\\\/mia-makeup-elly-crush-lip-glass-03-peach-glow-lupu-blizgis-14-ml\\\/\",\"name\":\"MIA MAKEUP ELLY CRUSH LIP GLASS 03 PEACH GLOW l\u016bp\u0173 blizgis, 14 ml - MalinaShop.lt J\u016bs\u0173 sveikatai ir gro\u017eiui.\",\"isPartOf\":{\"@id\":\"https:\\\/\\\/www.malinashop.lt\\\/#website\"},\"primaryImageOfPage\":{\"@id\":\"https:\\\/\\\/www.malinashop.lt\\\/lt_lt\\\/shop\\\/mia-makeup-elly-crush-lip-glass-03-peach-glow-lupu-blizgis-14-ml\\\/#primaryimage\"},\"image\":{\"@id\":\"https:\\\/\\\/www.malinashop.lt\\\/lt_lt\\\/shop\\\/mia-makeup-elly-crush-lip-glass-03-peach-glow-lupu-blizgis-14-ml\\\/#primaryimage\"},\"thumbnailUrl\":\"https:\\\/\\\/www.malinashop.lt\\\/wp-content\\\/uploads\\\/2025\\\/03\\\/MIA-MAKEUP-ELLY-CRUSH-LIP-GLASS-03-PEACH-GLOW-lupu-blizgis-14-ml.webp\",\"datePublished\":\"2025-03-09T21:56:31+00:00\",\"dateModified\":\"2026-04-06T16:03:42+00:00\",\"description\":\"MIA MAKEUP JELLY CRUSH LIP GLASS 03 PEACH GLOW \u2013 neprilygstamas spindesys ir ilgalaikis dr\u0117kinimas MIA MAKEUP JELLY CRUSH LIP GLASS 03 PEACH GLOW \u2013 tai l\u016bp\u0173 blizgis, kuris sujungia intensyv\u0173 spindes\u012f ir dr\u0117kinant\u012f komfort\u0105 be lipnumo efekto. MIA MAKEUP JELLY CRUSH LIP GLASS 03 PEACH GLOW \u2013 intensyviai dr\u0117kinantis l\u016bp\u0173 blizgesys su vitaminu E. Nelipni tekst\u016bra, ilgai i\u0161liekantis efektas.\",\"breadcrumb\":{\"@id\":\"https:\\\/\\\/www.malinashop.lt\\\/lt_lt\\\/shop\\\/mia-makeup-elly-crush-lip-glass-03-peach-glow-lupu-blizgis-14-ml\\\/#breadcrumb\"},\"inLanguage\":\"lt-LT\",\"potentialAction\":[{\"@type\":\"ReadAction\",\"target\":[\"https:\\\/\\\/www.malinashop.lt\\\/lt_lt\\\/shop\\\/mia-makeup-elly-crush-lip-glass-03-peach-glow-lupu-blizgis-14-ml\\\/\"]}]},{\"@type\":\"ImageObject\",\"inLanguage\":\"lt-LT\",\"@id\":\"https:\\\/\\\/www.malinashop.lt\\\/lt_lt\\\/shop\\\/mia-makeup-elly-crush-lip-glass-03-peach-glow-lupu-blizgis-14-ml\\\/#primaryimage\",\"url\":\"https:\\\/\\\/www.malinashop.lt\\\/wp-content\\\/uploads\\\/2025\\\/03\\\/MIA-MAKEUP-ELLY-CRUSH-LIP-GLASS-03-PEACH-GLOW-lupu-blizgis-14-ml.webp\",\"contentUrl\":\"https:\\\/\\\/www.malinashop.lt\\\/wp-content\\\/uploads\\\/2025\\\/03\\\/MIA-MAKEUP-ELLY-CRUSH-LIP-GLASS-03-PEACH-GLOW-lupu-blizgis-14-ml.webp\",\"width\":768,\"height\":768},{\"@type\":\"BreadcrumbList\",\"@id\":\"https:\\\/\\\/www.malinashop.lt\\\/lt_lt\\\/shop\\\/mia-makeup-elly-crush-lip-glass-03-peach-glow-lupu-blizgis-14-ml\\\/#breadcrumb\",\"itemListElement\":[{\"@type\":\"ListItem\",\"position\":1,\"name\":\"Pagrindinis\",\"item\":\"https:\\\/\\\/www.malinashop.lt\\\/\"},{\"@type\":\"ListItem\",\"position\":2,\"name\":\"Parduotuv\u0117\",\"item\":\"https:\\\/\\\/www.malinashop.lt\\\/en\\\/parduotuve\\\/\"},{\"@type\":\"ListItem\",\"position\":3,\"name\":\"MIA MAKEUP ELLY CRUSH LIP GLASS 03 PEACH GLOW l\u016bp\u0173 blizgis, 14 ml\"}]},{\"@type\":\"WebSite\",\"@id\":\"https:\\\/\\\/www.malinashop.lt\\\/#website\",\"url\":\"https:\\\/\\\/www.malinashop.lt\\\/\",\"name\":\"COM Group Ecommerce\",\"description\":\"MalinaShop.lt - Gro\u017eio ir sveikatos produktai i\u0161 patikim\u0173 preki\u0173 \u017eenkl\u0173. Atraskite auk\u0161tos kokyb\u0117s kosmetik\u0105 u\u017e puiki\u0105 kain\u0105.\",\"publisher\":{\"@id\":\"https:\\\/\\\/www.malinashop.lt\\\/#organization\"},\"potentialAction\":[{\"@type\":\"SearchAction\",\"target\":{\"@type\":\"EntryPoint\",\"urlTemplate\":\"https:\\\/\\\/www.malinashop.lt\\\/?s={search_term_string}\"},\"query-input\":{\"@type\":\"PropertyValueSpecification\",\"valueRequired\":true,\"valueName\":\"search_term_string\"}}],\"inLanguage\":\"lt-LT\"},{\"@type\":\"Organization\",\"@id\":\"https:\\\/\\\/www.malinashop.lt\\\/#organization\",\"name\":\"COM Group Ecommerce\",\"url\":\"https:\\\/\\\/www.malinashop.lt\\\/\",\"logo\":{\"@type\":\"ImageObject\",\"inLanguage\":\"lt-LT\",\"@id\":\"https:\\\/\\\/www.malinashop.lt\\\/#\\\/schema\\\/logo\\\/image\\\/\",\"url\":\"https:\\\/\\\/www.malinashop.lt\\\/wp-content\\\/uploads\\\/2024\\\/08\\\/462559670_3787732518133670_9795632669273463_n-e1731525914575.png\",\"contentUrl\":\"https:\\\/\\\/www.malinashop.lt\\\/wp-content\\\/uploads\\\/2024\\\/08\\\/462559670_3787732518133670_9795632669273463_n-e1731525914575.png\",\"width\":180,\"height\":60,\"caption\":\"COM Group Ecommerce\"},\"image\":{\"@id\":\"https:\\\/\\\/www.malinashop.lt\\\/#\\\/schema\\\/logo\\\/image\\\/\"}}]}<\/script>\n<!-- \/ Yoast SEO plugin. -->","yoast_head_json":{"title":"MIA MAKEUP ELLY CRUSH LIP GLASS 03 PEACH GLOW l\u016bp\u0173 blizgis, 14 ml - MalinaShop.lt J\u016bs\u0173 sveikatai ir gro\u017eiui.","description":"MIA MAKEUP JELLY CRUSH LIP GLASS 03 PEACH GLOW \u2013 neprilygstamas spindesys ir ilgalaikis dr\u0117kinimas  MIA MAKEUP JELLY CRUSH LIP GLASS 03 PEACH GLOW \u2013 tai l\u016bp\u0173 blizgis, kuris sujungia intensyv\u0173 spindes\u012f ir dr\u0117kinant\u012f komfort\u0105 be lipnumo efekto. MIA MAKEUP JELLY CRUSH LIP GLASS 03 PEACH GLOW \u2013 intensyviai dr\u0117kinantis l\u016bp\u0173 blizgesys su vitaminu E. Nelipni tekst\u016bra, ilgai i\u0161liekantis efektas.","robots":{"index":"index","follow":"follow","max-snippet":"max-snippet:-1","max-image-preview":"max-image-preview:large","max-video-preview":"max-video-preview:-1"},"canonical":"https:\/\/www.malinashop.lt\/lt_lt\/shop\/mia-makeup-elly-crush-lip-glass-03-peach-glow-lupu-blizgis-14-ml\/","og_locale":"lt_LT","og_type":"article","og_title":"MIA MAKEUP ELLY CRUSH LIP GLASS 03 PEACH GLOW l\u016bp\u0173 blizgis, 14 ml - MalinaShop.lt J\u016bs\u0173 sveikatai ir gro\u017eiui.","og_description":"MIA MAKEUP JELLY CRUSH LIP GLASS 03 PEACH GLOW \u2013 neprilygstamas spindesys ir ilgalaikis dr\u0117kinimas  MIA MAKEUP JELLY CRUSH LIP GLASS 03 PEACH GLOW \u2013 tai l\u016bp\u0173 blizgis, kuris sujungia intensyv\u0173 spindes\u012f ir dr\u0117kinant\u012f komfort\u0105 be lipnumo efekto. MIA MAKEUP JELLY CRUSH LIP GLASS 03 PEACH GLOW \u2013 intensyviai dr\u0117kinantis l\u016bp\u0173 blizgesys su vitaminu E. Nelipni tekst\u016bra, ilgai i\u0161liekantis efektas.","og_url":"https:\/\/www.malinashop.lt\/lt_lt\/shop\/mia-makeup-elly-crush-lip-glass-03-peach-glow-lupu-blizgis-14-ml\/","og_site_name":"MalinaShop.lt J\u016bs\u0173 sveikatai ir gro\u017eiui.","article_modified_time":"2026-04-06T16:03:42+00:00","og_image":[{"width":768,"height":768,"url":"https:\/\/www.malinashop.lt\/wp-content\/uploads\/2025\/03\/MIA-MAKEUP-ELLY-CRUSH-LIP-GLASS-03-PEACH-GLOW-lupu-blizgis-14-ml.webp","type":"image\/webp"}],"twitter_card":"summary_large_image","schema":{"@context":"https:\/\/schema.org","@graph":[{"@type":"WebPage","@id":"https:\/\/www.malinashop.lt\/lt_lt\/shop\/mia-makeup-elly-crush-lip-glass-03-peach-glow-lupu-blizgis-14-ml\/","url":"https:\/\/www.malinashop.lt\/lt_lt\/shop\/mia-makeup-elly-crush-lip-glass-03-peach-glow-lupu-blizgis-14-ml\/","name":"MIA MAKEUP ELLY CRUSH LIP GLASS 03 PEACH GLOW l\u016bp\u0173 blizgis, 14 ml - MalinaShop.lt J\u016bs\u0173 sveikatai ir gro\u017eiui.","isPartOf":{"@id":"https:\/\/www.malinashop.lt\/#website"},"primaryImageOfPage":{"@id":"https:\/\/www.malinashop.lt\/lt_lt\/shop\/mia-makeup-elly-crush-lip-glass-03-peach-glow-lupu-blizgis-14-ml\/#primaryimage"},"image":{"@id":"https:\/\/www.malinashop.lt\/lt_lt\/shop\/mia-makeup-elly-crush-lip-glass-03-peach-glow-lupu-blizgis-14-ml\/#primaryimage"},"thumbnailUrl":"https:\/\/www.malinashop.lt\/wp-content\/uploads\/2025\/03\/MIA-MAKEUP-ELLY-CRUSH-LIP-GLASS-03-PEACH-GLOW-lupu-blizgis-14-ml.webp","datePublished":"2025-03-09T21:56:31+00:00","dateModified":"2026-04-06T16:03:42+00:00","description":"MIA MAKEUP JELLY CRUSH LIP GLASS 03 PEACH GLOW \u2013 neprilygstamas spindesys ir ilgalaikis dr\u0117kinimas MIA MAKEUP JELLY CRUSH LIP GLASS 03 PEACH GLOW \u2013 tai l\u016bp\u0173 blizgis, kuris sujungia intensyv\u0173 spindes\u012f ir dr\u0117kinant\u012f komfort\u0105 be lipnumo efekto. MIA MAKEUP JELLY CRUSH LIP GLASS 03 PEACH GLOW \u2013 intensyviai dr\u0117kinantis l\u016bp\u0173 blizgesys su vitaminu E. Nelipni tekst\u016bra, ilgai i\u0161liekantis efektas.","breadcrumb":{"@id":"https:\/\/www.malinashop.lt\/lt_lt\/shop\/mia-makeup-elly-crush-lip-glass-03-peach-glow-lupu-blizgis-14-ml\/#breadcrumb"},"inLanguage":"lt-LT","potentialAction":[{"@type":"ReadAction","target":["https:\/\/www.malinashop.lt\/lt_lt\/shop\/mia-makeup-elly-crush-lip-glass-03-peach-glow-lupu-blizgis-14-ml\/"]}]},{"@type":"ImageObject","inLanguage":"lt-LT","@id":"https:\/\/www.malinashop.lt\/lt_lt\/shop\/mia-makeup-elly-crush-lip-glass-03-peach-glow-lupu-blizgis-14-ml\/#primaryimage","url":"https:\/\/www.malinashop.lt\/wp-content\/uploads\/2025\/03\/MIA-MAKEUP-ELLY-CRUSH-LIP-GLASS-03-PEACH-GLOW-lupu-blizgis-14-ml.webp","contentUrl":"https:\/\/www.malinashop.lt\/wp-content\/uploads\/2025\/03\/MIA-MAKEUP-ELLY-CRUSH-LIP-GLASS-03-PEACH-GLOW-lupu-blizgis-14-ml.webp","width":768,"height":768},{"@type":"BreadcrumbList","@id":"https:\/\/www.malinashop.lt\/lt_lt\/shop\/mia-makeup-elly-crush-lip-glass-03-peach-glow-lupu-blizgis-14-ml\/#breadcrumb","itemListElement":[{"@type":"ListItem","position":1,"name":"Pagrindinis","item":"https:\/\/www.malinashop.lt\/"},{"@type":"ListItem","position":2,"name":"Parduotuv\u0117","item":"https:\/\/www.malinashop.lt\/en\/parduotuve\/"},{"@type":"ListItem","position":3,"name":"MIA MAKEUP ELLY CRUSH LIP GLASS 03 PEACH GLOW l\u016bp\u0173 blizgis, 14 ml"}]},{"@type":"WebSite","@id":"https:\/\/www.malinashop.lt\/#website","url":"https:\/\/www.malinashop.lt\/","name":"COM Group Ecommerce","description":"MalinaShop.lt - Gro\u017eio ir sveikatos produktai i\u0161 patikim\u0173 preki\u0173 \u017eenkl\u0173. Atraskite auk\u0161tos kokyb\u0117s kosmetik\u0105 u\u017e puiki\u0105 kain\u0105.","publisher":{"@id":"https:\/\/www.malinashop.lt\/#organization"},"potentialAction":[{"@type":"SearchAction","target":{"@type":"EntryPoint","urlTemplate":"https:\/\/www.malinashop.lt\/?s={search_term_string}"},"query-input":{"@type":"PropertyValueSpecification","valueRequired":true,"valueName":"search_term_string"}}],"inLanguage":"lt-LT"},{"@type":"Organization","@id":"https:\/\/www.malinashop.lt\/#organization","name":"COM Group Ecommerce","url":"https:\/\/www.malinashop.lt\/","logo":{"@type":"ImageObject","inLanguage":"lt-LT","@id":"https:\/\/www.malinashop.lt\/#\/schema\/logo\/image\/","url":"https:\/\/www.malinashop.lt\/wp-content\/uploads\/2024\/08\/462559670_3787732518133670_9795632669273463_n-e1731525914575.png","contentUrl":"https:\/\/www.malinashop.lt\/wp-content\/uploads\/2024\/08\/462559670_3787732518133670_9795632669273463_n-e1731525914575.png","width":180,"height":60,"caption":"COM Group Ecommerce"},"image":{"@id":"https:\/\/www.malinashop.lt\/#\/schema\/logo\/image\/"}}]}},"jetpack_sharing_enabled":true,"_links":{"self":[{"href":"https:\/\/www.malinashop.lt\/lt_lt\/wp-json\/wp\/v2\/product\/44067","targetHints":{"allow":["GET"]}}],"collection":[{"href":"https:\/\/www.malinashop.lt\/lt_lt\/wp-json\/wp\/v2\/product"}],"about":[{"href":"https:\/\/www.malinashop.lt\/lt_lt\/wp-json\/wp\/v2\/types\/product"}],"version-history":[{"count":2,"href":"https:\/\/www.malinashop.lt\/lt_lt\/wp-json\/wp\/v2\/product\/44067\/revisions"}],"predecessor-version":[{"id":76317,"href":"https:\/\/www.malinashop.lt\/lt_lt\/wp-json\/wp\/v2\/product\/44067\/revisions\/76317"}],"wp:featuredmedia":[{"embeddable":true,"href":"https:\/\/www.malinashop.lt\/lt_lt\/wp-json\/wp\/v2\/media\/44069"}],"wp:attachment":[{"href":"https:\/\/www.malinashop.lt\/lt_lt\/wp-json\/wp\/v2\/media?parent=44067"}],"wp:term":[{"taxonomy":"product_brand","embeddable":true,"href":"https:\/\/www.malinashop.lt\/lt_lt\/wp-json\/wp\/v2\/product_brand?post=44067"},{"taxonomy":"product_cat","embeddable":true,"href":"https:\/\/www.malinashop.lt\/lt_lt\/wp-json\/wp\/v2\/product_cat?post=44067"},{"taxonomy":"product_tag","embeddable":true,"href":"https:\/\/www.malinashop.lt\/lt_lt\/wp-json\/wp\/v2\/product_tag?post=44067"}],"curies":[{"name":"wp","href":"https:\/\/api.w.org\/{rel}","templated":true}]}}