{"id":44055,"date":"2025-03-12T19:48:38","date_gmt":"2025-03-12T16:48:38","guid":{"rendered":"https:\/\/malinashop.lt\/?post_type=product&#038;p=44055"},"modified":"2026-04-06T19:03:41","modified_gmt":"2026-04-06T16:03:41","slug":"mia-makeup-elly-crush-lip-glass-01-starry-candy-lupu-blizgis-14-ml","status":"publish","type":"product","link":"https:\/\/www.malinashop.lt\/lt_lt\/shop\/mia-makeup-elly-crush-lip-glass-01-starry-candy-lupu-blizgis-14-ml\/","title":{"rendered":"MIA MAKEUP ELLY CRUSH LIP GLASS 01 STARRY CANDY l\u016bp\u0173 blizgis, 14 ml"},"content":{"rendered":"<h3><strong>MIA MAKEUP JELLY CRUSH LIP GLASS 01 STARRY CANDY \u2013 ypatingai blizgus ir dr\u0117kinantis l\u016bp\u0173 blizgesys<\/strong><\/h3>\n<p>Atraskite nepriekai\u0161ting\u0105 l\u016bp\u0173 spindes\u012f su <strong>MIA MAKEUP JELLY CRUSH LIP GLASS<\/strong> \u2013 unikaliu l\u016bp\u0173 blizgiu, kuris suteikia intensyv\u0173 spindes\u012f ir komfort\u0105 be lipnumo poj\u016b\u010dio. Lengva, maitinanti formul\u0117 praturtinta <strong>vitaminu E<\/strong> ir <strong>saul\u0117gr\u0105\u017e\u0173 s\u0117kl\u0173 aliejumi<\/strong>, kurie giliai dr\u0117kina ir mink\u0161tina l\u016bpas, suteikdami joms \u0161velnumo ir elastingumo.<\/p>\n<p>\u0160is l\u016bp\u0173 blizgis ne tik subtiliai pary\u0161kina nat\u016brali\u0105 l\u016bp\u0173 spalv\u0105, bet ir sukuria i\u0161skirtin\u012f veidrodin\u012f efekt\u0105. Puikiai tinka tiek kasdieniam \u012fvaizd\u017eiui, tiek ypatingoms progoms, kai norisi ne tik dr\u0117kinimo, bet ir intensyvaus, ilgai i\u0161liekan\u010dio blizgesio.<\/p>\n<p><strong>Naudojimas:<\/strong><br \/>Norint i\u0161gauti maksimal\u0173 efekt\u0105, l\u016bpas pirmiausia galima pary\u0161kinti kont\u016bravimo pie\u0161tuku \u2013 tai pad\u0117s sukurti ai\u0161kesn\u012f kont\u016br\u0105 ir prailgins blizgio i\u0161silaikym\u0105. Tepkite l\u016bp\u0173 blizg\u012f tiesiai ant l\u016bp\u0173 ir, jei reikia, pakartokite, kad sustiprintum\u0117te spindes\u012f.<\/p>\n","protected":false},"excerpt":{"rendered":"<p>MIA MAKEUP JELLY CRUSH LIP GLASS 01 STARRY CANDY \u2013 ypatingai blizgus ir dr\u0117kinantis l\u016bp\u0173 blizgesys<br \/>\n Atraskite nepriekai\u0161ting\u0105 l\u016bp\u0173 spindes\u012f su MIA MAKEUP JELLY CRUSH LIP GLASS \u2013 unikaliu l\u016bp\u0173 blizgiu, kuris suteikia intensyv\u0173 spindes\u012f ir komfort\u0105 be lipnumo poj\u016b\u010dio.<\/p>\n","protected":false},"featured_media":44059,"template":"","meta":[],"product_brand":[522],"product_cat":[708,523],"product_tag":[1633],"class_list":{"0":"post-44055","1":"product","2":"type-product","3":"status-publish","4":"has-post-thumbnail","6":"product_brand-mia-makeup","7":"product_cat-lupoms","8":"product_cat-lupu-blizgiai","9":"product_tag-mia-makeup","11":"first","12":"outofstock","13":"sale","14":"taxable","15":"shipping-taxable","16":"purchasable","17":"product-type-simple"},"yoast_head":"<!-- This site is optimized with the Yoast SEO plugin v27.4 - https:\/\/yoast.com\/product\/yoast-seo-wordpress\/ -->\n<title>MIA MAKEUP ELLY CRUSH LIP GLASS 01 STARRY CANDY l\u016bp\u0173 blizgis, 14 ml - MalinaShop.lt J\u016bs\u0173 sveikatai ir gro\u017eiui.<\/title>\n<meta name=\"description\" content=\"MIA MAKEUP JELLY CRUSH LIP GLASS 01 STARRY CANDY \u2013 ypatingai blizgus ir dr\u0117kinantis l\u016bp\u0173 blizgesys  Atraskite nepriekai\u0161ting\u0105 l\u016bp\u0173 spindes\u012f su MIA MAKEUP JELLY CRUSH LIP GLASS \u2013 unikaliu l\u016bp\u0173 blizgiu, kuris suteikia intensyv\u0173 spindes\u012f ir komfort\u0105 be lipnumo poj\u016b\u010dio. MIA MAKEUP JELLY CRUSH LIP GLASS l\u016bp\u0173 blizgis su vitaminu E ir saul\u0117gr\u0105\u017e\u0173 aliejumi suteikia intensyv\u0173 spindes\u012f ir dr\u0117kinim\u0105 be lipnumo.\" \/>\n<meta name=\"robots\" content=\"index, follow, max-snippet:-1, max-image-preview:large, max-video-preview:-1\" \/>\n<link rel=\"canonical\" href=\"https:\/\/www.malinashop.lt\/lt_lt\/shop\/mia-makeup-elly-crush-lip-glass-01-starry-candy-lupu-blizgis-14-ml\/\" \/>\n<meta property=\"og:locale\" content=\"lt_LT\" \/>\n<meta property=\"og:type\" content=\"article\" \/>\n<meta property=\"og:title\" content=\"MIA MAKEUP ELLY CRUSH LIP GLASS 01 STARRY CANDY l\u016bp\u0173 blizgis, 14 ml - MalinaShop.lt J\u016bs\u0173 sveikatai ir gro\u017eiui.\" \/>\n<meta property=\"og:description\" content=\"MIA MAKEUP JELLY CRUSH LIP GLASS 01 STARRY CANDY \u2013 ypatingai blizgus ir dr\u0117kinantis l\u016bp\u0173 blizgesys  Atraskite nepriekai\u0161ting\u0105 l\u016bp\u0173 spindes\u012f su MIA MAKEUP JELLY CRUSH LIP GLASS \u2013 unikaliu l\u016bp\u0173 blizgiu, kuris suteikia intensyv\u0173 spindes\u012f ir komfort\u0105 be lipnumo poj\u016b\u010dio. MIA MAKEUP JELLY CRUSH LIP GLASS l\u016bp\u0173 blizgis su vitaminu E ir saul\u0117gr\u0105\u017e\u0173 aliejumi suteikia intensyv\u0173 spindes\u012f ir dr\u0117kinim\u0105 be lipnumo.\" \/>\n<meta property=\"og:url\" content=\"https:\/\/www.malinashop.lt\/lt_lt\/shop\/mia-makeup-elly-crush-lip-glass-01-starry-candy-lupu-blizgis-14-ml\/\" \/>\n<meta property=\"og:site_name\" content=\"MalinaShop.lt J\u016bs\u0173 sveikatai ir gro\u017eiui.\" \/>\n<meta property=\"article:modified_time\" content=\"2026-04-06T16:03:41+00:00\" \/>\n<meta property=\"og:image\" content=\"https:\/\/www.malinashop.lt\/wp-content\/uploads\/2025\/03\/MIA-MAKEUP-ELLY-CRUSH-LIP-GLASS-01-STARRY-CANDY-lupu-blizgis-14-ml.webp\" \/>\n\t<meta property=\"og:image:width\" content=\"768\" \/>\n\t<meta property=\"og:image:height\" content=\"768\" \/>\n\t<meta property=\"og:image:type\" content=\"image\/webp\" \/>\n<meta name=\"twitter:card\" content=\"summary_large_image\" \/>\n<script type=\"application\/ld+json\" class=\"yoast-schema-graph\">{\"@context\":\"https:\\\/\\\/schema.org\",\"@graph\":[{\"@type\":\"WebPage\",\"@id\":\"https:\\\/\\\/www.malinashop.lt\\\/lt_lt\\\/shop\\\/mia-makeup-elly-crush-lip-glass-01-starry-candy-lupu-blizgis-14-ml\\\/\",\"url\":\"https:\\\/\\\/www.malinashop.lt\\\/lt_lt\\\/shop\\\/mia-makeup-elly-crush-lip-glass-01-starry-candy-lupu-blizgis-14-ml\\\/\",\"name\":\"MIA MAKEUP ELLY CRUSH LIP GLASS 01 STARRY CANDY l\u016bp\u0173 blizgis, 14 ml - MalinaShop.lt J\u016bs\u0173 sveikatai ir gro\u017eiui.\",\"isPartOf\":{\"@id\":\"https:\\\/\\\/www.malinashop.lt\\\/#website\"},\"primaryImageOfPage\":{\"@id\":\"https:\\\/\\\/www.malinashop.lt\\\/lt_lt\\\/shop\\\/mia-makeup-elly-crush-lip-glass-01-starry-candy-lupu-blizgis-14-ml\\\/#primaryimage\"},\"image\":{\"@id\":\"https:\\\/\\\/www.malinashop.lt\\\/lt_lt\\\/shop\\\/mia-makeup-elly-crush-lip-glass-01-starry-candy-lupu-blizgis-14-ml\\\/#primaryimage\"},\"thumbnailUrl\":\"https:\\\/\\\/www.malinashop.lt\\\/wp-content\\\/uploads\\\/2025\\\/03\\\/MIA-MAKEUP-ELLY-CRUSH-LIP-GLASS-01-STARRY-CANDY-lupu-blizgis-14-ml.webp\",\"datePublished\":\"2025-03-12T16:48:38+00:00\",\"dateModified\":\"2026-04-06T16:03:41+00:00\",\"description\":\"MIA MAKEUP JELLY CRUSH LIP GLASS 01 STARRY CANDY \u2013 ypatingai blizgus ir dr\u0117kinantis l\u016bp\u0173 blizgesys Atraskite nepriekai\u0161ting\u0105 l\u016bp\u0173 spindes\u012f su MIA MAKEUP JELLY CRUSH LIP GLASS \u2013 unikaliu l\u016bp\u0173 blizgiu, kuris suteikia intensyv\u0173 spindes\u012f ir komfort\u0105 be lipnumo poj\u016b\u010dio. MIA MAKEUP JELLY CRUSH LIP GLASS l\u016bp\u0173 blizgis su vitaminu E ir saul\u0117gr\u0105\u017e\u0173 aliejumi suteikia intensyv\u0173 spindes\u012f ir dr\u0117kinim\u0105 be lipnumo.\",\"breadcrumb\":{\"@id\":\"https:\\\/\\\/www.malinashop.lt\\\/lt_lt\\\/shop\\\/mia-makeup-elly-crush-lip-glass-01-starry-candy-lupu-blizgis-14-ml\\\/#breadcrumb\"},\"inLanguage\":\"lt-LT\",\"potentialAction\":[{\"@type\":\"ReadAction\",\"target\":[\"https:\\\/\\\/www.malinashop.lt\\\/lt_lt\\\/shop\\\/mia-makeup-elly-crush-lip-glass-01-starry-candy-lupu-blizgis-14-ml\\\/\"]}]},{\"@type\":\"ImageObject\",\"inLanguage\":\"lt-LT\",\"@id\":\"https:\\\/\\\/www.malinashop.lt\\\/lt_lt\\\/shop\\\/mia-makeup-elly-crush-lip-glass-01-starry-candy-lupu-blizgis-14-ml\\\/#primaryimage\",\"url\":\"https:\\\/\\\/www.malinashop.lt\\\/wp-content\\\/uploads\\\/2025\\\/03\\\/MIA-MAKEUP-ELLY-CRUSH-LIP-GLASS-01-STARRY-CANDY-lupu-blizgis-14-ml.webp\",\"contentUrl\":\"https:\\\/\\\/www.malinashop.lt\\\/wp-content\\\/uploads\\\/2025\\\/03\\\/MIA-MAKEUP-ELLY-CRUSH-LIP-GLASS-01-STARRY-CANDY-lupu-blizgis-14-ml.webp\",\"width\":768,\"height\":768},{\"@type\":\"BreadcrumbList\",\"@id\":\"https:\\\/\\\/www.malinashop.lt\\\/lt_lt\\\/shop\\\/mia-makeup-elly-crush-lip-glass-01-starry-candy-lupu-blizgis-14-ml\\\/#breadcrumb\",\"itemListElement\":[{\"@type\":\"ListItem\",\"position\":1,\"name\":\"Pagrindinis\",\"item\":\"https:\\\/\\\/www.malinashop.lt\\\/\"},{\"@type\":\"ListItem\",\"position\":2,\"name\":\"Parduotuv\u0117\",\"item\":\"https:\\\/\\\/www.malinashop.lt\\\/en\\\/parduotuve\\\/\"},{\"@type\":\"ListItem\",\"position\":3,\"name\":\"MIA MAKEUP ELLY CRUSH LIP GLASS 01 STARRY CANDY l\u016bp\u0173 blizgis, 14 ml\"}]},{\"@type\":\"WebSite\",\"@id\":\"https:\\\/\\\/www.malinashop.lt\\\/#website\",\"url\":\"https:\\\/\\\/www.malinashop.lt\\\/\",\"name\":\"COM Group Ecommerce\",\"description\":\"MalinaShop.lt - Gro\u017eio ir sveikatos produktai i\u0161 patikim\u0173 preki\u0173 \u017eenkl\u0173. Atraskite auk\u0161tos kokyb\u0117s kosmetik\u0105 u\u017e puiki\u0105 kain\u0105.\",\"publisher\":{\"@id\":\"https:\\\/\\\/www.malinashop.lt\\\/#organization\"},\"potentialAction\":[{\"@type\":\"SearchAction\",\"target\":{\"@type\":\"EntryPoint\",\"urlTemplate\":\"https:\\\/\\\/www.malinashop.lt\\\/?s={search_term_string}\"},\"query-input\":{\"@type\":\"PropertyValueSpecification\",\"valueRequired\":true,\"valueName\":\"search_term_string\"}}],\"inLanguage\":\"lt-LT\"},{\"@type\":\"Organization\",\"@id\":\"https:\\\/\\\/www.malinashop.lt\\\/#organization\",\"name\":\"COM Group Ecommerce\",\"url\":\"https:\\\/\\\/www.malinashop.lt\\\/\",\"logo\":{\"@type\":\"ImageObject\",\"inLanguage\":\"lt-LT\",\"@id\":\"https:\\\/\\\/www.malinashop.lt\\\/#\\\/schema\\\/logo\\\/image\\\/\",\"url\":\"https:\\\/\\\/www.malinashop.lt\\\/wp-content\\\/uploads\\\/2024\\\/08\\\/462559670_3787732518133670_9795632669273463_n-e1731525914575.png\",\"contentUrl\":\"https:\\\/\\\/www.malinashop.lt\\\/wp-content\\\/uploads\\\/2024\\\/08\\\/462559670_3787732518133670_9795632669273463_n-e1731525914575.png\",\"width\":180,\"height\":60,\"caption\":\"COM Group Ecommerce\"},\"image\":{\"@id\":\"https:\\\/\\\/www.malinashop.lt\\\/#\\\/schema\\\/logo\\\/image\\\/\"}}]}<\/script>\n<!-- \/ Yoast SEO plugin. -->","yoast_head_json":{"title":"MIA MAKEUP ELLY CRUSH LIP GLASS 01 STARRY CANDY l\u016bp\u0173 blizgis, 14 ml - MalinaShop.lt J\u016bs\u0173 sveikatai ir gro\u017eiui.","description":"MIA MAKEUP JELLY CRUSH LIP GLASS 01 STARRY CANDY \u2013 ypatingai blizgus ir dr\u0117kinantis l\u016bp\u0173 blizgesys  Atraskite nepriekai\u0161ting\u0105 l\u016bp\u0173 spindes\u012f su MIA MAKEUP JELLY CRUSH LIP GLASS \u2013 unikaliu l\u016bp\u0173 blizgiu, kuris suteikia intensyv\u0173 spindes\u012f ir komfort\u0105 be lipnumo poj\u016b\u010dio. MIA MAKEUP JELLY CRUSH LIP GLASS l\u016bp\u0173 blizgis su vitaminu E ir saul\u0117gr\u0105\u017e\u0173 aliejumi suteikia intensyv\u0173 spindes\u012f ir dr\u0117kinim\u0105 be lipnumo.","robots":{"index":"index","follow":"follow","max-snippet":"max-snippet:-1","max-image-preview":"max-image-preview:large","max-video-preview":"max-video-preview:-1"},"canonical":"https:\/\/www.malinashop.lt\/lt_lt\/shop\/mia-makeup-elly-crush-lip-glass-01-starry-candy-lupu-blizgis-14-ml\/","og_locale":"lt_LT","og_type":"article","og_title":"MIA MAKEUP ELLY CRUSH LIP GLASS 01 STARRY CANDY l\u016bp\u0173 blizgis, 14 ml - MalinaShop.lt J\u016bs\u0173 sveikatai ir gro\u017eiui.","og_description":"MIA MAKEUP JELLY CRUSH LIP GLASS 01 STARRY CANDY \u2013 ypatingai blizgus ir dr\u0117kinantis l\u016bp\u0173 blizgesys  Atraskite nepriekai\u0161ting\u0105 l\u016bp\u0173 spindes\u012f su MIA MAKEUP JELLY CRUSH LIP GLASS \u2013 unikaliu l\u016bp\u0173 blizgiu, kuris suteikia intensyv\u0173 spindes\u012f ir komfort\u0105 be lipnumo poj\u016b\u010dio. MIA MAKEUP JELLY CRUSH LIP GLASS l\u016bp\u0173 blizgis su vitaminu E ir saul\u0117gr\u0105\u017e\u0173 aliejumi suteikia intensyv\u0173 spindes\u012f ir dr\u0117kinim\u0105 be lipnumo.","og_url":"https:\/\/www.malinashop.lt\/lt_lt\/shop\/mia-makeup-elly-crush-lip-glass-01-starry-candy-lupu-blizgis-14-ml\/","og_site_name":"MalinaShop.lt J\u016bs\u0173 sveikatai ir gro\u017eiui.","article_modified_time":"2026-04-06T16:03:41+00:00","og_image":[{"width":768,"height":768,"url":"https:\/\/www.malinashop.lt\/wp-content\/uploads\/2025\/03\/MIA-MAKEUP-ELLY-CRUSH-LIP-GLASS-01-STARRY-CANDY-lupu-blizgis-14-ml.webp","type":"image\/webp"}],"twitter_card":"summary_large_image","schema":{"@context":"https:\/\/schema.org","@graph":[{"@type":"WebPage","@id":"https:\/\/www.malinashop.lt\/lt_lt\/shop\/mia-makeup-elly-crush-lip-glass-01-starry-candy-lupu-blizgis-14-ml\/","url":"https:\/\/www.malinashop.lt\/lt_lt\/shop\/mia-makeup-elly-crush-lip-glass-01-starry-candy-lupu-blizgis-14-ml\/","name":"MIA MAKEUP ELLY CRUSH LIP GLASS 01 STARRY CANDY l\u016bp\u0173 blizgis, 14 ml - MalinaShop.lt J\u016bs\u0173 sveikatai ir gro\u017eiui.","isPartOf":{"@id":"https:\/\/www.malinashop.lt\/#website"},"primaryImageOfPage":{"@id":"https:\/\/www.malinashop.lt\/lt_lt\/shop\/mia-makeup-elly-crush-lip-glass-01-starry-candy-lupu-blizgis-14-ml\/#primaryimage"},"image":{"@id":"https:\/\/www.malinashop.lt\/lt_lt\/shop\/mia-makeup-elly-crush-lip-glass-01-starry-candy-lupu-blizgis-14-ml\/#primaryimage"},"thumbnailUrl":"https:\/\/www.malinashop.lt\/wp-content\/uploads\/2025\/03\/MIA-MAKEUP-ELLY-CRUSH-LIP-GLASS-01-STARRY-CANDY-lupu-blizgis-14-ml.webp","datePublished":"2025-03-12T16:48:38+00:00","dateModified":"2026-04-06T16:03:41+00:00","description":"MIA MAKEUP JELLY CRUSH LIP GLASS 01 STARRY CANDY \u2013 ypatingai blizgus ir dr\u0117kinantis l\u016bp\u0173 blizgesys Atraskite nepriekai\u0161ting\u0105 l\u016bp\u0173 spindes\u012f su MIA MAKEUP JELLY CRUSH LIP GLASS \u2013 unikaliu l\u016bp\u0173 blizgiu, kuris suteikia intensyv\u0173 spindes\u012f ir komfort\u0105 be lipnumo poj\u016b\u010dio. MIA MAKEUP JELLY CRUSH LIP GLASS l\u016bp\u0173 blizgis su vitaminu E ir saul\u0117gr\u0105\u017e\u0173 aliejumi suteikia intensyv\u0173 spindes\u012f ir dr\u0117kinim\u0105 be lipnumo.","breadcrumb":{"@id":"https:\/\/www.malinashop.lt\/lt_lt\/shop\/mia-makeup-elly-crush-lip-glass-01-starry-candy-lupu-blizgis-14-ml\/#breadcrumb"},"inLanguage":"lt-LT","potentialAction":[{"@type":"ReadAction","target":["https:\/\/www.malinashop.lt\/lt_lt\/shop\/mia-makeup-elly-crush-lip-glass-01-starry-candy-lupu-blizgis-14-ml\/"]}]},{"@type":"ImageObject","inLanguage":"lt-LT","@id":"https:\/\/www.malinashop.lt\/lt_lt\/shop\/mia-makeup-elly-crush-lip-glass-01-starry-candy-lupu-blizgis-14-ml\/#primaryimage","url":"https:\/\/www.malinashop.lt\/wp-content\/uploads\/2025\/03\/MIA-MAKEUP-ELLY-CRUSH-LIP-GLASS-01-STARRY-CANDY-lupu-blizgis-14-ml.webp","contentUrl":"https:\/\/www.malinashop.lt\/wp-content\/uploads\/2025\/03\/MIA-MAKEUP-ELLY-CRUSH-LIP-GLASS-01-STARRY-CANDY-lupu-blizgis-14-ml.webp","width":768,"height":768},{"@type":"BreadcrumbList","@id":"https:\/\/www.malinashop.lt\/lt_lt\/shop\/mia-makeup-elly-crush-lip-glass-01-starry-candy-lupu-blizgis-14-ml\/#breadcrumb","itemListElement":[{"@type":"ListItem","position":1,"name":"Pagrindinis","item":"https:\/\/www.malinashop.lt\/"},{"@type":"ListItem","position":2,"name":"Parduotuv\u0117","item":"https:\/\/www.malinashop.lt\/en\/parduotuve\/"},{"@type":"ListItem","position":3,"name":"MIA MAKEUP ELLY CRUSH LIP GLASS 01 STARRY CANDY l\u016bp\u0173 blizgis, 14 ml"}]},{"@type":"WebSite","@id":"https:\/\/www.malinashop.lt\/#website","url":"https:\/\/www.malinashop.lt\/","name":"COM Group Ecommerce","description":"MalinaShop.lt - Gro\u017eio ir sveikatos produktai i\u0161 patikim\u0173 preki\u0173 \u017eenkl\u0173. Atraskite auk\u0161tos kokyb\u0117s kosmetik\u0105 u\u017e puiki\u0105 kain\u0105.","publisher":{"@id":"https:\/\/www.malinashop.lt\/#organization"},"potentialAction":[{"@type":"SearchAction","target":{"@type":"EntryPoint","urlTemplate":"https:\/\/www.malinashop.lt\/?s={search_term_string}"},"query-input":{"@type":"PropertyValueSpecification","valueRequired":true,"valueName":"search_term_string"}}],"inLanguage":"lt-LT"},{"@type":"Organization","@id":"https:\/\/www.malinashop.lt\/#organization","name":"COM Group Ecommerce","url":"https:\/\/www.malinashop.lt\/","logo":{"@type":"ImageObject","inLanguage":"lt-LT","@id":"https:\/\/www.malinashop.lt\/#\/schema\/logo\/image\/","url":"https:\/\/www.malinashop.lt\/wp-content\/uploads\/2024\/08\/462559670_3787732518133670_9795632669273463_n-e1731525914575.png","contentUrl":"https:\/\/www.malinashop.lt\/wp-content\/uploads\/2024\/08\/462559670_3787732518133670_9795632669273463_n-e1731525914575.png","width":180,"height":60,"caption":"COM Group Ecommerce"},"image":{"@id":"https:\/\/www.malinashop.lt\/#\/schema\/logo\/image\/"}}]}},"jetpack_sharing_enabled":true,"_links":{"self":[{"href":"https:\/\/www.malinashop.lt\/lt_lt\/wp-json\/wp\/v2\/product\/44055","targetHints":{"allow":["GET"]}}],"collection":[{"href":"https:\/\/www.malinashop.lt\/lt_lt\/wp-json\/wp\/v2\/product"}],"about":[{"href":"https:\/\/www.malinashop.lt\/lt_lt\/wp-json\/wp\/v2\/types\/product"}],"version-history":[{"count":3,"href":"https:\/\/www.malinashop.lt\/lt_lt\/wp-json\/wp\/v2\/product\/44055\/revisions"}],"predecessor-version":[{"id":76315,"href":"https:\/\/www.malinashop.lt\/lt_lt\/wp-json\/wp\/v2\/product\/44055\/revisions\/76315"}],"wp:featuredmedia":[{"embeddable":true,"href":"https:\/\/www.malinashop.lt\/lt_lt\/wp-json\/wp\/v2\/media\/44059"}],"wp:attachment":[{"href":"https:\/\/www.malinashop.lt\/lt_lt\/wp-json\/wp\/v2\/media?parent=44055"}],"wp:term":[{"taxonomy":"product_brand","embeddable":true,"href":"https:\/\/www.malinashop.lt\/lt_lt\/wp-json\/wp\/v2\/product_brand?post=44055"},{"taxonomy":"product_cat","embeddable":true,"href":"https:\/\/www.malinashop.lt\/lt_lt\/wp-json\/wp\/v2\/product_cat?post=44055"},{"taxonomy":"product_tag","embeddable":true,"href":"https:\/\/www.malinashop.lt\/lt_lt\/wp-json\/wp\/v2\/product_tag?post=44055"}],"curies":[{"name":"wp","href":"https:\/\/api.w.org\/{rel}","templated":true}]}}